{"id":4400,"date":"2021-10-12T15:51:09","date_gmt":"2021-10-12T15:51:09","guid":{"rendered":"http:\/\/dummy.xtemos.com\/woodmart2\/elementor\/?page_id=4400"},"modified":"2026-03-06T14:40:38","modified_gmt":"2026-03-06T13:40:38","slug":"o-nas","status":"publish","type":"page","link":"https:\/\/rad-pal.com.pl\/en\/o-nas\/","title":{"rendered":"O nas"},"content":{"rendered":"<div data-elementor-type=\"wp-page\" data-elementor-id=\"4400\" class=\"elementor elementor-4400\" data-elementor-post-type=\"page\">\n\t\t\t\t<div class=\"wd-negative-gap elementor-element elementor-element-4495a04b wd-section-stretch e-flex e-con-boxed e-con e-parent\" data-id=\"4495a04b\" data-element_type=\"container\" data-settings=\"{&quot;background_background&quot;:&quot;classic&quot;}\">\n\t\t\t\t\t<div class=\"e-con-inner\">\n\t\t<div class=\"elementor-element elementor-element-444eb8ac e-con-full e-flex e-con e-child\" data-id=\"444eb8ac\" data-element_type=\"container\">\n\t\t\t\t<div class=\"elementor-element elementor-element-54e1278 elementor-widget elementor-widget-image\" data-id=\"54e1278\" data-element_type=\"widget\" data-widget_type=\"image.default\">\n\t\t\t\t\t\t\t\t\t\t\t\t\t\t\t<img loading=\"lazy\" decoding=\"async\" width=\"618\" height=\"800\" src=\"https:\/\/rad-pal.com.pl\/wp-content\/themes\/woodmart\/images\/lazy.svg\" data-src=\"https:\/\/rad-pal.com.pl\/wp-content\/uploads\/2026\/02\/qw_k6x5ofrc-618x800.jpg\" class=\"attachment-large size-large wp-image-29098\" alt=\"person using white tablet computer on table\" srcset=\"\" data-srcset=\"https:\/\/rad-pal.com.pl\/wp-content\/uploads\/2026\/02\/qw_k6x5ofrc-618x800.jpg 618w, https:\/\/rad-pal.com.pl\/wp-content\/uploads\/2026\/02\/qw_k6x5ofrc-150x194.jpg 150w, https:\/\/rad-pal.com.pl\/wp-content\/uploads\/2026\/02\/qw_k6x5ofrc-600x777.jpg 600w, https:\/\/rad-pal.com.pl\/wp-content\/uploads\/2026\/02\/qw_k6x5ofrc-232x300.jpg 232w, https:\/\/rad-pal.com.pl\/wp-content\/uploads\/2026\/02\/qw_k6x5ofrc-768x994.jpg 768w, https:\/\/rad-pal.com.pl\/wp-content\/uploads\/2026\/02\/qw_k6x5ofrc.jpg 927w\" sizes=\"auto, (max-width: 618px) 100vw, 618px\" \/>\t\t\t\t\t\t\t\t\t\t\t\t\t\t\t<\/div>\n\t\t\t\t<\/div>\n\t\t<div class=\"elementor-element elementor-element-26cf9e12 e-con-full e-flex e-con e-child\" data-id=\"26cf9e12\" data-element_type=\"container\">\n\t\t\t\t<div class=\"elementor-element elementor-element-5d13ac7b wd-width-100 elementor-widget elementor-widget-wd_title\" data-id=\"5d13ac7b\" data-element_type=\"widget\" data-widget_type=\"wd_title.default\">\n\t\t\t\t<div class=\"elementor-widget-container\">\n\t\t\t\t\t\t\t<div class=\"title-wrapper wd-set-mb reset-last-child wd-title-color-primary wd-title-style-default wd-title-size-large text-left\">\n\n\t\t\t\n\t\t\t<div class=\"liner-continer\">\n\t\t\t\t<h4 class=\"woodmart-title-container title wd-fontsize-xxl\">Polska firma dostarczaj\u0105ca jako\u015bciowe produkty w dobrych cenach<\/h4> \n\t\t\t\t\t\t\t<\/div>\n\n\t\t\t\t\t<\/div>\n\t\t\t\t\t\t<\/div>\n\t\t\t\t<\/div>\n\t\t\t\t<div class=\"elementor-element elementor-element-51096ce9 elementor-widget elementor-widget-wd_text_block\" data-id=\"51096ce9\" data-element_type=\"widget\" data-widget_type=\"wd_text_block.default\">\n\t\t\t\t<div class=\"elementor-widget-container\">\n\t\t\t\t\t\t\t<div class=\"wd-text-block reset-last-child text-left\">\n\t\t\t\n\t\t\t<p>Od wygodnych mebli po klimatyczne o\u015bwietlenie \u2013 dbamy o to, by nasz asortyment by\u0142 trwa\u0142y, estetyczny i funkcjonalny. Sprawd\u017a nasz\u0105 ofert\u0119 i odmie\u0144 swoje otoczenie z produktami, na kt\u00f3rych mo\u017cesz polega\u0107.\u00a0<\/p><p>\u0141\u0105czymy wysok\u0105 jako\u015b\u0107 wykonania z cenami przyjaznymi dla portfela. Wybieraj spo\u015br\u00f3d setek produkt\u00f3w i stw\u00f3rz przestrze\u0144, w kt\u00f3rej chce si\u0119 przebywa\u0107.<\/p>\n\t\t\t\t\t<\/div>\n\t\t\t\t\t\t<\/div>\n\t\t\t\t<\/div>\n\t\t<div class=\"elementor-element elementor-element-3dbff670 e-con-full e-flex e-con e-child\" data-id=\"3dbff670\" data-element_type=\"container\">\n\t\t\t\t<div class=\"elementor-element elementor-element-2b838653 elementor-widget elementor-widget-wd_button\" data-id=\"2b838653\" data-element_type=\"widget\" data-widget_type=\"wd_button.default\">\n\t\t\t\t<div class=\"elementor-widget-container\">\n\t\t\t\t\t\t\t<div class=\"wd-button-wrapper text-center\" >\n\t\t\t<a class=\"btn btn-style-default btn-shape-rectangle btn-size-default btn-color-primary btn-icon-pos-right\"  href=\"https:\/\/rad-pal.com.pl\/en\/?page_id=841\">\n\t\t\t\t<span class=\"wd-btn-text\" data-elementor-setting-key=\"text\">\n\t\t\t\t\tZobacz produkty\t\t\t\t<\/span>\n\n\t\t\t\t\t\t\t<\/a>\n\t\t<\/div>\n\t\t\t\t\t\t<\/div>\n\t\t\t\t<\/div>\n\t\t\t\t<\/div>\n\t\t\t\t<\/div>\n\t\t\t\t\t<\/div>\n\t\t\t\t<\/div>\n\t\t\t\t<\/div>","protected":false},"excerpt":{"rendered":"<p>Polska firma dostarczaj\u0105ca jako\u015bciowe produkty w dobrych cenach Od wygodnych mebli po klimatyczne o\u015bwietlenie \u2013 dbamy o to, by nasz<\/p>","protected":false},"author":1,"featured_media":0,"parent":0,"menu_order":0,"comment_status":"closed","ping_status":"closed","template":"","meta":{"footnotes":""},"class_list":["post-4400","page","type-page","status-publish","hentry"],"yoast_head":"<!-- This site is optimized with the Yoast SEO plugin v25.7 - https:\/\/yoast.com\/wordpress\/plugins\/seo\/ -->\n<title>O nas - Rad-Pal<\/title>\n<meta name=\"description\" content=\"Rad-Pal to polska firma dostarczaj\u0105ca jako\u015bciowe produkty w dobrych cenachOd wygodnych mebli po klimatyczne o\u015bwietlenie \u2013 dbamy o to, by nasz asortyment by\u0142 trwa\u0142y, estetyczny i funkcjonalny. Sprawd\u017a nasz\u0105 ofert\u0119 i odmie\u0144 swoje otoczenie z produktami, na kt\u00f3rych mo\u017cesz polega\u0107. \u0141\u0105czymy wysok\u0105 jako\u015b\u0107 wykonania z cenami przyjaznymi dla portfela. Wybieraj spo\u015br\u00f3d setek produkt\u00f3w i stw\u00f3rz przestrze\u0144, w kt\u00f3rej chce si\u0119 przebywa\u0107.\" \/>\n<meta name=\"robots\" content=\"index, follow, max-snippet:-1, max-image-preview:large, max-video-preview:-1\" \/>\n<link rel=\"canonical\" href=\"https:\/\/rad-pal.com.pl\/en\/o-nas\/\" \/>\n<meta property=\"og:locale\" content=\"en_GB\" \/>\n<meta property=\"og:type\" content=\"article\" \/>\n<meta property=\"og:title\" content=\"Rad-Pal\" \/>\n<meta property=\"og:description\" content=\"Rad-Pal to polska firma dostarczaj\u0105ca jako\u015bciowe produkty w dobrych cenachOd wygodnych mebli po klimatyczne o\u015bwietlenie \u2013 dbamy o to, by nasz asortyment by\u0142 trwa\u0142y, estetyczny i funkcjonalny. Sprawd\u017a nasz\u0105 ofert\u0119 i odmie\u0144 swoje otoczenie z produktami, na kt\u00f3rych mo\u017cesz polega\u0107. \u0141\u0105czymy wysok\u0105 jako\u015b\u0107 wykonania z cenami przyjaznymi dla portfela. Wybieraj spo\u015br\u00f3d setek produkt\u00f3w i stw\u00f3rz przestrze\u0144, w kt\u00f3rej chce si\u0119 przebywa\u0107.\" \/>\n<meta property=\"og:url\" content=\"https:\/\/rad-pal.com.pl\/en\/o-nas\/\" \/>\n<meta property=\"og:site_name\" content=\"Rad-Pal\" \/>\n<meta property=\"article:modified_time\" content=\"2026-03-06T13:40:38+00:00\" \/>\n<meta property=\"og:image\" content=\"https:\/\/rad-pal.com.pl\/wp-content\/uploads\/2026\/02\/2c2bc72fb521deff9fa3b14c4cb8c632.jpg\" \/>\n\t<meta property=\"og:image:width\" content=\"1920\" \/>\n\t<meta property=\"og:image:height\" content=\"2560\" \/>\n\t<meta property=\"og:image:type\" content=\"image\/jpeg\" \/>\n<meta name=\"twitter:card\" content=\"summary_large_image\" \/>\n<meta name=\"twitter:label1\" content=\"Estimated reading time\" \/>\n\t<meta name=\"twitter:data1\" content=\"1 minute\" \/>\n<script type=\"application\/ld+json\" class=\"yoast-schema-graph\">{\"@context\":\"https:\/\/schema.org\",\"@graph\":[{\"@type\":\"WebPage\",\"@id\":\"https:\/\/rad-pal.com.pl\/o-nas\/\",\"url\":\"https:\/\/rad-pal.com.pl\/o-nas\/\",\"name\":\"O nas - Rad-Pal\",\"isPartOf\":{\"@id\":\"https:\/\/rad-pal.com.pl\/#website\"},\"primaryImageOfPage\":{\"@id\":\"https:\/\/rad-pal.com.pl\/o-nas\/#primaryimage\"},\"image\":{\"@id\":\"https:\/\/rad-pal.com.pl\/o-nas\/#primaryimage\"},\"thumbnailUrl\":\"https:\/\/rad-pal.com.pl\/wp-content\/uploads\/2026\/02\/qw_k6x5ofrc-618x800.jpg\",\"datePublished\":\"2021-10-12T15:51:09+00:00\",\"dateModified\":\"2026-03-06T13:40:38+00:00\",\"description\":\"Rad-Pal to polska firma dostarczaj\u0105ca jako\u015bciowe produkty w dobrych cenachOd wygodnych mebli po klimatyczne o\u015bwietlenie \u2013 dbamy o to, by nasz asortyment by\u0142 trwa\u0142y, estetyczny i funkcjonalny. Sprawd\u017a nasz\u0105 ofert\u0119 i odmie\u0144 swoje otoczenie z produktami, na kt\u00f3rych mo\u017cesz polega\u0107. \u0141\u0105czymy wysok\u0105 jako\u015b\u0107 wykonania z cenami przyjaznymi dla portfela. Wybieraj spo\u015br\u00f3d setek produkt\u00f3w i stw\u00f3rz przestrze\u0144, w kt\u00f3rej chce si\u0119 przebywa\u0107.\",\"breadcrumb\":{\"@id\":\"https:\/\/rad-pal.com.pl\/o-nas\/#breadcrumb\"},\"inLanguage\":\"en-GB\",\"potentialAction\":[{\"@type\":\"ReadAction\",\"target\":[\"https:\/\/rad-pal.com.pl\/o-nas\/\"]}]},{\"@type\":\"ImageObject\",\"inLanguage\":\"en-GB\",\"@id\":\"https:\/\/rad-pal.com.pl\/o-nas\/#primaryimage\",\"url\":\"https:\/\/rad-pal.com.pl\/wp-content\/uploads\/2026\/02\/qw_k6x5ofrc-618x800.jpg\",\"contentUrl\":\"https:\/\/rad-pal.com.pl\/wp-content\/uploads\/2026\/02\/qw_k6x5ofrc-618x800.jpg\"},{\"@type\":\"BreadcrumbList\",\"@id\":\"https:\/\/rad-pal.com.pl\/o-nas\/#breadcrumb\",\"itemListElement\":[{\"@type\":\"ListItem\",\"position\":1,\"name\":\"Strona g\u0142\u00f3wna\",\"item\":\"https:\/\/rad-pal.com.pl\/\"},{\"@type\":\"ListItem\",\"position\":2,\"name\":\"O nas\"}]},{\"@type\":\"WebSite\",\"@id\":\"https:\/\/rad-pal.com.pl\/#website\",\"url\":\"https:\/\/rad-pal.com.pl\/\",\"name\":\"Rad-Pal\",\"description\":\"\",\"publisher\":{\"@id\":\"https:\/\/rad-pal.com.pl\/#organization\"},\"potentialAction\":[{\"@type\":\"SearchAction\",\"target\":{\"@type\":\"EntryPoint\",\"urlTemplate\":\"https:\/\/rad-pal.com.pl\/?s={search_term_string}\"},\"query-input\":{\"@type\":\"PropertyValueSpecification\",\"valueRequired\":true,\"valueName\":\"search_term_string\"}}],\"inLanguage\":\"en-GB\"},{\"@type\":\"Organization\",\"@id\":\"https:\/\/rad-pal.com.pl\/#organization\",\"name\":\"Rad-Pal\",\"url\":\"https:\/\/rad-pal.com.pl\/\",\"logo\":{\"@type\":\"ImageObject\",\"inLanguage\":\"en-GB\",\"@id\":\"https:\/\/rad-pal.com.pl\/#\/schema\/logo\/image\/\",\"url\":\"https:\/\/rad-pal.com.pl\/wp-content\/uploads\/2026\/03\/Projekt-bez-nazwy-30.webp\",\"contentUrl\":\"https:\/\/rad-pal.com.pl\/wp-content\/uploads\/2026\/03\/Projekt-bez-nazwy-30.webp\",\"width\":600,\"height\":210,\"caption\":\"Rad-Pal\"},\"image\":{\"@id\":\"https:\/\/rad-pal.com.pl\/#\/schema\/logo\/image\/\"}}]}<\/script>\n<!-- \/ Yoast SEO plugin. -->","yoast_head_json":{"title":"O nas - Rad-Pal","description":"Rad-Pal to polska firma dostarczaj\u0105ca jako\u015bciowe produkty w dobrych cenachOd wygodnych mebli po klimatyczne o\u015bwietlenie \u2013 dbamy o to, by nasz asortyment by\u0142 trwa\u0142y, estetyczny i funkcjonalny. Sprawd\u017a nasz\u0105 ofert\u0119 i odmie\u0144 swoje otoczenie z produktami, na kt\u00f3rych mo\u017cesz polega\u0107. \u0141\u0105czymy wysok\u0105 jako\u015b\u0107 wykonania z cenami przyjaznymi dla portfela. Wybieraj spo\u015br\u00f3d setek produkt\u00f3w i stw\u00f3rz przestrze\u0144, w kt\u00f3rej chce si\u0119 przebywa\u0107.","robots":{"index":"index","follow":"follow","max-snippet":"max-snippet:-1","max-image-preview":"max-image-preview:large","max-video-preview":"max-video-preview:-1"},"canonical":"https:\/\/rad-pal.com.pl\/en\/o-nas\/","og_locale":"en_GB","og_type":"article","og_title":"Rad-Pal","og_description":"Rad-Pal to polska firma dostarczaj\u0105ca jako\u015bciowe produkty w dobrych cenachOd wygodnych mebli po klimatyczne o\u015bwietlenie \u2013 dbamy o to, by nasz asortyment by\u0142 trwa\u0142y, estetyczny i funkcjonalny. Sprawd\u017a nasz\u0105 ofert\u0119 i odmie\u0144 swoje otoczenie z produktami, na kt\u00f3rych mo\u017cesz polega\u0107. \u0141\u0105czymy wysok\u0105 jako\u015b\u0107 wykonania z cenami przyjaznymi dla portfela. Wybieraj spo\u015br\u00f3d setek produkt\u00f3w i stw\u00f3rz przestrze\u0144, w kt\u00f3rej chce si\u0119 przebywa\u0107.","og_url":"https:\/\/rad-pal.com.pl\/en\/o-nas\/","og_site_name":"Rad-Pal","article_modified_time":"2026-03-06T13:40:38+00:00","og_image":[{"width":1920,"height":2560,"url":"https:\/\/rad-pal.com.pl\/wp-content\/uploads\/2026\/02\/2c2bc72fb521deff9fa3b14c4cb8c632.jpg","type":"image\/jpeg"}],"twitter_card":"summary_large_image","twitter_misc":{"Estimated reading time":"1 minute"},"schema":{"@context":"https:\/\/schema.org","@graph":[{"@type":"WebPage","@id":"https:\/\/rad-pal.com.pl\/o-nas\/","url":"https:\/\/rad-pal.com.pl\/o-nas\/","name":"O nas - Rad-Pal","isPartOf":{"@id":"https:\/\/rad-pal.com.pl\/#website"},"primaryImageOfPage":{"@id":"https:\/\/rad-pal.com.pl\/o-nas\/#primaryimage"},"image":{"@id":"https:\/\/rad-pal.com.pl\/o-nas\/#primaryimage"},"thumbnailUrl":"https:\/\/rad-pal.com.pl\/wp-content\/uploads\/2026\/02\/qw_k6x5ofrc-618x800.jpg","datePublished":"2021-10-12T15:51:09+00:00","dateModified":"2026-03-06T13:40:38+00:00","description":"Rad-Pal to polska firma dostarczaj\u0105ca jako\u015bciowe produkty w dobrych cenachOd wygodnych mebli po klimatyczne o\u015bwietlenie \u2013 dbamy o to, by nasz asortyment by\u0142 trwa\u0142y, estetyczny i funkcjonalny. Sprawd\u017a nasz\u0105 ofert\u0119 i odmie\u0144 swoje otoczenie z produktami, na kt\u00f3rych mo\u017cesz polega\u0107. \u0141\u0105czymy wysok\u0105 jako\u015b\u0107 wykonania z cenami przyjaznymi dla portfela. Wybieraj spo\u015br\u00f3d setek produkt\u00f3w i stw\u00f3rz przestrze\u0144, w kt\u00f3rej chce si\u0119 przebywa\u0107.","breadcrumb":{"@id":"https:\/\/rad-pal.com.pl\/o-nas\/#breadcrumb"},"inLanguage":"en-GB","potentialAction":[{"@type":"ReadAction","target":["https:\/\/rad-pal.com.pl\/o-nas\/"]}]},{"@type":"ImageObject","inLanguage":"en-GB","@id":"https:\/\/rad-pal.com.pl\/o-nas\/#primaryimage","url":"https:\/\/rad-pal.com.pl\/wp-content\/uploads\/2026\/02\/qw_k6x5ofrc-618x800.jpg","contentUrl":"https:\/\/rad-pal.com.pl\/wp-content\/uploads\/2026\/02\/qw_k6x5ofrc-618x800.jpg"},{"@type":"BreadcrumbList","@id":"https:\/\/rad-pal.com.pl\/o-nas\/#breadcrumb","itemListElement":[{"@type":"ListItem","position":1,"name":"Strona g\u0142\u00f3wna","item":"https:\/\/rad-pal.com.pl\/"},{"@type":"ListItem","position":2,"name":"O nas"}]},{"@type":"WebSite","@id":"https:\/\/rad-pal.com.pl\/#website","url":"https:\/\/rad-pal.com.pl\/","name":"Rad-Pal","description":"","publisher":{"@id":"https:\/\/rad-pal.com.pl\/#organization"},"potentialAction":[{"@type":"SearchAction","target":{"@type":"EntryPoint","urlTemplate":"https:\/\/rad-pal.com.pl\/?s={search_term_string}"},"query-input":{"@type":"PropertyValueSpecification","valueRequired":true,"valueName":"search_term_string"}}],"inLanguage":"en-GB"},{"@type":"Organization","@id":"https:\/\/rad-pal.com.pl\/#organization","name":"Rad-Pal","url":"https:\/\/rad-pal.com.pl\/","logo":{"@type":"ImageObject","inLanguage":"en-GB","@id":"https:\/\/rad-pal.com.pl\/#\/schema\/logo\/image\/","url":"https:\/\/rad-pal.com.pl\/wp-content\/uploads\/2026\/03\/Projekt-bez-nazwy-30.webp","contentUrl":"https:\/\/rad-pal.com.pl\/wp-content\/uploads\/2026\/03\/Projekt-bez-nazwy-30.webp","width":600,"height":210,"caption":"Rad-Pal"},"image":{"@id":"https:\/\/rad-pal.com.pl\/#\/schema\/logo\/image\/"}}]}},"_links":{"self":[{"href":"https:\/\/rad-pal.com.pl\/en\/wp-json\/wp\/v2\/pages\/4400","targetHints":{"allow":["GET"]}}],"collection":[{"href":"https:\/\/rad-pal.com.pl\/en\/wp-json\/wp\/v2\/pages"}],"about":[{"href":"https:\/\/rad-pal.com.pl\/en\/wp-json\/wp\/v2\/types\/page"}],"author":[{"embeddable":true,"href":"https:\/\/rad-pal.com.pl\/en\/wp-json\/wp\/v2\/users\/1"}],"replies":[{"embeddable":true,"href":"https:\/\/rad-pal.com.pl\/en\/wp-json\/wp\/v2\/comments?post=4400"}],"version-history":[{"count":1,"href":"https:\/\/rad-pal.com.pl\/en\/wp-json\/wp\/v2\/pages\/4400\/revisions"}],"predecessor-version":[{"id":37957,"href":"https:\/\/rad-pal.com.pl\/en\/wp-json\/wp\/v2\/pages\/4400\/revisions\/37957"}],"wp:attachment":[{"href":"https:\/\/rad-pal.com.pl\/en\/wp-json\/wp\/v2\/media?parent=4400"}],"curies":[{"name":"wp","href":"https:\/\/api.w.org\/{rel}","templated":true}]}}