{"id":4439,"date":"2021-10-12T16:27:24","date_gmt":"2021-10-12T16:27:24","guid":{"rendered":"http:\/\/dummy.xtemos.com\/woodmart2\/elementor\/?page_id=4439"},"modified":"2026-03-06T14:40:21","modified_gmt":"2026-03-06T13:40:21","slug":"kontakt","status":"publish","type":"page","link":"https:\/\/rad-pal.com.pl\/en\/kontakt\/","title":{"rendered":"Kontakt"},"content":{"rendered":"<div data-elementor-type=\"wp-page\" data-elementor-id=\"4439\" class=\"elementor elementor-4439\" data-elementor-post-type=\"page\">\n\t\t\t\t<div class=\"wd-negative-gap elementor-element elementor-element-cb322d0 e-flex e-con-boxed e-con e-parent\" data-id=\"cb322d0\" data-element_type=\"container\">\n\t\t\t\t\t<div class=\"e-con-inner\">\n\t\t<div class=\"elementor-element elementor-element-1f0abe4 e-con-full e-flex e-con e-child\" data-id=\"1f0abe4\" data-element_type=\"container\">\n\t\t\t\t<div class=\"elementor-element elementor-element-071523a wd-width-100 elementor-widget elementor-widget-wd_title\" data-id=\"071523a\" data-element_type=\"widget\" data-widget_type=\"wd_title.default\">\n\t\t\t\t<div class=\"elementor-widget-container\">\n\t\t\t\t\t\t\t<div class=\"title-wrapper wd-set-mb reset-last-child wd-title-color-default wd-title-style-default wd-title-size-default text-left\">\n\n\t\t\t\t\t\t\t\t\t\t\t<div class=\"title-subtitle subtitle-color-default subtitle-style-default wd-fontsize-xs\">\n\t\t\t\t\tInformacje\t\t\t\t<\/div>\n\t\t\t\n\t\t\t<div class=\"liner-continer\">\n\t\t\t\t<h4 class=\"woodmart-title-container title wd-fontsize-l\">Najcze\u015bciej zadawane pytania<\/h4> \n\t\t\t\t\t\t\t<\/div>\n\n\t\t\t\t\t<\/div>\n\t\t\t\t\t\t<\/div>\n\t\t\t\t<\/div>\n\t\t\t\t<div class=\"elementor-element elementor-element-2a7c1c6 elementor-widget elementor-widget-wd_accordion\" data-id=\"2a7c1c6\" data-element_type=\"widget\" data-widget_type=\"wd_accordion.default\">\n\t\t\t\t<div class=\"elementor-widget-container\">\n\t\t\t\t\t\n\t\t<div class=\"wd-accordion wd-style-default wd-titles-left wd-opener-pos-right wd-opener-style-arrow\" data-state=\"first\">\n\t\t\t\t\t\t\t\n\t\t\t\t<div class=\"wd-accordion-item\">\n\t\t\t\t\t<div class=\"wd-accordion-title wd-role-btn wd-active\" data-accordion-index=\"0\" tabindex=\"0\">\n\t\t\t\t\t\t<div class=\"wd-accordion-title-text\">\n\t\t\t\t\t\t\t\t\t\t\t\t\t\t<span>\n\t\t\t\t\t\t\t\tCzy otrzymam dok\u0142adnie ten sam produkt, kt\u00f3ry widz\u0119 na zdj\u0119ciu?\t\t\t\t\t\t\t<\/span>\n\t\t\t\t\t\t<\/div>\n\t\t\t\t\t\t<span class=\"wd-accordion-opener\"><\/span>\n\t\t\t\t\t<\/div>\n\n\t\t\t\t\t<div class=\"wd-accordion-content wd-entry-content wd-active\" data-accordion-index=\"0\">\n\t\t\t\t\t\t\t\t\t\t\t\t\t\n\t\t\t\t\t\t\t<p data-path-to-node=\"4\">Dok\u0142adamy wszelkich stara\u0144, aby zdj\u0119cia jak najwierniej oddawa\u0142y rzeczywisty wygl\u0105d produkt\u00f3w. Pami\u0119taj jednak, \u017ce ze wzgl\u0119du na indywidualne ustawienia monitora lub wy\u015bwietlacza w telefonie, kolory mog\u0105 nieznacznie odbiega\u0107 od orygina\u0142u.<\/p>\n\t\t\t\t\t\t\t\t\t\t\t\t\t\t\t\t\t\t<\/div>\n\t\t\t\t<\/div>\n\t\t\t\t\t\t\t\n\t\t\t\t<div class=\"wd-accordion-item\">\n\t\t\t\t\t<div class=\"wd-accordion-title wd-role-btn\" data-accordion-index=\"1\" tabindex=\"0\">\n\t\t\t\t\t\t<div class=\"wd-accordion-title-text\">\n\t\t\t\t\t\t\t\t\t\t\t\t\t\t<span>\n\t\t\t\t\t\t\t\tW jaki spos\u00f3b mog\u0119 dokona\u0107 zwrotu produktu?\t\t\t\t\t\t\t<\/span>\n\t\t\t\t\t\t<\/div>\n\t\t\t\t\t\t<span class=\"wd-accordion-opener\"><\/span>\n\t\t\t\t\t<\/div>\n\n\t\t\t\t\t<div class=\"wd-accordion-content wd-entry-content\" data-accordion-index=\"1\">\n\t\t\t\t\t\t\t\t\t\t\t\t\t\n\t\t\t\t\t\t\t<p>Masz 14 dni na odst\u0105pienie od umowy bez podania przyczyny. Aby dokona\u0107 zwrotu, wype\u0142nij formularz dost\u0119pny w zak\u0142adce \u201eRegulamin\u201d, a nast\u0119pnie ode\u015blij produkt na adres naszego magazynu. \u015arodki zwr\u00f3cimy Ci w ci\u0105gu kilku dni roboczych.<\/p>\n\t\t\t\t\t\t\t\t\t\t\t\t\t\t\t\t\t\t<\/div>\n\t\t\t\t<\/div>\n\t\t\t\t\t\t\t\n\t\t\t\t<div class=\"wd-accordion-item\">\n\t\t\t\t\t<div class=\"wd-accordion-title wd-role-btn\" data-accordion-index=\"2\" tabindex=\"0\">\n\t\t\t\t\t\t<div class=\"wd-accordion-title-text\">\n\t\t\t\t\t\t\t\t\t\t\t\t\t\t<span>\n\t\t\t\t\t\t\t\tGdzie mo\u017cecie wys\u0142a\u0107 moje zam\u00f3wienie?\t\t\t\t\t\t\t<\/span>\n\t\t\t\t\t\t<\/div>\n\t\t\t\t\t\t<span class=\"wd-accordion-opener\"><\/span>\n\t\t\t\t\t<\/div>\n\n\t\t\t\t\t<div class=\"wd-accordion-content wd-entry-content\" data-accordion-index=\"2\">\n\t\t\t\t\t\t\t\t\t\t\t\t\t\n\t\t\t\t\t\t\t<p>Zam\u00f3wienia wysy\u0142amy na terenie ca\u0142ej Polski za po\u015brednictwem firm kurierskich oraz do Paczkomat\u00f3w InPost. Oferujemy r\u00f3wnie\u017c wysy\u0142k\u0119 zagraniczn\u0105 do wybranych kraj\u00f3w Unii Europejskiej \u2013 szczeg\u00f3\u0142ow\u0105 list\u0119 i cennik znajdziesz w koszyku podczas sk\u0142adania zam\u00f3wienia.<\/p>\n\t\t\t\t\t\t\t\t\t\t\t\t\t\t\t\t\t\t<\/div>\n\t\t\t\t<\/div>\n\t\t\t\t\t<\/div>\n\t\t\t\t\t\t<\/div>\n\t\t\t\t<\/div>\n\t\t\t\t<\/div>\n\t\t<div class=\"elementor-element elementor-element-789122a e-con-full e-flex e-con e-child\" data-id=\"789122a\" data-element_type=\"container\">\n\t\t\t\t<div class=\"elementor-element elementor-element-775ddc4 wd-width-100 elementor-widget elementor-widget-wd_title\" data-id=\"775ddc4\" data-element_type=\"widget\" data-widget_type=\"wd_title.default\">\n\t\t\t\t<div class=\"elementor-widget-container\">\n\t\t\t\t\t\t\t<div class=\"title-wrapper wd-set-mb reset-last-child wd-title-color-default wd-title-style-default wd-title-size-default text-left\">\n\n\t\t\t\t\t\t\t\t\t\t\t<div class=\"title-subtitle subtitle-color-default subtitle-style-default wd-fontsize-xs\">\n\t\t\t\t\tFormularz kontaktowy\t\t\t\t<\/div>\n\t\t\t\n\t\t\t<div class=\"liner-continer\">\n\t\t\t\t<h4 class=\"woodmart-title-container title wd-fontsize-l\">Skontaktuj si\u0119<\/h4> \n\t\t\t\t\t\t\t<\/div>\n\n\t\t\t\t\t<\/div>\n\t\t\t\t\t\t<\/div>\n\t\t\t\t<\/div>\n\t\t\t\t<div class=\"elementor-element elementor-element-8676b8d eael-wpforms-labels-yes eael-wpforms-form-button-custom elementor-widget elementor-widget-eael-wpforms\" data-id=\"8676b8d\" data-element_type=\"widget\" data-widget_type=\"eael-wpforms.default\">\n\t\t\t\t\t            <div class=\"eael-contact-form eael-wpforms eael-wpforms-align-default\">\n                                <div class=\"wpforms-container wpforms-container-full wpforms-render-modern\" id=\"wpforms-29123\"><form id=\"wpforms-form-29123\" class=\"wpforms-validate wpforms-form wpforms-ajax-form\" data-formid=\"29123\" method=\"post\" enctype=\"multipart\/form-data\" action=\"\/en\/wp-json\/wp\/v2\/pages\/4439\" data-token=\"47828b740e611cb15e8bf838b02dafa5\" data-token-time=\"1777549768\" data-trp-original-action=\"\/en\/wp-json\/wp\/v2\/pages\/4439\"><div class=\"wpforms-head-container\"><\/div><noscript class=\"wpforms-error-noscript\">Please enable JavaScript in your browser to complete this form.<\/noscript><div id=\"wpforms-error-noscript\" style=\"display: none;\">Please enable JavaScript in your browser to complete this form.<\/div><div class=\"wpforms-field-container\"><div id=\"wpforms-29123-field_1-container\" class=\"wpforms-field wpforms-field-name\" data-field-id=\"1\"><fieldset><legend class=\"wpforms-field-label\">Imi\u0119 i nazwisko <span class=\"wpforms-required-label\" aria-hidden=\"true\">*<\/span><\/legend><div class=\"wpforms-field-row wpforms-field-large\"><div class=\"wpforms-field-row-block wpforms-first wpforms-one-half\"><input type=\"text\" id=\"wpforms-29123-field_1\" class=\"wpforms-field-name-first wpforms-field-required\" name=\"wpforms[fields][1][first]\" aria-errormessage=\"wpforms-29123-field_1-error\" required><label for=\"wpforms-29123-field_1\" class=\"wpforms-field-sublabel after wpforms-sublabel-hide\">First<\/label><\/div><div class=\"wpforms-field-row-block wpforms-one-half\"><input type=\"text\" id=\"wpforms-29123-field_1-last\" class=\"wpforms-field-name-last wpforms-field-required\" name=\"wpforms[fields][1][last]\" aria-errormessage=\"wpforms-29123-field_1-last-error\" required><label for=\"wpforms-29123-field_1-last\" class=\"wpforms-field-sublabel after wpforms-sublabel-hide\">Last<\/label><\/div><\/div><\/fieldset><\/div><div id=\"wpforms-29123-field_2-container\" class=\"wpforms-field wpforms-field-email\" data-field-id=\"2\"><label class=\"wpforms-field-label\" for=\"wpforms-29123-field_2\">Adres e-mail <span class=\"wpforms-required-label\" aria-hidden=\"true\">*<\/span><\/label><input type=\"email\" id=\"wpforms-29123-field_2\" class=\"wpforms-field-large wpforms-field-required\" name=\"wpforms[fields][2]\" spellcheck=\"false\" aria-errormessage=\"wpforms-29123-field_2-error\" required><\/div>\t\t<div id=\"wpforms-29123-field_4-container\"\n\t\t\tclass=\"wpforms-field wpforms-field-text\"\n\t\t\tdata-field-type=\"text\"\n\t\t\tdata-field-id=\"4\"\n\t\t\t>\n\t\t\t<label class=\"wpforms-field-label\" for=\"wpforms-29123-field_4\" >i e-mail Wiadomo\u015b\u0107<\/label>\n\t\t\t<input type=\"text\" id=\"wpforms-29123-field_4\" class=\"wpforms-field-medium\" name=\"wpforms[fields][4]\" >\n\t\t<\/div>\n\t\t<div id=\"wpforms-29123-field_3-container\" class=\"wpforms-field wpforms-field-textarea\" data-field-id=\"3\"><label class=\"wpforms-field-label\" for=\"wpforms-29123-field_3\">Wiadomo\u015b\u0107<\/label><textarea id=\"wpforms-29123-field_3\" class=\"wpforms-field-medium\" name=\"wpforms[fields][3]\" aria-errormessage=\"wpforms-29123-field_3-error\" ><\/textarea><\/div><script>\n\t\t\t\t( function() {\n\t\t\t\t\tconst style = document.createElement( 'style' );\n\t\t\t\t\tstyle.appendChild( document.createTextNode( '#wpforms-29123-field_4-container { position: absolute !important; overflow: hidden !important; display: inline !important; height: 1px !important; width: 1px !important; z-index: -1000 !important; padding: 0 !important; } #wpforms-29123-field_4-container input { visibility: hidden; } #wpforms-conversational-form-page #wpforms-29123-field_4-container label { counter-increment: none; }' ) );\n\t\t\t\t\tdocument.head.appendChild( style );\n\t\t\t\t\tdocument.currentScript?.remove();\n\t\t\t\t} )();\n\t\t\t<\/script><\/div><!-- .wpforms-field-container --><div class=\"wpforms-submit-container\" ><input type=\"hidden\" name=\"wpforms[id]\" value=\"29123\"><input type=\"hidden\" name=\"page_title\" value=\"\"><input type=\"hidden\" name=\"page_url\" value=\"https:\/\/rad-pal.com.pl\/en\/wp-json\/wp\/v2\/pages\/4439\"><input type=\"hidden\" name=\"url_referer\" value=\"\"><button type=\"submit\" name=\"wpforms[submit]\" id=\"wpforms-submit-29123\" class=\"wpforms-submit\" data-alt-text=\"Wysy\u0142anie...\" data-submit-text=\"Prze\u015blij\" aria-live=\"assertive\" value=\"wpforms-submit\">Prze\u015blij<\/button><img loading=\"lazy\" decoding=\"async\" src=\"https:\/\/rad-pal.com.pl\/wp-content\/plugins\/wpforms\/assets\/images\/submit-spin.svg\" class=\"wpforms-submit-spinner\" style=\"display: none;\" width=\"26\" height=\"26\" alt=\"Loading\"><\/div><input type=\"hidden\" name=\"trp-form-language\" value=\"en\"\/><\/form><\/div>  <!-- .wpforms-container -->            <\/div>\n\t\t\t\t<\/div>\n\t\t\t\t<\/div>\n\t\t\t\t\t<\/div>\n\t\t\t\t<\/div>\n\t\t\t\t<\/div>","protected":false},"excerpt":{"rendered":"<p>Informacje Najcze\u015bciej zadawane pytania Czy otrzymam dok\u0142adnie ten sam produkt, kt\u00f3ry widz\u0119 na zdj\u0119ciu? Dok\u0142adamy wszelkich stara\u0144, aby zdj\u0119cia jak<\/p>","protected":false},"author":1,"featured_media":0,"parent":0,"menu_order":0,"comment_status":"closed","ping_status":"closed","template":"","meta":{"footnotes":""},"class_list":["post-4439","page","type-page","status-publish","hentry"],"yoast_head":"<!-- This site is optimized with the Yoast SEO plugin v25.7 - https:\/\/yoast.com\/wordpress\/plugins\/seo\/ -->\n<title>Kontakt - Rad-Pal<\/title>\n<meta name=\"description\" content=\"Rad-Pal to polska firma dostarczaj\u0105ca jako\u015bciowe produkty w dobrych cenachOd wygodnych mebli po klimatyczne o\u015bwietlenie \u2013 dbamy o to, by nasz asortyment by\u0142 trwa\u0142y, estetyczny i funkcjonalny. Sprawd\u017a nasz\u0105 ofert\u0119 i odmie\u0144 swoje otoczenie z produktami, na kt\u00f3rych mo\u017cesz polega\u0107. \u0141\u0105czymy wysok\u0105 jako\u015b\u0107 wykonania z cenami przyjaznymi dla portfela. Wybieraj spo\u015br\u00f3d setek produkt\u00f3w i stw\u00f3rz przestrze\u0144, w kt\u00f3rej chce si\u0119 przebywa\u0107.\" \/>\n<meta name=\"robots\" content=\"index, follow, max-snippet:-1, max-image-preview:large, max-video-preview:-1\" \/>\n<link rel=\"canonical\" href=\"https:\/\/rad-pal.com.pl\/en\/kontakt\/\" \/>\n<meta property=\"og:locale\" content=\"en_GB\" \/>\n<meta property=\"og:type\" content=\"article\" \/>\n<meta property=\"og:title\" content=\"Rad-Pal\" \/>\n<meta property=\"og:description\" content=\"Rad-Pal to polska firma dostarczaj\u0105ca jako\u015bciowe produkty w dobrych cenachOd wygodnych mebli po klimatyczne o\u015bwietlenie \u2013 dbamy o to, by nasz asortyment by\u0142 trwa\u0142y, estetyczny i funkcjonalny. Sprawd\u017a nasz\u0105 ofert\u0119 i odmie\u0144 swoje otoczenie z produktami, na kt\u00f3rych mo\u017cesz polega\u0107. \u0141\u0105czymy wysok\u0105 jako\u015b\u0107 wykonania z cenami przyjaznymi dla portfela. Wybieraj spo\u015br\u00f3d setek produkt\u00f3w i stw\u00f3rz przestrze\u0144, w kt\u00f3rej chce si\u0119 przebywa\u0107.\" \/>\n<meta property=\"og:url\" content=\"https:\/\/rad-pal.com.pl\/en\/kontakt\/\" \/>\n<meta property=\"og:site_name\" content=\"Rad-Pal\" \/>\n<meta property=\"article:modified_time\" content=\"2026-03-06T13:40:21+00:00\" \/>\n<meta property=\"og:image\" content=\"https:\/\/rad-pal.com.pl\/wp-content\/uploads\/2026\/02\/2c2bc72fb521deff9fa3b14c4cb8c632.jpg\" \/>\n\t<meta property=\"og:image:width\" content=\"1920\" \/>\n\t<meta property=\"og:image:height\" content=\"2560\" \/>\n\t<meta property=\"og:image:type\" content=\"image\/jpeg\" \/>\n<meta name=\"twitter:card\" content=\"summary_large_image\" \/>\n<meta name=\"twitter:label1\" content=\"Estimated reading time\" \/>\n\t<meta name=\"twitter:data1\" content=\"1 minute\" \/>\n<script type=\"application\/ld+json\" class=\"yoast-schema-graph\">{\"@context\":\"https:\/\/schema.org\",\"@graph\":[{\"@type\":\"WebPage\",\"@id\":\"https:\/\/rad-pal.com.pl\/kontakt\/\",\"url\":\"https:\/\/rad-pal.com.pl\/kontakt\/\",\"name\":\"Kontakt - Rad-Pal\",\"isPartOf\":{\"@id\":\"https:\/\/rad-pal.com.pl\/#website\"},\"primaryImageOfPage\":{\"@id\":\"https:\/\/rad-pal.com.pl\/kontakt\/#primaryimage\"},\"image\":{\"@id\":\"https:\/\/rad-pal.com.pl\/kontakt\/#primaryimage\"},\"thumbnailUrl\":\"https:\/\/rad-pal.com.pl\/wp-content\/plugins\/wpforms\/assets\/images\/submit-spin.svg\",\"datePublished\":\"2021-10-12T16:27:24+00:00\",\"dateModified\":\"2026-03-06T13:40:21+00:00\",\"description\":\"Rad-Pal to polska firma dostarczaj\u0105ca jako\u015bciowe produkty w dobrych cenachOd wygodnych mebli po klimatyczne o\u015bwietlenie \u2013 dbamy o to, by nasz asortyment by\u0142 trwa\u0142y, estetyczny i funkcjonalny. Sprawd\u017a nasz\u0105 ofert\u0119 i odmie\u0144 swoje otoczenie z produktami, na kt\u00f3rych mo\u017cesz polega\u0107. \u0141\u0105czymy wysok\u0105 jako\u015b\u0107 wykonania z cenami przyjaznymi dla portfela. Wybieraj spo\u015br\u00f3d setek produkt\u00f3w i stw\u00f3rz przestrze\u0144, w kt\u00f3rej chce si\u0119 przebywa\u0107.\",\"breadcrumb\":{\"@id\":\"https:\/\/rad-pal.com.pl\/kontakt\/#breadcrumb\"},\"inLanguage\":\"en-GB\",\"potentialAction\":[{\"@type\":\"ReadAction\",\"target\":[\"https:\/\/rad-pal.com.pl\/kontakt\/\"]}]},{\"@type\":\"ImageObject\",\"inLanguage\":\"en-GB\",\"@id\":\"https:\/\/rad-pal.com.pl\/kontakt\/#primaryimage\",\"url\":\"https:\/\/rad-pal.com.pl\/wp-content\/plugins\/wpforms\/assets\/images\/submit-spin.svg\",\"contentUrl\":\"https:\/\/rad-pal.com.pl\/wp-content\/plugins\/wpforms\/assets\/images\/submit-spin.svg\"},{\"@type\":\"BreadcrumbList\",\"@id\":\"https:\/\/rad-pal.com.pl\/kontakt\/#breadcrumb\",\"itemListElement\":[{\"@type\":\"ListItem\",\"position\":1,\"name\":\"Strona g\u0142\u00f3wna\",\"item\":\"https:\/\/rad-pal.com.pl\/\"},{\"@type\":\"ListItem\",\"position\":2,\"name\":\"Kontakt\"}]},{\"@type\":\"WebSite\",\"@id\":\"https:\/\/rad-pal.com.pl\/#website\",\"url\":\"https:\/\/rad-pal.com.pl\/\",\"name\":\"Rad-Pal\",\"description\":\"\",\"publisher\":{\"@id\":\"https:\/\/rad-pal.com.pl\/#organization\"},\"potentialAction\":[{\"@type\":\"SearchAction\",\"target\":{\"@type\":\"EntryPoint\",\"urlTemplate\":\"https:\/\/rad-pal.com.pl\/?s={search_term_string}\"},\"query-input\":{\"@type\":\"PropertyValueSpecification\",\"valueRequired\":true,\"valueName\":\"search_term_string\"}}],\"inLanguage\":\"en-GB\"},{\"@type\":\"Organization\",\"@id\":\"https:\/\/rad-pal.com.pl\/#organization\",\"name\":\"Rad-Pal\",\"url\":\"https:\/\/rad-pal.com.pl\/\",\"logo\":{\"@type\":\"ImageObject\",\"inLanguage\":\"en-GB\",\"@id\":\"https:\/\/rad-pal.com.pl\/#\/schema\/logo\/image\/\",\"url\":\"https:\/\/rad-pal.com.pl\/wp-content\/uploads\/2026\/03\/Projekt-bez-nazwy-30.webp\",\"contentUrl\":\"https:\/\/rad-pal.com.pl\/wp-content\/uploads\/2026\/03\/Projekt-bez-nazwy-30.webp\",\"width\":600,\"height\":210,\"caption\":\"Rad-Pal\"},\"image\":{\"@id\":\"https:\/\/rad-pal.com.pl\/#\/schema\/logo\/image\/\"}}]}<\/script>\n<!-- \/ Yoast SEO plugin. -->","yoast_head_json":{"title":"Kontakt - Rad-Pal","description":"Rad-Pal to polska firma dostarczaj\u0105ca jako\u015bciowe produkty w dobrych cenachOd wygodnych mebli po klimatyczne o\u015bwietlenie \u2013 dbamy o to, by nasz asortyment by\u0142 trwa\u0142y, estetyczny i funkcjonalny. Sprawd\u017a nasz\u0105 ofert\u0119 i odmie\u0144 swoje otoczenie z produktami, na kt\u00f3rych mo\u017cesz polega\u0107. \u0141\u0105czymy wysok\u0105 jako\u015b\u0107 wykonania z cenami przyjaznymi dla portfela. Wybieraj spo\u015br\u00f3d setek produkt\u00f3w i stw\u00f3rz przestrze\u0144, w kt\u00f3rej chce si\u0119 przebywa\u0107.","robots":{"index":"index","follow":"follow","max-snippet":"max-snippet:-1","max-image-preview":"max-image-preview:large","max-video-preview":"max-video-preview:-1"},"canonical":"https:\/\/rad-pal.com.pl\/en\/kontakt\/","og_locale":"en_GB","og_type":"article","og_title":"Rad-Pal","og_description":"Rad-Pal to polska firma dostarczaj\u0105ca jako\u015bciowe produkty w dobrych cenachOd wygodnych mebli po klimatyczne o\u015bwietlenie \u2013 dbamy o to, by nasz asortyment by\u0142 trwa\u0142y, estetyczny i funkcjonalny. Sprawd\u017a nasz\u0105 ofert\u0119 i odmie\u0144 swoje otoczenie z produktami, na kt\u00f3rych mo\u017cesz polega\u0107. \u0141\u0105czymy wysok\u0105 jako\u015b\u0107 wykonania z cenami przyjaznymi dla portfela. Wybieraj spo\u015br\u00f3d setek produkt\u00f3w i stw\u00f3rz przestrze\u0144, w kt\u00f3rej chce si\u0119 przebywa\u0107.","og_url":"https:\/\/rad-pal.com.pl\/en\/kontakt\/","og_site_name":"Rad-Pal","article_modified_time":"2026-03-06T13:40:21+00:00","og_image":[{"width":1920,"height":2560,"url":"https:\/\/rad-pal.com.pl\/wp-content\/uploads\/2026\/02\/2c2bc72fb521deff9fa3b14c4cb8c632.jpg","type":"image\/jpeg"}],"twitter_card":"summary_large_image","twitter_misc":{"Estimated reading time":"1 minute"},"schema":{"@context":"https:\/\/schema.org","@graph":[{"@type":"WebPage","@id":"https:\/\/rad-pal.com.pl\/kontakt\/","url":"https:\/\/rad-pal.com.pl\/kontakt\/","name":"Kontakt - Rad-Pal","isPartOf":{"@id":"https:\/\/rad-pal.com.pl\/#website"},"primaryImageOfPage":{"@id":"https:\/\/rad-pal.com.pl\/kontakt\/#primaryimage"},"image":{"@id":"https:\/\/rad-pal.com.pl\/kontakt\/#primaryimage"},"thumbnailUrl":"https:\/\/rad-pal.com.pl\/wp-content\/plugins\/wpforms\/assets\/images\/submit-spin.svg","datePublished":"2021-10-12T16:27:24+00:00","dateModified":"2026-03-06T13:40:21+00:00","description":"Rad-Pal to polska firma dostarczaj\u0105ca jako\u015bciowe produkty w dobrych cenachOd wygodnych mebli po klimatyczne o\u015bwietlenie \u2013 dbamy o to, by nasz asortyment by\u0142 trwa\u0142y, estetyczny i funkcjonalny. Sprawd\u017a nasz\u0105 ofert\u0119 i odmie\u0144 swoje otoczenie z produktami, na kt\u00f3rych mo\u017cesz polega\u0107. \u0141\u0105czymy wysok\u0105 jako\u015b\u0107 wykonania z cenami przyjaznymi dla portfela. Wybieraj spo\u015br\u00f3d setek produkt\u00f3w i stw\u00f3rz przestrze\u0144, w kt\u00f3rej chce si\u0119 przebywa\u0107.","breadcrumb":{"@id":"https:\/\/rad-pal.com.pl\/kontakt\/#breadcrumb"},"inLanguage":"en-GB","potentialAction":[{"@type":"ReadAction","target":["https:\/\/rad-pal.com.pl\/kontakt\/"]}]},{"@type":"ImageObject","inLanguage":"en-GB","@id":"https:\/\/rad-pal.com.pl\/kontakt\/#primaryimage","url":"https:\/\/rad-pal.com.pl\/wp-content\/plugins\/wpforms\/assets\/images\/submit-spin.svg","contentUrl":"https:\/\/rad-pal.com.pl\/wp-content\/plugins\/wpforms\/assets\/images\/submit-spin.svg"},{"@type":"BreadcrumbList","@id":"https:\/\/rad-pal.com.pl\/kontakt\/#breadcrumb","itemListElement":[{"@type":"ListItem","position":1,"name":"Strona g\u0142\u00f3wna","item":"https:\/\/rad-pal.com.pl\/"},{"@type":"ListItem","position":2,"name":"Kontakt"}]},{"@type":"WebSite","@id":"https:\/\/rad-pal.com.pl\/#website","url":"https:\/\/rad-pal.com.pl\/","name":"Rad-Pal","description":"","publisher":{"@id":"https:\/\/rad-pal.com.pl\/#organization"},"potentialAction":[{"@type":"SearchAction","target":{"@type":"EntryPoint","urlTemplate":"https:\/\/rad-pal.com.pl\/?s={search_term_string}"},"query-input":{"@type":"PropertyValueSpecification","valueRequired":true,"valueName":"search_term_string"}}],"inLanguage":"en-GB"},{"@type":"Organization","@id":"https:\/\/rad-pal.com.pl\/#organization","name":"Rad-Pal","url":"https:\/\/rad-pal.com.pl\/","logo":{"@type":"ImageObject","inLanguage":"en-GB","@id":"https:\/\/rad-pal.com.pl\/#\/schema\/logo\/image\/","url":"https:\/\/rad-pal.com.pl\/wp-content\/uploads\/2026\/03\/Projekt-bez-nazwy-30.webp","contentUrl":"https:\/\/rad-pal.com.pl\/wp-content\/uploads\/2026\/03\/Projekt-bez-nazwy-30.webp","width":600,"height":210,"caption":"Rad-Pal"},"image":{"@id":"https:\/\/rad-pal.com.pl\/#\/schema\/logo\/image\/"}}]}},"_links":{"self":[{"href":"https:\/\/rad-pal.com.pl\/en\/wp-json\/wp\/v2\/pages\/4439","targetHints":{"allow":["GET"]}}],"collection":[{"href":"https:\/\/rad-pal.com.pl\/en\/wp-json\/wp\/v2\/pages"}],"about":[{"href":"https:\/\/rad-pal.com.pl\/en\/wp-json\/wp\/v2\/types\/page"}],"author":[{"embeddable":true,"href":"https:\/\/rad-pal.com.pl\/en\/wp-json\/wp\/v2\/users\/1"}],"replies":[{"embeddable":true,"href":"https:\/\/rad-pal.com.pl\/en\/wp-json\/wp\/v2\/comments?post=4439"}],"version-history":[{"count":3,"href":"https:\/\/rad-pal.com.pl\/en\/wp-json\/wp\/v2\/pages\/4439\/revisions"}],"predecessor-version":[{"id":37953,"href":"https:\/\/rad-pal.com.pl\/en\/wp-json\/wp\/v2\/pages\/4439\/revisions\/37953"}],"wp:attachment":[{"href":"https:\/\/rad-pal.com.pl\/en\/wp-json\/wp\/v2\/media?parent=4439"}],"curies":[{"name":"wp","href":"https:\/\/api.w.org\/{rel}","templated":true}]}}