{"id":29212,"date":"2026-02-19T13:08:22","date_gmt":"2026-02-19T12:08:22","guid":{"rendered":"https:\/\/rad-pal.com.pl\/sklep\/bez-kategorii\/wycieraczka-gotowa-gumowa-kokosowa-na-zewnatrz-45-x-75-cm\/"},"modified":"2026-02-19T13:28:37","modified_gmt":"2026-02-19T12:28:37","slug":"wycieraczka-gotowa-gumowa-kokosowa-na-zewnatrz-45-x-75-cm","status":"publish","type":"product","link":"https:\/\/rad-pal.com.pl\/en\/sklep\/dom-i-ogrod\/wyposazenie\/dywany-i-wykladziny\/wycieraczki\/wycieraczka-gotowa-gumowa-kokosowa-na-zewnatrz-45-x-75-cm\/","title":{"rendered":"Wycieraczka gotowa gumowa, kokosowa na zewn\u0105trz 45 x 75 cm"},"content":{"rendered":"<section class=\"section\">\n<div class=\"item item-12\">\n<section class=\"text-item\">\n<h1>DU\u017bA WYCIERACZKA MATA 75&#215;45 W\u0141\u00d3KNA BAMBUSOWE GUMA<\/h1>\n<\/section><\/div>\n<\/section>\n<section class=\"section\">\n<div class=\"item item-6\">\n<section class=\"image-item\"><img decoding=\"async\" src=\"https:\/\/upload.cdn.baselinker.com\/products\/6014502\/e8c2f49d16546feafa27dfee0e21e61c.jpg\" \/><\/section>\n<\/p><\/div>\n<div class=\"item item-6\">\n<section class=\"text-item\">\n<p>Du\u017ca wycieraczka jest idealna dla du\u017cych rodzin oraz firm &#8211; przy wymiarach 75 x 45 cm wszyscy maj\u0105 miejsce do wycierania st\u00f3p: Dzi\u0119ki temu korytarz jest czysty:)<\/p>\n<p>Przyjazne dla \u015brodowiska w\u0142\u00f3kna kokosowe sprawiaj\u0105, \u017ce wycieraczka naprawd\u0119 przyci\u0105ga wzrok, a jednocze\u015bnie jest \u0142atwa do czyszczenia poprzez stukanie w mat\u0119. Ponadczasowy wz\u00f3r w po\u0142\u0105czeniu z antypo\u015blizgowym spodem \u0142\u0105cz\u0105 funkcjonalno\u015b\u0107 z atrakcyjnym wygl\u0105dem.<\/p>\n<\/section><\/div>\n<\/section>\n<section class=\"section\">\n<div class=\"item item-6\">\n<section class=\"text-item\">\n<h2>Szczeg\u00f3\u0142y wycieraczka gumowa<\/h2>\n<ul>\n<li>Wymiary wys. X szer. X g\u0142 .: ok. 2 x 75 x 45 cm<\/li>\n<li>Waga: ok. 3 kg<\/li>\n<li>Mata gumowa odporna na warunki atmosferyczne<\/li>\n<li>Z naturalnymi w\u0142\u00f3knami kokosowymi<\/li>\n<li>Wzmacniacz odporny na warunki atmosferyczne; trwa\u0142e<\/li>\n<li>Optymalne dla wszystkich powierzchni<\/li>\n<li>Do u\u017cytku wewn\u0105trz i na zewn\u0105trz<\/li>\n<li>Nie \u015blizga si\u0119, gdy powierzchnia jest mokra<\/li>\n<\/ul>\n<\/section><\/div>\n<div class=\"item item-6\">\n<section class=\"image-item\"><img decoding=\"async\" src=\"https:\/\/upload.cdn.baselinker.com\/products\/6014502\/cd4f886087c6c618cbeeadadfa47e1a4.jpg\" \/><\/section>\n<\/p><\/div>\n<\/section>\n<section class=\"section\">\n<div class=\"item item-12\">\n<section class=\"text-item\">\n<p>12<\/p>\n<\/section><\/div>\n<\/section>","protected":false},"excerpt":{"rendered":"<p>DU\u017bA WYCIERACZKA MATA 75&#215;45 W\u0141\u00d3KNA BAMBUSOWE GUMA Du\u017ca wycieraczka jest idealna dla du\u017cych rodzin oraz firm &#8211; przy wymiarach 75<\/p>","protected":false},"featured_media":29210,"template":"","meta":[],"product_brand":[],"product_cat":[86,92,93,87],"product_tag":[],"class_list":{"0":"post-29212","1":"product","2":"type-product","3":"status-publish","4":"has-post-thumbnail","6":"product_cat-dom-i-ogrod","7":"product_cat-dywany-i-wykladziny","8":"product_cat-wycieraczki","9":"product_cat-wyposazenie","11":"first","12":"instock","13":"taxable","14":"shipping-taxable","15":"purchasable","16":"product-type-simple"},"yoast_head":"<!-- This site is optimized with the Yoast SEO plugin v25.7 - https:\/\/yoast.com\/wordpress\/plugins\/seo\/ -->\n<title>Wycieraczka gotowa gumowa, kokosowa na zewn\u0105trz 45 x 75 cm - Rad-Pal<\/title>\n<meta name=\"robots\" content=\"index, follow, max-snippet:-1, max-image-preview:large, max-video-preview:-1\" \/>\n<link rel=\"canonical\" href=\"https:\/\/rad-pal.com.pl\/en\/sklep\/bez-kategorii\/wycieraczka-gotowa-gumowa-kokosowa-na-zewnatrz-45-x-75-cm\/\" \/>\n<meta property=\"og:locale\" content=\"en_GB\" \/>\n<meta property=\"og:type\" content=\"article\" \/>\n<meta property=\"og:title\" content=\"Wycieraczka gotowa gumowa, kokosowa na zewn\u0105trz 45 x 75 cm - Rad-Pal\" \/>\n<meta property=\"og:description\" content=\"DU\u017bA WYCIERACZKA MATA 75&#215;45 W\u0141\u00d3KNA BAMBUSOWE GUMA Du\u017ca wycieraczka jest idealna dla du\u017cych rodzin oraz firm &#8211; przy wymiarach 75\" \/>\n<meta property=\"og:url\" content=\"https:\/\/rad-pal.com.pl\/en\/sklep\/bez-kategorii\/wycieraczka-gotowa-gumowa-kokosowa-na-zewnatrz-45-x-75-cm\/\" \/>\n<meta property=\"og:site_name\" content=\"Rad-Pal\" \/>\n<meta property=\"article:modified_time\" content=\"2026-02-19T12:28:37+00:00\" \/>\n<meta property=\"og:image\" content=\"https:\/\/upload.cdn.baselinker.com\/products\/6014502\/e8c2f49d16546feafa27dfee0e21e61c.jpg\" \/>\n<meta name=\"twitter:card\" content=\"summary_large_image\" \/>\n<meta name=\"twitter:label1\" content=\"Estimated reading time\" \/>\n\t<meta name=\"twitter:data1\" content=\"1 minute\" \/>\n<script type=\"application\/ld+json\" class=\"yoast-schema-graph\">{\"@context\":\"https:\/\/schema.org\",\"@graph\":[{\"@type\":\"WebPage\",\"@id\":\"https:\/\/rad-pal.com.pl\/sklep\/bez-kategorii\/wycieraczka-gotowa-gumowa-kokosowa-na-zewnatrz-45-x-75-cm\/\",\"url\":\"https:\/\/rad-pal.com.pl\/sklep\/bez-kategorii\/wycieraczka-gotowa-gumowa-kokosowa-na-zewnatrz-45-x-75-cm\/\",\"name\":\"Wycieraczka gotowa gumowa, kokosowa na zewn\u0105trz 45 x 75 cm - Rad-Pal\",\"isPartOf\":{\"@id\":\"https:\/\/rad-pal.com.pl\/#website\"},\"primaryImageOfPage\":{\"@id\":\"https:\/\/rad-pal.com.pl\/sklep\/bez-kategorii\/wycieraczka-gotowa-gumowa-kokosowa-na-zewnatrz-45-x-75-cm\/#primaryimage\"},\"image\":{\"@id\":\"https:\/\/rad-pal.com.pl\/sklep\/bez-kategorii\/wycieraczka-gotowa-gumowa-kokosowa-na-zewnatrz-45-x-75-cm\/#primaryimage\"},\"thumbnailUrl\":\"https:\/\/rad-pal.com.pl\/wp-content\/uploads\/2026\/02\/e8c2f49d16546feafa27dfee0e21e61c.jpg\",\"datePublished\":\"2026-02-19T12:08:22+00:00\",\"dateModified\":\"2026-02-19T12:28:37+00:00\",\"breadcrumb\":{\"@id\":\"https:\/\/rad-pal.com.pl\/sklep\/bez-kategorii\/wycieraczka-gotowa-gumowa-kokosowa-na-zewnatrz-45-x-75-cm\/#breadcrumb\"},\"inLanguage\":\"en-GB\",\"potentialAction\":[{\"@type\":\"ReadAction\",\"target\":[\"https:\/\/rad-pal.com.pl\/sklep\/bez-kategorii\/wycieraczka-gotowa-gumowa-kokosowa-na-zewnatrz-45-x-75-cm\/\"]}]},{\"@type\":\"ImageObject\",\"inLanguage\":\"en-GB\",\"@id\":\"https:\/\/rad-pal.com.pl\/sklep\/bez-kategorii\/wycieraczka-gotowa-gumowa-kokosowa-na-zewnatrz-45-x-75-cm\/#primaryimage\",\"url\":\"https:\/\/rad-pal.com.pl\/wp-content\/uploads\/2026\/02\/e8c2f49d16546feafa27dfee0e21e61c.jpg\",\"contentUrl\":\"https:\/\/rad-pal.com.pl\/wp-content\/uploads\/2026\/02\/e8c2f49d16546feafa27dfee0e21e61c.jpg\",\"width\":1600,\"height\":1600,\"caption\":\"6d563d5ef1f377fe1ecba42258e1556b\"},{\"@type\":\"BreadcrumbList\",\"@id\":\"https:\/\/rad-pal.com.pl\/sklep\/bez-kategorii\/wycieraczka-gotowa-gumowa-kokosowa-na-zewnatrz-45-x-75-cm\/#breadcrumb\",\"itemListElement\":[{\"@type\":\"ListItem\",\"position\":1,\"name\":\"Strona g\u0142\u00f3wna\",\"item\":\"https:\/\/rad-pal.com.pl\/\"},{\"@type\":\"ListItem\",\"position\":2,\"name\":\"Sklep\",\"item\":\"https:\/\/rad-pal.com.pl\/sklep\/\"},{\"@type\":\"ListItem\",\"position\":3,\"name\":\"Wycieraczka gotowa gumowa, kokosowa na zewn\u0105trz 45 x 75 cm\"}]},{\"@type\":\"WebSite\",\"@id\":\"https:\/\/rad-pal.com.pl\/#website\",\"url\":\"https:\/\/rad-pal.com.pl\/\",\"name\":\"Rad-Pal\",\"description\":\"\",\"publisher\":{\"@id\":\"https:\/\/rad-pal.com.pl\/#organization\"},\"potentialAction\":[{\"@type\":\"SearchAction\",\"target\":{\"@type\":\"EntryPoint\",\"urlTemplate\":\"https:\/\/rad-pal.com.pl\/?s={search_term_string}\"},\"query-input\":{\"@type\":\"PropertyValueSpecification\",\"valueRequired\":true,\"valueName\":\"search_term_string\"}}],\"inLanguage\":\"en-GB\"},{\"@type\":\"Organization\",\"@id\":\"https:\/\/rad-pal.com.pl\/#organization\",\"name\":\"Rad-Pal\",\"url\":\"https:\/\/rad-pal.com.pl\/\",\"logo\":{\"@type\":\"ImageObject\",\"inLanguage\":\"en-GB\",\"@id\":\"https:\/\/rad-pal.com.pl\/#\/schema\/logo\/image\/\",\"url\":\"https:\/\/rad-pal.com.pl\/wp-content\/uploads\/2026\/03\/Projekt-bez-nazwy-30.webp\",\"contentUrl\":\"https:\/\/rad-pal.com.pl\/wp-content\/uploads\/2026\/03\/Projekt-bez-nazwy-30.webp\",\"width\":600,\"height\":210,\"caption\":\"Rad-Pal\"},\"image\":{\"@id\":\"https:\/\/rad-pal.com.pl\/#\/schema\/logo\/image\/\"}}]}<\/script>\n<!-- \/ Yoast SEO plugin. -->","yoast_head_json":{"title":"Wycieraczka gotowa gumowa, kokosowa na zewn\u0105trz 45 x 75 cm - Rad-Pal","robots":{"index":"index","follow":"follow","max-snippet":"max-snippet:-1","max-image-preview":"max-image-preview:large","max-video-preview":"max-video-preview:-1"},"canonical":"https:\/\/rad-pal.com.pl\/en\/sklep\/bez-kategorii\/wycieraczka-gotowa-gumowa-kokosowa-na-zewnatrz-45-x-75-cm\/","og_locale":"en_GB","og_type":"article","og_title":"Wycieraczka gotowa gumowa, kokosowa na zewn\u0105trz 45 x 75 cm - Rad-Pal","og_description":"DU\u017bA WYCIERACZKA MATA 75&#215;45 W\u0141\u00d3KNA BAMBUSOWE GUMA Du\u017ca wycieraczka jest idealna dla du\u017cych rodzin oraz firm &#8211; przy wymiarach 75","og_url":"https:\/\/rad-pal.com.pl\/en\/sklep\/bez-kategorii\/wycieraczka-gotowa-gumowa-kokosowa-na-zewnatrz-45-x-75-cm\/","og_site_name":"Rad-Pal","article_modified_time":"2026-02-19T12:28:37+00:00","og_image":[{"url":"https:\/\/upload.cdn.baselinker.com\/products\/6014502\/e8c2f49d16546feafa27dfee0e21e61c.jpg","type":"","width":"","height":""}],"twitter_card":"summary_large_image","twitter_misc":{"Estimated reading time":"1 minute"},"schema":{"@context":"https:\/\/schema.org","@graph":[{"@type":"WebPage","@id":"https:\/\/rad-pal.com.pl\/sklep\/bez-kategorii\/wycieraczka-gotowa-gumowa-kokosowa-na-zewnatrz-45-x-75-cm\/","url":"https:\/\/rad-pal.com.pl\/sklep\/bez-kategorii\/wycieraczka-gotowa-gumowa-kokosowa-na-zewnatrz-45-x-75-cm\/","name":"Wycieraczka gotowa gumowa, kokosowa na zewn\u0105trz 45 x 75 cm - Rad-Pal","isPartOf":{"@id":"https:\/\/rad-pal.com.pl\/#website"},"primaryImageOfPage":{"@id":"https:\/\/rad-pal.com.pl\/sklep\/bez-kategorii\/wycieraczka-gotowa-gumowa-kokosowa-na-zewnatrz-45-x-75-cm\/#primaryimage"},"image":{"@id":"https:\/\/rad-pal.com.pl\/sklep\/bez-kategorii\/wycieraczka-gotowa-gumowa-kokosowa-na-zewnatrz-45-x-75-cm\/#primaryimage"},"thumbnailUrl":"https:\/\/rad-pal.com.pl\/wp-content\/uploads\/2026\/02\/e8c2f49d16546feafa27dfee0e21e61c.jpg","datePublished":"2026-02-19T12:08:22+00:00","dateModified":"2026-02-19T12:28:37+00:00","breadcrumb":{"@id":"https:\/\/rad-pal.com.pl\/sklep\/bez-kategorii\/wycieraczka-gotowa-gumowa-kokosowa-na-zewnatrz-45-x-75-cm\/#breadcrumb"},"inLanguage":"en-GB","potentialAction":[{"@type":"ReadAction","target":["https:\/\/rad-pal.com.pl\/sklep\/bez-kategorii\/wycieraczka-gotowa-gumowa-kokosowa-na-zewnatrz-45-x-75-cm\/"]}]},{"@type":"ImageObject","inLanguage":"en-GB","@id":"https:\/\/rad-pal.com.pl\/sklep\/bez-kategorii\/wycieraczka-gotowa-gumowa-kokosowa-na-zewnatrz-45-x-75-cm\/#primaryimage","url":"https:\/\/rad-pal.com.pl\/wp-content\/uploads\/2026\/02\/e8c2f49d16546feafa27dfee0e21e61c.jpg","contentUrl":"https:\/\/rad-pal.com.pl\/wp-content\/uploads\/2026\/02\/e8c2f49d16546feafa27dfee0e21e61c.jpg","width":1600,"height":1600,"caption":"6d563d5ef1f377fe1ecba42258e1556b"},{"@type":"BreadcrumbList","@id":"https:\/\/rad-pal.com.pl\/sklep\/bez-kategorii\/wycieraczka-gotowa-gumowa-kokosowa-na-zewnatrz-45-x-75-cm\/#breadcrumb","itemListElement":[{"@type":"ListItem","position":1,"name":"Strona g\u0142\u00f3wna","item":"https:\/\/rad-pal.com.pl\/"},{"@type":"ListItem","position":2,"name":"Sklep","item":"https:\/\/rad-pal.com.pl\/sklep\/"},{"@type":"ListItem","position":3,"name":"Wycieraczka gotowa gumowa, kokosowa na zewn\u0105trz 45 x 75 cm"}]},{"@type":"WebSite","@id":"https:\/\/rad-pal.com.pl\/#website","url":"https:\/\/rad-pal.com.pl\/","name":"Rad-Pal","description":"","publisher":{"@id":"https:\/\/rad-pal.com.pl\/#organization"},"potentialAction":[{"@type":"SearchAction","target":{"@type":"EntryPoint","urlTemplate":"https:\/\/rad-pal.com.pl\/?s={search_term_string}"},"query-input":{"@type":"PropertyValueSpecification","valueRequired":true,"valueName":"search_term_string"}}],"inLanguage":"en-GB"},{"@type":"Organization","@id":"https:\/\/rad-pal.com.pl\/#organization","name":"Rad-Pal","url":"https:\/\/rad-pal.com.pl\/","logo":{"@type":"ImageObject","inLanguage":"en-GB","@id":"https:\/\/rad-pal.com.pl\/#\/schema\/logo\/image\/","url":"https:\/\/rad-pal.com.pl\/wp-content\/uploads\/2026\/03\/Projekt-bez-nazwy-30.webp","contentUrl":"https:\/\/rad-pal.com.pl\/wp-content\/uploads\/2026\/03\/Projekt-bez-nazwy-30.webp","width":600,"height":210,"caption":"Rad-Pal"},"image":{"@id":"https:\/\/rad-pal.com.pl\/#\/schema\/logo\/image\/"}}]}},"_links":{"self":[{"href":"https:\/\/rad-pal.com.pl\/en\/wp-json\/wp\/v2\/product\/29212","targetHints":{"allow":["GET"]}}],"collection":[{"href":"https:\/\/rad-pal.com.pl\/en\/wp-json\/wp\/v2\/product"}],"about":[{"href":"https:\/\/rad-pal.com.pl\/en\/wp-json\/wp\/v2\/types\/product"}],"version-history":[{"count":0,"href":"https:\/\/rad-pal.com.pl\/en\/wp-json\/wp\/v2\/product\/29212\/revisions"}],"wp:featuredmedia":[{"embeddable":true,"href":"https:\/\/rad-pal.com.pl\/en\/wp-json\/wp\/v2\/media\/29210"}],"wp:attachment":[{"href":"https:\/\/rad-pal.com.pl\/en\/wp-json\/wp\/v2\/media?parent=29212"}],"wp:term":[{"taxonomy":"product_brand","embeddable":true,"href":"https:\/\/rad-pal.com.pl\/en\/wp-json\/wp\/v2\/product_brand?post=29212"},{"taxonomy":"product_cat","embeddable":true,"href":"https:\/\/rad-pal.com.pl\/en\/wp-json\/wp\/v2\/product_cat?post=29212"},{"taxonomy":"product_tag","embeddable":true,"href":"https:\/\/rad-pal.com.pl\/en\/wp-json\/wp\/v2\/product_tag?post=29212"}],"curies":[{"name":"wp","href":"https:\/\/api.w.org\/{rel}","templated":true}]}}