{"id":29297,"date":"2026-02-19T13:12:50","date_gmt":"2026-02-19T12:12:50","guid":{"rendered":"https:\/\/rad-pal.com.pl\/sklep\/bez-kategorii\/zabawka-edukacyjna-owocowa-petla-z-liczbami\/"},"modified":"2026-03-25T17:23:47","modified_gmt":"2026-03-25T16:23:47","slug":"zabawka-edukacyjna-owocowa-petla-z-liczbami","status":"publish","type":"product","link":"https:\/\/rad-pal.com.pl\/en\/sklep\/dziecko\/zabawki\/edukacyjne\/slowne-i-liczbowe\/zabawka-edukacyjna-owocowa-petla-z-liczbami\/","title":{"rendered":"Zabawka Edukacyjna &#8211; Owocowa P\u0119tla z Liczbami"},"content":{"rendered":"<section class=\"section\">\n<div class=\"item item-6\">\n<section class=\"image-item\"><img decoding=\"async\" src=\"https:\/\/upload.cdn.baselinker.com\/products\/6014502\/0df5d437633b2f2f8340830f3b74e282.jpg\" \/><\/section>\n<\/p><\/div>\n<div class=\"item item-6\">\n<section class=\"text-item\">\n<h2>\u015aliczna p\u0119tla motoryczna w jasnych kolorach<\/h2>\n<p>Drewniana zabawka motoryczna to idealna zabawka edukacyjna dla dzieci, kt\u00f3ra rozwija ich umiej\u0119tno\u015bci motoryczne i koordynacj\u0119 r\u0119ka-oko poprzez zabaw\u0119. Po\u0142\u0105czenie kolorowej p\u0119tli motorycznej, kolorowych koralik\u00f3w i starannie zaprojektowanych owoc\u00f3w zapewnia d\u0142ugotrwa\u0142\u0105 zabaw\u0119. Jednocze\u015bnie zabawka wprowadza maluchy w \u015bwiat liczb od 1 do 6. Drewniana zabawka doskonale sprawdzi si\u0119 jako prezent i sprawi rado\u015b\u0107 zar\u00f3wno dziewczynkom, jak i ch\u0142opcom.<\/p>\n<\/section><\/div>\n<\/section>\n<section class=\"section\">\n<div class=\"item item-6\">\n<section class=\"text-item\">\n<h2>Zabawki rozwijaj\u0105ce zdolno\u015bci motoryczne dla niemowl\u0105t i dzieci<\/h2>\n<ul>\n<li>Kolorowe p\u0119tle motoryczne z uroczymi owocami<\/li>\n<li>Uczy dzieci liczb od 1 do 6 w zabawny spos\u00f3b<\/li>\n<li>Wspiera rozw\u00f3j umiej\u0119tno\u015bci motorycznych<\/li>\n<li>Zabawny design idealny dla dziewczynek i ch\u0142opc\u00f3w<\/li>\n<li>\u015awietny pomys\u0142 na prezent dla dzieci od 18 miesi\u0105ca \u017cycia<\/li>\n<\/ul>\n<\/section><\/div>\n<div class=\"item item-6\">\n<section class=\"image-item\"><img decoding=\"async\" src=\"https:\/\/upload.cdn.baselinker.com\/products\/6014502\/97bddc03bf742e9f36582990ac6c679a.jpg\" \/><\/section>\n<\/p><\/div>\n<\/section>\n<section class=\"section\">\n<div class=\"item item-6\">\n<section class=\"text-item\">\n<h2>Szczeg\u00f3\u0142y p\u0119tli motorycznej<\/h2>\n<ul>\n<li>Wymiary (H x B x T): ok. 21 x 22,5 x 14,5 cm<\/li>\n<li>Waga: ok. 540 g<\/li>\n<li>Materia\u0142: drewno bukowe, drewno lotosowe, \u017celazo<\/li>\n<li>Kolor: R\u00f3\u017cnorodny<\/li>\n<\/ul>\n<ul>\n<li>1x zabawka drewniana<\/li>\n<li>bez dekoracji<\/li>\n<\/ul>\n<\/section><\/div>\n<div class=\"item item-6\">\n<section class=\"image-item\"><img decoding=\"async\" src=\"https:\/\/upload.cdn.baselinker.com\/products\/6014502\/9a45d65d912d87f4a6adb2b80ab0215f.jpg\" \/><\/section>\n<\/p><\/div>\n<\/section>\n<section class=\"section\">\n<div class=\"item item-12\">\n<section class=\"text-item\">\n<p>12<\/p>\n<\/section><\/div>\n<\/section>","protected":false},"excerpt":{"rendered":"<p>\u015aliczna p\u0119tla motoryczna w jasnych kolorach Drewniana zabawka motoryczna to idealna zabawka edukacyjna dla dzieci, kt\u00f3ra rozwija ich umiej\u0119tno\u015bci motoryczne<\/p>","protected":false},"featured_media":29292,"template":"","meta":[],"product_brand":[],"product_cat":[81,83,110,82],"product_tag":[],"class_list":{"0":"post-29297","1":"product","2":"type-product","3":"status-publish","4":"has-post-thumbnail","6":"product_cat-dziecko","7":"product_cat-edukacyjne","8":"product_cat-slowne-i-liczbowe","9":"product_cat-zabawki","11":"first","12":"instock","13":"taxable","14":"shipping-taxable","15":"purchasable","16":"product-type-simple"},"yoast_head":"<!-- This site is optimized with the Yoast SEO plugin v25.7 - https:\/\/yoast.com\/wordpress\/plugins\/seo\/ -->\n<title>Zabawka Edukacyjna - Owocowa P\u0119tla z Liczbami - Rad-Pal<\/title>\n<meta name=\"robots\" content=\"index, follow, max-snippet:-1, max-image-preview:large, max-video-preview:-1\" \/>\n<link rel=\"canonical\" href=\"https:\/\/rad-pal.com.pl\/en\/sklep\/bez-kategorii\/zabawka-edukacyjna-owocowa-petla-z-liczbami\/\" \/>\n<meta property=\"og:locale\" content=\"en_GB\" \/>\n<meta property=\"og:type\" content=\"article\" \/>\n<meta property=\"og:title\" content=\"Zabawka Edukacyjna - Owocowa P\u0119tla z Liczbami - Rad-Pal\" \/>\n<meta property=\"og:description\" content=\"\u015aliczna p\u0119tla motoryczna w jasnych kolorach Drewniana zabawka motoryczna to idealna zabawka edukacyjna dla dzieci, kt\u00f3ra rozwija ich umiej\u0119tno\u015bci motoryczne\" \/>\n<meta property=\"og:url\" content=\"https:\/\/rad-pal.com.pl\/en\/sklep\/bez-kategorii\/zabawka-edukacyjna-owocowa-petla-z-liczbami\/\" \/>\n<meta property=\"og:site_name\" content=\"Rad-Pal\" \/>\n<meta property=\"article:modified_time\" content=\"2026-03-25T16:23:47+00:00\" \/>\n<meta property=\"og:image\" content=\"https:\/\/upload.cdn.baselinker.com\/products\/6014502\/0df5d437633b2f2f8340830f3b74e282.jpg\" \/>\n<meta name=\"twitter:card\" content=\"summary_large_image\" \/>\n<meta name=\"twitter:label1\" content=\"Estimated reading time\" \/>\n\t<meta name=\"twitter:data1\" content=\"1 minute\" \/>\n<script type=\"application\/ld+json\" class=\"yoast-schema-graph\">{\"@context\":\"https:\/\/schema.org\",\"@graph\":[{\"@type\":\"WebPage\",\"@id\":\"https:\/\/rad-pal.com.pl\/sklep\/bez-kategorii\/zabawka-edukacyjna-owocowa-petla-z-liczbami\/\",\"url\":\"https:\/\/rad-pal.com.pl\/sklep\/bez-kategorii\/zabawka-edukacyjna-owocowa-petla-z-liczbami\/\",\"name\":\"Zabawka Edukacyjna - Owocowa P\u0119tla z Liczbami - Rad-Pal\",\"isPartOf\":{\"@id\":\"https:\/\/rad-pal.com.pl\/#website\"},\"primaryImageOfPage\":{\"@id\":\"https:\/\/rad-pal.com.pl\/sklep\/bez-kategorii\/zabawka-edukacyjna-owocowa-petla-z-liczbami\/#primaryimage\"},\"image\":{\"@id\":\"https:\/\/rad-pal.com.pl\/sklep\/bez-kategorii\/zabawka-edukacyjna-owocowa-petla-z-liczbami\/#primaryimage\"},\"thumbnailUrl\":\"https:\/\/rad-pal.com.pl\/wp-content\/uploads\/2026\/02\/0df5d437633b2f2f8340830f3b74e282.jpg\",\"datePublished\":\"2026-02-19T12:12:50+00:00\",\"dateModified\":\"2026-03-25T16:23:47+00:00\",\"breadcrumb\":{\"@id\":\"https:\/\/rad-pal.com.pl\/sklep\/bez-kategorii\/zabawka-edukacyjna-owocowa-petla-z-liczbami\/#breadcrumb\"},\"inLanguage\":\"en-GB\",\"potentialAction\":[{\"@type\":\"ReadAction\",\"target\":[\"https:\/\/rad-pal.com.pl\/sklep\/bez-kategorii\/zabawka-edukacyjna-owocowa-petla-z-liczbami\/\"]}]},{\"@type\":\"ImageObject\",\"inLanguage\":\"en-GB\",\"@id\":\"https:\/\/rad-pal.com.pl\/sklep\/bez-kategorii\/zabawka-edukacyjna-owocowa-petla-z-liczbami\/#primaryimage\",\"url\":\"https:\/\/rad-pal.com.pl\/wp-content\/uploads\/2026\/02\/0df5d437633b2f2f8340830f3b74e282.jpg\",\"contentUrl\":\"https:\/\/rad-pal.com.pl\/wp-content\/uploads\/2026\/02\/0df5d437633b2f2f8340830f3b74e282.jpg\",\"width\":681,\"height\":681,\"caption\":\"2bf71efc0e08fb4b2fdb228384c77077\"},{\"@type\":\"BreadcrumbList\",\"@id\":\"https:\/\/rad-pal.com.pl\/sklep\/bez-kategorii\/zabawka-edukacyjna-owocowa-petla-z-liczbami\/#breadcrumb\",\"itemListElement\":[{\"@type\":\"ListItem\",\"position\":1,\"name\":\"Strona g\u0142\u00f3wna\",\"item\":\"https:\/\/rad-pal.com.pl\/\"},{\"@type\":\"ListItem\",\"position\":2,\"name\":\"Sklep\",\"item\":\"https:\/\/rad-pal.com.pl\/sklep\/\"},{\"@type\":\"ListItem\",\"position\":3,\"name\":\"Zabawka Edukacyjna &#8211; Owocowa P\u0119tla z Liczbami\"}]},{\"@type\":\"WebSite\",\"@id\":\"https:\/\/rad-pal.com.pl\/#website\",\"url\":\"https:\/\/rad-pal.com.pl\/\",\"name\":\"Rad-Pal\",\"description\":\"\",\"publisher\":{\"@id\":\"https:\/\/rad-pal.com.pl\/#organization\"},\"potentialAction\":[{\"@type\":\"SearchAction\",\"target\":{\"@type\":\"EntryPoint\",\"urlTemplate\":\"https:\/\/rad-pal.com.pl\/?s={search_term_string}\"},\"query-input\":{\"@type\":\"PropertyValueSpecification\",\"valueRequired\":true,\"valueName\":\"search_term_string\"}}],\"inLanguage\":\"en-GB\"},{\"@type\":\"Organization\",\"@id\":\"https:\/\/rad-pal.com.pl\/#organization\",\"name\":\"Rad-Pal\",\"url\":\"https:\/\/rad-pal.com.pl\/\",\"logo\":{\"@type\":\"ImageObject\",\"inLanguage\":\"en-GB\",\"@id\":\"https:\/\/rad-pal.com.pl\/#\/schema\/logo\/image\/\",\"url\":\"https:\/\/rad-pal.com.pl\/wp-content\/uploads\/2026\/03\/Projekt-bez-nazwy-30.webp\",\"contentUrl\":\"https:\/\/rad-pal.com.pl\/wp-content\/uploads\/2026\/03\/Projekt-bez-nazwy-30.webp\",\"width\":600,\"height\":210,\"caption\":\"Rad-Pal\"},\"image\":{\"@id\":\"https:\/\/rad-pal.com.pl\/#\/schema\/logo\/image\/\"}}]}<\/script>\n<!-- \/ Yoast SEO plugin. -->","yoast_head_json":{"title":"Zabawka Edukacyjna - Owocowa P\u0119tla z Liczbami - Rad-Pal","robots":{"index":"index","follow":"follow","max-snippet":"max-snippet:-1","max-image-preview":"max-image-preview:large","max-video-preview":"max-video-preview:-1"},"canonical":"https:\/\/rad-pal.com.pl\/en\/sklep\/bez-kategorii\/zabawka-edukacyjna-owocowa-petla-z-liczbami\/","og_locale":"en_GB","og_type":"article","og_title":"Zabawka Edukacyjna - Owocowa P\u0119tla z Liczbami - Rad-Pal","og_description":"\u015aliczna p\u0119tla motoryczna w jasnych kolorach Drewniana zabawka motoryczna to idealna zabawka edukacyjna dla dzieci, kt\u00f3ra rozwija ich umiej\u0119tno\u015bci motoryczne","og_url":"https:\/\/rad-pal.com.pl\/en\/sklep\/bez-kategorii\/zabawka-edukacyjna-owocowa-petla-z-liczbami\/","og_site_name":"Rad-Pal","article_modified_time":"2026-03-25T16:23:47+00:00","og_image":[{"url":"https:\/\/upload.cdn.baselinker.com\/products\/6014502\/0df5d437633b2f2f8340830f3b74e282.jpg","type":"","width":"","height":""}],"twitter_card":"summary_large_image","twitter_misc":{"Estimated reading time":"1 minute"},"schema":{"@context":"https:\/\/schema.org","@graph":[{"@type":"WebPage","@id":"https:\/\/rad-pal.com.pl\/sklep\/bez-kategorii\/zabawka-edukacyjna-owocowa-petla-z-liczbami\/","url":"https:\/\/rad-pal.com.pl\/sklep\/bez-kategorii\/zabawka-edukacyjna-owocowa-petla-z-liczbami\/","name":"Zabawka Edukacyjna - Owocowa P\u0119tla z Liczbami - Rad-Pal","isPartOf":{"@id":"https:\/\/rad-pal.com.pl\/#website"},"primaryImageOfPage":{"@id":"https:\/\/rad-pal.com.pl\/sklep\/bez-kategorii\/zabawka-edukacyjna-owocowa-petla-z-liczbami\/#primaryimage"},"image":{"@id":"https:\/\/rad-pal.com.pl\/sklep\/bez-kategorii\/zabawka-edukacyjna-owocowa-petla-z-liczbami\/#primaryimage"},"thumbnailUrl":"https:\/\/rad-pal.com.pl\/wp-content\/uploads\/2026\/02\/0df5d437633b2f2f8340830f3b74e282.jpg","datePublished":"2026-02-19T12:12:50+00:00","dateModified":"2026-03-25T16:23:47+00:00","breadcrumb":{"@id":"https:\/\/rad-pal.com.pl\/sklep\/bez-kategorii\/zabawka-edukacyjna-owocowa-petla-z-liczbami\/#breadcrumb"},"inLanguage":"en-GB","potentialAction":[{"@type":"ReadAction","target":["https:\/\/rad-pal.com.pl\/sklep\/bez-kategorii\/zabawka-edukacyjna-owocowa-petla-z-liczbami\/"]}]},{"@type":"ImageObject","inLanguage":"en-GB","@id":"https:\/\/rad-pal.com.pl\/sklep\/bez-kategorii\/zabawka-edukacyjna-owocowa-petla-z-liczbami\/#primaryimage","url":"https:\/\/rad-pal.com.pl\/wp-content\/uploads\/2026\/02\/0df5d437633b2f2f8340830f3b74e282.jpg","contentUrl":"https:\/\/rad-pal.com.pl\/wp-content\/uploads\/2026\/02\/0df5d437633b2f2f8340830f3b74e282.jpg","width":681,"height":681,"caption":"2bf71efc0e08fb4b2fdb228384c77077"},{"@type":"BreadcrumbList","@id":"https:\/\/rad-pal.com.pl\/sklep\/bez-kategorii\/zabawka-edukacyjna-owocowa-petla-z-liczbami\/#breadcrumb","itemListElement":[{"@type":"ListItem","position":1,"name":"Strona g\u0142\u00f3wna","item":"https:\/\/rad-pal.com.pl\/"},{"@type":"ListItem","position":2,"name":"Sklep","item":"https:\/\/rad-pal.com.pl\/sklep\/"},{"@type":"ListItem","position":3,"name":"Zabawka Edukacyjna &#8211; Owocowa P\u0119tla z Liczbami"}]},{"@type":"WebSite","@id":"https:\/\/rad-pal.com.pl\/#website","url":"https:\/\/rad-pal.com.pl\/","name":"Rad-Pal","description":"","publisher":{"@id":"https:\/\/rad-pal.com.pl\/#organization"},"potentialAction":[{"@type":"SearchAction","target":{"@type":"EntryPoint","urlTemplate":"https:\/\/rad-pal.com.pl\/?s={search_term_string}"},"query-input":{"@type":"PropertyValueSpecification","valueRequired":true,"valueName":"search_term_string"}}],"inLanguage":"en-GB"},{"@type":"Organization","@id":"https:\/\/rad-pal.com.pl\/#organization","name":"Rad-Pal","url":"https:\/\/rad-pal.com.pl\/","logo":{"@type":"ImageObject","inLanguage":"en-GB","@id":"https:\/\/rad-pal.com.pl\/#\/schema\/logo\/image\/","url":"https:\/\/rad-pal.com.pl\/wp-content\/uploads\/2026\/03\/Projekt-bez-nazwy-30.webp","contentUrl":"https:\/\/rad-pal.com.pl\/wp-content\/uploads\/2026\/03\/Projekt-bez-nazwy-30.webp","width":600,"height":210,"caption":"Rad-Pal"},"image":{"@id":"https:\/\/rad-pal.com.pl\/#\/schema\/logo\/image\/"}}]}},"_links":{"self":[{"href":"https:\/\/rad-pal.com.pl\/en\/wp-json\/wp\/v2\/product\/29297","targetHints":{"allow":["GET"]}}],"collection":[{"href":"https:\/\/rad-pal.com.pl\/en\/wp-json\/wp\/v2\/product"}],"about":[{"href":"https:\/\/rad-pal.com.pl\/en\/wp-json\/wp\/v2\/types\/product"}],"version-history":[{"count":0,"href":"https:\/\/rad-pal.com.pl\/en\/wp-json\/wp\/v2\/product\/29297\/revisions"}],"wp:featuredmedia":[{"embeddable":true,"href":"https:\/\/rad-pal.com.pl\/en\/wp-json\/wp\/v2\/media\/29292"}],"wp:attachment":[{"href":"https:\/\/rad-pal.com.pl\/en\/wp-json\/wp\/v2\/media?parent=29297"}],"wp:term":[{"taxonomy":"product_brand","embeddable":true,"href":"https:\/\/rad-pal.com.pl\/en\/wp-json\/wp\/v2\/product_brand?post=29297"},{"taxonomy":"product_cat","embeddable":true,"href":"https:\/\/rad-pal.com.pl\/en\/wp-json\/wp\/v2\/product_cat?post=29297"},{"taxonomy":"product_tag","embeddable":true,"href":"https:\/\/rad-pal.com.pl\/en\/wp-json\/wp\/v2\/product_tag?post=29297"}],"curies":[{"name":"wp","href":"https:\/\/api.w.org\/{rel}","templated":true}]}}