{"id":29761,"date":"2026-02-19T13:34:59","date_gmt":"2026-02-19T12:34:59","guid":{"rendered":"https:\/\/rad-pal.com.pl\/sklep\/bez-kategorii\/kanister-na-wode-relaxdays-10044527_672-105-15-l\/"},"modified":"2026-03-26T03:25:14","modified_gmt":"2026-03-26T02:25:14","slug":"kanister-na-wode-relaxdays-10044527_672-105-15-l","status":"publish","type":"product","link":"https:\/\/rad-pal.com.pl\/en\/sklep\/sport-i-turystyka\/turystyka\/higiena\/zbiorniki-baniaki\/kanister-na-wode-relaxdays-10044527_672-105-15-l\/","title":{"rendered":"Kanister na wod\u0119 Relaxdays 10044527_672 10,5-15 l"},"content":{"rendered":"<section class=\"section\">\n<div class=\"item item-12\">\n<section class=\"text-item\">\n<h2>Zbiorniki na wod\u0119 pitn\u0105 \u2013 na imprezy pod go\u0142ym niebem<\/h2>\n<p>Letnie aktywno\u015bci na \u015bwie\u017cym powietrzu bez odpowiedniego zapasu wody mog\u0105 szybko zamieni\u0107 si\u0119 w prawdziwy koszmar. Dzi\u0119ki przeno\u015bnym pustym kanistrom w zestawie 4 sztuk zawsze masz pod r\u0119k\u0105 niezb\u0119dny zapas wody pitnej podczas biwaku lub na campingu. Obrotowy kranik u\u0142atwi Ci pobranie po\u017c\u0105danej ilo\u015bci wody. Praktyczne zbiorniki na wod\u0119 mo\u017cna r\u00f3wnie\u017c z\u0142o\u017cy\u0107, aby zaoszcz\u0119dzi\u0107 miejsce i \u0142atwo przechowywa\u0107 je w baga\u017cniku lub plecaku<\/p>\n<\/section><\/div>\n<\/section>\n<section class=\"section\">\n<div class=\"item item-6\">\n<section class=\"text-item\">\n<h2>Zestaw owalnych baniak\u00f3w na wod\u0119 pitn\u0105<\/h2>\n<ul>\n<li>do u\u017cytku w temperaturze od -30 do +40\u00b0C<\/li>\n<li>\u015brednica otworu: ok. 3 cm<\/li>\n<li>nie zawiera BPA i jest bezpieczny dla \u017cywno\u015bci<\/li>\n<li>materia\u0142: tworzywo sztuczne (LDPE, PP, EVA)<\/li>\n<li>kolor: przezroczysty, czarny<\/li>\n<\/ul>\n<\/section><\/div>\n<div class=\"item item-6\">\n<section class=\"image-item\"><img decoding=\"async\" src=\"https:\/\/upload.cdn.baselinker.com\/products\/6014502\/41948055d352fe930fdd6c3b68aa5021.jpg\" \/><\/section>\n<\/p><\/div>\n<\/section>\n<section class=\"section\">\n<div class=\"item item-6\">\n<section class=\"image-item\"><img decoding=\"async\" src=\"https:\/\/upload.cdn.baselinker.com\/products\/6014502\/1617e7dd77cf6b4ca0fb7ae69a5f8cec.jpg\" \/><\/section>\n<\/p><\/div>\n<div class=\"item item-6\">\n<section class=\"text-item\">\n<h2>Przeno\u015bny plastikowy kanister w zestawie 4 sztuk<\/h2>\n<ul>\n<li>idealne na biwak, imprezy pod go\u0142ym niebem, podr\u00f3\u017ce itp.<\/li>\n<li>mo\u017cliwo\u015b\u0107 szybkiego z\u0142o\u017cenia<\/li>\n<li>do baga\u017cnika samochodowego, plecaka itp.<\/li>\n<li>z uchwytem transportowym<\/li>\n<li>kran mo\u017cna obr\u00f3ci\u0107 o 360 stopni<\/li>\n<li>zakr\u0119tka do hermetycznego przechowywania<\/li>\n<\/ul>\n<\/section><\/div>\n<\/section>\n<section class=\"section\">\n<div class=\"item item-6\">\n<section class=\"text-item\">\n<h2>Sk\u0142adany kanister 15 litr\u00f3w<\/h2>\n<ul>\n<li>wymiary ca\u0142kowite: 30 x 25 x 25 cm (wys. x szer. x d\u0142.)<\/li>\n<li>wymiary po z\u0142o\u017ceniu: 9 x 24 x 24 cm (wys. x szer. x d\u0142.)<\/li>\n<li>waga: 300 g<\/li>\n<\/ul>\n<ul>\n<li>4 x sk\u0142adany kanister na wod\u0119<\/li>\n<\/ul>\n<\/section><\/div>\n<div class=\"item item-6\">\n<section class=\"image-item\"><img decoding=\"async\" src=\"https:\/\/upload.cdn.baselinker.com\/products\/6014502\/13da8770e0639b5fbbe448d9c379daf8.jpg\" \/><\/section>\n<\/p><\/div>\n<\/section>\n<section class=\"section\">\n<div class=\"item item-12\">\n<section class=\"text-item\">\n<p>12<\/p>\n<\/section><\/div>\n<\/section>","protected":false},"excerpt":{"rendered":"<p>Zbiorniki na wod\u0119 pitn\u0105 \u2013 na imprezy pod go\u0142ym niebem Letnie aktywno\u015bci na \u015bwie\u017cym powietrzu bez odpowiedniego zapasu wody mog\u0105<\/p>","protected":false},"featured_media":29756,"template":"","meta":[],"product_brand":[],"product_cat":[177,76,77,178],"product_tag":[],"class_list":{"0":"post-29761","1":"product","2":"type-product","3":"status-publish","4":"has-post-thumbnail","6":"product_cat-higiena","7":"product_cat-sport-i-turystyka","8":"product_cat-turystyka","9":"product_cat-zbiorniki-baniaki","11":"first","12":"instock","13":"taxable","14":"shipping-taxable","15":"purchasable","16":"product-type-simple"},"yoast_head":"<!-- This site is optimized with the Yoast SEO plugin v25.7 - https:\/\/yoast.com\/wordpress\/plugins\/seo\/ -->\n<title>Kanister na wod\u0119 Relaxdays 10044527_672 10,5-15 l - Rad-Pal<\/title>\n<meta name=\"robots\" content=\"index, follow, max-snippet:-1, max-image-preview:large, max-video-preview:-1\" \/>\n<link rel=\"canonical\" href=\"https:\/\/rad-pal.com.pl\/en\/sklep\/bez-kategorii\/kanister-na-wode-relaxdays-10044527_672-105-15-l\/\" \/>\n<meta property=\"og:locale\" content=\"en_GB\" \/>\n<meta property=\"og:type\" content=\"article\" \/>\n<meta property=\"og:title\" content=\"Kanister na wod\u0119 Relaxdays 10044527_672 10,5-15 l - Rad-Pal\" \/>\n<meta property=\"og:description\" content=\"Zbiorniki na wod\u0119 pitn\u0105 \u2013 na imprezy pod go\u0142ym niebem Letnie aktywno\u015bci na \u015bwie\u017cym powietrzu bez odpowiedniego zapasu wody mog\u0105\" \/>\n<meta property=\"og:url\" content=\"https:\/\/rad-pal.com.pl\/en\/sklep\/bez-kategorii\/kanister-na-wode-relaxdays-10044527_672-105-15-l\/\" \/>\n<meta property=\"og:site_name\" content=\"Rad-Pal\" \/>\n<meta property=\"article:modified_time\" content=\"2026-03-26T02:25:14+00:00\" \/>\n<meta property=\"og:image\" content=\"https:\/\/upload.cdn.baselinker.com\/products\/6014502\/41948055d352fe930fdd6c3b68aa5021.jpg\" \/>\n<meta name=\"twitter:card\" content=\"summary_large_image\" \/>\n<meta name=\"twitter:label1\" content=\"Estimated reading time\" \/>\n\t<meta name=\"twitter:data1\" content=\"1 minute\" \/>\n<script type=\"application\/ld+json\" class=\"yoast-schema-graph\">{\"@context\":\"https:\/\/schema.org\",\"@graph\":[{\"@type\":\"WebPage\",\"@id\":\"https:\/\/rad-pal.com.pl\/sklep\/bez-kategorii\/kanister-na-wode-relaxdays-10044527_672-105-15-l\/\",\"url\":\"https:\/\/rad-pal.com.pl\/sklep\/bez-kategorii\/kanister-na-wode-relaxdays-10044527_672-105-15-l\/\",\"name\":\"Kanister na wod\u0119 Relaxdays 10044527_672 10,5-15 l - Rad-Pal\",\"isPartOf\":{\"@id\":\"https:\/\/rad-pal.com.pl\/#website\"},\"primaryImageOfPage\":{\"@id\":\"https:\/\/rad-pal.com.pl\/sklep\/bez-kategorii\/kanister-na-wode-relaxdays-10044527_672-105-15-l\/#primaryimage\"},\"image\":{\"@id\":\"https:\/\/rad-pal.com.pl\/sklep\/bez-kategorii\/kanister-na-wode-relaxdays-10044527_672-105-15-l\/#primaryimage\"},\"thumbnailUrl\":\"https:\/\/rad-pal.com.pl\/wp-content\/uploads\/2026\/02\/1617e7dd77cf6b4ca0fb7ae69a5f8cec.jpg\",\"datePublished\":\"2026-02-19T12:34:59+00:00\",\"dateModified\":\"2026-03-26T02:25:14+00:00\",\"breadcrumb\":{\"@id\":\"https:\/\/rad-pal.com.pl\/sklep\/bez-kategorii\/kanister-na-wode-relaxdays-10044527_672-105-15-l\/#breadcrumb\"},\"inLanguage\":\"en-GB\",\"potentialAction\":[{\"@type\":\"ReadAction\",\"target\":[\"https:\/\/rad-pal.com.pl\/sklep\/bez-kategorii\/kanister-na-wode-relaxdays-10044527_672-105-15-l\/\"]}]},{\"@type\":\"ImageObject\",\"inLanguage\":\"en-GB\",\"@id\":\"https:\/\/rad-pal.com.pl\/sklep\/bez-kategorii\/kanister-na-wode-relaxdays-10044527_672-105-15-l\/#primaryimage\",\"url\":\"https:\/\/rad-pal.com.pl\/wp-content\/uploads\/2026\/02\/1617e7dd77cf6b4ca0fb7ae69a5f8cec.jpg\",\"contentUrl\":\"https:\/\/rad-pal.com.pl\/wp-content\/uploads\/2026\/02\/1617e7dd77cf6b4ca0fb7ae69a5f8cec.jpg\",\"width\":2048,\"height\":2048,\"caption\":\"1d5c914f289494f7bc5a3296d645fea3\"},{\"@type\":\"BreadcrumbList\",\"@id\":\"https:\/\/rad-pal.com.pl\/sklep\/bez-kategorii\/kanister-na-wode-relaxdays-10044527_672-105-15-l\/#breadcrumb\",\"itemListElement\":[{\"@type\":\"ListItem\",\"position\":1,\"name\":\"Strona g\u0142\u00f3wna\",\"item\":\"https:\/\/rad-pal.com.pl\/\"},{\"@type\":\"ListItem\",\"position\":2,\"name\":\"Sklep\",\"item\":\"https:\/\/rad-pal.com.pl\/sklep\/\"},{\"@type\":\"ListItem\",\"position\":3,\"name\":\"Kanister na wod\u0119 Relaxdays 10044527_672 10,5-15 l\"}]},{\"@type\":\"WebSite\",\"@id\":\"https:\/\/rad-pal.com.pl\/#website\",\"url\":\"https:\/\/rad-pal.com.pl\/\",\"name\":\"Rad-Pal\",\"description\":\"\",\"publisher\":{\"@id\":\"https:\/\/rad-pal.com.pl\/#organization\"},\"potentialAction\":[{\"@type\":\"SearchAction\",\"target\":{\"@type\":\"EntryPoint\",\"urlTemplate\":\"https:\/\/rad-pal.com.pl\/?s={search_term_string}\"},\"query-input\":{\"@type\":\"PropertyValueSpecification\",\"valueRequired\":true,\"valueName\":\"search_term_string\"}}],\"inLanguage\":\"en-GB\"},{\"@type\":\"Organization\",\"@id\":\"https:\/\/rad-pal.com.pl\/#organization\",\"name\":\"Rad-Pal\",\"url\":\"https:\/\/rad-pal.com.pl\/\",\"logo\":{\"@type\":\"ImageObject\",\"inLanguage\":\"en-GB\",\"@id\":\"https:\/\/rad-pal.com.pl\/#\/schema\/logo\/image\/\",\"url\":\"https:\/\/rad-pal.com.pl\/wp-content\/uploads\/2026\/03\/Projekt-bez-nazwy-30.webp\",\"contentUrl\":\"https:\/\/rad-pal.com.pl\/wp-content\/uploads\/2026\/03\/Projekt-bez-nazwy-30.webp\",\"width\":600,\"height\":210,\"caption\":\"Rad-Pal\"},\"image\":{\"@id\":\"https:\/\/rad-pal.com.pl\/#\/schema\/logo\/image\/\"}}]}<\/script>\n<!-- \/ Yoast SEO plugin. -->","yoast_head_json":{"title":"Kanister na wod\u0119 Relaxdays 10044527_672 10,5-15 l - Rad-Pal","robots":{"index":"index","follow":"follow","max-snippet":"max-snippet:-1","max-image-preview":"max-image-preview:large","max-video-preview":"max-video-preview:-1"},"canonical":"https:\/\/rad-pal.com.pl\/en\/sklep\/bez-kategorii\/kanister-na-wode-relaxdays-10044527_672-105-15-l\/","og_locale":"en_GB","og_type":"article","og_title":"Kanister na wod\u0119 Relaxdays 10044527_672 10,5-15 l - Rad-Pal","og_description":"Zbiorniki na wod\u0119 pitn\u0105 \u2013 na imprezy pod go\u0142ym niebem Letnie aktywno\u015bci na \u015bwie\u017cym powietrzu bez odpowiedniego zapasu wody mog\u0105","og_url":"https:\/\/rad-pal.com.pl\/en\/sklep\/bez-kategorii\/kanister-na-wode-relaxdays-10044527_672-105-15-l\/","og_site_name":"Rad-Pal","article_modified_time":"2026-03-26T02:25:14+00:00","og_image":[{"url":"https:\/\/upload.cdn.baselinker.com\/products\/6014502\/41948055d352fe930fdd6c3b68aa5021.jpg","type":"","width":"","height":""}],"twitter_card":"summary_large_image","twitter_misc":{"Estimated reading time":"1 minute"},"schema":{"@context":"https:\/\/schema.org","@graph":[{"@type":"WebPage","@id":"https:\/\/rad-pal.com.pl\/sklep\/bez-kategorii\/kanister-na-wode-relaxdays-10044527_672-105-15-l\/","url":"https:\/\/rad-pal.com.pl\/sklep\/bez-kategorii\/kanister-na-wode-relaxdays-10044527_672-105-15-l\/","name":"Kanister na wod\u0119 Relaxdays 10044527_672 10,5-15 l - Rad-Pal","isPartOf":{"@id":"https:\/\/rad-pal.com.pl\/#website"},"primaryImageOfPage":{"@id":"https:\/\/rad-pal.com.pl\/sklep\/bez-kategorii\/kanister-na-wode-relaxdays-10044527_672-105-15-l\/#primaryimage"},"image":{"@id":"https:\/\/rad-pal.com.pl\/sklep\/bez-kategorii\/kanister-na-wode-relaxdays-10044527_672-105-15-l\/#primaryimage"},"thumbnailUrl":"https:\/\/rad-pal.com.pl\/wp-content\/uploads\/2026\/02\/1617e7dd77cf6b4ca0fb7ae69a5f8cec.jpg","datePublished":"2026-02-19T12:34:59+00:00","dateModified":"2026-03-26T02:25:14+00:00","breadcrumb":{"@id":"https:\/\/rad-pal.com.pl\/sklep\/bez-kategorii\/kanister-na-wode-relaxdays-10044527_672-105-15-l\/#breadcrumb"},"inLanguage":"en-GB","potentialAction":[{"@type":"ReadAction","target":["https:\/\/rad-pal.com.pl\/sklep\/bez-kategorii\/kanister-na-wode-relaxdays-10044527_672-105-15-l\/"]}]},{"@type":"ImageObject","inLanguage":"en-GB","@id":"https:\/\/rad-pal.com.pl\/sklep\/bez-kategorii\/kanister-na-wode-relaxdays-10044527_672-105-15-l\/#primaryimage","url":"https:\/\/rad-pal.com.pl\/wp-content\/uploads\/2026\/02\/1617e7dd77cf6b4ca0fb7ae69a5f8cec.jpg","contentUrl":"https:\/\/rad-pal.com.pl\/wp-content\/uploads\/2026\/02\/1617e7dd77cf6b4ca0fb7ae69a5f8cec.jpg","width":2048,"height":2048,"caption":"1d5c914f289494f7bc5a3296d645fea3"},{"@type":"BreadcrumbList","@id":"https:\/\/rad-pal.com.pl\/sklep\/bez-kategorii\/kanister-na-wode-relaxdays-10044527_672-105-15-l\/#breadcrumb","itemListElement":[{"@type":"ListItem","position":1,"name":"Strona g\u0142\u00f3wna","item":"https:\/\/rad-pal.com.pl\/"},{"@type":"ListItem","position":2,"name":"Sklep","item":"https:\/\/rad-pal.com.pl\/sklep\/"},{"@type":"ListItem","position":3,"name":"Kanister na wod\u0119 Relaxdays 10044527_672 10,5-15 l"}]},{"@type":"WebSite","@id":"https:\/\/rad-pal.com.pl\/#website","url":"https:\/\/rad-pal.com.pl\/","name":"Rad-Pal","description":"","publisher":{"@id":"https:\/\/rad-pal.com.pl\/#organization"},"potentialAction":[{"@type":"SearchAction","target":{"@type":"EntryPoint","urlTemplate":"https:\/\/rad-pal.com.pl\/?s={search_term_string}"},"query-input":{"@type":"PropertyValueSpecification","valueRequired":true,"valueName":"search_term_string"}}],"inLanguage":"en-GB"},{"@type":"Organization","@id":"https:\/\/rad-pal.com.pl\/#organization","name":"Rad-Pal","url":"https:\/\/rad-pal.com.pl\/","logo":{"@type":"ImageObject","inLanguage":"en-GB","@id":"https:\/\/rad-pal.com.pl\/#\/schema\/logo\/image\/","url":"https:\/\/rad-pal.com.pl\/wp-content\/uploads\/2026\/03\/Projekt-bez-nazwy-30.webp","contentUrl":"https:\/\/rad-pal.com.pl\/wp-content\/uploads\/2026\/03\/Projekt-bez-nazwy-30.webp","width":600,"height":210,"caption":"Rad-Pal"},"image":{"@id":"https:\/\/rad-pal.com.pl\/#\/schema\/logo\/image\/"}}]}},"_links":{"self":[{"href":"https:\/\/rad-pal.com.pl\/en\/wp-json\/wp\/v2\/product\/29761","targetHints":{"allow":["GET"]}}],"collection":[{"href":"https:\/\/rad-pal.com.pl\/en\/wp-json\/wp\/v2\/product"}],"about":[{"href":"https:\/\/rad-pal.com.pl\/en\/wp-json\/wp\/v2\/types\/product"}],"version-history":[{"count":0,"href":"https:\/\/rad-pal.com.pl\/en\/wp-json\/wp\/v2\/product\/29761\/revisions"}],"wp:featuredmedia":[{"embeddable":true,"href":"https:\/\/rad-pal.com.pl\/en\/wp-json\/wp\/v2\/media\/29756"}],"wp:attachment":[{"href":"https:\/\/rad-pal.com.pl\/en\/wp-json\/wp\/v2\/media?parent=29761"}],"wp:term":[{"taxonomy":"product_brand","embeddable":true,"href":"https:\/\/rad-pal.com.pl\/en\/wp-json\/wp\/v2\/product_brand?post=29761"},{"taxonomy":"product_cat","embeddable":true,"href":"https:\/\/rad-pal.com.pl\/en\/wp-json\/wp\/v2\/product_cat?post=29761"},{"taxonomy":"product_tag","embeddable":true,"href":"https:\/\/rad-pal.com.pl\/en\/wp-json\/wp\/v2\/product_tag?post=29761"}],"curies":[{"name":"wp","href":"https:\/\/api.w.org\/{rel}","templated":true}]}}