{"id":29779,"date":"2026-02-19T13:35:59","date_gmt":"2026-02-19T12:35:59","guid":{"rendered":"https:\/\/rad-pal.com.pl\/sklep\/bez-kategorii\/tasownik-maszynka-do-tasowania-kart-relaxdays\/"},"modified":"2026-02-19T14:31:31","modified_gmt":"2026-02-19T13:31:31","slug":"tasownik-maszynka-do-tasowania-kart-relaxdays","status":"publish","type":"product","link":"https:\/\/rad-pal.com.pl\/en\/sklep\/kultura-i-rozrywka\/gry\/karciane\/karciane-tradycyjne\/tasownik-maszynka-do-tasowania-kart-relaxdays\/","title":{"rendered":"Tasownik maszynka do tasowania kart Relaxdays"},"content":{"rendered":"<section class=\"section\">\n<div class=\"item item-12\">\n<section class=\"text-item\">\n<h2>Wa\u017cne informacje !<\/h2>\n<\/section><\/div>\n<\/section>\n<section class=\"section\">\n<div class=\"item item-6\">\n<section class=\"text-item\">\n<h2>&nbsp;Tasownik tasowarka kart Relaxdays 10021343 2 talie<\/h2>\n<p>Kto nie by\u0142 w takiej sytuacji?&nbsp;Podczas wieczoru przy grze pojawiaj\u0105 si\u0119 dyskusje, czy karty do gry zosta\u0142y odpowiednio wymieszane.&nbsp;Z elektronicznym tasownikiem kart uratujesz sobie ten bolesny argument.&nbsp;Za naci\u015bni\u0119ciem jednego przycisku mo\u017cna szybko wymiesza\u0107 nawet 2 talie, a gry takie jak poker, skat czy remik naprawd\u0119 si\u0119 rozkr\u0119caj\u0105.&nbsp;Mikser jest zasilany 4 bateriami AA (R6) i zapewnia d\u0142ugotrwa\u0142\u0105 rado\u015b\u0107 z gry.&nbsp;Drewniany wygl\u0105d miksera kart jest przekonuj\u0105cy.<\/p>\n<ul>\n<li>Wymiary ca\u0142kowite (wys. x szer. x g\u0142.): ok.&nbsp;10x24x13,5 cm.<\/li>\n<li>2 x przegr\u00f3dki na karty.<\/li>\n<li>1 x komora wyj\u015bciowa.<\/li>\n<li>Materia\u0142: tworzywo sztuczne.<\/li>\n<li>Dla standardowych rozmiar\u00f3w kart do wys. x szer.: 8,8 cm x 6,3 cm.<\/li>\n<li>Zasilanie bateryjne 4 baterie AA (R6) <b>nie do\u0142\u0105czone<\/b><\/li>\n<\/ul>\n<\/section><\/div>\n<div class=\"item item-6\">\n<section class=\"image-item\"><img decoding=\"async\" src=\"https:\/\/upload.cdn.baselinker.com\/products\/6014502\/28288500799753dbeb30b5ceb36707d0.jpg\" \/><\/section>\n<\/p><\/div>\n<\/section>\n<section class=\"section\">\n<div class=\"item item-12\">\n<section class=\"image-item\"><img decoding=\"async\" src=\"https:\/\/upload.cdn.baselinker.com\/products\/6014502\/1444340c1d461158fe85a97b0c670865.jpg\" \/><\/section>\n<\/p><\/div>\n<\/section>\n<section class=\"section\">\n<div class=\"item item-6\">\n<section class=\"image-item\"><img decoding=\"async\" src=\"https:\/\/upload.cdn.baselinker.com\/products\/6014502\/d3cde4ed7cea3f787c2e427b85182f0e.jpg\" \/><\/section>\n<\/p><\/div>\n<div class=\"item item-6\">\n<section class=\"image-item\"><img decoding=\"async\" src=\"https:\/\/upload.cdn.baselinker.com\/products\/6014502\/338b99afbf2c00558f55111a6eef17be.jpg\" \/><\/section>\n<\/p><\/div>\n<\/section>\n<section class=\"section\">\n<div class=\"item item-12\">\n<section class=\"image-item\"><img decoding=\"async\" src=\"https:\/\/upload.cdn.baselinker.com\/products\/6014502\/28288500799753dbeb30b5ceb36707d0.jpg\" \/><\/section>\n<\/p><\/div>\n<\/section>\n<section class=\"section\">\n<div class=\"item item-12\">\n<section class=\"text-item\">\n<h2>12<\/h2>\n<\/section><\/div>\n<\/section>","protected":false},"excerpt":{"rendered":"<p>Wa\u017cne informacje ! &nbsp;Tasownik tasowarka kart Relaxdays 10021343 2 talie Kto nie by\u0142 w takiej sytuacji?&nbsp;Podczas wieczoru przy grze pojawiaj\u0105<\/p>","protected":false},"featured_media":29775,"template":"","meta":[],"product_brand":[],"product_cat":[180,183,184,179],"product_tag":[],"class_list":{"0":"post-29779","1":"product","2":"type-product","3":"status-publish","4":"has-post-thumbnail","6":"product_cat-gry","7":"product_cat-karciane","8":"product_cat-karciane-tradycyjne","9":"product_cat-kultura-i-rozrywka","11":"first","12":"instock","13":"taxable","14":"shipping-taxable","15":"purchasable","16":"product-type-simple"},"yoast_head":"<!-- This site is optimized with the Yoast SEO plugin v25.7 - https:\/\/yoast.com\/wordpress\/plugins\/seo\/ -->\n<title>Tasownik maszynka do tasowania kart Relaxdays - Rad-Pal<\/title>\n<meta name=\"robots\" content=\"index, follow, max-snippet:-1, max-image-preview:large, max-video-preview:-1\" \/>\n<link rel=\"canonical\" href=\"https:\/\/rad-pal.com.pl\/en\/sklep\/bez-kategorii\/tasownik-maszynka-do-tasowania-kart-relaxdays\/\" \/>\n<meta property=\"og:locale\" content=\"en_GB\" \/>\n<meta property=\"og:type\" content=\"article\" \/>\n<meta property=\"og:title\" content=\"Tasownik maszynka do tasowania kart Relaxdays - Rad-Pal\" \/>\n<meta property=\"og:description\" content=\"Wa\u017cne informacje ! &nbsp;Tasownik tasowarka kart Relaxdays 10021343 2 talie Kto nie by\u0142 w takiej sytuacji?&nbsp;Podczas wieczoru przy grze pojawiaj\u0105\" \/>\n<meta property=\"og:url\" content=\"https:\/\/rad-pal.com.pl\/en\/sklep\/bez-kategorii\/tasownik-maszynka-do-tasowania-kart-relaxdays\/\" \/>\n<meta property=\"og:site_name\" content=\"Rad-Pal\" \/>\n<meta property=\"article:modified_time\" content=\"2026-02-19T13:31:31+00:00\" \/>\n<meta property=\"og:image\" content=\"https:\/\/upload.cdn.baselinker.com\/products\/6014502\/28288500799753dbeb30b5ceb36707d0.jpg\" \/>\n<meta name=\"twitter:card\" content=\"summary_large_image\" \/>\n<meta name=\"twitter:label1\" content=\"Estimated reading time\" \/>\n\t<meta name=\"twitter:data1\" content=\"1 minute\" \/>\n<script type=\"application\/ld+json\" class=\"yoast-schema-graph\">{\"@context\":\"https:\/\/schema.org\",\"@graph\":[{\"@type\":\"WebPage\",\"@id\":\"https:\/\/rad-pal.com.pl\/sklep\/bez-kategorii\/tasownik-maszynka-do-tasowania-kart-relaxdays\/\",\"url\":\"https:\/\/rad-pal.com.pl\/sklep\/bez-kategorii\/tasownik-maszynka-do-tasowania-kart-relaxdays\/\",\"name\":\"Tasownik maszynka do tasowania kart Relaxdays - Rad-Pal\",\"isPartOf\":{\"@id\":\"https:\/\/rad-pal.com.pl\/#website\"},\"primaryImageOfPage\":{\"@id\":\"https:\/\/rad-pal.com.pl\/sklep\/bez-kategorii\/tasownik-maszynka-do-tasowania-kart-relaxdays\/#primaryimage\"},\"image\":{\"@id\":\"https:\/\/rad-pal.com.pl\/sklep\/bez-kategorii\/tasownik-maszynka-do-tasowania-kart-relaxdays\/#primaryimage\"},\"thumbnailUrl\":\"https:\/\/rad-pal.com.pl\/wp-content\/uploads\/2026\/02\/28288500799753dbeb30b5ceb36707d0.jpg\",\"datePublished\":\"2026-02-19T12:35:59+00:00\",\"dateModified\":\"2026-02-19T13:31:31+00:00\",\"breadcrumb\":{\"@id\":\"https:\/\/rad-pal.com.pl\/sklep\/bez-kategorii\/tasownik-maszynka-do-tasowania-kart-relaxdays\/#breadcrumb\"},\"inLanguage\":\"en-GB\",\"potentialAction\":[{\"@type\":\"ReadAction\",\"target\":[\"https:\/\/rad-pal.com.pl\/sklep\/bez-kategorii\/tasownik-maszynka-do-tasowania-kart-relaxdays\/\"]}]},{\"@type\":\"ImageObject\",\"inLanguage\":\"en-GB\",\"@id\":\"https:\/\/rad-pal.com.pl\/sklep\/bez-kategorii\/tasownik-maszynka-do-tasowania-kart-relaxdays\/#primaryimage\",\"url\":\"https:\/\/rad-pal.com.pl\/wp-content\/uploads\/2026\/02\/28288500799753dbeb30b5ceb36707d0.jpg\",\"contentUrl\":\"https:\/\/rad-pal.com.pl\/wp-content\/uploads\/2026\/02\/28288500799753dbeb30b5ceb36707d0.jpg\",\"width\":1500,\"height\":1500,\"caption\":\"17577b61d27fbc4a80b03ec189944d0c\"},{\"@type\":\"BreadcrumbList\",\"@id\":\"https:\/\/rad-pal.com.pl\/sklep\/bez-kategorii\/tasownik-maszynka-do-tasowania-kart-relaxdays\/#breadcrumb\",\"itemListElement\":[{\"@type\":\"ListItem\",\"position\":1,\"name\":\"Strona g\u0142\u00f3wna\",\"item\":\"https:\/\/rad-pal.com.pl\/\"},{\"@type\":\"ListItem\",\"position\":2,\"name\":\"Sklep\",\"item\":\"https:\/\/rad-pal.com.pl\/sklep\/\"},{\"@type\":\"ListItem\",\"position\":3,\"name\":\"Tasownik maszynka do tasowania kart Relaxdays\"}]},{\"@type\":\"WebSite\",\"@id\":\"https:\/\/rad-pal.com.pl\/#website\",\"url\":\"https:\/\/rad-pal.com.pl\/\",\"name\":\"Rad-Pal\",\"description\":\"\",\"publisher\":{\"@id\":\"https:\/\/rad-pal.com.pl\/#organization\"},\"potentialAction\":[{\"@type\":\"SearchAction\",\"target\":{\"@type\":\"EntryPoint\",\"urlTemplate\":\"https:\/\/rad-pal.com.pl\/?s={search_term_string}\"},\"query-input\":{\"@type\":\"PropertyValueSpecification\",\"valueRequired\":true,\"valueName\":\"search_term_string\"}}],\"inLanguage\":\"en-GB\"},{\"@type\":\"Organization\",\"@id\":\"https:\/\/rad-pal.com.pl\/#organization\",\"name\":\"Rad-Pal\",\"url\":\"https:\/\/rad-pal.com.pl\/\",\"logo\":{\"@type\":\"ImageObject\",\"inLanguage\":\"en-GB\",\"@id\":\"https:\/\/rad-pal.com.pl\/#\/schema\/logo\/image\/\",\"url\":\"https:\/\/rad-pal.com.pl\/wp-content\/uploads\/2026\/03\/Projekt-bez-nazwy-30.webp\",\"contentUrl\":\"https:\/\/rad-pal.com.pl\/wp-content\/uploads\/2026\/03\/Projekt-bez-nazwy-30.webp\",\"width\":600,\"height\":210,\"caption\":\"Rad-Pal\"},\"image\":{\"@id\":\"https:\/\/rad-pal.com.pl\/#\/schema\/logo\/image\/\"}}]}<\/script>\n<!-- \/ Yoast SEO plugin. -->","yoast_head_json":{"title":"Tasownik maszynka do tasowania kart Relaxdays - Rad-Pal","robots":{"index":"index","follow":"follow","max-snippet":"max-snippet:-1","max-image-preview":"max-image-preview:large","max-video-preview":"max-video-preview:-1"},"canonical":"https:\/\/rad-pal.com.pl\/en\/sklep\/bez-kategorii\/tasownik-maszynka-do-tasowania-kart-relaxdays\/","og_locale":"en_GB","og_type":"article","og_title":"Tasownik maszynka do tasowania kart Relaxdays - Rad-Pal","og_description":"Wa\u017cne informacje ! &nbsp;Tasownik tasowarka kart Relaxdays 10021343 2 talie Kto nie by\u0142 w takiej sytuacji?&nbsp;Podczas wieczoru przy grze pojawiaj\u0105","og_url":"https:\/\/rad-pal.com.pl\/en\/sklep\/bez-kategorii\/tasownik-maszynka-do-tasowania-kart-relaxdays\/","og_site_name":"Rad-Pal","article_modified_time":"2026-02-19T13:31:31+00:00","og_image":[{"url":"https:\/\/upload.cdn.baselinker.com\/products\/6014502\/28288500799753dbeb30b5ceb36707d0.jpg","type":"","width":"","height":""}],"twitter_card":"summary_large_image","twitter_misc":{"Estimated reading time":"1 minute"},"schema":{"@context":"https:\/\/schema.org","@graph":[{"@type":"WebPage","@id":"https:\/\/rad-pal.com.pl\/sklep\/bez-kategorii\/tasownik-maszynka-do-tasowania-kart-relaxdays\/","url":"https:\/\/rad-pal.com.pl\/sklep\/bez-kategorii\/tasownik-maszynka-do-tasowania-kart-relaxdays\/","name":"Tasownik maszynka do tasowania kart Relaxdays - Rad-Pal","isPartOf":{"@id":"https:\/\/rad-pal.com.pl\/#website"},"primaryImageOfPage":{"@id":"https:\/\/rad-pal.com.pl\/sklep\/bez-kategorii\/tasownik-maszynka-do-tasowania-kart-relaxdays\/#primaryimage"},"image":{"@id":"https:\/\/rad-pal.com.pl\/sklep\/bez-kategorii\/tasownik-maszynka-do-tasowania-kart-relaxdays\/#primaryimage"},"thumbnailUrl":"https:\/\/rad-pal.com.pl\/wp-content\/uploads\/2026\/02\/28288500799753dbeb30b5ceb36707d0.jpg","datePublished":"2026-02-19T12:35:59+00:00","dateModified":"2026-02-19T13:31:31+00:00","breadcrumb":{"@id":"https:\/\/rad-pal.com.pl\/sklep\/bez-kategorii\/tasownik-maszynka-do-tasowania-kart-relaxdays\/#breadcrumb"},"inLanguage":"en-GB","potentialAction":[{"@type":"ReadAction","target":["https:\/\/rad-pal.com.pl\/sklep\/bez-kategorii\/tasownik-maszynka-do-tasowania-kart-relaxdays\/"]}]},{"@type":"ImageObject","inLanguage":"en-GB","@id":"https:\/\/rad-pal.com.pl\/sklep\/bez-kategorii\/tasownik-maszynka-do-tasowania-kart-relaxdays\/#primaryimage","url":"https:\/\/rad-pal.com.pl\/wp-content\/uploads\/2026\/02\/28288500799753dbeb30b5ceb36707d0.jpg","contentUrl":"https:\/\/rad-pal.com.pl\/wp-content\/uploads\/2026\/02\/28288500799753dbeb30b5ceb36707d0.jpg","width":1500,"height":1500,"caption":"17577b61d27fbc4a80b03ec189944d0c"},{"@type":"BreadcrumbList","@id":"https:\/\/rad-pal.com.pl\/sklep\/bez-kategorii\/tasownik-maszynka-do-tasowania-kart-relaxdays\/#breadcrumb","itemListElement":[{"@type":"ListItem","position":1,"name":"Strona g\u0142\u00f3wna","item":"https:\/\/rad-pal.com.pl\/"},{"@type":"ListItem","position":2,"name":"Sklep","item":"https:\/\/rad-pal.com.pl\/sklep\/"},{"@type":"ListItem","position":3,"name":"Tasownik maszynka do tasowania kart Relaxdays"}]},{"@type":"WebSite","@id":"https:\/\/rad-pal.com.pl\/#website","url":"https:\/\/rad-pal.com.pl\/","name":"Rad-Pal","description":"","publisher":{"@id":"https:\/\/rad-pal.com.pl\/#organization"},"potentialAction":[{"@type":"SearchAction","target":{"@type":"EntryPoint","urlTemplate":"https:\/\/rad-pal.com.pl\/?s={search_term_string}"},"query-input":{"@type":"PropertyValueSpecification","valueRequired":true,"valueName":"search_term_string"}}],"inLanguage":"en-GB"},{"@type":"Organization","@id":"https:\/\/rad-pal.com.pl\/#organization","name":"Rad-Pal","url":"https:\/\/rad-pal.com.pl\/","logo":{"@type":"ImageObject","inLanguage":"en-GB","@id":"https:\/\/rad-pal.com.pl\/#\/schema\/logo\/image\/","url":"https:\/\/rad-pal.com.pl\/wp-content\/uploads\/2026\/03\/Projekt-bez-nazwy-30.webp","contentUrl":"https:\/\/rad-pal.com.pl\/wp-content\/uploads\/2026\/03\/Projekt-bez-nazwy-30.webp","width":600,"height":210,"caption":"Rad-Pal"},"image":{"@id":"https:\/\/rad-pal.com.pl\/#\/schema\/logo\/image\/"}}]}},"_links":{"self":[{"href":"https:\/\/rad-pal.com.pl\/en\/wp-json\/wp\/v2\/product\/29779","targetHints":{"allow":["GET"]}}],"collection":[{"href":"https:\/\/rad-pal.com.pl\/en\/wp-json\/wp\/v2\/product"}],"about":[{"href":"https:\/\/rad-pal.com.pl\/en\/wp-json\/wp\/v2\/types\/product"}],"version-history":[{"count":0,"href":"https:\/\/rad-pal.com.pl\/en\/wp-json\/wp\/v2\/product\/29779\/revisions"}],"wp:featuredmedia":[{"embeddable":true,"href":"https:\/\/rad-pal.com.pl\/en\/wp-json\/wp\/v2\/media\/29775"}],"wp:attachment":[{"href":"https:\/\/rad-pal.com.pl\/en\/wp-json\/wp\/v2\/media?parent=29779"}],"wp:term":[{"taxonomy":"product_brand","embeddable":true,"href":"https:\/\/rad-pal.com.pl\/en\/wp-json\/wp\/v2\/product_brand?post=29779"},{"taxonomy":"product_cat","embeddable":true,"href":"https:\/\/rad-pal.com.pl\/en\/wp-json\/wp\/v2\/product_cat?post=29779"},{"taxonomy":"product_tag","embeddable":true,"href":"https:\/\/rad-pal.com.pl\/en\/wp-json\/wp\/v2\/product_tag?post=29779"}],"curies":[{"name":"wp","href":"https:\/\/api.w.org\/{rel}","templated":true}]}}