{"id":29784,"date":"2026-02-19T13:36:20","date_gmt":"2026-02-19T12:36:20","guid":{"rendered":"https:\/\/rad-pal.com.pl\/sklep\/bez-kategorii\/skarbonka-lama-w-okularach-slonecznych\/"},"modified":"2026-02-19T14:31:37","modified_gmt":"2026-02-19T13:31:37","slug":"skarbonka-lama-w-okularach-slonecznych","status":"publish","type":"product","link":"https:\/\/rad-pal.com.pl\/en\/sklep\/dziecko\/pokoj-dzieciecy\/wyposazenie-pokoj-dzieciecy\/dekoracje-i-ozdoby\/skarbonki\/skarbonka-lama-w-okularach-slonecznych\/","title":{"rendered":"Skarbonka lama w okularach s\u0142onecznych"},"content":{"rendered":"<section class=\"section\">\n<div class=\"item item-6\">\n<section class=\"text-item\">\n<p>Oszcz\u0119dzanie pieni\u0119dzy z nasz\u0105 urocz\u0105 skarbonk\u0105 w formie lamy sprawia jeszcze wi\u0119cej frajdy! Te kultowe zwierz\u0105tko z Ameryki Po\u0142udniowej w modnych okularach przeciws\u0142onecznych sprawdza si\u0119 r\u00f3wnie\u017c jako dekoracja w pokoju dzieci\u0119cym lub salonie. Poprzez niewielki otw\u00f3r na grzbiecie lamy mo\u017cesz wrzuca\u0107 zar\u00f3wno monety, jak i banknoty. Nasza skarbonka dla dzieci alpaka to \u015bwietny pomys\u0142 na prezent na urodziny i inne okazje. Oryginalny design tej ceramicznej skarbonki na pieni\u0105dze w jednakowym stopniu zachwyca dzieci, m\u0142odzie\u017c i doros\u0142ych.<\/p>\n<h2>Skarbonka lama w okularach s\u0142onecznych<\/h2>\n<p>\u2022 Wymiary ca\u0142kowite: ok. 15,5 x 11 x 6 cm (wys. x szer. x d\u0142.)<\/p>\n<p>\u2022 Waga: ok. 230 g<\/p>\n<p>\u2022 Materia\u0142: ceramika<\/p>\n<p>\u2022 Kolor: r\u00f3\u017cne<\/p>\n<h2>Urocza skarbonka dla dzieci alpaka<\/h2>\n<p>\u2022 Na monety i banknoty<\/p>\n<p>\u2022 \u015awietny pomys\u0142 na prezent na urodziny i inne okazje<\/p>\n<p>\u2022 Rzucaj\u0105ca si\u0119 w oczy dekoracja<\/p>\n<p>\u2022 Stylowe zwierz\u0105tko w modnych okularach s\u0142onecznych<\/p>\n<p>\u2022 Gumowa zatyczka i podk\u0142adki zapobiegaj\u0105ce powstawaniu zarysowa\u0144 na meblach<\/p>\n<\/section><\/div>\n<div class=\"item item-6\">\n<section class=\"image-item\"><img decoding=\"async\" src=\"https:\/\/upload.cdn.baselinker.com\/products\/6014502\/b819ff201329ba479c817882342ccf04.jpg\" \/><\/section>\n<\/p><\/div>\n<\/section>\n<section class=\"section\">\n<div class=\"item item-6\">\n<section class=\"image-item\"><img decoding=\"async\" src=\"https:\/\/upload.cdn.baselinker.com\/products\/6014502\/9da0b5c8c68fb138acb878e8b3e57abc.jpg\" \/><\/section>\n<\/p><\/div>\n<div class=\"item item-6\">\n<section class=\"image-item\"><img decoding=\"async\" src=\"https:\/\/upload.cdn.baselinker.com\/products\/6014502\/bddb4d82116f72a192d4eff98eb9e32e.jpg\" \/><\/section>\n<\/p><\/div>\n<\/section>\n<section class=\"section\">\n<div class=\"item item-12\">\n<section class=\"image-item\"><img decoding=\"async\" src=\"https:\/\/upload.cdn.baselinker.com\/products\/6014502\/647d84551f5eb999233a6588e3993e46.jpg\" \/><\/section>\n<\/p><\/div>\n<\/section>\n<section class=\"section\">\n<div class=\"item item-12\">\n<section class=\"text-item\">\n<p>12<\/p>\n<\/section><\/div>\n<\/section>","protected":false},"excerpt":{"rendered":"<p>Oszcz\u0119dzanie pieni\u0119dzy z nasz\u0105 urocz\u0105 skarbonk\u0105 w formie lamy sprawia jeszcze wi\u0119cej frajdy! Te kultowe zwierz\u0105tko z Ameryki Po\u0142udniowej w<\/p>","protected":false},"featured_media":29780,"template":"","meta":[],"product_brand":[],"product_cat":[186,81,159,187,185],"product_tag":[],"class_list":{"0":"post-29784","1":"product","2":"type-product","3":"status-publish","4":"has-post-thumbnail","6":"product_cat-dekoracje-i-ozdoby","7":"product_cat-dziecko","8":"product_cat-pokoj-dzieciecy","9":"product_cat-skarbonki","10":"product_cat-wyposazenie-pokoj-dzieciecy","12":"first","13":"instock","14":"taxable","15":"shipping-taxable","16":"purchasable","17":"product-type-simple"},"yoast_head":"<!-- This site is optimized with the Yoast SEO plugin v25.7 - https:\/\/yoast.com\/wordpress\/plugins\/seo\/ -->\n<title>Skarbonka lama w okularach s\u0142onecznych - Rad-Pal<\/title>\n<meta name=\"robots\" content=\"index, follow, max-snippet:-1, max-image-preview:large, max-video-preview:-1\" \/>\n<link rel=\"canonical\" href=\"https:\/\/rad-pal.com.pl\/en\/sklep\/bez-kategorii\/skarbonka-lama-w-okularach-slonecznych\/\" \/>\n<meta property=\"og:locale\" content=\"en_GB\" \/>\n<meta property=\"og:type\" content=\"article\" \/>\n<meta property=\"og:title\" content=\"Skarbonka lama w okularach s\u0142onecznych - Rad-Pal\" \/>\n<meta property=\"og:description\" content=\"Oszcz\u0119dzanie pieni\u0119dzy z nasz\u0105 urocz\u0105 skarbonk\u0105 w formie lamy sprawia jeszcze wi\u0119cej frajdy! Te kultowe zwierz\u0105tko z Ameryki Po\u0142udniowej w\" \/>\n<meta property=\"og:url\" content=\"https:\/\/rad-pal.com.pl\/en\/sklep\/bez-kategorii\/skarbonka-lama-w-okularach-slonecznych\/\" \/>\n<meta property=\"og:site_name\" content=\"Rad-Pal\" \/>\n<meta property=\"article:modified_time\" content=\"2026-02-19T13:31:37+00:00\" \/>\n<meta property=\"og:image\" content=\"https:\/\/upload.cdn.baselinker.com\/products\/6014502\/b819ff201329ba479c817882342ccf04.jpg\" \/>\n<meta name=\"twitter:card\" content=\"summary_large_image\" \/>\n<meta name=\"twitter:label1\" content=\"Estimated reading time\" \/>\n\t<meta name=\"twitter:data1\" content=\"1 minute\" \/>\n<script type=\"application\/ld+json\" class=\"yoast-schema-graph\">{\"@context\":\"https:\/\/schema.org\",\"@graph\":[{\"@type\":\"WebPage\",\"@id\":\"https:\/\/rad-pal.com.pl\/sklep\/bez-kategorii\/skarbonka-lama-w-okularach-slonecznych\/\",\"url\":\"https:\/\/rad-pal.com.pl\/sklep\/bez-kategorii\/skarbonka-lama-w-okularach-slonecznych\/\",\"name\":\"Skarbonka lama w okularach s\u0142onecznych - Rad-Pal\",\"isPartOf\":{\"@id\":\"https:\/\/rad-pal.com.pl\/#website\"},\"primaryImageOfPage\":{\"@id\":\"https:\/\/rad-pal.com.pl\/sklep\/bez-kategorii\/skarbonka-lama-w-okularach-slonecznych\/#primaryimage\"},\"image\":{\"@id\":\"https:\/\/rad-pal.com.pl\/sklep\/bez-kategorii\/skarbonka-lama-w-okularach-slonecznych\/#primaryimage\"},\"thumbnailUrl\":\"https:\/\/rad-pal.com.pl\/wp-content\/uploads\/2026\/02\/b819ff201329ba479c817882342ccf04.jpg\",\"datePublished\":\"2026-02-19T12:36:20+00:00\",\"dateModified\":\"2026-02-19T13:31:37+00:00\",\"breadcrumb\":{\"@id\":\"https:\/\/rad-pal.com.pl\/sklep\/bez-kategorii\/skarbonka-lama-w-okularach-slonecznych\/#breadcrumb\"},\"inLanguage\":\"en-GB\",\"potentialAction\":[{\"@type\":\"ReadAction\",\"target\":[\"https:\/\/rad-pal.com.pl\/sklep\/bez-kategorii\/skarbonka-lama-w-okularach-slonecznych\/\"]}]},{\"@type\":\"ImageObject\",\"inLanguage\":\"en-GB\",\"@id\":\"https:\/\/rad-pal.com.pl\/sklep\/bez-kategorii\/skarbonka-lama-w-okularach-slonecznych\/#primaryimage\",\"url\":\"https:\/\/rad-pal.com.pl\/wp-content\/uploads\/2026\/02\/b819ff201329ba479c817882342ccf04.jpg\",\"contentUrl\":\"https:\/\/rad-pal.com.pl\/wp-content\/uploads\/2026\/02\/b819ff201329ba479c817882342ccf04.jpg\",\"width\":2560,\"height\":2560,\"caption\":\"4b53f738e733f76d0ef5121467e597e8\"},{\"@type\":\"BreadcrumbList\",\"@id\":\"https:\/\/rad-pal.com.pl\/sklep\/bez-kategorii\/skarbonka-lama-w-okularach-slonecznych\/#breadcrumb\",\"itemListElement\":[{\"@type\":\"ListItem\",\"position\":1,\"name\":\"Strona g\u0142\u00f3wna\",\"item\":\"https:\/\/rad-pal.com.pl\/\"},{\"@type\":\"ListItem\",\"position\":2,\"name\":\"Sklep\",\"item\":\"https:\/\/rad-pal.com.pl\/sklep\/\"},{\"@type\":\"ListItem\",\"position\":3,\"name\":\"Skarbonka lama w okularach s\u0142onecznych\"}]},{\"@type\":\"WebSite\",\"@id\":\"https:\/\/rad-pal.com.pl\/#website\",\"url\":\"https:\/\/rad-pal.com.pl\/\",\"name\":\"Rad-Pal\",\"description\":\"\",\"publisher\":{\"@id\":\"https:\/\/rad-pal.com.pl\/#organization\"},\"potentialAction\":[{\"@type\":\"SearchAction\",\"target\":{\"@type\":\"EntryPoint\",\"urlTemplate\":\"https:\/\/rad-pal.com.pl\/?s={search_term_string}\"},\"query-input\":{\"@type\":\"PropertyValueSpecification\",\"valueRequired\":true,\"valueName\":\"search_term_string\"}}],\"inLanguage\":\"en-GB\"},{\"@type\":\"Organization\",\"@id\":\"https:\/\/rad-pal.com.pl\/#organization\",\"name\":\"Rad-Pal\",\"url\":\"https:\/\/rad-pal.com.pl\/\",\"logo\":{\"@type\":\"ImageObject\",\"inLanguage\":\"en-GB\",\"@id\":\"https:\/\/rad-pal.com.pl\/#\/schema\/logo\/image\/\",\"url\":\"https:\/\/rad-pal.com.pl\/wp-content\/uploads\/2026\/03\/Projekt-bez-nazwy-30.webp\",\"contentUrl\":\"https:\/\/rad-pal.com.pl\/wp-content\/uploads\/2026\/03\/Projekt-bez-nazwy-30.webp\",\"width\":600,\"height\":210,\"caption\":\"Rad-Pal\"},\"image\":{\"@id\":\"https:\/\/rad-pal.com.pl\/#\/schema\/logo\/image\/\"}}]}<\/script>\n<!-- \/ Yoast SEO plugin. -->","yoast_head_json":{"title":"Skarbonka lama w okularach s\u0142onecznych - Rad-Pal","robots":{"index":"index","follow":"follow","max-snippet":"max-snippet:-1","max-image-preview":"max-image-preview:large","max-video-preview":"max-video-preview:-1"},"canonical":"https:\/\/rad-pal.com.pl\/en\/sklep\/bez-kategorii\/skarbonka-lama-w-okularach-slonecznych\/","og_locale":"en_GB","og_type":"article","og_title":"Skarbonka lama w okularach s\u0142onecznych - Rad-Pal","og_description":"Oszcz\u0119dzanie pieni\u0119dzy z nasz\u0105 urocz\u0105 skarbonk\u0105 w formie lamy sprawia jeszcze wi\u0119cej frajdy! Te kultowe zwierz\u0105tko z Ameryki Po\u0142udniowej w","og_url":"https:\/\/rad-pal.com.pl\/en\/sklep\/bez-kategorii\/skarbonka-lama-w-okularach-slonecznych\/","og_site_name":"Rad-Pal","article_modified_time":"2026-02-19T13:31:37+00:00","og_image":[{"url":"https:\/\/upload.cdn.baselinker.com\/products\/6014502\/b819ff201329ba479c817882342ccf04.jpg","type":"","width":"","height":""}],"twitter_card":"summary_large_image","twitter_misc":{"Estimated reading time":"1 minute"},"schema":{"@context":"https:\/\/schema.org","@graph":[{"@type":"WebPage","@id":"https:\/\/rad-pal.com.pl\/sklep\/bez-kategorii\/skarbonka-lama-w-okularach-slonecznych\/","url":"https:\/\/rad-pal.com.pl\/sklep\/bez-kategorii\/skarbonka-lama-w-okularach-slonecznych\/","name":"Skarbonka lama w okularach s\u0142onecznych - Rad-Pal","isPartOf":{"@id":"https:\/\/rad-pal.com.pl\/#website"},"primaryImageOfPage":{"@id":"https:\/\/rad-pal.com.pl\/sklep\/bez-kategorii\/skarbonka-lama-w-okularach-slonecznych\/#primaryimage"},"image":{"@id":"https:\/\/rad-pal.com.pl\/sklep\/bez-kategorii\/skarbonka-lama-w-okularach-slonecznych\/#primaryimage"},"thumbnailUrl":"https:\/\/rad-pal.com.pl\/wp-content\/uploads\/2026\/02\/b819ff201329ba479c817882342ccf04.jpg","datePublished":"2026-02-19T12:36:20+00:00","dateModified":"2026-02-19T13:31:37+00:00","breadcrumb":{"@id":"https:\/\/rad-pal.com.pl\/sklep\/bez-kategorii\/skarbonka-lama-w-okularach-slonecznych\/#breadcrumb"},"inLanguage":"en-GB","potentialAction":[{"@type":"ReadAction","target":["https:\/\/rad-pal.com.pl\/sklep\/bez-kategorii\/skarbonka-lama-w-okularach-slonecznych\/"]}]},{"@type":"ImageObject","inLanguage":"en-GB","@id":"https:\/\/rad-pal.com.pl\/sklep\/bez-kategorii\/skarbonka-lama-w-okularach-slonecznych\/#primaryimage","url":"https:\/\/rad-pal.com.pl\/wp-content\/uploads\/2026\/02\/b819ff201329ba479c817882342ccf04.jpg","contentUrl":"https:\/\/rad-pal.com.pl\/wp-content\/uploads\/2026\/02\/b819ff201329ba479c817882342ccf04.jpg","width":2560,"height":2560,"caption":"4b53f738e733f76d0ef5121467e597e8"},{"@type":"BreadcrumbList","@id":"https:\/\/rad-pal.com.pl\/sklep\/bez-kategorii\/skarbonka-lama-w-okularach-slonecznych\/#breadcrumb","itemListElement":[{"@type":"ListItem","position":1,"name":"Strona g\u0142\u00f3wna","item":"https:\/\/rad-pal.com.pl\/"},{"@type":"ListItem","position":2,"name":"Sklep","item":"https:\/\/rad-pal.com.pl\/sklep\/"},{"@type":"ListItem","position":3,"name":"Skarbonka lama w okularach s\u0142onecznych"}]},{"@type":"WebSite","@id":"https:\/\/rad-pal.com.pl\/#website","url":"https:\/\/rad-pal.com.pl\/","name":"Rad-Pal","description":"","publisher":{"@id":"https:\/\/rad-pal.com.pl\/#organization"},"potentialAction":[{"@type":"SearchAction","target":{"@type":"EntryPoint","urlTemplate":"https:\/\/rad-pal.com.pl\/?s={search_term_string}"},"query-input":{"@type":"PropertyValueSpecification","valueRequired":true,"valueName":"search_term_string"}}],"inLanguage":"en-GB"},{"@type":"Organization","@id":"https:\/\/rad-pal.com.pl\/#organization","name":"Rad-Pal","url":"https:\/\/rad-pal.com.pl\/","logo":{"@type":"ImageObject","inLanguage":"en-GB","@id":"https:\/\/rad-pal.com.pl\/#\/schema\/logo\/image\/","url":"https:\/\/rad-pal.com.pl\/wp-content\/uploads\/2026\/03\/Projekt-bez-nazwy-30.webp","contentUrl":"https:\/\/rad-pal.com.pl\/wp-content\/uploads\/2026\/03\/Projekt-bez-nazwy-30.webp","width":600,"height":210,"caption":"Rad-Pal"},"image":{"@id":"https:\/\/rad-pal.com.pl\/#\/schema\/logo\/image\/"}}]}},"_links":{"self":[{"href":"https:\/\/rad-pal.com.pl\/en\/wp-json\/wp\/v2\/product\/29784","targetHints":{"allow":["GET"]}}],"collection":[{"href":"https:\/\/rad-pal.com.pl\/en\/wp-json\/wp\/v2\/product"}],"about":[{"href":"https:\/\/rad-pal.com.pl\/en\/wp-json\/wp\/v2\/types\/product"}],"version-history":[{"count":0,"href":"https:\/\/rad-pal.com.pl\/en\/wp-json\/wp\/v2\/product\/29784\/revisions"}],"wp:featuredmedia":[{"embeddable":true,"href":"https:\/\/rad-pal.com.pl\/en\/wp-json\/wp\/v2\/media\/29780"}],"wp:attachment":[{"href":"https:\/\/rad-pal.com.pl\/en\/wp-json\/wp\/v2\/media?parent=29784"}],"wp:term":[{"taxonomy":"product_brand","embeddable":true,"href":"https:\/\/rad-pal.com.pl\/en\/wp-json\/wp\/v2\/product_brand?post=29784"},{"taxonomy":"product_cat","embeddable":true,"href":"https:\/\/rad-pal.com.pl\/en\/wp-json\/wp\/v2\/product_cat?post=29784"},{"taxonomy":"product_tag","embeddable":true,"href":"https:\/\/rad-pal.com.pl\/en\/wp-json\/wp\/v2\/product_tag?post=29784"}],"curies":[{"name":"wp","href":"https:\/\/api.w.org\/{rel}","templated":true}]}}