{"id":29807,"date":"2026-02-19T13:37:19","date_gmt":"2026-02-19T12:37:19","guid":{"rendered":"https:\/\/rad-pal.com.pl\/sklep\/bez-kategorii\/kieliszki-gra-chinczyk-szoty-relaxday\/"},"modified":"2026-03-26T03:25:28","modified_gmt":"2026-03-26T02:25:28","slug":"kieliszki-gra-chinczyk-szoty-relaxday","status":"publish","type":"product","link":"https:\/\/rad-pal.com.pl\/en\/sklep\/kultura-i-rozrywka\/gry\/planszowe\/imprezowe\/kieliszki-gra-chinczyk-szoty-relaxday\/","title":{"rendered":"Kieliszki gra chi\u0144czyk szoty Relaxday"},"content":{"rendered":"<section class=\"section\">\n<div class=\"item item-6\">\n<section class=\"image-item\"><img decoding=\"async\" src=\"https:\/\/upload.cdn.baselinker.com\/products\/6014502\/791f5e41895e125f67cdb63c6dda096e.jpg\" \/><\/section>\n<\/p><\/div>\n<div class=\"item item-6\">\n<section class=\"text-item\">\n<h2>Imprezowa gra planszowa dla doros\u0142ych<\/h2>\n<p>O\u017cyw swoj\u0105 imprez\u0119 dzi\u0119ki tej oryginalnej grze w picie. Opiera si\u0119 na zasadach popularnego chi\u0144czyka, z t\u0105 r\u00f3\u017cnic\u0105, \u017ce zamiast pionk\u00f3w s\u0105 kieliszki. Je\u017celi zostaniesz zbity, musisz go opr\u00f3\u017cni\u0107. Plansza jest wykonana w ca\u0142o\u015bci ze szk\u0142a i dzi\u0119ki 4 podstawkom jest antypo\u015blizgowa i stoi delikatnie, ale stabilnie na powierzchni. W zestawie znajduje si\u0119 16 ma\u0142ych kieliszk\u00f3w w 4 kolorach oraz 2 kostki do gry. Wystarczy rozpakowa\u0107, ustawi\u0107, nape\u0142ni\u0107 \u201epionki\u201d i mo\u017cna zaczyna\u0107 zabaw\u0119.<\/p>\n<\/section><\/div>\n<\/section>\n<section class=\"section\">\n<div class=\"item item-6\">\n<section class=\"image-item\"><img decoding=\"async\" src=\"https:\/\/upload.cdn.baselinker.com\/products\/6014502\/a7586af02d8debc1eb7451799cd50d1c.jpg\" \/><\/section>\n<\/p><\/div>\n<div class=\"item item-6\">\n<section class=\"text-item\">\n<h2>Alkogra na zasadach tradycyjnego chi\u0144\u0107zyka<\/h2>\n<ul>\n<li>podkr\u0119\u0107 ka\u017cd\u0105 imprez\u0119<\/li>\n<li>od 2 do 4 graczy<\/li>\n<li>wysoka jako\u015b\u0107 wykonania<\/li>\n<li>idealny pomys\u0142 na prezent dla doros\u0142ych<\/li>\n<li>alkoholowa gra na wieczory kawalerskie lub panie\u0144skie<\/li>\n<\/ul>\n<\/section><\/div>\n<\/section>\n<section class=\"section\">\n<div class=\"item item-6\">\n<section class=\"image-item\"><img decoding=\"async\" src=\"https:\/\/upload.cdn.baselinker.com\/products\/6014502\/6a05b6a71cd0cb2060219bbae0cad7fc.jpg\" \/><\/section>\n<\/p><\/div>\n<div class=\"item item-6\">\n<section class=\"text-item\">\n<h2>Parametry alkochi\u0144czyka<\/h2>\n<ul>\n<li>wymiary planszy: ok. 0,5 x 30 x 30 cm (wys. x szer. x d\u0142.)<\/li>\n<li>waga: ok. 1,2 kg<\/li>\n<li>wykonany ze szk\u0142a i tworzywa sztucznego<\/li>\n<li>hit ka\u017cdej doros\u0142ej imprezy<\/li>\n<li>ma\u0142e kieliszki do w\u00f3dki zamiast pionk\u00f3w<\/li>\n<\/ul>\n<\/section><\/div>\n<\/section>\n<section class=\"section\">\n<div class=\"item item-12\">\n<section class=\"text-item\">\n<p>12<\/p>\n<\/section><\/div>\n<\/section>","protected":false},"excerpt":{"rendered":"<p>Imprezowa gra planszowa dla doros\u0142ych O\u017cyw swoj\u0105 imprez\u0119 dzi\u0119ki tej oryginalnej grze w picie. Opiera si\u0119 na zasadach popularnego chi\u0144czyka,<\/p>","protected":false},"featured_media":29799,"template":"","meta":[],"product_brand":[],"product_cat":[180,192,179,191],"product_tag":[],"class_list":{"0":"post-29807","1":"product","2":"type-product","3":"status-publish","4":"has-post-thumbnail","6":"product_cat-gry","7":"product_cat-imprezowe","8":"product_cat-kultura-i-rozrywka","9":"product_cat-planszowe","11":"first","12":"instock","13":"taxable","14":"shipping-taxable","15":"purchasable","16":"product-type-simple"},"yoast_head":"<!-- This site is optimized with the Yoast SEO plugin v25.7 - https:\/\/yoast.com\/wordpress\/plugins\/seo\/ -->\n<title>Kieliszki gra chi\u0144czyk szoty Relaxday - Rad-Pal<\/title>\n<meta name=\"robots\" content=\"index, follow, max-snippet:-1, max-image-preview:large, max-video-preview:-1\" \/>\n<link rel=\"canonical\" href=\"https:\/\/rad-pal.com.pl\/en\/sklep\/bez-kategorii\/kieliszki-gra-chinczyk-szoty-relaxday\/\" \/>\n<meta property=\"og:locale\" content=\"en_GB\" \/>\n<meta property=\"og:type\" content=\"article\" \/>\n<meta property=\"og:title\" content=\"Kieliszki gra chi\u0144czyk szoty Relaxday - Rad-Pal\" \/>\n<meta property=\"og:description\" content=\"Imprezowa gra planszowa dla doros\u0142ych O\u017cyw swoj\u0105 imprez\u0119 dzi\u0119ki tej oryginalnej grze w picie. Opiera si\u0119 na zasadach popularnego chi\u0144czyka,\" \/>\n<meta property=\"og:url\" content=\"https:\/\/rad-pal.com.pl\/en\/sklep\/bez-kategorii\/kieliszki-gra-chinczyk-szoty-relaxday\/\" \/>\n<meta property=\"og:site_name\" content=\"Rad-Pal\" \/>\n<meta property=\"article:modified_time\" content=\"2026-03-26T02:25:28+00:00\" \/>\n<meta property=\"og:image\" content=\"https:\/\/upload.cdn.baselinker.com\/products\/6014502\/791f5e41895e125f67cdb63c6dda096e.jpg\" \/>\n<meta name=\"twitter:card\" content=\"summary_large_image\" \/>\n<meta name=\"twitter:label1\" content=\"Estimated reading time\" \/>\n\t<meta name=\"twitter:data1\" content=\"1 minute\" \/>\n<script type=\"application\/ld+json\" class=\"yoast-schema-graph\">{\"@context\":\"https:\/\/schema.org\",\"@graph\":[{\"@type\":\"WebPage\",\"@id\":\"https:\/\/rad-pal.com.pl\/sklep\/bez-kategorii\/kieliszki-gra-chinczyk-szoty-relaxday\/\",\"url\":\"https:\/\/rad-pal.com.pl\/sklep\/bez-kategorii\/kieliszki-gra-chinczyk-szoty-relaxday\/\",\"name\":\"Kieliszki gra chi\u0144czyk szoty Relaxday - Rad-Pal\",\"isPartOf\":{\"@id\":\"https:\/\/rad-pal.com.pl\/#website\"},\"primaryImageOfPage\":{\"@id\":\"https:\/\/rad-pal.com.pl\/sklep\/bez-kategorii\/kieliszki-gra-chinczyk-szoty-relaxday\/#primaryimage\"},\"image\":{\"@id\":\"https:\/\/rad-pal.com.pl\/sklep\/bez-kategorii\/kieliszki-gra-chinczyk-szoty-relaxday\/#primaryimage\"},\"thumbnailUrl\":\"https:\/\/rad-pal.com.pl\/wp-content\/uploads\/2026\/02\/6a05b6a71cd0cb2060219bbae0cad7fc.jpg\",\"datePublished\":\"2026-02-19T12:37:19+00:00\",\"dateModified\":\"2026-03-26T02:25:28+00:00\",\"breadcrumb\":{\"@id\":\"https:\/\/rad-pal.com.pl\/sklep\/bez-kategorii\/kieliszki-gra-chinczyk-szoty-relaxday\/#breadcrumb\"},\"inLanguage\":\"en-GB\",\"potentialAction\":[{\"@type\":\"ReadAction\",\"target\":[\"https:\/\/rad-pal.com.pl\/sklep\/bez-kategorii\/kieliszki-gra-chinczyk-szoty-relaxday\/\"]}]},{\"@type\":\"ImageObject\",\"inLanguage\":\"en-GB\",\"@id\":\"https:\/\/rad-pal.com.pl\/sklep\/bez-kategorii\/kieliszki-gra-chinczyk-szoty-relaxday\/#primaryimage\",\"url\":\"https:\/\/rad-pal.com.pl\/wp-content\/uploads\/2026\/02\/6a05b6a71cd0cb2060219bbae0cad7fc.jpg\",\"contentUrl\":\"https:\/\/rad-pal.com.pl\/wp-content\/uploads\/2026\/02\/6a05b6a71cd0cb2060219bbae0cad7fc.jpg\",\"width\":920,\"height\":713,\"caption\":\"796f856c2314ab019624d24dc7a8d6ca\"},{\"@type\":\"BreadcrumbList\",\"@id\":\"https:\/\/rad-pal.com.pl\/sklep\/bez-kategorii\/kieliszki-gra-chinczyk-szoty-relaxday\/#breadcrumb\",\"itemListElement\":[{\"@type\":\"ListItem\",\"position\":1,\"name\":\"Strona g\u0142\u00f3wna\",\"item\":\"https:\/\/rad-pal.com.pl\/\"},{\"@type\":\"ListItem\",\"position\":2,\"name\":\"Sklep\",\"item\":\"https:\/\/rad-pal.com.pl\/sklep\/\"},{\"@type\":\"ListItem\",\"position\":3,\"name\":\"Kieliszki gra chi\u0144czyk szoty Relaxday\"}]},{\"@type\":\"WebSite\",\"@id\":\"https:\/\/rad-pal.com.pl\/#website\",\"url\":\"https:\/\/rad-pal.com.pl\/\",\"name\":\"Rad-Pal\",\"description\":\"\",\"publisher\":{\"@id\":\"https:\/\/rad-pal.com.pl\/#organization\"},\"potentialAction\":[{\"@type\":\"SearchAction\",\"target\":{\"@type\":\"EntryPoint\",\"urlTemplate\":\"https:\/\/rad-pal.com.pl\/?s={search_term_string}\"},\"query-input\":{\"@type\":\"PropertyValueSpecification\",\"valueRequired\":true,\"valueName\":\"search_term_string\"}}],\"inLanguage\":\"en-GB\"},{\"@type\":\"Organization\",\"@id\":\"https:\/\/rad-pal.com.pl\/#organization\",\"name\":\"Rad-Pal\",\"url\":\"https:\/\/rad-pal.com.pl\/\",\"logo\":{\"@type\":\"ImageObject\",\"inLanguage\":\"en-GB\",\"@id\":\"https:\/\/rad-pal.com.pl\/#\/schema\/logo\/image\/\",\"url\":\"https:\/\/rad-pal.com.pl\/wp-content\/uploads\/2026\/03\/Projekt-bez-nazwy-30.webp\",\"contentUrl\":\"https:\/\/rad-pal.com.pl\/wp-content\/uploads\/2026\/03\/Projekt-bez-nazwy-30.webp\",\"width\":600,\"height\":210,\"caption\":\"Rad-Pal\"},\"image\":{\"@id\":\"https:\/\/rad-pal.com.pl\/#\/schema\/logo\/image\/\"}}]}<\/script>\n<!-- \/ Yoast SEO plugin. -->","yoast_head_json":{"title":"Kieliszki gra chi\u0144czyk szoty Relaxday - Rad-Pal","robots":{"index":"index","follow":"follow","max-snippet":"max-snippet:-1","max-image-preview":"max-image-preview:large","max-video-preview":"max-video-preview:-1"},"canonical":"https:\/\/rad-pal.com.pl\/en\/sklep\/bez-kategorii\/kieliszki-gra-chinczyk-szoty-relaxday\/","og_locale":"en_GB","og_type":"article","og_title":"Kieliszki gra chi\u0144czyk szoty Relaxday - Rad-Pal","og_description":"Imprezowa gra planszowa dla doros\u0142ych O\u017cyw swoj\u0105 imprez\u0119 dzi\u0119ki tej oryginalnej grze w picie. Opiera si\u0119 na zasadach popularnego chi\u0144czyka,","og_url":"https:\/\/rad-pal.com.pl\/en\/sklep\/bez-kategorii\/kieliszki-gra-chinczyk-szoty-relaxday\/","og_site_name":"Rad-Pal","article_modified_time":"2026-03-26T02:25:28+00:00","og_image":[{"url":"https:\/\/upload.cdn.baselinker.com\/products\/6014502\/791f5e41895e125f67cdb63c6dda096e.jpg","type":"","width":"","height":""}],"twitter_card":"summary_large_image","twitter_misc":{"Estimated reading time":"1 minute"},"schema":{"@context":"https:\/\/schema.org","@graph":[{"@type":"WebPage","@id":"https:\/\/rad-pal.com.pl\/sklep\/bez-kategorii\/kieliszki-gra-chinczyk-szoty-relaxday\/","url":"https:\/\/rad-pal.com.pl\/sklep\/bez-kategorii\/kieliszki-gra-chinczyk-szoty-relaxday\/","name":"Kieliszki gra chi\u0144czyk szoty Relaxday - Rad-Pal","isPartOf":{"@id":"https:\/\/rad-pal.com.pl\/#website"},"primaryImageOfPage":{"@id":"https:\/\/rad-pal.com.pl\/sklep\/bez-kategorii\/kieliszki-gra-chinczyk-szoty-relaxday\/#primaryimage"},"image":{"@id":"https:\/\/rad-pal.com.pl\/sklep\/bez-kategorii\/kieliszki-gra-chinczyk-szoty-relaxday\/#primaryimage"},"thumbnailUrl":"https:\/\/rad-pal.com.pl\/wp-content\/uploads\/2026\/02\/6a05b6a71cd0cb2060219bbae0cad7fc.jpg","datePublished":"2026-02-19T12:37:19+00:00","dateModified":"2026-03-26T02:25:28+00:00","breadcrumb":{"@id":"https:\/\/rad-pal.com.pl\/sklep\/bez-kategorii\/kieliszki-gra-chinczyk-szoty-relaxday\/#breadcrumb"},"inLanguage":"en-GB","potentialAction":[{"@type":"ReadAction","target":["https:\/\/rad-pal.com.pl\/sklep\/bez-kategorii\/kieliszki-gra-chinczyk-szoty-relaxday\/"]}]},{"@type":"ImageObject","inLanguage":"en-GB","@id":"https:\/\/rad-pal.com.pl\/sklep\/bez-kategorii\/kieliszki-gra-chinczyk-szoty-relaxday\/#primaryimage","url":"https:\/\/rad-pal.com.pl\/wp-content\/uploads\/2026\/02\/6a05b6a71cd0cb2060219bbae0cad7fc.jpg","contentUrl":"https:\/\/rad-pal.com.pl\/wp-content\/uploads\/2026\/02\/6a05b6a71cd0cb2060219bbae0cad7fc.jpg","width":920,"height":713,"caption":"796f856c2314ab019624d24dc7a8d6ca"},{"@type":"BreadcrumbList","@id":"https:\/\/rad-pal.com.pl\/sklep\/bez-kategorii\/kieliszki-gra-chinczyk-szoty-relaxday\/#breadcrumb","itemListElement":[{"@type":"ListItem","position":1,"name":"Strona g\u0142\u00f3wna","item":"https:\/\/rad-pal.com.pl\/"},{"@type":"ListItem","position":2,"name":"Sklep","item":"https:\/\/rad-pal.com.pl\/sklep\/"},{"@type":"ListItem","position":3,"name":"Kieliszki gra chi\u0144czyk szoty Relaxday"}]},{"@type":"WebSite","@id":"https:\/\/rad-pal.com.pl\/#website","url":"https:\/\/rad-pal.com.pl\/","name":"Rad-Pal","description":"","publisher":{"@id":"https:\/\/rad-pal.com.pl\/#organization"},"potentialAction":[{"@type":"SearchAction","target":{"@type":"EntryPoint","urlTemplate":"https:\/\/rad-pal.com.pl\/?s={search_term_string}"},"query-input":{"@type":"PropertyValueSpecification","valueRequired":true,"valueName":"search_term_string"}}],"inLanguage":"en-GB"},{"@type":"Organization","@id":"https:\/\/rad-pal.com.pl\/#organization","name":"Rad-Pal","url":"https:\/\/rad-pal.com.pl\/","logo":{"@type":"ImageObject","inLanguage":"en-GB","@id":"https:\/\/rad-pal.com.pl\/#\/schema\/logo\/image\/","url":"https:\/\/rad-pal.com.pl\/wp-content\/uploads\/2026\/03\/Projekt-bez-nazwy-30.webp","contentUrl":"https:\/\/rad-pal.com.pl\/wp-content\/uploads\/2026\/03\/Projekt-bez-nazwy-30.webp","width":600,"height":210,"caption":"Rad-Pal"},"image":{"@id":"https:\/\/rad-pal.com.pl\/#\/schema\/logo\/image\/"}}]}},"_links":{"self":[{"href":"https:\/\/rad-pal.com.pl\/en\/wp-json\/wp\/v2\/product\/29807","targetHints":{"allow":["GET"]}}],"collection":[{"href":"https:\/\/rad-pal.com.pl\/en\/wp-json\/wp\/v2\/product"}],"about":[{"href":"https:\/\/rad-pal.com.pl\/en\/wp-json\/wp\/v2\/types\/product"}],"version-history":[{"count":0,"href":"https:\/\/rad-pal.com.pl\/en\/wp-json\/wp\/v2\/product\/29807\/revisions"}],"wp:featuredmedia":[{"embeddable":true,"href":"https:\/\/rad-pal.com.pl\/en\/wp-json\/wp\/v2\/media\/29799"}],"wp:attachment":[{"href":"https:\/\/rad-pal.com.pl\/en\/wp-json\/wp\/v2\/media?parent=29807"}],"wp:term":[{"taxonomy":"product_brand","embeddable":true,"href":"https:\/\/rad-pal.com.pl\/en\/wp-json\/wp\/v2\/product_brand?post=29807"},{"taxonomy":"product_cat","embeddable":true,"href":"https:\/\/rad-pal.com.pl\/en\/wp-json\/wp\/v2\/product_cat?post=29807"},{"taxonomy":"product_tag","embeddable":true,"href":"https:\/\/rad-pal.com.pl\/en\/wp-json\/wp\/v2\/product_tag?post=29807"}],"curies":[{"name":"wp","href":"https:\/\/api.w.org\/{rel}","templated":true}]}}