{"id":30031,"date":"2026-02-19T13:47:54","date_gmt":"2026-02-19T12:47:54","guid":{"rendered":"https:\/\/rad-pal.com.pl\/sklep\/bez-kategorii\/rozsuwany-organizer-stojak-uchwyt-na-patelnie-pokrywke-garnka-do-szafki\/"},"modified":"2026-02-19T14:35:33","modified_gmt":"2026-02-19T13:35:33","slug":"rozsuwany-organizer-stojak-uchwyt-na-patelnie-pokrywke-garnka-do-szafki","status":"publish","type":"product","link":"https:\/\/rad-pal.com.pl\/en\/sklep\/dom-i-ogrod\/wyposazenie\/przybory-kuchenne\/ociekacze-i-suszarki-do-naczyn\/rozsuwany-organizer-stojak-uchwyt-na-patelnie-pokrywke-garnka-do-szafki\/","title":{"rendered":"ROZSUWANY ORGANIZER STOJAK UCHWYT NA PATELNI\u0118 POKRYWK\u0118 GARNKA DO SZAFKI"},"content":{"rendered":"<section class=\"section\">\n<div class=\"item item-6\">\n<section class=\"text-item\">\n<h1>Metalowy uchwyt na patelni\u0119 B59<\/h1>\n<p>Organizer na patelnie zapewniaj\u0105cy porz\u0105dek w kuchni Organizer na patelnie pozwala utrzyma\u0107 porz\u0105dek w szafkach i na blatach kuchennych. Dzi\u0119ki 6 regulowanym przegr\u00f3dkom, czarny organizer na naczynia oferuje mn\u00f3stwo miejsca do przechowywania patelni, garnk\u00f3w, pokrywek, desek i naczy\u0144. Wysuwany stojak na patelnie mo\u017cna dostosowa\u0107 do wielko\u015bci szafek lub szafek kuchennych lub u\u017cywa\u0107 go w dw\u00f3ch oddzielnych cz\u0119\u015bciach. Antypo\u015blizgowe ochraniacze zapewniaj\u0105 pewny chwyt i zapobiegaj\u0105 zarysowaniu powierzchni<\/p>\n<\/section><\/div>\n<div class=\"item item-6\">\n<section class=\"image-item\"><img decoding=\"async\" src=\"https:\/\/upload.cdn.baselinker.com\/products\/6014502\/85390bab4def9ec2d0b462b40286a969.jpg\" \/><\/section>\n<\/p><\/div>\n<\/section>\n<section class=\"section\">\n<div class=\"item item-6\">\n<section class=\"text-item\">\n<p>Wysuwany uchwyt na naczynia Uchwyt na patelnie, garnki, pokrywki i naczynia Zapewnia porz\u0105dek w szafkach i na szafkach kuchennych Wystarczy wyci\u0105gn\u0105\u0107 i dostosowa\u0107 Stojak na patelnie z regulowanymi przegr\u00f3dkami do przechowywania W razie potrzeby uchwyt mo\u017ce by\u0107 r\u00f3wnie\u017c u\u017cywany pojedynczo Czarny uchwyt na pokrywki wykonany z wytrzyma\u0142ego metalu Praktyczne zabezpieczenie antypo\u015blizgowe zapewnia stabilno\u015b\u0107<\/p>\n<p>&#8212;&#8212;&#8212;&#8212;&#8212;&#8212;&#8212;&#8212;&#8212;&#8212;&#8212;<\/p>\n<p>Uchwyt na patelni\u0119 w szczeg\u00f3\u0142ach Maksymalne wymiary ca\u0142kowite: wys. x szer. x g\u0142.: ok. 19 x 59 x 18 cm Minimalne wymiary ca\u0142kowite: wys. x szer. x g\u0142.: ok. 19 x 31 x 18 cm Najmniejsza odleg\u0142o\u015b\u0107 mi\u0119dzy wspornikami: ok. 1 cm Waga: ok. 1 kg Materia\u0142: \u017celazo Kolor: czarny<\/p>\n<\/section><\/div>\n<div class=\"item item-6\">\n<section class=\"image-item\"><img decoding=\"async\" src=\"https:\/\/upload.cdn.baselinker.com\/products\/6014502\/5b76f11f1b84ae139900510a186b4db9.jpg\" \/><\/section>\n<\/p><\/div>\n<\/section>\n<section class=\"section\">\n<div class=\"item item-12\">\n<section class=\"text-item\">\n<p>2<\/p>\n<\/section><\/div>\n<\/section>","protected":false},"excerpt":{"rendered":"<p>Metalowy uchwyt na patelni\u0119 B59 Organizer na patelnie zapewniaj\u0105cy porz\u0105dek w kuchni Organizer na patelnie pozwala utrzyma\u0107 porz\u0105dek w szafkach<\/p>","protected":false},"featured_media":30029,"template":"","meta":[],"product_brand":[],"product_cat":[86,234,88,87],"product_tag":[],"class_list":{"0":"post-30031","1":"product","2":"type-product","3":"status-publish","4":"has-post-thumbnail","6":"product_cat-dom-i-ogrod","7":"product_cat-ociekacze-i-suszarki-do-naczyn","8":"product_cat-przybory-kuchenne","9":"product_cat-wyposazenie","11":"first","12":"instock","13":"taxable","14":"shipping-taxable","15":"purchasable","16":"product-type-simple"},"yoast_head":"<!-- This site is optimized with the Yoast SEO plugin v25.7 - https:\/\/yoast.com\/wordpress\/plugins\/seo\/ -->\n<title>ROZSUWANY ORGANIZER STOJAK UCHWYT NA PATELNI\u0118 POKRYWK\u0118 GARNKA DO SZAFKI - Rad-Pal<\/title>\n<meta name=\"robots\" content=\"index, follow, max-snippet:-1, max-image-preview:large, max-video-preview:-1\" \/>\n<link rel=\"canonical\" href=\"https:\/\/rad-pal.com.pl\/en\/sklep\/bez-kategorii\/rozsuwany-organizer-stojak-uchwyt-na-patelnie-pokrywke-garnka-do-szafki\/\" \/>\n<meta property=\"og:locale\" content=\"en_GB\" \/>\n<meta property=\"og:type\" content=\"article\" \/>\n<meta property=\"og:title\" content=\"ROZSUWANY ORGANIZER STOJAK UCHWYT NA PATELNI\u0118 POKRYWK\u0118 GARNKA DO SZAFKI - Rad-Pal\" \/>\n<meta property=\"og:description\" content=\"Metalowy uchwyt na patelni\u0119 B59 Organizer na patelnie zapewniaj\u0105cy porz\u0105dek w kuchni Organizer na patelnie pozwala utrzyma\u0107 porz\u0105dek w szafkach\" \/>\n<meta property=\"og:url\" content=\"https:\/\/rad-pal.com.pl\/en\/sklep\/bez-kategorii\/rozsuwany-organizer-stojak-uchwyt-na-patelnie-pokrywke-garnka-do-szafki\/\" \/>\n<meta property=\"og:site_name\" content=\"Rad-Pal\" \/>\n<meta property=\"article:modified_time\" content=\"2026-02-19T13:35:33+00:00\" \/>\n<meta property=\"og:image\" content=\"https:\/\/upload.cdn.baselinker.com\/products\/6014502\/85390bab4def9ec2d0b462b40286a969.jpg\" \/>\n<meta name=\"twitter:card\" content=\"summary_large_image\" \/>\n<meta name=\"twitter:label1\" content=\"Estimated reading time\" \/>\n\t<meta name=\"twitter:data1\" content=\"1 minute\" \/>\n<script type=\"application\/ld+json\" class=\"yoast-schema-graph\">{\"@context\":\"https:\/\/schema.org\",\"@graph\":[{\"@type\":\"WebPage\",\"@id\":\"https:\/\/rad-pal.com.pl\/sklep\/bez-kategorii\/rozsuwany-organizer-stojak-uchwyt-na-patelnie-pokrywke-garnka-do-szafki\/\",\"url\":\"https:\/\/rad-pal.com.pl\/sklep\/bez-kategorii\/rozsuwany-organizer-stojak-uchwyt-na-patelnie-pokrywke-garnka-do-szafki\/\",\"name\":\"ROZSUWANY ORGANIZER STOJAK UCHWYT NA PATELNI\u0118 POKRYWK\u0118 GARNKA DO SZAFKI - Rad-Pal\",\"isPartOf\":{\"@id\":\"https:\/\/rad-pal.com.pl\/#website\"},\"primaryImageOfPage\":{\"@id\":\"https:\/\/rad-pal.com.pl\/sklep\/bez-kategorii\/rozsuwany-organizer-stojak-uchwyt-na-patelnie-pokrywke-garnka-do-szafki\/#primaryimage\"},\"image\":{\"@id\":\"https:\/\/rad-pal.com.pl\/sklep\/bez-kategorii\/rozsuwany-organizer-stojak-uchwyt-na-patelnie-pokrywke-garnka-do-szafki\/#primaryimage\"},\"thumbnailUrl\":\"https:\/\/rad-pal.com.pl\/wp-content\/uploads\/2026\/02\/85390bab4def9ec2d0b462b40286a969.jpg\",\"datePublished\":\"2026-02-19T12:47:54+00:00\",\"dateModified\":\"2026-02-19T13:35:33+00:00\",\"breadcrumb\":{\"@id\":\"https:\/\/rad-pal.com.pl\/sklep\/bez-kategorii\/rozsuwany-organizer-stojak-uchwyt-na-patelnie-pokrywke-garnka-do-szafki\/#breadcrumb\"},\"inLanguage\":\"en-GB\",\"potentialAction\":[{\"@type\":\"ReadAction\",\"target\":[\"https:\/\/rad-pal.com.pl\/sklep\/bez-kategorii\/rozsuwany-organizer-stojak-uchwyt-na-patelnie-pokrywke-garnka-do-szafki\/\"]}]},{\"@type\":\"ImageObject\",\"inLanguage\":\"en-GB\",\"@id\":\"https:\/\/rad-pal.com.pl\/sklep\/bez-kategorii\/rozsuwany-organizer-stojak-uchwyt-na-patelnie-pokrywke-garnka-do-szafki\/#primaryimage\",\"url\":\"https:\/\/rad-pal.com.pl\/wp-content\/uploads\/2026\/02\/85390bab4def9ec2d0b462b40286a969.jpg\",\"contentUrl\":\"https:\/\/rad-pal.com.pl\/wp-content\/uploads\/2026\/02\/85390bab4def9ec2d0b462b40286a969.jpg\",\"width\":2048,\"height\":2048,\"caption\":\"7e33ef4dc8de96caa7fcb7bf7152a4c9\"},{\"@type\":\"BreadcrumbList\",\"@id\":\"https:\/\/rad-pal.com.pl\/sklep\/bez-kategorii\/rozsuwany-organizer-stojak-uchwyt-na-patelnie-pokrywke-garnka-do-szafki\/#breadcrumb\",\"itemListElement\":[{\"@type\":\"ListItem\",\"position\":1,\"name\":\"Strona g\u0142\u00f3wna\",\"item\":\"https:\/\/rad-pal.com.pl\/\"},{\"@type\":\"ListItem\",\"position\":2,\"name\":\"Sklep\",\"item\":\"https:\/\/rad-pal.com.pl\/sklep\/\"},{\"@type\":\"ListItem\",\"position\":3,\"name\":\"ROZSUWANY ORGANIZER STOJAK UCHWYT NA PATELNI\u0118 POKRYWK\u0118 GARNKA DO SZAFKI\"}]},{\"@type\":\"WebSite\",\"@id\":\"https:\/\/rad-pal.com.pl\/#website\",\"url\":\"https:\/\/rad-pal.com.pl\/\",\"name\":\"Rad-Pal\",\"description\":\"\",\"publisher\":{\"@id\":\"https:\/\/rad-pal.com.pl\/#organization\"},\"potentialAction\":[{\"@type\":\"SearchAction\",\"target\":{\"@type\":\"EntryPoint\",\"urlTemplate\":\"https:\/\/rad-pal.com.pl\/?s={search_term_string}\"},\"query-input\":{\"@type\":\"PropertyValueSpecification\",\"valueRequired\":true,\"valueName\":\"search_term_string\"}}],\"inLanguage\":\"en-GB\"},{\"@type\":\"Organization\",\"@id\":\"https:\/\/rad-pal.com.pl\/#organization\",\"name\":\"Rad-Pal\",\"url\":\"https:\/\/rad-pal.com.pl\/\",\"logo\":{\"@type\":\"ImageObject\",\"inLanguage\":\"en-GB\",\"@id\":\"https:\/\/rad-pal.com.pl\/#\/schema\/logo\/image\/\",\"url\":\"https:\/\/rad-pal.com.pl\/wp-content\/uploads\/2026\/03\/Projekt-bez-nazwy-30.webp\",\"contentUrl\":\"https:\/\/rad-pal.com.pl\/wp-content\/uploads\/2026\/03\/Projekt-bez-nazwy-30.webp\",\"width\":600,\"height\":210,\"caption\":\"Rad-Pal\"},\"image\":{\"@id\":\"https:\/\/rad-pal.com.pl\/#\/schema\/logo\/image\/\"}}]}<\/script>\n<!-- \/ Yoast SEO plugin. -->","yoast_head_json":{"title":"ROZSUWANY ORGANIZER STOJAK UCHWYT NA PATELNI\u0118 POKRYWK\u0118 GARNKA DO SZAFKI - Rad-Pal","robots":{"index":"index","follow":"follow","max-snippet":"max-snippet:-1","max-image-preview":"max-image-preview:large","max-video-preview":"max-video-preview:-1"},"canonical":"https:\/\/rad-pal.com.pl\/en\/sklep\/bez-kategorii\/rozsuwany-organizer-stojak-uchwyt-na-patelnie-pokrywke-garnka-do-szafki\/","og_locale":"en_GB","og_type":"article","og_title":"ROZSUWANY ORGANIZER STOJAK UCHWYT NA PATELNI\u0118 POKRYWK\u0118 GARNKA DO SZAFKI - Rad-Pal","og_description":"Metalowy uchwyt na patelni\u0119 B59 Organizer na patelnie zapewniaj\u0105cy porz\u0105dek w kuchni Organizer na patelnie pozwala utrzyma\u0107 porz\u0105dek w szafkach","og_url":"https:\/\/rad-pal.com.pl\/en\/sklep\/bez-kategorii\/rozsuwany-organizer-stojak-uchwyt-na-patelnie-pokrywke-garnka-do-szafki\/","og_site_name":"Rad-Pal","article_modified_time":"2026-02-19T13:35:33+00:00","og_image":[{"url":"https:\/\/upload.cdn.baselinker.com\/products\/6014502\/85390bab4def9ec2d0b462b40286a969.jpg","type":"","width":"","height":""}],"twitter_card":"summary_large_image","twitter_misc":{"Estimated reading time":"1 minute"},"schema":{"@context":"https:\/\/schema.org","@graph":[{"@type":"WebPage","@id":"https:\/\/rad-pal.com.pl\/sklep\/bez-kategorii\/rozsuwany-organizer-stojak-uchwyt-na-patelnie-pokrywke-garnka-do-szafki\/","url":"https:\/\/rad-pal.com.pl\/sklep\/bez-kategorii\/rozsuwany-organizer-stojak-uchwyt-na-patelnie-pokrywke-garnka-do-szafki\/","name":"ROZSUWANY ORGANIZER STOJAK UCHWYT NA PATELNI\u0118 POKRYWK\u0118 GARNKA DO SZAFKI - Rad-Pal","isPartOf":{"@id":"https:\/\/rad-pal.com.pl\/#website"},"primaryImageOfPage":{"@id":"https:\/\/rad-pal.com.pl\/sklep\/bez-kategorii\/rozsuwany-organizer-stojak-uchwyt-na-patelnie-pokrywke-garnka-do-szafki\/#primaryimage"},"image":{"@id":"https:\/\/rad-pal.com.pl\/sklep\/bez-kategorii\/rozsuwany-organizer-stojak-uchwyt-na-patelnie-pokrywke-garnka-do-szafki\/#primaryimage"},"thumbnailUrl":"https:\/\/rad-pal.com.pl\/wp-content\/uploads\/2026\/02\/85390bab4def9ec2d0b462b40286a969.jpg","datePublished":"2026-02-19T12:47:54+00:00","dateModified":"2026-02-19T13:35:33+00:00","breadcrumb":{"@id":"https:\/\/rad-pal.com.pl\/sklep\/bez-kategorii\/rozsuwany-organizer-stojak-uchwyt-na-patelnie-pokrywke-garnka-do-szafki\/#breadcrumb"},"inLanguage":"en-GB","potentialAction":[{"@type":"ReadAction","target":["https:\/\/rad-pal.com.pl\/sklep\/bez-kategorii\/rozsuwany-organizer-stojak-uchwyt-na-patelnie-pokrywke-garnka-do-szafki\/"]}]},{"@type":"ImageObject","inLanguage":"en-GB","@id":"https:\/\/rad-pal.com.pl\/sklep\/bez-kategorii\/rozsuwany-organizer-stojak-uchwyt-na-patelnie-pokrywke-garnka-do-szafki\/#primaryimage","url":"https:\/\/rad-pal.com.pl\/wp-content\/uploads\/2026\/02\/85390bab4def9ec2d0b462b40286a969.jpg","contentUrl":"https:\/\/rad-pal.com.pl\/wp-content\/uploads\/2026\/02\/85390bab4def9ec2d0b462b40286a969.jpg","width":2048,"height":2048,"caption":"7e33ef4dc8de96caa7fcb7bf7152a4c9"},{"@type":"BreadcrumbList","@id":"https:\/\/rad-pal.com.pl\/sklep\/bez-kategorii\/rozsuwany-organizer-stojak-uchwyt-na-patelnie-pokrywke-garnka-do-szafki\/#breadcrumb","itemListElement":[{"@type":"ListItem","position":1,"name":"Strona g\u0142\u00f3wna","item":"https:\/\/rad-pal.com.pl\/"},{"@type":"ListItem","position":2,"name":"Sklep","item":"https:\/\/rad-pal.com.pl\/sklep\/"},{"@type":"ListItem","position":3,"name":"ROZSUWANY ORGANIZER STOJAK UCHWYT NA PATELNI\u0118 POKRYWK\u0118 GARNKA DO SZAFKI"}]},{"@type":"WebSite","@id":"https:\/\/rad-pal.com.pl\/#website","url":"https:\/\/rad-pal.com.pl\/","name":"Rad-Pal","description":"","publisher":{"@id":"https:\/\/rad-pal.com.pl\/#organization"},"potentialAction":[{"@type":"SearchAction","target":{"@type":"EntryPoint","urlTemplate":"https:\/\/rad-pal.com.pl\/?s={search_term_string}"},"query-input":{"@type":"PropertyValueSpecification","valueRequired":true,"valueName":"search_term_string"}}],"inLanguage":"en-GB"},{"@type":"Organization","@id":"https:\/\/rad-pal.com.pl\/#organization","name":"Rad-Pal","url":"https:\/\/rad-pal.com.pl\/","logo":{"@type":"ImageObject","inLanguage":"en-GB","@id":"https:\/\/rad-pal.com.pl\/#\/schema\/logo\/image\/","url":"https:\/\/rad-pal.com.pl\/wp-content\/uploads\/2026\/03\/Projekt-bez-nazwy-30.webp","contentUrl":"https:\/\/rad-pal.com.pl\/wp-content\/uploads\/2026\/03\/Projekt-bez-nazwy-30.webp","width":600,"height":210,"caption":"Rad-Pal"},"image":{"@id":"https:\/\/rad-pal.com.pl\/#\/schema\/logo\/image\/"}}]}},"_links":{"self":[{"href":"https:\/\/rad-pal.com.pl\/en\/wp-json\/wp\/v2\/product\/30031","targetHints":{"allow":["GET"]}}],"collection":[{"href":"https:\/\/rad-pal.com.pl\/en\/wp-json\/wp\/v2\/product"}],"about":[{"href":"https:\/\/rad-pal.com.pl\/en\/wp-json\/wp\/v2\/types\/product"}],"version-history":[{"count":0,"href":"https:\/\/rad-pal.com.pl\/en\/wp-json\/wp\/v2\/product\/30031\/revisions"}],"wp:featuredmedia":[{"embeddable":true,"href":"https:\/\/rad-pal.com.pl\/en\/wp-json\/wp\/v2\/media\/30029"}],"wp:attachment":[{"href":"https:\/\/rad-pal.com.pl\/en\/wp-json\/wp\/v2\/media?parent=30031"}],"wp:term":[{"taxonomy":"product_brand","embeddable":true,"href":"https:\/\/rad-pal.com.pl\/en\/wp-json\/wp\/v2\/product_brand?post=30031"},{"taxonomy":"product_cat","embeddable":true,"href":"https:\/\/rad-pal.com.pl\/en\/wp-json\/wp\/v2\/product_cat?post=30031"},{"taxonomy":"product_tag","embeddable":true,"href":"https:\/\/rad-pal.com.pl\/en\/wp-json\/wp\/v2\/product_tag?post=30031"}],"curies":[{"name":"wp","href":"https:\/\/api.w.org\/{rel}","templated":true}]}}