{"id":30036,"date":"2026-02-19T13:48:25","date_gmt":"2026-02-19T12:48:25","guid":{"rendered":"https:\/\/rad-pal.com.pl\/sklep\/bez-kategorii\/waga-lazienkowa-relaxdays-10024148\/"},"modified":"2026-02-19T14:35:38","modified_gmt":"2026-02-19T13:35:38","slug":"waga-lazienkowa-relaxdays-10024148","status":"publish","type":"product","link":"https:\/\/rad-pal.com.pl\/en\/sklep\/elektronika\/rtv-i-agd\/agd-drobne\/higiena-i-pielegnacja\/wagi-lazienkowe\/waga-lazienkowa-relaxdays-10024148\/","title":{"rendered":"Waga \u0142azienkowa Relaxdays 10024148"},"content":{"rendered":"<section class=\"section\">\n<div class=\"item item-12\">\n<section class=\"text-item\">\n<h1>Waga \u0142azienkowa Relaxdays 10024148<\/h1>\n<h2>&nbsp;<\/h2>\n<h2>\u2705OPIS STANU PRODUKTU<\/h2>\n<p>_________________________________________<\/p>\n<\/section><\/div>\n<\/section>\n<section class=\"section\">\n<div class=\"item item-6\">\n<section class=\"image-item\"><img decoding=\"async\" src=\"https:\/\/upload.cdn.baselinker.com\/products\/6014502\/c49d35f9f80f58b011e03f4acef99ee0.jpg\" \/><\/section>\n<\/p><\/div>\n<div class=\"item item-6\">\n<section class=\"text-item\">\n<h2>\u2705WA\u017bNA INFORMACJA DLA KLIENTA<\/h2>\n<p>_________________________________________<\/p>\n<p>Ta informacja dotyczy przede wszystkim zestaw\u00f3w. Nie zawsze jeste\u015bmy w stanie sprawdzi\u0107, co dany zestaw powinien oryginalnie zawiera\u0107.&nbsp;<\/p>\n<\/section><\/div>\n<\/section>\n<section class=\"section\">\n<div class=\"item item-6\">\n<section class=\"text-item\">\n<h2>\u2705OPIS PRODUCENTA<\/h2>\n<p>_________________________________________<\/p>\n<\/section><\/div>\n<div class=\"item item-6\">\n<section class=\"image-item\"><img decoding=\"async\" src=\"https:\/\/upload.cdn.baselinker.com\/products\/6014502\/c49d35f9f80f58b011e03f4acef99ee0.jpg\" \/><\/section>\n<\/p><\/div>\n<\/section>\n<section class=\"section\">\n<div class=\"item item-12\">\n<section class=\"text-item\">\n<h2>\u2705SK\u0104D POCHODZ\u0104 NASZE TOWARY ?<\/h2>\n<p>_________________________________________<\/p>\n<p>Zawsze mo\u017cesz nas poprosi\u0107 o dodatkowe zdj\u0119cia lub opis.<\/p>\n<p>Wiedz, \u017ce nasi koledzy z zespo\u0142u otwieraj\u0105 praktycznie ka\u017cde opakowanie, \u017ceby sprawdzi\u0107 jako\u015b\u0107 oferowanego produktu. Staramy si\u0119 to zrobi\u0107 najlepiej jak potrafimy o czym \u015bwiadcz\u0105 setki pozytywnych komentarzy, ale czasem i nam zdarzaj\u0105 si\u0119 wpadki. Jeste\u015bmy przecie\u017c tylko lud\u017ami.<\/p>\n<\/section><\/div>\n<\/section>\n<section class=\"section\">\n<div class=\"item item-12\">\n<section class=\"text-item\">\n<p>2<\/p>\n<\/section><\/div>\n<\/section>","protected":false},"excerpt":{"rendered":"<p>Waga \u0142azienkowa Relaxdays 10024148 &nbsp; \u2705OPIS STANU PRODUKTU _________________________________________ \u2705WA\u017bNA INFORMACJA DLA KLIENTA _________________________________________ Ta informacja dotyczy przede wszystkim zestaw\u00f3w.<\/p>","protected":false},"featured_media":30032,"template":"","meta":[],"product_brand":[],"product_cat":[237,235,238,236,239],"product_tag":[],"class_list":{"0":"post-30036","1":"product","2":"type-product","3":"status-publish","4":"has-post-thumbnail","6":"product_cat-agd-drobne","7":"product_cat-elektronika","8":"product_cat-higiena-i-pielegnacja","9":"product_cat-rtv-i-agd","10":"product_cat-wagi-lazienkowe","12":"first","13":"instock","14":"taxable","15":"shipping-taxable","16":"purchasable","17":"product-type-simple"},"yoast_head":"<!-- This site is optimized with the Yoast SEO plugin v25.7 - https:\/\/yoast.com\/wordpress\/plugins\/seo\/ -->\n<title>Waga \u0142azienkowa Relaxdays 10024148 - Rad-Pal<\/title>\n<meta name=\"robots\" content=\"index, follow, max-snippet:-1, max-image-preview:large, max-video-preview:-1\" \/>\n<link rel=\"canonical\" href=\"https:\/\/rad-pal.com.pl\/en\/sklep\/bez-kategorii\/waga-lazienkowa-relaxdays-10024148\/\" \/>\n<meta property=\"og:locale\" content=\"en_GB\" \/>\n<meta property=\"og:type\" content=\"article\" \/>\n<meta property=\"og:title\" content=\"Waga \u0142azienkowa Relaxdays 10024148 - Rad-Pal\" \/>\n<meta property=\"og:description\" content=\"Waga \u0142azienkowa Relaxdays 10024148 &nbsp; \u2705OPIS STANU PRODUKTU _________________________________________ \u2705WA\u017bNA INFORMACJA DLA KLIENTA _________________________________________ Ta informacja dotyczy przede wszystkim zestaw\u00f3w.\" \/>\n<meta property=\"og:url\" content=\"https:\/\/rad-pal.com.pl\/en\/sklep\/bez-kategorii\/waga-lazienkowa-relaxdays-10024148\/\" \/>\n<meta property=\"og:site_name\" content=\"Rad-Pal\" \/>\n<meta property=\"article:modified_time\" content=\"2026-02-19T13:35:38+00:00\" \/>\n<meta property=\"og:image\" content=\"https:\/\/upload.cdn.baselinker.com\/products\/6014502\/c49d35f9f80f58b011e03f4acef99ee0.jpg\" \/>\n<meta name=\"twitter:card\" content=\"summary_large_image\" \/>\n<script type=\"application\/ld+json\" class=\"yoast-schema-graph\">{\"@context\":\"https:\/\/schema.org\",\"@graph\":[{\"@type\":\"WebPage\",\"@id\":\"https:\/\/rad-pal.com.pl\/sklep\/bez-kategorii\/waga-lazienkowa-relaxdays-10024148\/\",\"url\":\"https:\/\/rad-pal.com.pl\/sklep\/bez-kategorii\/waga-lazienkowa-relaxdays-10024148\/\",\"name\":\"Waga \u0142azienkowa Relaxdays 10024148 - Rad-Pal\",\"isPartOf\":{\"@id\":\"https:\/\/rad-pal.com.pl\/#website\"},\"primaryImageOfPage\":{\"@id\":\"https:\/\/rad-pal.com.pl\/sklep\/bez-kategorii\/waga-lazienkowa-relaxdays-10024148\/#primaryimage\"},\"image\":{\"@id\":\"https:\/\/rad-pal.com.pl\/sklep\/bez-kategorii\/waga-lazienkowa-relaxdays-10024148\/#primaryimage\"},\"thumbnailUrl\":\"https:\/\/rad-pal.com.pl\/wp-content\/uploads\/2026\/02\/c49d35f9f80f58b011e03f4acef99ee0.jpg\",\"datePublished\":\"2026-02-19T12:48:25+00:00\",\"dateModified\":\"2026-02-19T13:35:38+00:00\",\"breadcrumb\":{\"@id\":\"https:\/\/rad-pal.com.pl\/sklep\/bez-kategorii\/waga-lazienkowa-relaxdays-10024148\/#breadcrumb\"},\"inLanguage\":\"en-GB\",\"potentialAction\":[{\"@type\":\"ReadAction\",\"target\":[\"https:\/\/rad-pal.com.pl\/sklep\/bez-kategorii\/waga-lazienkowa-relaxdays-10024148\/\"]}]},{\"@type\":\"ImageObject\",\"inLanguage\":\"en-GB\",\"@id\":\"https:\/\/rad-pal.com.pl\/sklep\/bez-kategorii\/waga-lazienkowa-relaxdays-10024148\/#primaryimage\",\"url\":\"https:\/\/rad-pal.com.pl\/wp-content\/uploads\/2026\/02\/c49d35f9f80f58b011e03f4acef99ee0.jpg\",\"contentUrl\":\"https:\/\/rad-pal.com.pl\/wp-content\/uploads\/2026\/02\/c49d35f9f80f58b011e03f4acef99ee0.jpg\",\"width\":783,\"height\":801,\"caption\":\"4be972d405e60ab9495c8bee22e79131\"},{\"@type\":\"BreadcrumbList\",\"@id\":\"https:\/\/rad-pal.com.pl\/sklep\/bez-kategorii\/waga-lazienkowa-relaxdays-10024148\/#breadcrumb\",\"itemListElement\":[{\"@type\":\"ListItem\",\"position\":1,\"name\":\"Strona g\u0142\u00f3wna\",\"item\":\"https:\/\/rad-pal.com.pl\/\"},{\"@type\":\"ListItem\",\"position\":2,\"name\":\"Sklep\",\"item\":\"https:\/\/rad-pal.com.pl\/sklep\/\"},{\"@type\":\"ListItem\",\"position\":3,\"name\":\"Waga \u0142azienkowa Relaxdays 10024148\"}]},{\"@type\":\"WebSite\",\"@id\":\"https:\/\/rad-pal.com.pl\/#website\",\"url\":\"https:\/\/rad-pal.com.pl\/\",\"name\":\"Rad-Pal\",\"description\":\"\",\"publisher\":{\"@id\":\"https:\/\/rad-pal.com.pl\/#organization\"},\"potentialAction\":[{\"@type\":\"SearchAction\",\"target\":{\"@type\":\"EntryPoint\",\"urlTemplate\":\"https:\/\/rad-pal.com.pl\/?s={search_term_string}\"},\"query-input\":{\"@type\":\"PropertyValueSpecification\",\"valueRequired\":true,\"valueName\":\"search_term_string\"}}],\"inLanguage\":\"en-GB\"},{\"@type\":\"Organization\",\"@id\":\"https:\/\/rad-pal.com.pl\/#organization\",\"name\":\"Rad-Pal\",\"url\":\"https:\/\/rad-pal.com.pl\/\",\"logo\":{\"@type\":\"ImageObject\",\"inLanguage\":\"en-GB\",\"@id\":\"https:\/\/rad-pal.com.pl\/#\/schema\/logo\/image\/\",\"url\":\"https:\/\/rad-pal.com.pl\/wp-content\/uploads\/2026\/03\/Projekt-bez-nazwy-30.webp\",\"contentUrl\":\"https:\/\/rad-pal.com.pl\/wp-content\/uploads\/2026\/03\/Projekt-bez-nazwy-30.webp\",\"width\":600,\"height\":210,\"caption\":\"Rad-Pal\"},\"image\":{\"@id\":\"https:\/\/rad-pal.com.pl\/#\/schema\/logo\/image\/\"}}]}<\/script>\n<!-- \/ Yoast SEO plugin. -->","yoast_head_json":{"title":"Waga \u0142azienkowa Relaxdays 10024148 - Rad-Pal","robots":{"index":"index","follow":"follow","max-snippet":"max-snippet:-1","max-image-preview":"max-image-preview:large","max-video-preview":"max-video-preview:-1"},"canonical":"https:\/\/rad-pal.com.pl\/en\/sklep\/bez-kategorii\/waga-lazienkowa-relaxdays-10024148\/","og_locale":"en_GB","og_type":"article","og_title":"Waga \u0142azienkowa Relaxdays 10024148 - Rad-Pal","og_description":"Waga \u0142azienkowa Relaxdays 10024148 &nbsp; \u2705OPIS STANU PRODUKTU _________________________________________ \u2705WA\u017bNA INFORMACJA DLA KLIENTA _________________________________________ Ta informacja dotyczy przede wszystkim zestaw\u00f3w.","og_url":"https:\/\/rad-pal.com.pl\/en\/sklep\/bez-kategorii\/waga-lazienkowa-relaxdays-10024148\/","og_site_name":"Rad-Pal","article_modified_time":"2026-02-19T13:35:38+00:00","og_image":[{"url":"https:\/\/upload.cdn.baselinker.com\/products\/6014502\/c49d35f9f80f58b011e03f4acef99ee0.jpg","type":"","width":"","height":""}],"twitter_card":"summary_large_image","schema":{"@context":"https:\/\/schema.org","@graph":[{"@type":"WebPage","@id":"https:\/\/rad-pal.com.pl\/sklep\/bez-kategorii\/waga-lazienkowa-relaxdays-10024148\/","url":"https:\/\/rad-pal.com.pl\/sklep\/bez-kategorii\/waga-lazienkowa-relaxdays-10024148\/","name":"Waga \u0142azienkowa Relaxdays 10024148 - Rad-Pal","isPartOf":{"@id":"https:\/\/rad-pal.com.pl\/#website"},"primaryImageOfPage":{"@id":"https:\/\/rad-pal.com.pl\/sklep\/bez-kategorii\/waga-lazienkowa-relaxdays-10024148\/#primaryimage"},"image":{"@id":"https:\/\/rad-pal.com.pl\/sklep\/bez-kategorii\/waga-lazienkowa-relaxdays-10024148\/#primaryimage"},"thumbnailUrl":"https:\/\/rad-pal.com.pl\/wp-content\/uploads\/2026\/02\/c49d35f9f80f58b011e03f4acef99ee0.jpg","datePublished":"2026-02-19T12:48:25+00:00","dateModified":"2026-02-19T13:35:38+00:00","breadcrumb":{"@id":"https:\/\/rad-pal.com.pl\/sklep\/bez-kategorii\/waga-lazienkowa-relaxdays-10024148\/#breadcrumb"},"inLanguage":"en-GB","potentialAction":[{"@type":"ReadAction","target":["https:\/\/rad-pal.com.pl\/sklep\/bez-kategorii\/waga-lazienkowa-relaxdays-10024148\/"]}]},{"@type":"ImageObject","inLanguage":"en-GB","@id":"https:\/\/rad-pal.com.pl\/sklep\/bez-kategorii\/waga-lazienkowa-relaxdays-10024148\/#primaryimage","url":"https:\/\/rad-pal.com.pl\/wp-content\/uploads\/2026\/02\/c49d35f9f80f58b011e03f4acef99ee0.jpg","contentUrl":"https:\/\/rad-pal.com.pl\/wp-content\/uploads\/2026\/02\/c49d35f9f80f58b011e03f4acef99ee0.jpg","width":783,"height":801,"caption":"4be972d405e60ab9495c8bee22e79131"},{"@type":"BreadcrumbList","@id":"https:\/\/rad-pal.com.pl\/sklep\/bez-kategorii\/waga-lazienkowa-relaxdays-10024148\/#breadcrumb","itemListElement":[{"@type":"ListItem","position":1,"name":"Strona g\u0142\u00f3wna","item":"https:\/\/rad-pal.com.pl\/"},{"@type":"ListItem","position":2,"name":"Sklep","item":"https:\/\/rad-pal.com.pl\/sklep\/"},{"@type":"ListItem","position":3,"name":"Waga \u0142azienkowa Relaxdays 10024148"}]},{"@type":"WebSite","@id":"https:\/\/rad-pal.com.pl\/#website","url":"https:\/\/rad-pal.com.pl\/","name":"Rad-Pal","description":"","publisher":{"@id":"https:\/\/rad-pal.com.pl\/#organization"},"potentialAction":[{"@type":"SearchAction","target":{"@type":"EntryPoint","urlTemplate":"https:\/\/rad-pal.com.pl\/?s={search_term_string}"},"query-input":{"@type":"PropertyValueSpecification","valueRequired":true,"valueName":"search_term_string"}}],"inLanguage":"en-GB"},{"@type":"Organization","@id":"https:\/\/rad-pal.com.pl\/#organization","name":"Rad-Pal","url":"https:\/\/rad-pal.com.pl\/","logo":{"@type":"ImageObject","inLanguage":"en-GB","@id":"https:\/\/rad-pal.com.pl\/#\/schema\/logo\/image\/","url":"https:\/\/rad-pal.com.pl\/wp-content\/uploads\/2026\/03\/Projekt-bez-nazwy-30.webp","contentUrl":"https:\/\/rad-pal.com.pl\/wp-content\/uploads\/2026\/03\/Projekt-bez-nazwy-30.webp","width":600,"height":210,"caption":"Rad-Pal"},"image":{"@id":"https:\/\/rad-pal.com.pl\/#\/schema\/logo\/image\/"}}]}},"_links":{"self":[{"href":"https:\/\/rad-pal.com.pl\/en\/wp-json\/wp\/v2\/product\/30036","targetHints":{"allow":["GET"]}}],"collection":[{"href":"https:\/\/rad-pal.com.pl\/en\/wp-json\/wp\/v2\/product"}],"about":[{"href":"https:\/\/rad-pal.com.pl\/en\/wp-json\/wp\/v2\/types\/product"}],"version-history":[{"count":0,"href":"https:\/\/rad-pal.com.pl\/en\/wp-json\/wp\/v2\/product\/30036\/revisions"}],"wp:featuredmedia":[{"embeddable":true,"href":"https:\/\/rad-pal.com.pl\/en\/wp-json\/wp\/v2\/media\/30032"}],"wp:attachment":[{"href":"https:\/\/rad-pal.com.pl\/en\/wp-json\/wp\/v2\/media?parent=30036"}],"wp:term":[{"taxonomy":"product_brand","embeddable":true,"href":"https:\/\/rad-pal.com.pl\/en\/wp-json\/wp\/v2\/product_brand?post=30036"},{"taxonomy":"product_cat","embeddable":true,"href":"https:\/\/rad-pal.com.pl\/en\/wp-json\/wp\/v2\/product_cat?post=30036"},{"taxonomy":"product_tag","embeddable":true,"href":"https:\/\/rad-pal.com.pl\/en\/wp-json\/wp\/v2\/product_tag?post=30036"}],"curies":[{"name":"wp","href":"https:\/\/api.w.org\/{rel}","templated":true}]}}