{"id":30193,"date":"2026-02-19T13:54:12","date_gmt":"2026-02-19T12:54:12","guid":{"rendered":"https:\/\/rad-pal.com.pl\/sklep\/bez-kategorii\/opryskiwacz-reczne-relaxdays-5-l\/"},"modified":"2026-02-19T14:36:29","modified_gmt":"2026-02-19T13:36:29","slug":"opryskiwacz-reczne-relaxdays-5-l","status":"publish","type":"product","link":"https:\/\/rad-pal.com.pl\/en\/sklep\/dom-i-ogrod\/ogrod\/narzedzia-ogrodnicze\/opryskiwacze\/opryskiwacz-reczne-relaxdays-5-l\/","title":{"rendered":"Opryskiwacz r\u0119czne Relaxdays 5 l"},"content":{"rendered":"<section class=\"section\">\n<div class=\"item item-12\">\n<section class=\"text-item\">\n<h1>Opryskiwacz ci\u015bnieniowy z zaworem R\u0119czny 5L Regulacja dyszy ze skal\u0105<\/h1>\n<\/section><\/div>\n<\/section>\n<section class=\"section\">\n<div class=\"item item-6\">\n<section class=\"image-item\"><img decoding=\"async\" src=\"https:\/\/upload.cdn.baselinker.com\/products\/6014502\/ca1b69b6a1c53fdcec7bfcb7068e71e9.jpg\" \/><\/section>\n<\/p><\/div>\n<div class=\"item item-6\">\n<section class=\"text-item\">\n<h1>Opryskiwacz z pomp\u0105 ci\u015bnieniow\u0105 na 5 litr\u00f3w cieczy<\/h1>\n<p><b>Ci\u015bnieniowy opryskiwacz r\u0119czny jest odpowiedni zar\u00f3wno do podlewania, jak i rozpylania \u015brodk\u00f3w chwastob\u00f3jczych<\/b>.<b> Dzi\u0119ki regulacji mosi\u0119\u017cnej dyszy mo\u017cesz ustawi\u0107 moc natrysku &#8211; od mgie\u0142ki do ci\u0105g\u0142ego strumienia.<\/b> Zaw\u00f3r bezpiecze\u0144stwa chroni r\u0119czny opryskiwacz ci\u015bnieniowy przed nadmiernym ci\u015bnieniem. <b>Dla u\u0142atwienia pracy opryskiwacz z pomp\u0105 posiada praktyczny pasek do przenoszenia oraz blokowan\u0105 d\u017awigni\u0119.<\/b><\/p>\n<\/section><\/div>\n<\/section>\n<section class=\"section\">\n<div class=\"item item-6\">\n<section class=\"image-item\"><img decoding=\"async\" src=\"https:\/\/upload.cdn.baselinker.com\/products\/6014502\/e7be5fc3dcff5c0b873725a30df445a8.jpg\" \/><\/section>\n<\/p><\/div>\n<div class=\"item item-6\">\n<section class=\"text-item\">\n<h1>Opryskiwacz ci\u015bnieniowy do ogrodu i gospodarstwa domowego<\/h1>\n<ul>\n<li>nadaje si\u0119 do rozpylania wody lub pestycyd\u00f3w<\/li>\n<li>z praktyczn\u0105 i przejrzyst\u0105 skal\u0105 w ml i oz<\/li>\n<li>regulowana dysza: od mgie\u0142ki do ci\u0105g\u0142ego strumienia<\/li>\n<li>z zaworem odpowietrzaj\u0105cym do wyr\u00f3wnywania nadmiaru ci\u015bnienia<\/li>\n<li>nieprzerwane opryskiwanie dzi\u0119ki d\u017awigni blokuj\u0105cej<\/li>\n<li>z regulowanym paskiem dla wygodnej pracy<\/li>\n<\/ul>\n<\/section><\/div>\n<\/section>\n<section class=\"section\">\n<div class=\"item item-6\">\n<section class=\"image-item\"><img decoding=\"async\" src=\"https:\/\/upload.cdn.baselinker.com\/products\/6014502\/d9f78144ca4639942d77a2eebc194afa.jpg\" \/><\/section>\n<\/p><\/div>\n<div class=\"item item-6\">\n<section class=\"text-item\">\n<h1>Parametry r\u0119cznego opryskiwacza ci\u015bnieniowego<\/h1>\n<ul>\n<li><b>wymiary: <\/b>ok. 45 x 65 x 17,5 cm (wys. x szer. x d\u0142.)<\/li>\n<li><b><\/b> 43 x 17,5 cm (wys. x \u015br.)<\/li>\n<li><b>d\u0142ugo\u015b\u0107 w\u0119\u017ca:<\/b> ok. 129 cm<\/li>\n<li><b>pojemno\u015b\u0107:<\/b> ok. 5 l<\/li>\n<li><b>waga:<\/b> ok. 900 g<\/li>\n<li><b>materia\u0142:<\/b> tworzywo sztuczne (polipropylen, ABS)<\/li>\n<li><b>kolor:<\/b> bia\u0142y i szary<\/li>\n<\/ul>\n<\/section><\/div>\n<\/section>\n<section class=\"section\">\n<div class=\"item item-12\">\n<section class=\"text-item\">\n<ul>\n<li>1x spryskiwacz do ro\u015blin<\/li>\n<li>bez dekoracji<\/li>\n<\/ul>\n<\/section><\/div>\n<\/section>\n<section class=\"section\">\n<div class=\"item item-6\">\n<section class=\"image-item\"><img decoding=\"async\" src=\"https:\/\/upload.cdn.baselinker.com\/products\/6014502\/d3efca7154328a217a20d02d5b8b4cf7.jpg\" \/><\/section>\n<\/p><\/div>\n<div class=\"item item-6\">\n<section class=\"image-item\"><img decoding=\"async\" src=\"https:\/\/upload.cdn.baselinker.com\/products\/6014502\/48592bac3d3df55bfff00108199c3951.jpg\" \/><\/section>\n<\/p><\/div>\n<\/section>\n<section class=\"section\">\n<div class=\"item item-6\">\n<section class=\"image-item\"><img decoding=\"async\" src=\"https:\/\/upload.cdn.baselinker.com\/products\/6014502\/a190034f0552e36ea31e5ac30704b05e.jpg\" \/><\/section>\n<\/p><\/div>\n<div class=\"item item-6\">\n<section class=\"image-item\"><img decoding=\"async\" src=\"https:\/\/upload.cdn.baselinker.com\/products\/6014502\/d28edfa99c23e5fb66ac220d09db0469.jpg\" \/><\/section>\n<\/p><\/div>\n<\/section>\n<section class=\"section\">\n<div class=\"item item-12\">\n<section class=\"text-item\">\n<p>12<\/p>\n<\/section><\/div>\n<\/section>","protected":false},"excerpt":{"rendered":"<p>Opryskiwacz ci\u015bnieniowy z zaworem R\u0119czny 5L Regulacja dyszy ze skal\u0105 Opryskiwacz z pomp\u0105 ci\u015bnieniow\u0105 na 5 litr\u00f3w cieczy Ci\u015bnieniowy opryskiwacz<\/p>","protected":false},"featured_media":30185,"template":"","meta":[],"product_brand":[],"product_cat":[86,112,111,249],"product_tag":[],"class_list":{"0":"post-30193","1":"product","2":"type-product","3":"status-publish","4":"has-post-thumbnail","6":"product_cat-dom-i-ogrod","7":"product_cat-narzedzia-ogrodnicze","8":"product_cat-ogrod","9":"product_cat-opryskiwacze","11":"first","12":"instock","13":"taxable","14":"shipping-taxable","15":"purchasable","16":"product-type-simple"},"yoast_head":"<!-- This site is optimized with the Yoast SEO plugin v25.7 - https:\/\/yoast.com\/wordpress\/plugins\/seo\/ -->\n<title>Opryskiwacz r\u0119czne Relaxdays 5 l - Rad-Pal<\/title>\n<meta name=\"robots\" content=\"index, follow, max-snippet:-1, max-image-preview:large, max-video-preview:-1\" \/>\n<link rel=\"canonical\" href=\"https:\/\/rad-pal.com.pl\/en\/sklep\/bez-kategorii\/opryskiwacz-reczne-relaxdays-5-l\/\" \/>\n<meta property=\"og:locale\" content=\"en_GB\" \/>\n<meta property=\"og:type\" content=\"article\" \/>\n<meta property=\"og:title\" content=\"Opryskiwacz r\u0119czne Relaxdays 5 l - Rad-Pal\" \/>\n<meta property=\"og:description\" content=\"Opryskiwacz ci\u015bnieniowy z zaworem R\u0119czny 5L Regulacja dyszy ze skal\u0105 Opryskiwacz z pomp\u0105 ci\u015bnieniow\u0105 na 5 litr\u00f3w cieczy Ci\u015bnieniowy opryskiwacz\" \/>\n<meta property=\"og:url\" content=\"https:\/\/rad-pal.com.pl\/en\/sklep\/bez-kategorii\/opryskiwacz-reczne-relaxdays-5-l\/\" \/>\n<meta property=\"og:site_name\" content=\"Rad-Pal\" \/>\n<meta property=\"article:modified_time\" content=\"2026-02-19T13:36:29+00:00\" \/>\n<meta property=\"og:image\" content=\"https:\/\/upload.cdn.baselinker.com\/products\/6014502\/ca1b69b6a1c53fdcec7bfcb7068e71e9.jpg\" \/>\n<meta name=\"twitter:card\" content=\"summary_large_image\" \/>\n<meta name=\"twitter:label1\" content=\"Estimated reading time\" \/>\n\t<meta name=\"twitter:data1\" content=\"1 minute\" \/>\n<script type=\"application\/ld+json\" class=\"yoast-schema-graph\">{\"@context\":\"https:\/\/schema.org\",\"@graph\":[{\"@type\":\"WebPage\",\"@id\":\"https:\/\/rad-pal.com.pl\/sklep\/bez-kategorii\/opryskiwacz-reczne-relaxdays-5-l\/\",\"url\":\"https:\/\/rad-pal.com.pl\/sklep\/bez-kategorii\/opryskiwacz-reczne-relaxdays-5-l\/\",\"name\":\"Opryskiwacz r\u0119czne Relaxdays 5 l - Rad-Pal\",\"isPartOf\":{\"@id\":\"https:\/\/rad-pal.com.pl\/#website\"},\"primaryImageOfPage\":{\"@id\":\"https:\/\/rad-pal.com.pl\/sklep\/bez-kategorii\/opryskiwacz-reczne-relaxdays-5-l\/#primaryimage\"},\"image\":{\"@id\":\"https:\/\/rad-pal.com.pl\/sklep\/bez-kategorii\/opryskiwacz-reczne-relaxdays-5-l\/#primaryimage\"},\"thumbnailUrl\":\"https:\/\/rad-pal.com.pl\/wp-content\/uploads\/2026\/02\/ca1b69b6a1c53fdcec7bfcb7068e71e9.jpg\",\"datePublished\":\"2026-02-19T12:54:12+00:00\",\"dateModified\":\"2026-02-19T13:36:29+00:00\",\"breadcrumb\":{\"@id\":\"https:\/\/rad-pal.com.pl\/sklep\/bez-kategorii\/opryskiwacz-reczne-relaxdays-5-l\/#breadcrumb\"},\"inLanguage\":\"en-GB\",\"potentialAction\":[{\"@type\":\"ReadAction\",\"target\":[\"https:\/\/rad-pal.com.pl\/sklep\/bez-kategorii\/opryskiwacz-reczne-relaxdays-5-l\/\"]}]},{\"@type\":\"ImageObject\",\"inLanguage\":\"en-GB\",\"@id\":\"https:\/\/rad-pal.com.pl\/sklep\/bez-kategorii\/opryskiwacz-reczne-relaxdays-5-l\/#primaryimage\",\"url\":\"https:\/\/rad-pal.com.pl\/wp-content\/uploads\/2026\/02\/ca1b69b6a1c53fdcec7bfcb7068e71e9.jpg\",\"contentUrl\":\"https:\/\/rad-pal.com.pl\/wp-content\/uploads\/2026\/02\/ca1b69b6a1c53fdcec7bfcb7068e71e9.jpg\",\"width\":2048,\"height\":2048,\"caption\":\"0d142af94ebc2ae78574014956e768c2\"},{\"@type\":\"BreadcrumbList\",\"@id\":\"https:\/\/rad-pal.com.pl\/sklep\/bez-kategorii\/opryskiwacz-reczne-relaxdays-5-l\/#breadcrumb\",\"itemListElement\":[{\"@type\":\"ListItem\",\"position\":1,\"name\":\"Strona g\u0142\u00f3wna\",\"item\":\"https:\/\/rad-pal.com.pl\/\"},{\"@type\":\"ListItem\",\"position\":2,\"name\":\"Sklep\",\"item\":\"https:\/\/rad-pal.com.pl\/sklep\/\"},{\"@type\":\"ListItem\",\"position\":3,\"name\":\"Opryskiwacz r\u0119czne Relaxdays 5 l\"}]},{\"@type\":\"WebSite\",\"@id\":\"https:\/\/rad-pal.com.pl\/#website\",\"url\":\"https:\/\/rad-pal.com.pl\/\",\"name\":\"Rad-Pal\",\"description\":\"\",\"publisher\":{\"@id\":\"https:\/\/rad-pal.com.pl\/#organization\"},\"potentialAction\":[{\"@type\":\"SearchAction\",\"target\":{\"@type\":\"EntryPoint\",\"urlTemplate\":\"https:\/\/rad-pal.com.pl\/?s={search_term_string}\"},\"query-input\":{\"@type\":\"PropertyValueSpecification\",\"valueRequired\":true,\"valueName\":\"search_term_string\"}}],\"inLanguage\":\"en-GB\"},{\"@type\":\"Organization\",\"@id\":\"https:\/\/rad-pal.com.pl\/#organization\",\"name\":\"Rad-Pal\",\"url\":\"https:\/\/rad-pal.com.pl\/\",\"logo\":{\"@type\":\"ImageObject\",\"inLanguage\":\"en-GB\",\"@id\":\"https:\/\/rad-pal.com.pl\/#\/schema\/logo\/image\/\",\"url\":\"https:\/\/rad-pal.com.pl\/wp-content\/uploads\/2026\/03\/Projekt-bez-nazwy-30.webp\",\"contentUrl\":\"https:\/\/rad-pal.com.pl\/wp-content\/uploads\/2026\/03\/Projekt-bez-nazwy-30.webp\",\"width\":600,\"height\":210,\"caption\":\"Rad-Pal\"},\"image\":{\"@id\":\"https:\/\/rad-pal.com.pl\/#\/schema\/logo\/image\/\"}}]}<\/script>\n<!-- \/ Yoast SEO plugin. -->","yoast_head_json":{"title":"Opryskiwacz r\u0119czne Relaxdays 5 l - Rad-Pal","robots":{"index":"index","follow":"follow","max-snippet":"max-snippet:-1","max-image-preview":"max-image-preview:large","max-video-preview":"max-video-preview:-1"},"canonical":"https:\/\/rad-pal.com.pl\/en\/sklep\/bez-kategorii\/opryskiwacz-reczne-relaxdays-5-l\/","og_locale":"en_GB","og_type":"article","og_title":"Opryskiwacz r\u0119czne Relaxdays 5 l - Rad-Pal","og_description":"Opryskiwacz ci\u015bnieniowy z zaworem R\u0119czny 5L Regulacja dyszy ze skal\u0105 Opryskiwacz z pomp\u0105 ci\u015bnieniow\u0105 na 5 litr\u00f3w cieczy Ci\u015bnieniowy opryskiwacz","og_url":"https:\/\/rad-pal.com.pl\/en\/sklep\/bez-kategorii\/opryskiwacz-reczne-relaxdays-5-l\/","og_site_name":"Rad-Pal","article_modified_time":"2026-02-19T13:36:29+00:00","og_image":[{"url":"https:\/\/upload.cdn.baselinker.com\/products\/6014502\/ca1b69b6a1c53fdcec7bfcb7068e71e9.jpg","type":"","width":"","height":""}],"twitter_card":"summary_large_image","twitter_misc":{"Estimated reading time":"1 minute"},"schema":{"@context":"https:\/\/schema.org","@graph":[{"@type":"WebPage","@id":"https:\/\/rad-pal.com.pl\/sklep\/bez-kategorii\/opryskiwacz-reczne-relaxdays-5-l\/","url":"https:\/\/rad-pal.com.pl\/sklep\/bez-kategorii\/opryskiwacz-reczne-relaxdays-5-l\/","name":"Opryskiwacz r\u0119czne Relaxdays 5 l - Rad-Pal","isPartOf":{"@id":"https:\/\/rad-pal.com.pl\/#website"},"primaryImageOfPage":{"@id":"https:\/\/rad-pal.com.pl\/sklep\/bez-kategorii\/opryskiwacz-reczne-relaxdays-5-l\/#primaryimage"},"image":{"@id":"https:\/\/rad-pal.com.pl\/sklep\/bez-kategorii\/opryskiwacz-reczne-relaxdays-5-l\/#primaryimage"},"thumbnailUrl":"https:\/\/rad-pal.com.pl\/wp-content\/uploads\/2026\/02\/ca1b69b6a1c53fdcec7bfcb7068e71e9.jpg","datePublished":"2026-02-19T12:54:12+00:00","dateModified":"2026-02-19T13:36:29+00:00","breadcrumb":{"@id":"https:\/\/rad-pal.com.pl\/sklep\/bez-kategorii\/opryskiwacz-reczne-relaxdays-5-l\/#breadcrumb"},"inLanguage":"en-GB","potentialAction":[{"@type":"ReadAction","target":["https:\/\/rad-pal.com.pl\/sklep\/bez-kategorii\/opryskiwacz-reczne-relaxdays-5-l\/"]}]},{"@type":"ImageObject","inLanguage":"en-GB","@id":"https:\/\/rad-pal.com.pl\/sklep\/bez-kategorii\/opryskiwacz-reczne-relaxdays-5-l\/#primaryimage","url":"https:\/\/rad-pal.com.pl\/wp-content\/uploads\/2026\/02\/ca1b69b6a1c53fdcec7bfcb7068e71e9.jpg","contentUrl":"https:\/\/rad-pal.com.pl\/wp-content\/uploads\/2026\/02\/ca1b69b6a1c53fdcec7bfcb7068e71e9.jpg","width":2048,"height":2048,"caption":"0d142af94ebc2ae78574014956e768c2"},{"@type":"BreadcrumbList","@id":"https:\/\/rad-pal.com.pl\/sklep\/bez-kategorii\/opryskiwacz-reczne-relaxdays-5-l\/#breadcrumb","itemListElement":[{"@type":"ListItem","position":1,"name":"Strona g\u0142\u00f3wna","item":"https:\/\/rad-pal.com.pl\/"},{"@type":"ListItem","position":2,"name":"Sklep","item":"https:\/\/rad-pal.com.pl\/sklep\/"},{"@type":"ListItem","position":3,"name":"Opryskiwacz r\u0119czne Relaxdays 5 l"}]},{"@type":"WebSite","@id":"https:\/\/rad-pal.com.pl\/#website","url":"https:\/\/rad-pal.com.pl\/","name":"Rad-Pal","description":"","publisher":{"@id":"https:\/\/rad-pal.com.pl\/#organization"},"potentialAction":[{"@type":"SearchAction","target":{"@type":"EntryPoint","urlTemplate":"https:\/\/rad-pal.com.pl\/?s={search_term_string}"},"query-input":{"@type":"PropertyValueSpecification","valueRequired":true,"valueName":"search_term_string"}}],"inLanguage":"en-GB"},{"@type":"Organization","@id":"https:\/\/rad-pal.com.pl\/#organization","name":"Rad-Pal","url":"https:\/\/rad-pal.com.pl\/","logo":{"@type":"ImageObject","inLanguage":"en-GB","@id":"https:\/\/rad-pal.com.pl\/#\/schema\/logo\/image\/","url":"https:\/\/rad-pal.com.pl\/wp-content\/uploads\/2026\/03\/Projekt-bez-nazwy-30.webp","contentUrl":"https:\/\/rad-pal.com.pl\/wp-content\/uploads\/2026\/03\/Projekt-bez-nazwy-30.webp","width":600,"height":210,"caption":"Rad-Pal"},"image":{"@id":"https:\/\/rad-pal.com.pl\/#\/schema\/logo\/image\/"}}]}},"_links":{"self":[{"href":"https:\/\/rad-pal.com.pl\/en\/wp-json\/wp\/v2\/product\/30193","targetHints":{"allow":["GET"]}}],"collection":[{"href":"https:\/\/rad-pal.com.pl\/en\/wp-json\/wp\/v2\/product"}],"about":[{"href":"https:\/\/rad-pal.com.pl\/en\/wp-json\/wp\/v2\/types\/product"}],"version-history":[{"count":0,"href":"https:\/\/rad-pal.com.pl\/en\/wp-json\/wp\/v2\/product\/30193\/revisions"}],"wp:featuredmedia":[{"embeddable":true,"href":"https:\/\/rad-pal.com.pl\/en\/wp-json\/wp\/v2\/media\/30185"}],"wp:attachment":[{"href":"https:\/\/rad-pal.com.pl\/en\/wp-json\/wp\/v2\/media?parent=30193"}],"wp:term":[{"taxonomy":"product_brand","embeddable":true,"href":"https:\/\/rad-pal.com.pl\/en\/wp-json\/wp\/v2\/product_brand?post=30193"},{"taxonomy":"product_cat","embeddable":true,"href":"https:\/\/rad-pal.com.pl\/en\/wp-json\/wp\/v2\/product_cat?post=30193"},{"taxonomy":"product_tag","embeddable":true,"href":"https:\/\/rad-pal.com.pl\/en\/wp-json\/wp\/v2\/product_tag?post=30193"}],"curies":[{"name":"wp","href":"https:\/\/api.w.org\/{rel}","templated":true}]}}