{"id":30264,"date":"2026-02-19T13:57:45","date_gmt":"2026-02-19T12:57:45","guid":{"rendered":"https:\/\/rad-pal.com.pl\/sklep\/bez-kategorii\/piniata-samochod-30-cm-x-55-cm\/"},"modified":"2026-02-19T14:36:45","modified_gmt":"2026-02-19T13:36:45","slug":"piniata-samochod-30-cm-x-55-cm","status":"publish","type":"product","link":"https:\/\/rad-pal.com.pl\/en\/sklep\/dziecko\/okazje-przyjecia\/dekoracje-i-gadzety\/piniaty\/piniata-samochod-30-cm-x-55-cm\/","title":{"rendered":"Piniata samoch\u00f3d 30 cm x 55 cm"},"content":{"rendered":"<section class=\"section\">\n<div class=\"item item-12\">\n<section class=\"text-item\">\n<h1>PINIATA STRA\u017bACKA ZESTAW Z KIJEM I MASK\u0104 NA URODZINY DZIECI<\/h1>\n<\/section><\/div>\n<\/section>\n<section class=\"section\">\n<div class=\"item item-12\">\n<section class=\"text-item\">\n<p>\u2705 OPIS:<\/p>\n<p>Rozkr\u0119\u0107 niezapomnian\u0105 imprez\u0119 urodzinow\u0105 z <b>piniat\u0105 w kszta\u0142cie wozu stra\u017cackiego<\/b>! To doskona\u0142a atrakcja zar\u00f3wno dla najm\u0142odszych, jak i starszych uczestnik\u00f3w zabawy. Wype\u0142nij piniat\u0119 ulubionymi s\u0142odyczami, drobnymi prezentami lub konfetti, zawie\u015b j\u0105 na ga\u0142\u0119zi czy haku i obserwuj, jak dzieci z opask\u0105 na oczach pr\u00f3buj\u0105 rozbi\u0107 j\u0105 kijem. <b>Kolorowy wz\u00f3r stra\u017cy po\u017carnej<\/b> i dynamiczne wst\u0105\u017cki dodadz\u0105 wyj\u0105tkowego klimatu ka\u017cdej imprezie. Dzi\u0119ki kompletowi z kijem i mask\u0105 zestaw jest gotowy do u\u017cycia od razu po rozpakowaniu.<\/p>\n<\/section><\/div>\n<\/section>\n<section class=\"section\">\n<div class=\"item item-6\">\n<section class=\"image-item\"><img decoding=\"async\" src=\"https:\/\/upload.cdn.baselinker.com\/products\/6014502\/49daabf8d800e8c94a1777d13cc3d938.jpg\" \/><\/section>\n<\/p><\/div>\n<div class=\"item item-6\">\n<section class=\"text-item\">\n<p>\u2705 SPECYFIKACJA:<\/p>\n<p>\u2666\ufe0f Wymiary piniaty: ok. 30 x 55 x 18 cm (wys. x szer. x d\u0142.)<\/p>\n<p>\u2666\ufe0f Wysoko\u015b\u0107 z zawieszeniem: ok. 47,5 cm<\/p>\n<p>\u2666\ufe0f Patyk: ok. 40 x 2,5 cm<\/p>\n<p>\u2666\ufe0f Maska: ok. 8 x 16 cm<\/p>\n<p>\u2666\ufe0f Waga piniaty: ok. 260 g<\/p>\n<p>\u2666\ufe0f Materia\u0142: 60% tektura, 40% papier<\/p>\n<p>\u2666\ufe0f Kolor: czerwony, niebieski, \u017c\u00f3\u0142ty<\/p>\n<\/section><\/div>\n<\/section>\n<section class=\"section\">\n<div class=\"item item-6\">\n<section class=\"image-item\"><img decoding=\"async\" src=\"https:\/\/upload.cdn.baselinker.com\/products\/6014502\/26721725d6524a284d538b40c783c111.jpg\" \/><\/section>\n<\/p><\/div>\n<div class=\"item item-6\">\n<section class=\"image-item\"><img decoding=\"async\" src=\"https:\/\/upload.cdn.baselinker.com\/products\/6014502\/3b80a81090fbc44dc302a74e88c394e9.jpg\" \/><\/section>\n<\/p><\/div>\n<\/section>\n<section class=\"section\">\n<div class=\"item item-6\">\n<section class=\"image-item\"><img decoding=\"async\" src=\"https:\/\/upload.cdn.baselinker.com\/products\/6014502\/e0b0cc22d259d3447f64a42c81442e63.jpg\" \/><\/section>\n<\/p><\/div>\n<div class=\"item item-6\">\n<section class=\"text-item\">\n<p>\u2705 NAJWA\u017bNIEJSZE CECHY:<\/p>\n<p>\u2666\ufe0f \u0141atwe zawieszenie dzi\u0119ki p\u0119tli monta\u017cowej<\/p>\n<p>\u2666\ufe0f Otw\u00f3r do samodzielnego nape\u0142nienia s\u0142odyczami lub konfetti<\/p>\n<p>\u2666\ufe0f Zestaw kompletny \u2013 piniata, kij i maska w komplecie<\/p>\n<\/section><\/div>\n<\/section>\n<section class=\"section\">\n<div class=\"item item-12\">\n<section class=\"text-item\">\n<p>\u2705 DLACZEGO WARTO:<\/p>\n<p>\u2666\ufe0f Niezawodny spos\u00f3b na urozmaicenie przyj\u0119cia i wywo\u0142anie u\u015bmiechu dzieci<\/p>\n<p>\u2666\ufe0f Uniwersalna atrakcja \u2013 sprawdzi si\u0119 na urodzinach, rozpocz\u0119ciu szko\u0142y czy imprezach tematycznych<\/p>\n<p>\u2666\ufe0f \u0141atwy monta\u017c i szybkie przygotowanie do zabawy<\/p>\n<p>\u2666\ufe0f Solidne wykonanie z papieru i tektury zapewnia odpowiedni\u0105 wytrzyma\u0142o\u015b\u0107<\/p>\n<p>\u2666\ufe0f Kolorowy, stra\u017cacki design przyci\u0105ga uwag\u0119 i buduje atmosfer\u0119 \u015bwi\u0119towania<\/p>\n<\/section><\/div>\n<\/section>\n<section class=\"section\">\n<div class=\"item item-12\">\n<section class=\"text-item\">\n<p>12<\/p>\n<\/section><\/div>\n<\/section>","protected":false},"excerpt":{"rendered":"<p>PINIATA STRA\u017bACKA ZESTAW Z KIJEM I MASK\u0104 NA URODZINY DZIECI \u2705 OPIS: Rozkr\u0119\u0107 niezapomnian\u0105 imprez\u0119 urodzinow\u0105 z piniat\u0105 w kszta\u0142cie<\/p>","protected":false},"featured_media":30253,"template":"","meta":[],"product_brand":[],"product_cat":[253,81,252,254],"product_tag":[],"class_list":{"0":"post-30264","1":"product","2":"type-product","3":"status-publish","4":"has-post-thumbnail","6":"product_cat-dekoracje-i-gadzety","7":"product_cat-dziecko","8":"product_cat-okazje-przyjecia","9":"product_cat-piniaty","11":"first","12":"instock","13":"taxable","14":"shipping-taxable","15":"purchasable","16":"product-type-simple"},"yoast_head":"<!-- This site is optimized with the Yoast SEO plugin v25.7 - https:\/\/yoast.com\/wordpress\/plugins\/seo\/ -->\n<title>Piniata samoch\u00f3d 30 cm x 55 cm - Rad-Pal<\/title>\n<meta name=\"robots\" content=\"index, follow, max-snippet:-1, max-image-preview:large, max-video-preview:-1\" \/>\n<link rel=\"canonical\" href=\"https:\/\/rad-pal.com.pl\/en\/sklep\/bez-kategorii\/piniata-samochod-30-cm-x-55-cm\/\" \/>\n<meta property=\"og:locale\" content=\"en_GB\" \/>\n<meta property=\"og:type\" content=\"article\" \/>\n<meta property=\"og:title\" content=\"Piniata samoch\u00f3d 30 cm x 55 cm - Rad-Pal\" \/>\n<meta property=\"og:description\" content=\"PINIATA STRA\u017bACKA ZESTAW Z KIJEM I MASK\u0104 NA URODZINY DZIECI \u2705 OPIS: Rozkr\u0119\u0107 niezapomnian\u0105 imprez\u0119 urodzinow\u0105 z piniat\u0105 w kszta\u0142cie\" \/>\n<meta property=\"og:url\" content=\"https:\/\/rad-pal.com.pl\/en\/sklep\/bez-kategorii\/piniata-samochod-30-cm-x-55-cm\/\" \/>\n<meta property=\"og:site_name\" content=\"Rad-Pal\" \/>\n<meta property=\"article:modified_time\" content=\"2026-02-19T13:36:45+00:00\" \/>\n<meta property=\"og:image\" content=\"https:\/\/upload.cdn.baselinker.com\/products\/6014502\/49daabf8d800e8c94a1777d13cc3d938.jpg\" \/>\n<meta name=\"twitter:card\" content=\"summary_large_image\" \/>\n<meta name=\"twitter:label1\" content=\"Estimated reading time\" \/>\n\t<meta name=\"twitter:data1\" content=\"1 minute\" \/>\n<script type=\"application\/ld+json\" class=\"yoast-schema-graph\">{\"@context\":\"https:\/\/schema.org\",\"@graph\":[{\"@type\":\"WebPage\",\"@id\":\"https:\/\/rad-pal.com.pl\/sklep\/bez-kategorii\/piniata-samochod-30-cm-x-55-cm\/\",\"url\":\"https:\/\/rad-pal.com.pl\/sklep\/bez-kategorii\/piniata-samochod-30-cm-x-55-cm\/\",\"name\":\"Piniata samoch\u00f3d 30 cm x 55 cm - Rad-Pal\",\"isPartOf\":{\"@id\":\"https:\/\/rad-pal.com.pl\/#website\"},\"primaryImageOfPage\":{\"@id\":\"https:\/\/rad-pal.com.pl\/sklep\/bez-kategorii\/piniata-samochod-30-cm-x-55-cm\/#primaryimage\"},\"image\":{\"@id\":\"https:\/\/rad-pal.com.pl\/sklep\/bez-kategorii\/piniata-samochod-30-cm-x-55-cm\/#primaryimage\"},\"thumbnailUrl\":\"https:\/\/rad-pal.com.pl\/wp-content\/uploads\/2026\/02\/dafbf444c323aad7d78de66f0ed042a0.jpg\",\"datePublished\":\"2026-02-19T12:57:45+00:00\",\"dateModified\":\"2026-02-19T13:36:45+00:00\",\"breadcrumb\":{\"@id\":\"https:\/\/rad-pal.com.pl\/sklep\/bez-kategorii\/piniata-samochod-30-cm-x-55-cm\/#breadcrumb\"},\"inLanguage\":\"en-GB\",\"potentialAction\":[{\"@type\":\"ReadAction\",\"target\":[\"https:\/\/rad-pal.com.pl\/sklep\/bez-kategorii\/piniata-samochod-30-cm-x-55-cm\/\"]}]},{\"@type\":\"ImageObject\",\"inLanguage\":\"en-GB\",\"@id\":\"https:\/\/rad-pal.com.pl\/sklep\/bez-kategorii\/piniata-samochod-30-cm-x-55-cm\/#primaryimage\",\"url\":\"https:\/\/rad-pal.com.pl\/wp-content\/uploads\/2026\/02\/dafbf444c323aad7d78de66f0ed042a0.jpg\",\"contentUrl\":\"https:\/\/rad-pal.com.pl\/wp-content\/uploads\/2026\/02\/dafbf444c323aad7d78de66f0ed042a0.jpg\",\"width\":2048,\"height\":2048,\"caption\":\"4b0eadbda378f97e9e20c7096f0c084a\"},{\"@type\":\"BreadcrumbList\",\"@id\":\"https:\/\/rad-pal.com.pl\/sklep\/bez-kategorii\/piniata-samochod-30-cm-x-55-cm\/#breadcrumb\",\"itemListElement\":[{\"@type\":\"ListItem\",\"position\":1,\"name\":\"Strona g\u0142\u00f3wna\",\"item\":\"https:\/\/rad-pal.com.pl\/\"},{\"@type\":\"ListItem\",\"position\":2,\"name\":\"Sklep\",\"item\":\"https:\/\/rad-pal.com.pl\/sklep\/\"},{\"@type\":\"ListItem\",\"position\":3,\"name\":\"Piniata samoch\u00f3d 30 cm x 55 cm\"}]},{\"@type\":\"WebSite\",\"@id\":\"https:\/\/rad-pal.com.pl\/#website\",\"url\":\"https:\/\/rad-pal.com.pl\/\",\"name\":\"Rad-Pal\",\"description\":\"\",\"publisher\":{\"@id\":\"https:\/\/rad-pal.com.pl\/#organization\"},\"potentialAction\":[{\"@type\":\"SearchAction\",\"target\":{\"@type\":\"EntryPoint\",\"urlTemplate\":\"https:\/\/rad-pal.com.pl\/?s={search_term_string}\"},\"query-input\":{\"@type\":\"PropertyValueSpecification\",\"valueRequired\":true,\"valueName\":\"search_term_string\"}}],\"inLanguage\":\"en-GB\"},{\"@type\":\"Organization\",\"@id\":\"https:\/\/rad-pal.com.pl\/#organization\",\"name\":\"Rad-Pal\",\"url\":\"https:\/\/rad-pal.com.pl\/\",\"logo\":{\"@type\":\"ImageObject\",\"inLanguage\":\"en-GB\",\"@id\":\"https:\/\/rad-pal.com.pl\/#\/schema\/logo\/image\/\",\"url\":\"https:\/\/rad-pal.com.pl\/wp-content\/uploads\/2026\/03\/Projekt-bez-nazwy-30.webp\",\"contentUrl\":\"https:\/\/rad-pal.com.pl\/wp-content\/uploads\/2026\/03\/Projekt-bez-nazwy-30.webp\",\"width\":600,\"height\":210,\"caption\":\"Rad-Pal\"},\"image\":{\"@id\":\"https:\/\/rad-pal.com.pl\/#\/schema\/logo\/image\/\"}}]}<\/script>\n<!-- \/ Yoast SEO plugin. -->","yoast_head_json":{"title":"Piniata samoch\u00f3d 30 cm x 55 cm - Rad-Pal","robots":{"index":"index","follow":"follow","max-snippet":"max-snippet:-1","max-image-preview":"max-image-preview:large","max-video-preview":"max-video-preview:-1"},"canonical":"https:\/\/rad-pal.com.pl\/en\/sklep\/bez-kategorii\/piniata-samochod-30-cm-x-55-cm\/","og_locale":"en_GB","og_type":"article","og_title":"Piniata samoch\u00f3d 30 cm x 55 cm - Rad-Pal","og_description":"PINIATA STRA\u017bACKA ZESTAW Z KIJEM I MASK\u0104 NA URODZINY DZIECI \u2705 OPIS: Rozkr\u0119\u0107 niezapomnian\u0105 imprez\u0119 urodzinow\u0105 z piniat\u0105 w kszta\u0142cie","og_url":"https:\/\/rad-pal.com.pl\/en\/sklep\/bez-kategorii\/piniata-samochod-30-cm-x-55-cm\/","og_site_name":"Rad-Pal","article_modified_time":"2026-02-19T13:36:45+00:00","og_image":[{"url":"https:\/\/upload.cdn.baselinker.com\/products\/6014502\/49daabf8d800e8c94a1777d13cc3d938.jpg","type":"","width":"","height":""}],"twitter_card":"summary_large_image","twitter_misc":{"Estimated reading time":"1 minute"},"schema":{"@context":"https:\/\/schema.org","@graph":[{"@type":"WebPage","@id":"https:\/\/rad-pal.com.pl\/sklep\/bez-kategorii\/piniata-samochod-30-cm-x-55-cm\/","url":"https:\/\/rad-pal.com.pl\/sklep\/bez-kategorii\/piniata-samochod-30-cm-x-55-cm\/","name":"Piniata samoch\u00f3d 30 cm x 55 cm - Rad-Pal","isPartOf":{"@id":"https:\/\/rad-pal.com.pl\/#website"},"primaryImageOfPage":{"@id":"https:\/\/rad-pal.com.pl\/sklep\/bez-kategorii\/piniata-samochod-30-cm-x-55-cm\/#primaryimage"},"image":{"@id":"https:\/\/rad-pal.com.pl\/sklep\/bez-kategorii\/piniata-samochod-30-cm-x-55-cm\/#primaryimage"},"thumbnailUrl":"https:\/\/rad-pal.com.pl\/wp-content\/uploads\/2026\/02\/dafbf444c323aad7d78de66f0ed042a0.jpg","datePublished":"2026-02-19T12:57:45+00:00","dateModified":"2026-02-19T13:36:45+00:00","breadcrumb":{"@id":"https:\/\/rad-pal.com.pl\/sklep\/bez-kategorii\/piniata-samochod-30-cm-x-55-cm\/#breadcrumb"},"inLanguage":"en-GB","potentialAction":[{"@type":"ReadAction","target":["https:\/\/rad-pal.com.pl\/sklep\/bez-kategorii\/piniata-samochod-30-cm-x-55-cm\/"]}]},{"@type":"ImageObject","inLanguage":"en-GB","@id":"https:\/\/rad-pal.com.pl\/sklep\/bez-kategorii\/piniata-samochod-30-cm-x-55-cm\/#primaryimage","url":"https:\/\/rad-pal.com.pl\/wp-content\/uploads\/2026\/02\/dafbf444c323aad7d78de66f0ed042a0.jpg","contentUrl":"https:\/\/rad-pal.com.pl\/wp-content\/uploads\/2026\/02\/dafbf444c323aad7d78de66f0ed042a0.jpg","width":2048,"height":2048,"caption":"4b0eadbda378f97e9e20c7096f0c084a"},{"@type":"BreadcrumbList","@id":"https:\/\/rad-pal.com.pl\/sklep\/bez-kategorii\/piniata-samochod-30-cm-x-55-cm\/#breadcrumb","itemListElement":[{"@type":"ListItem","position":1,"name":"Strona g\u0142\u00f3wna","item":"https:\/\/rad-pal.com.pl\/"},{"@type":"ListItem","position":2,"name":"Sklep","item":"https:\/\/rad-pal.com.pl\/sklep\/"},{"@type":"ListItem","position":3,"name":"Piniata samoch\u00f3d 30 cm x 55 cm"}]},{"@type":"WebSite","@id":"https:\/\/rad-pal.com.pl\/#website","url":"https:\/\/rad-pal.com.pl\/","name":"Rad-Pal","description":"","publisher":{"@id":"https:\/\/rad-pal.com.pl\/#organization"},"potentialAction":[{"@type":"SearchAction","target":{"@type":"EntryPoint","urlTemplate":"https:\/\/rad-pal.com.pl\/?s={search_term_string}"},"query-input":{"@type":"PropertyValueSpecification","valueRequired":true,"valueName":"search_term_string"}}],"inLanguage":"en-GB"},{"@type":"Organization","@id":"https:\/\/rad-pal.com.pl\/#organization","name":"Rad-Pal","url":"https:\/\/rad-pal.com.pl\/","logo":{"@type":"ImageObject","inLanguage":"en-GB","@id":"https:\/\/rad-pal.com.pl\/#\/schema\/logo\/image\/","url":"https:\/\/rad-pal.com.pl\/wp-content\/uploads\/2026\/03\/Projekt-bez-nazwy-30.webp","contentUrl":"https:\/\/rad-pal.com.pl\/wp-content\/uploads\/2026\/03\/Projekt-bez-nazwy-30.webp","width":600,"height":210,"caption":"Rad-Pal"},"image":{"@id":"https:\/\/rad-pal.com.pl\/#\/schema\/logo\/image\/"}}]}},"_links":{"self":[{"href":"https:\/\/rad-pal.com.pl\/en\/wp-json\/wp\/v2\/product\/30264","targetHints":{"allow":["GET"]}}],"collection":[{"href":"https:\/\/rad-pal.com.pl\/en\/wp-json\/wp\/v2\/product"}],"about":[{"href":"https:\/\/rad-pal.com.pl\/en\/wp-json\/wp\/v2\/types\/product"}],"version-history":[{"count":0,"href":"https:\/\/rad-pal.com.pl\/en\/wp-json\/wp\/v2\/product\/30264\/revisions"}],"wp:featuredmedia":[{"embeddable":true,"href":"https:\/\/rad-pal.com.pl\/en\/wp-json\/wp\/v2\/media\/30253"}],"wp:attachment":[{"href":"https:\/\/rad-pal.com.pl\/en\/wp-json\/wp\/v2\/media?parent=30264"}],"wp:term":[{"taxonomy":"product_brand","embeddable":true,"href":"https:\/\/rad-pal.com.pl\/en\/wp-json\/wp\/v2\/product_brand?post=30264"},{"taxonomy":"product_cat","embeddable":true,"href":"https:\/\/rad-pal.com.pl\/en\/wp-json\/wp\/v2\/product_cat?post=30264"},{"taxonomy":"product_tag","embeddable":true,"href":"https:\/\/rad-pal.com.pl\/en\/wp-json\/wp\/v2\/product_tag?post=30264"}],"curies":[{"name":"wp","href":"https:\/\/api.w.org\/{rel}","templated":true}]}}