{"id":30338,"date":"2026-02-19T14:00:38","date_gmt":"2026-02-19T13:00:38","guid":{"rendered":"https:\/\/rad-pal.com.pl\/sklep\/bez-kategorii\/relaxdays-wycieraczka-kokosowa-z-napisem-40x60\/"},"modified":"2026-02-19T14:37:26","modified_gmt":"2026-02-19T13:37:26","slug":"relaxdays-wycieraczka-kokosowa-z-napisem-40x60","status":"publish","type":"product","link":"https:\/\/rad-pal.com.pl\/en\/sklep\/dom-i-ogrod\/wyposazenie\/dywany-i-wykladziny\/wycieraczki\/relaxdays-wycieraczka-kokosowa-z-napisem-40x60\/","title":{"rendered":"Relaxdays wycieraczka kokosowa z napisem 40&#215;60"},"content":{"rendered":"<section class=\"section\">\n<div class=\"item item-6\">\n<section class=\"image-item\"><img decoding=\"async\" src=\"https:\/\/upload.cdn.baselinker.com\/products\/6014502\/cabb644250ff0c423d54c27ff1e3c5de.jpg\" \/><\/section>\n<\/p><\/div>\n<div class=\"item item-6\">\n<section class=\"text-item\">\n<p><b>Z wycieraczk\u0105 kokosow\u0105 SPELL absolutnie roz\u015bmieszysz swoich go\u015bci,<\/b> poniewa\u017c nie mo\u017cna przeoczy\u0107 zabawnego powiedzenia, kt\u00f3re dobrze wychodzi ze wzgl\u0119du na kontrast czerni i bieli i przyci\u0105ga wzrok przy drzwiach wej\u015bciowych.<\/p>\n<p><b>\u0141atwe do czyszczenia w\u0142\u00f3kna kokosowe s\u0105 bardzo wytrzyma\u0142e i trwa\u0142e.&nbsp;<\/b>Pochodz\u0105 z naturalnie rosn\u0105cego surowca.&nbsp;Dzi\u0119ki temu mata jest przyjazna dla \u015brodowiska i mocna.&nbsp;Sp\u00f3d maty posiada odporn\u0105 na wilgo\u0107 warstw\u0119 antypo\u015blizgow\u0105.&nbsp;Gwarantuje to, \u017ce mata nie \u015blizga si\u0119 podczas wycierania st\u00f3p.&nbsp;Standardowy rozmiar jest odpowiedni dla prawie wszystkich drzwi.<\/p>\n<p><b>Dzi\u0119ki wyd\u0142u\u017conemu kszta\u0142towi masz du\u017co miejsca na wycieranie but\u00f3w.&nbsp;<\/b>Szczeg\u00f3\u0142y wycieraczka SPELL<\/p>\n<p><b>\u2022 Wymiary<\/b> wys. x szer. x g\u0142.: ok. 1,5 x 60 x 40 cm<\/p>\n<\/section><\/div>\n<\/section>\n<section class=\"section\">\n<div class=\"item item-6\">\n<section class=\"image-item\"><img decoding=\"async\" src=\"https:\/\/upload.cdn.baselinker.com\/products\/6014502\/f2843a79a6aff2b34c1aaa58a316e576.jpg\" \/><\/section>\n<\/p><\/div>\n<div class=\"item item-6\">\n<section class=\"image-item\"><img decoding=\"async\" src=\"https:\/\/upload.cdn.baselinker.com\/products\/6014502\/d851dd09381e9049b4b84374ed297570.jpg\" \/><\/section>\n<\/p><\/div>\n<\/section>\n<section class=\"section\">\n<div class=\"item item-6\">\n<section class=\"image-item\"><img decoding=\"async\" src=\"https:\/\/upload.cdn.baselinker.com\/products\/6014502\/5846d671fd86a5140b54a938059b99fa.jpg\" \/><\/section>\n<\/p><\/div>\n<div class=\"item item-6\">\n<section class=\"image-item\"><img decoding=\"async\" src=\"https:\/\/upload.cdn.baselinker.com\/products\/6014502\/87b9cdb43eaa61ec7a702155cbf9c69d.jpg\" \/><\/section>\n<\/p><\/div>\n<\/section>\n<section class=\"section\">\n<div class=\"item item-12\">\n<section class=\"text-item\">\n<p>3<\/p>\n<\/section><\/div>\n<\/section>","protected":false},"excerpt":{"rendered":"<p>Z wycieraczk\u0105 kokosow\u0105 SPELL absolutnie roz\u015bmieszysz swoich go\u015bci, poniewa\u017c nie mo\u017cna przeoczy\u0107 zabawnego powiedzenia, kt\u00f3re dobrze wychodzi ze wzgl\u0119du na<\/p>","protected":false},"featured_media":30333,"template":"","meta":[],"product_brand":[],"product_cat":[86,92,93,87],"product_tag":[],"class_list":{"0":"post-30338","1":"product","2":"type-product","3":"status-publish","4":"has-post-thumbnail","6":"product_cat-dom-i-ogrod","7":"product_cat-dywany-i-wykladziny","8":"product_cat-wycieraczki","9":"product_cat-wyposazenie","11":"first","12":"instock","13":"taxable","14":"shipping-taxable","15":"purchasable","16":"product-type-simple"},"yoast_head":"<!-- This site is optimized with the Yoast SEO plugin v25.7 - https:\/\/yoast.com\/wordpress\/plugins\/seo\/ -->\n<title>Relaxdays wycieraczka kokosowa z napisem 40x60 - Rad-Pal<\/title>\n<meta name=\"robots\" content=\"index, follow, max-snippet:-1, max-image-preview:large, max-video-preview:-1\" \/>\n<link rel=\"canonical\" href=\"https:\/\/rad-pal.com.pl\/en\/sklep\/bez-kategorii\/relaxdays-wycieraczka-kokosowa-z-napisem-40x60\/\" \/>\n<meta property=\"og:locale\" content=\"en_GB\" \/>\n<meta property=\"og:type\" content=\"article\" \/>\n<meta property=\"og:title\" content=\"Relaxdays wycieraczka kokosowa z napisem 40x60 - Rad-Pal\" \/>\n<meta property=\"og:description\" content=\"Z wycieraczk\u0105 kokosow\u0105 SPELL absolutnie roz\u015bmieszysz swoich go\u015bci, poniewa\u017c nie mo\u017cna przeoczy\u0107 zabawnego powiedzenia, kt\u00f3re dobrze wychodzi ze wzgl\u0119du na\" \/>\n<meta property=\"og:url\" content=\"https:\/\/rad-pal.com.pl\/en\/sklep\/bez-kategorii\/relaxdays-wycieraczka-kokosowa-z-napisem-40x60\/\" \/>\n<meta property=\"og:site_name\" content=\"Rad-Pal\" \/>\n<meta property=\"article:modified_time\" content=\"2026-02-19T13:37:26+00:00\" \/>\n<meta property=\"og:image\" content=\"https:\/\/upload.cdn.baselinker.com\/products\/6014502\/cabb644250ff0c423d54c27ff1e3c5de.jpg\" \/>\n<meta name=\"twitter:card\" content=\"summary_large_image\" \/>\n<meta name=\"twitter:label1\" content=\"Estimated reading time\" \/>\n\t<meta name=\"twitter:data1\" content=\"1 minute\" \/>\n<script type=\"application\/ld+json\" class=\"yoast-schema-graph\">{\"@context\":\"https:\/\/schema.org\",\"@graph\":[{\"@type\":\"WebPage\",\"@id\":\"https:\/\/rad-pal.com.pl\/sklep\/bez-kategorii\/relaxdays-wycieraczka-kokosowa-z-napisem-40x60\/\",\"url\":\"https:\/\/rad-pal.com.pl\/sklep\/bez-kategorii\/relaxdays-wycieraczka-kokosowa-z-napisem-40x60\/\",\"name\":\"Relaxdays wycieraczka kokosowa z napisem 40x60 - Rad-Pal\",\"isPartOf\":{\"@id\":\"https:\/\/rad-pal.com.pl\/#website\"},\"primaryImageOfPage\":{\"@id\":\"https:\/\/rad-pal.com.pl\/sklep\/bez-kategorii\/relaxdays-wycieraczka-kokosowa-z-napisem-40x60\/#primaryimage\"},\"image\":{\"@id\":\"https:\/\/rad-pal.com.pl\/sklep\/bez-kategorii\/relaxdays-wycieraczka-kokosowa-z-napisem-40x60\/#primaryimage\"},\"thumbnailUrl\":\"https:\/\/rad-pal.com.pl\/wp-content\/uploads\/2026\/02\/cabb644250ff0c423d54c27ff1e3c5de.jpg\",\"datePublished\":\"2026-02-19T13:00:38+00:00\",\"dateModified\":\"2026-02-19T13:37:26+00:00\",\"breadcrumb\":{\"@id\":\"https:\/\/rad-pal.com.pl\/sklep\/bez-kategorii\/relaxdays-wycieraczka-kokosowa-z-napisem-40x60\/#breadcrumb\"},\"inLanguage\":\"en-GB\",\"potentialAction\":[{\"@type\":\"ReadAction\",\"target\":[\"https:\/\/rad-pal.com.pl\/sklep\/bez-kategorii\/relaxdays-wycieraczka-kokosowa-z-napisem-40x60\/\"]}]},{\"@type\":\"ImageObject\",\"inLanguage\":\"en-GB\",\"@id\":\"https:\/\/rad-pal.com.pl\/sklep\/bez-kategorii\/relaxdays-wycieraczka-kokosowa-z-napisem-40x60\/#primaryimage\",\"url\":\"https:\/\/rad-pal.com.pl\/wp-content\/uploads\/2026\/02\/cabb644250ff0c423d54c27ff1e3c5de.jpg\",\"contentUrl\":\"https:\/\/rad-pal.com.pl\/wp-content\/uploads\/2026\/02\/cabb644250ff0c423d54c27ff1e3c5de.jpg\",\"width\":777,\"height\":561,\"caption\":\"b3c9d07073a657f61e89c56738942d02\"},{\"@type\":\"BreadcrumbList\",\"@id\":\"https:\/\/rad-pal.com.pl\/sklep\/bez-kategorii\/relaxdays-wycieraczka-kokosowa-z-napisem-40x60\/#breadcrumb\",\"itemListElement\":[{\"@type\":\"ListItem\",\"position\":1,\"name\":\"Strona g\u0142\u00f3wna\",\"item\":\"https:\/\/rad-pal.com.pl\/\"},{\"@type\":\"ListItem\",\"position\":2,\"name\":\"Sklep\",\"item\":\"https:\/\/rad-pal.com.pl\/sklep\/\"},{\"@type\":\"ListItem\",\"position\":3,\"name\":\"Relaxdays wycieraczka kokosowa z napisem 40&#215;60\"}]},{\"@type\":\"WebSite\",\"@id\":\"https:\/\/rad-pal.com.pl\/#website\",\"url\":\"https:\/\/rad-pal.com.pl\/\",\"name\":\"Rad-Pal\",\"description\":\"\",\"publisher\":{\"@id\":\"https:\/\/rad-pal.com.pl\/#organization\"},\"potentialAction\":[{\"@type\":\"SearchAction\",\"target\":{\"@type\":\"EntryPoint\",\"urlTemplate\":\"https:\/\/rad-pal.com.pl\/?s={search_term_string}\"},\"query-input\":{\"@type\":\"PropertyValueSpecification\",\"valueRequired\":true,\"valueName\":\"search_term_string\"}}],\"inLanguage\":\"en-GB\"},{\"@type\":\"Organization\",\"@id\":\"https:\/\/rad-pal.com.pl\/#organization\",\"name\":\"Rad-Pal\",\"url\":\"https:\/\/rad-pal.com.pl\/\",\"logo\":{\"@type\":\"ImageObject\",\"inLanguage\":\"en-GB\",\"@id\":\"https:\/\/rad-pal.com.pl\/#\/schema\/logo\/image\/\",\"url\":\"https:\/\/rad-pal.com.pl\/wp-content\/uploads\/2026\/03\/Projekt-bez-nazwy-30.webp\",\"contentUrl\":\"https:\/\/rad-pal.com.pl\/wp-content\/uploads\/2026\/03\/Projekt-bez-nazwy-30.webp\",\"width\":600,\"height\":210,\"caption\":\"Rad-Pal\"},\"image\":{\"@id\":\"https:\/\/rad-pal.com.pl\/#\/schema\/logo\/image\/\"}}]}<\/script>\n<!-- \/ Yoast SEO plugin. -->","yoast_head_json":{"title":"Relaxdays wycieraczka kokosowa z napisem 40x60 - Rad-Pal","robots":{"index":"index","follow":"follow","max-snippet":"max-snippet:-1","max-image-preview":"max-image-preview:large","max-video-preview":"max-video-preview:-1"},"canonical":"https:\/\/rad-pal.com.pl\/en\/sklep\/bez-kategorii\/relaxdays-wycieraczka-kokosowa-z-napisem-40x60\/","og_locale":"en_GB","og_type":"article","og_title":"Relaxdays wycieraczka kokosowa z napisem 40x60 - Rad-Pal","og_description":"Z wycieraczk\u0105 kokosow\u0105 SPELL absolutnie roz\u015bmieszysz swoich go\u015bci, poniewa\u017c nie mo\u017cna przeoczy\u0107 zabawnego powiedzenia, kt\u00f3re dobrze wychodzi ze wzgl\u0119du na","og_url":"https:\/\/rad-pal.com.pl\/en\/sklep\/bez-kategorii\/relaxdays-wycieraczka-kokosowa-z-napisem-40x60\/","og_site_name":"Rad-Pal","article_modified_time":"2026-02-19T13:37:26+00:00","og_image":[{"url":"https:\/\/upload.cdn.baselinker.com\/products\/6014502\/cabb644250ff0c423d54c27ff1e3c5de.jpg","type":"","width":"","height":""}],"twitter_card":"summary_large_image","twitter_misc":{"Estimated reading time":"1 minute"},"schema":{"@context":"https:\/\/schema.org","@graph":[{"@type":"WebPage","@id":"https:\/\/rad-pal.com.pl\/sklep\/bez-kategorii\/relaxdays-wycieraczka-kokosowa-z-napisem-40x60\/","url":"https:\/\/rad-pal.com.pl\/sklep\/bez-kategorii\/relaxdays-wycieraczka-kokosowa-z-napisem-40x60\/","name":"Relaxdays wycieraczka kokosowa z napisem 40x60 - Rad-Pal","isPartOf":{"@id":"https:\/\/rad-pal.com.pl\/#website"},"primaryImageOfPage":{"@id":"https:\/\/rad-pal.com.pl\/sklep\/bez-kategorii\/relaxdays-wycieraczka-kokosowa-z-napisem-40x60\/#primaryimage"},"image":{"@id":"https:\/\/rad-pal.com.pl\/sklep\/bez-kategorii\/relaxdays-wycieraczka-kokosowa-z-napisem-40x60\/#primaryimage"},"thumbnailUrl":"https:\/\/rad-pal.com.pl\/wp-content\/uploads\/2026\/02\/cabb644250ff0c423d54c27ff1e3c5de.jpg","datePublished":"2026-02-19T13:00:38+00:00","dateModified":"2026-02-19T13:37:26+00:00","breadcrumb":{"@id":"https:\/\/rad-pal.com.pl\/sklep\/bez-kategorii\/relaxdays-wycieraczka-kokosowa-z-napisem-40x60\/#breadcrumb"},"inLanguage":"en-GB","potentialAction":[{"@type":"ReadAction","target":["https:\/\/rad-pal.com.pl\/sklep\/bez-kategorii\/relaxdays-wycieraczka-kokosowa-z-napisem-40x60\/"]}]},{"@type":"ImageObject","inLanguage":"en-GB","@id":"https:\/\/rad-pal.com.pl\/sklep\/bez-kategorii\/relaxdays-wycieraczka-kokosowa-z-napisem-40x60\/#primaryimage","url":"https:\/\/rad-pal.com.pl\/wp-content\/uploads\/2026\/02\/cabb644250ff0c423d54c27ff1e3c5de.jpg","contentUrl":"https:\/\/rad-pal.com.pl\/wp-content\/uploads\/2026\/02\/cabb644250ff0c423d54c27ff1e3c5de.jpg","width":777,"height":561,"caption":"b3c9d07073a657f61e89c56738942d02"},{"@type":"BreadcrumbList","@id":"https:\/\/rad-pal.com.pl\/sklep\/bez-kategorii\/relaxdays-wycieraczka-kokosowa-z-napisem-40x60\/#breadcrumb","itemListElement":[{"@type":"ListItem","position":1,"name":"Strona g\u0142\u00f3wna","item":"https:\/\/rad-pal.com.pl\/"},{"@type":"ListItem","position":2,"name":"Sklep","item":"https:\/\/rad-pal.com.pl\/sklep\/"},{"@type":"ListItem","position":3,"name":"Relaxdays wycieraczka kokosowa z napisem 40&#215;60"}]},{"@type":"WebSite","@id":"https:\/\/rad-pal.com.pl\/#website","url":"https:\/\/rad-pal.com.pl\/","name":"Rad-Pal","description":"","publisher":{"@id":"https:\/\/rad-pal.com.pl\/#organization"},"potentialAction":[{"@type":"SearchAction","target":{"@type":"EntryPoint","urlTemplate":"https:\/\/rad-pal.com.pl\/?s={search_term_string}"},"query-input":{"@type":"PropertyValueSpecification","valueRequired":true,"valueName":"search_term_string"}}],"inLanguage":"en-GB"},{"@type":"Organization","@id":"https:\/\/rad-pal.com.pl\/#organization","name":"Rad-Pal","url":"https:\/\/rad-pal.com.pl\/","logo":{"@type":"ImageObject","inLanguage":"en-GB","@id":"https:\/\/rad-pal.com.pl\/#\/schema\/logo\/image\/","url":"https:\/\/rad-pal.com.pl\/wp-content\/uploads\/2026\/03\/Projekt-bez-nazwy-30.webp","contentUrl":"https:\/\/rad-pal.com.pl\/wp-content\/uploads\/2026\/03\/Projekt-bez-nazwy-30.webp","width":600,"height":210,"caption":"Rad-Pal"},"image":{"@id":"https:\/\/rad-pal.com.pl\/#\/schema\/logo\/image\/"}}]}},"_links":{"self":[{"href":"https:\/\/rad-pal.com.pl\/en\/wp-json\/wp\/v2\/product\/30338","targetHints":{"allow":["GET"]}}],"collection":[{"href":"https:\/\/rad-pal.com.pl\/en\/wp-json\/wp\/v2\/product"}],"about":[{"href":"https:\/\/rad-pal.com.pl\/en\/wp-json\/wp\/v2\/types\/product"}],"version-history":[{"count":0,"href":"https:\/\/rad-pal.com.pl\/en\/wp-json\/wp\/v2\/product\/30338\/revisions"}],"wp:featuredmedia":[{"embeddable":true,"href":"https:\/\/rad-pal.com.pl\/en\/wp-json\/wp\/v2\/media\/30333"}],"wp:attachment":[{"href":"https:\/\/rad-pal.com.pl\/en\/wp-json\/wp\/v2\/media?parent=30338"}],"wp:term":[{"taxonomy":"product_brand","embeddable":true,"href":"https:\/\/rad-pal.com.pl\/en\/wp-json\/wp\/v2\/product_brand?post=30338"},{"taxonomy":"product_cat","embeddable":true,"href":"https:\/\/rad-pal.com.pl\/en\/wp-json\/wp\/v2\/product_cat?post=30338"},{"taxonomy":"product_tag","embeddable":true,"href":"https:\/\/rad-pal.com.pl\/en\/wp-json\/wp\/v2\/product_tag?post=30338"}],"curies":[{"name":"wp","href":"https:\/\/api.w.org\/{rel}","templated":true}]}}