{"id":30343,"date":"2026-02-19T14:00:48","date_gmt":"2026-02-19T13:00:48","guid":{"rendered":"https:\/\/rad-pal.com.pl\/sklep\/bez-kategorii\/stolik-pod-laptopa-relaxdays\/"},"modified":"2026-02-19T14:37:31","modified_gmt":"2026-02-19T13:37:31","slug":"stolik-pod-laptopa-relaxdays","status":"publish","type":"product","link":"https:\/\/rad-pal.com.pl\/en\/sklep\/elektronika\/komputery\/akcesoria-laptop-pc\/stoliki-pod-laptopa\/stolik-pod-laptopa-relaxdays\/","title":{"rendered":"Stolik pod laptopa Relaxdays"},"content":{"rendered":"<section class=\"section\">\n<div class=\"item item-6\">\n<section class=\"text-item\">\n<h1>Relaxays, Nature Laptop Table, Kl\u0119ka Taca, Podk\u0142ad laptopa, 2 podk\u0142adki podk\u0142adkowe, Uchwyt na smartfonie, BXT: 60 x 40 cm, bambus, standard<\/h1>\n<ul>\n<li>Funkcjonalny: Tabela laptopa z dodatkami &#8211; Uchwyt F \u00fc R Smartphone i poduszk\u0119 do mi\u0119kkiego uchwytu p\u00f3\u0142ki<\/li>\n<li>Handy: Ukl\u0119kaj podajnik w formacie kompaktowym &#8211; nadaje si\u0119 jako notebooki PAD F \u00fc z maksymalnie 17 cali<\/li>\n<li>zmienn\u0105 : 2 Zintegrowane podk\u0142adki podk\u0142adkowe &#8211; F \u00fc r LEWE \u00e4 NDER I Righth \u00e4 Nadrego Nadwa\u017cy jako stabilny Lapdesk<\/li>\n<li>Wszechstronny: Wielofunkcyjny &#8211; St\u00f3\u0142 do pracy lub Bedtablet F \u00fc R Zrelaksowany fr \u00fc HST \u00fc CK<\/li>\n<\/ul>\n<h2>Informacje o produkcie:<\/h2>\n<ul>\n<li>Wymiary produktu: 40 x 60 x 2 cm; 2,5 kg<\/li>\n<li>Waga produktu: 2,5 kilograma<\/li>\n<li>Wymagane baterie: Nie<\/li>\n<\/ul>\n<\/section><\/div>\n<div class=\"item item-6\">\n<section class=\"image-item\"><img decoding=\"async\" src=\"https:\/\/upload.cdn.baselinker.com\/products\/6014502\/3501254292c9c593da1378f38428ac3e.jpg\" \/><\/section>\n<\/p><\/div>\n<\/section>\n<section class=\"section\">\n<div class=\"item item-12\">\n<section class=\"text-item\">\n<p>3<\/p>\n<\/section><\/div>\n<\/section>","protected":false},"excerpt":{"rendered":"<p>Relaxays, Nature Laptop Table, Kl\u0119ka Taca, Podk\u0142ad laptopa, 2 podk\u0142adki podk\u0142adkowe, Uchwyt na smartfonie, BXT: 60 x 40 cm, bambus,<\/p>","protected":false},"featured_media":30339,"template":"","meta":[],"product_brand":[],"product_cat":[247,235,246,248],"product_tag":[],"class_list":{"0":"post-30343","1":"product","2":"type-product","3":"status-publish","4":"has-post-thumbnail","6":"product_cat-akcesoria-laptop-pc","7":"product_cat-elektronika","8":"product_cat-komputery","9":"product_cat-stoliki-pod-laptopa","11":"first","12":"instock","13":"taxable","14":"shipping-taxable","15":"purchasable","16":"product-type-simple"},"yoast_head":"<!-- This site is optimized with the Yoast SEO plugin v25.7 - https:\/\/yoast.com\/wordpress\/plugins\/seo\/ -->\n<title>Stolik pod laptopa Relaxdays - Rad-Pal<\/title>\n<meta name=\"robots\" content=\"index, follow, max-snippet:-1, max-image-preview:large, max-video-preview:-1\" \/>\n<link rel=\"canonical\" href=\"https:\/\/rad-pal.com.pl\/en\/sklep\/bez-kategorii\/stolik-pod-laptopa-relaxdays\/\" \/>\n<meta property=\"og:locale\" content=\"en_GB\" \/>\n<meta property=\"og:type\" content=\"article\" \/>\n<meta property=\"og:title\" content=\"Stolik pod laptopa Relaxdays - Rad-Pal\" \/>\n<meta property=\"og:description\" content=\"Relaxays, Nature Laptop Table, Kl\u0119ka Taca, Podk\u0142ad laptopa, 2 podk\u0142adki podk\u0142adkowe, Uchwyt na smartfonie, BXT: 60 x 40 cm, bambus,\" \/>\n<meta property=\"og:url\" content=\"https:\/\/rad-pal.com.pl\/en\/sklep\/bez-kategorii\/stolik-pod-laptopa-relaxdays\/\" \/>\n<meta property=\"og:site_name\" content=\"Rad-Pal\" \/>\n<meta property=\"article:modified_time\" content=\"2026-02-19T13:37:31+00:00\" \/>\n<meta property=\"og:image\" content=\"https:\/\/upload.cdn.baselinker.com\/products\/6014502\/3501254292c9c593da1378f38428ac3e.jpg\" \/>\n<meta name=\"twitter:card\" content=\"summary_large_image\" \/>\n<meta name=\"twitter:label1\" content=\"Estimated reading time\" \/>\n\t<meta name=\"twitter:data1\" content=\"1 minute\" \/>\n<script type=\"application\/ld+json\" class=\"yoast-schema-graph\">{\"@context\":\"https:\/\/schema.org\",\"@graph\":[{\"@type\":\"WebPage\",\"@id\":\"https:\/\/rad-pal.com.pl\/sklep\/bez-kategorii\/stolik-pod-laptopa-relaxdays\/\",\"url\":\"https:\/\/rad-pal.com.pl\/sklep\/bez-kategorii\/stolik-pod-laptopa-relaxdays\/\",\"name\":\"Stolik pod laptopa Relaxdays - Rad-Pal\",\"isPartOf\":{\"@id\":\"https:\/\/rad-pal.com.pl\/#website\"},\"primaryImageOfPage\":{\"@id\":\"https:\/\/rad-pal.com.pl\/sklep\/bez-kategorii\/stolik-pod-laptopa-relaxdays\/#primaryimage\"},\"image\":{\"@id\":\"https:\/\/rad-pal.com.pl\/sklep\/bez-kategorii\/stolik-pod-laptopa-relaxdays\/#primaryimage\"},\"thumbnailUrl\":\"https:\/\/rad-pal.com.pl\/wp-content\/uploads\/2026\/02\/3501254292c9c593da1378f38428ac3e.jpg\",\"datePublished\":\"2026-02-19T13:00:48+00:00\",\"dateModified\":\"2026-02-19T13:37:31+00:00\",\"breadcrumb\":{\"@id\":\"https:\/\/rad-pal.com.pl\/sklep\/bez-kategorii\/stolik-pod-laptopa-relaxdays\/#breadcrumb\"},\"inLanguage\":\"en-GB\",\"potentialAction\":[{\"@type\":\"ReadAction\",\"target\":[\"https:\/\/rad-pal.com.pl\/sklep\/bez-kategorii\/stolik-pod-laptopa-relaxdays\/\"]}]},{\"@type\":\"ImageObject\",\"inLanguage\":\"en-GB\",\"@id\":\"https:\/\/rad-pal.com.pl\/sklep\/bez-kategorii\/stolik-pod-laptopa-relaxdays\/#primaryimage\",\"url\":\"https:\/\/rad-pal.com.pl\/wp-content\/uploads\/2026\/02\/3501254292c9c593da1378f38428ac3e.jpg\",\"contentUrl\":\"https:\/\/rad-pal.com.pl\/wp-content\/uploads\/2026\/02\/3501254292c9c593da1378f38428ac3e.jpg\",\"width\":2400,\"height\":2400,\"caption\":\"e858f7f2e98f31f80f12ed50592bee1d\"},{\"@type\":\"BreadcrumbList\",\"@id\":\"https:\/\/rad-pal.com.pl\/sklep\/bez-kategorii\/stolik-pod-laptopa-relaxdays\/#breadcrumb\",\"itemListElement\":[{\"@type\":\"ListItem\",\"position\":1,\"name\":\"Strona g\u0142\u00f3wna\",\"item\":\"https:\/\/rad-pal.com.pl\/\"},{\"@type\":\"ListItem\",\"position\":2,\"name\":\"Sklep\",\"item\":\"https:\/\/rad-pal.com.pl\/sklep\/\"},{\"@type\":\"ListItem\",\"position\":3,\"name\":\"Stolik pod laptopa Relaxdays\"}]},{\"@type\":\"WebSite\",\"@id\":\"https:\/\/rad-pal.com.pl\/#website\",\"url\":\"https:\/\/rad-pal.com.pl\/\",\"name\":\"Rad-Pal\",\"description\":\"\",\"publisher\":{\"@id\":\"https:\/\/rad-pal.com.pl\/#organization\"},\"potentialAction\":[{\"@type\":\"SearchAction\",\"target\":{\"@type\":\"EntryPoint\",\"urlTemplate\":\"https:\/\/rad-pal.com.pl\/?s={search_term_string}\"},\"query-input\":{\"@type\":\"PropertyValueSpecification\",\"valueRequired\":true,\"valueName\":\"search_term_string\"}}],\"inLanguage\":\"en-GB\"},{\"@type\":\"Organization\",\"@id\":\"https:\/\/rad-pal.com.pl\/#organization\",\"name\":\"Rad-Pal\",\"url\":\"https:\/\/rad-pal.com.pl\/\",\"logo\":{\"@type\":\"ImageObject\",\"inLanguage\":\"en-GB\",\"@id\":\"https:\/\/rad-pal.com.pl\/#\/schema\/logo\/image\/\",\"url\":\"https:\/\/rad-pal.com.pl\/wp-content\/uploads\/2026\/03\/Projekt-bez-nazwy-30.webp\",\"contentUrl\":\"https:\/\/rad-pal.com.pl\/wp-content\/uploads\/2026\/03\/Projekt-bez-nazwy-30.webp\",\"width\":600,\"height\":210,\"caption\":\"Rad-Pal\"},\"image\":{\"@id\":\"https:\/\/rad-pal.com.pl\/#\/schema\/logo\/image\/\"}}]}<\/script>\n<!-- \/ Yoast SEO plugin. -->","yoast_head_json":{"title":"Stolik pod laptopa Relaxdays - Rad-Pal","robots":{"index":"index","follow":"follow","max-snippet":"max-snippet:-1","max-image-preview":"max-image-preview:large","max-video-preview":"max-video-preview:-1"},"canonical":"https:\/\/rad-pal.com.pl\/en\/sklep\/bez-kategorii\/stolik-pod-laptopa-relaxdays\/","og_locale":"en_GB","og_type":"article","og_title":"Stolik pod laptopa Relaxdays - Rad-Pal","og_description":"Relaxays, Nature Laptop Table, Kl\u0119ka Taca, Podk\u0142ad laptopa, 2 podk\u0142adki podk\u0142adkowe, Uchwyt na smartfonie, BXT: 60 x 40 cm, bambus,","og_url":"https:\/\/rad-pal.com.pl\/en\/sklep\/bez-kategorii\/stolik-pod-laptopa-relaxdays\/","og_site_name":"Rad-Pal","article_modified_time":"2026-02-19T13:37:31+00:00","og_image":[{"url":"https:\/\/upload.cdn.baselinker.com\/products\/6014502\/3501254292c9c593da1378f38428ac3e.jpg","type":"","width":"","height":""}],"twitter_card":"summary_large_image","twitter_misc":{"Estimated reading time":"1 minute"},"schema":{"@context":"https:\/\/schema.org","@graph":[{"@type":"WebPage","@id":"https:\/\/rad-pal.com.pl\/sklep\/bez-kategorii\/stolik-pod-laptopa-relaxdays\/","url":"https:\/\/rad-pal.com.pl\/sklep\/bez-kategorii\/stolik-pod-laptopa-relaxdays\/","name":"Stolik pod laptopa Relaxdays - Rad-Pal","isPartOf":{"@id":"https:\/\/rad-pal.com.pl\/#website"},"primaryImageOfPage":{"@id":"https:\/\/rad-pal.com.pl\/sklep\/bez-kategorii\/stolik-pod-laptopa-relaxdays\/#primaryimage"},"image":{"@id":"https:\/\/rad-pal.com.pl\/sklep\/bez-kategorii\/stolik-pod-laptopa-relaxdays\/#primaryimage"},"thumbnailUrl":"https:\/\/rad-pal.com.pl\/wp-content\/uploads\/2026\/02\/3501254292c9c593da1378f38428ac3e.jpg","datePublished":"2026-02-19T13:00:48+00:00","dateModified":"2026-02-19T13:37:31+00:00","breadcrumb":{"@id":"https:\/\/rad-pal.com.pl\/sklep\/bez-kategorii\/stolik-pod-laptopa-relaxdays\/#breadcrumb"},"inLanguage":"en-GB","potentialAction":[{"@type":"ReadAction","target":["https:\/\/rad-pal.com.pl\/sklep\/bez-kategorii\/stolik-pod-laptopa-relaxdays\/"]}]},{"@type":"ImageObject","inLanguage":"en-GB","@id":"https:\/\/rad-pal.com.pl\/sklep\/bez-kategorii\/stolik-pod-laptopa-relaxdays\/#primaryimage","url":"https:\/\/rad-pal.com.pl\/wp-content\/uploads\/2026\/02\/3501254292c9c593da1378f38428ac3e.jpg","contentUrl":"https:\/\/rad-pal.com.pl\/wp-content\/uploads\/2026\/02\/3501254292c9c593da1378f38428ac3e.jpg","width":2400,"height":2400,"caption":"e858f7f2e98f31f80f12ed50592bee1d"},{"@type":"BreadcrumbList","@id":"https:\/\/rad-pal.com.pl\/sklep\/bez-kategorii\/stolik-pod-laptopa-relaxdays\/#breadcrumb","itemListElement":[{"@type":"ListItem","position":1,"name":"Strona g\u0142\u00f3wna","item":"https:\/\/rad-pal.com.pl\/"},{"@type":"ListItem","position":2,"name":"Sklep","item":"https:\/\/rad-pal.com.pl\/sklep\/"},{"@type":"ListItem","position":3,"name":"Stolik pod laptopa Relaxdays"}]},{"@type":"WebSite","@id":"https:\/\/rad-pal.com.pl\/#website","url":"https:\/\/rad-pal.com.pl\/","name":"Rad-Pal","description":"","publisher":{"@id":"https:\/\/rad-pal.com.pl\/#organization"},"potentialAction":[{"@type":"SearchAction","target":{"@type":"EntryPoint","urlTemplate":"https:\/\/rad-pal.com.pl\/?s={search_term_string}"},"query-input":{"@type":"PropertyValueSpecification","valueRequired":true,"valueName":"search_term_string"}}],"inLanguage":"en-GB"},{"@type":"Organization","@id":"https:\/\/rad-pal.com.pl\/#organization","name":"Rad-Pal","url":"https:\/\/rad-pal.com.pl\/","logo":{"@type":"ImageObject","inLanguage":"en-GB","@id":"https:\/\/rad-pal.com.pl\/#\/schema\/logo\/image\/","url":"https:\/\/rad-pal.com.pl\/wp-content\/uploads\/2026\/03\/Projekt-bez-nazwy-30.webp","contentUrl":"https:\/\/rad-pal.com.pl\/wp-content\/uploads\/2026\/03\/Projekt-bez-nazwy-30.webp","width":600,"height":210,"caption":"Rad-Pal"},"image":{"@id":"https:\/\/rad-pal.com.pl\/#\/schema\/logo\/image\/"}}]}},"_links":{"self":[{"href":"https:\/\/rad-pal.com.pl\/en\/wp-json\/wp\/v2\/product\/30343","targetHints":{"allow":["GET"]}}],"collection":[{"href":"https:\/\/rad-pal.com.pl\/en\/wp-json\/wp\/v2\/product"}],"about":[{"href":"https:\/\/rad-pal.com.pl\/en\/wp-json\/wp\/v2\/types\/product"}],"version-history":[{"count":0,"href":"https:\/\/rad-pal.com.pl\/en\/wp-json\/wp\/v2\/product\/30343\/revisions"}],"wp:featuredmedia":[{"embeddable":true,"href":"https:\/\/rad-pal.com.pl\/en\/wp-json\/wp\/v2\/media\/30339"}],"wp:attachment":[{"href":"https:\/\/rad-pal.com.pl\/en\/wp-json\/wp\/v2\/media?parent=30343"}],"wp:term":[{"taxonomy":"product_brand","embeddable":true,"href":"https:\/\/rad-pal.com.pl\/en\/wp-json\/wp\/v2\/product_brand?post=30343"},{"taxonomy":"product_cat","embeddable":true,"href":"https:\/\/rad-pal.com.pl\/en\/wp-json\/wp\/v2\/product_cat?post=30343"},{"taxonomy":"product_tag","embeddable":true,"href":"https:\/\/rad-pal.com.pl\/en\/wp-json\/wp\/v2\/product_tag?post=30343"}],"curies":[{"name":"wp","href":"https:\/\/api.w.org\/{rel}","templated":true}]}}