{"id":30451,"date":"2026-02-19T14:06:27","date_gmt":"2026-02-19T13:06:27","guid":{"rendered":"https:\/\/rad-pal.com.pl\/sklep\/bez-kategorii\/relaxdays-zestaw-3-szt-skladany-obustronnie\/"},"modified":"2026-02-19T14:38:33","modified_gmt":"2026-02-19T13:38:33","slug":"relaxdays-zestaw-3-szt-skladany-obustronnie","status":"publish","type":"product","link":"https:\/\/rad-pal.com.pl\/en\/sklep\/motoryzacja\/narzedzia-i-sprzet-warsztatowy\/narzedzia-reczne\/zestawy-narzedzi\/relaxdays-zestaw-3-szt-skladany-obustronnie\/","title":{"rendered":"Relaxdays Zestaw 3 szt., sk\u0142adany, obustronnie"},"content":{"rendered":"<section class=\"section\">\n<div class=\"item item-6\">\n<section class=\"text-item\">\n<h1>Relaxdays Zestaw 3 szt., sk\u0142adany, obustronnie opisany, tworzywo sztuczne, znak ostrzegawczy o g\u0142adko\u015bci, \u017c\u00f3\u0142ty<\/h1>\n<h2>Producent: Relaxdays<\/h2>\n<\/section><\/div>\n<div class=\"item item-6\">\n<section class=\"image-item\"><img decoding=\"async\" src=\"https:\/\/upload.cdn.baselinker.com\/products\/6014502\/27a4d3b15187b6cf0c7bbbf1850d14ff.jpg\" \/><\/section>\n<\/p><\/div>\n<\/section>\n<section class=\"section\">\n<div class=\"item item-6\">\n<section class=\"image-item\"><img decoding=\"async\" src=\"https:\/\/upload.cdn.baselinker.com\/products\/6014502\/3089a0373a0a51bf3113059427b2107f.jpg\" \/><\/section>\n<\/p><\/div>\n<div class=\"item item-6\">\n<section class=\"text-item\">\n<p>Stojak ostrzegawczy Relaxdays to praktyczny zestaw 3 szt., sk\u0142adany i obustronnie opisany. Doskonale ostrzega przechodni\u00f3w przed niebezpiecze\u0144stwem po\u015blizgu na \u015bwie\u017co wytartym pod\u0142o\u017cu.<\/p>\n<\/section><\/div>\n<\/section>\n<section class=\"section\">\n<div class=\"item item-6\">\n<section class=\"text-item\">\n<p>Stojak jest por\u0119czny i zajmuje ma\u0142o miejsca podczas przechowywania. \u017b\u00f3\u0142ta tabliczka z tworzywa sztucznego o g\u0142adko\u015bci zapewnia widoczno\u015b\u0107 w ka\u017cdych warunkach. Zapewnij bezpiecze\u0144stwo i oznacz \u015bliskie powierzchnie z \u0142atwo\u015bci\u0105 dzi\u0119ki temu praktycznemu stojakowi ostrzegawczemu.<\/p>\n<\/section><\/div>\n<div class=\"item item-6\">\n<section class=\"image-item\"><img decoding=\"async\" src=\"https:\/\/upload.cdn.baselinker.com\/products\/6014502\/fc32c99e2287671995d9c01b7b4aa77e.jpg\" \/><\/section>\n<\/p><\/div>\n<\/section>\n<section class=\"section\">\n<div class=\"item item-12\">\n<section class=\"text-item\">\n<p>Wygodny w u\u017cyciu, praktyczny w przechowywaniu, stojak ostrzegawczy Relaxdays to niezawodne narz\u0119dzie do zabezpieczenia przed niebezpiecze\u0144stwem po\u015blizgu. Zestaw 3 szt. zapewnia maksymaln\u0105 efektywno\u015b\u0107 i bezpiecze\u0144stwo dla Twojej przestrzeni.<\/p>\n<\/section><\/div>\n<\/section>\n<section class=\"section\">\n<div class=\"item item-12\">\n<section class=\"text-item\">\n<ul>\n<li>na \u015bwie\u017co wytartym pod\u0142o\u017cu<\/li>\n<li>Praktyczna: Ostro\u017cne niebezpiecze\u0144stwo ze\u015blizgiwania si\u0119 stojaka jest opisane po obu stronach \u2013 wskaz\u00f3wka jest zawsze widoczna<\/li>\n<li>Por\u0119czny: praktyczny stojak ostrzegawczy do rozk\u0142adania \u2013 w przypadku nieu\u017cywania zajmuje ma\u0142o miejsca podczas przechowywania<\/li>\n<li>Szczeg\u00f3\u0142y: \u017c\u00f3\u0142ta tabliczka ostrzegawcza z tworzywa sztucznego z nadrukiem &#8222;Achtung Schwegefahr&#8221; \u2013 (wys. x szer. x g\u0142.): ok. 59x29x30 cm<\/li>\n<\/ul>\n<\/section><\/div>\n<\/section>\n<section class=\"section\">\n<div class=\"item item-6\">\n<section class=\"image-item\"><img decoding=\"async\" src=\"https:\/\/upload.cdn.baselinker.com\/products\/6014502\/889426ced27b91401f41db390b035001.jpg\" \/><\/section>\n<\/p><\/div>\n<div class=\"item item-6\">\n<section class=\"text-item\">\n<ul>\n<li><b>waga przedmiotu<\/b>: 1.58 kilograms<\/li>\n<li><b>punkt znaku wypunktowania<\/b>: na \u015bwie\u017co wytartym pod\u0142o\u017cu, Praktyczna: Ostro\u017cne niebezpiecze\u0144stwo ze\u015blizgiwania si\u0119 stojaka jest opisane po obu stronach \u2013 wskaz\u00f3wka jest zawsze widoczna, , Por\u0119czny: praktyczny stojak ostrzegawczy do rozk\u0142adania \u2013 w przypadku nieu\u017cywania zajmuje ma\u0142o miejsca podczas przechowywania, Szczeg\u00f3\u0142y: \u017c\u00f3\u0142ta tabliczka ostrzegawcza z tworzywa sztucznego z nadrukiem &#8222;Achtung Schwegefahr&#8221; \u2013 (wys. x szer. x g\u0142.): ok. 59x29x30 cm<\/li>\n<li><b>ilo\u015b\u0107 sztuk w opakowaniu<\/b>: 1<\/li>\n<li><b>marka<\/b>: Relaxdays<\/li>\n<li><b>poziom opakowania<\/b>: unit<\/li>\n<li><b>Liczba przedmiot\u00f3w<\/b>: 3<\/li>\n<li><b>rozmiar<\/b>: zestaw 3-cz.<\/li>\n<li><b>numer cz\u0119\u015bci<\/b>: 10048267<\/li>\n<li><b>kolor<\/b>: \u017c\u00f3\u0142ty<\/li>\n<li><b>waga opakowania przedmiotu<\/b>: 1.84 kilograms<\/li>\n<li><b>producent<\/b>: Relaxdays<\/li>\n<li><b>zewn\u0119trznie przypisany identyfikator produktu<\/b>: 4052025482671<\/li>\n<li><b>zalecane w\u0119z\u0142y przegl\u0105dania<\/b>: 20784427031<\/li>\n<li><b>numer modelu<\/b>: 10048267<\/li>\n<li><b>nazwa przedmiotu<\/b>: Relaxdays Zestaw 3 szt., sk\u0142adany, obustronnie opisany, tworzywo sztuczne, znak ostrzegawczy o g\u0142adko\u015bci, \u017c\u00f3\u0142ty<\/li>\n<li><b>materia\u0142<\/b>: Tworzywo sztuczne<\/li>\n<\/ul>\n<\/section><\/div>\n<\/section>\n<section class=\"section\">\n<div class=\"item item-12\">\n<section class=\"image-item\"><img decoding=\"async\" src=\"https:\/\/upload.cdn.baselinker.com\/products\/6014502\/aeef6c2ad48be42f340a765200af3bf6.jpg\" \/><\/section>\n<\/p><\/div>\n<\/section>\n<section class=\"section\">\n<div class=\"item item-12\">\n<section class=\"text-item\">\n<p>3<\/p>\n<\/section><\/div>\n<\/section>","protected":false},"excerpt":{"rendered":"<p>Relaxdays Zestaw 3 szt., sk\u0142adany, obustronnie opisany, tworzywo sztuczne, znak ostrzegawczy o g\u0142adko\u015bci, \u017c\u00f3\u0142ty Producent: Relaxdays Stojak ostrzegawczy Relaxdays to<\/p>","protected":false},"featured_media":30446,"template":"","meta":[],"product_brand":[],"product_cat":[285,286,287,288],"product_tag":[],"class_list":{"0":"post-30451","1":"product","2":"type-product","3":"status-publish","4":"has-post-thumbnail","6":"product_cat-motoryzacja","7":"product_cat-narzedzia-i-sprzet-warsztatowy","8":"product_cat-narzedzia-reczne","9":"product_cat-zestawy-narzedzi","11":"first","12":"instock","13":"taxable","14":"shipping-taxable","15":"purchasable","16":"product-type-simple"},"yoast_head":"<!-- This site is optimized with the Yoast SEO plugin v25.7 - https:\/\/yoast.com\/wordpress\/plugins\/seo\/ -->\n<title>Relaxdays Zestaw 3 szt., sk\u0142adany, obustronnie - Rad-Pal<\/title>\n<meta name=\"robots\" content=\"index, follow, max-snippet:-1, max-image-preview:large, max-video-preview:-1\" \/>\n<link rel=\"canonical\" href=\"https:\/\/rad-pal.com.pl\/en\/sklep\/bez-kategorii\/relaxdays-zestaw-3-szt-skladany-obustronnie\/\" \/>\n<meta property=\"og:locale\" content=\"en_GB\" \/>\n<meta property=\"og:type\" content=\"article\" \/>\n<meta property=\"og:title\" content=\"Relaxdays Zestaw 3 szt., sk\u0142adany, obustronnie - Rad-Pal\" \/>\n<meta property=\"og:description\" content=\"Relaxdays Zestaw 3 szt., sk\u0142adany, obustronnie opisany, tworzywo sztuczne, znak ostrzegawczy o g\u0142adko\u015bci, \u017c\u00f3\u0142ty Producent: Relaxdays Stojak ostrzegawczy Relaxdays to\" \/>\n<meta property=\"og:url\" content=\"https:\/\/rad-pal.com.pl\/en\/sklep\/bez-kategorii\/relaxdays-zestaw-3-szt-skladany-obustronnie\/\" \/>\n<meta property=\"og:site_name\" content=\"Rad-Pal\" \/>\n<meta property=\"article:modified_time\" content=\"2026-02-19T13:38:33+00:00\" \/>\n<meta property=\"og:image\" content=\"https:\/\/upload.cdn.baselinker.com\/products\/6014502\/27a4d3b15187b6cf0c7bbbf1850d14ff.jpg\" \/>\n<meta name=\"twitter:card\" content=\"summary_large_image\" \/>\n<meta name=\"twitter:label1\" content=\"Estimated reading time\" \/>\n\t<meta name=\"twitter:data1\" content=\"2 minutes\" \/>\n<script type=\"application\/ld+json\" class=\"yoast-schema-graph\">{\"@context\":\"https:\/\/schema.org\",\"@graph\":[{\"@type\":\"WebPage\",\"@id\":\"https:\/\/rad-pal.com.pl\/sklep\/bez-kategorii\/relaxdays-zestaw-3-szt-skladany-obustronnie\/\",\"url\":\"https:\/\/rad-pal.com.pl\/sklep\/bez-kategorii\/relaxdays-zestaw-3-szt-skladany-obustronnie\/\",\"name\":\"Relaxdays Zestaw 3 szt., sk\u0142adany, obustronnie - Rad-Pal\",\"isPartOf\":{\"@id\":\"https:\/\/rad-pal.com.pl\/#website\"},\"primaryImageOfPage\":{\"@id\":\"https:\/\/rad-pal.com.pl\/sklep\/bez-kategorii\/relaxdays-zestaw-3-szt-skladany-obustronnie\/#primaryimage\"},\"image\":{\"@id\":\"https:\/\/rad-pal.com.pl\/sklep\/bez-kategorii\/relaxdays-zestaw-3-szt-skladany-obustronnie\/#primaryimage\"},\"thumbnailUrl\":\"https:\/\/rad-pal.com.pl\/wp-content\/uploads\/2026\/02\/27a4d3b15187b6cf0c7bbbf1850d14ff.jpg\",\"datePublished\":\"2026-02-19T13:06:27+00:00\",\"dateModified\":\"2026-02-19T13:38:33+00:00\",\"breadcrumb\":{\"@id\":\"https:\/\/rad-pal.com.pl\/sklep\/bez-kategorii\/relaxdays-zestaw-3-szt-skladany-obustronnie\/#breadcrumb\"},\"inLanguage\":\"en-GB\",\"potentialAction\":[{\"@type\":\"ReadAction\",\"target\":[\"https:\/\/rad-pal.com.pl\/sklep\/bez-kategorii\/relaxdays-zestaw-3-szt-skladany-obustronnie\/\"]}]},{\"@type\":\"ImageObject\",\"inLanguage\":\"en-GB\",\"@id\":\"https:\/\/rad-pal.com.pl\/sklep\/bez-kategorii\/relaxdays-zestaw-3-szt-skladany-obustronnie\/#primaryimage\",\"url\":\"https:\/\/rad-pal.com.pl\/wp-content\/uploads\/2026\/02\/27a4d3b15187b6cf0c7bbbf1850d14ff.jpg\",\"contentUrl\":\"https:\/\/rad-pal.com.pl\/wp-content\/uploads\/2026\/02\/27a4d3b15187b6cf0c7bbbf1850d14ff.jpg\",\"width\":2560,\"height\":2560,\"caption\":\"9d464e0426e7b6e5eff00559909f6a09\"},{\"@type\":\"BreadcrumbList\",\"@id\":\"https:\/\/rad-pal.com.pl\/sklep\/bez-kategorii\/relaxdays-zestaw-3-szt-skladany-obustronnie\/#breadcrumb\",\"itemListElement\":[{\"@type\":\"ListItem\",\"position\":1,\"name\":\"Strona g\u0142\u00f3wna\",\"item\":\"https:\/\/rad-pal.com.pl\/\"},{\"@type\":\"ListItem\",\"position\":2,\"name\":\"Sklep\",\"item\":\"https:\/\/rad-pal.com.pl\/sklep\/\"},{\"@type\":\"ListItem\",\"position\":3,\"name\":\"Relaxdays Zestaw 3 szt., sk\u0142adany, obustronnie\"}]},{\"@type\":\"WebSite\",\"@id\":\"https:\/\/rad-pal.com.pl\/#website\",\"url\":\"https:\/\/rad-pal.com.pl\/\",\"name\":\"Rad-Pal\",\"description\":\"\",\"publisher\":{\"@id\":\"https:\/\/rad-pal.com.pl\/#organization\"},\"potentialAction\":[{\"@type\":\"SearchAction\",\"target\":{\"@type\":\"EntryPoint\",\"urlTemplate\":\"https:\/\/rad-pal.com.pl\/?s={search_term_string}\"},\"query-input\":{\"@type\":\"PropertyValueSpecification\",\"valueRequired\":true,\"valueName\":\"search_term_string\"}}],\"inLanguage\":\"en-GB\"},{\"@type\":\"Organization\",\"@id\":\"https:\/\/rad-pal.com.pl\/#organization\",\"name\":\"Rad-Pal\",\"url\":\"https:\/\/rad-pal.com.pl\/\",\"logo\":{\"@type\":\"ImageObject\",\"inLanguage\":\"en-GB\",\"@id\":\"https:\/\/rad-pal.com.pl\/#\/schema\/logo\/image\/\",\"url\":\"https:\/\/rad-pal.com.pl\/wp-content\/uploads\/2026\/03\/Projekt-bez-nazwy-30.webp\",\"contentUrl\":\"https:\/\/rad-pal.com.pl\/wp-content\/uploads\/2026\/03\/Projekt-bez-nazwy-30.webp\",\"width\":600,\"height\":210,\"caption\":\"Rad-Pal\"},\"image\":{\"@id\":\"https:\/\/rad-pal.com.pl\/#\/schema\/logo\/image\/\"}}]}<\/script>\n<!-- \/ Yoast SEO plugin. -->","yoast_head_json":{"title":"Relaxdays Zestaw 3 szt., sk\u0142adany, obustronnie - Rad-Pal","robots":{"index":"index","follow":"follow","max-snippet":"max-snippet:-1","max-image-preview":"max-image-preview:large","max-video-preview":"max-video-preview:-1"},"canonical":"https:\/\/rad-pal.com.pl\/en\/sklep\/bez-kategorii\/relaxdays-zestaw-3-szt-skladany-obustronnie\/","og_locale":"en_GB","og_type":"article","og_title":"Relaxdays Zestaw 3 szt., sk\u0142adany, obustronnie - Rad-Pal","og_description":"Relaxdays Zestaw 3 szt., sk\u0142adany, obustronnie opisany, tworzywo sztuczne, znak ostrzegawczy o g\u0142adko\u015bci, \u017c\u00f3\u0142ty Producent: Relaxdays Stojak ostrzegawczy Relaxdays to","og_url":"https:\/\/rad-pal.com.pl\/en\/sklep\/bez-kategorii\/relaxdays-zestaw-3-szt-skladany-obustronnie\/","og_site_name":"Rad-Pal","article_modified_time":"2026-02-19T13:38:33+00:00","og_image":[{"url":"https:\/\/upload.cdn.baselinker.com\/products\/6014502\/27a4d3b15187b6cf0c7bbbf1850d14ff.jpg","type":"","width":"","height":""}],"twitter_card":"summary_large_image","twitter_misc":{"Estimated reading time":"2 minutes"},"schema":{"@context":"https:\/\/schema.org","@graph":[{"@type":"WebPage","@id":"https:\/\/rad-pal.com.pl\/sklep\/bez-kategorii\/relaxdays-zestaw-3-szt-skladany-obustronnie\/","url":"https:\/\/rad-pal.com.pl\/sklep\/bez-kategorii\/relaxdays-zestaw-3-szt-skladany-obustronnie\/","name":"Relaxdays Zestaw 3 szt., sk\u0142adany, obustronnie - Rad-Pal","isPartOf":{"@id":"https:\/\/rad-pal.com.pl\/#website"},"primaryImageOfPage":{"@id":"https:\/\/rad-pal.com.pl\/sklep\/bez-kategorii\/relaxdays-zestaw-3-szt-skladany-obustronnie\/#primaryimage"},"image":{"@id":"https:\/\/rad-pal.com.pl\/sklep\/bez-kategorii\/relaxdays-zestaw-3-szt-skladany-obustronnie\/#primaryimage"},"thumbnailUrl":"https:\/\/rad-pal.com.pl\/wp-content\/uploads\/2026\/02\/27a4d3b15187b6cf0c7bbbf1850d14ff.jpg","datePublished":"2026-02-19T13:06:27+00:00","dateModified":"2026-02-19T13:38:33+00:00","breadcrumb":{"@id":"https:\/\/rad-pal.com.pl\/sklep\/bez-kategorii\/relaxdays-zestaw-3-szt-skladany-obustronnie\/#breadcrumb"},"inLanguage":"en-GB","potentialAction":[{"@type":"ReadAction","target":["https:\/\/rad-pal.com.pl\/sklep\/bez-kategorii\/relaxdays-zestaw-3-szt-skladany-obustronnie\/"]}]},{"@type":"ImageObject","inLanguage":"en-GB","@id":"https:\/\/rad-pal.com.pl\/sklep\/bez-kategorii\/relaxdays-zestaw-3-szt-skladany-obustronnie\/#primaryimage","url":"https:\/\/rad-pal.com.pl\/wp-content\/uploads\/2026\/02\/27a4d3b15187b6cf0c7bbbf1850d14ff.jpg","contentUrl":"https:\/\/rad-pal.com.pl\/wp-content\/uploads\/2026\/02\/27a4d3b15187b6cf0c7bbbf1850d14ff.jpg","width":2560,"height":2560,"caption":"9d464e0426e7b6e5eff00559909f6a09"},{"@type":"BreadcrumbList","@id":"https:\/\/rad-pal.com.pl\/sklep\/bez-kategorii\/relaxdays-zestaw-3-szt-skladany-obustronnie\/#breadcrumb","itemListElement":[{"@type":"ListItem","position":1,"name":"Strona g\u0142\u00f3wna","item":"https:\/\/rad-pal.com.pl\/"},{"@type":"ListItem","position":2,"name":"Sklep","item":"https:\/\/rad-pal.com.pl\/sklep\/"},{"@type":"ListItem","position":3,"name":"Relaxdays Zestaw 3 szt., sk\u0142adany, obustronnie"}]},{"@type":"WebSite","@id":"https:\/\/rad-pal.com.pl\/#website","url":"https:\/\/rad-pal.com.pl\/","name":"Rad-Pal","description":"","publisher":{"@id":"https:\/\/rad-pal.com.pl\/#organization"},"potentialAction":[{"@type":"SearchAction","target":{"@type":"EntryPoint","urlTemplate":"https:\/\/rad-pal.com.pl\/?s={search_term_string}"},"query-input":{"@type":"PropertyValueSpecification","valueRequired":true,"valueName":"search_term_string"}}],"inLanguage":"en-GB"},{"@type":"Organization","@id":"https:\/\/rad-pal.com.pl\/#organization","name":"Rad-Pal","url":"https:\/\/rad-pal.com.pl\/","logo":{"@type":"ImageObject","inLanguage":"en-GB","@id":"https:\/\/rad-pal.com.pl\/#\/schema\/logo\/image\/","url":"https:\/\/rad-pal.com.pl\/wp-content\/uploads\/2026\/03\/Projekt-bez-nazwy-30.webp","contentUrl":"https:\/\/rad-pal.com.pl\/wp-content\/uploads\/2026\/03\/Projekt-bez-nazwy-30.webp","width":600,"height":210,"caption":"Rad-Pal"},"image":{"@id":"https:\/\/rad-pal.com.pl\/#\/schema\/logo\/image\/"}}]}},"_links":{"self":[{"href":"https:\/\/rad-pal.com.pl\/en\/wp-json\/wp\/v2\/product\/30451","targetHints":{"allow":["GET"]}}],"collection":[{"href":"https:\/\/rad-pal.com.pl\/en\/wp-json\/wp\/v2\/product"}],"about":[{"href":"https:\/\/rad-pal.com.pl\/en\/wp-json\/wp\/v2\/types\/product"}],"version-history":[{"count":0,"href":"https:\/\/rad-pal.com.pl\/en\/wp-json\/wp\/v2\/product\/30451\/revisions"}],"wp:featuredmedia":[{"embeddable":true,"href":"https:\/\/rad-pal.com.pl\/en\/wp-json\/wp\/v2\/media\/30446"}],"wp:attachment":[{"href":"https:\/\/rad-pal.com.pl\/en\/wp-json\/wp\/v2\/media?parent=30451"}],"wp:term":[{"taxonomy":"product_brand","embeddable":true,"href":"https:\/\/rad-pal.com.pl\/en\/wp-json\/wp\/v2\/product_brand?post=30451"},{"taxonomy":"product_cat","embeddable":true,"href":"https:\/\/rad-pal.com.pl\/en\/wp-json\/wp\/v2\/product_cat?post=30451"},{"taxonomy":"product_tag","embeddable":true,"href":"https:\/\/rad-pal.com.pl\/en\/wp-json\/wp\/v2\/product_tag?post=30451"}],"curies":[{"name":"wp","href":"https:\/\/api.w.org\/{rel}","templated":true}]}}