{"id":30474,"date":"2026-02-19T14:07:06","date_gmt":"2026-02-19T13:07:06","guid":{"rendered":"https:\/\/rad-pal.com.pl\/sklep\/bez-kategorii\/szafka-na-buty-relaxdays-70-x-33-x-245-cm-wielokolorowy\/"},"modified":"2026-02-19T14:38:43","modified_gmt":"2026-02-19T13:38:43","slug":"szafka-na-buty-relaxdays-70-x-33-x-245-cm-wielokolorowy","status":"publish","type":"product","link":"https:\/\/rad-pal.com.pl\/en\/sklep\/dom-i-ogrod\/meble\/przedpokoj\/szafki-na-buty\/szafka-na-buty-relaxdays-70-x-33-x-245-cm-wielokolorowy\/","title":{"rendered":"Szafka na buty Relaxdays 70 x 33 x 24,5 cm wielokolorowy"},"content":{"rendered":"<section class=\"section\">\n<div class=\"item item-6\">\n<section class=\"image-item\"><img decoding=\"async\" src=\"https:\/\/upload.cdn.baselinker.com\/products\/6014502\/18d6652be7061bf07e7c060cd1401983.jpg\" \/><\/section>\n<\/p><\/div>\n<div class=\"item item-6\">\n<section class=\"text-item\">\n<h1>Bambusowy rega\u0142, stojak, p\u00f3\u0142ka, szafka na buty 2 poziomy<\/h1>\n<ul>\n<li><b>Stojak na buty wykonany z bambusa okazuje si\u0119 by\u0107 idealnym pomocnikiem organizacyjnym dla Twojej strefy wej\u015bciowej &#8211; P\u00f3\u0142ka jest nie tylko praktyczna, ale tak\u017ce niezwykle dekoracyjna<\/b><\/li>\n<li><b>Dwa poziomy z wystarczaj\u0105c\u0105 odleg\u0142o\u015bci\u0105 zapewniaj\u0105 przestrze\u0144 dla maksymalnie 8 par but\u00f3w \u2013 mo\u017cesz u\u017cy\u0107 p\u00f3\u0142ki tak\u017ce na ro\u015bliny, torby lub akcesoria \u0142azienkowe, zastosowania s\u0105 wszechstronne<\/b><\/li>\n<li><b>Stojak na buty ma nowoczesny wygl\u0105d i pasuje do ka\u017cdego wn\u0119trza- Bia\u0142e lakierowane panele boczne tworz\u0105 \u0142adny kontrast z ciep\u0142ym br\u0105zem p\u00f3\u0142ek<\/b><\/li>\n<li><b>P\u00f3\u0142ka oferuje du\u017co miejsca do przechowywania &#8211; wymiary p\u00f3\u0142ki: 33 x 70 x 24,5 cm &#8211; przestrze\u0144 mi\u0119dzy p\u00f3\u0142kami ok.: 18,5 cm<\/b><\/li>\n<li><b>Stojak na buty jest \u0142atwy w monta\u017cu- szybki monta\u017c bez wiercenia<\/b><\/li>\n<\/ul>\n<\/section><\/div>\n<\/section>\n<section class=\"section\">\n<div class=\"item item-12\">\n<section class=\"image-item\"><img decoding=\"async\" src=\"https:\/\/upload.cdn.baselinker.com\/products\/6014502\/8853f307d0a31beb58f36fb4fbb94e2d.jpg\" \/><\/section>\n<\/p><\/div>\n<\/section>\n<section class=\"section\">\n<div class=\"item item-12\">\n<section class=\"text-item\">\n<p><b>Pi\u0119kna szafka na buty wykonana z bambusa. Zapewnia wiele miejsca dzi\u0119ki 2 p\u00f3\u0142kom. Idealne po\u0142\u0105czenie bambusa w naturalnym kolorze z zewn\u0119trzn\u0105 ram\u0105 pomalowan\u0105 na bia\u0142o. Stojak na buty, kt\u00f3ry jest nie tylko praktyczny, ale r\u00f3wnie\u017c dekoracyjny. Bia\u0142e lakierowane panele boczne tworz\u0105 pi\u0119kny kontrast z ciep\u0142ymi br\u0105zowymi p\u00f3\u0142kami. Dzi\u0119ki dyskretnemu wzornictwu sprawdzi si\u0119 niemal w ka\u017cdym pomieszczeniu, dodaj\u0105c mu uroku. Bambusowy stojak na buty ma oko\u0142o 70 cm szeroko\u015bci, 33 cm wysoko\u015bci i 24,5 cm g\u0142\u0119boko\u015bci. Pomi\u0119dzy p\u00f3\u0142kami znajduje si\u0119 przestrze\u0144 oko\u0142o 18,5 cm. Marka Relaxdays<\/b><\/p>\n<p>nr produktu R232<\/p>\n<\/section><\/div>\n<\/section>\n<section class=\"section\">\n<div class=\"item item-6\">\n<section class=\"image-item\"><img decoding=\"async\" src=\"https:\/\/upload.cdn.baselinker.com\/products\/6014502\/a8b353fb1f6dc9f8879a5ce6554144f9.jpg\" \/><\/section>\n<\/p><\/div>\n<div class=\"item item-6\">\n<section class=\"image-item\"><img decoding=\"async\" src=\"https:\/\/upload.cdn.baselinker.com\/products\/6014502\/864e61d3d0fafc5852725c379c2c5b03.jpg\" \/><\/section>\n<\/p><\/div>\n<\/section>\n<section class=\"section\">\n<div class=\"item item-12\">\n<section class=\"image-item\"><img decoding=\"async\" src=\"https:\/\/upload.cdn.baselinker.com\/products\/6014502\/18d6652be7061bf07e7c060cd1401983.jpg\" \/><\/section>\n<\/p><\/div>\n<\/section>\n<section class=\"section\">\n<div class=\"item item-12\">\n<section class=\"text-item\">\n<p>14<\/p>\n<\/section><\/div>\n<\/section>","protected":false},"excerpt":{"rendered":"<p>Bambusowy rega\u0142, stojak, p\u00f3\u0142ka, szafka na buty 2 poziomy Stojak na buty wykonany z bambusa okazuje si\u0119 by\u0107 idealnym pomocnikiem<\/p>","protected":false},"featured_media":30469,"template":"","meta":[],"product_brand":[],"product_cat":[86,94,150,151],"product_tag":[],"class_list":{"0":"post-30474","1":"product","2":"type-product","3":"status-publish","4":"has-post-thumbnail","6":"product_cat-dom-i-ogrod","7":"product_cat-meble","8":"product_cat-przedpokoj","9":"product_cat-szafki-na-buty","11":"first","12":"instock","13":"taxable","14":"shipping-taxable","15":"purchasable","16":"product-type-simple"},"yoast_head":"<!-- This site is optimized with the Yoast SEO plugin v25.7 - https:\/\/yoast.com\/wordpress\/plugins\/seo\/ -->\n<title>Szafka na buty Relaxdays 70 x 33 x 24,5 cm wielokolorowy - Rad-Pal<\/title>\n<meta name=\"robots\" content=\"index, follow, max-snippet:-1, max-image-preview:large, max-video-preview:-1\" \/>\n<link rel=\"canonical\" href=\"https:\/\/rad-pal.com.pl\/en\/sklep\/bez-kategorii\/szafka-na-buty-relaxdays-70-x-33-x-245-cm-wielokolorowy\/\" \/>\n<meta property=\"og:locale\" content=\"en_GB\" \/>\n<meta property=\"og:type\" content=\"article\" \/>\n<meta property=\"og:title\" content=\"Szafka na buty Relaxdays 70 x 33 x 24,5 cm wielokolorowy - Rad-Pal\" \/>\n<meta property=\"og:description\" content=\"Bambusowy rega\u0142, stojak, p\u00f3\u0142ka, szafka na buty 2 poziomy Stojak na buty wykonany z bambusa okazuje si\u0119 by\u0107 idealnym pomocnikiem\" \/>\n<meta property=\"og:url\" content=\"https:\/\/rad-pal.com.pl\/en\/sklep\/bez-kategorii\/szafka-na-buty-relaxdays-70-x-33-x-245-cm-wielokolorowy\/\" \/>\n<meta property=\"og:site_name\" content=\"Rad-Pal\" \/>\n<meta property=\"article:modified_time\" content=\"2026-02-19T13:38:43+00:00\" \/>\n<meta property=\"og:image\" content=\"https:\/\/upload.cdn.baselinker.com\/products\/6014502\/18d6652be7061bf07e7c060cd1401983.jpg\" \/>\n<meta name=\"twitter:card\" content=\"summary_large_image\" \/>\n<meta name=\"twitter:label1\" content=\"Estimated reading time\" \/>\n\t<meta name=\"twitter:data1\" content=\"1 minute\" \/>\n<script type=\"application\/ld+json\" class=\"yoast-schema-graph\">{\"@context\":\"https:\/\/schema.org\",\"@graph\":[{\"@type\":\"WebPage\",\"@id\":\"https:\/\/rad-pal.com.pl\/sklep\/bez-kategorii\/szafka-na-buty-relaxdays-70-x-33-x-245-cm-wielokolorowy\/\",\"url\":\"https:\/\/rad-pal.com.pl\/sklep\/bez-kategorii\/szafka-na-buty-relaxdays-70-x-33-x-245-cm-wielokolorowy\/\",\"name\":\"Szafka na buty Relaxdays 70 x 33 x 24,5 cm wielokolorowy - Rad-Pal\",\"isPartOf\":{\"@id\":\"https:\/\/rad-pal.com.pl\/#website\"},\"primaryImageOfPage\":{\"@id\":\"https:\/\/rad-pal.com.pl\/sklep\/bez-kategorii\/szafka-na-buty-relaxdays-70-x-33-x-245-cm-wielokolorowy\/#primaryimage\"},\"image\":{\"@id\":\"https:\/\/rad-pal.com.pl\/sklep\/bez-kategorii\/szafka-na-buty-relaxdays-70-x-33-x-245-cm-wielokolorowy\/#primaryimage\"},\"thumbnailUrl\":\"https:\/\/rad-pal.com.pl\/wp-content\/uploads\/2026\/02\/18d6652be7061bf07e7c060cd1401983.jpg\",\"datePublished\":\"2026-02-19T13:07:06+00:00\",\"dateModified\":\"2026-02-19T13:38:43+00:00\",\"breadcrumb\":{\"@id\":\"https:\/\/rad-pal.com.pl\/sklep\/bez-kategorii\/szafka-na-buty-relaxdays-70-x-33-x-245-cm-wielokolorowy\/#breadcrumb\"},\"inLanguage\":\"en-GB\",\"potentialAction\":[{\"@type\":\"ReadAction\",\"target\":[\"https:\/\/rad-pal.com.pl\/sklep\/bez-kategorii\/szafka-na-buty-relaxdays-70-x-33-x-245-cm-wielokolorowy\/\"]}]},{\"@type\":\"ImageObject\",\"inLanguage\":\"en-GB\",\"@id\":\"https:\/\/rad-pal.com.pl\/sklep\/bez-kategorii\/szafka-na-buty-relaxdays-70-x-33-x-245-cm-wielokolorowy\/#primaryimage\",\"url\":\"https:\/\/rad-pal.com.pl\/wp-content\/uploads\/2026\/02\/18d6652be7061bf07e7c060cd1401983.jpg\",\"contentUrl\":\"https:\/\/rad-pal.com.pl\/wp-content\/uploads\/2026\/02\/18d6652be7061bf07e7c060cd1401983.jpg\",\"width\":2560,\"height\":1837,\"caption\":\"1f2d176bd12cbeeea8e1d8d54128cb19\"},{\"@type\":\"BreadcrumbList\",\"@id\":\"https:\/\/rad-pal.com.pl\/sklep\/bez-kategorii\/szafka-na-buty-relaxdays-70-x-33-x-245-cm-wielokolorowy\/#breadcrumb\",\"itemListElement\":[{\"@type\":\"ListItem\",\"position\":1,\"name\":\"Strona g\u0142\u00f3wna\",\"item\":\"https:\/\/rad-pal.com.pl\/\"},{\"@type\":\"ListItem\",\"position\":2,\"name\":\"Sklep\",\"item\":\"https:\/\/rad-pal.com.pl\/sklep\/\"},{\"@type\":\"ListItem\",\"position\":3,\"name\":\"Szafka na buty Relaxdays 70 x 33 x 24,5 cm wielokolorowy\"}]},{\"@type\":\"WebSite\",\"@id\":\"https:\/\/rad-pal.com.pl\/#website\",\"url\":\"https:\/\/rad-pal.com.pl\/\",\"name\":\"Rad-Pal\",\"description\":\"\",\"publisher\":{\"@id\":\"https:\/\/rad-pal.com.pl\/#organization\"},\"potentialAction\":[{\"@type\":\"SearchAction\",\"target\":{\"@type\":\"EntryPoint\",\"urlTemplate\":\"https:\/\/rad-pal.com.pl\/?s={search_term_string}\"},\"query-input\":{\"@type\":\"PropertyValueSpecification\",\"valueRequired\":true,\"valueName\":\"search_term_string\"}}],\"inLanguage\":\"en-GB\"},{\"@type\":\"Organization\",\"@id\":\"https:\/\/rad-pal.com.pl\/#organization\",\"name\":\"Rad-Pal\",\"url\":\"https:\/\/rad-pal.com.pl\/\",\"logo\":{\"@type\":\"ImageObject\",\"inLanguage\":\"en-GB\",\"@id\":\"https:\/\/rad-pal.com.pl\/#\/schema\/logo\/image\/\",\"url\":\"https:\/\/rad-pal.com.pl\/wp-content\/uploads\/2026\/03\/Projekt-bez-nazwy-30.webp\",\"contentUrl\":\"https:\/\/rad-pal.com.pl\/wp-content\/uploads\/2026\/03\/Projekt-bez-nazwy-30.webp\",\"width\":600,\"height\":210,\"caption\":\"Rad-Pal\"},\"image\":{\"@id\":\"https:\/\/rad-pal.com.pl\/#\/schema\/logo\/image\/\"}}]}<\/script>\n<!-- \/ Yoast SEO plugin. -->","yoast_head_json":{"title":"Szafka na buty Relaxdays 70 x 33 x 24,5 cm wielokolorowy - Rad-Pal","robots":{"index":"index","follow":"follow","max-snippet":"max-snippet:-1","max-image-preview":"max-image-preview:large","max-video-preview":"max-video-preview:-1"},"canonical":"https:\/\/rad-pal.com.pl\/en\/sklep\/bez-kategorii\/szafka-na-buty-relaxdays-70-x-33-x-245-cm-wielokolorowy\/","og_locale":"en_GB","og_type":"article","og_title":"Szafka na buty Relaxdays 70 x 33 x 24,5 cm wielokolorowy - Rad-Pal","og_description":"Bambusowy rega\u0142, stojak, p\u00f3\u0142ka, szafka na buty 2 poziomy Stojak na buty wykonany z bambusa okazuje si\u0119 by\u0107 idealnym pomocnikiem","og_url":"https:\/\/rad-pal.com.pl\/en\/sklep\/bez-kategorii\/szafka-na-buty-relaxdays-70-x-33-x-245-cm-wielokolorowy\/","og_site_name":"Rad-Pal","article_modified_time":"2026-02-19T13:38:43+00:00","og_image":[{"url":"https:\/\/upload.cdn.baselinker.com\/products\/6014502\/18d6652be7061bf07e7c060cd1401983.jpg","type":"","width":"","height":""}],"twitter_card":"summary_large_image","twitter_misc":{"Estimated reading time":"1 minute"},"schema":{"@context":"https:\/\/schema.org","@graph":[{"@type":"WebPage","@id":"https:\/\/rad-pal.com.pl\/sklep\/bez-kategorii\/szafka-na-buty-relaxdays-70-x-33-x-245-cm-wielokolorowy\/","url":"https:\/\/rad-pal.com.pl\/sklep\/bez-kategorii\/szafka-na-buty-relaxdays-70-x-33-x-245-cm-wielokolorowy\/","name":"Szafka na buty Relaxdays 70 x 33 x 24,5 cm wielokolorowy - Rad-Pal","isPartOf":{"@id":"https:\/\/rad-pal.com.pl\/#website"},"primaryImageOfPage":{"@id":"https:\/\/rad-pal.com.pl\/sklep\/bez-kategorii\/szafka-na-buty-relaxdays-70-x-33-x-245-cm-wielokolorowy\/#primaryimage"},"image":{"@id":"https:\/\/rad-pal.com.pl\/sklep\/bez-kategorii\/szafka-na-buty-relaxdays-70-x-33-x-245-cm-wielokolorowy\/#primaryimage"},"thumbnailUrl":"https:\/\/rad-pal.com.pl\/wp-content\/uploads\/2026\/02\/18d6652be7061bf07e7c060cd1401983.jpg","datePublished":"2026-02-19T13:07:06+00:00","dateModified":"2026-02-19T13:38:43+00:00","breadcrumb":{"@id":"https:\/\/rad-pal.com.pl\/sklep\/bez-kategorii\/szafka-na-buty-relaxdays-70-x-33-x-245-cm-wielokolorowy\/#breadcrumb"},"inLanguage":"en-GB","potentialAction":[{"@type":"ReadAction","target":["https:\/\/rad-pal.com.pl\/sklep\/bez-kategorii\/szafka-na-buty-relaxdays-70-x-33-x-245-cm-wielokolorowy\/"]}]},{"@type":"ImageObject","inLanguage":"en-GB","@id":"https:\/\/rad-pal.com.pl\/sklep\/bez-kategorii\/szafka-na-buty-relaxdays-70-x-33-x-245-cm-wielokolorowy\/#primaryimage","url":"https:\/\/rad-pal.com.pl\/wp-content\/uploads\/2026\/02\/18d6652be7061bf07e7c060cd1401983.jpg","contentUrl":"https:\/\/rad-pal.com.pl\/wp-content\/uploads\/2026\/02\/18d6652be7061bf07e7c060cd1401983.jpg","width":2560,"height":1837,"caption":"1f2d176bd12cbeeea8e1d8d54128cb19"},{"@type":"BreadcrumbList","@id":"https:\/\/rad-pal.com.pl\/sklep\/bez-kategorii\/szafka-na-buty-relaxdays-70-x-33-x-245-cm-wielokolorowy\/#breadcrumb","itemListElement":[{"@type":"ListItem","position":1,"name":"Strona g\u0142\u00f3wna","item":"https:\/\/rad-pal.com.pl\/"},{"@type":"ListItem","position":2,"name":"Sklep","item":"https:\/\/rad-pal.com.pl\/sklep\/"},{"@type":"ListItem","position":3,"name":"Szafka na buty Relaxdays 70 x 33 x 24,5 cm wielokolorowy"}]},{"@type":"WebSite","@id":"https:\/\/rad-pal.com.pl\/#website","url":"https:\/\/rad-pal.com.pl\/","name":"Rad-Pal","description":"","publisher":{"@id":"https:\/\/rad-pal.com.pl\/#organization"},"potentialAction":[{"@type":"SearchAction","target":{"@type":"EntryPoint","urlTemplate":"https:\/\/rad-pal.com.pl\/?s={search_term_string}"},"query-input":{"@type":"PropertyValueSpecification","valueRequired":true,"valueName":"search_term_string"}}],"inLanguage":"en-GB"},{"@type":"Organization","@id":"https:\/\/rad-pal.com.pl\/#organization","name":"Rad-Pal","url":"https:\/\/rad-pal.com.pl\/","logo":{"@type":"ImageObject","inLanguage":"en-GB","@id":"https:\/\/rad-pal.com.pl\/#\/schema\/logo\/image\/","url":"https:\/\/rad-pal.com.pl\/wp-content\/uploads\/2026\/03\/Projekt-bez-nazwy-30.webp","contentUrl":"https:\/\/rad-pal.com.pl\/wp-content\/uploads\/2026\/03\/Projekt-bez-nazwy-30.webp","width":600,"height":210,"caption":"Rad-Pal"},"image":{"@id":"https:\/\/rad-pal.com.pl\/#\/schema\/logo\/image\/"}}]}},"_links":{"self":[{"href":"https:\/\/rad-pal.com.pl\/en\/wp-json\/wp\/v2\/product\/30474","targetHints":{"allow":["GET"]}}],"collection":[{"href":"https:\/\/rad-pal.com.pl\/en\/wp-json\/wp\/v2\/product"}],"about":[{"href":"https:\/\/rad-pal.com.pl\/en\/wp-json\/wp\/v2\/types\/product"}],"version-history":[{"count":0,"href":"https:\/\/rad-pal.com.pl\/en\/wp-json\/wp\/v2\/product\/30474\/revisions"}],"wp:featuredmedia":[{"embeddable":true,"href":"https:\/\/rad-pal.com.pl\/en\/wp-json\/wp\/v2\/media\/30469"}],"wp:attachment":[{"href":"https:\/\/rad-pal.com.pl\/en\/wp-json\/wp\/v2\/media?parent=30474"}],"wp:term":[{"taxonomy":"product_brand","embeddable":true,"href":"https:\/\/rad-pal.com.pl\/en\/wp-json\/wp\/v2\/product_brand?post=30474"},{"taxonomy":"product_cat","embeddable":true,"href":"https:\/\/rad-pal.com.pl\/en\/wp-json\/wp\/v2\/product_cat?post=30474"},{"taxonomy":"product_tag","embeddable":true,"href":"https:\/\/rad-pal.com.pl\/en\/wp-json\/wp\/v2\/product_tag?post=30474"}],"curies":[{"name":"wp","href":"https:\/\/api.w.org\/{rel}","templated":true}]}}