{"id":30487,"date":"2026-02-19T14:07:45","date_gmt":"2026-02-19T13:07:45","guid":{"rendered":"https:\/\/rad-pal.com.pl\/sklep\/bez-kategorii\/suszarka-wolnostojaca-pozioma-relaxdays-100-100-cm-x-108-177-cm\/"},"modified":"2026-02-19T14:38:49","modified_gmt":"2026-02-19T13:38:49","slug":"suszarka-wolnostojaca-pozioma-relaxdays-100-100-cm-x-108-177-cm","status":"publish","type":"product","link":"https:\/\/rad-pal.com.pl\/en\/sklep\/dom-i-ogrod\/wyposazenie\/akcesoria-lazienkowe\/suszarki-na-ubrania\/suszarka-wolnostojaca-pozioma-relaxdays-100-100-cm-x-108-177-cm\/","title":{"rendered":"Suszarka wolnostoj\u0105ca pozioma Relaxdays 100-100 cm x 108-177 cm"},"content":{"rendered":"<section class=\"section\">\n<div class=\"item item-12\">\n<section class=\"text-item\">\n<h1>Stojak na pranie z 2 wysuwanymi skrzyd\u0142ami<\/h1>\n<\/section><\/div>\n<\/section>\n<section class=\"section\">\n<div class=\"item item-12\">\n<section class=\"text-item\">\n<p>Ta sk\u0142adana suszarka do bielizny pozwala szybko i wygodnie rozwiesi\u0107 pranie bez ryzyka zagniece\u0144. Oferuje du\u017co miejsca na koszulki, spodnie czy r\u0119czniki, a dwa wysuwane skrzyd\u0142a boczne umo\u017cliwiaj\u0105 rozwieszenie wi\u0119kszych ilo\u015bci ubra\u0144 naraz. Po zako\u0144czeniu suszenia suszark\u0119 mo\u017cna \u0142atwo z\u0142o\u017cy\u0107 na p\u0142asko i schowa\u0107 pod \u0142\u00f3\u017ckiem lub obok szafy. Stabilna konstrukcja ze stali nierdzewnej gwarantuje trwa\u0142o\u015b\u0107 i niezawodne u\u017cytkowanie przez d\u0142ugi czas.<\/p>\n<\/section><\/div>\n<\/section>\n<section class=\"section\">\n<div class=\"item item-6\">\n<section class=\"image-item\"><img decoding=\"async\" src=\"https:\/\/upload.cdn.baselinker.com\/products\/6014502\/35eba9cd14ae774168f7351e009fedfb.jpg\" \/><\/section>\n<\/p><\/div>\n<div class=\"item item-6\">\n<section class=\"text-item\">\n<h1>Wieszak na du\u017c\u0105 ilo\u015b\u0107 prania<\/h1>\n<\/section><\/div>\n<\/section>\n<section class=\"section\">\n<div class=\"item item-12\">\n<section class=\"text-item\">\n<p>suszenie i wietrzenie bluzek, spodni i wielu innych rzeczy<\/p>\n<p>suszarka z 2 wysuwanymi skrzyd\u0142ami bocznymi<\/p>\n<p>sk\u0142adany i chowany w kilku prostych krokach<\/p>\n<p>wykonany ze stali nierdzewnej, zapewnia stabilno\u015b\u0107 i trwa\u0142o\u015b\u0107<\/p>\n<p>nadaje si\u0119 r\u00f3wnie\u017c do wi\u0119kszych ilo\u015bci prania<\/p>\n<\/section><\/div>\n<\/section>\n<section class=\"section\">\n<div class=\"item item-12\">\n<section class=\"text-item\">\n<p>14<\/p>\n<\/section><\/div>\n<\/section>","protected":false},"excerpt":{"rendered":"<p>Stojak na pranie z 2 wysuwanymi skrzyd\u0142ami Ta sk\u0142adana suszarka do bielizny pozwala szybko i wygodnie rozwiesi\u0107 pranie bez ryzyka<\/p>","protected":false},"featured_media":30482,"template":"","meta":[],"product_brand":[],"product_cat":[117,86,290,87],"product_tag":[],"class_list":{"0":"post-30487","1":"product","2":"type-product","3":"status-publish","4":"has-post-thumbnail","6":"product_cat-akcesoria-lazienkowe","7":"product_cat-dom-i-ogrod","8":"product_cat-suszarki-na-ubrania","9":"product_cat-wyposazenie","11":"first","12":"instock","13":"taxable","14":"shipping-taxable","15":"purchasable","16":"product-type-simple"},"yoast_head":"<!-- This site is optimized with the Yoast SEO plugin v25.7 - https:\/\/yoast.com\/wordpress\/plugins\/seo\/ -->\n<title>Suszarka wolnostoj\u0105ca pozioma Relaxdays 100-100 cm x 108-177 cm - Rad-Pal<\/title>\n<meta name=\"robots\" content=\"index, follow, max-snippet:-1, max-image-preview:large, max-video-preview:-1\" \/>\n<link rel=\"canonical\" href=\"https:\/\/rad-pal.com.pl\/en\/sklep\/bez-kategorii\/suszarka-wolnostojaca-pozioma-relaxdays-100-100-cm-x-108-177-cm\/\" \/>\n<meta property=\"og:locale\" content=\"en_GB\" \/>\n<meta property=\"og:type\" content=\"article\" \/>\n<meta property=\"og:title\" content=\"Suszarka wolnostoj\u0105ca pozioma Relaxdays 100-100 cm x 108-177 cm - Rad-Pal\" \/>\n<meta property=\"og:description\" content=\"Stojak na pranie z 2 wysuwanymi skrzyd\u0142ami Ta sk\u0142adana suszarka do bielizny pozwala szybko i wygodnie rozwiesi\u0107 pranie bez ryzyka\" \/>\n<meta property=\"og:url\" content=\"https:\/\/rad-pal.com.pl\/en\/sklep\/bez-kategorii\/suszarka-wolnostojaca-pozioma-relaxdays-100-100-cm-x-108-177-cm\/\" \/>\n<meta property=\"og:site_name\" content=\"Rad-Pal\" \/>\n<meta property=\"article:modified_time\" content=\"2026-02-19T13:38:49+00:00\" \/>\n<meta property=\"og:image\" content=\"https:\/\/upload.cdn.baselinker.com\/products\/6014502\/35eba9cd14ae774168f7351e009fedfb.jpg\" \/>\n<meta name=\"twitter:card\" content=\"summary_large_image\" \/>\n<meta name=\"twitter:label1\" content=\"Estimated reading time\" \/>\n\t<meta name=\"twitter:data1\" content=\"1 minute\" \/>\n<script type=\"application\/ld+json\" class=\"yoast-schema-graph\">{\"@context\":\"https:\/\/schema.org\",\"@graph\":[{\"@type\":\"WebPage\",\"@id\":\"https:\/\/rad-pal.com.pl\/sklep\/bez-kategorii\/suszarka-wolnostojaca-pozioma-relaxdays-100-100-cm-x-108-177-cm\/\",\"url\":\"https:\/\/rad-pal.com.pl\/sklep\/bez-kategorii\/suszarka-wolnostojaca-pozioma-relaxdays-100-100-cm-x-108-177-cm\/\",\"name\":\"Suszarka wolnostoj\u0105ca pozioma Relaxdays 100-100 cm x 108-177 cm - Rad-Pal\",\"isPartOf\":{\"@id\":\"https:\/\/rad-pal.com.pl\/#website\"},\"primaryImageOfPage\":{\"@id\":\"https:\/\/rad-pal.com.pl\/sklep\/bez-kategorii\/suszarka-wolnostojaca-pozioma-relaxdays-100-100-cm-x-108-177-cm\/#primaryimage\"},\"image\":{\"@id\":\"https:\/\/rad-pal.com.pl\/sklep\/bez-kategorii\/suszarka-wolnostojaca-pozioma-relaxdays-100-100-cm-x-108-177-cm\/#primaryimage\"},\"thumbnailUrl\":\"https:\/\/rad-pal.com.pl\/wp-content\/uploads\/2026\/02\/beb8c4c9fb45b5f4974c2f87199fb58e.jpg\",\"datePublished\":\"2026-02-19T13:07:45+00:00\",\"dateModified\":\"2026-02-19T13:38:49+00:00\",\"breadcrumb\":{\"@id\":\"https:\/\/rad-pal.com.pl\/sklep\/bez-kategorii\/suszarka-wolnostojaca-pozioma-relaxdays-100-100-cm-x-108-177-cm\/#breadcrumb\"},\"inLanguage\":\"en-GB\",\"potentialAction\":[{\"@type\":\"ReadAction\",\"target\":[\"https:\/\/rad-pal.com.pl\/sklep\/bez-kategorii\/suszarka-wolnostojaca-pozioma-relaxdays-100-100-cm-x-108-177-cm\/\"]}]},{\"@type\":\"ImageObject\",\"inLanguage\":\"en-GB\",\"@id\":\"https:\/\/rad-pal.com.pl\/sklep\/bez-kategorii\/suszarka-wolnostojaca-pozioma-relaxdays-100-100-cm-x-108-177-cm\/#primaryimage\",\"url\":\"https:\/\/rad-pal.com.pl\/wp-content\/uploads\/2026\/02\/beb8c4c9fb45b5f4974c2f87199fb58e.jpg\",\"contentUrl\":\"https:\/\/rad-pal.com.pl\/wp-content\/uploads\/2026\/02\/beb8c4c9fb45b5f4974c2f87199fb58e.jpg\",\"width\":681,\"height\":681,\"caption\":\"2d33d73ee56d228f3c3fb4ef6e5c1698\"},{\"@type\":\"BreadcrumbList\",\"@id\":\"https:\/\/rad-pal.com.pl\/sklep\/bez-kategorii\/suszarka-wolnostojaca-pozioma-relaxdays-100-100-cm-x-108-177-cm\/#breadcrumb\",\"itemListElement\":[{\"@type\":\"ListItem\",\"position\":1,\"name\":\"Strona g\u0142\u00f3wna\",\"item\":\"https:\/\/rad-pal.com.pl\/\"},{\"@type\":\"ListItem\",\"position\":2,\"name\":\"Sklep\",\"item\":\"https:\/\/rad-pal.com.pl\/sklep\/\"},{\"@type\":\"ListItem\",\"position\":3,\"name\":\"Suszarka wolnostoj\u0105ca pozioma Relaxdays 100-100 cm x 108-177 cm\"}]},{\"@type\":\"WebSite\",\"@id\":\"https:\/\/rad-pal.com.pl\/#website\",\"url\":\"https:\/\/rad-pal.com.pl\/\",\"name\":\"Rad-Pal\",\"description\":\"\",\"publisher\":{\"@id\":\"https:\/\/rad-pal.com.pl\/#organization\"},\"potentialAction\":[{\"@type\":\"SearchAction\",\"target\":{\"@type\":\"EntryPoint\",\"urlTemplate\":\"https:\/\/rad-pal.com.pl\/?s={search_term_string}\"},\"query-input\":{\"@type\":\"PropertyValueSpecification\",\"valueRequired\":true,\"valueName\":\"search_term_string\"}}],\"inLanguage\":\"en-GB\"},{\"@type\":\"Organization\",\"@id\":\"https:\/\/rad-pal.com.pl\/#organization\",\"name\":\"Rad-Pal\",\"url\":\"https:\/\/rad-pal.com.pl\/\",\"logo\":{\"@type\":\"ImageObject\",\"inLanguage\":\"en-GB\",\"@id\":\"https:\/\/rad-pal.com.pl\/#\/schema\/logo\/image\/\",\"url\":\"https:\/\/rad-pal.com.pl\/wp-content\/uploads\/2026\/03\/Projekt-bez-nazwy-30.webp\",\"contentUrl\":\"https:\/\/rad-pal.com.pl\/wp-content\/uploads\/2026\/03\/Projekt-bez-nazwy-30.webp\",\"width\":600,\"height\":210,\"caption\":\"Rad-Pal\"},\"image\":{\"@id\":\"https:\/\/rad-pal.com.pl\/#\/schema\/logo\/image\/\"}}]}<\/script>\n<!-- \/ Yoast SEO plugin. -->","yoast_head_json":{"title":"Suszarka wolnostoj\u0105ca pozioma Relaxdays 100-100 cm x 108-177 cm - Rad-Pal","robots":{"index":"index","follow":"follow","max-snippet":"max-snippet:-1","max-image-preview":"max-image-preview:large","max-video-preview":"max-video-preview:-1"},"canonical":"https:\/\/rad-pal.com.pl\/en\/sklep\/bez-kategorii\/suszarka-wolnostojaca-pozioma-relaxdays-100-100-cm-x-108-177-cm\/","og_locale":"en_GB","og_type":"article","og_title":"Suszarka wolnostoj\u0105ca pozioma Relaxdays 100-100 cm x 108-177 cm - Rad-Pal","og_description":"Stojak na pranie z 2 wysuwanymi skrzyd\u0142ami Ta sk\u0142adana suszarka do bielizny pozwala szybko i wygodnie rozwiesi\u0107 pranie bez ryzyka","og_url":"https:\/\/rad-pal.com.pl\/en\/sklep\/bez-kategorii\/suszarka-wolnostojaca-pozioma-relaxdays-100-100-cm-x-108-177-cm\/","og_site_name":"Rad-Pal","article_modified_time":"2026-02-19T13:38:49+00:00","og_image":[{"url":"https:\/\/upload.cdn.baselinker.com\/products\/6014502\/35eba9cd14ae774168f7351e009fedfb.jpg","type":"","width":"","height":""}],"twitter_card":"summary_large_image","twitter_misc":{"Estimated reading time":"1 minute"},"schema":{"@context":"https:\/\/schema.org","@graph":[{"@type":"WebPage","@id":"https:\/\/rad-pal.com.pl\/sklep\/bez-kategorii\/suszarka-wolnostojaca-pozioma-relaxdays-100-100-cm-x-108-177-cm\/","url":"https:\/\/rad-pal.com.pl\/sklep\/bez-kategorii\/suszarka-wolnostojaca-pozioma-relaxdays-100-100-cm-x-108-177-cm\/","name":"Suszarka wolnostoj\u0105ca pozioma Relaxdays 100-100 cm x 108-177 cm - Rad-Pal","isPartOf":{"@id":"https:\/\/rad-pal.com.pl\/#website"},"primaryImageOfPage":{"@id":"https:\/\/rad-pal.com.pl\/sklep\/bez-kategorii\/suszarka-wolnostojaca-pozioma-relaxdays-100-100-cm-x-108-177-cm\/#primaryimage"},"image":{"@id":"https:\/\/rad-pal.com.pl\/sklep\/bez-kategorii\/suszarka-wolnostojaca-pozioma-relaxdays-100-100-cm-x-108-177-cm\/#primaryimage"},"thumbnailUrl":"https:\/\/rad-pal.com.pl\/wp-content\/uploads\/2026\/02\/beb8c4c9fb45b5f4974c2f87199fb58e.jpg","datePublished":"2026-02-19T13:07:45+00:00","dateModified":"2026-02-19T13:38:49+00:00","breadcrumb":{"@id":"https:\/\/rad-pal.com.pl\/sklep\/bez-kategorii\/suszarka-wolnostojaca-pozioma-relaxdays-100-100-cm-x-108-177-cm\/#breadcrumb"},"inLanguage":"en-GB","potentialAction":[{"@type":"ReadAction","target":["https:\/\/rad-pal.com.pl\/sklep\/bez-kategorii\/suszarka-wolnostojaca-pozioma-relaxdays-100-100-cm-x-108-177-cm\/"]}]},{"@type":"ImageObject","inLanguage":"en-GB","@id":"https:\/\/rad-pal.com.pl\/sklep\/bez-kategorii\/suszarka-wolnostojaca-pozioma-relaxdays-100-100-cm-x-108-177-cm\/#primaryimage","url":"https:\/\/rad-pal.com.pl\/wp-content\/uploads\/2026\/02\/beb8c4c9fb45b5f4974c2f87199fb58e.jpg","contentUrl":"https:\/\/rad-pal.com.pl\/wp-content\/uploads\/2026\/02\/beb8c4c9fb45b5f4974c2f87199fb58e.jpg","width":681,"height":681,"caption":"2d33d73ee56d228f3c3fb4ef6e5c1698"},{"@type":"BreadcrumbList","@id":"https:\/\/rad-pal.com.pl\/sklep\/bez-kategorii\/suszarka-wolnostojaca-pozioma-relaxdays-100-100-cm-x-108-177-cm\/#breadcrumb","itemListElement":[{"@type":"ListItem","position":1,"name":"Strona g\u0142\u00f3wna","item":"https:\/\/rad-pal.com.pl\/"},{"@type":"ListItem","position":2,"name":"Sklep","item":"https:\/\/rad-pal.com.pl\/sklep\/"},{"@type":"ListItem","position":3,"name":"Suszarka wolnostoj\u0105ca pozioma Relaxdays 100-100 cm x 108-177 cm"}]},{"@type":"WebSite","@id":"https:\/\/rad-pal.com.pl\/#website","url":"https:\/\/rad-pal.com.pl\/","name":"Rad-Pal","description":"","publisher":{"@id":"https:\/\/rad-pal.com.pl\/#organization"},"potentialAction":[{"@type":"SearchAction","target":{"@type":"EntryPoint","urlTemplate":"https:\/\/rad-pal.com.pl\/?s={search_term_string}"},"query-input":{"@type":"PropertyValueSpecification","valueRequired":true,"valueName":"search_term_string"}}],"inLanguage":"en-GB"},{"@type":"Organization","@id":"https:\/\/rad-pal.com.pl\/#organization","name":"Rad-Pal","url":"https:\/\/rad-pal.com.pl\/","logo":{"@type":"ImageObject","inLanguage":"en-GB","@id":"https:\/\/rad-pal.com.pl\/#\/schema\/logo\/image\/","url":"https:\/\/rad-pal.com.pl\/wp-content\/uploads\/2026\/03\/Projekt-bez-nazwy-30.webp","contentUrl":"https:\/\/rad-pal.com.pl\/wp-content\/uploads\/2026\/03\/Projekt-bez-nazwy-30.webp","width":600,"height":210,"caption":"Rad-Pal"},"image":{"@id":"https:\/\/rad-pal.com.pl\/#\/schema\/logo\/image\/"}}]}},"_links":{"self":[{"href":"https:\/\/rad-pal.com.pl\/en\/wp-json\/wp\/v2\/product\/30487","targetHints":{"allow":["GET"]}}],"collection":[{"href":"https:\/\/rad-pal.com.pl\/en\/wp-json\/wp\/v2\/product"}],"about":[{"href":"https:\/\/rad-pal.com.pl\/en\/wp-json\/wp\/v2\/types\/product"}],"version-history":[{"count":0,"href":"https:\/\/rad-pal.com.pl\/en\/wp-json\/wp\/v2\/product\/30487\/revisions"}],"wp:featuredmedia":[{"embeddable":true,"href":"https:\/\/rad-pal.com.pl\/en\/wp-json\/wp\/v2\/media\/30482"}],"wp:attachment":[{"href":"https:\/\/rad-pal.com.pl\/en\/wp-json\/wp\/v2\/media?parent=30487"}],"wp:term":[{"taxonomy":"product_brand","embeddable":true,"href":"https:\/\/rad-pal.com.pl\/en\/wp-json\/wp\/v2\/product_brand?post=30487"},{"taxonomy":"product_cat","embeddable":true,"href":"https:\/\/rad-pal.com.pl\/en\/wp-json\/wp\/v2\/product_cat?post=30487"},{"taxonomy":"product_tag","embeddable":true,"href":"https:\/\/rad-pal.com.pl\/en\/wp-json\/wp\/v2\/product_tag?post=30487"}],"curies":[{"name":"wp","href":"https:\/\/api.w.org\/{rel}","templated":true}]}}