{"id":30564,"date":"2026-02-19T14:11:20","date_gmt":"2026-02-19T13:11:20","guid":{"rendered":"https:\/\/rad-pal.com.pl\/sklep\/bez-kategorii\/organizer-bambusowy-z-szufladami-na-dokumenty-relaxdays-31cm-x-26cm-x-30cm\/"},"modified":"2026-03-19T20:28:33","modified_gmt":"2026-03-19T19:28:33","slug":"organizer-bambusowy-z-szufladami-na-dokumenty-relaxdays-31cm-x-26cm-x-30cm","status":"publish","type":"product","link":"https:\/\/rad-pal.com.pl\/en\/sklep\/firma-i-uslugi\/biuro-i-reklama\/organizacja-dokumentow\/organizery-i-szuflady\/organizer-bambusowy-z-szufladami-na-dokumenty-relaxdays-31cm-x-26cm-x-30cm\/","title":{"rendered":"Organizer bambusowy z szufladami na dokumenty Relaxdays 31cm x 26cm x 30cm"},"content":{"rendered":"<section class=\"section\">\n<div class=\"item item-12\">\n<section class=\"image-item\"><img decoding=\"async\" src=\"https:\/\/upload.cdn.baselinker.com\/products\/6014502\/9c7399d92f30428afee21ddbe7df1a48.jpg\" \/><\/section>\n<\/p><\/div>\n<\/section>\n<section class=\"section\">\n<div class=\"item item-6\">\n<section class=\"image-item\"><img decoding=\"async\" src=\"https:\/\/upload.cdn.baselinker.com\/products\/6014502\/daea67d1b82678f3ed26e8c3910ada60.jpg\" \/><\/section>\n<\/p><\/div>\n<div class=\"item item-6\">\n<section class=\"text-item\">\n<h1>Oferowany przedmiot<\/h1>\n<h1>renomowanej firmy<\/h1>\n<h1>Relaxdays<\/h1>\n<\/section><\/div>\n<\/section>\n<section class=\"section\">\n<div class=\"item item-12\">\n<section class=\"text-item\">\n<h2>Schowek z du\u017c\u0105 ilo\u015bci\u0105 miejsca do przechowywania<\/h2>\n<p>Je\u015bli szukasz du\u017cej opcji przechowywania do nauki w domu lub biurze, to pude\u0142ko z szufladami jest w\u0142a\u015bnie dla Ciebie.<\/p>\n<p>W szufladach 3 mo\u017cesz przechowywa\u0107 wszystko, czego potrzebujesz do przybor\u00f3w biurowych pod r\u0119k\u0105 &#8211; czy to spinacze do papieru, zszywki, no\u017cyczki, notatki.<\/p>\n<p>Mo\u017cesz umie\u015bci\u0107 zamkni\u0119ty organizer na st\u00f3\u0142 wykonany z naturalnego bambusa w komorze p\u00f3\u0142ki lub umie\u015bci\u0107 go swobodnie i u\u017cy\u0107 otwartego schowka u g\u00f3ry na ko\u0142czany, litery lub tym podobne.<\/p>\n<\/section><\/div>\n<\/section>\n<section class=\"section\">\n<div class=\"item item-12\">\n<section class=\"text-item\">\n<h2>Pude\u0142ko na szuflady wykonane z bambusa<\/h2>\n<ul>\n<li>Karteczki samoprzylepne, spinacze do papieru, zszywacze i wiele innych. zachowa\u0107<\/li>\n<\/ul>\n<ul>\n<li>2 przedzia\u0142y elastycznie regulowane \u015bciank\u0105 dzia\u0142ow\u0105<\/li>\n<\/ul>\n<ul>\n<li>Otwarta p\u00f3\u0142ka na kubki na d\u0142ugopisy, listy<\/li>\n<\/ul>\n<ul>\n<li>Naturalnie ciep\u0142y wygl\u0105d z ziarnem bambusa<\/li>\n<\/ul>\n<\/section><\/div>\n<\/section>\n<section class=\"section\">\n<div class=\"item item-12\">\n<section class=\"text-item\">\n<h2>Specyfikacja:<\/h2>\n<ul>\n<li>Wymiary wys. x szer. x g\u0142. 26 x 30 x 31 cm<\/li>\n<\/ul>\n<ul>\n<li>Wymiary komory w g\u00f3rnej szufladzie wys. x szer. x g\u0142.: ok. 5 x 13 x 28,5 cm<\/li>\n<\/ul>\n<ul>\n<li>Wa\u017cy ok. 5 kg<\/li>\n<\/ul>\n<ul>\n<li>Wykonane z bambusa<\/li>\n<\/ul>\n<ul>\n<li>Wielko\u015b\u0107 7 x 26 cm<\/li>\n<\/ul>\n<ul>\n<li>G\u0142\u0119boko\u015b\u0107 ze \u015bciank\u0105 dzia\u0142ow\u0105 z przodu: ok. 9 i 19 cm<\/li>\n<\/ul>\n<ul>\n<li>G\u0142\u0119boko\u015b\u0107 ze \u015bciank\u0105 dzia\u0142ow\u0105 z ty\u0142u: ok. 16,5 i 11 cm<\/li>\n<\/ul>\n<ul>\n<li>Wymiary szuflad bez przegrody wys. x szer. x g\u0142.: ok. 7 x 26 x 28.5 cm<\/li>\n<\/ul>\n<\/section><\/div>\n<\/section>\n<section class=\"section\">\n<div class=\"item item-12\">\n<section class=\"text-item\">\n<p>12<\/p>\n<\/section><\/div>\n<\/section>","protected":false},"excerpt":{"rendered":"<p>Oferowany przedmiot renomowanej firmy Relaxdays Schowek z du\u017c\u0105 ilo\u015bci\u0105 miejsca do przechowywania Je\u015bli szukasz du\u017cej opcji przechowywania do nauki w<\/p>","protected":false},"featured_media":30558,"template":"","meta":[],"product_brand":[],"product_cat":[127,126,156,157],"product_tag":[],"class_list":{"0":"post-30564","1":"product","2":"type-product","3":"status-publish","4":"has-post-thumbnail","6":"product_cat-biuro-i-reklama","7":"product_cat-firma-i-uslugi","8":"product_cat-organizacja-dokumentow","9":"product_cat-organizery-i-szuflady","11":"first","12":"instock","13":"taxable","14":"shipping-taxable","15":"purchasable","16":"product-type-simple"},"yoast_head":"<!-- This site is optimized with the Yoast SEO plugin v25.7 - https:\/\/yoast.com\/wordpress\/plugins\/seo\/ -->\n<title>Organizer bambusowy z szufladami na dokumenty Relaxdays 31cm x 26cm x 30cm - Rad-Pal<\/title>\n<meta name=\"robots\" content=\"index, follow, max-snippet:-1, max-image-preview:large, max-video-preview:-1\" \/>\n<link rel=\"canonical\" href=\"https:\/\/rad-pal.com.pl\/en\/sklep\/bez-kategorii\/organizer-bambusowy-z-szufladami-na-dokumenty-relaxdays-31cm-x-26cm-x-30cm\/\" \/>\n<meta property=\"og:locale\" content=\"en_GB\" \/>\n<meta property=\"og:type\" content=\"article\" \/>\n<meta property=\"og:title\" content=\"Organizer bambusowy z szufladami na dokumenty Relaxdays 31cm x 26cm x 30cm - Rad-Pal\" \/>\n<meta property=\"og:description\" content=\"Oferowany przedmiot renomowanej firmy Relaxdays Schowek z du\u017c\u0105 ilo\u015bci\u0105 miejsca do przechowywania Je\u015bli szukasz du\u017cej opcji przechowywania do nauki w\" \/>\n<meta property=\"og:url\" content=\"https:\/\/rad-pal.com.pl\/en\/sklep\/bez-kategorii\/organizer-bambusowy-z-szufladami-na-dokumenty-relaxdays-31cm-x-26cm-x-30cm\/\" \/>\n<meta property=\"og:site_name\" content=\"Rad-Pal\" \/>\n<meta property=\"article:modified_time\" content=\"2026-03-19T19:28:33+00:00\" \/>\n<meta property=\"og:image\" content=\"https:\/\/upload.cdn.baselinker.com\/products\/6014502\/9c7399d92f30428afee21ddbe7df1a48.jpg\" \/>\n<meta name=\"twitter:card\" content=\"summary_large_image\" \/>\n<meta name=\"twitter:label1\" content=\"Estimated reading time\" \/>\n\t<meta name=\"twitter:data1\" content=\"1 minute\" \/>\n<script type=\"application\/ld+json\" class=\"yoast-schema-graph\">{\"@context\":\"https:\/\/schema.org\",\"@graph\":[{\"@type\":\"WebPage\",\"@id\":\"https:\/\/rad-pal.com.pl\/sklep\/bez-kategorii\/organizer-bambusowy-z-szufladami-na-dokumenty-relaxdays-31cm-x-26cm-x-30cm\/\",\"url\":\"https:\/\/rad-pal.com.pl\/sklep\/bez-kategorii\/organizer-bambusowy-z-szufladami-na-dokumenty-relaxdays-31cm-x-26cm-x-30cm\/\",\"name\":\"Organizer bambusowy z szufladami na dokumenty Relaxdays 31cm x 26cm x 30cm - Rad-Pal\",\"isPartOf\":{\"@id\":\"https:\/\/rad-pal.com.pl\/#website\"},\"primaryImageOfPage\":{\"@id\":\"https:\/\/rad-pal.com.pl\/sklep\/bez-kategorii\/organizer-bambusowy-z-szufladami-na-dokumenty-relaxdays-31cm-x-26cm-x-30cm\/#primaryimage\"},\"image\":{\"@id\":\"https:\/\/rad-pal.com.pl\/sklep\/bez-kategorii\/organizer-bambusowy-z-szufladami-na-dokumenty-relaxdays-31cm-x-26cm-x-30cm\/#primaryimage\"},\"thumbnailUrl\":\"https:\/\/rad-pal.com.pl\/wp-content\/uploads\/2026\/02\/daea67d1b82678f3ed26e8c3910ada60.jpg\",\"datePublished\":\"2026-02-19T13:11:20+00:00\",\"dateModified\":\"2026-03-19T19:28:33+00:00\",\"breadcrumb\":{\"@id\":\"https:\/\/rad-pal.com.pl\/sklep\/bez-kategorii\/organizer-bambusowy-z-szufladami-na-dokumenty-relaxdays-31cm-x-26cm-x-30cm\/#breadcrumb\"},\"inLanguage\":\"en-GB\",\"potentialAction\":[{\"@type\":\"ReadAction\",\"target\":[\"https:\/\/rad-pal.com.pl\/sklep\/bez-kategorii\/organizer-bambusowy-z-szufladami-na-dokumenty-relaxdays-31cm-x-26cm-x-30cm\/\"]}]},{\"@type\":\"ImageObject\",\"inLanguage\":\"en-GB\",\"@id\":\"https:\/\/rad-pal.com.pl\/sklep\/bez-kategorii\/organizer-bambusowy-z-szufladami-na-dokumenty-relaxdays-31cm-x-26cm-x-30cm\/#primaryimage\",\"url\":\"https:\/\/rad-pal.com.pl\/wp-content\/uploads\/2026\/02\/daea67d1b82678f3ed26e8c3910ada60.jpg\",\"contentUrl\":\"https:\/\/rad-pal.com.pl\/wp-content\/uploads\/2026\/02\/daea67d1b82678f3ed26e8c3910ada60.jpg\",\"width\":2048,\"height\":2048,\"caption\":\"5ba8b1fa7e765e30f427b9347749ec2c\"},{\"@type\":\"BreadcrumbList\",\"@id\":\"https:\/\/rad-pal.com.pl\/sklep\/bez-kategorii\/organizer-bambusowy-z-szufladami-na-dokumenty-relaxdays-31cm-x-26cm-x-30cm\/#breadcrumb\",\"itemListElement\":[{\"@type\":\"ListItem\",\"position\":1,\"name\":\"Strona g\u0142\u00f3wna\",\"item\":\"https:\/\/rad-pal.com.pl\/\"},{\"@type\":\"ListItem\",\"position\":2,\"name\":\"Sklep\",\"item\":\"https:\/\/rad-pal.com.pl\/sklep\/\"},{\"@type\":\"ListItem\",\"position\":3,\"name\":\"Organizer bambusowy z szufladami na dokumenty Relaxdays 31cm x 26cm x 30cm\"}]},{\"@type\":\"WebSite\",\"@id\":\"https:\/\/rad-pal.com.pl\/#website\",\"url\":\"https:\/\/rad-pal.com.pl\/\",\"name\":\"Rad-Pal\",\"description\":\"\",\"publisher\":{\"@id\":\"https:\/\/rad-pal.com.pl\/#organization\"},\"potentialAction\":[{\"@type\":\"SearchAction\",\"target\":{\"@type\":\"EntryPoint\",\"urlTemplate\":\"https:\/\/rad-pal.com.pl\/?s={search_term_string}\"},\"query-input\":{\"@type\":\"PropertyValueSpecification\",\"valueRequired\":true,\"valueName\":\"search_term_string\"}}],\"inLanguage\":\"en-GB\"},{\"@type\":\"Organization\",\"@id\":\"https:\/\/rad-pal.com.pl\/#organization\",\"name\":\"Rad-Pal\",\"url\":\"https:\/\/rad-pal.com.pl\/\",\"logo\":{\"@type\":\"ImageObject\",\"inLanguage\":\"en-GB\",\"@id\":\"https:\/\/rad-pal.com.pl\/#\/schema\/logo\/image\/\",\"url\":\"https:\/\/rad-pal.com.pl\/wp-content\/uploads\/2026\/03\/Projekt-bez-nazwy-30.webp\",\"contentUrl\":\"https:\/\/rad-pal.com.pl\/wp-content\/uploads\/2026\/03\/Projekt-bez-nazwy-30.webp\",\"width\":600,\"height\":210,\"caption\":\"Rad-Pal\"},\"image\":{\"@id\":\"https:\/\/rad-pal.com.pl\/#\/schema\/logo\/image\/\"}}]}<\/script>\n<!-- \/ Yoast SEO plugin. -->","yoast_head_json":{"title":"Organizer bambusowy z szufladami na dokumenty Relaxdays 31cm x 26cm x 30cm - Rad-Pal","robots":{"index":"index","follow":"follow","max-snippet":"max-snippet:-1","max-image-preview":"max-image-preview:large","max-video-preview":"max-video-preview:-1"},"canonical":"https:\/\/rad-pal.com.pl\/en\/sklep\/bez-kategorii\/organizer-bambusowy-z-szufladami-na-dokumenty-relaxdays-31cm-x-26cm-x-30cm\/","og_locale":"en_GB","og_type":"article","og_title":"Organizer bambusowy z szufladami na dokumenty Relaxdays 31cm x 26cm x 30cm - Rad-Pal","og_description":"Oferowany przedmiot renomowanej firmy Relaxdays Schowek z du\u017c\u0105 ilo\u015bci\u0105 miejsca do przechowywania Je\u015bli szukasz du\u017cej opcji przechowywania do nauki w","og_url":"https:\/\/rad-pal.com.pl\/en\/sklep\/bez-kategorii\/organizer-bambusowy-z-szufladami-na-dokumenty-relaxdays-31cm-x-26cm-x-30cm\/","og_site_name":"Rad-Pal","article_modified_time":"2026-03-19T19:28:33+00:00","og_image":[{"url":"https:\/\/upload.cdn.baselinker.com\/products\/6014502\/9c7399d92f30428afee21ddbe7df1a48.jpg","type":"","width":"","height":""}],"twitter_card":"summary_large_image","twitter_misc":{"Estimated reading time":"1 minute"},"schema":{"@context":"https:\/\/schema.org","@graph":[{"@type":"WebPage","@id":"https:\/\/rad-pal.com.pl\/sklep\/bez-kategorii\/organizer-bambusowy-z-szufladami-na-dokumenty-relaxdays-31cm-x-26cm-x-30cm\/","url":"https:\/\/rad-pal.com.pl\/sklep\/bez-kategorii\/organizer-bambusowy-z-szufladami-na-dokumenty-relaxdays-31cm-x-26cm-x-30cm\/","name":"Organizer bambusowy z szufladami na dokumenty Relaxdays 31cm x 26cm x 30cm - Rad-Pal","isPartOf":{"@id":"https:\/\/rad-pal.com.pl\/#website"},"primaryImageOfPage":{"@id":"https:\/\/rad-pal.com.pl\/sklep\/bez-kategorii\/organizer-bambusowy-z-szufladami-na-dokumenty-relaxdays-31cm-x-26cm-x-30cm\/#primaryimage"},"image":{"@id":"https:\/\/rad-pal.com.pl\/sklep\/bez-kategorii\/organizer-bambusowy-z-szufladami-na-dokumenty-relaxdays-31cm-x-26cm-x-30cm\/#primaryimage"},"thumbnailUrl":"https:\/\/rad-pal.com.pl\/wp-content\/uploads\/2026\/02\/daea67d1b82678f3ed26e8c3910ada60.jpg","datePublished":"2026-02-19T13:11:20+00:00","dateModified":"2026-03-19T19:28:33+00:00","breadcrumb":{"@id":"https:\/\/rad-pal.com.pl\/sklep\/bez-kategorii\/organizer-bambusowy-z-szufladami-na-dokumenty-relaxdays-31cm-x-26cm-x-30cm\/#breadcrumb"},"inLanguage":"en-GB","potentialAction":[{"@type":"ReadAction","target":["https:\/\/rad-pal.com.pl\/sklep\/bez-kategorii\/organizer-bambusowy-z-szufladami-na-dokumenty-relaxdays-31cm-x-26cm-x-30cm\/"]}]},{"@type":"ImageObject","inLanguage":"en-GB","@id":"https:\/\/rad-pal.com.pl\/sklep\/bez-kategorii\/organizer-bambusowy-z-szufladami-na-dokumenty-relaxdays-31cm-x-26cm-x-30cm\/#primaryimage","url":"https:\/\/rad-pal.com.pl\/wp-content\/uploads\/2026\/02\/daea67d1b82678f3ed26e8c3910ada60.jpg","contentUrl":"https:\/\/rad-pal.com.pl\/wp-content\/uploads\/2026\/02\/daea67d1b82678f3ed26e8c3910ada60.jpg","width":2048,"height":2048,"caption":"5ba8b1fa7e765e30f427b9347749ec2c"},{"@type":"BreadcrumbList","@id":"https:\/\/rad-pal.com.pl\/sklep\/bez-kategorii\/organizer-bambusowy-z-szufladami-na-dokumenty-relaxdays-31cm-x-26cm-x-30cm\/#breadcrumb","itemListElement":[{"@type":"ListItem","position":1,"name":"Strona g\u0142\u00f3wna","item":"https:\/\/rad-pal.com.pl\/"},{"@type":"ListItem","position":2,"name":"Sklep","item":"https:\/\/rad-pal.com.pl\/sklep\/"},{"@type":"ListItem","position":3,"name":"Organizer bambusowy z szufladami na dokumenty Relaxdays 31cm x 26cm x 30cm"}]},{"@type":"WebSite","@id":"https:\/\/rad-pal.com.pl\/#website","url":"https:\/\/rad-pal.com.pl\/","name":"Rad-Pal","description":"","publisher":{"@id":"https:\/\/rad-pal.com.pl\/#organization"},"potentialAction":[{"@type":"SearchAction","target":{"@type":"EntryPoint","urlTemplate":"https:\/\/rad-pal.com.pl\/?s={search_term_string}"},"query-input":{"@type":"PropertyValueSpecification","valueRequired":true,"valueName":"search_term_string"}}],"inLanguage":"en-GB"},{"@type":"Organization","@id":"https:\/\/rad-pal.com.pl\/#organization","name":"Rad-Pal","url":"https:\/\/rad-pal.com.pl\/","logo":{"@type":"ImageObject","inLanguage":"en-GB","@id":"https:\/\/rad-pal.com.pl\/#\/schema\/logo\/image\/","url":"https:\/\/rad-pal.com.pl\/wp-content\/uploads\/2026\/03\/Projekt-bez-nazwy-30.webp","contentUrl":"https:\/\/rad-pal.com.pl\/wp-content\/uploads\/2026\/03\/Projekt-bez-nazwy-30.webp","width":600,"height":210,"caption":"Rad-Pal"},"image":{"@id":"https:\/\/rad-pal.com.pl\/#\/schema\/logo\/image\/"}}]}},"_links":{"self":[{"href":"https:\/\/rad-pal.com.pl\/en\/wp-json\/wp\/v2\/product\/30564","targetHints":{"allow":["GET"]}}],"collection":[{"href":"https:\/\/rad-pal.com.pl\/en\/wp-json\/wp\/v2\/product"}],"about":[{"href":"https:\/\/rad-pal.com.pl\/en\/wp-json\/wp\/v2\/types\/product"}],"version-history":[{"count":0,"href":"https:\/\/rad-pal.com.pl\/en\/wp-json\/wp\/v2\/product\/30564\/revisions"}],"wp:featuredmedia":[{"embeddable":true,"href":"https:\/\/rad-pal.com.pl\/en\/wp-json\/wp\/v2\/media\/30558"}],"wp:attachment":[{"href":"https:\/\/rad-pal.com.pl\/en\/wp-json\/wp\/v2\/media?parent=30564"}],"wp:term":[{"taxonomy":"product_brand","embeddable":true,"href":"https:\/\/rad-pal.com.pl\/en\/wp-json\/wp\/v2\/product_brand?post=30564"},{"taxonomy":"product_cat","embeddable":true,"href":"https:\/\/rad-pal.com.pl\/en\/wp-json\/wp\/v2\/product_cat?post=30564"},{"taxonomy":"product_tag","embeddable":true,"href":"https:\/\/rad-pal.com.pl\/en\/wp-json\/wp\/v2\/product_tag?post=30564"}],"curies":[{"name":"wp","href":"https:\/\/api.w.org\/{rel}","templated":true}]}}