{"id":30663,"date":"2026-02-19T14:17:02","date_gmt":"2026-02-19T13:17:02","guid":{"rendered":"https:\/\/rad-pal.com.pl\/sklep\/bez-kategorii\/pokrowiec-zestaw-lotek-zestaw-rakiet-relaxdays-0\/"},"modified":"2026-02-19T14:39:57","modified_gmt":"2026-02-19T13:39:57","slug":"pokrowiec-zestaw-lotek-zestaw-rakiet-relaxdays-0","status":"publish","type":"product","link":"https:\/\/rad-pal.com.pl\/en\/sklep\/sport-i-turystyka\/tenis-i-pokrewne\/badminton\/pokrowiec-zestaw-lotek-zestaw-rakiet-relaxdays-0\/","title":{"rendered":"Pokrowiec, zestaw lotek, zestaw rakiet Relaxdays 0"},"content":{"rendered":"<section class=\"section\">\n<div class=\"item item-12\">\n<section class=\"text-item\">\n<h2>\u2b50\ufe0fZESTAW DO BADMINTONA Z TORB\u0104 13 CZ\u0118\u015aCIOWY RAKIETKI DO GRY<\/h2>\n<\/section><\/div>\n<\/section>\n<section class=\"section\">\n<div class=\"item item-6\">\n<section class=\"image-item\"><img decoding=\"async\" src=\"https:\/\/upload.cdn.baselinker.com\/products\/6014502\/5de399eefe286e26740ea70e06d09b05.jpg\" \/><\/section>\n<\/p><\/div>\n<div class=\"item item-6\">\n<section class=\"text-item\">\n<h2>\u2b50\ufe0fZestaw rakietek do ekscytuj\u0105cych mecz\u00f3w<\/h2>\n<p>\u2705Rozgrywaj ekscytuj\u0105ce mecze badmintona w ogrodzie dzi\u0119ki temu zestawowi rakiet do badmintona.<\/p>\n<p>\u2705Lekkie 2 rakiety do badmintona s\u0105 odpowiednie dla dzieci i doros\u0142ych, dzi\u0119ki czemu zapewniaj\u0105 \u015bwietn\u0105 zabaw\u0119 rekreacyjn\u0105 dla ca\u0142ej rodziny.<\/p>\n<p>\u2705Dzi\u0119ki do\u0142\u0105czonym 10 lotkom gra mo\u017ce rozpocz\u0105\u0107 si\u0119 natychmiast.<\/p>\n<p>\u2705Torba do przenoszenia pozwala \u0142atwo zabra\u0107 ze sob\u0105 rakiety do badmintona.<\/p>\n<p>\u2705Mo\u017cesz tak\u017ce gra\u0107 w badmintona w parku lub na pla\u017cy.<\/p>\n<\/section><\/div>\n<\/section>\n<section class=\"section\">\n<div class=\"item item-6\">\n<section class=\"image-item\"><img decoding=\"async\" src=\"https:\/\/upload.cdn.baselinker.com\/products\/6014502\/68a52f06725eeec496c304b1c321c4fb.jpg\" \/><\/section>\n<\/p><\/div>\n<div class=\"item item-6\">\n<section class=\"text-item\">\n<h2>\u2b50\ufe0fZestaw rakiet do badmintona z torb\u0105<\/h2>\n<p><b>\u2705<\/b>13-cz\u0119\u015bciowy zestaw do badmintona na ekscytuj\u0105ce mecze z ca\u0142\u0105 rodzin\u0105<\/p>\n<p><b>\u2705<\/b>Z 2 lekkimi i por\u0119cznymi rakietami dla dzieci i doros\u0142ych<\/p>\n<p><b>\u2705<\/b>Mo\u017cliwo\u015b\u0107 natychmiastowego rozpocz\u0119cia gry w badmintona dzi\u0119ki 10 do\u0142\u0105czonym lotkom<\/p>\n<p><b>\u2705<\/b>Praktyczna torba na rakietki do gry w parku, na pla\u017cy i nie tylko.<\/p>\n<p><b>\u2705<\/b>Doskona\u0142a zabawa rekreacyjna dla pocz\u0105tkuj\u0105cych, zaawansowanych i profesjonalist\u00f3w<\/p>\n<\/section><\/div>\n<\/section>\n<section class=\"section\">\n<div class=\"item item-12\">\n<section class=\"text-item\">\n<h2>\u2b50\ufe0fSzczeg\u00f3\u0142owy zestaw do badmintona<\/h2>\n<p><b>\u2705<\/b>Wymiary rakiety wys. x szer. x g\u0142.: ok. 66 x 20 x 2,5 cm, ok. 100 g<\/p>\n<p><b>\u2705<\/b>Powierzchnia uderzeniowa wys. x szer.: ok. 23 x 19 cm<\/p>\n<p><b>\u2705<\/b>Wymiary pi\u0142ki wys. x g\u0142\u0119b.: ok. 8,5 x 6,5 cm, ok. 5 g<\/p>\n<p><b>\u2705<\/b>Wymiary torby wys. x szer.: ok. 50 x 22 cm, ok. 40 g<\/p>\n<p><b>\u2705<\/b>Materia\u0142: \u017celazo, nylon, korek<\/p>\n<p><b>\u2705<\/b>Kolor: czarny, bia\u0142y<\/p>\n<h2>Sk\u0142ad Materia\u0142u<\/h2>\n<ul>\n<li>70% \u017celazo<\/li>\n<li>20% nylon<\/li>\n<li>10% korek<\/li>\n<\/ul>\n<\/section><\/div>\n<\/section>\n<section class=\"section\">\n<div class=\"item item-12\">\n<section class=\"text-item\">\n<p>15<\/p>\n<\/section><\/div>\n<\/section>","protected":false},"excerpt":{"rendered":"<p>\u2b50\ufe0fZESTAW DO BADMINTONA Z TORB\u0104 13 CZ\u0118\u015aCIOWY RAKIETKI DO GRY \u2b50\ufe0fZestaw rakietek do ekscytuj\u0105cych mecz\u00f3w \u2705Rozgrywaj ekscytuj\u0105ce mecze badmintona w<\/p>","protected":false},"featured_media":30661,"template":"","meta":[],"product_brand":[],"product_cat":[313,76,312],"product_tag":[],"class_list":{"0":"post-30663","1":"product","2":"type-product","3":"status-publish","4":"has-post-thumbnail","6":"product_cat-badminton","7":"product_cat-sport-i-turystyka","8":"product_cat-tenis-i-pokrewne","10":"first","11":"instock","12":"taxable","13":"shipping-taxable","14":"purchasable","15":"product-type-simple"},"yoast_head":"<!-- This site is optimized with the Yoast SEO plugin v25.7 - https:\/\/yoast.com\/wordpress\/plugins\/seo\/ -->\n<title>Pokrowiec, zestaw lotek, zestaw rakiet Relaxdays 0 - Rad-Pal<\/title>\n<meta name=\"robots\" content=\"index, follow, max-snippet:-1, max-image-preview:large, max-video-preview:-1\" \/>\n<link rel=\"canonical\" href=\"https:\/\/rad-pal.com.pl\/en\/sklep\/bez-kategorii\/pokrowiec-zestaw-lotek-zestaw-rakiet-relaxdays-0\/\" \/>\n<meta property=\"og:locale\" content=\"en_GB\" \/>\n<meta property=\"og:type\" content=\"article\" \/>\n<meta property=\"og:title\" content=\"Pokrowiec, zestaw lotek, zestaw rakiet Relaxdays 0 - Rad-Pal\" \/>\n<meta property=\"og:description\" content=\"\u2b50\ufe0fZESTAW DO BADMINTONA Z TORB\u0104 13 CZ\u0118\u015aCIOWY RAKIETKI DO GRY \u2b50\ufe0fZestaw rakietek do ekscytuj\u0105cych mecz\u00f3w \u2705Rozgrywaj ekscytuj\u0105ce mecze badmintona w\" \/>\n<meta property=\"og:url\" content=\"https:\/\/rad-pal.com.pl\/en\/sklep\/bez-kategorii\/pokrowiec-zestaw-lotek-zestaw-rakiet-relaxdays-0\/\" \/>\n<meta property=\"og:site_name\" content=\"Rad-Pal\" \/>\n<meta property=\"article:modified_time\" content=\"2026-02-19T13:39:57+00:00\" \/>\n<meta property=\"og:image\" content=\"https:\/\/upload.cdn.baselinker.com\/products\/6014502\/5de399eefe286e26740ea70e06d09b05.jpg\" \/>\n<meta name=\"twitter:card\" content=\"summary_large_image\" \/>\n<meta name=\"twitter:label1\" content=\"Estimated reading time\" \/>\n\t<meta name=\"twitter:data1\" content=\"1 minute\" \/>\n<script type=\"application\/ld+json\" class=\"yoast-schema-graph\">{\"@context\":\"https:\/\/schema.org\",\"@graph\":[{\"@type\":\"WebPage\",\"@id\":\"https:\/\/rad-pal.com.pl\/sklep\/bez-kategorii\/pokrowiec-zestaw-lotek-zestaw-rakiet-relaxdays-0\/\",\"url\":\"https:\/\/rad-pal.com.pl\/sklep\/bez-kategorii\/pokrowiec-zestaw-lotek-zestaw-rakiet-relaxdays-0\/\",\"name\":\"Pokrowiec, zestaw lotek, zestaw rakiet Relaxdays 0 - Rad-Pal\",\"isPartOf\":{\"@id\":\"https:\/\/rad-pal.com.pl\/#website\"},\"primaryImageOfPage\":{\"@id\":\"https:\/\/rad-pal.com.pl\/sklep\/bez-kategorii\/pokrowiec-zestaw-lotek-zestaw-rakiet-relaxdays-0\/#primaryimage\"},\"image\":{\"@id\":\"https:\/\/rad-pal.com.pl\/sklep\/bez-kategorii\/pokrowiec-zestaw-lotek-zestaw-rakiet-relaxdays-0\/#primaryimage\"},\"thumbnailUrl\":\"https:\/\/rad-pal.com.pl\/wp-content\/uploads\/2026\/02\/5de399eefe286e26740ea70e06d09b05.jpg\",\"datePublished\":\"2026-02-19T13:17:02+00:00\",\"dateModified\":\"2026-02-19T13:39:57+00:00\",\"breadcrumb\":{\"@id\":\"https:\/\/rad-pal.com.pl\/sklep\/bez-kategorii\/pokrowiec-zestaw-lotek-zestaw-rakiet-relaxdays-0\/#breadcrumb\"},\"inLanguage\":\"en-GB\",\"potentialAction\":[{\"@type\":\"ReadAction\",\"target\":[\"https:\/\/rad-pal.com.pl\/sklep\/bez-kategorii\/pokrowiec-zestaw-lotek-zestaw-rakiet-relaxdays-0\/\"]}]},{\"@type\":\"ImageObject\",\"inLanguage\":\"en-GB\",\"@id\":\"https:\/\/rad-pal.com.pl\/sklep\/bez-kategorii\/pokrowiec-zestaw-lotek-zestaw-rakiet-relaxdays-0\/#primaryimage\",\"url\":\"https:\/\/rad-pal.com.pl\/wp-content\/uploads\/2026\/02\/5de399eefe286e26740ea70e06d09b05.jpg\",\"contentUrl\":\"https:\/\/rad-pal.com.pl\/wp-content\/uploads\/2026\/02\/5de399eefe286e26740ea70e06d09b05.jpg\",\"width\":681,\"height\":681,\"caption\":\"304798b650fbc16490f1ccd9a4ad0e43\"},{\"@type\":\"BreadcrumbList\",\"@id\":\"https:\/\/rad-pal.com.pl\/sklep\/bez-kategorii\/pokrowiec-zestaw-lotek-zestaw-rakiet-relaxdays-0\/#breadcrumb\",\"itemListElement\":[{\"@type\":\"ListItem\",\"position\":1,\"name\":\"Strona g\u0142\u00f3wna\",\"item\":\"https:\/\/rad-pal.com.pl\/\"},{\"@type\":\"ListItem\",\"position\":2,\"name\":\"Sklep\",\"item\":\"https:\/\/rad-pal.com.pl\/sklep\/\"},{\"@type\":\"ListItem\",\"position\":3,\"name\":\"Pokrowiec, zestaw lotek, zestaw rakiet Relaxdays 0\"}]},{\"@type\":\"WebSite\",\"@id\":\"https:\/\/rad-pal.com.pl\/#website\",\"url\":\"https:\/\/rad-pal.com.pl\/\",\"name\":\"Rad-Pal\",\"description\":\"\",\"publisher\":{\"@id\":\"https:\/\/rad-pal.com.pl\/#organization\"},\"potentialAction\":[{\"@type\":\"SearchAction\",\"target\":{\"@type\":\"EntryPoint\",\"urlTemplate\":\"https:\/\/rad-pal.com.pl\/?s={search_term_string}\"},\"query-input\":{\"@type\":\"PropertyValueSpecification\",\"valueRequired\":true,\"valueName\":\"search_term_string\"}}],\"inLanguage\":\"en-GB\"},{\"@type\":\"Organization\",\"@id\":\"https:\/\/rad-pal.com.pl\/#organization\",\"name\":\"Rad-Pal\",\"url\":\"https:\/\/rad-pal.com.pl\/\",\"logo\":{\"@type\":\"ImageObject\",\"inLanguage\":\"en-GB\",\"@id\":\"https:\/\/rad-pal.com.pl\/#\/schema\/logo\/image\/\",\"url\":\"https:\/\/rad-pal.com.pl\/wp-content\/uploads\/2026\/03\/Projekt-bez-nazwy-30.webp\",\"contentUrl\":\"https:\/\/rad-pal.com.pl\/wp-content\/uploads\/2026\/03\/Projekt-bez-nazwy-30.webp\",\"width\":600,\"height\":210,\"caption\":\"Rad-Pal\"},\"image\":{\"@id\":\"https:\/\/rad-pal.com.pl\/#\/schema\/logo\/image\/\"}}]}<\/script>\n<!-- \/ Yoast SEO plugin. -->","yoast_head_json":{"title":"Pokrowiec, zestaw lotek, zestaw rakiet Relaxdays 0 - Rad-Pal","robots":{"index":"index","follow":"follow","max-snippet":"max-snippet:-1","max-image-preview":"max-image-preview:large","max-video-preview":"max-video-preview:-1"},"canonical":"https:\/\/rad-pal.com.pl\/en\/sklep\/bez-kategorii\/pokrowiec-zestaw-lotek-zestaw-rakiet-relaxdays-0\/","og_locale":"en_GB","og_type":"article","og_title":"Pokrowiec, zestaw lotek, zestaw rakiet Relaxdays 0 - Rad-Pal","og_description":"\u2b50\ufe0fZESTAW DO BADMINTONA Z TORB\u0104 13 CZ\u0118\u015aCIOWY RAKIETKI DO GRY \u2b50\ufe0fZestaw rakietek do ekscytuj\u0105cych mecz\u00f3w \u2705Rozgrywaj ekscytuj\u0105ce mecze badmintona w","og_url":"https:\/\/rad-pal.com.pl\/en\/sklep\/bez-kategorii\/pokrowiec-zestaw-lotek-zestaw-rakiet-relaxdays-0\/","og_site_name":"Rad-Pal","article_modified_time":"2026-02-19T13:39:57+00:00","og_image":[{"url":"https:\/\/upload.cdn.baselinker.com\/products\/6014502\/5de399eefe286e26740ea70e06d09b05.jpg","type":"","width":"","height":""}],"twitter_card":"summary_large_image","twitter_misc":{"Estimated reading time":"1 minute"},"schema":{"@context":"https:\/\/schema.org","@graph":[{"@type":"WebPage","@id":"https:\/\/rad-pal.com.pl\/sklep\/bez-kategorii\/pokrowiec-zestaw-lotek-zestaw-rakiet-relaxdays-0\/","url":"https:\/\/rad-pal.com.pl\/sklep\/bez-kategorii\/pokrowiec-zestaw-lotek-zestaw-rakiet-relaxdays-0\/","name":"Pokrowiec, zestaw lotek, zestaw rakiet Relaxdays 0 - Rad-Pal","isPartOf":{"@id":"https:\/\/rad-pal.com.pl\/#website"},"primaryImageOfPage":{"@id":"https:\/\/rad-pal.com.pl\/sklep\/bez-kategorii\/pokrowiec-zestaw-lotek-zestaw-rakiet-relaxdays-0\/#primaryimage"},"image":{"@id":"https:\/\/rad-pal.com.pl\/sklep\/bez-kategorii\/pokrowiec-zestaw-lotek-zestaw-rakiet-relaxdays-0\/#primaryimage"},"thumbnailUrl":"https:\/\/rad-pal.com.pl\/wp-content\/uploads\/2026\/02\/5de399eefe286e26740ea70e06d09b05.jpg","datePublished":"2026-02-19T13:17:02+00:00","dateModified":"2026-02-19T13:39:57+00:00","breadcrumb":{"@id":"https:\/\/rad-pal.com.pl\/sklep\/bez-kategorii\/pokrowiec-zestaw-lotek-zestaw-rakiet-relaxdays-0\/#breadcrumb"},"inLanguage":"en-GB","potentialAction":[{"@type":"ReadAction","target":["https:\/\/rad-pal.com.pl\/sklep\/bez-kategorii\/pokrowiec-zestaw-lotek-zestaw-rakiet-relaxdays-0\/"]}]},{"@type":"ImageObject","inLanguage":"en-GB","@id":"https:\/\/rad-pal.com.pl\/sklep\/bez-kategorii\/pokrowiec-zestaw-lotek-zestaw-rakiet-relaxdays-0\/#primaryimage","url":"https:\/\/rad-pal.com.pl\/wp-content\/uploads\/2026\/02\/5de399eefe286e26740ea70e06d09b05.jpg","contentUrl":"https:\/\/rad-pal.com.pl\/wp-content\/uploads\/2026\/02\/5de399eefe286e26740ea70e06d09b05.jpg","width":681,"height":681,"caption":"304798b650fbc16490f1ccd9a4ad0e43"},{"@type":"BreadcrumbList","@id":"https:\/\/rad-pal.com.pl\/sklep\/bez-kategorii\/pokrowiec-zestaw-lotek-zestaw-rakiet-relaxdays-0\/#breadcrumb","itemListElement":[{"@type":"ListItem","position":1,"name":"Strona g\u0142\u00f3wna","item":"https:\/\/rad-pal.com.pl\/"},{"@type":"ListItem","position":2,"name":"Sklep","item":"https:\/\/rad-pal.com.pl\/sklep\/"},{"@type":"ListItem","position":3,"name":"Pokrowiec, zestaw lotek, zestaw rakiet Relaxdays 0"}]},{"@type":"WebSite","@id":"https:\/\/rad-pal.com.pl\/#website","url":"https:\/\/rad-pal.com.pl\/","name":"Rad-Pal","description":"","publisher":{"@id":"https:\/\/rad-pal.com.pl\/#organization"},"potentialAction":[{"@type":"SearchAction","target":{"@type":"EntryPoint","urlTemplate":"https:\/\/rad-pal.com.pl\/?s={search_term_string}"},"query-input":{"@type":"PropertyValueSpecification","valueRequired":true,"valueName":"search_term_string"}}],"inLanguage":"en-GB"},{"@type":"Organization","@id":"https:\/\/rad-pal.com.pl\/#organization","name":"Rad-Pal","url":"https:\/\/rad-pal.com.pl\/","logo":{"@type":"ImageObject","inLanguage":"en-GB","@id":"https:\/\/rad-pal.com.pl\/#\/schema\/logo\/image\/","url":"https:\/\/rad-pal.com.pl\/wp-content\/uploads\/2026\/03\/Projekt-bez-nazwy-30.webp","contentUrl":"https:\/\/rad-pal.com.pl\/wp-content\/uploads\/2026\/03\/Projekt-bez-nazwy-30.webp","width":600,"height":210,"caption":"Rad-Pal"},"image":{"@id":"https:\/\/rad-pal.com.pl\/#\/schema\/logo\/image\/"}}]}},"_links":{"self":[{"href":"https:\/\/rad-pal.com.pl\/en\/wp-json\/wp\/v2\/product\/30663","targetHints":{"allow":["GET"]}}],"collection":[{"href":"https:\/\/rad-pal.com.pl\/en\/wp-json\/wp\/v2\/product"}],"about":[{"href":"https:\/\/rad-pal.com.pl\/en\/wp-json\/wp\/v2\/types\/product"}],"version-history":[{"count":0,"href":"https:\/\/rad-pal.com.pl\/en\/wp-json\/wp\/v2\/product\/30663\/revisions"}],"wp:featuredmedia":[{"embeddable":true,"href":"https:\/\/rad-pal.com.pl\/en\/wp-json\/wp\/v2\/media\/30661"}],"wp:attachment":[{"href":"https:\/\/rad-pal.com.pl\/en\/wp-json\/wp\/v2\/media?parent=30663"}],"wp:term":[{"taxonomy":"product_brand","embeddable":true,"href":"https:\/\/rad-pal.com.pl\/en\/wp-json\/wp\/v2\/product_brand?post=30663"},{"taxonomy":"product_cat","embeddable":true,"href":"https:\/\/rad-pal.com.pl\/en\/wp-json\/wp\/v2\/product_cat?post=30663"},{"taxonomy":"product_tag","embeddable":true,"href":"https:\/\/rad-pal.com.pl\/en\/wp-json\/wp\/v2\/product_tag?post=30663"}],"curies":[{"name":"wp","href":"https:\/\/api.w.org\/{rel}","templated":true}]}}