{"id":30727,"date":"2026-02-19T14:20:06","date_gmt":"2026-02-19T13:20:06","guid":{"rendered":"https:\/\/rad-pal.com.pl\/sklep\/bez-kategorii\/relaxdays-pudelko-do-przechowywania-z-pokrywka\/"},"modified":"2026-02-19T14:40:37","modified_gmt":"2026-02-19T13:40:37","slug":"relaxdays-pudelko-do-przechowywania-z-pokrywka","status":"publish","type":"product","link":"https:\/\/rad-pal.com.pl\/en\/sklep\/dziecko\/pokoj-dzieciecy\/wyposazenie-pokoj-dzieciecy\/dekoracje-i-ozdoby\/pudelka-dekoracje-i-ozdoby\/relaxdays-pudelko-do-przechowywania-z-pokrywka\/","title":{"rendered":"RELAXDAYS PUDE\u0141KO DO PRZECHOWYWANIA Z POKRYWK\u0104"},"content":{"rendered":"<section class=\"section\">\n<div class=\"item item-12\">\n<section class=\"text-item\">\n<h2>_________________________________________________________________________________<\/h2>\n<h2>RELAXDAYS &#8211; POJEMNIK NA ZABAWKI I PUFA DLA DZIECI W\u00d3Z STRA\u017bACKI<\/h2>\n<\/section><\/div>\n<\/section>\n<section class=\"section\">\n<div class=\"item item-6\">\n<section class=\"image-item\"><img decoding=\"async\" src=\"https:\/\/upload.cdn.baselinker.com\/products\/6014502\/ab2eb3e6b5f48567a96b8fd2237874f6.jpg\" \/><\/section>\n<\/p><\/div>\n<div class=\"item item-6\">\n<section class=\"text-item\">\n<ul>\n<li>Uroczy design<\/li>\n<li>R\u00f3\u017cne motywy graficzne<\/li>\n<li>Do przechowywania zabawek<\/li>\n<li>Dla dziewczynek i ch\u0142opc\u00f3w<\/li>\n<li>Dodatkowa przegroda<\/li>\n<\/ul>\n<\/section><\/div>\n<\/section>\n<section class=\"section\">\n<div class=\"item item-6\">\n<section class=\"text-item\">\n<h2>Sk\u0142adana pufa dzieci\u0119ca do siedzenia i przechowywania<\/h2>\n<p>Nasz pojemnik na zabawki pomo\u017ce Ci zaprowadzi\u0107 porz\u0105dek w pokoju dzieci\u0119cym. Pojemny schowek tej sk\u0142adanej pufy dla dzieci nadaje si\u0119 do przechowywania maskotek, klock\u00f3w i innych zabawek. Jej dodatkowa przegroda to natomiast \u015bwietnie miejsce na przechowywanie drobnych przedmiot\u00f3w. Nasza skrzynia na zabawki z pewno\u015bci\u0105 zaskoczy Twoje pociechy. Dzi\u0119ki jej zabawnym motywom graficznym sprz\u0105tanie w pokoju dzieci\u0119cym stanie si\u0119 prawdziw\u0105 frajd\u0105. Wszystko pochowane? Wykorzystaj ten pojemnik do przechowywania jako puf\u0119 do siedzenia! W razie potrzeby ten taboret i pude\u0142ko w jednym mo\u017cesz z\u0142o\u017cy\u0107 i schowa\u0107.<\/p>\n<\/section><\/div>\n<div class=\"item item-6\">\n<section class=\"image-item\"><img decoding=\"async\" src=\"https:\/\/upload.cdn.baselinker.com\/products\/6014502\/788347cd86c3fac93728ccb2d57cda21.jpg\" \/><\/section>\n<\/p><\/div>\n<\/section>\n<section class=\"section\">\n<div class=\"item item-6\">\n<section class=\"image-item\"><img decoding=\"async\" src=\"https:\/\/upload.cdn.baselinker.com\/products\/6014502\/3eb176d88e68b26b68094434271a6dcc.jpg\" \/><\/section>\n<\/p><\/div>\n<div class=\"item item-6\">\n<section class=\"text-item\">\n<h2>Pufa dla dzieci ze schowkiem<\/h2>\n<ul>\n<li>Mebel do przechowywania i siedzenia w pokoju dzieci\u0119cym<\/li>\n<li>Motywy graficzne dla ch\u0142opc\u00f3w i dziewczynek<\/li>\n<li>Pokrywa pozwalaj\u0105ca ukry\u0107 zawarto\u015b\u0107 schowka<\/li>\n<li>Dodatkowa przegroda na niewielkie przedmioty<\/li>\n<li>Mo\u017cliwo\u015b\u0107 kompaktowego z\u0142o\u017cenia<\/li>\n<\/ul>\n<\/section><\/div>\n<\/section>\n<section class=\"section\">\n<div class=\"item item-12\">\n<section class=\"image-item\"><img decoding=\"async\" src=\"https:\/\/upload.cdn.baselinker.com\/products\/6014502\/85e425348c6f53cb83e767015244a46f.jpg\" \/><\/section>\n<\/p><\/div>\n<\/section>\n<section class=\"section\">\n<div class=\"item item-6\">\n<section class=\"text-item\">\n<h2>Pojemnik na zabawki w szczeg\u00f3\u0142ach<\/h2>\n<ul>\n<li>Wymiary ca\u0142kowite: ok. 33 x 27 x 56 cm (wys. x szer. x d\u0142.)<\/li>\n<li>Wymiary po z\u0142o\u017ceniu: ok. 4 x 32 x 62 cm (wys. x szer. x d\u0142.)<\/li>\n<li>Waga: ok. 1,5 kg<\/li>\n<li>Obci\u0105\u017cenie maksymalne: ok. 80 kg<\/li>\n<li>Materia\u0142y: poliester, tektura i MDF<\/li>\n<li>R\u00f3\u017cne motywy graficzne<\/li>\n<\/ul>\n<\/section><\/div>\n<div class=\"item item-6\">\n<section class=\"image-item\"><img decoding=\"async\" src=\"https:\/\/upload.cdn.baselinker.com\/products\/6014502\/e98b0bf63eab0eb5864b166fad61493b.jpg\" \/><\/section>\n<\/p><\/div>\n<\/section>\n<section class=\"section\">\n<div class=\"item item-12\">\n<section class=\"text-item\">\n<h2>Sk\u0142ad Materia\u0142u<\/h2>\n<ul>\n<li>70% poliester<\/li>\n<li>20% tektura<\/li>\n<li>10% p\u0142yta pil\u015bniowa<\/li>\n<\/ul>\n<\/section><\/div>\n<\/section>\n<section class=\"section\">\n<div class=\"item item-12\">\n<section class=\"text-item\">\n<p>6<\/p>\n<\/section><\/div>\n<\/section>","protected":false},"excerpt":{"rendered":"<p>_________________________________________________________________________________ RELAXDAYS &#8211; POJEMNIK NA ZABAWKI I PUFA DLA DZIECI W\u00d3Z STRA\u017bACKI Uroczy design R\u00f3\u017cne motywy graficzne Do przechowywania zabawek<\/p>","protected":false},"featured_media":30721,"template":"","meta":[],"product_brand":[],"product_cat":[186,81,159,318,185],"product_tag":[],"class_list":{"0":"post-30727","1":"product","2":"type-product","3":"status-publish","4":"has-post-thumbnail","6":"product_cat-dekoracje-i-ozdoby","7":"product_cat-dziecko","8":"product_cat-pokoj-dzieciecy","9":"product_cat-pudelka-dekoracje-i-ozdoby","10":"product_cat-wyposazenie-pokoj-dzieciecy","12":"first","13":"instock","14":"taxable","15":"shipping-taxable","16":"purchasable","17":"product-type-simple"},"yoast_head":"<!-- This site is optimized with the Yoast SEO plugin v25.7 - https:\/\/yoast.com\/wordpress\/plugins\/seo\/ -->\n<title>RELAXDAYS PUDE\u0141KO DO PRZECHOWYWANIA Z POKRYWK\u0104 - Rad-Pal<\/title>\n<meta name=\"robots\" content=\"index, follow, max-snippet:-1, max-image-preview:large, max-video-preview:-1\" \/>\n<link rel=\"canonical\" href=\"https:\/\/rad-pal.com.pl\/en\/sklep\/bez-kategorii\/relaxdays-pudelko-do-przechowywania-z-pokrywka\/\" \/>\n<meta property=\"og:locale\" content=\"en_GB\" \/>\n<meta property=\"og:type\" content=\"article\" \/>\n<meta property=\"og:title\" content=\"RELAXDAYS PUDE\u0141KO DO PRZECHOWYWANIA Z POKRYWK\u0104 - Rad-Pal\" \/>\n<meta property=\"og:description\" content=\"_________________________________________________________________________________ RELAXDAYS &#8211; POJEMNIK NA ZABAWKI I PUFA DLA DZIECI W\u00d3Z STRA\u017bACKI Uroczy design R\u00f3\u017cne motywy graficzne Do przechowywania zabawek\" \/>\n<meta property=\"og:url\" content=\"https:\/\/rad-pal.com.pl\/en\/sklep\/bez-kategorii\/relaxdays-pudelko-do-przechowywania-z-pokrywka\/\" \/>\n<meta property=\"og:site_name\" content=\"Rad-Pal\" \/>\n<meta property=\"article:modified_time\" content=\"2026-02-19T13:40:37+00:00\" \/>\n<meta property=\"og:image\" content=\"https:\/\/upload.cdn.baselinker.com\/products\/6014502\/ab2eb3e6b5f48567a96b8fd2237874f6.jpg\" \/>\n<meta name=\"twitter:card\" content=\"summary_large_image\" \/>\n<meta name=\"twitter:label1\" content=\"Estimated reading time\" \/>\n\t<meta name=\"twitter:data1\" content=\"1 minute\" \/>\n<script type=\"application\/ld+json\" class=\"yoast-schema-graph\">{\"@context\":\"https:\/\/schema.org\",\"@graph\":[{\"@type\":\"WebPage\",\"@id\":\"https:\/\/rad-pal.com.pl\/sklep\/bez-kategorii\/relaxdays-pudelko-do-przechowywania-z-pokrywka\/\",\"url\":\"https:\/\/rad-pal.com.pl\/sklep\/bez-kategorii\/relaxdays-pudelko-do-przechowywania-z-pokrywka\/\",\"name\":\"RELAXDAYS PUDE\u0141KO DO PRZECHOWYWANIA Z POKRYWK\u0104 - Rad-Pal\",\"isPartOf\":{\"@id\":\"https:\/\/rad-pal.com.pl\/#website\"},\"primaryImageOfPage\":{\"@id\":\"https:\/\/rad-pal.com.pl\/sklep\/bez-kategorii\/relaxdays-pudelko-do-przechowywania-z-pokrywka\/#primaryimage\"},\"image\":{\"@id\":\"https:\/\/rad-pal.com.pl\/sklep\/bez-kategorii\/relaxdays-pudelko-do-przechowywania-z-pokrywka\/#primaryimage\"},\"thumbnailUrl\":\"https:\/\/rad-pal.com.pl\/wp-content\/uploads\/2026\/02\/ab2eb3e6b5f48567a96b8fd2237874f6.jpg\",\"datePublished\":\"2026-02-19T13:20:06+00:00\",\"dateModified\":\"2026-02-19T13:40:37+00:00\",\"breadcrumb\":{\"@id\":\"https:\/\/rad-pal.com.pl\/sklep\/bez-kategorii\/relaxdays-pudelko-do-przechowywania-z-pokrywka\/#breadcrumb\"},\"inLanguage\":\"en-GB\",\"potentialAction\":[{\"@type\":\"ReadAction\",\"target\":[\"https:\/\/rad-pal.com.pl\/sklep\/bez-kategorii\/relaxdays-pudelko-do-przechowywania-z-pokrywka\/\"]}]},{\"@type\":\"ImageObject\",\"inLanguage\":\"en-GB\",\"@id\":\"https:\/\/rad-pal.com.pl\/sklep\/bez-kategorii\/relaxdays-pudelko-do-przechowywania-z-pokrywka\/#primaryimage\",\"url\":\"https:\/\/rad-pal.com.pl\/wp-content\/uploads\/2026\/02\/ab2eb3e6b5f48567a96b8fd2237874f6.jpg\",\"contentUrl\":\"https:\/\/rad-pal.com.pl\/wp-content\/uploads\/2026\/02\/ab2eb3e6b5f48567a96b8fd2237874f6.jpg\",\"width\":400,\"height\":387,\"caption\":\"40c557e4b0b2306deb140377d3e91293\"},{\"@type\":\"BreadcrumbList\",\"@id\":\"https:\/\/rad-pal.com.pl\/sklep\/bez-kategorii\/relaxdays-pudelko-do-przechowywania-z-pokrywka\/#breadcrumb\",\"itemListElement\":[{\"@type\":\"ListItem\",\"position\":1,\"name\":\"Strona g\u0142\u00f3wna\",\"item\":\"https:\/\/rad-pal.com.pl\/\"},{\"@type\":\"ListItem\",\"position\":2,\"name\":\"Sklep\",\"item\":\"https:\/\/rad-pal.com.pl\/sklep\/\"},{\"@type\":\"ListItem\",\"position\":3,\"name\":\"RELAXDAYS PUDE\u0141KO DO PRZECHOWYWANIA Z POKRYWK\u0104\"}]},{\"@type\":\"WebSite\",\"@id\":\"https:\/\/rad-pal.com.pl\/#website\",\"url\":\"https:\/\/rad-pal.com.pl\/\",\"name\":\"Rad-Pal\",\"description\":\"\",\"publisher\":{\"@id\":\"https:\/\/rad-pal.com.pl\/#organization\"},\"potentialAction\":[{\"@type\":\"SearchAction\",\"target\":{\"@type\":\"EntryPoint\",\"urlTemplate\":\"https:\/\/rad-pal.com.pl\/?s={search_term_string}\"},\"query-input\":{\"@type\":\"PropertyValueSpecification\",\"valueRequired\":true,\"valueName\":\"search_term_string\"}}],\"inLanguage\":\"en-GB\"},{\"@type\":\"Organization\",\"@id\":\"https:\/\/rad-pal.com.pl\/#organization\",\"name\":\"Rad-Pal\",\"url\":\"https:\/\/rad-pal.com.pl\/\",\"logo\":{\"@type\":\"ImageObject\",\"inLanguage\":\"en-GB\",\"@id\":\"https:\/\/rad-pal.com.pl\/#\/schema\/logo\/image\/\",\"url\":\"https:\/\/rad-pal.com.pl\/wp-content\/uploads\/2026\/03\/Projekt-bez-nazwy-30.webp\",\"contentUrl\":\"https:\/\/rad-pal.com.pl\/wp-content\/uploads\/2026\/03\/Projekt-bez-nazwy-30.webp\",\"width\":600,\"height\":210,\"caption\":\"Rad-Pal\"},\"image\":{\"@id\":\"https:\/\/rad-pal.com.pl\/#\/schema\/logo\/image\/\"}}]}<\/script>\n<!-- \/ Yoast SEO plugin. -->","yoast_head_json":{"title":"RELAXDAYS PUDE\u0141KO DO PRZECHOWYWANIA Z POKRYWK\u0104 - Rad-Pal","robots":{"index":"index","follow":"follow","max-snippet":"max-snippet:-1","max-image-preview":"max-image-preview:large","max-video-preview":"max-video-preview:-1"},"canonical":"https:\/\/rad-pal.com.pl\/en\/sklep\/bez-kategorii\/relaxdays-pudelko-do-przechowywania-z-pokrywka\/","og_locale":"en_GB","og_type":"article","og_title":"RELAXDAYS PUDE\u0141KO DO PRZECHOWYWANIA Z POKRYWK\u0104 - Rad-Pal","og_description":"_________________________________________________________________________________ RELAXDAYS &#8211; POJEMNIK NA ZABAWKI I PUFA DLA DZIECI W\u00d3Z STRA\u017bACKI Uroczy design R\u00f3\u017cne motywy graficzne Do przechowywania zabawek","og_url":"https:\/\/rad-pal.com.pl\/en\/sklep\/bez-kategorii\/relaxdays-pudelko-do-przechowywania-z-pokrywka\/","og_site_name":"Rad-Pal","article_modified_time":"2026-02-19T13:40:37+00:00","og_image":[{"url":"https:\/\/upload.cdn.baselinker.com\/products\/6014502\/ab2eb3e6b5f48567a96b8fd2237874f6.jpg","type":"","width":"","height":""}],"twitter_card":"summary_large_image","twitter_misc":{"Estimated reading time":"1 minute"},"schema":{"@context":"https:\/\/schema.org","@graph":[{"@type":"WebPage","@id":"https:\/\/rad-pal.com.pl\/sklep\/bez-kategorii\/relaxdays-pudelko-do-przechowywania-z-pokrywka\/","url":"https:\/\/rad-pal.com.pl\/sklep\/bez-kategorii\/relaxdays-pudelko-do-przechowywania-z-pokrywka\/","name":"RELAXDAYS PUDE\u0141KO DO PRZECHOWYWANIA Z POKRYWK\u0104 - Rad-Pal","isPartOf":{"@id":"https:\/\/rad-pal.com.pl\/#website"},"primaryImageOfPage":{"@id":"https:\/\/rad-pal.com.pl\/sklep\/bez-kategorii\/relaxdays-pudelko-do-przechowywania-z-pokrywka\/#primaryimage"},"image":{"@id":"https:\/\/rad-pal.com.pl\/sklep\/bez-kategorii\/relaxdays-pudelko-do-przechowywania-z-pokrywka\/#primaryimage"},"thumbnailUrl":"https:\/\/rad-pal.com.pl\/wp-content\/uploads\/2026\/02\/ab2eb3e6b5f48567a96b8fd2237874f6.jpg","datePublished":"2026-02-19T13:20:06+00:00","dateModified":"2026-02-19T13:40:37+00:00","breadcrumb":{"@id":"https:\/\/rad-pal.com.pl\/sklep\/bez-kategorii\/relaxdays-pudelko-do-przechowywania-z-pokrywka\/#breadcrumb"},"inLanguage":"en-GB","potentialAction":[{"@type":"ReadAction","target":["https:\/\/rad-pal.com.pl\/sklep\/bez-kategorii\/relaxdays-pudelko-do-przechowywania-z-pokrywka\/"]}]},{"@type":"ImageObject","inLanguage":"en-GB","@id":"https:\/\/rad-pal.com.pl\/sklep\/bez-kategorii\/relaxdays-pudelko-do-przechowywania-z-pokrywka\/#primaryimage","url":"https:\/\/rad-pal.com.pl\/wp-content\/uploads\/2026\/02\/ab2eb3e6b5f48567a96b8fd2237874f6.jpg","contentUrl":"https:\/\/rad-pal.com.pl\/wp-content\/uploads\/2026\/02\/ab2eb3e6b5f48567a96b8fd2237874f6.jpg","width":400,"height":387,"caption":"40c557e4b0b2306deb140377d3e91293"},{"@type":"BreadcrumbList","@id":"https:\/\/rad-pal.com.pl\/sklep\/bez-kategorii\/relaxdays-pudelko-do-przechowywania-z-pokrywka\/#breadcrumb","itemListElement":[{"@type":"ListItem","position":1,"name":"Strona g\u0142\u00f3wna","item":"https:\/\/rad-pal.com.pl\/"},{"@type":"ListItem","position":2,"name":"Sklep","item":"https:\/\/rad-pal.com.pl\/sklep\/"},{"@type":"ListItem","position":3,"name":"RELAXDAYS PUDE\u0141KO DO PRZECHOWYWANIA Z POKRYWK\u0104"}]},{"@type":"WebSite","@id":"https:\/\/rad-pal.com.pl\/#website","url":"https:\/\/rad-pal.com.pl\/","name":"Rad-Pal","description":"","publisher":{"@id":"https:\/\/rad-pal.com.pl\/#organization"},"potentialAction":[{"@type":"SearchAction","target":{"@type":"EntryPoint","urlTemplate":"https:\/\/rad-pal.com.pl\/?s={search_term_string}"},"query-input":{"@type":"PropertyValueSpecification","valueRequired":true,"valueName":"search_term_string"}}],"inLanguage":"en-GB"},{"@type":"Organization","@id":"https:\/\/rad-pal.com.pl\/#organization","name":"Rad-Pal","url":"https:\/\/rad-pal.com.pl\/","logo":{"@type":"ImageObject","inLanguage":"en-GB","@id":"https:\/\/rad-pal.com.pl\/#\/schema\/logo\/image\/","url":"https:\/\/rad-pal.com.pl\/wp-content\/uploads\/2026\/03\/Projekt-bez-nazwy-30.webp","contentUrl":"https:\/\/rad-pal.com.pl\/wp-content\/uploads\/2026\/03\/Projekt-bez-nazwy-30.webp","width":600,"height":210,"caption":"Rad-Pal"},"image":{"@id":"https:\/\/rad-pal.com.pl\/#\/schema\/logo\/image\/"}}]}},"_links":{"self":[{"href":"https:\/\/rad-pal.com.pl\/en\/wp-json\/wp\/v2\/product\/30727","targetHints":{"allow":["GET"]}}],"collection":[{"href":"https:\/\/rad-pal.com.pl\/en\/wp-json\/wp\/v2\/product"}],"about":[{"href":"https:\/\/rad-pal.com.pl\/en\/wp-json\/wp\/v2\/types\/product"}],"version-history":[{"count":0,"href":"https:\/\/rad-pal.com.pl\/en\/wp-json\/wp\/v2\/product\/30727\/revisions"}],"wp:featuredmedia":[{"embeddable":true,"href":"https:\/\/rad-pal.com.pl\/en\/wp-json\/wp\/v2\/media\/30721"}],"wp:attachment":[{"href":"https:\/\/rad-pal.com.pl\/en\/wp-json\/wp\/v2\/media?parent=30727"}],"wp:term":[{"taxonomy":"product_brand","embeddable":true,"href":"https:\/\/rad-pal.com.pl\/en\/wp-json\/wp\/v2\/product_brand?post=30727"},{"taxonomy":"product_cat","embeddable":true,"href":"https:\/\/rad-pal.com.pl\/en\/wp-json\/wp\/v2\/product_cat?post=30727"},{"taxonomy":"product_tag","embeddable":true,"href":"https:\/\/rad-pal.com.pl\/en\/wp-json\/wp\/v2\/product_tag?post=30727"}],"curies":[{"name":"wp","href":"https:\/\/api.w.org\/{rel}","templated":true}]}}