{"id":30750,"date":"2026-02-19T14:20:53","date_gmt":"2026-02-19T13:20:53","guid":{"rendered":"https:\/\/rad-pal.com.pl\/sklep\/bez-kategorii\/podporki-do-roslin-tworzywo-sztuczne-180-cm-2-szt\/"},"modified":"2026-04-13T09:28:48","modified_gmt":"2026-04-13T07:28:48","slug":"podporki-do-roslin-tworzywo-sztuczne-180-cm-2-szt","status":"publish","type":"product","link":"https:\/\/rad-pal.com.pl\/en\/sklep\/dom-i-ogrod\/ogrod\/rosliny\/akcesoria-rosliny\/podporki\/podporki-do-roslin-tworzywo-sztuczne-180-cm-2-szt\/","title":{"rendered":"Podp\u00f3rki do ro\u015blin tworzywo sztuczne 180 cm 2 szt."},"content":{"rendered":"<section class=\"section\">\n<div class=\"item item-12\">\n<section class=\"text-item\">\n<h1>Krata do og\u00f3rk\u00f3w i innych ro\u015blin warzywnych<\/h1>\n<\/section><\/div>\n<\/section>\n<section class=\"section\">\n<div class=\"item item-12\">\n<section class=\"text-item\">\n<p>Dzi\u0119ki siatce do pn\u0105czy w zestawie 2 sztuk o du\u017cych oczkach mo\u017cesz zapewni\u0107 swoim ro\u015blinom pn\u0105cym w ogrodzie i szklarni niezb\u0119dne wsparcie podczas wzrostu. Siatka ta jest szczeg\u00f3lnie przydatna dla ro\u015blin u\u017cytkowych, takich jak og\u00f3rki czy pomidory, co mo\u017ce przyczyni\u0107 si\u0119 do lepszych plon\u00f3w. R\u00f3wnie\u017c ro\u015bliny ozdobne mog\u0105 pi\u0119knie wspina\u0107 si\u0119 po tej siatce. Siatka do szklarni jest bardzo wytrzyma\u0142a i dzi\u0119ki 4 p\u0119tlom w rogach \u0142atwo mo\u017cna j\u0105 zamocowa\u0107 na belkach, pr\u0119tach i innych elementach.<\/p>\n<\/section><\/div>\n<\/section>\n<section class=\"section\">\n<div class=\"item item-6\">\n<section class=\"image-item\"><img decoding=\"async\" src=\"https:\/\/upload.cdn.baselinker.com\/products\/6014502\/5d24d35fe3a1d01eddae35527f8b31c2.jpg\" \/><\/section>\n<\/p><\/div>\n<div class=\"item item-6\">\n<section class=\"text-item\">\n<p>Siatka do szklarni i ogrodu<\/p>\n<p>podpora dla ro\u015blin u\u017cytkowych takich jak og\u00f3rki, pomidory itp.<\/p>\n<p>wspiera wzrost i zapewnia lepsze plony<\/p>\n<p>r\u00f3wnie\u017c odpowiednia dla ro\u015blin ozdobnych takich jak bluszcz, powojnik itp.<\/p>\n<p>ro\u015bliny maj\u0105 du\u017co przestrzeni dzi\u0119ki du\u017cym oczkom<\/p>\n<p>\u0142atwe mocowanie w szklarni lub ogrodzie dzi\u0119ki p\u0119tlom<\/p>\n<\/section><\/div>\n<\/section>\n<section class=\"section\">\n<div class=\"item item-12\">\n<section class=\"text-item\">\n<p>6<\/p>\n<\/section><\/div>\n<\/section>","protected":false},"excerpt":{"rendered":"<p>Krata do og\u00f3rk\u00f3w i innych ro\u015blin warzywnych Dzi\u0119ki siatce do pn\u0105czy w zestawie 2 sztuk o du\u017cych oczkach mo\u017cesz zapewni\u0107<\/p>","protected":false},"featured_media":30744,"template":"","meta":[],"product_brand":[],"product_cat":[261,86,111,262,260],"product_tag":[],"class_list":{"0":"post-30750","1":"product","2":"type-product","3":"status-publish","4":"has-post-thumbnail","6":"product_cat-akcesoria-rosliny","7":"product_cat-dom-i-ogrod","8":"product_cat-ogrod","9":"product_cat-podporki","10":"product_cat-rosliny","12":"first","13":"instock","14":"taxable","15":"shipping-taxable","16":"purchasable","17":"product-type-simple"},"yoast_head":"<!-- This site is optimized with the Yoast SEO plugin v25.7 - https:\/\/yoast.com\/wordpress\/plugins\/seo\/ -->\n<title>Podp\u00f3rki do ro\u015blin tworzywo sztuczne 180 cm 2 szt. - Rad-Pal<\/title>\n<meta name=\"robots\" content=\"index, follow, max-snippet:-1, max-image-preview:large, max-video-preview:-1\" \/>\n<link rel=\"canonical\" href=\"https:\/\/rad-pal.com.pl\/en\/sklep\/bez-kategorii\/podporki-do-roslin-tworzywo-sztuczne-180-cm-2-szt\/\" \/>\n<meta property=\"og:locale\" content=\"en_GB\" \/>\n<meta property=\"og:type\" content=\"article\" \/>\n<meta property=\"og:title\" content=\"Podp\u00f3rki do ro\u015blin tworzywo sztuczne 180 cm 2 szt. - Rad-Pal\" \/>\n<meta property=\"og:description\" content=\"Krata do og\u00f3rk\u00f3w i innych ro\u015blin warzywnych Dzi\u0119ki siatce do pn\u0105czy w zestawie 2 sztuk o du\u017cych oczkach mo\u017cesz zapewni\u0107\" \/>\n<meta property=\"og:url\" content=\"https:\/\/rad-pal.com.pl\/en\/sklep\/bez-kategorii\/podporki-do-roslin-tworzywo-sztuczne-180-cm-2-szt\/\" \/>\n<meta property=\"og:site_name\" content=\"Rad-Pal\" \/>\n<meta property=\"article:modified_time\" content=\"2026-04-13T07:28:48+00:00\" \/>\n<meta property=\"og:image\" content=\"https:\/\/upload.cdn.baselinker.com\/products\/6014502\/5d24d35fe3a1d01eddae35527f8b31c2.jpg\" \/>\n<meta name=\"twitter:card\" content=\"summary_large_image\" \/>\n<meta name=\"twitter:label1\" content=\"Estimated reading time\" \/>\n\t<meta name=\"twitter:data1\" content=\"1 minute\" \/>\n<script type=\"application\/ld+json\" class=\"yoast-schema-graph\">{\"@context\":\"https:\/\/schema.org\",\"@graph\":[{\"@type\":\"WebPage\",\"@id\":\"https:\/\/rad-pal.com.pl\/sklep\/bez-kategorii\/podporki-do-roslin-tworzywo-sztuczne-180-cm-2-szt\/\",\"url\":\"https:\/\/rad-pal.com.pl\/sklep\/bez-kategorii\/podporki-do-roslin-tworzywo-sztuczne-180-cm-2-szt\/\",\"name\":\"Podp\u00f3rki do ro\u015blin tworzywo sztuczne 180 cm 2 szt. - Rad-Pal\",\"isPartOf\":{\"@id\":\"https:\/\/rad-pal.com.pl\/#website\"},\"primaryImageOfPage\":{\"@id\":\"https:\/\/rad-pal.com.pl\/sklep\/bez-kategorii\/podporki-do-roslin-tworzywo-sztuczne-180-cm-2-szt\/#primaryimage\"},\"image\":{\"@id\":\"https:\/\/rad-pal.com.pl\/sklep\/bez-kategorii\/podporki-do-roslin-tworzywo-sztuczne-180-cm-2-szt\/#primaryimage\"},\"thumbnailUrl\":\"https:\/\/rad-pal.com.pl\/wp-content\/uploads\/2026\/02\/4d447355283a918e5068679f3f33a10d.jpg\",\"datePublished\":\"2026-02-19T13:20:53+00:00\",\"dateModified\":\"2026-04-13T07:28:48+00:00\",\"breadcrumb\":{\"@id\":\"https:\/\/rad-pal.com.pl\/sklep\/bez-kategorii\/podporki-do-roslin-tworzywo-sztuczne-180-cm-2-szt\/#breadcrumb\"},\"inLanguage\":\"en-GB\",\"potentialAction\":[{\"@type\":\"ReadAction\",\"target\":[\"https:\/\/rad-pal.com.pl\/sklep\/bez-kategorii\/podporki-do-roslin-tworzywo-sztuczne-180-cm-2-szt\/\"]}]},{\"@type\":\"ImageObject\",\"inLanguage\":\"en-GB\",\"@id\":\"https:\/\/rad-pal.com.pl\/sklep\/bez-kategorii\/podporki-do-roslin-tworzywo-sztuczne-180-cm-2-szt\/#primaryimage\",\"url\":\"https:\/\/rad-pal.com.pl\/wp-content\/uploads\/2026\/02\/4d447355283a918e5068679f3f33a10d.jpg\",\"contentUrl\":\"https:\/\/rad-pal.com.pl\/wp-content\/uploads\/2026\/02\/4d447355283a918e5068679f3f33a10d.jpg\",\"width\":681,\"height\":681,\"caption\":\"feef9c11edf6b297cc53d7a5014e3bc2\"},{\"@type\":\"BreadcrumbList\",\"@id\":\"https:\/\/rad-pal.com.pl\/sklep\/bez-kategorii\/podporki-do-roslin-tworzywo-sztuczne-180-cm-2-szt\/#breadcrumb\",\"itemListElement\":[{\"@type\":\"ListItem\",\"position\":1,\"name\":\"Strona g\u0142\u00f3wna\",\"item\":\"https:\/\/rad-pal.com.pl\/\"},{\"@type\":\"ListItem\",\"position\":2,\"name\":\"Sklep\",\"item\":\"https:\/\/rad-pal.com.pl\/sklep\/\"},{\"@type\":\"ListItem\",\"position\":3,\"name\":\"Podp\u00f3rki do ro\u015blin tworzywo sztuczne 180 cm 2 szt.\"}]},{\"@type\":\"WebSite\",\"@id\":\"https:\/\/rad-pal.com.pl\/#website\",\"url\":\"https:\/\/rad-pal.com.pl\/\",\"name\":\"Rad-Pal\",\"description\":\"\",\"publisher\":{\"@id\":\"https:\/\/rad-pal.com.pl\/#organization\"},\"potentialAction\":[{\"@type\":\"SearchAction\",\"target\":{\"@type\":\"EntryPoint\",\"urlTemplate\":\"https:\/\/rad-pal.com.pl\/?s={search_term_string}\"},\"query-input\":{\"@type\":\"PropertyValueSpecification\",\"valueRequired\":true,\"valueName\":\"search_term_string\"}}],\"inLanguage\":\"en-GB\"},{\"@type\":\"Organization\",\"@id\":\"https:\/\/rad-pal.com.pl\/#organization\",\"name\":\"Rad-Pal\",\"url\":\"https:\/\/rad-pal.com.pl\/\",\"logo\":{\"@type\":\"ImageObject\",\"inLanguage\":\"en-GB\",\"@id\":\"https:\/\/rad-pal.com.pl\/#\/schema\/logo\/image\/\",\"url\":\"https:\/\/rad-pal.com.pl\/wp-content\/uploads\/2026\/03\/Projekt-bez-nazwy-30.webp\",\"contentUrl\":\"https:\/\/rad-pal.com.pl\/wp-content\/uploads\/2026\/03\/Projekt-bez-nazwy-30.webp\",\"width\":600,\"height\":210,\"caption\":\"Rad-Pal\"},\"image\":{\"@id\":\"https:\/\/rad-pal.com.pl\/#\/schema\/logo\/image\/\"}}]}<\/script>\n<!-- \/ Yoast SEO plugin. -->","yoast_head_json":{"title":"Podp\u00f3rki do ro\u015blin tworzywo sztuczne 180 cm 2 szt. - Rad-Pal","robots":{"index":"index","follow":"follow","max-snippet":"max-snippet:-1","max-image-preview":"max-image-preview:large","max-video-preview":"max-video-preview:-1"},"canonical":"https:\/\/rad-pal.com.pl\/en\/sklep\/bez-kategorii\/podporki-do-roslin-tworzywo-sztuczne-180-cm-2-szt\/","og_locale":"en_GB","og_type":"article","og_title":"Podp\u00f3rki do ro\u015blin tworzywo sztuczne 180 cm 2 szt. - Rad-Pal","og_description":"Krata do og\u00f3rk\u00f3w i innych ro\u015blin warzywnych Dzi\u0119ki siatce do pn\u0105czy w zestawie 2 sztuk o du\u017cych oczkach mo\u017cesz zapewni\u0107","og_url":"https:\/\/rad-pal.com.pl\/en\/sklep\/bez-kategorii\/podporki-do-roslin-tworzywo-sztuczne-180-cm-2-szt\/","og_site_name":"Rad-Pal","article_modified_time":"2026-04-13T07:28:48+00:00","og_image":[{"url":"https:\/\/upload.cdn.baselinker.com\/products\/6014502\/5d24d35fe3a1d01eddae35527f8b31c2.jpg","type":"","width":"","height":""}],"twitter_card":"summary_large_image","twitter_misc":{"Estimated reading time":"1 minute"},"schema":{"@context":"https:\/\/schema.org","@graph":[{"@type":"WebPage","@id":"https:\/\/rad-pal.com.pl\/sklep\/bez-kategorii\/podporki-do-roslin-tworzywo-sztuczne-180-cm-2-szt\/","url":"https:\/\/rad-pal.com.pl\/sklep\/bez-kategorii\/podporki-do-roslin-tworzywo-sztuczne-180-cm-2-szt\/","name":"Podp\u00f3rki do ro\u015blin tworzywo sztuczne 180 cm 2 szt. - Rad-Pal","isPartOf":{"@id":"https:\/\/rad-pal.com.pl\/#website"},"primaryImageOfPage":{"@id":"https:\/\/rad-pal.com.pl\/sklep\/bez-kategorii\/podporki-do-roslin-tworzywo-sztuczne-180-cm-2-szt\/#primaryimage"},"image":{"@id":"https:\/\/rad-pal.com.pl\/sklep\/bez-kategorii\/podporki-do-roslin-tworzywo-sztuczne-180-cm-2-szt\/#primaryimage"},"thumbnailUrl":"https:\/\/rad-pal.com.pl\/wp-content\/uploads\/2026\/02\/4d447355283a918e5068679f3f33a10d.jpg","datePublished":"2026-02-19T13:20:53+00:00","dateModified":"2026-04-13T07:28:48+00:00","breadcrumb":{"@id":"https:\/\/rad-pal.com.pl\/sklep\/bez-kategorii\/podporki-do-roslin-tworzywo-sztuczne-180-cm-2-szt\/#breadcrumb"},"inLanguage":"en-GB","potentialAction":[{"@type":"ReadAction","target":["https:\/\/rad-pal.com.pl\/sklep\/bez-kategorii\/podporki-do-roslin-tworzywo-sztuczne-180-cm-2-szt\/"]}]},{"@type":"ImageObject","inLanguage":"en-GB","@id":"https:\/\/rad-pal.com.pl\/sklep\/bez-kategorii\/podporki-do-roslin-tworzywo-sztuczne-180-cm-2-szt\/#primaryimage","url":"https:\/\/rad-pal.com.pl\/wp-content\/uploads\/2026\/02\/4d447355283a918e5068679f3f33a10d.jpg","contentUrl":"https:\/\/rad-pal.com.pl\/wp-content\/uploads\/2026\/02\/4d447355283a918e5068679f3f33a10d.jpg","width":681,"height":681,"caption":"feef9c11edf6b297cc53d7a5014e3bc2"},{"@type":"BreadcrumbList","@id":"https:\/\/rad-pal.com.pl\/sklep\/bez-kategorii\/podporki-do-roslin-tworzywo-sztuczne-180-cm-2-szt\/#breadcrumb","itemListElement":[{"@type":"ListItem","position":1,"name":"Strona g\u0142\u00f3wna","item":"https:\/\/rad-pal.com.pl\/"},{"@type":"ListItem","position":2,"name":"Sklep","item":"https:\/\/rad-pal.com.pl\/sklep\/"},{"@type":"ListItem","position":3,"name":"Podp\u00f3rki do ro\u015blin tworzywo sztuczne 180 cm 2 szt."}]},{"@type":"WebSite","@id":"https:\/\/rad-pal.com.pl\/#website","url":"https:\/\/rad-pal.com.pl\/","name":"Rad-Pal","description":"","publisher":{"@id":"https:\/\/rad-pal.com.pl\/#organization"},"potentialAction":[{"@type":"SearchAction","target":{"@type":"EntryPoint","urlTemplate":"https:\/\/rad-pal.com.pl\/?s={search_term_string}"},"query-input":{"@type":"PropertyValueSpecification","valueRequired":true,"valueName":"search_term_string"}}],"inLanguage":"en-GB"},{"@type":"Organization","@id":"https:\/\/rad-pal.com.pl\/#organization","name":"Rad-Pal","url":"https:\/\/rad-pal.com.pl\/","logo":{"@type":"ImageObject","inLanguage":"en-GB","@id":"https:\/\/rad-pal.com.pl\/#\/schema\/logo\/image\/","url":"https:\/\/rad-pal.com.pl\/wp-content\/uploads\/2026\/03\/Projekt-bez-nazwy-30.webp","contentUrl":"https:\/\/rad-pal.com.pl\/wp-content\/uploads\/2026\/03\/Projekt-bez-nazwy-30.webp","width":600,"height":210,"caption":"Rad-Pal"},"image":{"@id":"https:\/\/rad-pal.com.pl\/#\/schema\/logo\/image\/"}}]}},"_links":{"self":[{"href":"https:\/\/rad-pal.com.pl\/en\/wp-json\/wp\/v2\/product\/30750","targetHints":{"allow":["GET"]}}],"collection":[{"href":"https:\/\/rad-pal.com.pl\/en\/wp-json\/wp\/v2\/product"}],"about":[{"href":"https:\/\/rad-pal.com.pl\/en\/wp-json\/wp\/v2\/types\/product"}],"version-history":[{"count":0,"href":"https:\/\/rad-pal.com.pl\/en\/wp-json\/wp\/v2\/product\/30750\/revisions"}],"wp:featuredmedia":[{"embeddable":true,"href":"https:\/\/rad-pal.com.pl\/en\/wp-json\/wp\/v2\/media\/30744"}],"wp:attachment":[{"href":"https:\/\/rad-pal.com.pl\/en\/wp-json\/wp\/v2\/media?parent=30750"}],"wp:term":[{"taxonomy":"product_brand","embeddable":true,"href":"https:\/\/rad-pal.com.pl\/en\/wp-json\/wp\/v2\/product_brand?post=30750"},{"taxonomy":"product_cat","embeddable":true,"href":"https:\/\/rad-pal.com.pl\/en\/wp-json\/wp\/v2\/product_cat?post=30750"},{"taxonomy":"product_tag","embeddable":true,"href":"https:\/\/rad-pal.com.pl\/en\/wp-json\/wp\/v2\/product_tag?post=30750"}],"curies":[{"name":"wp","href":"https:\/\/api.w.org\/{rel}","templated":true}]}}