{"id":31065,"date":"2026-02-19T14:35:38","date_gmt":"2026-02-19T13:35:38","guid":{"rendered":"https:\/\/rad-pal.com.pl\/sklep\/bez-kategorii\/podstawka-pod-doniczke-relaxdays-575-cm-tworzywo-sztuczne\/"},"modified":"2026-02-19T15:32:28","modified_gmt":"2026-02-19T14:32:28","slug":"podstawka-pod-doniczke-relaxdays-575-cm-tworzywo-sztuczne","status":"publish","type":"product","link":"https:\/\/rad-pal.com.pl\/en\/sklep\/dom-i-ogrod\/ogrod\/doniczki-i-pojemniki\/podstawki-pod-doniczki\/podstawka-pod-doniczke-relaxdays-575-cm-tworzywo-sztuczne\/","title":{"rendered":"Podstawka pod doniczk\u0119 Relaxdays 57,5 cm tworzywo sztuczne"},"content":{"rendered":"<section class=\"section\">\n<div class=\"item item-6\">\n<section class=\"text-item\">\n<p>Praktyczny: W\u00f3zek na doniczki jako podstawka i pomoc w transporcie doniczek i wielu innych rzeczy. &#8211; No\u015bno\u015b\u0107 do 200 kg<\/p>\n<p>Rozk\u0142adany: Rozmiar w\u00f3zka na ro\u015bliny jest p\u0142ynnie regulowany &#8211; Dopasowuje si\u0119 do doniczki<\/p>\n<p>Solidny: W\u00f3zek na kwiaty z 4 k\u00f3\u0142kami obrotowymi &#8211; Ka\u017cde obraca si\u0119 o 360\u00b0 &#8211; Hamulce blokuj\u0105ce zapewniaj\u0105 bezpieczn\u0105 stabilno\u015b\u0107<\/p>\n<p>Wszechstronny: W\u00f3zek na doniczki do u\u017cytku wewn\u0105trz i na zewn\u0105trz &#8211; Doskona\u0142y do \u200b\u200bu\u017cytku w domu lub na patio<\/p>\n<p>Szczeg\u00f3\u0142y: Plastikowy w\u00f3zek na ro\u015bliny &#8211; \u015arednica zewn\u0119trzna: ok. 40\u201351,5 cm &#8211; \u015arednica wewn\u0119trzna: ok. 18\u201335 cm<\/p>\n<\/section><\/div>\n<div class=\"item item-6\">\n<section class=\"image-item\"><img decoding=\"async\" src=\"https:\/\/upload.cdn.baselinker.com\/products\/6014502\/caaa3954b70936aa369f00ff347ce4c0.jpg\" \/><\/section>\n<\/p><\/div>\n<\/section>\n<section class=\"section\">\n<div class=\"item item-12\">\n<section class=\"text-item\">\n<p>4<\/p>\n<\/section><\/div>\n<\/section>","protected":false},"excerpt":{"rendered":"<p>Praktyczny: W\u00f3zek na doniczki jako podstawka i pomoc w transporcie doniczek i wielu innych rzeczy. &#8211; No\u015bno\u015b\u0107 do 200 kg<\/p>","protected":false},"featured_media":31059,"template":"","meta":[],"product_brand":[],"product_cat":[86,216,111,319],"product_tag":[],"class_list":{"0":"post-31065","1":"product","2":"type-product","3":"status-publish","4":"has-post-thumbnail","6":"product_cat-dom-i-ogrod","7":"product_cat-doniczki-i-pojemniki","8":"product_cat-ogrod","9":"product_cat-podstawki-pod-doniczki","11":"first","12":"instock","13":"taxable","14":"shipping-taxable","15":"purchasable","16":"product-type-simple"},"yoast_head":"<!-- This site is optimized with the Yoast SEO plugin v25.7 - https:\/\/yoast.com\/wordpress\/plugins\/seo\/ -->\n<title>Podstawka pod doniczk\u0119 Relaxdays 57,5 cm tworzywo sztuczne - Rad-Pal<\/title>\n<meta name=\"robots\" content=\"index, follow, max-snippet:-1, max-image-preview:large, max-video-preview:-1\" \/>\n<link rel=\"canonical\" href=\"https:\/\/rad-pal.com.pl\/en\/sklep\/bez-kategorii\/podstawka-pod-doniczke-relaxdays-575-cm-tworzywo-sztuczne\/\" \/>\n<meta property=\"og:locale\" content=\"en_GB\" \/>\n<meta property=\"og:type\" content=\"article\" \/>\n<meta property=\"og:title\" content=\"Podstawka pod doniczk\u0119 Relaxdays 57,5 cm tworzywo sztuczne - Rad-Pal\" \/>\n<meta property=\"og:description\" content=\"Praktyczny: W\u00f3zek na doniczki jako podstawka i pomoc w transporcie doniczek i wielu innych rzeczy. &#8211; No\u015bno\u015b\u0107 do 200 kg\" \/>\n<meta property=\"og:url\" content=\"https:\/\/rad-pal.com.pl\/en\/sklep\/bez-kategorii\/podstawka-pod-doniczke-relaxdays-575-cm-tworzywo-sztuczne\/\" \/>\n<meta property=\"og:site_name\" content=\"Rad-Pal\" \/>\n<meta property=\"article:modified_time\" content=\"2026-02-19T14:32:28+00:00\" \/>\n<meta property=\"og:image\" content=\"https:\/\/upload.cdn.baselinker.com\/products\/6014502\/caaa3954b70936aa369f00ff347ce4c0.jpg\" \/>\n<meta name=\"twitter:card\" content=\"summary_large_image\" \/>\n<meta name=\"twitter:label1\" content=\"Estimated reading time\" \/>\n\t<meta name=\"twitter:data1\" content=\"1 minute\" \/>\n<script type=\"application\/ld+json\" class=\"yoast-schema-graph\">{\"@context\":\"https:\/\/schema.org\",\"@graph\":[{\"@type\":\"WebPage\",\"@id\":\"https:\/\/rad-pal.com.pl\/sklep\/bez-kategorii\/podstawka-pod-doniczke-relaxdays-575-cm-tworzywo-sztuczne\/\",\"url\":\"https:\/\/rad-pal.com.pl\/sklep\/bez-kategorii\/podstawka-pod-doniczke-relaxdays-575-cm-tworzywo-sztuczne\/\",\"name\":\"Podstawka pod doniczk\u0119 Relaxdays 57,5 cm tworzywo sztuczne - Rad-Pal\",\"isPartOf\":{\"@id\":\"https:\/\/rad-pal.com.pl\/#website\"},\"primaryImageOfPage\":{\"@id\":\"https:\/\/rad-pal.com.pl\/sklep\/bez-kategorii\/podstawka-pod-doniczke-relaxdays-575-cm-tworzywo-sztuczne\/#primaryimage\"},\"image\":{\"@id\":\"https:\/\/rad-pal.com.pl\/sklep\/bez-kategorii\/podstawka-pod-doniczke-relaxdays-575-cm-tworzywo-sztuczne\/#primaryimage\"},\"thumbnailUrl\":\"https:\/\/rad-pal.com.pl\/wp-content\/uploads\/2026\/02\/caaa3954b70936aa369f00ff347ce4c0.jpg\",\"datePublished\":\"2026-02-19T13:35:38+00:00\",\"dateModified\":\"2026-02-19T14:32:28+00:00\",\"breadcrumb\":{\"@id\":\"https:\/\/rad-pal.com.pl\/sklep\/bez-kategorii\/podstawka-pod-doniczke-relaxdays-575-cm-tworzywo-sztuczne\/#breadcrumb\"},\"inLanguage\":\"en-GB\",\"potentialAction\":[{\"@type\":\"ReadAction\",\"target\":[\"https:\/\/rad-pal.com.pl\/sklep\/bez-kategorii\/podstawka-pod-doniczke-relaxdays-575-cm-tworzywo-sztuczne\/\"]}]},{\"@type\":\"ImageObject\",\"inLanguage\":\"en-GB\",\"@id\":\"https:\/\/rad-pal.com.pl\/sklep\/bez-kategorii\/podstawka-pod-doniczke-relaxdays-575-cm-tworzywo-sztuczne\/#primaryimage\",\"url\":\"https:\/\/rad-pal.com.pl\/wp-content\/uploads\/2026\/02\/caaa3954b70936aa369f00ff347ce4c0.jpg\",\"contentUrl\":\"https:\/\/rad-pal.com.pl\/wp-content\/uploads\/2026\/02\/caaa3954b70936aa369f00ff347ce4c0.jpg\",\"width\":2560,\"height\":2560,\"caption\":\"cde46f904eef8f7cb5368a338514489f\"},{\"@type\":\"BreadcrumbList\",\"@id\":\"https:\/\/rad-pal.com.pl\/sklep\/bez-kategorii\/podstawka-pod-doniczke-relaxdays-575-cm-tworzywo-sztuczne\/#breadcrumb\",\"itemListElement\":[{\"@type\":\"ListItem\",\"position\":1,\"name\":\"Strona g\u0142\u00f3wna\",\"item\":\"https:\/\/rad-pal.com.pl\/\"},{\"@type\":\"ListItem\",\"position\":2,\"name\":\"Sklep\",\"item\":\"https:\/\/rad-pal.com.pl\/sklep\/\"},{\"@type\":\"ListItem\",\"position\":3,\"name\":\"Podstawka pod doniczk\u0119 Relaxdays 57,5 cm tworzywo sztuczne\"}]},{\"@type\":\"WebSite\",\"@id\":\"https:\/\/rad-pal.com.pl\/#website\",\"url\":\"https:\/\/rad-pal.com.pl\/\",\"name\":\"Rad-Pal\",\"description\":\"\",\"publisher\":{\"@id\":\"https:\/\/rad-pal.com.pl\/#organization\"},\"potentialAction\":[{\"@type\":\"SearchAction\",\"target\":{\"@type\":\"EntryPoint\",\"urlTemplate\":\"https:\/\/rad-pal.com.pl\/?s={search_term_string}\"},\"query-input\":{\"@type\":\"PropertyValueSpecification\",\"valueRequired\":true,\"valueName\":\"search_term_string\"}}],\"inLanguage\":\"en-GB\"},{\"@type\":\"Organization\",\"@id\":\"https:\/\/rad-pal.com.pl\/#organization\",\"name\":\"Rad-Pal\",\"url\":\"https:\/\/rad-pal.com.pl\/\",\"logo\":{\"@type\":\"ImageObject\",\"inLanguage\":\"en-GB\",\"@id\":\"https:\/\/rad-pal.com.pl\/#\/schema\/logo\/image\/\",\"url\":\"https:\/\/rad-pal.com.pl\/wp-content\/uploads\/2026\/03\/Projekt-bez-nazwy-30.webp\",\"contentUrl\":\"https:\/\/rad-pal.com.pl\/wp-content\/uploads\/2026\/03\/Projekt-bez-nazwy-30.webp\",\"width\":600,\"height\":210,\"caption\":\"Rad-Pal\"},\"image\":{\"@id\":\"https:\/\/rad-pal.com.pl\/#\/schema\/logo\/image\/\"}}]}<\/script>\n<!-- \/ Yoast SEO plugin. -->","yoast_head_json":{"title":"Podstawka pod doniczk\u0119 Relaxdays 57,5 cm tworzywo sztuczne - Rad-Pal","robots":{"index":"index","follow":"follow","max-snippet":"max-snippet:-1","max-image-preview":"max-image-preview:large","max-video-preview":"max-video-preview:-1"},"canonical":"https:\/\/rad-pal.com.pl\/en\/sklep\/bez-kategorii\/podstawka-pod-doniczke-relaxdays-575-cm-tworzywo-sztuczne\/","og_locale":"en_GB","og_type":"article","og_title":"Podstawka pod doniczk\u0119 Relaxdays 57,5 cm tworzywo sztuczne - Rad-Pal","og_description":"Praktyczny: W\u00f3zek na doniczki jako podstawka i pomoc w transporcie doniczek i wielu innych rzeczy. &#8211; No\u015bno\u015b\u0107 do 200 kg","og_url":"https:\/\/rad-pal.com.pl\/en\/sklep\/bez-kategorii\/podstawka-pod-doniczke-relaxdays-575-cm-tworzywo-sztuczne\/","og_site_name":"Rad-Pal","article_modified_time":"2026-02-19T14:32:28+00:00","og_image":[{"url":"https:\/\/upload.cdn.baselinker.com\/products\/6014502\/caaa3954b70936aa369f00ff347ce4c0.jpg","type":"","width":"","height":""}],"twitter_card":"summary_large_image","twitter_misc":{"Estimated reading time":"1 minute"},"schema":{"@context":"https:\/\/schema.org","@graph":[{"@type":"WebPage","@id":"https:\/\/rad-pal.com.pl\/sklep\/bez-kategorii\/podstawka-pod-doniczke-relaxdays-575-cm-tworzywo-sztuczne\/","url":"https:\/\/rad-pal.com.pl\/sklep\/bez-kategorii\/podstawka-pod-doniczke-relaxdays-575-cm-tworzywo-sztuczne\/","name":"Podstawka pod doniczk\u0119 Relaxdays 57,5 cm tworzywo sztuczne - Rad-Pal","isPartOf":{"@id":"https:\/\/rad-pal.com.pl\/#website"},"primaryImageOfPage":{"@id":"https:\/\/rad-pal.com.pl\/sklep\/bez-kategorii\/podstawka-pod-doniczke-relaxdays-575-cm-tworzywo-sztuczne\/#primaryimage"},"image":{"@id":"https:\/\/rad-pal.com.pl\/sklep\/bez-kategorii\/podstawka-pod-doniczke-relaxdays-575-cm-tworzywo-sztuczne\/#primaryimage"},"thumbnailUrl":"https:\/\/rad-pal.com.pl\/wp-content\/uploads\/2026\/02\/caaa3954b70936aa369f00ff347ce4c0.jpg","datePublished":"2026-02-19T13:35:38+00:00","dateModified":"2026-02-19T14:32:28+00:00","breadcrumb":{"@id":"https:\/\/rad-pal.com.pl\/sklep\/bez-kategorii\/podstawka-pod-doniczke-relaxdays-575-cm-tworzywo-sztuczne\/#breadcrumb"},"inLanguage":"en-GB","potentialAction":[{"@type":"ReadAction","target":["https:\/\/rad-pal.com.pl\/sklep\/bez-kategorii\/podstawka-pod-doniczke-relaxdays-575-cm-tworzywo-sztuczne\/"]}]},{"@type":"ImageObject","inLanguage":"en-GB","@id":"https:\/\/rad-pal.com.pl\/sklep\/bez-kategorii\/podstawka-pod-doniczke-relaxdays-575-cm-tworzywo-sztuczne\/#primaryimage","url":"https:\/\/rad-pal.com.pl\/wp-content\/uploads\/2026\/02\/caaa3954b70936aa369f00ff347ce4c0.jpg","contentUrl":"https:\/\/rad-pal.com.pl\/wp-content\/uploads\/2026\/02\/caaa3954b70936aa369f00ff347ce4c0.jpg","width":2560,"height":2560,"caption":"cde46f904eef8f7cb5368a338514489f"},{"@type":"BreadcrumbList","@id":"https:\/\/rad-pal.com.pl\/sklep\/bez-kategorii\/podstawka-pod-doniczke-relaxdays-575-cm-tworzywo-sztuczne\/#breadcrumb","itemListElement":[{"@type":"ListItem","position":1,"name":"Strona g\u0142\u00f3wna","item":"https:\/\/rad-pal.com.pl\/"},{"@type":"ListItem","position":2,"name":"Sklep","item":"https:\/\/rad-pal.com.pl\/sklep\/"},{"@type":"ListItem","position":3,"name":"Podstawka pod doniczk\u0119 Relaxdays 57,5 cm tworzywo sztuczne"}]},{"@type":"WebSite","@id":"https:\/\/rad-pal.com.pl\/#website","url":"https:\/\/rad-pal.com.pl\/","name":"Rad-Pal","description":"","publisher":{"@id":"https:\/\/rad-pal.com.pl\/#organization"},"potentialAction":[{"@type":"SearchAction","target":{"@type":"EntryPoint","urlTemplate":"https:\/\/rad-pal.com.pl\/?s={search_term_string}"},"query-input":{"@type":"PropertyValueSpecification","valueRequired":true,"valueName":"search_term_string"}}],"inLanguage":"en-GB"},{"@type":"Organization","@id":"https:\/\/rad-pal.com.pl\/#organization","name":"Rad-Pal","url":"https:\/\/rad-pal.com.pl\/","logo":{"@type":"ImageObject","inLanguage":"en-GB","@id":"https:\/\/rad-pal.com.pl\/#\/schema\/logo\/image\/","url":"https:\/\/rad-pal.com.pl\/wp-content\/uploads\/2026\/03\/Projekt-bez-nazwy-30.webp","contentUrl":"https:\/\/rad-pal.com.pl\/wp-content\/uploads\/2026\/03\/Projekt-bez-nazwy-30.webp","width":600,"height":210,"caption":"Rad-Pal"},"image":{"@id":"https:\/\/rad-pal.com.pl\/#\/schema\/logo\/image\/"}}]}},"_links":{"self":[{"href":"https:\/\/rad-pal.com.pl\/en\/wp-json\/wp\/v2\/product\/31065","targetHints":{"allow":["GET"]}}],"collection":[{"href":"https:\/\/rad-pal.com.pl\/en\/wp-json\/wp\/v2\/product"}],"about":[{"href":"https:\/\/rad-pal.com.pl\/en\/wp-json\/wp\/v2\/types\/product"}],"version-history":[{"count":0,"href":"https:\/\/rad-pal.com.pl\/en\/wp-json\/wp\/v2\/product\/31065\/revisions"}],"wp:featuredmedia":[{"embeddable":true,"href":"https:\/\/rad-pal.com.pl\/en\/wp-json\/wp\/v2\/media\/31059"}],"wp:attachment":[{"href":"https:\/\/rad-pal.com.pl\/en\/wp-json\/wp\/v2\/media?parent=31065"}],"wp:term":[{"taxonomy":"product_brand","embeddable":true,"href":"https:\/\/rad-pal.com.pl\/en\/wp-json\/wp\/v2\/product_brand?post=31065"},{"taxonomy":"product_cat","embeddable":true,"href":"https:\/\/rad-pal.com.pl\/en\/wp-json\/wp\/v2\/product_cat?post=31065"},{"taxonomy":"product_tag","embeddable":true,"href":"https:\/\/rad-pal.com.pl\/en\/wp-json\/wp\/v2\/product_tag?post=31065"}],"curies":[{"name":"wp","href":"https:\/\/api.w.org\/{rel}","templated":true}]}}