{"id":31101,"date":"2026-02-19T14:37:26","date_gmt":"2026-02-19T13:37:26","guid":{"rendered":"https:\/\/rad-pal.com.pl\/sklep\/bez-kategorii\/organizer-z-szufladami-na-dokumenty-relaxdays-34-cm-x-25-cm-x-27-cm\/"},"modified":"2026-02-19T15:32:40","modified_gmt":"2026-02-19T14:32:40","slug":"organizer-z-szufladami-na-dokumenty-relaxdays-34-cm-x-25-cm-x-27-cm","status":"publish","type":"product","link":"https:\/\/rad-pal.com.pl\/en\/sklep\/firma-i-uslugi\/biuro-i-reklama\/organizacja-dokumentow\/organizery-i-szuflady\/organizer-z-szufladami-na-dokumenty-relaxdays-34-cm-x-25-cm-x-27-cm\/","title":{"rendered":"Organizer z szufladami na dokumenty Relaxdays 34 cm x 25 cm x 27 cm"},"content":{"rendered":"<section class=\"section\">\n<div class=\"item item-6\">\n<section class=\"image-item\"><img decoding=\"async\" src=\"https:\/\/upload.cdn.baselinker.com\/products\/6014502\/69271287ba2a2288353e178755f21285.jpg\" \/><\/section>\n<\/p><\/div>\n<div class=\"item item-6\">\n<section class=\"text-item\">\n<h1>Oferowany przedmiot<\/h1>\n<h1>renomowanej firmy<\/h1>\n<h1>Relaxdays.<\/h1>\n<h1>Przedmiot ten<\/h1>\n<h1>pochodzi z produkt\u00f3w<\/h1>\n<\/section><\/div>\n<\/section>\n<section class=\"section\">\n<div class=\"item item-6\">\n<section class=\"text-item\">\n<h2>Szuflada do miejsca pracy<\/h2>\n<p>W 5 przegr\u00f3dkach tego pude\u0142ka szufladowego mo\u017cna przechowywa\u0107 dokumenty, listy i dokumenty, dzi\u0119ki czemu na biurku jest wystarczaj\u0105co du\u017co miejsca do pracy.<\/p>\n<p>Ze wzgl\u0119du na wysoko\u015b\u0107 szuflad mo\u017cna w nich przechowywa\u0107 r\u00f3wnie\u017c przybory biurowe, takie jak d\u0142ugopisy, linijki i zszywacze.<\/p>\n<p>Przedzia\u0142y dla formatu DIN A4 pomagaj\u0105 zorganizowa\u0107 miejsce pracy. Z przodu ka\u017cdej komory znajduje si\u0119 wg\u0142\u0119bienie, kt\u00f3re mo\u017cna odpowiednio oznaczy\u0107, aby uzyska\u0107 szybki przegl\u0105d zawarto\u015bci.<\/p>\n<\/section><\/div>\n<div class=\"item item-6\">\n<section class=\"image-item\"><img decoding=\"async\" src=\"https:\/\/upload.cdn.baselinker.com\/products\/6014502\/4b92d90eef3d64a788f3c323e488e65a.jpg\" \/><\/section>\n<\/p><\/div>\n<\/section>\n<section class=\"section\">\n<div class=\"item item-6\">\n<section class=\"image-item\"><img decoding=\"async\" src=\"https:\/\/upload.cdn.baselinker.com\/products\/6014502\/73bbff9775fad778facf0ffcfeaeb236.jpg\" \/><\/section>\n<\/p><\/div>\n<div class=\"item item-6\">\n<section class=\"text-item\">\n<h2>System przechowywania z szufladami 5<\/h2>\n<ul>\n<li>Biurko jest \u0142atwe do zorganizowania<\/li>\n<\/ul>\n<ul>\n<li>5 szuflad do przechowywania na wolnym miejscu<\/li>\n<\/ul>\n<ul>\n<li>Przedzia\u0142y mog\u0105 by\u0107 oznakowane<\/li>\n<\/ul>\n<ul>\n<li>Regulaminy dotycz\u0105ce dokument\u00f3w, pism i przybor\u00f3w roboczych<\/li>\n<\/ul>\n<ul>\n<li>Pasuje do DIN A4<\/li>\n<\/ul>\n<\/section><\/div>\n<\/section>\n<section class=\"section\">\n<div class=\"item item-6\">\n<section class=\"text-item\">\n<h2>Specyfikacja:<\/h2>\n<ul>\n<li>Wymiary wys. x szer. x g\u0142. 24.5 x 26.5 x 34 cm<\/li>\n<\/ul>\n<ul>\n<li>Wymiary szuflady wys. x szer. x g\u0142.: ok. 3,7 x 23,5 x 31,5 cm<\/li>\n<\/ul>\n<ul>\n<li>Oko\u0142o 2 kg masy ca\u0142kowitej<\/li>\n<\/ul>\n<ul>\n<li>Wykonane z PP i PS<\/li>\n<\/ul>\n<ul>\n<li>W kolorze czarnym<\/li>\n<\/ul>\n<\/section><\/div>\n<div class=\"item item-6\">\n<section class=\"image-item\"><img decoding=\"async\" src=\"https:\/\/upload.cdn.baselinker.com\/products\/6014502\/a0a7a034c1cf513c689643bf5d4fb915.jpg\" \/><\/section>\n<\/p><\/div>\n<\/section>\n<section class=\"section\">\n<div class=\"item item-12\">\n<section class=\"image-item\"><img decoding=\"async\" src=\"https:\/\/upload.cdn.baselinker.com\/products\/6014502\/79bae328e171fd9ed1bd0b2a776d33cc.jpg\" \/><\/section>\n<\/p><\/div>\n<\/section>\n<section class=\"section\">\n<div class=\"item item-12\">\n<section class=\"text-item\">\n<p>4<\/p>\n<\/section><\/div>\n<\/section>","protected":false},"excerpt":{"rendered":"<p>Oferowany przedmiot renomowanej firmy Relaxdays. Przedmiot ten pochodzi z produkt\u00f3w Szuflada do miejsca pracy W 5 przegr\u00f3dkach tego pude\u0142ka szufladowego<\/p>","protected":false},"featured_media":31094,"template":"","meta":[],"product_brand":[],"product_cat":[127,126,156,157],"product_tag":[],"class_list":{"0":"post-31101","1":"product","2":"type-product","3":"status-publish","4":"has-post-thumbnail","6":"product_cat-biuro-i-reklama","7":"product_cat-firma-i-uslugi","8":"product_cat-organizacja-dokumentow","9":"product_cat-organizery-i-szuflady","11":"first","12":"instock","13":"taxable","14":"shipping-taxable","15":"purchasable","16":"product-type-simple"},"yoast_head":"<!-- This site is optimized with the Yoast SEO plugin v25.7 - https:\/\/yoast.com\/wordpress\/plugins\/seo\/ -->\n<title>Organizer z szufladami na dokumenty Relaxdays 34 cm x 25 cm x 27 cm - Rad-Pal<\/title>\n<meta name=\"robots\" content=\"index, follow, max-snippet:-1, max-image-preview:large, max-video-preview:-1\" \/>\n<link rel=\"canonical\" href=\"https:\/\/rad-pal.com.pl\/en\/sklep\/bez-kategorii\/organizer-z-szufladami-na-dokumenty-relaxdays-34-cm-x-25-cm-x-27-cm\/\" \/>\n<meta property=\"og:locale\" content=\"en_GB\" \/>\n<meta property=\"og:type\" content=\"article\" \/>\n<meta property=\"og:title\" content=\"Organizer z szufladami na dokumenty Relaxdays 34 cm x 25 cm x 27 cm - Rad-Pal\" \/>\n<meta property=\"og:description\" content=\"Oferowany przedmiot renomowanej firmy Relaxdays. Przedmiot ten pochodzi z produkt\u00f3w Szuflada do miejsca pracy W 5 przegr\u00f3dkach tego pude\u0142ka szufladowego\" \/>\n<meta property=\"og:url\" content=\"https:\/\/rad-pal.com.pl\/en\/sklep\/bez-kategorii\/organizer-z-szufladami-na-dokumenty-relaxdays-34-cm-x-25-cm-x-27-cm\/\" \/>\n<meta property=\"og:site_name\" content=\"Rad-Pal\" \/>\n<meta property=\"article:modified_time\" content=\"2026-02-19T14:32:40+00:00\" \/>\n<meta property=\"og:image\" content=\"https:\/\/upload.cdn.baselinker.com\/products\/6014502\/69271287ba2a2288353e178755f21285.jpg\" \/>\n<meta name=\"twitter:card\" content=\"summary_large_image\" \/>\n<meta name=\"twitter:label1\" content=\"Estimated reading time\" \/>\n\t<meta name=\"twitter:data1\" content=\"1 minute\" \/>\n<script type=\"application\/ld+json\" class=\"yoast-schema-graph\">{\"@context\":\"https:\/\/schema.org\",\"@graph\":[{\"@type\":\"WebPage\",\"@id\":\"https:\/\/rad-pal.com.pl\/sklep\/bez-kategorii\/organizer-z-szufladami-na-dokumenty-relaxdays-34-cm-x-25-cm-x-27-cm\/\",\"url\":\"https:\/\/rad-pal.com.pl\/sklep\/bez-kategorii\/organizer-z-szufladami-na-dokumenty-relaxdays-34-cm-x-25-cm-x-27-cm\/\",\"name\":\"Organizer z szufladami na dokumenty Relaxdays 34 cm x 25 cm x 27 cm - Rad-Pal\",\"isPartOf\":{\"@id\":\"https:\/\/rad-pal.com.pl\/#website\"},\"primaryImageOfPage\":{\"@id\":\"https:\/\/rad-pal.com.pl\/sklep\/bez-kategorii\/organizer-z-szufladami-na-dokumenty-relaxdays-34-cm-x-25-cm-x-27-cm\/#primaryimage\"},\"image\":{\"@id\":\"https:\/\/rad-pal.com.pl\/sklep\/bez-kategorii\/organizer-z-szufladami-na-dokumenty-relaxdays-34-cm-x-25-cm-x-27-cm\/#primaryimage\"},\"thumbnailUrl\":\"https:\/\/rad-pal.com.pl\/wp-content\/uploads\/2026\/02\/69271287ba2a2288353e178755f21285.jpg\",\"datePublished\":\"2026-02-19T13:37:26+00:00\",\"dateModified\":\"2026-02-19T14:32:40+00:00\",\"breadcrumb\":{\"@id\":\"https:\/\/rad-pal.com.pl\/sklep\/bez-kategorii\/organizer-z-szufladami-na-dokumenty-relaxdays-34-cm-x-25-cm-x-27-cm\/#breadcrumb\"},\"inLanguage\":\"en-GB\",\"potentialAction\":[{\"@type\":\"ReadAction\",\"target\":[\"https:\/\/rad-pal.com.pl\/sklep\/bez-kategorii\/organizer-z-szufladami-na-dokumenty-relaxdays-34-cm-x-25-cm-x-27-cm\/\"]}]},{\"@type\":\"ImageObject\",\"inLanguage\":\"en-GB\",\"@id\":\"https:\/\/rad-pal.com.pl\/sklep\/bez-kategorii\/organizer-z-szufladami-na-dokumenty-relaxdays-34-cm-x-25-cm-x-27-cm\/#primaryimage\",\"url\":\"https:\/\/rad-pal.com.pl\/wp-content\/uploads\/2026\/02\/69271287ba2a2288353e178755f21285.jpg\",\"contentUrl\":\"https:\/\/rad-pal.com.pl\/wp-content\/uploads\/2026\/02\/69271287ba2a2288353e178755f21285.jpg\",\"width\":2048,\"height\":2048,\"caption\":\"51b45f8a0e826d142064a98ec194ba23\"},{\"@type\":\"BreadcrumbList\",\"@id\":\"https:\/\/rad-pal.com.pl\/sklep\/bez-kategorii\/organizer-z-szufladami-na-dokumenty-relaxdays-34-cm-x-25-cm-x-27-cm\/#breadcrumb\",\"itemListElement\":[{\"@type\":\"ListItem\",\"position\":1,\"name\":\"Strona g\u0142\u00f3wna\",\"item\":\"https:\/\/rad-pal.com.pl\/\"},{\"@type\":\"ListItem\",\"position\":2,\"name\":\"Sklep\",\"item\":\"https:\/\/rad-pal.com.pl\/sklep\/\"},{\"@type\":\"ListItem\",\"position\":3,\"name\":\"Organizer z szufladami na dokumenty Relaxdays 34 cm x 25 cm x 27 cm\"}]},{\"@type\":\"WebSite\",\"@id\":\"https:\/\/rad-pal.com.pl\/#website\",\"url\":\"https:\/\/rad-pal.com.pl\/\",\"name\":\"Rad-Pal\",\"description\":\"\",\"publisher\":{\"@id\":\"https:\/\/rad-pal.com.pl\/#organization\"},\"potentialAction\":[{\"@type\":\"SearchAction\",\"target\":{\"@type\":\"EntryPoint\",\"urlTemplate\":\"https:\/\/rad-pal.com.pl\/?s={search_term_string}\"},\"query-input\":{\"@type\":\"PropertyValueSpecification\",\"valueRequired\":true,\"valueName\":\"search_term_string\"}}],\"inLanguage\":\"en-GB\"},{\"@type\":\"Organization\",\"@id\":\"https:\/\/rad-pal.com.pl\/#organization\",\"name\":\"Rad-Pal\",\"url\":\"https:\/\/rad-pal.com.pl\/\",\"logo\":{\"@type\":\"ImageObject\",\"inLanguage\":\"en-GB\",\"@id\":\"https:\/\/rad-pal.com.pl\/#\/schema\/logo\/image\/\",\"url\":\"https:\/\/rad-pal.com.pl\/wp-content\/uploads\/2026\/03\/Projekt-bez-nazwy-30.webp\",\"contentUrl\":\"https:\/\/rad-pal.com.pl\/wp-content\/uploads\/2026\/03\/Projekt-bez-nazwy-30.webp\",\"width\":600,\"height\":210,\"caption\":\"Rad-Pal\"},\"image\":{\"@id\":\"https:\/\/rad-pal.com.pl\/#\/schema\/logo\/image\/\"}}]}<\/script>\n<!-- \/ Yoast SEO plugin. -->","yoast_head_json":{"title":"Organizer z szufladami na dokumenty Relaxdays 34 cm x 25 cm x 27 cm - Rad-Pal","robots":{"index":"index","follow":"follow","max-snippet":"max-snippet:-1","max-image-preview":"max-image-preview:large","max-video-preview":"max-video-preview:-1"},"canonical":"https:\/\/rad-pal.com.pl\/en\/sklep\/bez-kategorii\/organizer-z-szufladami-na-dokumenty-relaxdays-34-cm-x-25-cm-x-27-cm\/","og_locale":"en_GB","og_type":"article","og_title":"Organizer z szufladami na dokumenty Relaxdays 34 cm x 25 cm x 27 cm - Rad-Pal","og_description":"Oferowany przedmiot renomowanej firmy Relaxdays. Przedmiot ten pochodzi z produkt\u00f3w Szuflada do miejsca pracy W 5 przegr\u00f3dkach tego pude\u0142ka szufladowego","og_url":"https:\/\/rad-pal.com.pl\/en\/sklep\/bez-kategorii\/organizer-z-szufladami-na-dokumenty-relaxdays-34-cm-x-25-cm-x-27-cm\/","og_site_name":"Rad-Pal","article_modified_time":"2026-02-19T14:32:40+00:00","og_image":[{"url":"https:\/\/upload.cdn.baselinker.com\/products\/6014502\/69271287ba2a2288353e178755f21285.jpg","type":"","width":"","height":""}],"twitter_card":"summary_large_image","twitter_misc":{"Estimated reading time":"1 minute"},"schema":{"@context":"https:\/\/schema.org","@graph":[{"@type":"WebPage","@id":"https:\/\/rad-pal.com.pl\/sklep\/bez-kategorii\/organizer-z-szufladami-na-dokumenty-relaxdays-34-cm-x-25-cm-x-27-cm\/","url":"https:\/\/rad-pal.com.pl\/sklep\/bez-kategorii\/organizer-z-szufladami-na-dokumenty-relaxdays-34-cm-x-25-cm-x-27-cm\/","name":"Organizer z szufladami na dokumenty Relaxdays 34 cm x 25 cm x 27 cm - Rad-Pal","isPartOf":{"@id":"https:\/\/rad-pal.com.pl\/#website"},"primaryImageOfPage":{"@id":"https:\/\/rad-pal.com.pl\/sklep\/bez-kategorii\/organizer-z-szufladami-na-dokumenty-relaxdays-34-cm-x-25-cm-x-27-cm\/#primaryimage"},"image":{"@id":"https:\/\/rad-pal.com.pl\/sklep\/bez-kategorii\/organizer-z-szufladami-na-dokumenty-relaxdays-34-cm-x-25-cm-x-27-cm\/#primaryimage"},"thumbnailUrl":"https:\/\/rad-pal.com.pl\/wp-content\/uploads\/2026\/02\/69271287ba2a2288353e178755f21285.jpg","datePublished":"2026-02-19T13:37:26+00:00","dateModified":"2026-02-19T14:32:40+00:00","breadcrumb":{"@id":"https:\/\/rad-pal.com.pl\/sklep\/bez-kategorii\/organizer-z-szufladami-na-dokumenty-relaxdays-34-cm-x-25-cm-x-27-cm\/#breadcrumb"},"inLanguage":"en-GB","potentialAction":[{"@type":"ReadAction","target":["https:\/\/rad-pal.com.pl\/sklep\/bez-kategorii\/organizer-z-szufladami-na-dokumenty-relaxdays-34-cm-x-25-cm-x-27-cm\/"]}]},{"@type":"ImageObject","inLanguage":"en-GB","@id":"https:\/\/rad-pal.com.pl\/sklep\/bez-kategorii\/organizer-z-szufladami-na-dokumenty-relaxdays-34-cm-x-25-cm-x-27-cm\/#primaryimage","url":"https:\/\/rad-pal.com.pl\/wp-content\/uploads\/2026\/02\/69271287ba2a2288353e178755f21285.jpg","contentUrl":"https:\/\/rad-pal.com.pl\/wp-content\/uploads\/2026\/02\/69271287ba2a2288353e178755f21285.jpg","width":2048,"height":2048,"caption":"51b45f8a0e826d142064a98ec194ba23"},{"@type":"BreadcrumbList","@id":"https:\/\/rad-pal.com.pl\/sklep\/bez-kategorii\/organizer-z-szufladami-na-dokumenty-relaxdays-34-cm-x-25-cm-x-27-cm\/#breadcrumb","itemListElement":[{"@type":"ListItem","position":1,"name":"Strona g\u0142\u00f3wna","item":"https:\/\/rad-pal.com.pl\/"},{"@type":"ListItem","position":2,"name":"Sklep","item":"https:\/\/rad-pal.com.pl\/sklep\/"},{"@type":"ListItem","position":3,"name":"Organizer z szufladami na dokumenty Relaxdays 34 cm x 25 cm x 27 cm"}]},{"@type":"WebSite","@id":"https:\/\/rad-pal.com.pl\/#website","url":"https:\/\/rad-pal.com.pl\/","name":"Rad-Pal","description":"","publisher":{"@id":"https:\/\/rad-pal.com.pl\/#organization"},"potentialAction":[{"@type":"SearchAction","target":{"@type":"EntryPoint","urlTemplate":"https:\/\/rad-pal.com.pl\/?s={search_term_string}"},"query-input":{"@type":"PropertyValueSpecification","valueRequired":true,"valueName":"search_term_string"}}],"inLanguage":"en-GB"},{"@type":"Organization","@id":"https:\/\/rad-pal.com.pl\/#organization","name":"Rad-Pal","url":"https:\/\/rad-pal.com.pl\/","logo":{"@type":"ImageObject","inLanguage":"en-GB","@id":"https:\/\/rad-pal.com.pl\/#\/schema\/logo\/image\/","url":"https:\/\/rad-pal.com.pl\/wp-content\/uploads\/2026\/03\/Projekt-bez-nazwy-30.webp","contentUrl":"https:\/\/rad-pal.com.pl\/wp-content\/uploads\/2026\/03\/Projekt-bez-nazwy-30.webp","width":600,"height":210,"caption":"Rad-Pal"},"image":{"@id":"https:\/\/rad-pal.com.pl\/#\/schema\/logo\/image\/"}}]}},"_links":{"self":[{"href":"https:\/\/rad-pal.com.pl\/en\/wp-json\/wp\/v2\/product\/31101","targetHints":{"allow":["GET"]}}],"collection":[{"href":"https:\/\/rad-pal.com.pl\/en\/wp-json\/wp\/v2\/product"}],"about":[{"href":"https:\/\/rad-pal.com.pl\/en\/wp-json\/wp\/v2\/types\/product"}],"version-history":[{"count":0,"href":"https:\/\/rad-pal.com.pl\/en\/wp-json\/wp\/v2\/product\/31101\/revisions"}],"wp:featuredmedia":[{"embeddable":true,"href":"https:\/\/rad-pal.com.pl\/en\/wp-json\/wp\/v2\/media\/31094"}],"wp:attachment":[{"href":"https:\/\/rad-pal.com.pl\/en\/wp-json\/wp\/v2\/media?parent=31101"}],"wp:term":[{"taxonomy":"product_brand","embeddable":true,"href":"https:\/\/rad-pal.com.pl\/en\/wp-json\/wp\/v2\/product_brand?post=31101"},{"taxonomy":"product_cat","embeddable":true,"href":"https:\/\/rad-pal.com.pl\/en\/wp-json\/wp\/v2\/product_cat?post=31101"},{"taxonomy":"product_tag","embeddable":true,"href":"https:\/\/rad-pal.com.pl\/en\/wp-json\/wp\/v2\/product_tag?post=31101"}],"curies":[{"name":"wp","href":"https:\/\/api.w.org\/{rel}","templated":true}]}}