{"id":31525,"date":"2026-02-19T14:56:51","date_gmt":"2026-02-19T13:56:51","guid":{"rendered":"https:\/\/rad-pal.com.pl\/sklep\/bez-kategorii\/lampa-wiszaca-eglo-townshend-6-punkty-swiatla-e27-2\/"},"modified":"2026-02-19T15:36:17","modified_gmt":"2026-02-19T14:36:17","slug":"lampa-wiszaca-eglo-townshend-6-punkty-swiatla-e27-2","status":"publish","type":"product","link":"https:\/\/rad-pal.com.pl\/en\/sklep\/dom-i-ogrod\/oswietlenie\/oswietlenie-wewnetrzne\/lampy-sufitowe\/lampy-wiszace\/lampa-wiszaca-eglo-townshend-6-punkty-swiatla-e27-2\/","title":{"rendered":"Lampa wisz\u0105ca Eglo Townshend 6 -punkty \u015bwiat\u0142a E27"},"content":{"rendered":"<section class=\"section\">\n<div class=\"item item-12\">\n<section class=\"text-item\">\n<h1>Lampa wisz\u0105ca TOWNSHEND br\u0105zowa 6 x E27 EGLO<\/h1>\n<\/section><\/div>\n<\/section>\n<section class=\"section\">\n<div class=\"item item-6\">\n<section class=\"image-item\"><img decoding=\"async\" src=\"https:\/\/upload.cdn.baselinker.com\/products\/6014502\/853078b97fb39aa2f1d39ddede62a422.jpg\" \/><\/section>\n<\/p><\/div>\n<div class=\"item item-6\">\n<section class=\"text-item\">\n<ul>\n<li>Rodzaj trzonka: E27<\/li>\n<li>Materia\u0142 wykonania: Stal nierdzewna<\/li>\n<li>\u0179r\u00f3d\u0142o \u015bwiat\u0142a w zestawie: Nie<\/li>\n<li>Maksymalna moc \u015bwiat\u0142a (w W): 6 x 60<\/li>\n<li>Regulacja wysoko\u015bci: Tak<\/li>\n<\/ul>\n<p>Specyfikacja techniczna<\/p>\n<ul>\n<li><b>Rodzaj trzonka <\/b>: E27<\/li>\n<li><b>Materia\u0142 wykonania <\/b>: Stal nierdzewna<\/li>\n<li><b>\u0179r\u00f3d\u0142o \u015bwiat\u0142a w zestawie <\/b>: Nie<\/li>\n<li><b>Maksymalna moc \u015bwiat\u0142a (w W) <\/b>: 6 x 60<\/li>\n<li><b>Regulacja wysoko\u015bci <\/b>: Tak<\/li>\n<li><b>Klasa szczelno\u015bci (IP + IK) <\/b>: IP20<\/li>\n<li><b>Klasa bezpiecze\u0144stwa <\/b>: 1: urz\u0105dzenie elektryczne z obowi\u0105zkowym uziemieniem<\/li>\n<li><b>Liczba punkt\u00f3w \u015bwietlnych <\/b>: 6<\/li>\n<li><b>Klasa energetyczna <\/b>: A++<\/li>\n<li><b>Materia\u0142 poboczny <\/b>: Plastik<\/li>\n<li><b>Szeroko\u015b\u0107 (w cm) <\/b>: 100.5<\/li>\n<li><b>Wysoko\u015b\u0107 (w cm) <\/b>: 110.0<\/li>\n<li><b>Wysoko\u015b\u0107 oprawy wisz\u0105cej bez zawieszenia (w cm) <\/b>: 100.0<\/li>\n<li><b>D\u0142ugo\u015b\u0107 ca\u0142kowita (w cm) <\/b>: 110<\/li>\n<li><b>Wysoko\u015b\u0107 ca\u0142kowita (w cm) <\/b>: 110.0<\/li>\n<li><b>\u015arednica (w cm) <\/b>: 29.0<\/li>\n<li><b>\u015arednica klosza \/ aba\u017cura (w cm) <\/b>: 0.0<\/li>\n<li><b>G\u0142\u0119boko\u015b\u0107 (w cm) <\/b>: 9.5<\/li>\n<li><b>Rodzina kolor\u00f3w <\/b>: Br\u0105zowy<\/li>\n<li><b>Kolor <\/b>: Br\u0105zowy<\/li>\n<li><b>Kolor przewodu <\/b>: Czarny<\/li>\n<li><b>Napi\u0119cie (w V) <\/b>: 230<\/li>\n<\/ul>\n<\/section><\/div>\n<\/section>\n<section class=\"section\">\n<div class=\"item item-12\">\n<section class=\"image-item\"><img decoding=\"async\" src=\"https:\/\/upload.cdn.baselinker.com\/products\/6014502\/853078b97fb39aa2f1d39ddede62a422.jpg\" \/><\/section>\n<\/p><\/div>\n<\/section>\n<section class=\"section\">\n<div class=\"item item-6\">\n<section class=\"image-item\"><img decoding=\"async\" src=\"https:\/\/upload.cdn.baselinker.com\/products\/6014502\/473726f37537a5c19b5dd4e95f26a9b3.jpg\" \/><\/section>\n<\/p><\/div>\n<div class=\"item item-6\">\n<section class=\"image-item\"><img decoding=\"async\" src=\"https:\/\/upload.cdn.baselinker.com\/products\/6014502\/ed43ddc920e560e324e01e6b22e6cbcf.jpg\" \/><\/section>\n<\/p><\/div>\n<\/section>\n<section class=\"section\">\n<div class=\"item item-12\">\n<section class=\"text-item\">\n<p>13<\/p>\n<\/section><\/div>\n<\/section>","protected":false},"excerpt":{"rendered":"<p>Lampa wisz\u0105ca TOWNSHEND br\u0105zowa 6 x E27 EGLO Rodzaj trzonka: E27 Materia\u0142 wykonania: Stal nierdzewna \u0179r\u00f3d\u0142o \u015bwiat\u0142a w zestawie: Nie<\/p>","protected":false},"featured_media":31519,"template":"","meta":[],"product_brand":[],"product_cat":[86,167,168,165,166],"product_tag":[],"class_list":{"0":"post-31525","1":"product","2":"type-product","3":"status-publish","4":"has-post-thumbnail","6":"product_cat-dom-i-ogrod","7":"product_cat-lampy-sufitowe","8":"product_cat-lampy-wiszace","9":"product_cat-oswietlenie","10":"product_cat-oswietlenie-wewnetrzne","12":"first","13":"instock","14":"taxable","15":"shipping-taxable","16":"purchasable","17":"product-type-simple"},"yoast_head":"<!-- This site is optimized with the Yoast SEO plugin v25.7 - https:\/\/yoast.com\/wordpress\/plugins\/seo\/ -->\n<title>Lampa wisz\u0105ca Eglo Townshend 6 -punkty \u015bwiat\u0142a E27 - Rad-Pal<\/title>\n<meta name=\"robots\" content=\"index, follow, max-snippet:-1, max-image-preview:large, max-video-preview:-1\" \/>\n<link rel=\"canonical\" href=\"https:\/\/rad-pal.com.pl\/en\/sklep\/bez-kategorii\/lampa-wiszaca-eglo-townshend-6-punkty-swiatla-e27-2\/\" \/>\n<meta property=\"og:locale\" content=\"en_GB\" \/>\n<meta property=\"og:type\" content=\"article\" \/>\n<meta property=\"og:title\" content=\"Lampa wisz\u0105ca Eglo Townshend 6 -punkty \u015bwiat\u0142a E27 - Rad-Pal\" \/>\n<meta property=\"og:description\" content=\"Lampa wisz\u0105ca TOWNSHEND br\u0105zowa 6 x E27 EGLO Rodzaj trzonka: E27 Materia\u0142 wykonania: Stal nierdzewna \u0179r\u00f3d\u0142o \u015bwiat\u0142a w zestawie: Nie\" \/>\n<meta property=\"og:url\" content=\"https:\/\/rad-pal.com.pl\/en\/sklep\/bez-kategorii\/lampa-wiszaca-eglo-townshend-6-punkty-swiatla-e27-2\/\" \/>\n<meta property=\"og:site_name\" content=\"Rad-Pal\" \/>\n<meta property=\"article:modified_time\" content=\"2026-02-19T14:36:17+00:00\" \/>\n<meta property=\"og:image\" content=\"https:\/\/upload.cdn.baselinker.com\/products\/6014502\/853078b97fb39aa2f1d39ddede62a422.jpg\" \/>\n<meta name=\"twitter:card\" content=\"summary_large_image\" \/>\n<meta name=\"twitter:label1\" content=\"Estimated reading time\" \/>\n\t<meta name=\"twitter:data1\" content=\"1 minute\" \/>\n<script type=\"application\/ld+json\" class=\"yoast-schema-graph\">{\"@context\":\"https:\/\/schema.org\",\"@graph\":[{\"@type\":\"WebPage\",\"@id\":\"https:\/\/rad-pal.com.pl\/sklep\/bez-kategorii\/lampa-wiszaca-eglo-townshend-6-punkty-swiatla-e27-2\/\",\"url\":\"https:\/\/rad-pal.com.pl\/sklep\/bez-kategorii\/lampa-wiszaca-eglo-townshend-6-punkty-swiatla-e27-2\/\",\"name\":\"Lampa wisz\u0105ca Eglo Townshend 6 -punkty \u015bwiat\u0142a E27 - Rad-Pal\",\"isPartOf\":{\"@id\":\"https:\/\/rad-pal.com.pl\/#website\"},\"primaryImageOfPage\":{\"@id\":\"https:\/\/rad-pal.com.pl\/sklep\/bez-kategorii\/lampa-wiszaca-eglo-townshend-6-punkty-swiatla-e27-2\/#primaryimage\"},\"image\":{\"@id\":\"https:\/\/rad-pal.com.pl\/sklep\/bez-kategorii\/lampa-wiszaca-eglo-townshend-6-punkty-swiatla-e27-2\/#primaryimage\"},\"thumbnailUrl\":\"https:\/\/rad-pal.com.pl\/wp-content\/uploads\/2026\/02\/853078b97fb39aa2f1d39ddede62a422.jpg\",\"datePublished\":\"2026-02-19T13:56:51+00:00\",\"dateModified\":\"2026-02-19T14:36:17+00:00\",\"breadcrumb\":{\"@id\":\"https:\/\/rad-pal.com.pl\/sklep\/bez-kategorii\/lampa-wiszaca-eglo-townshend-6-punkty-swiatla-e27-2\/#breadcrumb\"},\"inLanguage\":\"en-GB\",\"potentialAction\":[{\"@type\":\"ReadAction\",\"target\":[\"https:\/\/rad-pal.com.pl\/sklep\/bez-kategorii\/lampa-wiszaca-eglo-townshend-6-punkty-swiatla-e27-2\/\"]}]},{\"@type\":\"ImageObject\",\"inLanguage\":\"en-GB\",\"@id\":\"https:\/\/rad-pal.com.pl\/sklep\/bez-kategorii\/lampa-wiszaca-eglo-townshend-6-punkty-swiatla-e27-2\/#primaryimage\",\"url\":\"https:\/\/rad-pal.com.pl\/wp-content\/uploads\/2026\/02\/853078b97fb39aa2f1d39ddede62a422.jpg\",\"contentUrl\":\"https:\/\/rad-pal.com.pl\/wp-content\/uploads\/2026\/02\/853078b97fb39aa2f1d39ddede62a422.jpg\",\"width\":2500,\"height\":2500,\"caption\":\"7c6437c49300f67851038c00838df118\"},{\"@type\":\"BreadcrumbList\",\"@id\":\"https:\/\/rad-pal.com.pl\/sklep\/bez-kategorii\/lampa-wiszaca-eglo-townshend-6-punkty-swiatla-e27-2\/#breadcrumb\",\"itemListElement\":[{\"@type\":\"ListItem\",\"position\":1,\"name\":\"Strona g\u0142\u00f3wna\",\"item\":\"https:\/\/rad-pal.com.pl\/\"},{\"@type\":\"ListItem\",\"position\":2,\"name\":\"Sklep\",\"item\":\"https:\/\/rad-pal.com.pl\/sklep\/\"},{\"@type\":\"ListItem\",\"position\":3,\"name\":\"Lampa wisz\u0105ca Eglo Townshend 6 -punkty \u015bwiat\u0142a E27\"}]},{\"@type\":\"WebSite\",\"@id\":\"https:\/\/rad-pal.com.pl\/#website\",\"url\":\"https:\/\/rad-pal.com.pl\/\",\"name\":\"Rad-Pal\",\"description\":\"\",\"publisher\":{\"@id\":\"https:\/\/rad-pal.com.pl\/#organization\"},\"potentialAction\":[{\"@type\":\"SearchAction\",\"target\":{\"@type\":\"EntryPoint\",\"urlTemplate\":\"https:\/\/rad-pal.com.pl\/?s={search_term_string}\"},\"query-input\":{\"@type\":\"PropertyValueSpecification\",\"valueRequired\":true,\"valueName\":\"search_term_string\"}}],\"inLanguage\":\"en-GB\"},{\"@type\":\"Organization\",\"@id\":\"https:\/\/rad-pal.com.pl\/#organization\",\"name\":\"Rad-Pal\",\"url\":\"https:\/\/rad-pal.com.pl\/\",\"logo\":{\"@type\":\"ImageObject\",\"inLanguage\":\"en-GB\",\"@id\":\"https:\/\/rad-pal.com.pl\/#\/schema\/logo\/image\/\",\"url\":\"https:\/\/rad-pal.com.pl\/wp-content\/uploads\/2026\/03\/Projekt-bez-nazwy-30.webp\",\"contentUrl\":\"https:\/\/rad-pal.com.pl\/wp-content\/uploads\/2026\/03\/Projekt-bez-nazwy-30.webp\",\"width\":600,\"height\":210,\"caption\":\"Rad-Pal\"},\"image\":{\"@id\":\"https:\/\/rad-pal.com.pl\/#\/schema\/logo\/image\/\"}}]}<\/script>\n<!-- \/ Yoast SEO plugin. -->","yoast_head_json":{"title":"Lampa wisz\u0105ca Eglo Townshend 6 -punkty \u015bwiat\u0142a E27 - Rad-Pal","robots":{"index":"index","follow":"follow","max-snippet":"max-snippet:-1","max-image-preview":"max-image-preview:large","max-video-preview":"max-video-preview:-1"},"canonical":"https:\/\/rad-pal.com.pl\/en\/sklep\/bez-kategorii\/lampa-wiszaca-eglo-townshend-6-punkty-swiatla-e27-2\/","og_locale":"en_GB","og_type":"article","og_title":"Lampa wisz\u0105ca Eglo Townshend 6 -punkty \u015bwiat\u0142a E27 - Rad-Pal","og_description":"Lampa wisz\u0105ca TOWNSHEND br\u0105zowa 6 x E27 EGLO Rodzaj trzonka: E27 Materia\u0142 wykonania: Stal nierdzewna \u0179r\u00f3d\u0142o \u015bwiat\u0142a w zestawie: Nie","og_url":"https:\/\/rad-pal.com.pl\/en\/sklep\/bez-kategorii\/lampa-wiszaca-eglo-townshend-6-punkty-swiatla-e27-2\/","og_site_name":"Rad-Pal","article_modified_time":"2026-02-19T14:36:17+00:00","og_image":[{"url":"https:\/\/upload.cdn.baselinker.com\/products\/6014502\/853078b97fb39aa2f1d39ddede62a422.jpg","type":"","width":"","height":""}],"twitter_card":"summary_large_image","twitter_misc":{"Estimated reading time":"1 minute"},"schema":{"@context":"https:\/\/schema.org","@graph":[{"@type":"WebPage","@id":"https:\/\/rad-pal.com.pl\/sklep\/bez-kategorii\/lampa-wiszaca-eglo-townshend-6-punkty-swiatla-e27-2\/","url":"https:\/\/rad-pal.com.pl\/sklep\/bez-kategorii\/lampa-wiszaca-eglo-townshend-6-punkty-swiatla-e27-2\/","name":"Lampa wisz\u0105ca Eglo Townshend 6 -punkty \u015bwiat\u0142a E27 - Rad-Pal","isPartOf":{"@id":"https:\/\/rad-pal.com.pl\/#website"},"primaryImageOfPage":{"@id":"https:\/\/rad-pal.com.pl\/sklep\/bez-kategorii\/lampa-wiszaca-eglo-townshend-6-punkty-swiatla-e27-2\/#primaryimage"},"image":{"@id":"https:\/\/rad-pal.com.pl\/sklep\/bez-kategorii\/lampa-wiszaca-eglo-townshend-6-punkty-swiatla-e27-2\/#primaryimage"},"thumbnailUrl":"https:\/\/rad-pal.com.pl\/wp-content\/uploads\/2026\/02\/853078b97fb39aa2f1d39ddede62a422.jpg","datePublished":"2026-02-19T13:56:51+00:00","dateModified":"2026-02-19T14:36:17+00:00","breadcrumb":{"@id":"https:\/\/rad-pal.com.pl\/sklep\/bez-kategorii\/lampa-wiszaca-eglo-townshend-6-punkty-swiatla-e27-2\/#breadcrumb"},"inLanguage":"en-GB","potentialAction":[{"@type":"ReadAction","target":["https:\/\/rad-pal.com.pl\/sklep\/bez-kategorii\/lampa-wiszaca-eglo-townshend-6-punkty-swiatla-e27-2\/"]}]},{"@type":"ImageObject","inLanguage":"en-GB","@id":"https:\/\/rad-pal.com.pl\/sklep\/bez-kategorii\/lampa-wiszaca-eglo-townshend-6-punkty-swiatla-e27-2\/#primaryimage","url":"https:\/\/rad-pal.com.pl\/wp-content\/uploads\/2026\/02\/853078b97fb39aa2f1d39ddede62a422.jpg","contentUrl":"https:\/\/rad-pal.com.pl\/wp-content\/uploads\/2026\/02\/853078b97fb39aa2f1d39ddede62a422.jpg","width":2500,"height":2500,"caption":"7c6437c49300f67851038c00838df118"},{"@type":"BreadcrumbList","@id":"https:\/\/rad-pal.com.pl\/sklep\/bez-kategorii\/lampa-wiszaca-eglo-townshend-6-punkty-swiatla-e27-2\/#breadcrumb","itemListElement":[{"@type":"ListItem","position":1,"name":"Strona g\u0142\u00f3wna","item":"https:\/\/rad-pal.com.pl\/"},{"@type":"ListItem","position":2,"name":"Sklep","item":"https:\/\/rad-pal.com.pl\/sklep\/"},{"@type":"ListItem","position":3,"name":"Lampa wisz\u0105ca Eglo Townshend 6 -punkty \u015bwiat\u0142a E27"}]},{"@type":"WebSite","@id":"https:\/\/rad-pal.com.pl\/#website","url":"https:\/\/rad-pal.com.pl\/","name":"Rad-Pal","description":"","publisher":{"@id":"https:\/\/rad-pal.com.pl\/#organization"},"potentialAction":[{"@type":"SearchAction","target":{"@type":"EntryPoint","urlTemplate":"https:\/\/rad-pal.com.pl\/?s={search_term_string}"},"query-input":{"@type":"PropertyValueSpecification","valueRequired":true,"valueName":"search_term_string"}}],"inLanguage":"en-GB"},{"@type":"Organization","@id":"https:\/\/rad-pal.com.pl\/#organization","name":"Rad-Pal","url":"https:\/\/rad-pal.com.pl\/","logo":{"@type":"ImageObject","inLanguage":"en-GB","@id":"https:\/\/rad-pal.com.pl\/#\/schema\/logo\/image\/","url":"https:\/\/rad-pal.com.pl\/wp-content\/uploads\/2026\/03\/Projekt-bez-nazwy-30.webp","contentUrl":"https:\/\/rad-pal.com.pl\/wp-content\/uploads\/2026\/03\/Projekt-bez-nazwy-30.webp","width":600,"height":210,"caption":"Rad-Pal"},"image":{"@id":"https:\/\/rad-pal.com.pl\/#\/schema\/logo\/image\/"}}]}},"_links":{"self":[{"href":"https:\/\/rad-pal.com.pl\/en\/wp-json\/wp\/v2\/product\/31525","targetHints":{"allow":["GET"]}}],"collection":[{"href":"https:\/\/rad-pal.com.pl\/en\/wp-json\/wp\/v2\/product"}],"about":[{"href":"https:\/\/rad-pal.com.pl\/en\/wp-json\/wp\/v2\/types\/product"}],"version-history":[{"count":0,"href":"https:\/\/rad-pal.com.pl\/en\/wp-json\/wp\/v2\/product\/31525\/revisions"}],"wp:featuredmedia":[{"embeddable":true,"href":"https:\/\/rad-pal.com.pl\/en\/wp-json\/wp\/v2\/media\/31519"}],"wp:attachment":[{"href":"https:\/\/rad-pal.com.pl\/en\/wp-json\/wp\/v2\/media?parent=31525"}],"wp:term":[{"taxonomy":"product_brand","embeddable":true,"href":"https:\/\/rad-pal.com.pl\/en\/wp-json\/wp\/v2\/product_brand?post=31525"},{"taxonomy":"product_cat","embeddable":true,"href":"https:\/\/rad-pal.com.pl\/en\/wp-json\/wp\/v2\/product_cat?post=31525"},{"taxonomy":"product_tag","embeddable":true,"href":"https:\/\/rad-pal.com.pl\/en\/wp-json\/wp\/v2\/product_tag?post=31525"}],"curies":[{"name":"wp","href":"https:\/\/api.w.org\/{rel}","templated":true}]}}