{"id":31609,"date":"2026-02-19T15:01:48","date_gmt":"2026-02-19T14:01:48","guid":{"rendered":"https:\/\/rad-pal.com.pl\/sklep\/bez-kategorii\/eglo-ayles-43748-lampa-wiszaca-4x3w-gu10-ip20\/"},"modified":"2026-02-19T15:37:16","modified_gmt":"2026-02-19T14:37:16","slug":"eglo-ayles-43748-lampa-wiszaca-4x3w-gu10-ip20","status":"publish","type":"product","link":"https:\/\/rad-pal.com.pl\/en\/sklep\/dom-i-ogrod\/oswietlenie\/oswietlenie-wewnetrzne\/lampy-sufitowe\/lampy-wiszace\/eglo-ayles-43748-lampa-wiszaca-4x3w-gu10-ip20\/","title":{"rendered":"Eglo AYLES 43748 lampa wisz\u0105ca 4x3W\/GU10 IP20"},"content":{"rendered":"<section class=\"section\">\n<div class=\"item item-12\">\n<section class=\"text-item\">\n<p>\u2733\ufe0fEglo oferuje szeroki asortyment artyku\u0142\u00f3w z bran\u017cy o\u015bwietleniowej. R\u00f3\u017cnorodno\u015b\u0107 kszta\u0142t\u00f3w i rozmiar\u00f3w, oferowanych przez producenta lamp stanowi doskona\u0142e uzupe\u0142nienie nowoczesnych, jak i klasycznych wn\u0119trz. Eglo w ofercie posiada lampy wisz\u0105ce, pod\u0142ogowe, sufitowe, a tak\u017ce kinkiety i lampki sto\u0142owe. Produkty wykonane s\u0105 wysokiej jako\u015bci materia\u0142\u00f3w.<\/p>\n<\/section><\/div>\n<\/section>\n<section class=\"section\">\n<div class=\"item item-12\">\n<section class=\"text-item\">\n<h1>\u2733\ufe0fEglo AYLES 43748 lampa wisz\u0105ca 4x3W\/GU10 IP20<\/h1>\n<\/section><\/div>\n<\/section>\n<section class=\"section\">\n<div class=\"item item-6\">\n<section class=\"text-item\">\n<ul>\n<li><b>\u27a1\ufe0fKlasa efektywno\u015bci energetycznej:<\/b> A-G<\/li>\n<li><b>\u27a1\ufe0fG\u0142\u0119boko\u015b\u0107:<\/b> 93<\/li>\n<li><b>\u27a1\ufe0fWysoko\u015b\u0107:<\/b> 110<\/li>\n<li><b>\u27a1\ufe0fNazwa rodziny:<\/b> AYLES<\/li>\n<li><b>\u27a1\ufe0fSzeroko\u015b\u0107:<\/b> 8.5<\/li>\n<li><b>\u27a1\ufe0fD\u0142ugo\u015b\u0107 [cm]:<\/b> 93<\/li>\n<li><b>\u27a1\ufe0fIndex producenta:<\/b> 43748<\/li>\n<li><b>\u27a1\ufe0fRodzaj:<\/b> Lampy wisz\u0105ce<\/li>\n<li><b>\u27a1\ufe0fStyl:<\/b> Skandynawski<\/li>\n<li><b>\u27a1\ufe0fPrzeznaczenie:<\/b> Wewn\u0119trzne<\/li>\n<li><b>\u27a1\ufe0fMoc:<\/b> 3W<\/li>\n<li><b>\u27a1\ufe0fKlasa ochronno\u015bci:<\/b> I<\/li>\n<li><b>\u27a1\ufe0fWsp\u00f3\u0142pracuje z LED:<\/b> Tak<\/li>\n<li><b>\u27a1\ufe0fKolor:<\/b> czarny mat<\/li>\n<li><b>\u27a1\ufe0fMateria\u0142 wykonania:<\/b> Drewno, Stal<\/li>\n<li><b>\u27a1\ufe0fIlo\u015b\u0107 \u017ar\u00f3de\u0142 \u015bwiat\u0142a:<\/b> 4<\/li>\n<li><b>\u27a1\ufe0fTrzonek:<\/b> GU10<\/li>\n<li><b>\u27a1\ufe0fMoc tekst:<\/b> 4x3W\/GU10<\/li>\n<li><b>\u27a1\ufe0f\u0179r\u00f3d\u0142o \u015bwiat\u0142a:<\/b> W komplecie<\/li>\n<li><b>\u27a1\ufe0fCzy \u017ar\u00f3d\u0142o \u015bwiat\u0142a jest wymienne?:<\/b> Tak<\/li>\n<li><b>\u27a1\ufe0fNapi\u0119cie wej\u015bciowe:<\/b> 220-240V<\/li>\n<li><b>\u27a1\ufe0fKlasa Szczelno\u015bci:<\/b> IP20<\/li>\n<\/ul>\n<\/section><\/div>\n<div class=\"item item-6\">\n<section class=\"image-item\"><img decoding=\"async\" src=\"https:\/\/upload.cdn.baselinker.com\/products\/6014502\/0de5b7e07ef09c997b0a212b29f5032e.jpg\" \/><\/section>\n<\/p><\/div>\n<\/section>\n<section class=\"section\">\n<div class=\"item item-12\">\n<section class=\"image-item\"><img decoding=\"async\" src=\"https:\/\/upload.cdn.baselinker.com\/products\/6014502\/ccfe1add8e6720adaea2af11d5e71ce6.jpg\" \/><\/section>\n<\/p><\/div>\n<\/section>\n<section class=\"section\">\n<div class=\"item item-12\">\n<section class=\"text-item\">\n<p>11<\/p>\n<\/section><\/div>\n<\/section>","protected":false},"excerpt":{"rendered":"<p>\u2733\ufe0fEglo oferuje szeroki asortyment artyku\u0142\u00f3w z bran\u017cy o\u015bwietleniowej. R\u00f3\u017cnorodno\u015b\u0107 kszta\u0142t\u00f3w i rozmiar\u00f3w, oferowanych przez producenta lamp stanowi doskona\u0142e uzupe\u0142nienie nowoczesnych,<\/p>","protected":false},"featured_media":31603,"template":"","meta":[],"product_brand":[],"product_cat":[86,167,168,165,166],"product_tag":[],"class_list":{"0":"post-31609","1":"product","2":"type-product","3":"status-publish","4":"has-post-thumbnail","6":"product_cat-dom-i-ogrod","7":"product_cat-lampy-sufitowe","8":"product_cat-lampy-wiszace","9":"product_cat-oswietlenie","10":"product_cat-oswietlenie-wewnetrzne","12":"first","13":"instock","14":"taxable","15":"shipping-taxable","16":"purchasable","17":"product-type-simple"},"yoast_head":"<!-- This site is optimized with the Yoast SEO plugin v25.7 - https:\/\/yoast.com\/wordpress\/plugins\/seo\/ -->\n<title>Eglo AYLES 43748 lampa wisz\u0105ca 4x3W\/GU10 IP20 - Rad-Pal<\/title>\n<meta name=\"robots\" content=\"index, follow, max-snippet:-1, max-image-preview:large, max-video-preview:-1\" \/>\n<link rel=\"canonical\" href=\"https:\/\/rad-pal.com.pl\/en\/sklep\/bez-kategorii\/eglo-ayles-43748-lampa-wiszaca-4x3w-gu10-ip20\/\" \/>\n<meta property=\"og:locale\" content=\"en_GB\" \/>\n<meta property=\"og:type\" content=\"article\" \/>\n<meta property=\"og:title\" content=\"Eglo AYLES 43748 lampa wisz\u0105ca 4x3W\/GU10 IP20 - Rad-Pal\" \/>\n<meta property=\"og:description\" content=\"\u2733\ufe0fEglo oferuje szeroki asortyment artyku\u0142\u00f3w z bran\u017cy o\u015bwietleniowej. R\u00f3\u017cnorodno\u015b\u0107 kszta\u0142t\u00f3w i rozmiar\u00f3w, oferowanych przez producenta lamp stanowi doskona\u0142e uzupe\u0142nienie nowoczesnych,\" \/>\n<meta property=\"og:url\" content=\"https:\/\/rad-pal.com.pl\/en\/sklep\/bez-kategorii\/eglo-ayles-43748-lampa-wiszaca-4x3w-gu10-ip20\/\" \/>\n<meta property=\"og:site_name\" content=\"Rad-Pal\" \/>\n<meta property=\"article:modified_time\" content=\"2026-02-19T14:37:16+00:00\" \/>\n<meta property=\"og:image\" content=\"https:\/\/upload.cdn.baselinker.com\/products\/6014502\/0de5b7e07ef09c997b0a212b29f5032e.jpg\" \/>\n<meta name=\"twitter:card\" content=\"summary_large_image\" \/>\n<meta name=\"twitter:label1\" content=\"Estimated reading time\" \/>\n\t<meta name=\"twitter:data1\" content=\"1 minute\" \/>\n<script type=\"application\/ld+json\" class=\"yoast-schema-graph\">{\"@context\":\"https:\/\/schema.org\",\"@graph\":[{\"@type\":\"WebPage\",\"@id\":\"https:\/\/rad-pal.com.pl\/sklep\/bez-kategorii\/eglo-ayles-43748-lampa-wiszaca-4x3w-gu10-ip20\/\",\"url\":\"https:\/\/rad-pal.com.pl\/sklep\/bez-kategorii\/eglo-ayles-43748-lampa-wiszaca-4x3w-gu10-ip20\/\",\"name\":\"Eglo AYLES 43748 lampa wisz\u0105ca 4x3W\/GU10 IP20 - Rad-Pal\",\"isPartOf\":{\"@id\":\"https:\/\/rad-pal.com.pl\/#website\"},\"primaryImageOfPage\":{\"@id\":\"https:\/\/rad-pal.com.pl\/sklep\/bez-kategorii\/eglo-ayles-43748-lampa-wiszaca-4x3w-gu10-ip20\/#primaryimage\"},\"image\":{\"@id\":\"https:\/\/rad-pal.com.pl\/sklep\/bez-kategorii\/eglo-ayles-43748-lampa-wiszaca-4x3w-gu10-ip20\/#primaryimage\"},\"thumbnailUrl\":\"https:\/\/rad-pal.com.pl\/wp-content\/uploads\/2026\/02\/0de5b7e07ef09c997b0a212b29f5032e.jpg\",\"datePublished\":\"2026-02-19T14:01:48+00:00\",\"dateModified\":\"2026-02-19T14:37:16+00:00\",\"breadcrumb\":{\"@id\":\"https:\/\/rad-pal.com.pl\/sklep\/bez-kategorii\/eglo-ayles-43748-lampa-wiszaca-4x3w-gu10-ip20\/#breadcrumb\"},\"inLanguage\":\"en-GB\",\"potentialAction\":[{\"@type\":\"ReadAction\",\"target\":[\"https:\/\/rad-pal.com.pl\/sklep\/bez-kategorii\/eglo-ayles-43748-lampa-wiszaca-4x3w-gu10-ip20\/\"]}]},{\"@type\":\"ImageObject\",\"inLanguage\":\"en-GB\",\"@id\":\"https:\/\/rad-pal.com.pl\/sklep\/bez-kategorii\/eglo-ayles-43748-lampa-wiszaca-4x3w-gu10-ip20\/#primaryimage\",\"url\":\"https:\/\/rad-pal.com.pl\/wp-content\/uploads\/2026\/02\/0de5b7e07ef09c997b0a212b29f5032e.jpg\",\"contentUrl\":\"https:\/\/rad-pal.com.pl\/wp-content\/uploads\/2026\/02\/0de5b7e07ef09c997b0a212b29f5032e.jpg\",\"width\":2500,\"height\":2500,\"caption\":\"2a7b1567031f888e4d85ad5648d39997\"},{\"@type\":\"BreadcrumbList\",\"@id\":\"https:\/\/rad-pal.com.pl\/sklep\/bez-kategorii\/eglo-ayles-43748-lampa-wiszaca-4x3w-gu10-ip20\/#breadcrumb\",\"itemListElement\":[{\"@type\":\"ListItem\",\"position\":1,\"name\":\"Strona g\u0142\u00f3wna\",\"item\":\"https:\/\/rad-pal.com.pl\/\"},{\"@type\":\"ListItem\",\"position\":2,\"name\":\"Sklep\",\"item\":\"https:\/\/rad-pal.com.pl\/sklep\/\"},{\"@type\":\"ListItem\",\"position\":3,\"name\":\"Eglo AYLES 43748 lampa wisz\u0105ca 4x3W\/GU10 IP20\"}]},{\"@type\":\"WebSite\",\"@id\":\"https:\/\/rad-pal.com.pl\/#website\",\"url\":\"https:\/\/rad-pal.com.pl\/\",\"name\":\"Rad-Pal\",\"description\":\"\",\"publisher\":{\"@id\":\"https:\/\/rad-pal.com.pl\/#organization\"},\"potentialAction\":[{\"@type\":\"SearchAction\",\"target\":{\"@type\":\"EntryPoint\",\"urlTemplate\":\"https:\/\/rad-pal.com.pl\/?s={search_term_string}\"},\"query-input\":{\"@type\":\"PropertyValueSpecification\",\"valueRequired\":true,\"valueName\":\"search_term_string\"}}],\"inLanguage\":\"en-GB\"},{\"@type\":\"Organization\",\"@id\":\"https:\/\/rad-pal.com.pl\/#organization\",\"name\":\"Rad-Pal\",\"url\":\"https:\/\/rad-pal.com.pl\/\",\"logo\":{\"@type\":\"ImageObject\",\"inLanguage\":\"en-GB\",\"@id\":\"https:\/\/rad-pal.com.pl\/#\/schema\/logo\/image\/\",\"url\":\"https:\/\/rad-pal.com.pl\/wp-content\/uploads\/2026\/03\/Projekt-bez-nazwy-30.webp\",\"contentUrl\":\"https:\/\/rad-pal.com.pl\/wp-content\/uploads\/2026\/03\/Projekt-bez-nazwy-30.webp\",\"width\":600,\"height\":210,\"caption\":\"Rad-Pal\"},\"image\":{\"@id\":\"https:\/\/rad-pal.com.pl\/#\/schema\/logo\/image\/\"}}]}<\/script>\n<!-- \/ Yoast SEO plugin. -->","yoast_head_json":{"title":"Eglo AYLES 43748 lampa wisz\u0105ca 4x3W\/GU10 IP20 - Rad-Pal","robots":{"index":"index","follow":"follow","max-snippet":"max-snippet:-1","max-image-preview":"max-image-preview:large","max-video-preview":"max-video-preview:-1"},"canonical":"https:\/\/rad-pal.com.pl\/en\/sklep\/bez-kategorii\/eglo-ayles-43748-lampa-wiszaca-4x3w-gu10-ip20\/","og_locale":"en_GB","og_type":"article","og_title":"Eglo AYLES 43748 lampa wisz\u0105ca 4x3W\/GU10 IP20 - Rad-Pal","og_description":"\u2733\ufe0fEglo oferuje szeroki asortyment artyku\u0142\u00f3w z bran\u017cy o\u015bwietleniowej. R\u00f3\u017cnorodno\u015b\u0107 kszta\u0142t\u00f3w i rozmiar\u00f3w, oferowanych przez producenta lamp stanowi doskona\u0142e uzupe\u0142nienie nowoczesnych,","og_url":"https:\/\/rad-pal.com.pl\/en\/sklep\/bez-kategorii\/eglo-ayles-43748-lampa-wiszaca-4x3w-gu10-ip20\/","og_site_name":"Rad-Pal","article_modified_time":"2026-02-19T14:37:16+00:00","og_image":[{"url":"https:\/\/upload.cdn.baselinker.com\/products\/6014502\/0de5b7e07ef09c997b0a212b29f5032e.jpg","type":"","width":"","height":""}],"twitter_card":"summary_large_image","twitter_misc":{"Estimated reading time":"1 minute"},"schema":{"@context":"https:\/\/schema.org","@graph":[{"@type":"WebPage","@id":"https:\/\/rad-pal.com.pl\/sklep\/bez-kategorii\/eglo-ayles-43748-lampa-wiszaca-4x3w-gu10-ip20\/","url":"https:\/\/rad-pal.com.pl\/sklep\/bez-kategorii\/eglo-ayles-43748-lampa-wiszaca-4x3w-gu10-ip20\/","name":"Eglo AYLES 43748 lampa wisz\u0105ca 4x3W\/GU10 IP20 - Rad-Pal","isPartOf":{"@id":"https:\/\/rad-pal.com.pl\/#website"},"primaryImageOfPage":{"@id":"https:\/\/rad-pal.com.pl\/sklep\/bez-kategorii\/eglo-ayles-43748-lampa-wiszaca-4x3w-gu10-ip20\/#primaryimage"},"image":{"@id":"https:\/\/rad-pal.com.pl\/sklep\/bez-kategorii\/eglo-ayles-43748-lampa-wiszaca-4x3w-gu10-ip20\/#primaryimage"},"thumbnailUrl":"https:\/\/rad-pal.com.pl\/wp-content\/uploads\/2026\/02\/0de5b7e07ef09c997b0a212b29f5032e.jpg","datePublished":"2026-02-19T14:01:48+00:00","dateModified":"2026-02-19T14:37:16+00:00","breadcrumb":{"@id":"https:\/\/rad-pal.com.pl\/sklep\/bez-kategorii\/eglo-ayles-43748-lampa-wiszaca-4x3w-gu10-ip20\/#breadcrumb"},"inLanguage":"en-GB","potentialAction":[{"@type":"ReadAction","target":["https:\/\/rad-pal.com.pl\/sklep\/bez-kategorii\/eglo-ayles-43748-lampa-wiszaca-4x3w-gu10-ip20\/"]}]},{"@type":"ImageObject","inLanguage":"en-GB","@id":"https:\/\/rad-pal.com.pl\/sklep\/bez-kategorii\/eglo-ayles-43748-lampa-wiszaca-4x3w-gu10-ip20\/#primaryimage","url":"https:\/\/rad-pal.com.pl\/wp-content\/uploads\/2026\/02\/0de5b7e07ef09c997b0a212b29f5032e.jpg","contentUrl":"https:\/\/rad-pal.com.pl\/wp-content\/uploads\/2026\/02\/0de5b7e07ef09c997b0a212b29f5032e.jpg","width":2500,"height":2500,"caption":"2a7b1567031f888e4d85ad5648d39997"},{"@type":"BreadcrumbList","@id":"https:\/\/rad-pal.com.pl\/sklep\/bez-kategorii\/eglo-ayles-43748-lampa-wiszaca-4x3w-gu10-ip20\/#breadcrumb","itemListElement":[{"@type":"ListItem","position":1,"name":"Strona g\u0142\u00f3wna","item":"https:\/\/rad-pal.com.pl\/"},{"@type":"ListItem","position":2,"name":"Sklep","item":"https:\/\/rad-pal.com.pl\/sklep\/"},{"@type":"ListItem","position":3,"name":"Eglo AYLES 43748 lampa wisz\u0105ca 4x3W\/GU10 IP20"}]},{"@type":"WebSite","@id":"https:\/\/rad-pal.com.pl\/#website","url":"https:\/\/rad-pal.com.pl\/","name":"Rad-Pal","description":"","publisher":{"@id":"https:\/\/rad-pal.com.pl\/#organization"},"potentialAction":[{"@type":"SearchAction","target":{"@type":"EntryPoint","urlTemplate":"https:\/\/rad-pal.com.pl\/?s={search_term_string}"},"query-input":{"@type":"PropertyValueSpecification","valueRequired":true,"valueName":"search_term_string"}}],"inLanguage":"en-GB"},{"@type":"Organization","@id":"https:\/\/rad-pal.com.pl\/#organization","name":"Rad-Pal","url":"https:\/\/rad-pal.com.pl\/","logo":{"@type":"ImageObject","inLanguage":"en-GB","@id":"https:\/\/rad-pal.com.pl\/#\/schema\/logo\/image\/","url":"https:\/\/rad-pal.com.pl\/wp-content\/uploads\/2026\/03\/Projekt-bez-nazwy-30.webp","contentUrl":"https:\/\/rad-pal.com.pl\/wp-content\/uploads\/2026\/03\/Projekt-bez-nazwy-30.webp","width":600,"height":210,"caption":"Rad-Pal"},"image":{"@id":"https:\/\/rad-pal.com.pl\/#\/schema\/logo\/image\/"}}]}},"_links":{"self":[{"href":"https:\/\/rad-pal.com.pl\/en\/wp-json\/wp\/v2\/product\/31609","targetHints":{"allow":["GET"]}}],"collection":[{"href":"https:\/\/rad-pal.com.pl\/en\/wp-json\/wp\/v2\/product"}],"about":[{"href":"https:\/\/rad-pal.com.pl\/en\/wp-json\/wp\/v2\/types\/product"}],"version-history":[{"count":0,"href":"https:\/\/rad-pal.com.pl\/en\/wp-json\/wp\/v2\/product\/31609\/revisions"}],"wp:featuredmedia":[{"embeddable":true,"href":"https:\/\/rad-pal.com.pl\/en\/wp-json\/wp\/v2\/media\/31603"}],"wp:attachment":[{"href":"https:\/\/rad-pal.com.pl\/en\/wp-json\/wp\/v2\/media?parent=31609"}],"wp:term":[{"taxonomy":"product_brand","embeddable":true,"href":"https:\/\/rad-pal.com.pl\/en\/wp-json\/wp\/v2\/product_brand?post=31609"},{"taxonomy":"product_cat","embeddable":true,"href":"https:\/\/rad-pal.com.pl\/en\/wp-json\/wp\/v2\/product_cat?post=31609"},{"taxonomy":"product_tag","embeddable":true,"href":"https:\/\/rad-pal.com.pl\/en\/wp-json\/wp\/v2\/product_tag?post=31609"}],"curies":[{"name":"wp","href":"https:\/\/api.w.org\/{rel}","templated":true}]}}