{"id":31642,"date":"2026-02-19T15:03:37","date_gmt":"2026-02-19T14:03:37","guid":{"rendered":"https:\/\/rad-pal.com.pl\/sklep\/bez-kategorii\/piaskownica-drewniana-kwadratowa-90x90-cm-relaxdays\/"},"modified":"2026-02-19T15:37:28","modified_gmt":"2026-02-19T14:37:28","slug":"piaskownica-drewniana-kwadratowa-90x90-cm-relaxdays","status":"publish","type":"product","link":"https:\/\/rad-pal.com.pl\/en\/sklep\/dziecko\/zabawki-ogrodowe\/piaskownice-i-zabawki-do-piasku\/piaskownice\/piaskownica-drewniana-kwadratowa-90x90-cm-relaxdays\/","title":{"rendered":"Piaskownica drewniana kwadratowa 90&#215;90 cm Relaxdays"},"content":{"rendered":"<section class=\"section\">\n<div class=\"item item-12\">\n<section class=\"image-item\"><img decoding=\"async\" src=\"https:\/\/upload.cdn.baselinker.com\/products\/6014502\/b56fc4141899023c2ddf8f36f9a75ddd.jpg\" \/><\/section>\n<\/p><\/div>\n<\/section>\n<section class=\"section\">\n<div class=\"item item-6\">\n<section class=\"image-item\"><img decoding=\"async\" src=\"https:\/\/upload.cdn.baselinker.com\/products\/6014502\/d914de7cf0011b4c81fc1bebba267e21.jpg\" \/><\/section>\n<\/p><\/div>\n<div class=\"item item-6\">\n<section class=\"text-item\">\n<h1>\u2705PIASKOWNICA DZIECI\u0118CA DREWNIANA WYSOKA JAKO\u015a\u0106 90cm<\/h1>\n<ul>\n<li><b>Wytrzyma\u0142a<\/b> piaskownica do <b>budowania, kszta\u0142towania<\/b> i <b>zabawy<\/b> &#8211; wiele zabawy dla ma\u0142ych i du\u017cych dzieci<\/li>\n<\/ul>\n<\/section><\/div>\n<\/section>\n<section class=\"section\">\n<div class=\"item item-6\">\n<section class=\"image-item\"><img decoding=\"async\" src=\"https:\/\/upload.cdn.baselinker.com\/products\/6014502\/b0bf84128a22e9a85e5342fbaedf0b32.jpg\" \/><\/section>\n<\/p><\/div>\n<div class=\"item item-6\">\n<section class=\"text-item\">\n<h2>\u2728MATERIA\u0141 WYKONANIA<\/h2>\n<ul>\n<li><b>\u2714\ufe0fPiaskownica<\/b> zosta\u0142a <b>wykonana<\/b> z wytrzyma\u0142ego <b>drewna jod\u0142owego<\/b> w naturalnym odcieniu do <b>u\u017cytku<\/b> na <b>zewn\u0105trz.<\/b><\/li>\n<\/ul>\n<h2>\u2728PROSTY MONTA\u017b<\/h2>\n<ul>\n<li><b>\u2714\ufe0fSzybki<\/b> i <b>\u0142atwy<\/b> monta\u017c dzi\u0119ki zawartej w zestawie instrukcji oraz wszyst<b>k<\/b>im <b>potrzebnym<\/b> narz\u0119dziom.<\/li>\n<\/ul>\n<\/section><\/div>\n<\/section>\n<section class=\"section\">\n<div class=\"item item-6\">\n<section class=\"image-item\"><img decoding=\"async\" src=\"https:\/\/upload.cdn.baselinker.com\/products\/6014502\/3993513bf78a8386627fd6ec00e5e3f5.jpg\" \/><\/section>\n<\/p><\/div>\n<div class=\"item item-6\">\n<section class=\"text-item\">\n<h2>\u27284 KOLOROWE SIEDZISKA<\/h2>\n<ul>\n<li><b>Kwadratowa piaskownica<\/b> z kolorowymi <b>naro\u017cnikami<\/b> \u2013 dla dzieci do ok. 50 kg<\/li>\n<\/ul>\n<ul>\n<li>Zosta\u0142y one <b>umieszczonena rogach<\/b> piaskownicy, przez co dzieci b\u0119d\u0105 <b>mog\u0142y bawi\u0107<\/b> si\u0119 <b>siedz\u0105c.<\/b><\/li>\n<\/ul>\n<p><b>WYMIARY<\/b><\/p>\n<ul>\n<li>Siedzenia naro\u017cne (szer. x g\u0142.): ok. 14 x 20 cm.<\/li>\n<\/ul>\n<p><b>Wskaz\u00f3wka:<\/b> aby d\u0142ugo cieszy\u0107 si\u0119 piaskownic\u0105, drewno powinno by\u0107 regularnie lakierowane.<\/p>\n<\/section><\/div>\n<\/section>\n<section class=\"section\">\n<div class=\"item item-6\">\n<section class=\"image-item\"><img decoding=\"async\" src=\"https:\/\/upload.cdn.baselinker.com\/products\/6014502\/2a931b6c826cade5b93cb63f38d0d6bc.jpg\" \/><\/section>\n<\/p><\/div>\n<div class=\"item item-6\">\n<section class=\"text-item\">\n<h2>\u2728SPECYFIKACJA<\/h2>\n<ul>\n<li><b>Maks.<\/b> No\u015bno\u015b\u0107: 50 kg,<\/li>\n<\/ul>\n<ul>\n<li><b>Waga:<\/b> ok. 2,4 kg.<\/li>\n<\/ul>\n<ul>\n<li><b>Materia\u0142:<\/b> drewno jod\u0142owe.<\/li>\n<\/ul>\n<ul>\n<li><b>Kolor:<\/b> naturalny.<\/li>\n<\/ul>\n<h2>\u2728W ZESTAWIE<\/h2>\n<ul>\n<li><b>Instrukcja<\/b> i <b>materia\u0142y<\/b> monta\u017cowe. &#8211;<\/li>\n<\/ul>\n<\/section><\/div>\n<\/section>\n<section class=\"section\">\n<div class=\"item item-12\">\n<section class=\"image-item\"><img decoding=\"async\" src=\"https:\/\/upload.cdn.baselinker.com\/products\/6014502\/d914de7cf0011b4c81fc1bebba267e21.jpg\" \/><\/section>\n<\/p><\/div>\n<\/section>\n<section class=\"section\">\n<div class=\"item item-6\">\n<section class=\"image-item\"><img decoding=\"async\" src=\"https:\/\/upload.cdn.baselinker.com\/products\/6014502\/b0bf84128a22e9a85e5342fbaedf0b32.jpg\" \/><\/section>\n<\/p><\/div>\n<div class=\"item item-6\">\n<section class=\"image-item\"><img decoding=\"async\" src=\"https:\/\/upload.cdn.baselinker.com\/products\/6014502\/b0bf84128a22e9a85e5342fbaedf0b32.jpg\" \/><\/section>\n<\/p><\/div>\n<\/section>\n<section class=\"section\">\n<div class=\"item item-12\">\n<section class=\"image-item\"><img decoding=\"async\" src=\"https:\/\/upload.cdn.baselinker.com\/products\/6014502\/155fc558fc8f775538bb22837d089fec.jpg\" \/><\/section>\n<\/p><\/div>\n<\/section>\n<section class=\"section\">\n<div class=\"item item-12\">\n<section class=\"text-item\">\n<p>1<\/p>\n<\/section><\/div>\n<\/section>","protected":false},"excerpt":{"rendered":"<p>\u2705PIASKOWNICA DZIECI\u0118CA DREWNIANA WYSOKA JAKO\u015a\u0106 90cm Wytrzyma\u0142a piaskownica do budowania, kszta\u0142towania i zabawy &#8211; wiele zabawy dla ma\u0142ych i du\u017cych<\/p>","protected":false},"featured_media":31635,"template":"","meta":[],"product_brand":[],"product_cat":[81,348,347,107],"product_tag":[],"class_list":{"0":"post-31642","1":"product","2":"type-product","3":"status-publish","4":"has-post-thumbnail","6":"product_cat-dziecko","7":"product_cat-piaskownice","8":"product_cat-piaskownice-i-zabawki-do-piasku","9":"product_cat-zabawki-ogrodowe","11":"first","12":"instock","13":"taxable","14":"shipping-taxable","15":"purchasable","16":"product-type-simple"},"yoast_head":"<!-- This site is optimized with the Yoast SEO plugin v25.7 - https:\/\/yoast.com\/wordpress\/plugins\/seo\/ -->\n<title>Piaskownica drewniana kwadratowa 90x90 cm Relaxdays - Rad-Pal<\/title>\n<meta name=\"robots\" content=\"index, follow, max-snippet:-1, max-image-preview:large, max-video-preview:-1\" \/>\n<link rel=\"canonical\" href=\"https:\/\/rad-pal.com.pl\/en\/sklep\/bez-kategorii\/piaskownica-drewniana-kwadratowa-90x90-cm-relaxdays\/\" \/>\n<meta property=\"og:locale\" content=\"en_GB\" \/>\n<meta property=\"og:type\" content=\"article\" \/>\n<meta property=\"og:title\" content=\"Piaskownica drewniana kwadratowa 90x90 cm Relaxdays - Rad-Pal\" \/>\n<meta property=\"og:description\" content=\"\u2705PIASKOWNICA DZIECI\u0118CA DREWNIANA WYSOKA JAKO\u015a\u0106 90cm Wytrzyma\u0142a piaskownica do budowania, kszta\u0142towania i zabawy &#8211; wiele zabawy dla ma\u0142ych i du\u017cych\" \/>\n<meta property=\"og:url\" content=\"https:\/\/rad-pal.com.pl\/en\/sklep\/bez-kategorii\/piaskownica-drewniana-kwadratowa-90x90-cm-relaxdays\/\" \/>\n<meta property=\"og:site_name\" content=\"Rad-Pal\" \/>\n<meta property=\"article:modified_time\" content=\"2026-02-19T14:37:28+00:00\" \/>\n<meta property=\"og:image\" content=\"https:\/\/upload.cdn.baselinker.com\/products\/6014502\/b56fc4141899023c2ddf8f36f9a75ddd.jpg\" \/>\n<meta name=\"twitter:card\" content=\"summary_large_image\" \/>\n<meta name=\"twitter:label1\" content=\"Estimated reading time\" \/>\n\t<meta name=\"twitter:data1\" content=\"1 minute\" \/>\n<script type=\"application\/ld+json\" class=\"yoast-schema-graph\">{\"@context\":\"https:\/\/schema.org\",\"@graph\":[{\"@type\":\"WebPage\",\"@id\":\"https:\/\/rad-pal.com.pl\/sklep\/bez-kategorii\/piaskownica-drewniana-kwadratowa-90x90-cm-relaxdays\/\",\"url\":\"https:\/\/rad-pal.com.pl\/sklep\/bez-kategorii\/piaskownica-drewniana-kwadratowa-90x90-cm-relaxdays\/\",\"name\":\"Piaskownica drewniana kwadratowa 90x90 cm Relaxdays - Rad-Pal\",\"isPartOf\":{\"@id\":\"https:\/\/rad-pal.com.pl\/#website\"},\"primaryImageOfPage\":{\"@id\":\"https:\/\/rad-pal.com.pl\/sklep\/bez-kategorii\/piaskownica-drewniana-kwadratowa-90x90-cm-relaxdays\/#primaryimage\"},\"image\":{\"@id\":\"https:\/\/rad-pal.com.pl\/sklep\/bez-kategorii\/piaskownica-drewniana-kwadratowa-90x90-cm-relaxdays\/#primaryimage\"},\"thumbnailUrl\":\"https:\/\/rad-pal.com.pl\/wp-content\/uploads\/2026\/02\/d914de7cf0011b4c81fc1bebba267e21.jpg\",\"datePublished\":\"2026-02-19T14:03:37+00:00\",\"dateModified\":\"2026-02-19T14:37:28+00:00\",\"breadcrumb\":{\"@id\":\"https:\/\/rad-pal.com.pl\/sklep\/bez-kategorii\/piaskownica-drewniana-kwadratowa-90x90-cm-relaxdays\/#breadcrumb\"},\"inLanguage\":\"en-GB\",\"potentialAction\":[{\"@type\":\"ReadAction\",\"target\":[\"https:\/\/rad-pal.com.pl\/sklep\/bez-kategorii\/piaskownica-drewniana-kwadratowa-90x90-cm-relaxdays\/\"]}]},{\"@type\":\"ImageObject\",\"inLanguage\":\"en-GB\",\"@id\":\"https:\/\/rad-pal.com.pl\/sklep\/bez-kategorii\/piaskownica-drewniana-kwadratowa-90x90-cm-relaxdays\/#primaryimage\",\"url\":\"https:\/\/rad-pal.com.pl\/wp-content\/uploads\/2026\/02\/d914de7cf0011b4c81fc1bebba267e21.jpg\",\"contentUrl\":\"https:\/\/rad-pal.com.pl\/wp-content\/uploads\/2026\/02\/d914de7cf0011b4c81fc1bebba267e21.jpg\",\"width\":2048,\"height\":2048,\"caption\":\"eaad1f3ffaaf3def9cdc30ccf519e1ca\"},{\"@type\":\"BreadcrumbList\",\"@id\":\"https:\/\/rad-pal.com.pl\/sklep\/bez-kategorii\/piaskownica-drewniana-kwadratowa-90x90-cm-relaxdays\/#breadcrumb\",\"itemListElement\":[{\"@type\":\"ListItem\",\"position\":1,\"name\":\"Strona g\u0142\u00f3wna\",\"item\":\"https:\/\/rad-pal.com.pl\/\"},{\"@type\":\"ListItem\",\"position\":2,\"name\":\"Sklep\",\"item\":\"https:\/\/rad-pal.com.pl\/sklep\/\"},{\"@type\":\"ListItem\",\"position\":3,\"name\":\"Piaskownica drewniana kwadratowa 90&#215;90 cm Relaxdays\"}]},{\"@type\":\"WebSite\",\"@id\":\"https:\/\/rad-pal.com.pl\/#website\",\"url\":\"https:\/\/rad-pal.com.pl\/\",\"name\":\"Rad-Pal\",\"description\":\"\",\"publisher\":{\"@id\":\"https:\/\/rad-pal.com.pl\/#organization\"},\"potentialAction\":[{\"@type\":\"SearchAction\",\"target\":{\"@type\":\"EntryPoint\",\"urlTemplate\":\"https:\/\/rad-pal.com.pl\/?s={search_term_string}\"},\"query-input\":{\"@type\":\"PropertyValueSpecification\",\"valueRequired\":true,\"valueName\":\"search_term_string\"}}],\"inLanguage\":\"en-GB\"},{\"@type\":\"Organization\",\"@id\":\"https:\/\/rad-pal.com.pl\/#organization\",\"name\":\"Rad-Pal\",\"url\":\"https:\/\/rad-pal.com.pl\/\",\"logo\":{\"@type\":\"ImageObject\",\"inLanguage\":\"en-GB\",\"@id\":\"https:\/\/rad-pal.com.pl\/#\/schema\/logo\/image\/\",\"url\":\"https:\/\/rad-pal.com.pl\/wp-content\/uploads\/2026\/03\/Projekt-bez-nazwy-30.webp\",\"contentUrl\":\"https:\/\/rad-pal.com.pl\/wp-content\/uploads\/2026\/03\/Projekt-bez-nazwy-30.webp\",\"width\":600,\"height\":210,\"caption\":\"Rad-Pal\"},\"image\":{\"@id\":\"https:\/\/rad-pal.com.pl\/#\/schema\/logo\/image\/\"}}]}<\/script>\n<!-- \/ Yoast SEO plugin. -->","yoast_head_json":{"title":"Piaskownica drewniana kwadratowa 90x90 cm Relaxdays - Rad-Pal","robots":{"index":"index","follow":"follow","max-snippet":"max-snippet:-1","max-image-preview":"max-image-preview:large","max-video-preview":"max-video-preview:-1"},"canonical":"https:\/\/rad-pal.com.pl\/en\/sklep\/bez-kategorii\/piaskownica-drewniana-kwadratowa-90x90-cm-relaxdays\/","og_locale":"en_GB","og_type":"article","og_title":"Piaskownica drewniana kwadratowa 90x90 cm Relaxdays - Rad-Pal","og_description":"\u2705PIASKOWNICA DZIECI\u0118CA DREWNIANA WYSOKA JAKO\u015a\u0106 90cm Wytrzyma\u0142a piaskownica do budowania, kszta\u0142towania i zabawy &#8211; wiele zabawy dla ma\u0142ych i du\u017cych","og_url":"https:\/\/rad-pal.com.pl\/en\/sklep\/bez-kategorii\/piaskownica-drewniana-kwadratowa-90x90-cm-relaxdays\/","og_site_name":"Rad-Pal","article_modified_time":"2026-02-19T14:37:28+00:00","og_image":[{"url":"https:\/\/upload.cdn.baselinker.com\/products\/6014502\/b56fc4141899023c2ddf8f36f9a75ddd.jpg","type":"","width":"","height":""}],"twitter_card":"summary_large_image","twitter_misc":{"Estimated reading time":"1 minute"},"schema":{"@context":"https:\/\/schema.org","@graph":[{"@type":"WebPage","@id":"https:\/\/rad-pal.com.pl\/sklep\/bez-kategorii\/piaskownica-drewniana-kwadratowa-90x90-cm-relaxdays\/","url":"https:\/\/rad-pal.com.pl\/sklep\/bez-kategorii\/piaskownica-drewniana-kwadratowa-90x90-cm-relaxdays\/","name":"Piaskownica drewniana kwadratowa 90x90 cm Relaxdays - Rad-Pal","isPartOf":{"@id":"https:\/\/rad-pal.com.pl\/#website"},"primaryImageOfPage":{"@id":"https:\/\/rad-pal.com.pl\/sklep\/bez-kategorii\/piaskownica-drewniana-kwadratowa-90x90-cm-relaxdays\/#primaryimage"},"image":{"@id":"https:\/\/rad-pal.com.pl\/sklep\/bez-kategorii\/piaskownica-drewniana-kwadratowa-90x90-cm-relaxdays\/#primaryimage"},"thumbnailUrl":"https:\/\/rad-pal.com.pl\/wp-content\/uploads\/2026\/02\/d914de7cf0011b4c81fc1bebba267e21.jpg","datePublished":"2026-02-19T14:03:37+00:00","dateModified":"2026-02-19T14:37:28+00:00","breadcrumb":{"@id":"https:\/\/rad-pal.com.pl\/sklep\/bez-kategorii\/piaskownica-drewniana-kwadratowa-90x90-cm-relaxdays\/#breadcrumb"},"inLanguage":"en-GB","potentialAction":[{"@type":"ReadAction","target":["https:\/\/rad-pal.com.pl\/sklep\/bez-kategorii\/piaskownica-drewniana-kwadratowa-90x90-cm-relaxdays\/"]}]},{"@type":"ImageObject","inLanguage":"en-GB","@id":"https:\/\/rad-pal.com.pl\/sklep\/bez-kategorii\/piaskownica-drewniana-kwadratowa-90x90-cm-relaxdays\/#primaryimage","url":"https:\/\/rad-pal.com.pl\/wp-content\/uploads\/2026\/02\/d914de7cf0011b4c81fc1bebba267e21.jpg","contentUrl":"https:\/\/rad-pal.com.pl\/wp-content\/uploads\/2026\/02\/d914de7cf0011b4c81fc1bebba267e21.jpg","width":2048,"height":2048,"caption":"eaad1f3ffaaf3def9cdc30ccf519e1ca"},{"@type":"BreadcrumbList","@id":"https:\/\/rad-pal.com.pl\/sklep\/bez-kategorii\/piaskownica-drewniana-kwadratowa-90x90-cm-relaxdays\/#breadcrumb","itemListElement":[{"@type":"ListItem","position":1,"name":"Strona g\u0142\u00f3wna","item":"https:\/\/rad-pal.com.pl\/"},{"@type":"ListItem","position":2,"name":"Sklep","item":"https:\/\/rad-pal.com.pl\/sklep\/"},{"@type":"ListItem","position":3,"name":"Piaskownica drewniana kwadratowa 90&#215;90 cm Relaxdays"}]},{"@type":"WebSite","@id":"https:\/\/rad-pal.com.pl\/#website","url":"https:\/\/rad-pal.com.pl\/","name":"Rad-Pal","description":"","publisher":{"@id":"https:\/\/rad-pal.com.pl\/#organization"},"potentialAction":[{"@type":"SearchAction","target":{"@type":"EntryPoint","urlTemplate":"https:\/\/rad-pal.com.pl\/?s={search_term_string}"},"query-input":{"@type":"PropertyValueSpecification","valueRequired":true,"valueName":"search_term_string"}}],"inLanguage":"en-GB"},{"@type":"Organization","@id":"https:\/\/rad-pal.com.pl\/#organization","name":"Rad-Pal","url":"https:\/\/rad-pal.com.pl\/","logo":{"@type":"ImageObject","inLanguage":"en-GB","@id":"https:\/\/rad-pal.com.pl\/#\/schema\/logo\/image\/","url":"https:\/\/rad-pal.com.pl\/wp-content\/uploads\/2026\/03\/Projekt-bez-nazwy-30.webp","contentUrl":"https:\/\/rad-pal.com.pl\/wp-content\/uploads\/2026\/03\/Projekt-bez-nazwy-30.webp","width":600,"height":210,"caption":"Rad-Pal"},"image":{"@id":"https:\/\/rad-pal.com.pl\/#\/schema\/logo\/image\/"}}]}},"_links":{"self":[{"href":"https:\/\/rad-pal.com.pl\/en\/wp-json\/wp\/v2\/product\/31642","targetHints":{"allow":["GET"]}}],"collection":[{"href":"https:\/\/rad-pal.com.pl\/en\/wp-json\/wp\/v2\/product"}],"about":[{"href":"https:\/\/rad-pal.com.pl\/en\/wp-json\/wp\/v2\/types\/product"}],"version-history":[{"count":0,"href":"https:\/\/rad-pal.com.pl\/en\/wp-json\/wp\/v2\/product\/31642\/revisions"}],"wp:featuredmedia":[{"embeddable":true,"href":"https:\/\/rad-pal.com.pl\/en\/wp-json\/wp\/v2\/media\/31635"}],"wp:attachment":[{"href":"https:\/\/rad-pal.com.pl\/en\/wp-json\/wp\/v2\/media?parent=31642"}],"wp:term":[{"taxonomy":"product_brand","embeddable":true,"href":"https:\/\/rad-pal.com.pl\/en\/wp-json\/wp\/v2\/product_brand?post=31642"},{"taxonomy":"product_cat","embeddable":true,"href":"https:\/\/rad-pal.com.pl\/en\/wp-json\/wp\/v2\/product_cat?post=31642"},{"taxonomy":"product_tag","embeddable":true,"href":"https:\/\/rad-pal.com.pl\/en\/wp-json\/wp\/v2\/product_tag?post=31642"}],"curies":[{"name":"wp","href":"https:\/\/api.w.org\/{rel}","templated":true}]}}