{"id":31766,"date":"2026-02-19T15:08:26","date_gmt":"2026-02-19T14:08:26","guid":{"rendered":"https:\/\/rad-pal.com.pl\/sklep\/bez-kategorii\/pergola-metal-relaxdays-slup-200-cm-5587\/"},"modified":"2026-02-19T15:38:08","modified_gmt":"2026-02-19T14:38:08","slug":"pergola-metal-relaxdays-slup-200-cm-5587","status":"publish","type":"product","link":"https:\/\/rad-pal.com.pl\/en\/sklep\/dom-i-ogrod\/ogrod\/architektura-ogrodowa\/pergole-i-trejaze\/pergola-metal-relaxdays-slup-200-cm-5587\/","title":{"rendered":"Pergola metal Relaxdays s\u0142up 200 cm #5587"},"content":{"rendered":"<section class=\"section\">\n<div class=\"item item-12\">\n<section class=\"text-item\">\n<h1>\u2733\ufe0fSolidny metalowy treja\u017c kolumnowy<\/h1>\n<\/section><\/div>\n<\/section>\n<section class=\"section\">\n<div class=\"item item-6\">\n<section class=\"image-item\"><img decoding=\"async\" src=\"https:\/\/upload.cdn.baselinker.com\/products\/6014502\/89d7facea0f2ef8ed2f653982226d5cc.jpg\" \/><\/section>\n<\/p><\/div>\n<div class=\"item item-6\">\n<section class=\"text-item\">\n<p>\u27a1\ufe0fNie ma nic bardziej romantycznego ni\u017c relaks we w\u0142asnym ogrodzie w lecie przy blasku p\u0142atk\u00f3w r\u00f3\u017c. Udekoruj sw\u00f3j teren zewn\u0119trzny samodzielnie posadzonymi r\u00f3\u017cami pn\u0105cymi lub pn\u0105czami dzi\u0119ki tej kolumnie wspinaczkowej. Kolumna do wspinania daje m\u0142odym ro\u015blinom wystarczaj\u0105c\u0105 podpor\u0119 do stabilnego wzrostu i wspinania si\u0119. Mi\u0142o\u015bnicy aromatycznych pomidor\u00f3w mog\u0105 r\u00f3wnie\u017c wykorzysta\u0107 metalowy treja\u017c do uprawiania ro\u015blin u\u017cytkowych. Dzi\u0119ki dekoracyjnemu wierzcho\u0142kowi czarny obelisk do wspinania staje si\u0119 dekoracyjnym elementem przyci\u0105gaj\u0105cym wzrok.<\/p>\n<\/section><\/div>\n<\/section>\n<section class=\"section\">\n<div class=\"item item-6\">\n<section class=\"image-item\"><img decoding=\"async\" src=\"https:\/\/upload.cdn.baselinker.com\/products\/6014502\/ce5a7cb638f9b7c3a74ef58fa69a102a.jpg\" \/><\/section>\n<\/p><\/div>\n<div class=\"item item-6\">\n<section class=\"text-item\">\n<h1>\u2733\ufe0fKolumna pod pn\u0105cza do ogrodu<\/h1>\n<\/section><\/div>\n<\/section>\n<section class=\"section\">\n<div class=\"item item-12\">\n<section class=\"text-item\">\n<p>\u27a1\ufe0fdaje ro\u015blinom oparcie podczas wzrostu<\/p>\n<p>\u27a1\ufe0fpergola idealna do r\u00f3\u017c, dzikich winoro\u015bli, bluszczu, pomidor\u00f3w itp.<\/p>\n<p>\u27a1\ufe0fdekoracyjne zako\u0144czenie przyci\u0105ga wzrok<\/p>\n<p>\u27a1\ufe0fwystarczy wetkn\u0105\u0107 kolce w ziemi\u0119, aby uzyska\u0107 stabilno\u015b\u0107<\/p>\n<p>\u27a1\ufe0fodporna na warunki atmosferyczne metalowa obr\u0119cz z 3 pier\u015bcieniami<\/p>\n<\/section><\/div>\n<\/section>\n<section class=\"section\">\n<div class=\"item item-12\">\n<section class=\"text-item\">\n<p>12<\/p>\n<\/section><\/div>\n<\/section>","protected":false},"excerpt":{"rendered":"<p>\u2733\ufe0fSolidny metalowy treja\u017c kolumnowy \u27a1\ufe0fNie ma nic bardziej romantycznego ni\u017c relaks we w\u0142asnym ogrodzie w lecie przy blasku p\u0142atk\u00f3w r\u00f3\u017c.<\/p>","protected":false},"featured_media":31759,"template":"","meta":[],"product_brand":[],"product_cat":[138,86,111,139],"product_tag":[],"class_list":{"0":"post-31766","1":"product","2":"type-product","3":"status-publish","4":"has-post-thumbnail","6":"product_cat-architektura-ogrodowa","7":"product_cat-dom-i-ogrod","8":"product_cat-ogrod","9":"product_cat-pergole-i-trejaze","11":"first","12":"instock","13":"taxable","14":"shipping-taxable","15":"purchasable","16":"product-type-simple"},"yoast_head":"<!-- This site is optimized with the Yoast SEO plugin v25.7 - https:\/\/yoast.com\/wordpress\/plugins\/seo\/ -->\n<title>Pergola metal Relaxdays s\u0142up 200 cm #5587 - Rad-Pal<\/title>\n<meta name=\"robots\" content=\"index, follow, max-snippet:-1, max-image-preview:large, max-video-preview:-1\" \/>\n<link rel=\"canonical\" href=\"https:\/\/rad-pal.com.pl\/en\/sklep\/bez-kategorii\/pergola-metal-relaxdays-slup-200-cm-5587\/\" \/>\n<meta property=\"og:locale\" content=\"en_GB\" \/>\n<meta property=\"og:type\" content=\"article\" \/>\n<meta property=\"og:title\" content=\"Pergola metal Relaxdays s\u0142up 200 cm #5587 - Rad-Pal\" \/>\n<meta property=\"og:description\" content=\"\u2733\ufe0fSolidny metalowy treja\u017c kolumnowy \u27a1\ufe0fNie ma nic bardziej romantycznego ni\u017c relaks we w\u0142asnym ogrodzie w lecie przy blasku p\u0142atk\u00f3w r\u00f3\u017c.\" \/>\n<meta property=\"og:url\" content=\"https:\/\/rad-pal.com.pl\/en\/sklep\/bez-kategorii\/pergola-metal-relaxdays-slup-200-cm-5587\/\" \/>\n<meta property=\"og:site_name\" content=\"Rad-Pal\" \/>\n<meta property=\"article:modified_time\" content=\"2026-02-19T14:38:08+00:00\" \/>\n<meta property=\"og:image\" content=\"https:\/\/upload.cdn.baselinker.com\/products\/6014502\/89d7facea0f2ef8ed2f653982226d5cc.jpg\" \/>\n<meta name=\"twitter:card\" content=\"summary_large_image\" \/>\n<meta name=\"twitter:label1\" content=\"Estimated reading time\" \/>\n\t<meta name=\"twitter:data1\" content=\"1 minute\" \/>\n<script type=\"application\/ld+json\" class=\"yoast-schema-graph\">{\"@context\":\"https:\/\/schema.org\",\"@graph\":[{\"@type\":\"WebPage\",\"@id\":\"https:\/\/rad-pal.com.pl\/sklep\/bez-kategorii\/pergola-metal-relaxdays-slup-200-cm-5587\/\",\"url\":\"https:\/\/rad-pal.com.pl\/sklep\/bez-kategorii\/pergola-metal-relaxdays-slup-200-cm-5587\/\",\"name\":\"Pergola metal Relaxdays s\u0142up 200 cm #5587 - Rad-Pal\",\"isPartOf\":{\"@id\":\"https:\/\/rad-pal.com.pl\/#website\"},\"primaryImageOfPage\":{\"@id\":\"https:\/\/rad-pal.com.pl\/sklep\/bez-kategorii\/pergola-metal-relaxdays-slup-200-cm-5587\/#primaryimage\"},\"image\":{\"@id\":\"https:\/\/rad-pal.com.pl\/sklep\/bez-kategorii\/pergola-metal-relaxdays-slup-200-cm-5587\/#primaryimage\"},\"thumbnailUrl\":\"https:\/\/rad-pal.com.pl\/wp-content\/uploads\/2026\/02\/89d7facea0f2ef8ed2f653982226d5cc.jpg\",\"datePublished\":\"2026-02-19T14:08:26+00:00\",\"dateModified\":\"2026-02-19T14:38:08+00:00\",\"breadcrumb\":{\"@id\":\"https:\/\/rad-pal.com.pl\/sklep\/bez-kategorii\/pergola-metal-relaxdays-slup-200-cm-5587\/#breadcrumb\"},\"inLanguage\":\"en-GB\",\"potentialAction\":[{\"@type\":\"ReadAction\",\"target\":[\"https:\/\/rad-pal.com.pl\/sklep\/bez-kategorii\/pergola-metal-relaxdays-slup-200-cm-5587\/\"]}]},{\"@type\":\"ImageObject\",\"inLanguage\":\"en-GB\",\"@id\":\"https:\/\/rad-pal.com.pl\/sklep\/bez-kategorii\/pergola-metal-relaxdays-slup-200-cm-5587\/#primaryimage\",\"url\":\"https:\/\/rad-pal.com.pl\/wp-content\/uploads\/2026\/02\/89d7facea0f2ef8ed2f653982226d5cc.jpg\",\"contentUrl\":\"https:\/\/rad-pal.com.pl\/wp-content\/uploads\/2026\/02\/89d7facea0f2ef8ed2f653982226d5cc.jpg\",\"width\":681,\"height\":681,\"caption\":\"660aa73d5cabc28a6054ced3130f6743\"},{\"@type\":\"BreadcrumbList\",\"@id\":\"https:\/\/rad-pal.com.pl\/sklep\/bez-kategorii\/pergola-metal-relaxdays-slup-200-cm-5587\/#breadcrumb\",\"itemListElement\":[{\"@type\":\"ListItem\",\"position\":1,\"name\":\"Strona g\u0142\u00f3wna\",\"item\":\"https:\/\/rad-pal.com.pl\/\"},{\"@type\":\"ListItem\",\"position\":2,\"name\":\"Sklep\",\"item\":\"https:\/\/rad-pal.com.pl\/sklep\/\"},{\"@type\":\"ListItem\",\"position\":3,\"name\":\"Pergola metal Relaxdays s\u0142up 200 cm #5587\"}]},{\"@type\":\"WebSite\",\"@id\":\"https:\/\/rad-pal.com.pl\/#website\",\"url\":\"https:\/\/rad-pal.com.pl\/\",\"name\":\"Rad-Pal\",\"description\":\"\",\"publisher\":{\"@id\":\"https:\/\/rad-pal.com.pl\/#organization\"},\"potentialAction\":[{\"@type\":\"SearchAction\",\"target\":{\"@type\":\"EntryPoint\",\"urlTemplate\":\"https:\/\/rad-pal.com.pl\/?s={search_term_string}\"},\"query-input\":{\"@type\":\"PropertyValueSpecification\",\"valueRequired\":true,\"valueName\":\"search_term_string\"}}],\"inLanguage\":\"en-GB\"},{\"@type\":\"Organization\",\"@id\":\"https:\/\/rad-pal.com.pl\/#organization\",\"name\":\"Rad-Pal\",\"url\":\"https:\/\/rad-pal.com.pl\/\",\"logo\":{\"@type\":\"ImageObject\",\"inLanguage\":\"en-GB\",\"@id\":\"https:\/\/rad-pal.com.pl\/#\/schema\/logo\/image\/\",\"url\":\"https:\/\/rad-pal.com.pl\/wp-content\/uploads\/2026\/03\/Projekt-bez-nazwy-30.webp\",\"contentUrl\":\"https:\/\/rad-pal.com.pl\/wp-content\/uploads\/2026\/03\/Projekt-bez-nazwy-30.webp\",\"width\":600,\"height\":210,\"caption\":\"Rad-Pal\"},\"image\":{\"@id\":\"https:\/\/rad-pal.com.pl\/#\/schema\/logo\/image\/\"}}]}<\/script>\n<!-- \/ Yoast SEO plugin. -->","yoast_head_json":{"title":"Pergola metal Relaxdays s\u0142up 200 cm #5587 - Rad-Pal","robots":{"index":"index","follow":"follow","max-snippet":"max-snippet:-1","max-image-preview":"max-image-preview:large","max-video-preview":"max-video-preview:-1"},"canonical":"https:\/\/rad-pal.com.pl\/en\/sklep\/bez-kategorii\/pergola-metal-relaxdays-slup-200-cm-5587\/","og_locale":"en_GB","og_type":"article","og_title":"Pergola metal Relaxdays s\u0142up 200 cm #5587 - Rad-Pal","og_description":"\u2733\ufe0fSolidny metalowy treja\u017c kolumnowy \u27a1\ufe0fNie ma nic bardziej romantycznego ni\u017c relaks we w\u0142asnym ogrodzie w lecie przy blasku p\u0142atk\u00f3w r\u00f3\u017c.","og_url":"https:\/\/rad-pal.com.pl\/en\/sklep\/bez-kategorii\/pergola-metal-relaxdays-slup-200-cm-5587\/","og_site_name":"Rad-Pal","article_modified_time":"2026-02-19T14:38:08+00:00","og_image":[{"url":"https:\/\/upload.cdn.baselinker.com\/products\/6014502\/89d7facea0f2ef8ed2f653982226d5cc.jpg","type":"","width":"","height":""}],"twitter_card":"summary_large_image","twitter_misc":{"Estimated reading time":"1 minute"},"schema":{"@context":"https:\/\/schema.org","@graph":[{"@type":"WebPage","@id":"https:\/\/rad-pal.com.pl\/sklep\/bez-kategorii\/pergola-metal-relaxdays-slup-200-cm-5587\/","url":"https:\/\/rad-pal.com.pl\/sklep\/bez-kategorii\/pergola-metal-relaxdays-slup-200-cm-5587\/","name":"Pergola metal Relaxdays s\u0142up 200 cm #5587 - Rad-Pal","isPartOf":{"@id":"https:\/\/rad-pal.com.pl\/#website"},"primaryImageOfPage":{"@id":"https:\/\/rad-pal.com.pl\/sklep\/bez-kategorii\/pergola-metal-relaxdays-slup-200-cm-5587\/#primaryimage"},"image":{"@id":"https:\/\/rad-pal.com.pl\/sklep\/bez-kategorii\/pergola-metal-relaxdays-slup-200-cm-5587\/#primaryimage"},"thumbnailUrl":"https:\/\/rad-pal.com.pl\/wp-content\/uploads\/2026\/02\/89d7facea0f2ef8ed2f653982226d5cc.jpg","datePublished":"2026-02-19T14:08:26+00:00","dateModified":"2026-02-19T14:38:08+00:00","breadcrumb":{"@id":"https:\/\/rad-pal.com.pl\/sklep\/bez-kategorii\/pergola-metal-relaxdays-slup-200-cm-5587\/#breadcrumb"},"inLanguage":"en-GB","potentialAction":[{"@type":"ReadAction","target":["https:\/\/rad-pal.com.pl\/sklep\/bez-kategorii\/pergola-metal-relaxdays-slup-200-cm-5587\/"]}]},{"@type":"ImageObject","inLanguage":"en-GB","@id":"https:\/\/rad-pal.com.pl\/sklep\/bez-kategorii\/pergola-metal-relaxdays-slup-200-cm-5587\/#primaryimage","url":"https:\/\/rad-pal.com.pl\/wp-content\/uploads\/2026\/02\/89d7facea0f2ef8ed2f653982226d5cc.jpg","contentUrl":"https:\/\/rad-pal.com.pl\/wp-content\/uploads\/2026\/02\/89d7facea0f2ef8ed2f653982226d5cc.jpg","width":681,"height":681,"caption":"660aa73d5cabc28a6054ced3130f6743"},{"@type":"BreadcrumbList","@id":"https:\/\/rad-pal.com.pl\/sklep\/bez-kategorii\/pergola-metal-relaxdays-slup-200-cm-5587\/#breadcrumb","itemListElement":[{"@type":"ListItem","position":1,"name":"Strona g\u0142\u00f3wna","item":"https:\/\/rad-pal.com.pl\/"},{"@type":"ListItem","position":2,"name":"Sklep","item":"https:\/\/rad-pal.com.pl\/sklep\/"},{"@type":"ListItem","position":3,"name":"Pergola metal Relaxdays s\u0142up 200 cm #5587"}]},{"@type":"WebSite","@id":"https:\/\/rad-pal.com.pl\/#website","url":"https:\/\/rad-pal.com.pl\/","name":"Rad-Pal","description":"","publisher":{"@id":"https:\/\/rad-pal.com.pl\/#organization"},"potentialAction":[{"@type":"SearchAction","target":{"@type":"EntryPoint","urlTemplate":"https:\/\/rad-pal.com.pl\/?s={search_term_string}"},"query-input":{"@type":"PropertyValueSpecification","valueRequired":true,"valueName":"search_term_string"}}],"inLanguage":"en-GB"},{"@type":"Organization","@id":"https:\/\/rad-pal.com.pl\/#organization","name":"Rad-Pal","url":"https:\/\/rad-pal.com.pl\/","logo":{"@type":"ImageObject","inLanguage":"en-GB","@id":"https:\/\/rad-pal.com.pl\/#\/schema\/logo\/image\/","url":"https:\/\/rad-pal.com.pl\/wp-content\/uploads\/2026\/03\/Projekt-bez-nazwy-30.webp","contentUrl":"https:\/\/rad-pal.com.pl\/wp-content\/uploads\/2026\/03\/Projekt-bez-nazwy-30.webp","width":600,"height":210,"caption":"Rad-Pal"},"image":{"@id":"https:\/\/rad-pal.com.pl\/#\/schema\/logo\/image\/"}}]}},"_links":{"self":[{"href":"https:\/\/rad-pal.com.pl\/en\/wp-json\/wp\/v2\/product\/31766","targetHints":{"allow":["GET"]}}],"collection":[{"href":"https:\/\/rad-pal.com.pl\/en\/wp-json\/wp\/v2\/product"}],"about":[{"href":"https:\/\/rad-pal.com.pl\/en\/wp-json\/wp\/v2\/types\/product"}],"version-history":[{"count":0,"href":"https:\/\/rad-pal.com.pl\/en\/wp-json\/wp\/v2\/product\/31766\/revisions"}],"wp:featuredmedia":[{"embeddable":true,"href":"https:\/\/rad-pal.com.pl\/en\/wp-json\/wp\/v2\/media\/31759"}],"wp:attachment":[{"href":"https:\/\/rad-pal.com.pl\/en\/wp-json\/wp\/v2\/media?parent=31766"}],"wp:term":[{"taxonomy":"product_brand","embeddable":true,"href":"https:\/\/rad-pal.com.pl\/en\/wp-json\/wp\/v2\/product_brand?post=31766"},{"taxonomy":"product_cat","embeddable":true,"href":"https:\/\/rad-pal.com.pl\/en\/wp-json\/wp\/v2\/product_cat?post=31766"},{"taxonomy":"product_tag","embeddable":true,"href":"https:\/\/rad-pal.com.pl\/en\/wp-json\/wp\/v2\/product_tag?post=31766"}],"curies":[{"name":"wp","href":"https:\/\/api.w.org\/{rel}","templated":true}]}}