{"id":31813,"date":"2026-02-19T15:10:37","date_gmt":"2026-02-19T14:10:37","guid":{"rendered":"https:\/\/rad-pal.com.pl\/sklep\/bez-kategorii\/szklanki-do-napojow-relaxdays-500-ml-3-szt\/"},"modified":"2026-02-19T15:38:29","modified_gmt":"2026-02-19T14:38:29","slug":"szklanki-do-napojow-relaxdays-500-ml-3-szt","status":"publish","type":"product","link":"https:\/\/rad-pal.com.pl\/en\/sklep\/dom-i-ogrod\/wyposazenie\/zastawa-stolowa\/naczynia-do-serwowania-napojow\/szklanki-i-kufle\/szklanki-do-napojow-relaxdays-500-ml-3-szt\/","title":{"rendered":"Szklanki do napoj\u00f3w Relaxdays 500 ml 3 szt."},"content":{"rendered":"<section class=\"section\">\n<div class=\"item item-6\">\n<section class=\"image-item\"><img decoding=\"async\" src=\"https:\/\/upload.cdn.baselinker.com\/products\/6014502\/9ba11560a15ad00e749304d913eea812.jpg\" \/><\/section>\n<\/p><\/div>\n<div class=\"item item-6\">\n<section class=\"text-item\">\n<p>Zestaw 4 s\u0142oik\u00f3w ze s\u0142omkami<\/p>\n<p>Ten zestaw 4 szklanek do picia jest idealny do delektowania si\u0119 orze\u017awiaj\u0105cymi zimnymi napojami, takimi jak soki, lemoniady lub mro\u017cona herbata i koktajle. Wyra\u017ane kolory sprawi\u0105, \u017ce s\u0142oiki w stylu retro b\u0119d\u0105 przyci\u0105ga\u0107 wzrok w domowym barze lub na nast\u0119pnym przyj\u0119ciu w ogrodzie. Dzi\u0119ki s\u0142omkom szklanki szybko si\u0119 opr\u00f3\u017cniaj\u0105, a praktyczna zakr\u0119cana pokrywka chroni zawarto\u015b\u0107 przed zabrudzeniami czy owadami. Ciesz si\u0119 pe\u0142ni\u0105 lata ze swoimi przyjaci\u00f3\u0142mi dzi\u0119ki tym modnym szklankom na napoje.<\/p>\n<ul>\n<li>praktyczny zestaw 4 sztuk z pokrywkami i s\u0142omkami<\/li>\n<li>nadaj\u0105 si\u0119 do mro\u017conej herbaty, smoothies, sok\u00f3w, koktajli itp.<\/li>\n<li>szklanki z uchwytami s\u0105 idealne na dzieci\u0119ce przyj\u0119cia urodzinowe i ogrodowe<\/li>\n<li>brak owad\u00f3w dzi\u0119ki praktycznej nakr\u0119tce<\/li>\n<li>mo\u017cliwo\u015b\u0107 mycia w zmywarce wraz ze s\u0142omk\u0105 i pokrywk\u0105<\/li>\n<\/ul>\n<ul>\n<li>wymiary z pokrywk\u0105: ok. 13,5 x 11 x 8 cm (wys. x szer. x d\u0142.)<\/li>\n<li>wymiary s\u0142omki: ok. 18 x 0,7 cm (wys. x \u015br.)<\/li>\n<li>pojemno\u015b\u0107: ok. 500 ml<\/li>\n<li>waga 1 s\u0142oika: ok. 300 g<\/li>\n<li>materia\u0142: szk\u0142o, \u017celazo, tworzywo sztuczne<\/li>\n<li>kolor szklanek: przezroczysty<\/li>\n<li>kolor pokrywek: niebieski, zielony, \u017a\u00f3\u0142ty, fioletowy<\/li>\n<\/ul>\n<p>Wielokolorowe.<\/p>\n<p>4szt w zestawie ze s\u0142omkami.<\/p>\n<p>Kod produktu 10046142.<\/p>\n<\/section><\/div>\n<\/section>\n<section class=\"section\">\n<div class=\"item item-12\">\n<section class=\"text-item\">\n<p>13<\/p>\n<\/section><\/div>\n<\/section>","protected":false},"excerpt":{"rendered":"<p>Zestaw 4 s\u0142oik\u00f3w ze s\u0142omkami Ten zestaw 4 szklanek do picia jest idealny do delektowania si\u0119 orze\u017awiaj\u0105cymi zimnymi napojami, takimi<\/p>","protected":false},"featured_media":31806,"template":"","meta":[],"product_brand":[],"product_cat":[86,131,132,87,130],"product_tag":[],"class_list":{"0":"post-31813","1":"product","2":"type-product","3":"status-publish","4":"has-post-thumbnail","6":"product_cat-dom-i-ogrod","7":"product_cat-naczynia-do-serwowania-napojow","8":"product_cat-szklanki-i-kufle","9":"product_cat-wyposazenie","10":"product_cat-zastawa-stolowa","12":"first","13":"instock","14":"taxable","15":"shipping-taxable","16":"purchasable","17":"product-type-simple"},"yoast_head":"<!-- This site is optimized with the Yoast SEO plugin v25.7 - https:\/\/yoast.com\/wordpress\/plugins\/seo\/ -->\n<title>Szklanki do napoj\u00f3w Relaxdays 500 ml 3 szt. - Rad-Pal<\/title>\n<meta name=\"robots\" content=\"index, follow, max-snippet:-1, max-image-preview:large, max-video-preview:-1\" \/>\n<link rel=\"canonical\" href=\"https:\/\/rad-pal.com.pl\/en\/sklep\/bez-kategorii\/szklanki-do-napojow-relaxdays-500-ml-3-szt\/\" \/>\n<meta property=\"og:locale\" content=\"en_GB\" \/>\n<meta property=\"og:type\" content=\"article\" \/>\n<meta property=\"og:title\" content=\"Szklanki do napoj\u00f3w Relaxdays 500 ml 3 szt. - Rad-Pal\" \/>\n<meta property=\"og:description\" content=\"Zestaw 4 s\u0142oik\u00f3w ze s\u0142omkami Ten zestaw 4 szklanek do picia jest idealny do delektowania si\u0119 orze\u017awiaj\u0105cymi zimnymi napojami, takimi\" \/>\n<meta property=\"og:url\" content=\"https:\/\/rad-pal.com.pl\/en\/sklep\/bez-kategorii\/szklanki-do-napojow-relaxdays-500-ml-3-szt\/\" \/>\n<meta property=\"og:site_name\" content=\"Rad-Pal\" \/>\n<meta property=\"article:modified_time\" content=\"2026-02-19T14:38:29+00:00\" \/>\n<meta property=\"og:image\" content=\"https:\/\/upload.cdn.baselinker.com\/products\/6014502\/9ba11560a15ad00e749304d913eea812.jpg\" \/>\n<meta name=\"twitter:card\" content=\"summary_large_image\" \/>\n<meta name=\"twitter:label1\" content=\"Estimated reading time\" \/>\n\t<meta name=\"twitter:data1\" content=\"1 minute\" \/>\n<script type=\"application\/ld+json\" class=\"yoast-schema-graph\">{\"@context\":\"https:\/\/schema.org\",\"@graph\":[{\"@type\":\"WebPage\",\"@id\":\"https:\/\/rad-pal.com.pl\/sklep\/bez-kategorii\/szklanki-do-napojow-relaxdays-500-ml-3-szt\/\",\"url\":\"https:\/\/rad-pal.com.pl\/sklep\/bez-kategorii\/szklanki-do-napojow-relaxdays-500-ml-3-szt\/\",\"name\":\"Szklanki do napoj\u00f3w Relaxdays 500 ml 3 szt. - Rad-Pal\",\"isPartOf\":{\"@id\":\"https:\/\/rad-pal.com.pl\/#website\"},\"primaryImageOfPage\":{\"@id\":\"https:\/\/rad-pal.com.pl\/sklep\/bez-kategorii\/szklanki-do-napojow-relaxdays-500-ml-3-szt\/#primaryimage\"},\"image\":{\"@id\":\"https:\/\/rad-pal.com.pl\/sklep\/bez-kategorii\/szklanki-do-napojow-relaxdays-500-ml-3-szt\/#primaryimage\"},\"thumbnailUrl\":\"https:\/\/rad-pal.com.pl\/wp-content\/uploads\/2026\/02\/8885563075a6c2fd233f141b61c47ba2.jpg\",\"datePublished\":\"2026-02-19T14:10:37+00:00\",\"dateModified\":\"2026-02-19T14:38:29+00:00\",\"breadcrumb\":{\"@id\":\"https:\/\/rad-pal.com.pl\/sklep\/bez-kategorii\/szklanki-do-napojow-relaxdays-500-ml-3-szt\/#breadcrumb\"},\"inLanguage\":\"en-GB\",\"potentialAction\":[{\"@type\":\"ReadAction\",\"target\":[\"https:\/\/rad-pal.com.pl\/sklep\/bez-kategorii\/szklanki-do-napojow-relaxdays-500-ml-3-szt\/\"]}]},{\"@type\":\"ImageObject\",\"inLanguage\":\"en-GB\",\"@id\":\"https:\/\/rad-pal.com.pl\/sklep\/bez-kategorii\/szklanki-do-napojow-relaxdays-500-ml-3-szt\/#primaryimage\",\"url\":\"https:\/\/rad-pal.com.pl\/wp-content\/uploads\/2026\/02\/8885563075a6c2fd233f141b61c47ba2.jpg\",\"contentUrl\":\"https:\/\/rad-pal.com.pl\/wp-content\/uploads\/2026\/02\/8885563075a6c2fd233f141b61c47ba2.jpg\",\"width\":900,\"height\":900,\"caption\":\"4f696ae10cc6d73b45ec936ddea22377\"},{\"@type\":\"BreadcrumbList\",\"@id\":\"https:\/\/rad-pal.com.pl\/sklep\/bez-kategorii\/szklanki-do-napojow-relaxdays-500-ml-3-szt\/#breadcrumb\",\"itemListElement\":[{\"@type\":\"ListItem\",\"position\":1,\"name\":\"Strona g\u0142\u00f3wna\",\"item\":\"https:\/\/rad-pal.com.pl\/\"},{\"@type\":\"ListItem\",\"position\":2,\"name\":\"Sklep\",\"item\":\"https:\/\/rad-pal.com.pl\/sklep\/\"},{\"@type\":\"ListItem\",\"position\":3,\"name\":\"Szklanki do napoj\u00f3w Relaxdays 500 ml 3 szt.\"}]},{\"@type\":\"WebSite\",\"@id\":\"https:\/\/rad-pal.com.pl\/#website\",\"url\":\"https:\/\/rad-pal.com.pl\/\",\"name\":\"Rad-Pal\",\"description\":\"\",\"publisher\":{\"@id\":\"https:\/\/rad-pal.com.pl\/#organization\"},\"potentialAction\":[{\"@type\":\"SearchAction\",\"target\":{\"@type\":\"EntryPoint\",\"urlTemplate\":\"https:\/\/rad-pal.com.pl\/?s={search_term_string}\"},\"query-input\":{\"@type\":\"PropertyValueSpecification\",\"valueRequired\":true,\"valueName\":\"search_term_string\"}}],\"inLanguage\":\"en-GB\"},{\"@type\":\"Organization\",\"@id\":\"https:\/\/rad-pal.com.pl\/#organization\",\"name\":\"Rad-Pal\",\"url\":\"https:\/\/rad-pal.com.pl\/\",\"logo\":{\"@type\":\"ImageObject\",\"inLanguage\":\"en-GB\",\"@id\":\"https:\/\/rad-pal.com.pl\/#\/schema\/logo\/image\/\",\"url\":\"https:\/\/rad-pal.com.pl\/wp-content\/uploads\/2026\/03\/Projekt-bez-nazwy-30.webp\",\"contentUrl\":\"https:\/\/rad-pal.com.pl\/wp-content\/uploads\/2026\/03\/Projekt-bez-nazwy-30.webp\",\"width\":600,\"height\":210,\"caption\":\"Rad-Pal\"},\"image\":{\"@id\":\"https:\/\/rad-pal.com.pl\/#\/schema\/logo\/image\/\"}}]}<\/script>\n<!-- \/ Yoast SEO plugin. -->","yoast_head_json":{"title":"Szklanki do napoj\u00f3w Relaxdays 500 ml 3 szt. - Rad-Pal","robots":{"index":"index","follow":"follow","max-snippet":"max-snippet:-1","max-image-preview":"max-image-preview:large","max-video-preview":"max-video-preview:-1"},"canonical":"https:\/\/rad-pal.com.pl\/en\/sklep\/bez-kategorii\/szklanki-do-napojow-relaxdays-500-ml-3-szt\/","og_locale":"en_GB","og_type":"article","og_title":"Szklanki do napoj\u00f3w Relaxdays 500 ml 3 szt. - Rad-Pal","og_description":"Zestaw 4 s\u0142oik\u00f3w ze s\u0142omkami Ten zestaw 4 szklanek do picia jest idealny do delektowania si\u0119 orze\u017awiaj\u0105cymi zimnymi napojami, takimi","og_url":"https:\/\/rad-pal.com.pl\/en\/sklep\/bez-kategorii\/szklanki-do-napojow-relaxdays-500-ml-3-szt\/","og_site_name":"Rad-Pal","article_modified_time":"2026-02-19T14:38:29+00:00","og_image":[{"url":"https:\/\/upload.cdn.baselinker.com\/products\/6014502\/9ba11560a15ad00e749304d913eea812.jpg","type":"","width":"","height":""}],"twitter_card":"summary_large_image","twitter_misc":{"Estimated reading time":"1 minute"},"schema":{"@context":"https:\/\/schema.org","@graph":[{"@type":"WebPage","@id":"https:\/\/rad-pal.com.pl\/sklep\/bez-kategorii\/szklanki-do-napojow-relaxdays-500-ml-3-szt\/","url":"https:\/\/rad-pal.com.pl\/sklep\/bez-kategorii\/szklanki-do-napojow-relaxdays-500-ml-3-szt\/","name":"Szklanki do napoj\u00f3w Relaxdays 500 ml 3 szt. - Rad-Pal","isPartOf":{"@id":"https:\/\/rad-pal.com.pl\/#website"},"primaryImageOfPage":{"@id":"https:\/\/rad-pal.com.pl\/sklep\/bez-kategorii\/szklanki-do-napojow-relaxdays-500-ml-3-szt\/#primaryimage"},"image":{"@id":"https:\/\/rad-pal.com.pl\/sklep\/bez-kategorii\/szklanki-do-napojow-relaxdays-500-ml-3-szt\/#primaryimage"},"thumbnailUrl":"https:\/\/rad-pal.com.pl\/wp-content\/uploads\/2026\/02\/8885563075a6c2fd233f141b61c47ba2.jpg","datePublished":"2026-02-19T14:10:37+00:00","dateModified":"2026-02-19T14:38:29+00:00","breadcrumb":{"@id":"https:\/\/rad-pal.com.pl\/sklep\/bez-kategorii\/szklanki-do-napojow-relaxdays-500-ml-3-szt\/#breadcrumb"},"inLanguage":"en-GB","potentialAction":[{"@type":"ReadAction","target":["https:\/\/rad-pal.com.pl\/sklep\/bez-kategorii\/szklanki-do-napojow-relaxdays-500-ml-3-szt\/"]}]},{"@type":"ImageObject","inLanguage":"en-GB","@id":"https:\/\/rad-pal.com.pl\/sklep\/bez-kategorii\/szklanki-do-napojow-relaxdays-500-ml-3-szt\/#primaryimage","url":"https:\/\/rad-pal.com.pl\/wp-content\/uploads\/2026\/02\/8885563075a6c2fd233f141b61c47ba2.jpg","contentUrl":"https:\/\/rad-pal.com.pl\/wp-content\/uploads\/2026\/02\/8885563075a6c2fd233f141b61c47ba2.jpg","width":900,"height":900,"caption":"4f696ae10cc6d73b45ec936ddea22377"},{"@type":"BreadcrumbList","@id":"https:\/\/rad-pal.com.pl\/sklep\/bez-kategorii\/szklanki-do-napojow-relaxdays-500-ml-3-szt\/#breadcrumb","itemListElement":[{"@type":"ListItem","position":1,"name":"Strona g\u0142\u00f3wna","item":"https:\/\/rad-pal.com.pl\/"},{"@type":"ListItem","position":2,"name":"Sklep","item":"https:\/\/rad-pal.com.pl\/sklep\/"},{"@type":"ListItem","position":3,"name":"Szklanki do napoj\u00f3w Relaxdays 500 ml 3 szt."}]},{"@type":"WebSite","@id":"https:\/\/rad-pal.com.pl\/#website","url":"https:\/\/rad-pal.com.pl\/","name":"Rad-Pal","description":"","publisher":{"@id":"https:\/\/rad-pal.com.pl\/#organization"},"potentialAction":[{"@type":"SearchAction","target":{"@type":"EntryPoint","urlTemplate":"https:\/\/rad-pal.com.pl\/?s={search_term_string}"},"query-input":{"@type":"PropertyValueSpecification","valueRequired":true,"valueName":"search_term_string"}}],"inLanguage":"en-GB"},{"@type":"Organization","@id":"https:\/\/rad-pal.com.pl\/#organization","name":"Rad-Pal","url":"https:\/\/rad-pal.com.pl\/","logo":{"@type":"ImageObject","inLanguage":"en-GB","@id":"https:\/\/rad-pal.com.pl\/#\/schema\/logo\/image\/","url":"https:\/\/rad-pal.com.pl\/wp-content\/uploads\/2026\/03\/Projekt-bez-nazwy-30.webp","contentUrl":"https:\/\/rad-pal.com.pl\/wp-content\/uploads\/2026\/03\/Projekt-bez-nazwy-30.webp","width":600,"height":210,"caption":"Rad-Pal"},"image":{"@id":"https:\/\/rad-pal.com.pl\/#\/schema\/logo\/image\/"}}]}},"_links":{"self":[{"href":"https:\/\/rad-pal.com.pl\/en\/wp-json\/wp\/v2\/product\/31813","targetHints":{"allow":["GET"]}}],"collection":[{"href":"https:\/\/rad-pal.com.pl\/en\/wp-json\/wp\/v2\/product"}],"about":[{"href":"https:\/\/rad-pal.com.pl\/en\/wp-json\/wp\/v2\/types\/product"}],"version-history":[{"count":0,"href":"https:\/\/rad-pal.com.pl\/en\/wp-json\/wp\/v2\/product\/31813\/revisions"}],"wp:featuredmedia":[{"embeddable":true,"href":"https:\/\/rad-pal.com.pl\/en\/wp-json\/wp\/v2\/media\/31806"}],"wp:attachment":[{"href":"https:\/\/rad-pal.com.pl\/en\/wp-json\/wp\/v2\/media?parent=31813"}],"wp:term":[{"taxonomy":"product_brand","embeddable":true,"href":"https:\/\/rad-pal.com.pl\/en\/wp-json\/wp\/v2\/product_brand?post=31813"},{"taxonomy":"product_cat","embeddable":true,"href":"https:\/\/rad-pal.com.pl\/en\/wp-json\/wp\/v2\/product_cat?post=31813"},{"taxonomy":"product_tag","embeddable":true,"href":"https:\/\/rad-pal.com.pl\/en\/wp-json\/wp\/v2\/product_tag?post=31813"}],"curies":[{"name":"wp","href":"https:\/\/api.w.org\/{rel}","templated":true}]}}