{"id":31972,"date":"2026-02-19T15:18:29","date_gmt":"2026-02-19T14:18:29","guid":{"rendered":"https:\/\/rad-pal.com.pl\/sklep\/bez-kategorii\/tasownik-do-kart-relaxdays-czarny\/"},"modified":"2026-02-19T15:39:25","modified_gmt":"2026-02-19T14:39:25","slug":"tasownik-do-kart-relaxdays-czarny","status":"publish","type":"product","link":"https:\/\/rad-pal.com.pl\/en\/sklep\/kultura-i-rozrywka\/gry\/karciane\/akcesoria-karciane\/tasownik-do-kart-relaxdays-czarny\/","title":{"rendered":"Tasownik do kart Relaxdays czarny"},"content":{"rendered":"<section class=\"section\">\n<div class=\"item item-12\">\n<section class=\"text-item\">\n<ul>\n<li>\u27a1\ufe0fpochodzi od wyspecjalizowanych dystrybutor\u00f3w<\/li>\n<li>\u27a1\ufe0fposiada gwarancj\u0119 kompatybilno\u015bci i specyfikacji<\/li>\n<li>\u27a1\ufe0fmo\u017cesz go zwr\u00f3ci\u0107 na normalnych zasadach do 14 dni<\/li>\n<li>\u27a1\ufe0fposiada du\u017co ni\u017csz\u0105 cen\u0119 w stosunku do nowego produktu<\/li>\n<\/ul>\n<ul>\n<li><b>\u27a1\ufe0fProdukt<\/b> <b>zosta\u0142 poddany Naszej wewn\u0119trznej kontroli<\/b>.<\/li>\n<li>\u27a1\ufe0fOpakowanie jest rozplombowane i mo\u017ce by\u0107 lekko zabrudzone.<\/li>\n<\/ul>\n<\/section><\/div>\n<\/section>\n<section class=\"section\">\n<div class=\"item item-6\">\n<section class=\"image-item\"><img decoding=\"async\" src=\"https:\/\/upload.cdn.baselinker.com\/products\/6014502\/dea66b495ba40f83fbb7b1cc31c02fcc.jpg\" \/><\/section>\n<\/p><\/div>\n<div class=\"item item-6\">\n<section class=\"text-item\">\n<h1>\u2733\ufe0fAutomat do tasowania kart Taser RelaxDays<\/h1>\n<ul>\n<li>Brak jednej klapki na baterie<\/li>\n<\/ul>\n<\/section><\/div>\n<\/section>\n<section class=\"section\">\n<div class=\"item item-12\">\n<section class=\"text-item\">\n<p><b>\u2764\ufe0fInformacje o produkcie<\/b><\/p>\n<ul>\n<li>\ufffdOpakowanie: oryginalne<\/li>\n<li>?\u0141atwy w u\u017cyciu<\/li>\n<li>?Wystarczy umie\u015bci\u0107 karty, nacisn\u0105\u0107 przycisk i gotowe!<\/li>\n<li>?Miejsce na maksymalnie 302 karty<\/li>\n<li>?Do 6 paczek<\/li>\n<li>?Rozmiar karty do 9 x 6,5 cm<\/li>\n<li>?Kolorystyka:&nbsp;czer\u0144, imitacja drewna<\/li>\n<\/ul>\n<\/section><\/div>\n<\/section>\n<section class=\"section\">\n<div class=\"item item-12\">\n<section class=\"image-item\"><img decoding=\"async\" src=\"https:\/\/upload.cdn.baselinker.com\/products\/6014502\/dea66b495ba40f83fbb7b1cc31c02fcc.jpg\" \/><\/section>\n<\/p><\/div>\n<\/section>\n<section class=\"section\">\n<div class=\"item item-12\">\n<section class=\"text-item\">\n<h1>Poni\u017cej zdj\u0119cia Foto Real prezentuj\u0105ce oferowany produkt<\/h1>\n<\/section><\/div>\n<\/section>\n<section class=\"section\">\n<div class=\"item item-12\">\n<section class=\"text-item\">\n<p>13<\/p>\n<\/section><\/div>\n<\/section>","protected":false},"excerpt":{"rendered":"<p>\u27a1\ufe0fpochodzi od wyspecjalizowanych dystrybutor\u00f3w \u27a1\ufe0fposiada gwarancj\u0119 kompatybilno\u015bci i specyfikacji \u27a1\ufe0fmo\u017cesz go zwr\u00f3ci\u0107 na normalnych zasadach do 14 dni \u27a1\ufe0fposiada du\u017co<\/p>","protected":false},"featured_media":31965,"template":"","meta":[],"product_brand":[],"product_cat":[368,180,183,179],"product_tag":[],"class_list":{"0":"post-31972","1":"product","2":"type-product","3":"status-publish","4":"has-post-thumbnail","6":"product_cat-akcesoria-karciane","7":"product_cat-gry","8":"product_cat-karciane","9":"product_cat-kultura-i-rozrywka","11":"first","12":"instock","13":"taxable","14":"shipping-taxable","15":"purchasable","16":"product-type-simple"},"yoast_head":"<!-- This site is optimized with the Yoast SEO plugin v25.7 - https:\/\/yoast.com\/wordpress\/plugins\/seo\/ -->\n<title>Tasownik do kart Relaxdays czarny - Rad-Pal<\/title>\n<meta name=\"robots\" content=\"index, follow, max-snippet:-1, max-image-preview:large, max-video-preview:-1\" \/>\n<link rel=\"canonical\" href=\"https:\/\/rad-pal.com.pl\/en\/sklep\/bez-kategorii\/tasownik-do-kart-relaxdays-czarny\/\" \/>\n<meta property=\"og:locale\" content=\"en_GB\" \/>\n<meta property=\"og:type\" content=\"article\" \/>\n<meta property=\"og:title\" content=\"Tasownik do kart Relaxdays czarny - Rad-Pal\" \/>\n<meta property=\"og:description\" content=\"\u27a1\ufe0fpochodzi od wyspecjalizowanych dystrybutor\u00f3w \u27a1\ufe0fposiada gwarancj\u0119 kompatybilno\u015bci i specyfikacji \u27a1\ufe0fmo\u017cesz go zwr\u00f3ci\u0107 na normalnych zasadach do 14 dni \u27a1\ufe0fposiada du\u017co\" \/>\n<meta property=\"og:url\" content=\"https:\/\/rad-pal.com.pl\/en\/sklep\/bez-kategorii\/tasownik-do-kart-relaxdays-czarny\/\" \/>\n<meta property=\"og:site_name\" content=\"Rad-Pal\" \/>\n<meta property=\"article:modified_time\" content=\"2026-02-19T14:39:25+00:00\" \/>\n<meta property=\"og:image\" content=\"https:\/\/upload.cdn.baselinker.com\/products\/6014502\/dea66b495ba40f83fbb7b1cc31c02fcc.jpg\" \/>\n<meta name=\"twitter:card\" content=\"summary_large_image\" \/>\n<meta name=\"twitter:label1\" content=\"Estimated reading time\" \/>\n\t<meta name=\"twitter:data1\" content=\"1 minute\" \/>\n<script type=\"application\/ld+json\" class=\"yoast-schema-graph\">{\"@context\":\"https:\/\/schema.org\",\"@graph\":[{\"@type\":\"WebPage\",\"@id\":\"https:\/\/rad-pal.com.pl\/sklep\/bez-kategorii\/tasownik-do-kart-relaxdays-czarny\/\",\"url\":\"https:\/\/rad-pal.com.pl\/sklep\/bez-kategorii\/tasownik-do-kart-relaxdays-czarny\/\",\"name\":\"Tasownik do kart Relaxdays czarny - Rad-Pal\",\"isPartOf\":{\"@id\":\"https:\/\/rad-pal.com.pl\/#website\"},\"primaryImageOfPage\":{\"@id\":\"https:\/\/rad-pal.com.pl\/sklep\/bez-kategorii\/tasownik-do-kart-relaxdays-czarny\/#primaryimage\"},\"image\":{\"@id\":\"https:\/\/rad-pal.com.pl\/sklep\/bez-kategorii\/tasownik-do-kart-relaxdays-czarny\/#primaryimage\"},\"thumbnailUrl\":\"https:\/\/rad-pal.com.pl\/wp-content\/uploads\/2026\/02\/dea66b495ba40f83fbb7b1cc31c02fcc.jpg\",\"datePublished\":\"2026-02-19T14:18:29+00:00\",\"dateModified\":\"2026-02-19T14:39:25+00:00\",\"breadcrumb\":{\"@id\":\"https:\/\/rad-pal.com.pl\/sklep\/bez-kategorii\/tasownik-do-kart-relaxdays-czarny\/#breadcrumb\"},\"inLanguage\":\"en-GB\",\"potentialAction\":[{\"@type\":\"ReadAction\",\"target\":[\"https:\/\/rad-pal.com.pl\/sklep\/bez-kategorii\/tasownik-do-kart-relaxdays-czarny\/\"]}]},{\"@type\":\"ImageObject\",\"inLanguage\":\"en-GB\",\"@id\":\"https:\/\/rad-pal.com.pl\/sklep\/bez-kategorii\/tasownik-do-kart-relaxdays-czarny\/#primaryimage\",\"url\":\"https:\/\/rad-pal.com.pl\/wp-content\/uploads\/2026\/02\/dea66b495ba40f83fbb7b1cc31c02fcc.jpg\",\"contentUrl\":\"https:\/\/rad-pal.com.pl\/wp-content\/uploads\/2026\/02\/dea66b495ba40f83fbb7b1cc31c02fcc.jpg\",\"width\":892,\"height\":559,\"caption\":\"a79a76c3293bae72193334986b250538\"},{\"@type\":\"BreadcrumbList\",\"@id\":\"https:\/\/rad-pal.com.pl\/sklep\/bez-kategorii\/tasownik-do-kart-relaxdays-czarny\/#breadcrumb\",\"itemListElement\":[{\"@type\":\"ListItem\",\"position\":1,\"name\":\"Strona g\u0142\u00f3wna\",\"item\":\"https:\/\/rad-pal.com.pl\/\"},{\"@type\":\"ListItem\",\"position\":2,\"name\":\"Sklep\",\"item\":\"https:\/\/rad-pal.com.pl\/sklep\/\"},{\"@type\":\"ListItem\",\"position\":3,\"name\":\"Tasownik do kart Relaxdays czarny\"}]},{\"@type\":\"WebSite\",\"@id\":\"https:\/\/rad-pal.com.pl\/#website\",\"url\":\"https:\/\/rad-pal.com.pl\/\",\"name\":\"Rad-Pal\",\"description\":\"\",\"publisher\":{\"@id\":\"https:\/\/rad-pal.com.pl\/#organization\"},\"potentialAction\":[{\"@type\":\"SearchAction\",\"target\":{\"@type\":\"EntryPoint\",\"urlTemplate\":\"https:\/\/rad-pal.com.pl\/?s={search_term_string}\"},\"query-input\":{\"@type\":\"PropertyValueSpecification\",\"valueRequired\":true,\"valueName\":\"search_term_string\"}}],\"inLanguage\":\"en-GB\"},{\"@type\":\"Organization\",\"@id\":\"https:\/\/rad-pal.com.pl\/#organization\",\"name\":\"Rad-Pal\",\"url\":\"https:\/\/rad-pal.com.pl\/\",\"logo\":{\"@type\":\"ImageObject\",\"inLanguage\":\"en-GB\",\"@id\":\"https:\/\/rad-pal.com.pl\/#\/schema\/logo\/image\/\",\"url\":\"https:\/\/rad-pal.com.pl\/wp-content\/uploads\/2026\/03\/Projekt-bez-nazwy-30.webp\",\"contentUrl\":\"https:\/\/rad-pal.com.pl\/wp-content\/uploads\/2026\/03\/Projekt-bez-nazwy-30.webp\",\"width\":600,\"height\":210,\"caption\":\"Rad-Pal\"},\"image\":{\"@id\":\"https:\/\/rad-pal.com.pl\/#\/schema\/logo\/image\/\"}}]}<\/script>\n<!-- \/ Yoast SEO plugin. -->","yoast_head_json":{"title":"Tasownik do kart Relaxdays czarny - Rad-Pal","robots":{"index":"index","follow":"follow","max-snippet":"max-snippet:-1","max-image-preview":"max-image-preview:large","max-video-preview":"max-video-preview:-1"},"canonical":"https:\/\/rad-pal.com.pl\/en\/sklep\/bez-kategorii\/tasownik-do-kart-relaxdays-czarny\/","og_locale":"en_GB","og_type":"article","og_title":"Tasownik do kart Relaxdays czarny - Rad-Pal","og_description":"\u27a1\ufe0fpochodzi od wyspecjalizowanych dystrybutor\u00f3w \u27a1\ufe0fposiada gwarancj\u0119 kompatybilno\u015bci i specyfikacji \u27a1\ufe0fmo\u017cesz go zwr\u00f3ci\u0107 na normalnych zasadach do 14 dni \u27a1\ufe0fposiada du\u017co","og_url":"https:\/\/rad-pal.com.pl\/en\/sklep\/bez-kategorii\/tasownik-do-kart-relaxdays-czarny\/","og_site_name":"Rad-Pal","article_modified_time":"2026-02-19T14:39:25+00:00","og_image":[{"url":"https:\/\/upload.cdn.baselinker.com\/products\/6014502\/dea66b495ba40f83fbb7b1cc31c02fcc.jpg","type":"","width":"","height":""}],"twitter_card":"summary_large_image","twitter_misc":{"Estimated reading time":"1 minute"},"schema":{"@context":"https:\/\/schema.org","@graph":[{"@type":"WebPage","@id":"https:\/\/rad-pal.com.pl\/sklep\/bez-kategorii\/tasownik-do-kart-relaxdays-czarny\/","url":"https:\/\/rad-pal.com.pl\/sklep\/bez-kategorii\/tasownik-do-kart-relaxdays-czarny\/","name":"Tasownik do kart Relaxdays czarny - Rad-Pal","isPartOf":{"@id":"https:\/\/rad-pal.com.pl\/#website"},"primaryImageOfPage":{"@id":"https:\/\/rad-pal.com.pl\/sklep\/bez-kategorii\/tasownik-do-kart-relaxdays-czarny\/#primaryimage"},"image":{"@id":"https:\/\/rad-pal.com.pl\/sklep\/bez-kategorii\/tasownik-do-kart-relaxdays-czarny\/#primaryimage"},"thumbnailUrl":"https:\/\/rad-pal.com.pl\/wp-content\/uploads\/2026\/02\/dea66b495ba40f83fbb7b1cc31c02fcc.jpg","datePublished":"2026-02-19T14:18:29+00:00","dateModified":"2026-02-19T14:39:25+00:00","breadcrumb":{"@id":"https:\/\/rad-pal.com.pl\/sklep\/bez-kategorii\/tasownik-do-kart-relaxdays-czarny\/#breadcrumb"},"inLanguage":"en-GB","potentialAction":[{"@type":"ReadAction","target":["https:\/\/rad-pal.com.pl\/sklep\/bez-kategorii\/tasownik-do-kart-relaxdays-czarny\/"]}]},{"@type":"ImageObject","inLanguage":"en-GB","@id":"https:\/\/rad-pal.com.pl\/sklep\/bez-kategorii\/tasownik-do-kart-relaxdays-czarny\/#primaryimage","url":"https:\/\/rad-pal.com.pl\/wp-content\/uploads\/2026\/02\/dea66b495ba40f83fbb7b1cc31c02fcc.jpg","contentUrl":"https:\/\/rad-pal.com.pl\/wp-content\/uploads\/2026\/02\/dea66b495ba40f83fbb7b1cc31c02fcc.jpg","width":892,"height":559,"caption":"a79a76c3293bae72193334986b250538"},{"@type":"BreadcrumbList","@id":"https:\/\/rad-pal.com.pl\/sklep\/bez-kategorii\/tasownik-do-kart-relaxdays-czarny\/#breadcrumb","itemListElement":[{"@type":"ListItem","position":1,"name":"Strona g\u0142\u00f3wna","item":"https:\/\/rad-pal.com.pl\/"},{"@type":"ListItem","position":2,"name":"Sklep","item":"https:\/\/rad-pal.com.pl\/sklep\/"},{"@type":"ListItem","position":3,"name":"Tasownik do kart Relaxdays czarny"}]},{"@type":"WebSite","@id":"https:\/\/rad-pal.com.pl\/#website","url":"https:\/\/rad-pal.com.pl\/","name":"Rad-Pal","description":"","publisher":{"@id":"https:\/\/rad-pal.com.pl\/#organization"},"potentialAction":[{"@type":"SearchAction","target":{"@type":"EntryPoint","urlTemplate":"https:\/\/rad-pal.com.pl\/?s={search_term_string}"},"query-input":{"@type":"PropertyValueSpecification","valueRequired":true,"valueName":"search_term_string"}}],"inLanguage":"en-GB"},{"@type":"Organization","@id":"https:\/\/rad-pal.com.pl\/#organization","name":"Rad-Pal","url":"https:\/\/rad-pal.com.pl\/","logo":{"@type":"ImageObject","inLanguage":"en-GB","@id":"https:\/\/rad-pal.com.pl\/#\/schema\/logo\/image\/","url":"https:\/\/rad-pal.com.pl\/wp-content\/uploads\/2026\/03\/Projekt-bez-nazwy-30.webp","contentUrl":"https:\/\/rad-pal.com.pl\/wp-content\/uploads\/2026\/03\/Projekt-bez-nazwy-30.webp","width":600,"height":210,"caption":"Rad-Pal"},"image":{"@id":"https:\/\/rad-pal.com.pl\/#\/schema\/logo\/image\/"}}]}},"_links":{"self":[{"href":"https:\/\/rad-pal.com.pl\/en\/wp-json\/wp\/v2\/product\/31972","targetHints":{"allow":["GET"]}}],"collection":[{"href":"https:\/\/rad-pal.com.pl\/en\/wp-json\/wp\/v2\/product"}],"about":[{"href":"https:\/\/rad-pal.com.pl\/en\/wp-json\/wp\/v2\/types\/product"}],"version-history":[{"count":0,"href":"https:\/\/rad-pal.com.pl\/en\/wp-json\/wp\/v2\/product\/31972\/revisions"}],"wp:featuredmedia":[{"embeddable":true,"href":"https:\/\/rad-pal.com.pl\/en\/wp-json\/wp\/v2\/media\/31965"}],"wp:attachment":[{"href":"https:\/\/rad-pal.com.pl\/en\/wp-json\/wp\/v2\/media?parent=31972"}],"wp:term":[{"taxonomy":"product_brand","embeddable":true,"href":"https:\/\/rad-pal.com.pl\/en\/wp-json\/wp\/v2\/product_brand?post=31972"},{"taxonomy":"product_cat","embeddable":true,"href":"https:\/\/rad-pal.com.pl\/en\/wp-json\/wp\/v2\/product_cat?post=31972"},{"taxonomy":"product_tag","embeddable":true,"href":"https:\/\/rad-pal.com.pl\/en\/wp-json\/wp\/v2\/product_tag?post=31972"}],"curies":[{"name":"wp","href":"https:\/\/api.w.org\/{rel}","templated":true}]}}