{"id":31989,"date":"2026-02-19T15:19:33","date_gmt":"2026-02-19T14:19:33","guid":{"rendered":"https:\/\/rad-pal.com.pl\/sklep\/bez-kategorii\/m3119-relaxdays-stojak-na-bizuterie-drzewko-10033023\/"},"modified":"2026-02-19T15:39:32","modified_gmt":"2026-02-19T14:39:32","slug":"m3119-relaxdays-stojak-na-bizuterie-drzewko-10033023","status":"publish","type":"product","link":"https:\/\/rad-pal.com.pl\/en\/sklep\/moda\/bizuteria-i-zegarki\/akcesoria-do-bizuterii\/ekspozytory-i-stojaki\/m3119-relaxdays-stojak-na-bizuterie-drzewko-10033023\/","title":{"rendered":"M3119 Relaxdays stojak na bi\u017cuteri\u0119 drzewko 10033023"},"content":{"rendered":"<section class=\"section\">\n<div class=\"item item-12\">\n<section class=\"text-item\">\n<h1>\u2733\ufe0fDekoracyjny stojak na bi\u017cuteri\u0119 w kszta\u0142cie drzewa<\/h1>\n<\/section><\/div>\n<\/section>\n<section class=\"section\">\n<div class=\"item item-12\">\n<section class=\"image-item\"><img decoding=\"async\" src=\"https:\/\/upload.cdn.baselinker.com\/products\/6014502\/ec37db20b2ee3c36a94c73031f06f76a.jpg\" \/><\/section>\n<\/p><\/div>\n<\/section>\n<section class=\"section\">\n<div class=\"item item-12\">\n<section class=\"text-item\">\n<p>Dzi\u0119ki temu praktycznemu stojakowi na kolczyki zawsze b\u0119dziesz mie\u0107 pod r\u0119k\u0105 odpowiedni\u0105 bi\u017cuteri\u0119, bez konieczno\u015bci jej d\u0142ugiego szukania. Dzi\u0119ki 136 otworom, stojak na bi\u017cuteri\u0119 oferuje wystarczaj\u0105co du\u017co miejsca na ulubione kolczyki i pier\u015bcionki. Zintegrowana tacka tworzy dodatkow\u0105 przestrze\u0144 do przechowywania zegark\u00f3w, pier\u015bcionk\u00f3w i bransoletek. Stojak na kolczyki w stylu vintage w eleganckim stylu drzewa z delikatnymi li\u015b\u0107mi z pewno\u015bci\u0105 przyci\u0105gnie wzrok na Twojej toaletce lub toaletce<\/p>\n<\/section><\/div>\n<\/section>\n<section class=\"section\">\n<div class=\"item item-6\">\n<section class=\"image-item\"><img decoding=\"async\" src=\"https:\/\/upload.cdn.baselinker.com\/products\/6014502\/2fd1f0af36055d474c063f55fcfc6291.jpg\" \/><\/section>\n<\/p><\/div>\n<div class=\"item item-6\">\n<section class=\"text-item\">\n<h1>\u2733\ufe0fUchwyt na kolczyki z miseczk\u0105<\/h1>\n<\/section><\/div>\n<\/section>\n<section class=\"section\">\n<div class=\"item item-12\">\n<section class=\"text-item\">\n<p>\u27a1\ufe0fPrzechowywanie i prezentacja bi\u017cuterii<\/p>\n<p>\u27a1\ufe0fMiejsce na 68 par kolczyk\u00f3w i sztyft\u00f3w<\/p>\n<p>\u27a1\ufe0fZ tack\u0105 na inne akcesoria<\/p>\n<p>\u27a1\ufe0fDekoracyjny kszta\u0142t drzewa z li\u015b\u0107mi<\/p>\n<p>\u27a1\ufe0fPrzyci\u0105ga wzrok na toaletce i toaletce<\/p>\n<\/section><\/div>\n<\/section>\n<section class=\"section\">\n<div class=\"item item-12\">\n<section class=\"text-item\">\n<p>13<\/p>\n<\/section><\/div>\n<\/section>","protected":false},"excerpt":{"rendered":"<p>\u2733\ufe0fDekoracyjny stojak na bi\u017cuteri\u0119 w kszta\u0142cie drzewa Dzi\u0119ki temu praktycznemu stojakowi na kolczyki zawsze b\u0119dziesz mie\u0107 pod r\u0119k\u0105 odpowiedni\u0105 bi\u017cuteri\u0119,<\/p>","protected":false},"featured_media":31983,"template":"","meta":[],"product_brand":[],"product_cat":[371,370,372,369],"product_tag":[],"class_list":{"0":"post-31989","1":"product","2":"type-product","3":"status-publish","4":"has-post-thumbnail","6":"product_cat-akcesoria-do-bizuterii","7":"product_cat-bizuteria-i-zegarki","8":"product_cat-ekspozytory-i-stojaki","9":"product_cat-moda","11":"first","12":"instock","13":"taxable","14":"shipping-taxable","15":"purchasable","16":"product-type-simple"},"yoast_head":"<!-- This site is optimized with the Yoast SEO plugin v25.7 - https:\/\/yoast.com\/wordpress\/plugins\/seo\/ -->\n<title>M3119 Relaxdays stojak na bi\u017cuteri\u0119 drzewko 10033023 - Rad-Pal<\/title>\n<meta name=\"robots\" content=\"index, follow, max-snippet:-1, max-image-preview:large, max-video-preview:-1\" \/>\n<link rel=\"canonical\" href=\"https:\/\/rad-pal.com.pl\/en\/sklep\/bez-kategorii\/m3119-relaxdays-stojak-na-bizuterie-drzewko-10033023\/\" \/>\n<meta property=\"og:locale\" content=\"en_GB\" \/>\n<meta property=\"og:type\" content=\"article\" \/>\n<meta property=\"og:title\" content=\"M3119 Relaxdays stojak na bi\u017cuteri\u0119 drzewko 10033023 - Rad-Pal\" \/>\n<meta property=\"og:description\" content=\"\u2733\ufe0fDekoracyjny stojak na bi\u017cuteri\u0119 w kszta\u0142cie drzewa Dzi\u0119ki temu praktycznemu stojakowi na kolczyki zawsze b\u0119dziesz mie\u0107 pod r\u0119k\u0105 odpowiedni\u0105 bi\u017cuteri\u0119,\" \/>\n<meta property=\"og:url\" content=\"https:\/\/rad-pal.com.pl\/en\/sklep\/bez-kategorii\/m3119-relaxdays-stojak-na-bizuterie-drzewko-10033023\/\" \/>\n<meta property=\"og:site_name\" content=\"Rad-Pal\" \/>\n<meta property=\"article:modified_time\" content=\"2026-02-19T14:39:32+00:00\" \/>\n<meta property=\"og:image\" content=\"https:\/\/upload.cdn.baselinker.com\/products\/6014502\/ec37db20b2ee3c36a94c73031f06f76a.jpg\" \/>\n<meta name=\"twitter:card\" content=\"summary_large_image\" \/>\n<meta name=\"twitter:label1\" content=\"Estimated reading time\" \/>\n\t<meta name=\"twitter:data1\" content=\"1 minute\" \/>\n<script type=\"application\/ld+json\" class=\"yoast-schema-graph\">{\"@context\":\"https:\/\/schema.org\",\"@graph\":[{\"@type\":\"WebPage\",\"@id\":\"https:\/\/rad-pal.com.pl\/sklep\/bez-kategorii\/m3119-relaxdays-stojak-na-bizuterie-drzewko-10033023\/\",\"url\":\"https:\/\/rad-pal.com.pl\/sklep\/bez-kategorii\/m3119-relaxdays-stojak-na-bizuterie-drzewko-10033023\/\",\"name\":\"M3119 Relaxdays stojak na bi\u017cuteri\u0119 drzewko 10033023 - Rad-Pal\",\"isPartOf\":{\"@id\":\"https:\/\/rad-pal.com.pl\/#website\"},\"primaryImageOfPage\":{\"@id\":\"https:\/\/rad-pal.com.pl\/sklep\/bez-kategorii\/m3119-relaxdays-stojak-na-bizuterie-drzewko-10033023\/#primaryimage\"},\"image\":{\"@id\":\"https:\/\/rad-pal.com.pl\/sklep\/bez-kategorii\/m3119-relaxdays-stojak-na-bizuterie-drzewko-10033023\/#primaryimage\"},\"thumbnailUrl\":\"https:\/\/rad-pal.com.pl\/wp-content\/uploads\/2026\/02\/ec37db20b2ee3c36a94c73031f06f76a.jpg\",\"datePublished\":\"2026-02-19T14:19:33+00:00\",\"dateModified\":\"2026-02-19T14:39:32+00:00\",\"breadcrumb\":{\"@id\":\"https:\/\/rad-pal.com.pl\/sklep\/bez-kategorii\/m3119-relaxdays-stojak-na-bizuterie-drzewko-10033023\/#breadcrumb\"},\"inLanguage\":\"en-GB\",\"potentialAction\":[{\"@type\":\"ReadAction\",\"target\":[\"https:\/\/rad-pal.com.pl\/sklep\/bez-kategorii\/m3119-relaxdays-stojak-na-bizuterie-drzewko-10033023\/\"]}]},{\"@type\":\"ImageObject\",\"inLanguage\":\"en-GB\",\"@id\":\"https:\/\/rad-pal.com.pl\/sklep\/bez-kategorii\/m3119-relaxdays-stojak-na-bizuterie-drzewko-10033023\/#primaryimage\",\"url\":\"https:\/\/rad-pal.com.pl\/wp-content\/uploads\/2026\/02\/ec37db20b2ee3c36a94c73031f06f76a.jpg\",\"contentUrl\":\"https:\/\/rad-pal.com.pl\/wp-content\/uploads\/2026\/02\/ec37db20b2ee3c36a94c73031f06f76a.jpg\",\"width\":679,\"height\":699,\"caption\":\"f421b47be92ae2ba33f9172fb4c9b36e\"},{\"@type\":\"BreadcrumbList\",\"@id\":\"https:\/\/rad-pal.com.pl\/sklep\/bez-kategorii\/m3119-relaxdays-stojak-na-bizuterie-drzewko-10033023\/#breadcrumb\",\"itemListElement\":[{\"@type\":\"ListItem\",\"position\":1,\"name\":\"Strona g\u0142\u00f3wna\",\"item\":\"https:\/\/rad-pal.com.pl\/\"},{\"@type\":\"ListItem\",\"position\":2,\"name\":\"Sklep\",\"item\":\"https:\/\/rad-pal.com.pl\/sklep\/\"},{\"@type\":\"ListItem\",\"position\":3,\"name\":\"M3119 Relaxdays stojak na bi\u017cuteri\u0119 drzewko 10033023\"}]},{\"@type\":\"WebSite\",\"@id\":\"https:\/\/rad-pal.com.pl\/#website\",\"url\":\"https:\/\/rad-pal.com.pl\/\",\"name\":\"Rad-Pal\",\"description\":\"\",\"publisher\":{\"@id\":\"https:\/\/rad-pal.com.pl\/#organization\"},\"potentialAction\":[{\"@type\":\"SearchAction\",\"target\":{\"@type\":\"EntryPoint\",\"urlTemplate\":\"https:\/\/rad-pal.com.pl\/?s={search_term_string}\"},\"query-input\":{\"@type\":\"PropertyValueSpecification\",\"valueRequired\":true,\"valueName\":\"search_term_string\"}}],\"inLanguage\":\"en-GB\"},{\"@type\":\"Organization\",\"@id\":\"https:\/\/rad-pal.com.pl\/#organization\",\"name\":\"Rad-Pal\",\"url\":\"https:\/\/rad-pal.com.pl\/\",\"logo\":{\"@type\":\"ImageObject\",\"inLanguage\":\"en-GB\",\"@id\":\"https:\/\/rad-pal.com.pl\/#\/schema\/logo\/image\/\",\"url\":\"https:\/\/rad-pal.com.pl\/wp-content\/uploads\/2026\/03\/Projekt-bez-nazwy-30.webp\",\"contentUrl\":\"https:\/\/rad-pal.com.pl\/wp-content\/uploads\/2026\/03\/Projekt-bez-nazwy-30.webp\",\"width\":600,\"height\":210,\"caption\":\"Rad-Pal\"},\"image\":{\"@id\":\"https:\/\/rad-pal.com.pl\/#\/schema\/logo\/image\/\"}}]}<\/script>\n<!-- \/ Yoast SEO plugin. -->","yoast_head_json":{"title":"M3119 Relaxdays stojak na bi\u017cuteri\u0119 drzewko 10033023 - Rad-Pal","robots":{"index":"index","follow":"follow","max-snippet":"max-snippet:-1","max-image-preview":"max-image-preview:large","max-video-preview":"max-video-preview:-1"},"canonical":"https:\/\/rad-pal.com.pl\/en\/sklep\/bez-kategorii\/m3119-relaxdays-stojak-na-bizuterie-drzewko-10033023\/","og_locale":"en_GB","og_type":"article","og_title":"M3119 Relaxdays stojak na bi\u017cuteri\u0119 drzewko 10033023 - Rad-Pal","og_description":"\u2733\ufe0fDekoracyjny stojak na bi\u017cuteri\u0119 w kszta\u0142cie drzewa Dzi\u0119ki temu praktycznemu stojakowi na kolczyki zawsze b\u0119dziesz mie\u0107 pod r\u0119k\u0105 odpowiedni\u0105 bi\u017cuteri\u0119,","og_url":"https:\/\/rad-pal.com.pl\/en\/sklep\/bez-kategorii\/m3119-relaxdays-stojak-na-bizuterie-drzewko-10033023\/","og_site_name":"Rad-Pal","article_modified_time":"2026-02-19T14:39:32+00:00","og_image":[{"url":"https:\/\/upload.cdn.baselinker.com\/products\/6014502\/ec37db20b2ee3c36a94c73031f06f76a.jpg","type":"","width":"","height":""}],"twitter_card":"summary_large_image","twitter_misc":{"Estimated reading time":"1 minute"},"schema":{"@context":"https:\/\/schema.org","@graph":[{"@type":"WebPage","@id":"https:\/\/rad-pal.com.pl\/sklep\/bez-kategorii\/m3119-relaxdays-stojak-na-bizuterie-drzewko-10033023\/","url":"https:\/\/rad-pal.com.pl\/sklep\/bez-kategorii\/m3119-relaxdays-stojak-na-bizuterie-drzewko-10033023\/","name":"M3119 Relaxdays stojak na bi\u017cuteri\u0119 drzewko 10033023 - Rad-Pal","isPartOf":{"@id":"https:\/\/rad-pal.com.pl\/#website"},"primaryImageOfPage":{"@id":"https:\/\/rad-pal.com.pl\/sklep\/bez-kategorii\/m3119-relaxdays-stojak-na-bizuterie-drzewko-10033023\/#primaryimage"},"image":{"@id":"https:\/\/rad-pal.com.pl\/sklep\/bez-kategorii\/m3119-relaxdays-stojak-na-bizuterie-drzewko-10033023\/#primaryimage"},"thumbnailUrl":"https:\/\/rad-pal.com.pl\/wp-content\/uploads\/2026\/02\/ec37db20b2ee3c36a94c73031f06f76a.jpg","datePublished":"2026-02-19T14:19:33+00:00","dateModified":"2026-02-19T14:39:32+00:00","breadcrumb":{"@id":"https:\/\/rad-pal.com.pl\/sklep\/bez-kategorii\/m3119-relaxdays-stojak-na-bizuterie-drzewko-10033023\/#breadcrumb"},"inLanguage":"en-GB","potentialAction":[{"@type":"ReadAction","target":["https:\/\/rad-pal.com.pl\/sklep\/bez-kategorii\/m3119-relaxdays-stojak-na-bizuterie-drzewko-10033023\/"]}]},{"@type":"ImageObject","inLanguage":"en-GB","@id":"https:\/\/rad-pal.com.pl\/sklep\/bez-kategorii\/m3119-relaxdays-stojak-na-bizuterie-drzewko-10033023\/#primaryimage","url":"https:\/\/rad-pal.com.pl\/wp-content\/uploads\/2026\/02\/ec37db20b2ee3c36a94c73031f06f76a.jpg","contentUrl":"https:\/\/rad-pal.com.pl\/wp-content\/uploads\/2026\/02\/ec37db20b2ee3c36a94c73031f06f76a.jpg","width":679,"height":699,"caption":"f421b47be92ae2ba33f9172fb4c9b36e"},{"@type":"BreadcrumbList","@id":"https:\/\/rad-pal.com.pl\/sklep\/bez-kategorii\/m3119-relaxdays-stojak-na-bizuterie-drzewko-10033023\/#breadcrumb","itemListElement":[{"@type":"ListItem","position":1,"name":"Strona g\u0142\u00f3wna","item":"https:\/\/rad-pal.com.pl\/"},{"@type":"ListItem","position":2,"name":"Sklep","item":"https:\/\/rad-pal.com.pl\/sklep\/"},{"@type":"ListItem","position":3,"name":"M3119 Relaxdays stojak na bi\u017cuteri\u0119 drzewko 10033023"}]},{"@type":"WebSite","@id":"https:\/\/rad-pal.com.pl\/#website","url":"https:\/\/rad-pal.com.pl\/","name":"Rad-Pal","description":"","publisher":{"@id":"https:\/\/rad-pal.com.pl\/#organization"},"potentialAction":[{"@type":"SearchAction","target":{"@type":"EntryPoint","urlTemplate":"https:\/\/rad-pal.com.pl\/?s={search_term_string}"},"query-input":{"@type":"PropertyValueSpecification","valueRequired":true,"valueName":"search_term_string"}}],"inLanguage":"en-GB"},{"@type":"Organization","@id":"https:\/\/rad-pal.com.pl\/#organization","name":"Rad-Pal","url":"https:\/\/rad-pal.com.pl\/","logo":{"@type":"ImageObject","inLanguage":"en-GB","@id":"https:\/\/rad-pal.com.pl\/#\/schema\/logo\/image\/","url":"https:\/\/rad-pal.com.pl\/wp-content\/uploads\/2026\/03\/Projekt-bez-nazwy-30.webp","contentUrl":"https:\/\/rad-pal.com.pl\/wp-content\/uploads\/2026\/03\/Projekt-bez-nazwy-30.webp","width":600,"height":210,"caption":"Rad-Pal"},"image":{"@id":"https:\/\/rad-pal.com.pl\/#\/schema\/logo\/image\/"}}]}},"_links":{"self":[{"href":"https:\/\/rad-pal.com.pl\/en\/wp-json\/wp\/v2\/product\/31989","targetHints":{"allow":["GET"]}}],"collection":[{"href":"https:\/\/rad-pal.com.pl\/en\/wp-json\/wp\/v2\/product"}],"about":[{"href":"https:\/\/rad-pal.com.pl\/en\/wp-json\/wp\/v2\/types\/product"}],"version-history":[{"count":0,"href":"https:\/\/rad-pal.com.pl\/en\/wp-json\/wp\/v2\/product\/31989\/revisions"}],"wp:featuredmedia":[{"embeddable":true,"href":"https:\/\/rad-pal.com.pl\/en\/wp-json\/wp\/v2\/media\/31983"}],"wp:attachment":[{"href":"https:\/\/rad-pal.com.pl\/en\/wp-json\/wp\/v2\/media?parent=31989"}],"wp:term":[{"taxonomy":"product_brand","embeddable":true,"href":"https:\/\/rad-pal.com.pl\/en\/wp-json\/wp\/v2\/product_brand?post=31989"},{"taxonomy":"product_cat","embeddable":true,"href":"https:\/\/rad-pal.com.pl\/en\/wp-json\/wp\/v2\/product_cat?post=31989"},{"taxonomy":"product_tag","embeddable":true,"href":"https:\/\/rad-pal.com.pl\/en\/wp-json\/wp\/v2\/product_tag?post=31989"}],"curies":[{"name":"wp","href":"https:\/\/api.w.org\/{rel}","templated":true}]}}