{"id":32031,"date":"2026-02-19T15:22:04","date_gmt":"2026-02-19T14:22:04","guid":{"rendered":"https:\/\/rad-pal.com.pl\/sklep\/bez-kategorii\/znak-ostrzegawczy-relaxdays-odblaskowy-aluminium-kwadrat-50x50cm\/"},"modified":"2026-02-19T15:23:10","modified_gmt":"2026-02-19T14:23:10","slug":"znak-ostrzegawczy-relaxdays-odblaskowy-aluminium-kwadrat-50x50cm","status":"publish","type":"product","link":"https:\/\/rad-pal.com.pl\/en\/sklep\/motoryzacja\/wyposazenie-i-akcesoria-samochodowe\/apteczki-gasnice-kamizelki-trojkaty\/trojkaty\/znak-ostrzegawczy-relaxdays-odblaskowy-aluminium-kwadrat-50x50cm\/","title":{"rendered":"ZNAK OSTRZEGAWCZY RELAXDAYS ODBLASKOWY ALUMINIUM KWADRAT 50X50CM"},"content":{"rendered":"<section class=\"section\">\n<div class=\"item item-6\">\n<section class=\"image-item\"><img decoding=\"async\" src=\"https:\/\/upload.cdn.baselinker.com\/products\/6014502\/57b323e79c73aee156cddac1910b9dd7.jpg\" \/><\/section>\n<\/p><\/div>\n<div class=\"item item-6\">\n<section class=\"text-item\">\n<h1>\u2733\ufe0fZNAK OSTRZEGAWCZY RELAXDAYS<\/h1>\n<ul>\n<li>\u27a1\ufe0fTyp: Znak ostrzegawczy<\/li>\n<li>\u27a1\ufe0fMarka:<b> RELAXDAYS<\/b><\/li>\n<li>\u27a1\ufe0fModel:<b> \u200e \u200e10029469<\/b><\/li>\n<li>\u27a1\ufe0fWymiary: <b>50cmx50cm<\/b><\/li>\n<li>\u27a1\ufe0fZnak ostrzegawczy jest wymagany w Hiszpanii i W\u0142oszech w celu oznakowania wystaj\u0105cych \u0142adunk\u00f3w<\/li>\n<li>\u27a1\ufe0fBezpieczny transport: kwadratowy metalowy znak ostrzegawczy do baga\u017cnik\u00f3w rowerowych, przyczep kempingowych, przyczep itp.<\/li>\n<li>\u27a1\ufe0f2 w 1: wystarczy obr\u00f3ci\u0107 znak ostrzegawczy, aby prze\u0142\u0105cza\u0107 si\u0119 mi\u0119dzy krajami &#8211; znaki ostrzegawcze specyficzne dla danego kraju<\/li>\n<li>\u27a1\ufe0fDo mocowania: tabliczka odblaskowa w czerwono-bia\u0142e paski z 4 oczkami monta\u017cowymi &#8211; ok. \u015arednica 7mm<\/li>\n<li>\u27a1\ufe0fPodstawy: wymiary (wys. x szer. x g\u0142.): ok. 50 x 50 x 0,5 cm. Wykonane z aluminium i PCV. Wa\u017cy ok. 0,8 kg<\/li>\n<li>\u27a1\ufe0fKolor: Bia\u0142y, czerwony<\/li>\n<\/ul>\n<\/section><\/div>\n<\/section>\n<section class=\"section\">\n<div class=\"item item-6\">\n<section class=\"image-item\"><img decoding=\"async\" src=\"https:\/\/upload.cdn.baselinker.com\/products\/6014502\/7d36c7a193431684e1cec4576a2c7a4c.jpg\" \/><\/section>\n<\/p><\/div>\n<div class=\"item item-6\">\n<section class=\"image-item\"><img decoding=\"async\" src=\"https:\/\/upload.cdn.baselinker.com\/products\/6014502\/4934f415df558f095126cb64ce35afc0.jpg\" \/><\/section>\n<\/p><\/div>\n<\/section>\n<section class=\"section\">\n<div class=\"item item-12\">\n<section class=\"text-item\">\n<p>14<\/p>\n<\/section><\/div>\n<\/section>","protected":false},"excerpt":{"rendered":"<p>\u2733\ufe0fZNAK OSTRZEGAWCZY RELAXDAYS \u27a1\ufe0fTyp: Znak ostrzegawczy \u27a1\ufe0fMarka: RELAXDAYS \u27a1\ufe0fModel: \u200e \u200e10029469 \u27a1\ufe0fWymiary: 50cmx50cm \u27a1\ufe0fZnak ostrzegawczy jest wymagany w Hiszpanii i<\/p>","protected":false},"featured_media":32040,"template":"","meta":[],"product_brand":[],"product_cat":[373,285,374,299],"product_tag":[],"class_list":{"0":"post-32031","1":"product","2":"type-product","3":"status-publish","4":"has-post-thumbnail","6":"product_cat-apteczki-gasnice-kamizelki-trojkaty","7":"product_cat-motoryzacja","8":"product_cat-trojkaty","9":"product_cat-wyposazenie-i-akcesoria-samochodowe","11":"first","12":"instock","13":"taxable","14":"shipping-taxable","15":"purchasable","16":"product-type-simple"},"yoast_head":"<!-- This site is optimized with the Yoast SEO plugin v25.7 - https:\/\/yoast.com\/wordpress\/plugins\/seo\/ -->\n<title>ZNAK OSTRZEGAWCZY RELAXDAYS ODBLASKOWY ALUMINIUM KWADRAT 50X50CM - Rad-Pal<\/title>\n<meta name=\"robots\" content=\"index, follow, max-snippet:-1, max-image-preview:large, max-video-preview:-1\" \/>\n<link rel=\"canonical\" href=\"https:\/\/rad-pal.com.pl\/en\/sklep\/motoryzacja\/wyposazenie-i-akcesoria-samochodowe\/apteczki-gasnice-kamizelki-trojkaty\/trojkaty\/znak-ostrzegawczy-relaxdays-odblaskowy-aluminium-kwadrat-50x50cm\/\" \/>\n<meta property=\"og:locale\" content=\"en_GB\" \/>\n<meta property=\"og:type\" content=\"article\" \/>\n<meta property=\"og:title\" content=\"ZNAK OSTRZEGAWCZY RELAXDAYS ODBLASKOWY ALUMINIUM KWADRAT 50X50CM - Rad-Pal\" \/>\n<meta property=\"og:description\" content=\"\u2733\ufe0fZNAK OSTRZEGAWCZY RELAXDAYS \u27a1\ufe0fTyp: Znak ostrzegawczy \u27a1\ufe0fMarka: RELAXDAYS \u27a1\ufe0fModel: \u200e \u200e10029469 \u27a1\ufe0fWymiary: 50cmx50cm \u27a1\ufe0fZnak ostrzegawczy jest wymagany w Hiszpanii i\" \/>\n<meta property=\"og:url\" content=\"https:\/\/rad-pal.com.pl\/en\/sklep\/motoryzacja\/wyposazenie-i-akcesoria-samochodowe\/apteczki-gasnice-kamizelki-trojkaty\/trojkaty\/znak-ostrzegawczy-relaxdays-odblaskowy-aluminium-kwadrat-50x50cm\/\" \/>\n<meta property=\"og:site_name\" content=\"Rad-Pal\" \/>\n<meta property=\"article:modified_time\" content=\"2026-02-19T14:23:10+00:00\" \/>\n<meta property=\"og:image\" content=\"https:\/\/rad-pal.com.pl\/wp-content\/uploads\/2026\/02\/9bfcda3897029303e9f7b072133f3977-1.jpg\" \/>\n\t<meta property=\"og:image:width\" content=\"600\" \/>\n\t<meta property=\"og:image:height\" content=\"523\" \/>\n\t<meta property=\"og:image:type\" content=\"image\/jpeg\" \/>\n<meta name=\"twitter:card\" content=\"summary_large_image\" \/>\n<meta name=\"twitter:label1\" content=\"Estimated reading time\" \/>\n\t<meta name=\"twitter:data1\" content=\"1 minute\" \/>\n<script type=\"application\/ld+json\" class=\"yoast-schema-graph\">{\"@context\":\"https:\/\/schema.org\",\"@graph\":[{\"@type\":\"WebPage\",\"@id\":\"https:\/\/rad-pal.com.pl\/sklep\/motoryzacja\/wyposazenie-i-akcesoria-samochodowe\/apteczki-gasnice-kamizelki-trojkaty\/trojkaty\/znak-ostrzegawczy-relaxdays-odblaskowy-aluminium-kwadrat-50x50cm\/\",\"url\":\"https:\/\/rad-pal.com.pl\/sklep\/motoryzacja\/wyposazenie-i-akcesoria-samochodowe\/apteczki-gasnice-kamizelki-trojkaty\/trojkaty\/znak-ostrzegawczy-relaxdays-odblaskowy-aluminium-kwadrat-50x50cm\/\",\"name\":\"ZNAK OSTRZEGAWCZY RELAXDAYS ODBLASKOWY ALUMINIUM KWADRAT 50X50CM - Rad-Pal\",\"isPartOf\":{\"@id\":\"https:\/\/rad-pal.com.pl\/#website\"},\"primaryImageOfPage\":{\"@id\":\"https:\/\/rad-pal.com.pl\/sklep\/motoryzacja\/wyposazenie-i-akcesoria-samochodowe\/apteczki-gasnice-kamizelki-trojkaty\/trojkaty\/znak-ostrzegawczy-relaxdays-odblaskowy-aluminium-kwadrat-50x50cm\/#primaryimage\"},\"image\":{\"@id\":\"https:\/\/rad-pal.com.pl\/sklep\/motoryzacja\/wyposazenie-i-akcesoria-samochodowe\/apteczki-gasnice-kamizelki-trojkaty\/trojkaty\/znak-ostrzegawczy-relaxdays-odblaskowy-aluminium-kwadrat-50x50cm\/#primaryimage\"},\"thumbnailUrl\":\"https:\/\/rad-pal.com.pl\/wp-content\/uploads\/2026\/02\/9bfcda3897029303e9f7b072133f3977-2.jpg\",\"datePublished\":\"2026-02-19T14:22:04+00:00\",\"dateModified\":\"2026-02-19T14:23:10+00:00\",\"breadcrumb\":{\"@id\":\"https:\/\/rad-pal.com.pl\/sklep\/motoryzacja\/wyposazenie-i-akcesoria-samochodowe\/apteczki-gasnice-kamizelki-trojkaty\/trojkaty\/znak-ostrzegawczy-relaxdays-odblaskowy-aluminium-kwadrat-50x50cm\/#breadcrumb\"},\"inLanguage\":\"en-GB\",\"potentialAction\":[{\"@type\":\"ReadAction\",\"target\":[\"https:\/\/rad-pal.com.pl\/sklep\/motoryzacja\/wyposazenie-i-akcesoria-samochodowe\/apteczki-gasnice-kamizelki-trojkaty\/trojkaty\/znak-ostrzegawczy-relaxdays-odblaskowy-aluminium-kwadrat-50x50cm\/\"]}]},{\"@type\":\"ImageObject\",\"inLanguage\":\"en-GB\",\"@id\":\"https:\/\/rad-pal.com.pl\/sklep\/motoryzacja\/wyposazenie-i-akcesoria-samochodowe\/apteczki-gasnice-kamizelki-trojkaty\/trojkaty\/znak-ostrzegawczy-relaxdays-odblaskowy-aluminium-kwadrat-50x50cm\/#primaryimage\",\"url\":\"https:\/\/rad-pal.com.pl\/wp-content\/uploads\/2026\/02\/9bfcda3897029303e9f7b072133f3977-2.jpg\",\"contentUrl\":\"https:\/\/rad-pal.com.pl\/wp-content\/uploads\/2026\/02\/9bfcda3897029303e9f7b072133f3977-2.jpg\",\"width\":600,\"height\":523,\"caption\":\"49aac6daaa4c4147c047cf0599bdd3f4\"},{\"@type\":\"BreadcrumbList\",\"@id\":\"https:\/\/rad-pal.com.pl\/sklep\/motoryzacja\/wyposazenie-i-akcesoria-samochodowe\/apteczki-gasnice-kamizelki-trojkaty\/trojkaty\/znak-ostrzegawczy-relaxdays-odblaskowy-aluminium-kwadrat-50x50cm\/#breadcrumb\",\"itemListElement\":[{\"@type\":\"ListItem\",\"position\":1,\"name\":\"Strona g\u0142\u00f3wna\",\"item\":\"https:\/\/rad-pal.com.pl\/\"},{\"@type\":\"ListItem\",\"position\":2,\"name\":\"Sklep\",\"item\":\"https:\/\/rad-pal.com.pl\/sklep\/\"},{\"@type\":\"ListItem\",\"position\":3,\"name\":\"ZNAK OSTRZEGAWCZY RELAXDAYS ODBLASKOWY ALUMINIUM KWADRAT 50X50CM\"}]},{\"@type\":\"WebSite\",\"@id\":\"https:\/\/rad-pal.com.pl\/#website\",\"url\":\"https:\/\/rad-pal.com.pl\/\",\"name\":\"Rad-Pal\",\"description\":\"\",\"publisher\":{\"@id\":\"https:\/\/rad-pal.com.pl\/#organization\"},\"potentialAction\":[{\"@type\":\"SearchAction\",\"target\":{\"@type\":\"EntryPoint\",\"urlTemplate\":\"https:\/\/rad-pal.com.pl\/?s={search_term_string}\"},\"query-input\":{\"@type\":\"PropertyValueSpecification\",\"valueRequired\":true,\"valueName\":\"search_term_string\"}}],\"inLanguage\":\"en-GB\"},{\"@type\":\"Organization\",\"@id\":\"https:\/\/rad-pal.com.pl\/#organization\",\"name\":\"Rad-Pal\",\"url\":\"https:\/\/rad-pal.com.pl\/\",\"logo\":{\"@type\":\"ImageObject\",\"inLanguage\":\"en-GB\",\"@id\":\"https:\/\/rad-pal.com.pl\/#\/schema\/logo\/image\/\",\"url\":\"https:\/\/rad-pal.com.pl\/wp-content\/uploads\/2026\/03\/Projekt-bez-nazwy-30.webp\",\"contentUrl\":\"https:\/\/rad-pal.com.pl\/wp-content\/uploads\/2026\/03\/Projekt-bez-nazwy-30.webp\",\"width\":600,\"height\":210,\"caption\":\"Rad-Pal\"},\"image\":{\"@id\":\"https:\/\/rad-pal.com.pl\/#\/schema\/logo\/image\/\"}}]}<\/script>\n<!-- \/ Yoast SEO plugin. -->","yoast_head_json":{"title":"ZNAK OSTRZEGAWCZY RELAXDAYS ODBLASKOWY ALUMINIUM KWADRAT 50X50CM - Rad-Pal","robots":{"index":"index","follow":"follow","max-snippet":"max-snippet:-1","max-image-preview":"max-image-preview:large","max-video-preview":"max-video-preview:-1"},"canonical":"https:\/\/rad-pal.com.pl\/en\/sklep\/motoryzacja\/wyposazenie-i-akcesoria-samochodowe\/apteczki-gasnice-kamizelki-trojkaty\/trojkaty\/znak-ostrzegawczy-relaxdays-odblaskowy-aluminium-kwadrat-50x50cm\/","og_locale":"en_GB","og_type":"article","og_title":"ZNAK OSTRZEGAWCZY RELAXDAYS ODBLASKOWY ALUMINIUM KWADRAT 50X50CM - Rad-Pal","og_description":"\u2733\ufe0fZNAK OSTRZEGAWCZY RELAXDAYS \u27a1\ufe0fTyp: Znak ostrzegawczy \u27a1\ufe0fMarka: RELAXDAYS \u27a1\ufe0fModel: \u200e \u200e10029469 \u27a1\ufe0fWymiary: 50cmx50cm \u27a1\ufe0fZnak ostrzegawczy jest wymagany w Hiszpanii i","og_url":"https:\/\/rad-pal.com.pl\/en\/sklep\/motoryzacja\/wyposazenie-i-akcesoria-samochodowe\/apteczki-gasnice-kamizelki-trojkaty\/trojkaty\/znak-ostrzegawczy-relaxdays-odblaskowy-aluminium-kwadrat-50x50cm\/","og_site_name":"Rad-Pal","article_modified_time":"2026-02-19T14:23:10+00:00","og_image":[{"width":600,"height":523,"url":"https:\/\/rad-pal.com.pl\/wp-content\/uploads\/2026\/02\/9bfcda3897029303e9f7b072133f3977-1.jpg","type":"image\/jpeg"}],"twitter_card":"summary_large_image","twitter_misc":{"Estimated reading time":"1 minute"},"schema":{"@context":"https:\/\/schema.org","@graph":[{"@type":"WebPage","@id":"https:\/\/rad-pal.com.pl\/sklep\/motoryzacja\/wyposazenie-i-akcesoria-samochodowe\/apteczki-gasnice-kamizelki-trojkaty\/trojkaty\/znak-ostrzegawczy-relaxdays-odblaskowy-aluminium-kwadrat-50x50cm\/","url":"https:\/\/rad-pal.com.pl\/sklep\/motoryzacja\/wyposazenie-i-akcesoria-samochodowe\/apteczki-gasnice-kamizelki-trojkaty\/trojkaty\/znak-ostrzegawczy-relaxdays-odblaskowy-aluminium-kwadrat-50x50cm\/","name":"ZNAK OSTRZEGAWCZY RELAXDAYS ODBLASKOWY ALUMINIUM KWADRAT 50X50CM - Rad-Pal","isPartOf":{"@id":"https:\/\/rad-pal.com.pl\/#website"},"primaryImageOfPage":{"@id":"https:\/\/rad-pal.com.pl\/sklep\/motoryzacja\/wyposazenie-i-akcesoria-samochodowe\/apteczki-gasnice-kamizelki-trojkaty\/trojkaty\/znak-ostrzegawczy-relaxdays-odblaskowy-aluminium-kwadrat-50x50cm\/#primaryimage"},"image":{"@id":"https:\/\/rad-pal.com.pl\/sklep\/motoryzacja\/wyposazenie-i-akcesoria-samochodowe\/apteczki-gasnice-kamizelki-trojkaty\/trojkaty\/znak-ostrzegawczy-relaxdays-odblaskowy-aluminium-kwadrat-50x50cm\/#primaryimage"},"thumbnailUrl":"https:\/\/rad-pal.com.pl\/wp-content\/uploads\/2026\/02\/9bfcda3897029303e9f7b072133f3977-2.jpg","datePublished":"2026-02-19T14:22:04+00:00","dateModified":"2026-02-19T14:23:10+00:00","breadcrumb":{"@id":"https:\/\/rad-pal.com.pl\/sklep\/motoryzacja\/wyposazenie-i-akcesoria-samochodowe\/apteczki-gasnice-kamizelki-trojkaty\/trojkaty\/znak-ostrzegawczy-relaxdays-odblaskowy-aluminium-kwadrat-50x50cm\/#breadcrumb"},"inLanguage":"en-GB","potentialAction":[{"@type":"ReadAction","target":["https:\/\/rad-pal.com.pl\/sklep\/motoryzacja\/wyposazenie-i-akcesoria-samochodowe\/apteczki-gasnice-kamizelki-trojkaty\/trojkaty\/znak-ostrzegawczy-relaxdays-odblaskowy-aluminium-kwadrat-50x50cm\/"]}]},{"@type":"ImageObject","inLanguage":"en-GB","@id":"https:\/\/rad-pal.com.pl\/sklep\/motoryzacja\/wyposazenie-i-akcesoria-samochodowe\/apteczki-gasnice-kamizelki-trojkaty\/trojkaty\/znak-ostrzegawczy-relaxdays-odblaskowy-aluminium-kwadrat-50x50cm\/#primaryimage","url":"https:\/\/rad-pal.com.pl\/wp-content\/uploads\/2026\/02\/9bfcda3897029303e9f7b072133f3977-2.jpg","contentUrl":"https:\/\/rad-pal.com.pl\/wp-content\/uploads\/2026\/02\/9bfcda3897029303e9f7b072133f3977-2.jpg","width":600,"height":523,"caption":"49aac6daaa4c4147c047cf0599bdd3f4"},{"@type":"BreadcrumbList","@id":"https:\/\/rad-pal.com.pl\/sklep\/motoryzacja\/wyposazenie-i-akcesoria-samochodowe\/apteczki-gasnice-kamizelki-trojkaty\/trojkaty\/znak-ostrzegawczy-relaxdays-odblaskowy-aluminium-kwadrat-50x50cm\/#breadcrumb","itemListElement":[{"@type":"ListItem","position":1,"name":"Strona g\u0142\u00f3wna","item":"https:\/\/rad-pal.com.pl\/"},{"@type":"ListItem","position":2,"name":"Sklep","item":"https:\/\/rad-pal.com.pl\/sklep\/"},{"@type":"ListItem","position":3,"name":"ZNAK OSTRZEGAWCZY RELAXDAYS ODBLASKOWY ALUMINIUM KWADRAT 50X50CM"}]},{"@type":"WebSite","@id":"https:\/\/rad-pal.com.pl\/#website","url":"https:\/\/rad-pal.com.pl\/","name":"Rad-Pal","description":"","publisher":{"@id":"https:\/\/rad-pal.com.pl\/#organization"},"potentialAction":[{"@type":"SearchAction","target":{"@type":"EntryPoint","urlTemplate":"https:\/\/rad-pal.com.pl\/?s={search_term_string}"},"query-input":{"@type":"PropertyValueSpecification","valueRequired":true,"valueName":"search_term_string"}}],"inLanguage":"en-GB"},{"@type":"Organization","@id":"https:\/\/rad-pal.com.pl\/#organization","name":"Rad-Pal","url":"https:\/\/rad-pal.com.pl\/","logo":{"@type":"ImageObject","inLanguage":"en-GB","@id":"https:\/\/rad-pal.com.pl\/#\/schema\/logo\/image\/","url":"https:\/\/rad-pal.com.pl\/wp-content\/uploads\/2026\/03\/Projekt-bez-nazwy-30.webp","contentUrl":"https:\/\/rad-pal.com.pl\/wp-content\/uploads\/2026\/03\/Projekt-bez-nazwy-30.webp","width":600,"height":210,"caption":"Rad-Pal"},"image":{"@id":"https:\/\/rad-pal.com.pl\/#\/schema\/logo\/image\/"}}]}},"_links":{"self":[{"href":"https:\/\/rad-pal.com.pl\/en\/wp-json\/wp\/v2\/product\/32031","targetHints":{"allow":["GET"]}}],"collection":[{"href":"https:\/\/rad-pal.com.pl\/en\/wp-json\/wp\/v2\/product"}],"about":[{"href":"https:\/\/rad-pal.com.pl\/en\/wp-json\/wp\/v2\/types\/product"}],"version-history":[{"count":0,"href":"https:\/\/rad-pal.com.pl\/en\/wp-json\/wp\/v2\/product\/32031\/revisions"}],"wp:featuredmedia":[{"embeddable":true,"href":"https:\/\/rad-pal.com.pl\/en\/wp-json\/wp\/v2\/media\/32040"}],"wp:attachment":[{"href":"https:\/\/rad-pal.com.pl\/en\/wp-json\/wp\/v2\/media?parent=32031"}],"wp:term":[{"taxonomy":"product_brand","embeddable":true,"href":"https:\/\/rad-pal.com.pl\/en\/wp-json\/wp\/v2\/product_brand?post=32031"},{"taxonomy":"product_cat","embeddable":true,"href":"https:\/\/rad-pal.com.pl\/en\/wp-json\/wp\/v2\/product_cat?post=32031"},{"taxonomy":"product_tag","embeddable":true,"href":"https:\/\/rad-pal.com.pl\/en\/wp-json\/wp\/v2\/product_tag?post=32031"}],"curies":[{"name":"wp","href":"https:\/\/api.w.org\/{rel}","templated":true}]}}