{"id":32143,"date":"2026-02-19T15:29:50","date_gmt":"2026-02-19T14:29:50","guid":{"rendered":"https:\/\/rad-pal.com.pl\/sklep\/bez-kategorii\/kolo-kolko-do-taczki-wozka-4-00-8-gumowe\/"},"modified":"2026-02-19T16:31:24","modified_gmt":"2026-02-19T15:31:24","slug":"kolo-kolko-do-taczki-wozka-4-00-8-gumowe","status":"publish","type":"product","link":"https:\/\/rad-pal.com.pl\/en\/sklep\/dom-i-ogrod\/ogrod\/narzedzia-ogrodnicze\/czesci-i-akcesoria\/kolo-kolko-do-taczki-wozka-4-00-8-gumowe\/","title":{"rendered":"Ko\u0142o k\u00f3\u0142ko do taczki w\u00f3zka 4.00-8 gumowe"},"content":{"rendered":"<section class=\"section\">\n<div class=\"item item-6\">\n<section class=\"image-item\"><img decoding=\"async\" src=\"https:\/\/upload.cdn.baselinker.com\/products\/6014502\/452314e8fbb480fbbbb5e42c31a6c71a.jpg\" \/><\/section>\n<\/p><\/div>\n<div class=\"item item-6\">\n<section class=\"text-item\">\n<h2>\u2733\ufe0fZapasowe ko\u0142o do taczki lub w\u00f3zka transportowego<\/h2>\n<p>Je\u017celi poszukujesz nowego k\u00f3\u0142ka do Twojej taczki, nasze ko\u0142o 4.80 4.00-8 z niesamowicie wytrzyma\u0142\u0105 opon\u0105 to idealne rozwi\u0105zanie dla Ciebie! Bezd\u0119tkowa opona z gumy PU jest odporna na wszelkiego rodzaju przebicia i uszkodzenia mechaniczne. Kawa\u0142ki szk\u0142a, ciernie i \u015bmieci nie b\u0119d\u0105 stanowi\u0107 dla Ciebie najmniejszego zagro\u017cenia! Materia\u0142, z kt\u00f3rego wykonane jest ko\u0142o nie odkszta\u0142ca si\u0119. Ko\u0142o nie wymaga pompowania, dzi\u0119ki czemu jest gotowe do u\u017cytku nawet po d\u0142ugiej zimie w gara\u017cu.<\/p>\n<p>\u0141o\u017cysko kulkowe znacznie u\u0142atwia pchanie taczki. Wyprofilowany bie\u017cnik opony gwarantuje ponadto kontrol\u0119 nad taczk\u0105 lub w\u00f3zkiem. Od teraz wszelkiego rodzaju prace ogrodowe stan\u0105 si\u0119 du\u017co \u0142atwiejsze!<\/p>\n<\/section><\/div>\n<\/section>\n<section class=\"section\">\n<div class=\"item item-6\">\n<section class=\"text-item\">\n<h2>\u2733\ufe0fGumowe k\u00f3\u0142ko ze stalow\u0105 felg\u0105<\/h2>\n<ul>\n<li>\u27a1\ufe0fZapasowe ko\u0142o z gumy PU<\/li>\n<li>\u27a1\ufe0fWytrzyma\u0142e i odporne na przebicie<\/li>\n<li>\u27a1\ufe0f\u0141o\u017cysko kulkowe gwarantuj\u0105ce niskie zu\u017cycie<\/li>\n<li>\u27a1\ufe0fWyprofilowany bie\u017cnik zapewnia kontrol\u0119<\/li>\n<\/ul>\n<\/section><\/div>\n<div class=\"item item-6\">\n<section class=\"image-item\"><img decoding=\"async\" src=\"https:\/\/upload.cdn.baselinker.com\/products\/6014502\/9de0592679639cfd03fb855086a56a5f.jpg\" \/><\/section>\n<\/p><\/div>\n<\/section>\n<section class=\"section\">\n<div class=\"item item-6\">\n<section class=\"image-item\"><img decoding=\"async\" src=\"https:\/\/upload.cdn.baselinker.com\/products\/6014502\/77218218cc839ac3483b5e597f80a2d7.jpg\" \/><\/section>\n<\/p><\/div>\n<div class=\"item item-6\">\n<section class=\"text-item\">\n<h2>\ufffdGumowe k\u00f3\u0142ko bezd\u0119tkowe w szczeg\u00f3\u0142ach<\/h2>\n<ul>\n<li>?Oznaczenie opony: 4.80 4.00-8<\/li>\n<li>?\u015arednica opony: ok. 39 cm<\/li>\n<li>?Szeroko\u015b\u0107 opony: ok. 9 cm<\/li>\n<li>?Maksymalne obci\u0105\u017cenie: ok. 100 kg<\/li>\n<\/ul>\n<h2>\u2764\ufe0fZapasowe ko\u0142o do taczki bez o\u015bki<\/h2>\n<ul>\n<li>?\u015arednica o\u015bki: ok. 2 cm<\/li>\n<li>?D\u0142ugo\u015b\u0107 piasty: ok. 9 cm<\/li>\n<li>?\u015arednica felgi: ok. 22 cm<\/li>\n<li>?Materia\u0142y: guma i stal<\/li>\n<li>?Dost\u0119pne w r\u00f3\u017cnych kolorach<\/li>\n<\/ul>\n<\/section><\/div>\n<\/section>\n<section class=\"section\">\n<div class=\"item item-6\">\n<section class=\"image-item\"><img decoding=\"async\" src=\"https:\/\/upload.cdn.baselinker.com\/products\/6014502\/758daa5f2665a5ccf8928ad2ed268c59.jpg\" \/><\/section>\n<\/p><\/div>\n<div class=\"item item-6\">\n<section class=\"image-item\"><img decoding=\"async\" src=\"https:\/\/upload.cdn.baselinker.com\/products\/6014502\/a6f73aec777c7a8e23cc3804ab0de0ad.jpg\" \/><\/section>\n<\/p><\/div>\n<\/section>\n<section class=\"section\">\n<div class=\"item item-6\">\n<section class=\"image-item\"><img decoding=\"async\" src=\"https:\/\/upload.cdn.baselinker.com\/products\/6014502\/d1fd13b90ecb8648fb1d93f3ac243cb5.jpg\" \/><\/section>\n<\/p><\/div>\n<div class=\"item item-6\">\n<section class=\"image-item\"><img decoding=\"async\" src=\"https:\/\/upload.cdn.baselinker.com\/products\/6014502\/6b4b39386dacfdbe7fe25d36c0bd5466.jpg\" \/><\/section>\n<\/p><\/div>\n<\/section>\n<section class=\"section\">\n<div class=\"item item-12\">\n<section class=\"text-item\">\n<p>15<\/p>\n<\/section><\/div>\n<\/section>","protected":false},"excerpt":{"rendered":"<p>\u2733\ufe0fZapasowe ko\u0142o do taczki lub w\u00f3zka transportowego Je\u017celi poszukujesz nowego k\u00f3\u0142ka do Twojej taczki, nasze ko\u0142o 4.80 4.00-8 z niesamowicie<\/p>","protected":false},"featured_media":32135,"template":"","meta":[],"product_brand":[],"product_cat":[121,86,112,111],"product_tag":[],"class_list":{"0":"post-32143","1":"product","2":"type-product","3":"status-publish","4":"has-post-thumbnail","6":"product_cat-czesci-i-akcesoria","7":"product_cat-dom-i-ogrod","8":"product_cat-narzedzia-ogrodnicze","9":"product_cat-ogrod","11":"first","12":"instock","13":"taxable","14":"shipping-taxable","15":"purchasable","16":"product-type-simple"},"yoast_head":"<!-- This site is optimized with the Yoast SEO plugin v25.7 - https:\/\/yoast.com\/wordpress\/plugins\/seo\/ -->\n<title>Ko\u0142o k\u00f3\u0142ko do taczki w\u00f3zka 4.00-8 gumowe - Rad-Pal<\/title>\n<meta name=\"robots\" content=\"index, follow, max-snippet:-1, max-image-preview:large, max-video-preview:-1\" \/>\n<link rel=\"canonical\" href=\"https:\/\/rad-pal.com.pl\/en\/sklep\/bez-kategorii\/kolo-kolko-do-taczki-wozka-4-00-8-gumowe\/\" \/>\n<meta property=\"og:locale\" content=\"en_GB\" \/>\n<meta property=\"og:type\" content=\"article\" \/>\n<meta property=\"og:title\" content=\"Ko\u0142o k\u00f3\u0142ko do taczki w\u00f3zka 4.00-8 gumowe - Rad-Pal\" \/>\n<meta property=\"og:description\" content=\"\u2733\ufe0fZapasowe ko\u0142o do taczki lub w\u00f3zka transportowego Je\u017celi poszukujesz nowego k\u00f3\u0142ka do Twojej taczki, nasze ko\u0142o 4.80 4.00-8 z niesamowicie\" \/>\n<meta property=\"og:url\" content=\"https:\/\/rad-pal.com.pl\/en\/sklep\/bez-kategorii\/kolo-kolko-do-taczki-wozka-4-00-8-gumowe\/\" \/>\n<meta property=\"og:site_name\" content=\"Rad-Pal\" \/>\n<meta property=\"article:modified_time\" content=\"2026-02-19T15:31:24+00:00\" \/>\n<meta property=\"og:image\" content=\"https:\/\/upload.cdn.baselinker.com\/products\/6014502\/452314e8fbb480fbbbb5e42c31a6c71a.jpg\" \/>\n<meta name=\"twitter:card\" content=\"summary_large_image\" \/>\n<meta name=\"twitter:label1\" content=\"Estimated reading time\" \/>\n\t<meta name=\"twitter:data1\" content=\"1 minute\" \/>\n<script type=\"application\/ld+json\" class=\"yoast-schema-graph\">{\"@context\":\"https:\/\/schema.org\",\"@graph\":[{\"@type\":\"WebPage\",\"@id\":\"https:\/\/rad-pal.com.pl\/sklep\/bez-kategorii\/kolo-kolko-do-taczki-wozka-4-00-8-gumowe\/\",\"url\":\"https:\/\/rad-pal.com.pl\/sklep\/bez-kategorii\/kolo-kolko-do-taczki-wozka-4-00-8-gumowe\/\",\"name\":\"Ko\u0142o k\u00f3\u0142ko do taczki w\u00f3zka 4.00-8 gumowe - Rad-Pal\",\"isPartOf\":{\"@id\":\"https:\/\/rad-pal.com.pl\/#website\"},\"primaryImageOfPage\":{\"@id\":\"https:\/\/rad-pal.com.pl\/sklep\/bez-kategorii\/kolo-kolko-do-taczki-wozka-4-00-8-gumowe\/#primaryimage\"},\"image\":{\"@id\":\"https:\/\/rad-pal.com.pl\/sklep\/bez-kategorii\/kolo-kolko-do-taczki-wozka-4-00-8-gumowe\/#primaryimage\"},\"thumbnailUrl\":\"https:\/\/rad-pal.com.pl\/wp-content\/uploads\/2026\/02\/452314e8fbb480fbbbb5e42c31a6c71a.jpg\",\"datePublished\":\"2026-02-19T14:29:50+00:00\",\"dateModified\":\"2026-02-19T15:31:24+00:00\",\"breadcrumb\":{\"@id\":\"https:\/\/rad-pal.com.pl\/sklep\/bez-kategorii\/kolo-kolko-do-taczki-wozka-4-00-8-gumowe\/#breadcrumb\"},\"inLanguage\":\"en-GB\",\"potentialAction\":[{\"@type\":\"ReadAction\",\"target\":[\"https:\/\/rad-pal.com.pl\/sklep\/bez-kategorii\/kolo-kolko-do-taczki-wozka-4-00-8-gumowe\/\"]}]},{\"@type\":\"ImageObject\",\"inLanguage\":\"en-GB\",\"@id\":\"https:\/\/rad-pal.com.pl\/sklep\/bez-kategorii\/kolo-kolko-do-taczki-wozka-4-00-8-gumowe\/#primaryimage\",\"url\":\"https:\/\/rad-pal.com.pl\/wp-content\/uploads\/2026\/02\/452314e8fbb480fbbbb5e42c31a6c71a.jpg\",\"contentUrl\":\"https:\/\/rad-pal.com.pl\/wp-content\/uploads\/2026\/02\/452314e8fbb480fbbbb5e42c31a6c71a.jpg\",\"width\":681,\"height\":681,\"caption\":\"0054e5408e18ef8a6754a72d099b4c0f\"},{\"@type\":\"BreadcrumbList\",\"@id\":\"https:\/\/rad-pal.com.pl\/sklep\/bez-kategorii\/kolo-kolko-do-taczki-wozka-4-00-8-gumowe\/#breadcrumb\",\"itemListElement\":[{\"@type\":\"ListItem\",\"position\":1,\"name\":\"Strona g\u0142\u00f3wna\",\"item\":\"https:\/\/rad-pal.com.pl\/\"},{\"@type\":\"ListItem\",\"position\":2,\"name\":\"Sklep\",\"item\":\"https:\/\/rad-pal.com.pl\/sklep\/\"},{\"@type\":\"ListItem\",\"position\":3,\"name\":\"Ko\u0142o k\u00f3\u0142ko do taczki w\u00f3zka 4.00-8 gumowe\"}]},{\"@type\":\"WebSite\",\"@id\":\"https:\/\/rad-pal.com.pl\/#website\",\"url\":\"https:\/\/rad-pal.com.pl\/\",\"name\":\"Rad-Pal\",\"description\":\"\",\"publisher\":{\"@id\":\"https:\/\/rad-pal.com.pl\/#organization\"},\"potentialAction\":[{\"@type\":\"SearchAction\",\"target\":{\"@type\":\"EntryPoint\",\"urlTemplate\":\"https:\/\/rad-pal.com.pl\/?s={search_term_string}\"},\"query-input\":{\"@type\":\"PropertyValueSpecification\",\"valueRequired\":true,\"valueName\":\"search_term_string\"}}],\"inLanguage\":\"en-GB\"},{\"@type\":\"Organization\",\"@id\":\"https:\/\/rad-pal.com.pl\/#organization\",\"name\":\"Rad-Pal\",\"url\":\"https:\/\/rad-pal.com.pl\/\",\"logo\":{\"@type\":\"ImageObject\",\"inLanguage\":\"en-GB\",\"@id\":\"https:\/\/rad-pal.com.pl\/#\/schema\/logo\/image\/\",\"url\":\"https:\/\/rad-pal.com.pl\/wp-content\/uploads\/2026\/03\/Projekt-bez-nazwy-30.webp\",\"contentUrl\":\"https:\/\/rad-pal.com.pl\/wp-content\/uploads\/2026\/03\/Projekt-bez-nazwy-30.webp\",\"width\":600,\"height\":210,\"caption\":\"Rad-Pal\"},\"image\":{\"@id\":\"https:\/\/rad-pal.com.pl\/#\/schema\/logo\/image\/\"}}]}<\/script>\n<!-- \/ Yoast SEO plugin. -->","yoast_head_json":{"title":"Ko\u0142o k\u00f3\u0142ko do taczki w\u00f3zka 4.00-8 gumowe - Rad-Pal","robots":{"index":"index","follow":"follow","max-snippet":"max-snippet:-1","max-image-preview":"max-image-preview:large","max-video-preview":"max-video-preview:-1"},"canonical":"https:\/\/rad-pal.com.pl\/en\/sklep\/bez-kategorii\/kolo-kolko-do-taczki-wozka-4-00-8-gumowe\/","og_locale":"en_GB","og_type":"article","og_title":"Ko\u0142o k\u00f3\u0142ko do taczki w\u00f3zka 4.00-8 gumowe - Rad-Pal","og_description":"\u2733\ufe0fZapasowe ko\u0142o do taczki lub w\u00f3zka transportowego Je\u017celi poszukujesz nowego k\u00f3\u0142ka do Twojej taczki, nasze ko\u0142o 4.80 4.00-8 z niesamowicie","og_url":"https:\/\/rad-pal.com.pl\/en\/sklep\/bez-kategorii\/kolo-kolko-do-taczki-wozka-4-00-8-gumowe\/","og_site_name":"Rad-Pal","article_modified_time":"2026-02-19T15:31:24+00:00","og_image":[{"url":"https:\/\/upload.cdn.baselinker.com\/products\/6014502\/452314e8fbb480fbbbb5e42c31a6c71a.jpg","type":"","width":"","height":""}],"twitter_card":"summary_large_image","twitter_misc":{"Estimated reading time":"1 minute"},"schema":{"@context":"https:\/\/schema.org","@graph":[{"@type":"WebPage","@id":"https:\/\/rad-pal.com.pl\/sklep\/bez-kategorii\/kolo-kolko-do-taczki-wozka-4-00-8-gumowe\/","url":"https:\/\/rad-pal.com.pl\/sklep\/bez-kategorii\/kolo-kolko-do-taczki-wozka-4-00-8-gumowe\/","name":"Ko\u0142o k\u00f3\u0142ko do taczki w\u00f3zka 4.00-8 gumowe - Rad-Pal","isPartOf":{"@id":"https:\/\/rad-pal.com.pl\/#website"},"primaryImageOfPage":{"@id":"https:\/\/rad-pal.com.pl\/sklep\/bez-kategorii\/kolo-kolko-do-taczki-wozka-4-00-8-gumowe\/#primaryimage"},"image":{"@id":"https:\/\/rad-pal.com.pl\/sklep\/bez-kategorii\/kolo-kolko-do-taczki-wozka-4-00-8-gumowe\/#primaryimage"},"thumbnailUrl":"https:\/\/rad-pal.com.pl\/wp-content\/uploads\/2026\/02\/452314e8fbb480fbbbb5e42c31a6c71a.jpg","datePublished":"2026-02-19T14:29:50+00:00","dateModified":"2026-02-19T15:31:24+00:00","breadcrumb":{"@id":"https:\/\/rad-pal.com.pl\/sklep\/bez-kategorii\/kolo-kolko-do-taczki-wozka-4-00-8-gumowe\/#breadcrumb"},"inLanguage":"en-GB","potentialAction":[{"@type":"ReadAction","target":["https:\/\/rad-pal.com.pl\/sklep\/bez-kategorii\/kolo-kolko-do-taczki-wozka-4-00-8-gumowe\/"]}]},{"@type":"ImageObject","inLanguage":"en-GB","@id":"https:\/\/rad-pal.com.pl\/sklep\/bez-kategorii\/kolo-kolko-do-taczki-wozka-4-00-8-gumowe\/#primaryimage","url":"https:\/\/rad-pal.com.pl\/wp-content\/uploads\/2026\/02\/452314e8fbb480fbbbb5e42c31a6c71a.jpg","contentUrl":"https:\/\/rad-pal.com.pl\/wp-content\/uploads\/2026\/02\/452314e8fbb480fbbbb5e42c31a6c71a.jpg","width":681,"height":681,"caption":"0054e5408e18ef8a6754a72d099b4c0f"},{"@type":"BreadcrumbList","@id":"https:\/\/rad-pal.com.pl\/sklep\/bez-kategorii\/kolo-kolko-do-taczki-wozka-4-00-8-gumowe\/#breadcrumb","itemListElement":[{"@type":"ListItem","position":1,"name":"Strona g\u0142\u00f3wna","item":"https:\/\/rad-pal.com.pl\/"},{"@type":"ListItem","position":2,"name":"Sklep","item":"https:\/\/rad-pal.com.pl\/sklep\/"},{"@type":"ListItem","position":3,"name":"Ko\u0142o k\u00f3\u0142ko do taczki w\u00f3zka 4.00-8 gumowe"}]},{"@type":"WebSite","@id":"https:\/\/rad-pal.com.pl\/#website","url":"https:\/\/rad-pal.com.pl\/","name":"Rad-Pal","description":"","publisher":{"@id":"https:\/\/rad-pal.com.pl\/#organization"},"potentialAction":[{"@type":"SearchAction","target":{"@type":"EntryPoint","urlTemplate":"https:\/\/rad-pal.com.pl\/?s={search_term_string}"},"query-input":{"@type":"PropertyValueSpecification","valueRequired":true,"valueName":"search_term_string"}}],"inLanguage":"en-GB"},{"@type":"Organization","@id":"https:\/\/rad-pal.com.pl\/#organization","name":"Rad-Pal","url":"https:\/\/rad-pal.com.pl\/","logo":{"@type":"ImageObject","inLanguage":"en-GB","@id":"https:\/\/rad-pal.com.pl\/#\/schema\/logo\/image\/","url":"https:\/\/rad-pal.com.pl\/wp-content\/uploads\/2026\/03\/Projekt-bez-nazwy-30.webp","contentUrl":"https:\/\/rad-pal.com.pl\/wp-content\/uploads\/2026\/03\/Projekt-bez-nazwy-30.webp","width":600,"height":210,"caption":"Rad-Pal"},"image":{"@id":"https:\/\/rad-pal.com.pl\/#\/schema\/logo\/image\/"}}]}},"_links":{"self":[{"href":"https:\/\/rad-pal.com.pl\/en\/wp-json\/wp\/v2\/product\/32143","targetHints":{"allow":["GET"]}}],"collection":[{"href":"https:\/\/rad-pal.com.pl\/en\/wp-json\/wp\/v2\/product"}],"about":[{"href":"https:\/\/rad-pal.com.pl\/en\/wp-json\/wp\/v2\/types\/product"}],"version-history":[{"count":0,"href":"https:\/\/rad-pal.com.pl\/en\/wp-json\/wp\/v2\/product\/32143\/revisions"}],"wp:featuredmedia":[{"embeddable":true,"href":"https:\/\/rad-pal.com.pl\/en\/wp-json\/wp\/v2\/media\/32135"}],"wp:attachment":[{"href":"https:\/\/rad-pal.com.pl\/en\/wp-json\/wp\/v2\/media?parent=32143"}],"wp:term":[{"taxonomy":"product_brand","embeddable":true,"href":"https:\/\/rad-pal.com.pl\/en\/wp-json\/wp\/v2\/product_brand?post=32143"},{"taxonomy":"product_cat","embeddable":true,"href":"https:\/\/rad-pal.com.pl\/en\/wp-json\/wp\/v2\/product_cat?post=32143"},{"taxonomy":"product_tag","embeddable":true,"href":"https:\/\/rad-pal.com.pl\/en\/wp-json\/wp\/v2\/product_tag?post=32143"}],"curies":[{"name":"wp","href":"https:\/\/api.w.org\/{rel}","templated":true}]}}