{"id":32197,"date":"2026-02-19T15:33:28","date_gmt":"2026-02-19T14:33:28","guid":{"rendered":"https:\/\/rad-pal.com.pl\/sklep\/bez-kategorii\/gra-imprezowa-ruletka-z-kieliszkami-relaxdays\/"},"modified":"2026-02-19T15:35:30","modified_gmt":"2026-02-19T14:35:30","slug":"gra-imprezowa-ruletka-z-kieliszkami-relaxdays","status":"publish","type":"product","link":"https:\/\/rad-pal.com.pl\/en\/sklep\/kultura-i-rozrywka\/gry\/planszowe\/imprezowe\/gra-imprezowa-ruletka-z-kieliszkami-relaxdays\/","title":{"rendered":"Gra imprezowa ruletka z kieliszkami Relaxdays"},"content":{"rendered":"<section class=\"section\">\n<div class=\"item item-12\">\n<section class=\"text-item\">\n<p>Ruletka z szotami<\/p>\n<p>Poni\u017cej realne zdj\u0119cia<\/p>\n<p><b>Opis produktu:<\/b><\/p>\n<p>\u2705Gra szcz\u0119\u015bcia w kasynie w wariancie wilgotno-weso\u0142ym: jako pomys\u0142 na prezent, na urodziny, dzie\u0144 m\u0119\u017cczyzny lub po prostu na spotkanie z przyjaci\u00f3\u0142mi \u2013 zadbaj o najlepszy nastr\u00f3j imprezy!<\/p>\n<p>\u2705Szczeg\u00f3\u0142y gry w ruletk\u0119: zestaw zawiera 16 kieliszk\u00f3w do shot\u00f3w i 2 kulki do zwijania \u2013 ka\u017cdy kieliszek pomie\u015bci ok. 2 cl \u2013 kieliszki s\u0105 czerwone lub czarne \u2013 po 2 nadruki cyfrowe<\/p>\n<p>\u2705Zabawna gra na zawody: pij przy zwyci\u0119stwie \u2013 lub zdecyduj po sukcesie, kt\u00f3ry jeszcze dla nieuczciwych graczy musi opr\u00f3\u017cni\u0107 kieliszek \u2013 nie ma ogranicze\u0144 w przypadku tych zasad<\/p>\n<p>\u2705Jak w kasynie z zabawkami: kocio\u0142ek do ruletki wraz z pier\u015bcieniem z czarnego tworzywa sztucznego (ok. 30 cm \u015brednicy) \u2013 obr\u00f3\u0107 uchwyt w kolorze z\u0142otym i wprawiaj w ruch wysokoprocentow\u0105 gr\u0119 imprezow\u0105<\/p>\n<p>\u2705Na spotkania towarzyskie: graj na zabawn\u0105 ruletk\u0119 w\u00f3dkow\u0105 idealnie z 2 do 8 graczami &#8211; odpowiednia dla par &#8211; zabawna gra dla doros\u0142ych do napoj\u00f3w alkoholowych i pysznych sok\u00f3w<\/p>\n<\/section><\/div>\n<\/section>\n<section class=\"section\">\n<div class=\"item item-12\">\n<section class=\"image-item\"><img decoding=\"async\" src=\"https:\/\/upload.cdn.baselinker.com\/products\/6014502\/73cb8db05a90dbbe6c25af143055bb2b.jpg\" \/><\/section>\n<\/p><\/div>\n<\/section>\n<section class=\"section\">\n<div class=\"item item-6\">\n<section class=\"image-item\"><img decoding=\"async\" src=\"https:\/\/upload.cdn.baselinker.com\/products\/6014502\/c243f99df33c357b59584f9831bb1476.jpg\" \/><\/section>\n<\/p><\/div>\n<div class=\"item item-6\">\n<section class=\"image-item\"><img decoding=\"async\" src=\"https:\/\/upload.cdn.baselinker.com\/products\/6014502\/95909af4d907a3800d3656acab171033.jpg\" \/><\/section>\n<\/p><\/div>\n<\/section>\n<section class=\"section\">\n<div class=\"item item-12\">\n<section class=\"image-item\"><img decoding=\"async\" src=\"https:\/\/upload.cdn.baselinker.com\/products\/6014502\/6d8ead073df048759fbc552b73b854db.jpg\" \/><\/section>\n<\/p><\/div>\n<\/section>\n<section class=\"section\">\n<div class=\"item item-6\">\n<section class=\"image-item\"><img decoding=\"async\" src=\"https:\/\/upload.cdn.baselinker.com\/products\/6014502\/f6e96770e79dcb9d944273e3ced5eab6.jpg\" \/><\/section>\n<\/p><\/div>\n<div class=\"item item-6\">\n<section class=\"image-item\"><img decoding=\"async\" src=\"https:\/\/upload.cdn.baselinker.com\/products\/6014502\/6a3932e30796a1b19cab078174b626eb.jpg\" \/><\/section>\n<\/p><\/div>\n<\/section>\n<section class=\"section\">\n<div class=\"item item-6\">\n<section class=\"image-item\"><img decoding=\"async\" src=\"https:\/\/upload.cdn.baselinker.com\/products\/6014502\/71e551b319e5e2fdae9a583799193130.jpg\" \/><\/section>\n<\/p><\/div>\n<div class=\"item item-6\">\n<section class=\"image-item\"><img decoding=\"async\" src=\"https:\/\/upload.cdn.baselinker.com\/products\/6014502\/05abf7297cf6f89020b0fa67a280b83e.jpg\" \/><\/section>\n<\/p><\/div>\n<\/section>\n<section class=\"section\">\n<div class=\"item item-12\">\n<section class=\"text-item\">\n<p>15<\/p>\n<\/section><\/div>\n<\/section>","protected":false},"excerpt":{"rendered":"<p>Ruletka z szotami Poni\u017cej realne zdj\u0119cia Opis produktu: \u2705Gra szcz\u0119\u015bcia w kasynie w wariancie wilgotno-weso\u0142ym: jako pomys\u0142 na prezent, na<\/p>","protected":false},"featured_media":32237,"template":"","meta":[],"product_brand":[],"product_cat":[180,192,179,191],"product_tag":[],"class_list":{"0":"post-32197","1":"product","2":"type-product","3":"status-publish","4":"has-post-thumbnail","6":"product_cat-gry","7":"product_cat-imprezowe","8":"product_cat-kultura-i-rozrywka","9":"product_cat-planszowe","11":"first","12":"instock","13":"taxable","14":"shipping-taxable","15":"purchasable","16":"product-type-simple"},"yoast_head":"<!-- This site is optimized with the Yoast SEO plugin v25.7 - https:\/\/yoast.com\/wordpress\/plugins\/seo\/ -->\n<title>Gra imprezowa ruletka z kieliszkami Relaxdays - Rad-Pal<\/title>\n<meta name=\"robots\" content=\"index, follow, max-snippet:-1, max-image-preview:large, max-video-preview:-1\" \/>\n<link rel=\"canonical\" href=\"https:\/\/rad-pal.com.pl\/en\/sklep\/kultura-i-rozrywka\/gry\/planszowe\/imprezowe\/gra-imprezowa-ruletka-z-kieliszkami-relaxdays\/\" \/>\n<meta property=\"og:locale\" content=\"en_GB\" \/>\n<meta property=\"og:type\" content=\"article\" \/>\n<meta property=\"og:title\" content=\"Gra imprezowa ruletka z kieliszkami Relaxdays - Rad-Pal\" \/>\n<meta property=\"og:description\" content=\"Ruletka z szotami Poni\u017cej realne zdj\u0119cia Opis produktu: \u2705Gra szcz\u0119\u015bcia w kasynie w wariancie wilgotno-weso\u0142ym: jako pomys\u0142 na prezent, na\" \/>\n<meta property=\"og:url\" content=\"https:\/\/rad-pal.com.pl\/en\/sklep\/kultura-i-rozrywka\/gry\/planszowe\/imprezowe\/gra-imprezowa-ruletka-z-kieliszkami-relaxdays\/\" \/>\n<meta property=\"og:site_name\" content=\"Rad-Pal\" \/>\n<meta property=\"article:modified_time\" content=\"2026-02-19T14:35:30+00:00\" \/>\n<meta property=\"og:image\" content=\"https:\/\/rad-pal.com.pl\/wp-content\/uploads\/2026\/02\/73cb8db05a90dbbe6c25af143055bb2b-1.jpg\" \/>\n\t<meta property=\"og:image:width\" content=\"1498\" \/>\n\t<meta property=\"og:image:height\" content=\"994\" \/>\n\t<meta property=\"og:image:type\" content=\"image\/jpeg\" \/>\n<meta name=\"twitter:card\" content=\"summary_large_image\" \/>\n<meta name=\"twitter:label1\" content=\"Estimated reading time\" \/>\n\t<meta name=\"twitter:data1\" content=\"1 minute\" \/>\n<script type=\"application\/ld+json\" class=\"yoast-schema-graph\">{\"@context\":\"https:\/\/schema.org\",\"@graph\":[{\"@type\":\"WebPage\",\"@id\":\"https:\/\/rad-pal.com.pl\/sklep\/kultura-i-rozrywka\/gry\/planszowe\/imprezowe\/gra-imprezowa-ruletka-z-kieliszkami-relaxdays\/\",\"url\":\"https:\/\/rad-pal.com.pl\/sklep\/kultura-i-rozrywka\/gry\/planszowe\/imprezowe\/gra-imprezowa-ruletka-z-kieliszkami-relaxdays\/\",\"name\":\"Gra imprezowa ruletka z kieliszkami Relaxdays - Rad-Pal\",\"isPartOf\":{\"@id\":\"https:\/\/rad-pal.com.pl\/#website\"},\"primaryImageOfPage\":{\"@id\":\"https:\/\/rad-pal.com.pl\/sklep\/kultura-i-rozrywka\/gry\/planszowe\/imprezowe\/gra-imprezowa-ruletka-z-kieliszkami-relaxdays\/#primaryimage\"},\"image\":{\"@id\":\"https:\/\/rad-pal.com.pl\/sklep\/kultura-i-rozrywka\/gry\/planszowe\/imprezowe\/gra-imprezowa-ruletka-z-kieliszkami-relaxdays\/#primaryimage\"},\"thumbnailUrl\":\"https:\/\/rad-pal.com.pl\/wp-content\/uploads\/2026\/02\/73cb8db05a90dbbe6c25af143055bb2b-3.jpg\",\"datePublished\":\"2026-02-19T14:33:28+00:00\",\"dateModified\":\"2026-02-19T14:35:30+00:00\",\"breadcrumb\":{\"@id\":\"https:\/\/rad-pal.com.pl\/sklep\/kultura-i-rozrywka\/gry\/planszowe\/imprezowe\/gra-imprezowa-ruletka-z-kieliszkami-relaxdays\/#breadcrumb\"},\"inLanguage\":\"en-GB\",\"potentialAction\":[{\"@type\":\"ReadAction\",\"target\":[\"https:\/\/rad-pal.com.pl\/sklep\/kultura-i-rozrywka\/gry\/planszowe\/imprezowe\/gra-imprezowa-ruletka-z-kieliszkami-relaxdays\/\"]}]},{\"@type\":\"ImageObject\",\"inLanguage\":\"en-GB\",\"@id\":\"https:\/\/rad-pal.com.pl\/sklep\/kultura-i-rozrywka\/gry\/planszowe\/imprezowe\/gra-imprezowa-ruletka-z-kieliszkami-relaxdays\/#primaryimage\",\"url\":\"https:\/\/rad-pal.com.pl\/wp-content\/uploads\/2026\/02\/73cb8db05a90dbbe6c25af143055bb2b-3.jpg\",\"contentUrl\":\"https:\/\/rad-pal.com.pl\/wp-content\/uploads\/2026\/02\/73cb8db05a90dbbe6c25af143055bb2b-3.jpg\",\"width\":1498,\"height\":994,\"caption\":\"cc85eff7f8c7cfcbc333fc17134ff1f6\"},{\"@type\":\"BreadcrumbList\",\"@id\":\"https:\/\/rad-pal.com.pl\/sklep\/kultura-i-rozrywka\/gry\/planszowe\/imprezowe\/gra-imprezowa-ruletka-z-kieliszkami-relaxdays\/#breadcrumb\",\"itemListElement\":[{\"@type\":\"ListItem\",\"position\":1,\"name\":\"Strona g\u0142\u00f3wna\",\"item\":\"https:\/\/rad-pal.com.pl\/\"},{\"@type\":\"ListItem\",\"position\":2,\"name\":\"Sklep\",\"item\":\"https:\/\/rad-pal.com.pl\/sklep\/\"},{\"@type\":\"ListItem\",\"position\":3,\"name\":\"Gra imprezowa ruletka z kieliszkami Relaxdays\"}]},{\"@type\":\"WebSite\",\"@id\":\"https:\/\/rad-pal.com.pl\/#website\",\"url\":\"https:\/\/rad-pal.com.pl\/\",\"name\":\"Rad-Pal\",\"description\":\"\",\"publisher\":{\"@id\":\"https:\/\/rad-pal.com.pl\/#organization\"},\"potentialAction\":[{\"@type\":\"SearchAction\",\"target\":{\"@type\":\"EntryPoint\",\"urlTemplate\":\"https:\/\/rad-pal.com.pl\/?s={search_term_string}\"},\"query-input\":{\"@type\":\"PropertyValueSpecification\",\"valueRequired\":true,\"valueName\":\"search_term_string\"}}],\"inLanguage\":\"en-GB\"},{\"@type\":\"Organization\",\"@id\":\"https:\/\/rad-pal.com.pl\/#organization\",\"name\":\"Rad-Pal\",\"url\":\"https:\/\/rad-pal.com.pl\/\",\"logo\":{\"@type\":\"ImageObject\",\"inLanguage\":\"en-GB\",\"@id\":\"https:\/\/rad-pal.com.pl\/#\/schema\/logo\/image\/\",\"url\":\"https:\/\/rad-pal.com.pl\/wp-content\/uploads\/2026\/03\/Projekt-bez-nazwy-30.webp\",\"contentUrl\":\"https:\/\/rad-pal.com.pl\/wp-content\/uploads\/2026\/03\/Projekt-bez-nazwy-30.webp\",\"width\":600,\"height\":210,\"caption\":\"Rad-Pal\"},\"image\":{\"@id\":\"https:\/\/rad-pal.com.pl\/#\/schema\/logo\/image\/\"}}]}<\/script>\n<!-- \/ Yoast SEO plugin. -->","yoast_head_json":{"title":"Gra imprezowa ruletka z kieliszkami Relaxdays - Rad-Pal","robots":{"index":"index","follow":"follow","max-snippet":"max-snippet:-1","max-image-preview":"max-image-preview:large","max-video-preview":"max-video-preview:-1"},"canonical":"https:\/\/rad-pal.com.pl\/en\/sklep\/kultura-i-rozrywka\/gry\/planszowe\/imprezowe\/gra-imprezowa-ruletka-z-kieliszkami-relaxdays\/","og_locale":"en_GB","og_type":"article","og_title":"Gra imprezowa ruletka z kieliszkami Relaxdays - Rad-Pal","og_description":"Ruletka z szotami Poni\u017cej realne zdj\u0119cia Opis produktu: \u2705Gra szcz\u0119\u015bcia w kasynie w wariancie wilgotno-weso\u0142ym: jako pomys\u0142 na prezent, na","og_url":"https:\/\/rad-pal.com.pl\/en\/sklep\/kultura-i-rozrywka\/gry\/planszowe\/imprezowe\/gra-imprezowa-ruletka-z-kieliszkami-relaxdays\/","og_site_name":"Rad-Pal","article_modified_time":"2026-02-19T14:35:30+00:00","og_image":[{"width":1498,"height":994,"url":"https:\/\/rad-pal.com.pl\/wp-content\/uploads\/2026\/02\/73cb8db05a90dbbe6c25af143055bb2b-1.jpg","type":"image\/jpeg"}],"twitter_card":"summary_large_image","twitter_misc":{"Estimated reading time":"1 minute"},"schema":{"@context":"https:\/\/schema.org","@graph":[{"@type":"WebPage","@id":"https:\/\/rad-pal.com.pl\/sklep\/kultura-i-rozrywka\/gry\/planszowe\/imprezowe\/gra-imprezowa-ruletka-z-kieliszkami-relaxdays\/","url":"https:\/\/rad-pal.com.pl\/sklep\/kultura-i-rozrywka\/gry\/planszowe\/imprezowe\/gra-imprezowa-ruletka-z-kieliszkami-relaxdays\/","name":"Gra imprezowa ruletka z kieliszkami Relaxdays - Rad-Pal","isPartOf":{"@id":"https:\/\/rad-pal.com.pl\/#website"},"primaryImageOfPage":{"@id":"https:\/\/rad-pal.com.pl\/sklep\/kultura-i-rozrywka\/gry\/planszowe\/imprezowe\/gra-imprezowa-ruletka-z-kieliszkami-relaxdays\/#primaryimage"},"image":{"@id":"https:\/\/rad-pal.com.pl\/sklep\/kultura-i-rozrywka\/gry\/planszowe\/imprezowe\/gra-imprezowa-ruletka-z-kieliszkami-relaxdays\/#primaryimage"},"thumbnailUrl":"https:\/\/rad-pal.com.pl\/wp-content\/uploads\/2026\/02\/73cb8db05a90dbbe6c25af143055bb2b-3.jpg","datePublished":"2026-02-19T14:33:28+00:00","dateModified":"2026-02-19T14:35:30+00:00","breadcrumb":{"@id":"https:\/\/rad-pal.com.pl\/sklep\/kultura-i-rozrywka\/gry\/planszowe\/imprezowe\/gra-imprezowa-ruletka-z-kieliszkami-relaxdays\/#breadcrumb"},"inLanguage":"en-GB","potentialAction":[{"@type":"ReadAction","target":["https:\/\/rad-pal.com.pl\/sklep\/kultura-i-rozrywka\/gry\/planszowe\/imprezowe\/gra-imprezowa-ruletka-z-kieliszkami-relaxdays\/"]}]},{"@type":"ImageObject","inLanguage":"en-GB","@id":"https:\/\/rad-pal.com.pl\/sklep\/kultura-i-rozrywka\/gry\/planszowe\/imprezowe\/gra-imprezowa-ruletka-z-kieliszkami-relaxdays\/#primaryimage","url":"https:\/\/rad-pal.com.pl\/wp-content\/uploads\/2026\/02\/73cb8db05a90dbbe6c25af143055bb2b-3.jpg","contentUrl":"https:\/\/rad-pal.com.pl\/wp-content\/uploads\/2026\/02\/73cb8db05a90dbbe6c25af143055bb2b-3.jpg","width":1498,"height":994,"caption":"cc85eff7f8c7cfcbc333fc17134ff1f6"},{"@type":"BreadcrumbList","@id":"https:\/\/rad-pal.com.pl\/sklep\/kultura-i-rozrywka\/gry\/planszowe\/imprezowe\/gra-imprezowa-ruletka-z-kieliszkami-relaxdays\/#breadcrumb","itemListElement":[{"@type":"ListItem","position":1,"name":"Strona g\u0142\u00f3wna","item":"https:\/\/rad-pal.com.pl\/"},{"@type":"ListItem","position":2,"name":"Sklep","item":"https:\/\/rad-pal.com.pl\/sklep\/"},{"@type":"ListItem","position":3,"name":"Gra imprezowa ruletka z kieliszkami Relaxdays"}]},{"@type":"WebSite","@id":"https:\/\/rad-pal.com.pl\/#website","url":"https:\/\/rad-pal.com.pl\/","name":"Rad-Pal","description":"","publisher":{"@id":"https:\/\/rad-pal.com.pl\/#organization"},"potentialAction":[{"@type":"SearchAction","target":{"@type":"EntryPoint","urlTemplate":"https:\/\/rad-pal.com.pl\/?s={search_term_string}"},"query-input":{"@type":"PropertyValueSpecification","valueRequired":true,"valueName":"search_term_string"}}],"inLanguage":"en-GB"},{"@type":"Organization","@id":"https:\/\/rad-pal.com.pl\/#organization","name":"Rad-Pal","url":"https:\/\/rad-pal.com.pl\/","logo":{"@type":"ImageObject","inLanguage":"en-GB","@id":"https:\/\/rad-pal.com.pl\/#\/schema\/logo\/image\/","url":"https:\/\/rad-pal.com.pl\/wp-content\/uploads\/2026\/03\/Projekt-bez-nazwy-30.webp","contentUrl":"https:\/\/rad-pal.com.pl\/wp-content\/uploads\/2026\/03\/Projekt-bez-nazwy-30.webp","width":600,"height":210,"caption":"Rad-Pal"},"image":{"@id":"https:\/\/rad-pal.com.pl\/#\/schema\/logo\/image\/"}}]}},"_links":{"self":[{"href":"https:\/\/rad-pal.com.pl\/en\/wp-json\/wp\/v2\/product\/32197","targetHints":{"allow":["GET"]}}],"collection":[{"href":"https:\/\/rad-pal.com.pl\/en\/wp-json\/wp\/v2\/product"}],"about":[{"href":"https:\/\/rad-pal.com.pl\/en\/wp-json\/wp\/v2\/types\/product"}],"version-history":[{"count":0,"href":"https:\/\/rad-pal.com.pl\/en\/wp-json\/wp\/v2\/product\/32197\/revisions"}],"wp:featuredmedia":[{"embeddable":true,"href":"https:\/\/rad-pal.com.pl\/en\/wp-json\/wp\/v2\/media\/32237"}],"wp:attachment":[{"href":"https:\/\/rad-pal.com.pl\/en\/wp-json\/wp\/v2\/media?parent=32197"}],"wp:term":[{"taxonomy":"product_brand","embeddable":true,"href":"https:\/\/rad-pal.com.pl\/en\/wp-json\/wp\/v2\/product_brand?post=32197"},{"taxonomy":"product_cat","embeddable":true,"href":"https:\/\/rad-pal.com.pl\/en\/wp-json\/wp\/v2\/product_cat?post=32197"},{"taxonomy":"product_tag","embeddable":true,"href":"https:\/\/rad-pal.com.pl\/en\/wp-json\/wp\/v2\/product_tag?post=32197"}],"curies":[{"name":"wp","href":"https:\/\/api.w.org\/{rel}","templated":true}]}}