{"id":32364,"date":"2026-02-19T15:40:05","date_gmt":"2026-02-19T14:40:05","guid":{"rendered":"https:\/\/rad-pal.com.pl\/sklep\/bez-kategorii\/etykiety-do-oznakowania-na-patyku-12szt\/"},"modified":"2026-02-19T16:32:58","modified_gmt":"2026-02-19T15:32:58","slug":"etykiety-do-oznakowania-na-patyku-12szt","status":"publish","type":"product","link":"https:\/\/rad-pal.com.pl\/en\/sklep\/dom-i-ogrod\/ogrod\/rosliny\/akcesoria-rosliny\/etykiety-i-tabliczki\/etykiety-do-oznakowania-na-patyku-12szt\/","title":{"rendered":"Etykiety do oznakowania na patyku 12szt."},"content":{"rendered":"<section class=\"section\">\n<div class=\"item item-12\">\n<section class=\"text-item\">\n<h1>\u2733\ufe0fTabliczki z \u0142upk\u00f3w do nazewnictwa ro\u015blin<\/h1>\n<\/section><\/div>\n<\/section>\n<section class=\"section\">\n<div class=\"item item-6\">\n<section class=\"image-item\"><img decoding=\"async\" src=\"https:\/\/upload.cdn.baselinker.com\/products\/6014502\/cfc2a19e15cf3d7c769ae0faf53c638a.jpg\" \/><\/section>\n<\/p><\/div>\n<div class=\"item item-6\">\n<section class=\"text-item\">\n<p>Te praktyczne przywieszki do ro\u015blin s\u0105 idealne do oznaczania warzyw, zi\u00f3\u0142 i kwiat\u00f3w po wysianiu na grz\u0105dce. Znaczniki pomagaj\u0105 identyfikowa\u0107 ro\u015bliny, dzi\u0119ki czemu mo\u017cna je \u015bledzi\u0107 nawet w du\u017cym ogrodzie. Na odpornych na warunki atmosferyczne etykietach \u0142upkowych mo\u017cna \u0142atwo pisa\u0107 kred\u0105. Etykiety na ro\u015bliny same w sobie przyci\u0105gaj\u0105 wzrok w rabatach, ogrodach zio\u0142owych i doniczkach i mog\u0105 by\u0107 u\u017cywane wielokrotnie.<\/p>\n<\/section><\/div>\n<\/section>\n<section class=\"section\">\n<div class=\"item item-6\">\n<section class=\"image-item\"><img decoding=\"async\" src=\"https:\/\/upload.cdn.baselinker.com\/products\/6014502\/019b453c510dd11139e325a158b49319.jpg\" \/><\/section>\n<\/p><\/div>\n<div class=\"item item-6\">\n<section class=\"text-item\">\n<h1>\u2733\ufe0fTabliczki \u0142upkowe do etykietowania<\/h1>\n<\/section><\/div>\n<\/section>\n<section class=\"section\">\n<div class=\"item item-12\">\n<section class=\"text-item\">\n<p>\u27a1\ufe0f12 tabliczek do oznaczania ro\u015blin<\/p>\n<p>\u27a1\ufe0ftabliczki do etykietowania ro\u015blin dla wi\u0119kszej przejrzysto\u015bci w ogrodzie<\/p>\n<p>\u27a1\ufe0fetykiety do oznaczania grz\u0105dek za pomoc\u0105 pisaka lub kredy (brak w zestawie)<\/p>\n<p>\u27a1\ufe0ftabliczki z \u0142upka s\u0105 odporne na warunki atmosferyczne<\/p>\n<p>\u27a1\ufe0ftabliczki kwiatowe z otworem do zawieszenia na haku, sznurku lub gwo\u017adziu<\/p>\n<p>\u27a1\ufe0fdobry pomys\u0142 na prezent dla ogrodnik\u00f3w hobbyst\u00f3w<\/p>\n<p>\u27a1\ufe0fjako dekoracja sto\u0142u lub spersonalizowany prezent<\/p>\n<\/section><\/div>\n<\/section>\n<section class=\"section\">\n<div class=\"item item-12\">\n<section class=\"text-item\">\n<p>14<\/p>\n<\/section><\/div>\n<\/section>","protected":false},"excerpt":{"rendered":"<p>\u2733\ufe0fTabliczki z \u0142upk\u00f3w do nazewnictwa ro\u015blin Te praktyczne przywieszki do ro\u015blin s\u0105 idealne do oznaczania warzyw, zi\u00f3\u0142 i kwiat\u00f3w po<\/p>","protected":false},"featured_media":32357,"template":"","meta":[],"product_brand":[],"product_cat":[261,86,395,111,260],"product_tag":[],"class_list":{"0":"post-32364","1":"product","2":"type-product","3":"status-publish","4":"has-post-thumbnail","6":"product_cat-akcesoria-rosliny","7":"product_cat-dom-i-ogrod","8":"product_cat-etykiety-i-tabliczki","9":"product_cat-ogrod","10":"product_cat-rosliny","12":"first","13":"instock","14":"taxable","15":"shipping-taxable","16":"purchasable","17":"product-type-simple"},"yoast_head":"<!-- This site is optimized with the Yoast SEO plugin v25.7 - https:\/\/yoast.com\/wordpress\/plugins\/seo\/ -->\n<title>Etykiety do oznakowania na patyku 12szt. - Rad-Pal<\/title>\n<meta name=\"robots\" content=\"index, follow, max-snippet:-1, max-image-preview:large, max-video-preview:-1\" \/>\n<link rel=\"canonical\" href=\"https:\/\/rad-pal.com.pl\/en\/sklep\/bez-kategorii\/etykiety-do-oznakowania-na-patyku-12szt\/\" \/>\n<meta property=\"og:locale\" content=\"en_GB\" \/>\n<meta property=\"og:type\" content=\"article\" \/>\n<meta property=\"og:title\" content=\"Etykiety do oznakowania na patyku 12szt. - Rad-Pal\" \/>\n<meta property=\"og:description\" content=\"\u2733\ufe0fTabliczki z \u0142upk\u00f3w do nazewnictwa ro\u015blin Te praktyczne przywieszki do ro\u015blin s\u0105 idealne do oznaczania warzyw, zi\u00f3\u0142 i kwiat\u00f3w po\" \/>\n<meta property=\"og:url\" content=\"https:\/\/rad-pal.com.pl\/en\/sklep\/bez-kategorii\/etykiety-do-oznakowania-na-patyku-12szt\/\" \/>\n<meta property=\"og:site_name\" content=\"Rad-Pal\" \/>\n<meta property=\"article:modified_time\" content=\"2026-02-19T15:32:58+00:00\" \/>\n<meta property=\"og:image\" content=\"https:\/\/upload.cdn.baselinker.com\/products\/6014502\/cfc2a19e15cf3d7c769ae0faf53c638a.jpg\" \/>\n<meta name=\"twitter:card\" content=\"summary_large_image\" \/>\n<meta name=\"twitter:label1\" content=\"Estimated reading time\" \/>\n\t<meta name=\"twitter:data1\" content=\"1 minute\" \/>\n<script type=\"application\/ld+json\" class=\"yoast-schema-graph\">{\"@context\":\"https:\/\/schema.org\",\"@graph\":[{\"@type\":\"WebPage\",\"@id\":\"https:\/\/rad-pal.com.pl\/sklep\/bez-kategorii\/etykiety-do-oznakowania-na-patyku-12szt\/\",\"url\":\"https:\/\/rad-pal.com.pl\/sklep\/bez-kategorii\/etykiety-do-oznakowania-na-patyku-12szt\/\",\"name\":\"Etykiety do oznakowania na patyku 12szt. - Rad-Pal\",\"isPartOf\":{\"@id\":\"https:\/\/rad-pal.com.pl\/#website\"},\"primaryImageOfPage\":{\"@id\":\"https:\/\/rad-pal.com.pl\/sklep\/bez-kategorii\/etykiety-do-oznakowania-na-patyku-12szt\/#primaryimage\"},\"image\":{\"@id\":\"https:\/\/rad-pal.com.pl\/sklep\/bez-kategorii\/etykiety-do-oznakowania-na-patyku-12szt\/#primaryimage\"},\"thumbnailUrl\":\"https:\/\/rad-pal.com.pl\/wp-content\/uploads\/2026\/02\/f1999a036fc1146153afcdd1d8bfff52.jpg\",\"datePublished\":\"2026-02-19T14:40:05+00:00\",\"dateModified\":\"2026-02-19T15:32:58+00:00\",\"breadcrumb\":{\"@id\":\"https:\/\/rad-pal.com.pl\/sklep\/bez-kategorii\/etykiety-do-oznakowania-na-patyku-12szt\/#breadcrumb\"},\"inLanguage\":\"en-GB\",\"potentialAction\":[{\"@type\":\"ReadAction\",\"target\":[\"https:\/\/rad-pal.com.pl\/sklep\/bez-kategorii\/etykiety-do-oznakowania-na-patyku-12szt\/\"]}]},{\"@type\":\"ImageObject\",\"inLanguage\":\"en-GB\",\"@id\":\"https:\/\/rad-pal.com.pl\/sklep\/bez-kategorii\/etykiety-do-oznakowania-na-patyku-12szt\/#primaryimage\",\"url\":\"https:\/\/rad-pal.com.pl\/wp-content\/uploads\/2026\/02\/f1999a036fc1146153afcdd1d8bfff52.jpg\",\"contentUrl\":\"https:\/\/rad-pal.com.pl\/wp-content\/uploads\/2026\/02\/f1999a036fc1146153afcdd1d8bfff52.jpg\",\"width\":681,\"height\":681,\"caption\":\"10dc7d26da696a7dce57aa843a3578e1\"},{\"@type\":\"BreadcrumbList\",\"@id\":\"https:\/\/rad-pal.com.pl\/sklep\/bez-kategorii\/etykiety-do-oznakowania-na-patyku-12szt\/#breadcrumb\",\"itemListElement\":[{\"@type\":\"ListItem\",\"position\":1,\"name\":\"Strona g\u0142\u00f3wna\",\"item\":\"https:\/\/rad-pal.com.pl\/\"},{\"@type\":\"ListItem\",\"position\":2,\"name\":\"Sklep\",\"item\":\"https:\/\/rad-pal.com.pl\/sklep\/\"},{\"@type\":\"ListItem\",\"position\":3,\"name\":\"Etykiety do oznakowania na patyku 12szt.\"}]},{\"@type\":\"WebSite\",\"@id\":\"https:\/\/rad-pal.com.pl\/#website\",\"url\":\"https:\/\/rad-pal.com.pl\/\",\"name\":\"Rad-Pal\",\"description\":\"\",\"publisher\":{\"@id\":\"https:\/\/rad-pal.com.pl\/#organization\"},\"potentialAction\":[{\"@type\":\"SearchAction\",\"target\":{\"@type\":\"EntryPoint\",\"urlTemplate\":\"https:\/\/rad-pal.com.pl\/?s={search_term_string}\"},\"query-input\":{\"@type\":\"PropertyValueSpecification\",\"valueRequired\":true,\"valueName\":\"search_term_string\"}}],\"inLanguage\":\"en-GB\"},{\"@type\":\"Organization\",\"@id\":\"https:\/\/rad-pal.com.pl\/#organization\",\"name\":\"Rad-Pal\",\"url\":\"https:\/\/rad-pal.com.pl\/\",\"logo\":{\"@type\":\"ImageObject\",\"inLanguage\":\"en-GB\",\"@id\":\"https:\/\/rad-pal.com.pl\/#\/schema\/logo\/image\/\",\"url\":\"https:\/\/rad-pal.com.pl\/wp-content\/uploads\/2026\/03\/Projekt-bez-nazwy-30.webp\",\"contentUrl\":\"https:\/\/rad-pal.com.pl\/wp-content\/uploads\/2026\/03\/Projekt-bez-nazwy-30.webp\",\"width\":600,\"height\":210,\"caption\":\"Rad-Pal\"},\"image\":{\"@id\":\"https:\/\/rad-pal.com.pl\/#\/schema\/logo\/image\/\"}}]}<\/script>\n<!-- \/ Yoast SEO plugin. -->","yoast_head_json":{"title":"Etykiety do oznakowania na patyku 12szt. - Rad-Pal","robots":{"index":"index","follow":"follow","max-snippet":"max-snippet:-1","max-image-preview":"max-image-preview:large","max-video-preview":"max-video-preview:-1"},"canonical":"https:\/\/rad-pal.com.pl\/en\/sklep\/bez-kategorii\/etykiety-do-oznakowania-na-patyku-12szt\/","og_locale":"en_GB","og_type":"article","og_title":"Etykiety do oznakowania na patyku 12szt. - Rad-Pal","og_description":"\u2733\ufe0fTabliczki z \u0142upk\u00f3w do nazewnictwa ro\u015blin Te praktyczne przywieszki do ro\u015blin s\u0105 idealne do oznaczania warzyw, zi\u00f3\u0142 i kwiat\u00f3w po","og_url":"https:\/\/rad-pal.com.pl\/en\/sklep\/bez-kategorii\/etykiety-do-oznakowania-na-patyku-12szt\/","og_site_name":"Rad-Pal","article_modified_time":"2026-02-19T15:32:58+00:00","og_image":[{"url":"https:\/\/upload.cdn.baselinker.com\/products\/6014502\/cfc2a19e15cf3d7c769ae0faf53c638a.jpg","type":"","width":"","height":""}],"twitter_card":"summary_large_image","twitter_misc":{"Estimated reading time":"1 minute"},"schema":{"@context":"https:\/\/schema.org","@graph":[{"@type":"WebPage","@id":"https:\/\/rad-pal.com.pl\/sklep\/bez-kategorii\/etykiety-do-oznakowania-na-patyku-12szt\/","url":"https:\/\/rad-pal.com.pl\/sklep\/bez-kategorii\/etykiety-do-oznakowania-na-patyku-12szt\/","name":"Etykiety do oznakowania na patyku 12szt. - Rad-Pal","isPartOf":{"@id":"https:\/\/rad-pal.com.pl\/#website"},"primaryImageOfPage":{"@id":"https:\/\/rad-pal.com.pl\/sklep\/bez-kategorii\/etykiety-do-oznakowania-na-patyku-12szt\/#primaryimage"},"image":{"@id":"https:\/\/rad-pal.com.pl\/sklep\/bez-kategorii\/etykiety-do-oznakowania-na-patyku-12szt\/#primaryimage"},"thumbnailUrl":"https:\/\/rad-pal.com.pl\/wp-content\/uploads\/2026\/02\/f1999a036fc1146153afcdd1d8bfff52.jpg","datePublished":"2026-02-19T14:40:05+00:00","dateModified":"2026-02-19T15:32:58+00:00","breadcrumb":{"@id":"https:\/\/rad-pal.com.pl\/sklep\/bez-kategorii\/etykiety-do-oznakowania-na-patyku-12szt\/#breadcrumb"},"inLanguage":"en-GB","potentialAction":[{"@type":"ReadAction","target":["https:\/\/rad-pal.com.pl\/sklep\/bez-kategorii\/etykiety-do-oznakowania-na-patyku-12szt\/"]}]},{"@type":"ImageObject","inLanguage":"en-GB","@id":"https:\/\/rad-pal.com.pl\/sklep\/bez-kategorii\/etykiety-do-oznakowania-na-patyku-12szt\/#primaryimage","url":"https:\/\/rad-pal.com.pl\/wp-content\/uploads\/2026\/02\/f1999a036fc1146153afcdd1d8bfff52.jpg","contentUrl":"https:\/\/rad-pal.com.pl\/wp-content\/uploads\/2026\/02\/f1999a036fc1146153afcdd1d8bfff52.jpg","width":681,"height":681,"caption":"10dc7d26da696a7dce57aa843a3578e1"},{"@type":"BreadcrumbList","@id":"https:\/\/rad-pal.com.pl\/sklep\/bez-kategorii\/etykiety-do-oznakowania-na-patyku-12szt\/#breadcrumb","itemListElement":[{"@type":"ListItem","position":1,"name":"Strona g\u0142\u00f3wna","item":"https:\/\/rad-pal.com.pl\/"},{"@type":"ListItem","position":2,"name":"Sklep","item":"https:\/\/rad-pal.com.pl\/sklep\/"},{"@type":"ListItem","position":3,"name":"Etykiety do oznakowania na patyku 12szt."}]},{"@type":"WebSite","@id":"https:\/\/rad-pal.com.pl\/#website","url":"https:\/\/rad-pal.com.pl\/","name":"Rad-Pal","description":"","publisher":{"@id":"https:\/\/rad-pal.com.pl\/#organization"},"potentialAction":[{"@type":"SearchAction","target":{"@type":"EntryPoint","urlTemplate":"https:\/\/rad-pal.com.pl\/?s={search_term_string}"},"query-input":{"@type":"PropertyValueSpecification","valueRequired":true,"valueName":"search_term_string"}}],"inLanguage":"en-GB"},{"@type":"Organization","@id":"https:\/\/rad-pal.com.pl\/#organization","name":"Rad-Pal","url":"https:\/\/rad-pal.com.pl\/","logo":{"@type":"ImageObject","inLanguage":"en-GB","@id":"https:\/\/rad-pal.com.pl\/#\/schema\/logo\/image\/","url":"https:\/\/rad-pal.com.pl\/wp-content\/uploads\/2026\/03\/Projekt-bez-nazwy-30.webp","contentUrl":"https:\/\/rad-pal.com.pl\/wp-content\/uploads\/2026\/03\/Projekt-bez-nazwy-30.webp","width":600,"height":210,"caption":"Rad-Pal"},"image":{"@id":"https:\/\/rad-pal.com.pl\/#\/schema\/logo\/image\/"}}]}},"_links":{"self":[{"href":"https:\/\/rad-pal.com.pl\/en\/wp-json\/wp\/v2\/product\/32364","targetHints":{"allow":["GET"]}}],"collection":[{"href":"https:\/\/rad-pal.com.pl\/en\/wp-json\/wp\/v2\/product"}],"about":[{"href":"https:\/\/rad-pal.com.pl\/en\/wp-json\/wp\/v2\/types\/product"}],"version-history":[{"count":0,"href":"https:\/\/rad-pal.com.pl\/en\/wp-json\/wp\/v2\/product\/32364\/revisions"}],"wp:featuredmedia":[{"embeddable":true,"href":"https:\/\/rad-pal.com.pl\/en\/wp-json\/wp\/v2\/media\/32357"}],"wp:attachment":[{"href":"https:\/\/rad-pal.com.pl\/en\/wp-json\/wp\/v2\/media?parent=32364"}],"wp:term":[{"taxonomy":"product_brand","embeddable":true,"href":"https:\/\/rad-pal.com.pl\/en\/wp-json\/wp\/v2\/product_brand?post=32364"},{"taxonomy":"product_cat","embeddable":true,"href":"https:\/\/rad-pal.com.pl\/en\/wp-json\/wp\/v2\/product_cat?post=32364"},{"taxonomy":"product_tag","embeddable":true,"href":"https:\/\/rad-pal.com.pl\/en\/wp-json\/wp\/v2\/product_tag?post=32364"}],"curies":[{"name":"wp","href":"https:\/\/api.w.org\/{rel}","templated":true}]}}