{"id":32420,"date":"2026-02-19T15:42:20","date_gmt":"2026-02-19T14:42:20","guid":{"rendered":"https:\/\/rad-pal.com.pl\/sklep\/bez-kategorii\/wysuwany-pojemnik-na-sztucce-z-bambusa-2\/"},"modified":"2026-02-19T16:33:24","modified_gmt":"2026-02-19T15:33:24","slug":"wysuwany-pojemnik-na-sztucce-z-bambusa-2","status":"publish","type":"product","link":"https:\/\/rad-pal.com.pl\/en\/sklep\/dom-i-ogrod\/wyposazenie\/przybory-kuchenne\/wklady-do-szuflad\/wysuwany-pojemnik-na-sztucce-z-bambusa-2\/","title":{"rendered":"Wysuwany pojemnik na sztu\u0107ce z bambusa"},"content":{"rendered":"<section class=\"section\">\n<div class=\"item item-12\">\n<section class=\"text-item\">\n<h1>\u2733\ufe0fWszechstronna tacka na sztu\u0107ce do szuflady<\/h1>\n<\/section><\/div>\n<\/section>\n<section class=\"section\">\n<div class=\"item item-6\">\n<section class=\"image-item\"><img decoding=\"async\" src=\"https:\/\/upload.cdn.baselinker.com\/products\/6014502\/91346012823d178d10bf8e2e181f5e38.jpg\" \/><\/section>\n<\/p><\/div>\n<div class=\"item item-6\">\n<section class=\"text-item\">\n<p>Zapomnij o ba\u0142aganie w kuchennych szufladach! Dzi\u0119ki tej eleganckiej tacce na sztu\u0107ce z naturalnego bambusa, chaos to ju\u017c przesz\u0142o\u015b\u0107. Przemy\u015blany uk\u0142ad z wieloma przegrodami g\u0142\u00f3wnymi oraz 2 wysuwanymi sekcjami zapewnia nie tylko idealne miejsce na sztu\u0107ce, ale r\u00f3wnie\u017c na wszelkie inne akcesoria kuchenne. To jednak nie wszystko! Organizer sprawdzi si\u0119 tak\u017ce w biurze czy pracowni \u2013 uporz\u0105dkuje przybory do pisania, materia\u0142y kreatywne i wiele wi\u0119cej. Dodatkowo regulowana szeroko\u015b\u0107 sprawia, \u017ce tacka perfekcyjnie dopasowuje si\u0119 do r\u00f3\u017cnych rozmiar\u00f3w szuflad. Styl, porz\u0105dek i funkcjonalno\u015b\u0107 w jednym!<\/p>\n<\/section><\/div>\n<\/section>\n<section class=\"section\">\n<div class=\"item item-6\">\n<section class=\"image-item\"><img decoding=\"async\" src=\"https:\/\/upload.cdn.baselinker.com\/products\/6014502\/7fb41aa51b53a3740995257deedd5775.jpg\" \/><\/section>\n<\/p><\/div>\n<div class=\"item item-6\">\n<section class=\"text-item\">\n<h1>\u2733\ufe0fRegulowany organizer na sztu\u0107ce<\/h1>\n<\/section><\/div>\n<\/section>\n<section class=\"section\">\n<div class=\"item item-12\">\n<section class=\"text-item\">\n<p>\u27a1\ufe0fkilka g\u0142\u00f3wnych przegr\u00f3d i 2 wysuwane komory na sztu\u0107ce itp.<\/p>\n<p>\u27a1\ufe0fzapewnia porz\u0105dek i przejrzysto\u015b\u0107 w szufladzie<\/p>\n<p>\u27a1\ufe0fwk\u0142ad do szuflady z regulowan\u0105 szeroko\u015bci\u0105<\/p>\n<p>\u27a1\ufe0fwykonany z wytrzyma\u0142ego bambusa o naturalnym us\u0142ojeniu<\/p>\n<p>\u27a1\ufe0fnadaje si\u0119 r\u00f3wnie\u017c do przechowywania przybor\u00f3w rzemie\u015blniczych lub materia\u0142\u00f3w biurowych<\/p>\n<p>\u27a1\ufe0fsilikonowe n\u00f3\u017cki zapewniaj\u0105 stabilno\u015b\u0107 tacy na sztu\u0107ce<\/p>\n<\/section><\/div>\n<\/section>\n<section class=\"section\">\n<div class=\"item item-12\">\n<section class=\"text-item\">\n<p>13<\/p>\n<\/section><\/div>\n<\/section>","protected":false},"excerpt":{"rendered":"<p>\u2733\ufe0fWszechstronna tacka na sztu\u0107ce do szuflady Zapomnij o ba\u0142aganie w kuchennych szufladach! Dzi\u0119ki tej eleganckiej tacce na sztu\u0107ce z naturalnego<\/p>","protected":false},"featured_media":32412,"template":"","meta":[],"product_brand":[],"product_cat":[86,88,123,87],"product_tag":[],"class_list":{"0":"post-32420","1":"product","2":"type-product","3":"status-publish","4":"has-post-thumbnail","6":"product_cat-dom-i-ogrod","7":"product_cat-przybory-kuchenne","8":"product_cat-wklady-do-szuflad","9":"product_cat-wyposazenie","11":"first","12":"instock","13":"taxable","14":"shipping-taxable","15":"purchasable","16":"product-type-simple"},"yoast_head":"<!-- This site is optimized with the Yoast SEO plugin v25.7 - https:\/\/yoast.com\/wordpress\/plugins\/seo\/ -->\n<title>Wysuwany pojemnik na sztu\u0107ce z bambusa - Rad-Pal<\/title>\n<meta name=\"robots\" content=\"index, follow, max-snippet:-1, max-image-preview:large, max-video-preview:-1\" \/>\n<link rel=\"canonical\" href=\"https:\/\/rad-pal.com.pl\/en\/sklep\/bez-kategorii\/wysuwany-pojemnik-na-sztucce-z-bambusa-2\/\" \/>\n<meta property=\"og:locale\" content=\"en_GB\" \/>\n<meta property=\"og:type\" content=\"article\" \/>\n<meta property=\"og:title\" content=\"Wysuwany pojemnik na sztu\u0107ce z bambusa - Rad-Pal\" \/>\n<meta property=\"og:description\" content=\"\u2733\ufe0fWszechstronna tacka na sztu\u0107ce do szuflady Zapomnij o ba\u0142aganie w kuchennych szufladach! Dzi\u0119ki tej eleganckiej tacce na sztu\u0107ce z naturalnego\" \/>\n<meta property=\"og:url\" content=\"https:\/\/rad-pal.com.pl\/en\/sklep\/bez-kategorii\/wysuwany-pojemnik-na-sztucce-z-bambusa-2\/\" \/>\n<meta property=\"og:site_name\" content=\"Rad-Pal\" \/>\n<meta property=\"article:modified_time\" content=\"2026-02-19T15:33:24+00:00\" \/>\n<meta property=\"og:image\" content=\"https:\/\/upload.cdn.baselinker.com\/products\/6014502\/91346012823d178d10bf8e2e181f5e38.jpg\" \/>\n<meta name=\"twitter:card\" content=\"summary_large_image\" \/>\n<meta name=\"twitter:label1\" content=\"Estimated reading time\" \/>\n\t<meta name=\"twitter:data1\" content=\"1 minute\" \/>\n<script type=\"application\/ld+json\" class=\"yoast-schema-graph\">{\"@context\":\"https:\/\/schema.org\",\"@graph\":[{\"@type\":\"WebPage\",\"@id\":\"https:\/\/rad-pal.com.pl\/sklep\/bez-kategorii\/wysuwany-pojemnik-na-sztucce-z-bambusa-2\/\",\"url\":\"https:\/\/rad-pal.com.pl\/sklep\/bez-kategorii\/wysuwany-pojemnik-na-sztucce-z-bambusa-2\/\",\"name\":\"Wysuwany pojemnik na sztu\u0107ce z bambusa - Rad-Pal\",\"isPartOf\":{\"@id\":\"https:\/\/rad-pal.com.pl\/#website\"},\"primaryImageOfPage\":{\"@id\":\"https:\/\/rad-pal.com.pl\/sklep\/bez-kategorii\/wysuwany-pojemnik-na-sztucce-z-bambusa-2\/#primaryimage\"},\"image\":{\"@id\":\"https:\/\/rad-pal.com.pl\/sklep\/bez-kategorii\/wysuwany-pojemnik-na-sztucce-z-bambusa-2\/#primaryimage\"},\"thumbnailUrl\":\"https:\/\/rad-pal.com.pl\/wp-content\/uploads\/2026\/02\/7fb41aa51b53a3740995257deedd5775.jpg\",\"datePublished\":\"2026-02-19T14:42:20+00:00\",\"dateModified\":\"2026-02-19T15:33:24+00:00\",\"breadcrumb\":{\"@id\":\"https:\/\/rad-pal.com.pl\/sklep\/bez-kategorii\/wysuwany-pojemnik-na-sztucce-z-bambusa-2\/#breadcrumb\"},\"inLanguage\":\"en-GB\",\"potentialAction\":[{\"@type\":\"ReadAction\",\"target\":[\"https:\/\/rad-pal.com.pl\/sklep\/bez-kategorii\/wysuwany-pojemnik-na-sztucce-z-bambusa-2\/\"]}]},{\"@type\":\"ImageObject\",\"inLanguage\":\"en-GB\",\"@id\":\"https:\/\/rad-pal.com.pl\/sklep\/bez-kategorii\/wysuwany-pojemnik-na-sztucce-z-bambusa-2\/#primaryimage\",\"url\":\"https:\/\/rad-pal.com.pl\/wp-content\/uploads\/2026\/02\/7fb41aa51b53a3740995257deedd5775.jpg\",\"contentUrl\":\"https:\/\/rad-pal.com.pl\/wp-content\/uploads\/2026\/02\/7fb41aa51b53a3740995257deedd5775.jpg\",\"width\":681,\"height\":681,\"caption\":\"a98b56d27e6f77cb6e3136b5acb69a45\"},{\"@type\":\"BreadcrumbList\",\"@id\":\"https:\/\/rad-pal.com.pl\/sklep\/bez-kategorii\/wysuwany-pojemnik-na-sztucce-z-bambusa-2\/#breadcrumb\",\"itemListElement\":[{\"@type\":\"ListItem\",\"position\":1,\"name\":\"Strona g\u0142\u00f3wna\",\"item\":\"https:\/\/rad-pal.com.pl\/\"},{\"@type\":\"ListItem\",\"position\":2,\"name\":\"Sklep\",\"item\":\"https:\/\/rad-pal.com.pl\/sklep\/\"},{\"@type\":\"ListItem\",\"position\":3,\"name\":\"Wysuwany pojemnik na sztu\u0107ce z bambusa\"}]},{\"@type\":\"WebSite\",\"@id\":\"https:\/\/rad-pal.com.pl\/#website\",\"url\":\"https:\/\/rad-pal.com.pl\/\",\"name\":\"Rad-Pal\",\"description\":\"\",\"publisher\":{\"@id\":\"https:\/\/rad-pal.com.pl\/#organization\"},\"potentialAction\":[{\"@type\":\"SearchAction\",\"target\":{\"@type\":\"EntryPoint\",\"urlTemplate\":\"https:\/\/rad-pal.com.pl\/?s={search_term_string}\"},\"query-input\":{\"@type\":\"PropertyValueSpecification\",\"valueRequired\":true,\"valueName\":\"search_term_string\"}}],\"inLanguage\":\"en-GB\"},{\"@type\":\"Organization\",\"@id\":\"https:\/\/rad-pal.com.pl\/#organization\",\"name\":\"Rad-Pal\",\"url\":\"https:\/\/rad-pal.com.pl\/\",\"logo\":{\"@type\":\"ImageObject\",\"inLanguage\":\"en-GB\",\"@id\":\"https:\/\/rad-pal.com.pl\/#\/schema\/logo\/image\/\",\"url\":\"https:\/\/rad-pal.com.pl\/wp-content\/uploads\/2026\/03\/Projekt-bez-nazwy-30.webp\",\"contentUrl\":\"https:\/\/rad-pal.com.pl\/wp-content\/uploads\/2026\/03\/Projekt-bez-nazwy-30.webp\",\"width\":600,\"height\":210,\"caption\":\"Rad-Pal\"},\"image\":{\"@id\":\"https:\/\/rad-pal.com.pl\/#\/schema\/logo\/image\/\"}}]}<\/script>\n<!-- \/ Yoast SEO plugin. -->","yoast_head_json":{"title":"Wysuwany pojemnik na sztu\u0107ce z bambusa - Rad-Pal","robots":{"index":"index","follow":"follow","max-snippet":"max-snippet:-1","max-image-preview":"max-image-preview:large","max-video-preview":"max-video-preview:-1"},"canonical":"https:\/\/rad-pal.com.pl\/en\/sklep\/bez-kategorii\/wysuwany-pojemnik-na-sztucce-z-bambusa-2\/","og_locale":"en_GB","og_type":"article","og_title":"Wysuwany pojemnik na sztu\u0107ce z bambusa - Rad-Pal","og_description":"\u2733\ufe0fWszechstronna tacka na sztu\u0107ce do szuflady Zapomnij o ba\u0142aganie w kuchennych szufladach! Dzi\u0119ki tej eleganckiej tacce na sztu\u0107ce z naturalnego","og_url":"https:\/\/rad-pal.com.pl\/en\/sklep\/bez-kategorii\/wysuwany-pojemnik-na-sztucce-z-bambusa-2\/","og_site_name":"Rad-Pal","article_modified_time":"2026-02-19T15:33:24+00:00","og_image":[{"url":"https:\/\/upload.cdn.baselinker.com\/products\/6014502\/91346012823d178d10bf8e2e181f5e38.jpg","type":"","width":"","height":""}],"twitter_card":"summary_large_image","twitter_misc":{"Estimated reading time":"1 minute"},"schema":{"@context":"https:\/\/schema.org","@graph":[{"@type":"WebPage","@id":"https:\/\/rad-pal.com.pl\/sklep\/bez-kategorii\/wysuwany-pojemnik-na-sztucce-z-bambusa-2\/","url":"https:\/\/rad-pal.com.pl\/sklep\/bez-kategorii\/wysuwany-pojemnik-na-sztucce-z-bambusa-2\/","name":"Wysuwany pojemnik na sztu\u0107ce z bambusa - Rad-Pal","isPartOf":{"@id":"https:\/\/rad-pal.com.pl\/#website"},"primaryImageOfPage":{"@id":"https:\/\/rad-pal.com.pl\/sklep\/bez-kategorii\/wysuwany-pojemnik-na-sztucce-z-bambusa-2\/#primaryimage"},"image":{"@id":"https:\/\/rad-pal.com.pl\/sklep\/bez-kategorii\/wysuwany-pojemnik-na-sztucce-z-bambusa-2\/#primaryimage"},"thumbnailUrl":"https:\/\/rad-pal.com.pl\/wp-content\/uploads\/2026\/02\/7fb41aa51b53a3740995257deedd5775.jpg","datePublished":"2026-02-19T14:42:20+00:00","dateModified":"2026-02-19T15:33:24+00:00","breadcrumb":{"@id":"https:\/\/rad-pal.com.pl\/sklep\/bez-kategorii\/wysuwany-pojemnik-na-sztucce-z-bambusa-2\/#breadcrumb"},"inLanguage":"en-GB","potentialAction":[{"@type":"ReadAction","target":["https:\/\/rad-pal.com.pl\/sklep\/bez-kategorii\/wysuwany-pojemnik-na-sztucce-z-bambusa-2\/"]}]},{"@type":"ImageObject","inLanguage":"en-GB","@id":"https:\/\/rad-pal.com.pl\/sklep\/bez-kategorii\/wysuwany-pojemnik-na-sztucce-z-bambusa-2\/#primaryimage","url":"https:\/\/rad-pal.com.pl\/wp-content\/uploads\/2026\/02\/7fb41aa51b53a3740995257deedd5775.jpg","contentUrl":"https:\/\/rad-pal.com.pl\/wp-content\/uploads\/2026\/02\/7fb41aa51b53a3740995257deedd5775.jpg","width":681,"height":681,"caption":"a98b56d27e6f77cb6e3136b5acb69a45"},{"@type":"BreadcrumbList","@id":"https:\/\/rad-pal.com.pl\/sklep\/bez-kategorii\/wysuwany-pojemnik-na-sztucce-z-bambusa-2\/#breadcrumb","itemListElement":[{"@type":"ListItem","position":1,"name":"Strona g\u0142\u00f3wna","item":"https:\/\/rad-pal.com.pl\/"},{"@type":"ListItem","position":2,"name":"Sklep","item":"https:\/\/rad-pal.com.pl\/sklep\/"},{"@type":"ListItem","position":3,"name":"Wysuwany pojemnik na sztu\u0107ce z bambusa"}]},{"@type":"WebSite","@id":"https:\/\/rad-pal.com.pl\/#website","url":"https:\/\/rad-pal.com.pl\/","name":"Rad-Pal","description":"","publisher":{"@id":"https:\/\/rad-pal.com.pl\/#organization"},"potentialAction":[{"@type":"SearchAction","target":{"@type":"EntryPoint","urlTemplate":"https:\/\/rad-pal.com.pl\/?s={search_term_string}"},"query-input":{"@type":"PropertyValueSpecification","valueRequired":true,"valueName":"search_term_string"}}],"inLanguage":"en-GB"},{"@type":"Organization","@id":"https:\/\/rad-pal.com.pl\/#organization","name":"Rad-Pal","url":"https:\/\/rad-pal.com.pl\/","logo":{"@type":"ImageObject","inLanguage":"en-GB","@id":"https:\/\/rad-pal.com.pl\/#\/schema\/logo\/image\/","url":"https:\/\/rad-pal.com.pl\/wp-content\/uploads\/2026\/03\/Projekt-bez-nazwy-30.webp","contentUrl":"https:\/\/rad-pal.com.pl\/wp-content\/uploads\/2026\/03\/Projekt-bez-nazwy-30.webp","width":600,"height":210,"caption":"Rad-Pal"},"image":{"@id":"https:\/\/rad-pal.com.pl\/#\/schema\/logo\/image\/"}}]}},"_links":{"self":[{"href":"https:\/\/rad-pal.com.pl\/en\/wp-json\/wp\/v2\/product\/32420","targetHints":{"allow":["GET"]}}],"collection":[{"href":"https:\/\/rad-pal.com.pl\/en\/wp-json\/wp\/v2\/product"}],"about":[{"href":"https:\/\/rad-pal.com.pl\/en\/wp-json\/wp\/v2\/types\/product"}],"version-history":[{"count":0,"href":"https:\/\/rad-pal.com.pl\/en\/wp-json\/wp\/v2\/product\/32420\/revisions"}],"wp:featuredmedia":[{"embeddable":true,"href":"https:\/\/rad-pal.com.pl\/en\/wp-json\/wp\/v2\/media\/32412"}],"wp:attachment":[{"href":"https:\/\/rad-pal.com.pl\/en\/wp-json\/wp\/v2\/media?parent=32420"}],"wp:term":[{"taxonomy":"product_brand","embeddable":true,"href":"https:\/\/rad-pal.com.pl\/en\/wp-json\/wp\/v2\/product_brand?post=32420"},{"taxonomy":"product_cat","embeddable":true,"href":"https:\/\/rad-pal.com.pl\/en\/wp-json\/wp\/v2\/product_cat?post=32420"},{"taxonomy":"product_tag","embeddable":true,"href":"https:\/\/rad-pal.com.pl\/en\/wp-json\/wp\/v2\/product_tag?post=32420"}],"curies":[{"name":"wp","href":"https:\/\/api.w.org\/{rel}","templated":true}]}}