{"id":32435,"date":"2026-02-19T15:42:44","date_gmt":"2026-02-19T14:42:44","guid":{"rendered":"https:\/\/rad-pal.com.pl\/sklep\/bez-kategorii\/skladany-stojak-na-buty-z-bambusa\/"},"modified":"2026-02-19T16:33:32","modified_gmt":"2026-02-19T15:33:32","slug":"skladany-stojak-na-buty-z-bambusa","status":"publish","type":"product","link":"https:\/\/rad-pal.com.pl\/en\/sklep\/dom-i-ogrod\/meble\/przedpokoj\/szafki-na-buty\/skladany-stojak-na-buty-z-bambusa\/","title":{"rendered":"Sk\u0142adany stojak na buty z bambusa"},"content":{"rendered":"<section class=\"section\">\n<div class=\"item item-12\">\n<section class=\"text-item\">\n<h1>\u2733\ufe0fSk\u0142adany stojak na buty wykonany z naturalnego bambusa<\/h1>\n<\/section><\/div>\n<\/section>\n<section class=\"section\">\n<div class=\"item item-6\">\n<section class=\"image-item\"><img decoding=\"async\" src=\"https:\/\/upload.cdn.baselinker.com\/products\/6014502\/1d124440e385f4a48f3588cdeb5d9494.jpg\" \/><\/section>\n<\/p><\/div>\n<div class=\"item item-6\">\n<section class=\"text-item\">\n<p>Stylowy bambusowy stojak na buty oferuje przechowywanie i organizacj\u0119 dla oko\u0142o 4 par but\u00f3w na czterech poziomach. Dzi\u0119ki w\u0105skiemu kszta\u0142towi idealnie pasuje do korytarzy i przedpokoj\u00f3w. Dzi\u0119ki pomys\u0142owej sk\u0142adanej konstrukcji mo\u017cna go \u0142atwo schowa\u0107 i zaoszcz\u0119dzi\u0107 miejsce. To sprawia, \u017ce stojak na buty jest idealny tak\u017ce w podr\u00f3\u017cy, np. na kempingu czy w przyczepie kempingowej. Zapewnia porz\u0105dek w namiocie i przyczepie, dzi\u0119ki czemu Twoje buty, kozaki i sneakersy s\u0105 zawsze w porz\u0105dku.<\/p>\n<\/section><\/div>\n<\/section>\n<section class=\"section\">\n<div class=\"item item-6\">\n<section class=\"image-item\"><img decoding=\"async\" src=\"https:\/\/upload.cdn.baselinker.com\/products\/6014502\/f9baa6afda93c6af7c2725d729e8b42b.jpg\" \/><\/section>\n<\/p><\/div>\n<div class=\"item item-6\">\n<section class=\"text-item\">\n<h1>\u2733\ufe0fStojak na buty o nowoczesnym wygl\u0105dzie<\/h1>\n<\/section><\/div>\n<\/section>\n<section class=\"section\">\n<div class=\"item item-12\">\n<section class=\"text-item\">\n<p>\u27a1\ufe0fElastycznie dostosowuje si\u0119 do Twoich potrzeb<\/p>\n<p>\u27a1\ufe0fIdealny w podr\u00f3\u017cy dzi\u0119ki sk\u0142adanej konstrukcji<\/p>\n<p>\u27a1\ufe0fPraktyczna organizacja nawet w namiocie lub przyczepie kempingowej<\/p>\n<p>\u27a1\ufe0fMiejsce do przechowywania na czterech poziomach dla 4 par but\u00f3w<\/p>\n<p>\u27a1\ufe0fOferuje miejsce na buty, sneakersy i kalosze<\/p>\n<p>\u27a1\ufe0fNowoczesny design wykonany z naturalnego bambusa<\/p>\n<\/section><\/div>\n<\/section>\n<section class=\"section\">\n<div class=\"item item-12\">\n<section class=\"text-item\">\n<p>13<\/p>\n<\/section><\/div>\n<\/section>\n<section class=\"section\">\n<div class=\"item item-12\">\n<section class=\"text-item\">\n<p>##########\u20ac\u20ac\u20ac\u20ac\u20ac\u20ac\u20ac\u20ac<\/p>\n<\/section><\/div>\n<\/section>","protected":false},"excerpt":{"rendered":"<p>\u2733\ufe0fSk\u0142adany stojak na buty wykonany z naturalnego bambusa Stylowy bambusowy stojak na buty oferuje przechowywanie i organizacj\u0119 dla oko\u0142o 4<\/p>","protected":false},"featured_media":32428,"template":"","meta":[],"product_brand":[],"product_cat":[86,94,150,151],"product_tag":[],"class_list":{"0":"post-32435","1":"product","2":"type-product","3":"status-publish","4":"has-post-thumbnail","6":"product_cat-dom-i-ogrod","7":"product_cat-meble","8":"product_cat-przedpokoj","9":"product_cat-szafki-na-buty","11":"first","12":"instock","13":"taxable","14":"shipping-taxable","15":"purchasable","16":"product-type-simple"},"yoast_head":"<!-- This site is optimized with the Yoast SEO plugin v25.7 - https:\/\/yoast.com\/wordpress\/plugins\/seo\/ -->\n<title>Sk\u0142adany stojak na buty z bambusa - Rad-Pal<\/title>\n<meta name=\"robots\" content=\"index, follow, max-snippet:-1, max-image-preview:large, max-video-preview:-1\" \/>\n<link rel=\"canonical\" href=\"https:\/\/rad-pal.com.pl\/en\/sklep\/bez-kategorii\/skladany-stojak-na-buty-z-bambusa\/\" \/>\n<meta property=\"og:locale\" content=\"en_GB\" \/>\n<meta property=\"og:type\" content=\"article\" \/>\n<meta property=\"og:title\" content=\"Sk\u0142adany stojak na buty z bambusa - Rad-Pal\" \/>\n<meta property=\"og:description\" content=\"\u2733\ufe0fSk\u0142adany stojak na buty wykonany z naturalnego bambusa Stylowy bambusowy stojak na buty oferuje przechowywanie i organizacj\u0119 dla oko\u0142o 4\" \/>\n<meta property=\"og:url\" content=\"https:\/\/rad-pal.com.pl\/en\/sklep\/bez-kategorii\/skladany-stojak-na-buty-z-bambusa\/\" \/>\n<meta property=\"og:site_name\" content=\"Rad-Pal\" \/>\n<meta property=\"article:modified_time\" content=\"2026-02-19T15:33:32+00:00\" \/>\n<meta property=\"og:image\" content=\"https:\/\/upload.cdn.baselinker.com\/products\/6014502\/1d124440e385f4a48f3588cdeb5d9494.jpg\" \/>\n<meta name=\"twitter:card\" content=\"summary_large_image\" \/>\n<meta name=\"twitter:label1\" content=\"Estimated reading time\" \/>\n\t<meta name=\"twitter:data1\" content=\"1 minute\" \/>\n<script type=\"application\/ld+json\" class=\"yoast-schema-graph\">{\"@context\":\"https:\/\/schema.org\",\"@graph\":[{\"@type\":\"WebPage\",\"@id\":\"https:\/\/rad-pal.com.pl\/sklep\/bez-kategorii\/skladany-stojak-na-buty-z-bambusa\/\",\"url\":\"https:\/\/rad-pal.com.pl\/sklep\/bez-kategorii\/skladany-stojak-na-buty-z-bambusa\/\",\"name\":\"Sk\u0142adany stojak na buty z bambusa - Rad-Pal\",\"isPartOf\":{\"@id\":\"https:\/\/rad-pal.com.pl\/#website\"},\"primaryImageOfPage\":{\"@id\":\"https:\/\/rad-pal.com.pl\/sklep\/bez-kategorii\/skladany-stojak-na-buty-z-bambusa\/#primaryimage\"},\"image\":{\"@id\":\"https:\/\/rad-pal.com.pl\/sklep\/bez-kategorii\/skladany-stojak-na-buty-z-bambusa\/#primaryimage\"},\"thumbnailUrl\":\"https:\/\/rad-pal.com.pl\/wp-content\/uploads\/2026\/02\/1d124440e385f4a48f3588cdeb5d9494.jpg\",\"datePublished\":\"2026-02-19T14:42:44+00:00\",\"dateModified\":\"2026-02-19T15:33:32+00:00\",\"breadcrumb\":{\"@id\":\"https:\/\/rad-pal.com.pl\/sklep\/bez-kategorii\/skladany-stojak-na-buty-z-bambusa\/#breadcrumb\"},\"inLanguage\":\"en-GB\",\"potentialAction\":[{\"@type\":\"ReadAction\",\"target\":[\"https:\/\/rad-pal.com.pl\/sklep\/bez-kategorii\/skladany-stojak-na-buty-z-bambusa\/\"]}]},{\"@type\":\"ImageObject\",\"inLanguage\":\"en-GB\",\"@id\":\"https:\/\/rad-pal.com.pl\/sklep\/bez-kategorii\/skladany-stojak-na-buty-z-bambusa\/#primaryimage\",\"url\":\"https:\/\/rad-pal.com.pl\/wp-content\/uploads\/2026\/02\/1d124440e385f4a48f3588cdeb5d9494.jpg\",\"contentUrl\":\"https:\/\/rad-pal.com.pl\/wp-content\/uploads\/2026\/02\/1d124440e385f4a48f3588cdeb5d9494.jpg\",\"width\":681,\"height\":681,\"caption\":\"ce2a7f7095b2741a7850c60a573141ad\"},{\"@type\":\"BreadcrumbList\",\"@id\":\"https:\/\/rad-pal.com.pl\/sklep\/bez-kategorii\/skladany-stojak-na-buty-z-bambusa\/#breadcrumb\",\"itemListElement\":[{\"@type\":\"ListItem\",\"position\":1,\"name\":\"Strona g\u0142\u00f3wna\",\"item\":\"https:\/\/rad-pal.com.pl\/\"},{\"@type\":\"ListItem\",\"position\":2,\"name\":\"Sklep\",\"item\":\"https:\/\/rad-pal.com.pl\/sklep\/\"},{\"@type\":\"ListItem\",\"position\":3,\"name\":\"Sk\u0142adany stojak na buty z bambusa\"}]},{\"@type\":\"WebSite\",\"@id\":\"https:\/\/rad-pal.com.pl\/#website\",\"url\":\"https:\/\/rad-pal.com.pl\/\",\"name\":\"Rad-Pal\",\"description\":\"\",\"publisher\":{\"@id\":\"https:\/\/rad-pal.com.pl\/#organization\"},\"potentialAction\":[{\"@type\":\"SearchAction\",\"target\":{\"@type\":\"EntryPoint\",\"urlTemplate\":\"https:\/\/rad-pal.com.pl\/?s={search_term_string}\"},\"query-input\":{\"@type\":\"PropertyValueSpecification\",\"valueRequired\":true,\"valueName\":\"search_term_string\"}}],\"inLanguage\":\"en-GB\"},{\"@type\":\"Organization\",\"@id\":\"https:\/\/rad-pal.com.pl\/#organization\",\"name\":\"Rad-Pal\",\"url\":\"https:\/\/rad-pal.com.pl\/\",\"logo\":{\"@type\":\"ImageObject\",\"inLanguage\":\"en-GB\",\"@id\":\"https:\/\/rad-pal.com.pl\/#\/schema\/logo\/image\/\",\"url\":\"https:\/\/rad-pal.com.pl\/wp-content\/uploads\/2026\/03\/Projekt-bez-nazwy-30.webp\",\"contentUrl\":\"https:\/\/rad-pal.com.pl\/wp-content\/uploads\/2026\/03\/Projekt-bez-nazwy-30.webp\",\"width\":600,\"height\":210,\"caption\":\"Rad-Pal\"},\"image\":{\"@id\":\"https:\/\/rad-pal.com.pl\/#\/schema\/logo\/image\/\"}}]}<\/script>\n<!-- \/ Yoast SEO plugin. -->","yoast_head_json":{"title":"Sk\u0142adany stojak na buty z bambusa - Rad-Pal","robots":{"index":"index","follow":"follow","max-snippet":"max-snippet:-1","max-image-preview":"max-image-preview:large","max-video-preview":"max-video-preview:-1"},"canonical":"https:\/\/rad-pal.com.pl\/en\/sklep\/bez-kategorii\/skladany-stojak-na-buty-z-bambusa\/","og_locale":"en_GB","og_type":"article","og_title":"Sk\u0142adany stojak na buty z bambusa - Rad-Pal","og_description":"\u2733\ufe0fSk\u0142adany stojak na buty wykonany z naturalnego bambusa Stylowy bambusowy stojak na buty oferuje przechowywanie i organizacj\u0119 dla oko\u0142o 4","og_url":"https:\/\/rad-pal.com.pl\/en\/sklep\/bez-kategorii\/skladany-stojak-na-buty-z-bambusa\/","og_site_name":"Rad-Pal","article_modified_time":"2026-02-19T15:33:32+00:00","og_image":[{"url":"https:\/\/upload.cdn.baselinker.com\/products\/6014502\/1d124440e385f4a48f3588cdeb5d9494.jpg","type":"","width":"","height":""}],"twitter_card":"summary_large_image","twitter_misc":{"Estimated reading time":"1 minute"},"schema":{"@context":"https:\/\/schema.org","@graph":[{"@type":"WebPage","@id":"https:\/\/rad-pal.com.pl\/sklep\/bez-kategorii\/skladany-stojak-na-buty-z-bambusa\/","url":"https:\/\/rad-pal.com.pl\/sklep\/bez-kategorii\/skladany-stojak-na-buty-z-bambusa\/","name":"Sk\u0142adany stojak na buty z bambusa - Rad-Pal","isPartOf":{"@id":"https:\/\/rad-pal.com.pl\/#website"},"primaryImageOfPage":{"@id":"https:\/\/rad-pal.com.pl\/sklep\/bez-kategorii\/skladany-stojak-na-buty-z-bambusa\/#primaryimage"},"image":{"@id":"https:\/\/rad-pal.com.pl\/sklep\/bez-kategorii\/skladany-stojak-na-buty-z-bambusa\/#primaryimage"},"thumbnailUrl":"https:\/\/rad-pal.com.pl\/wp-content\/uploads\/2026\/02\/1d124440e385f4a48f3588cdeb5d9494.jpg","datePublished":"2026-02-19T14:42:44+00:00","dateModified":"2026-02-19T15:33:32+00:00","breadcrumb":{"@id":"https:\/\/rad-pal.com.pl\/sklep\/bez-kategorii\/skladany-stojak-na-buty-z-bambusa\/#breadcrumb"},"inLanguage":"en-GB","potentialAction":[{"@type":"ReadAction","target":["https:\/\/rad-pal.com.pl\/sklep\/bez-kategorii\/skladany-stojak-na-buty-z-bambusa\/"]}]},{"@type":"ImageObject","inLanguage":"en-GB","@id":"https:\/\/rad-pal.com.pl\/sklep\/bez-kategorii\/skladany-stojak-na-buty-z-bambusa\/#primaryimage","url":"https:\/\/rad-pal.com.pl\/wp-content\/uploads\/2026\/02\/1d124440e385f4a48f3588cdeb5d9494.jpg","contentUrl":"https:\/\/rad-pal.com.pl\/wp-content\/uploads\/2026\/02\/1d124440e385f4a48f3588cdeb5d9494.jpg","width":681,"height":681,"caption":"ce2a7f7095b2741a7850c60a573141ad"},{"@type":"BreadcrumbList","@id":"https:\/\/rad-pal.com.pl\/sklep\/bez-kategorii\/skladany-stojak-na-buty-z-bambusa\/#breadcrumb","itemListElement":[{"@type":"ListItem","position":1,"name":"Strona g\u0142\u00f3wna","item":"https:\/\/rad-pal.com.pl\/"},{"@type":"ListItem","position":2,"name":"Sklep","item":"https:\/\/rad-pal.com.pl\/sklep\/"},{"@type":"ListItem","position":3,"name":"Sk\u0142adany stojak na buty z bambusa"}]},{"@type":"WebSite","@id":"https:\/\/rad-pal.com.pl\/#website","url":"https:\/\/rad-pal.com.pl\/","name":"Rad-Pal","description":"","publisher":{"@id":"https:\/\/rad-pal.com.pl\/#organization"},"potentialAction":[{"@type":"SearchAction","target":{"@type":"EntryPoint","urlTemplate":"https:\/\/rad-pal.com.pl\/?s={search_term_string}"},"query-input":{"@type":"PropertyValueSpecification","valueRequired":true,"valueName":"search_term_string"}}],"inLanguage":"en-GB"},{"@type":"Organization","@id":"https:\/\/rad-pal.com.pl\/#organization","name":"Rad-Pal","url":"https:\/\/rad-pal.com.pl\/","logo":{"@type":"ImageObject","inLanguage":"en-GB","@id":"https:\/\/rad-pal.com.pl\/#\/schema\/logo\/image\/","url":"https:\/\/rad-pal.com.pl\/wp-content\/uploads\/2026\/03\/Projekt-bez-nazwy-30.webp","contentUrl":"https:\/\/rad-pal.com.pl\/wp-content\/uploads\/2026\/03\/Projekt-bez-nazwy-30.webp","width":600,"height":210,"caption":"Rad-Pal"},"image":{"@id":"https:\/\/rad-pal.com.pl\/#\/schema\/logo\/image\/"}}]}},"_links":{"self":[{"href":"https:\/\/rad-pal.com.pl\/en\/wp-json\/wp\/v2\/product\/32435","targetHints":{"allow":["GET"]}}],"collection":[{"href":"https:\/\/rad-pal.com.pl\/en\/wp-json\/wp\/v2\/product"}],"about":[{"href":"https:\/\/rad-pal.com.pl\/en\/wp-json\/wp\/v2\/types\/product"}],"version-history":[{"count":0,"href":"https:\/\/rad-pal.com.pl\/en\/wp-json\/wp\/v2\/product\/32435\/revisions"}],"wp:featuredmedia":[{"embeddable":true,"href":"https:\/\/rad-pal.com.pl\/en\/wp-json\/wp\/v2\/media\/32428"}],"wp:attachment":[{"href":"https:\/\/rad-pal.com.pl\/en\/wp-json\/wp\/v2\/media?parent=32435"}],"wp:term":[{"taxonomy":"product_brand","embeddable":true,"href":"https:\/\/rad-pal.com.pl\/en\/wp-json\/wp\/v2\/product_brand?post=32435"},{"taxonomy":"product_cat","embeddable":true,"href":"https:\/\/rad-pal.com.pl\/en\/wp-json\/wp\/v2\/product_cat?post=32435"},{"taxonomy":"product_tag","embeddable":true,"href":"https:\/\/rad-pal.com.pl\/en\/wp-json\/wp\/v2\/product_tag?post=32435"}],"curies":[{"name":"wp","href":"https:\/\/api.w.org\/{rel}","templated":true}]}}