{"id":32459,"date":"2026-02-19T15:44:02","date_gmt":"2026-02-19T14:44:02","guid":{"rendered":"https:\/\/rad-pal.com.pl\/sklep\/bez-kategorii\/blokada-pedalu-samochodowego-relaxdays\/"},"modified":"2026-02-19T16:33:46","modified_gmt":"2026-02-19T15:33:46","slug":"blokada-pedalu-samochodowego-relaxdays","status":"publish","type":"product","link":"https:\/\/rad-pal.com.pl\/en\/sklep\/motoryzacja\/wyposazenie-i-akcesoria-samochodowe\/zabezpieczenia\/pozostale-zabezpieczenia\/blokada-pedalu-samochodowego-relaxdays\/","title":{"rendered":"Blokada peda\u0142u samochodowego Relaxdays"},"content":{"rendered":"<section class=\"section\">\n<div class=\"item item-12\">\n<section class=\"text-item\">\n<h1>\u2733\ufe0fBlokada peda\u0142u samochodowego Relaxdays<\/h1>\n<\/section><\/div>\n<\/section>\n<section class=\"section\">\n<div class=\"item item-6\">\n<section class=\"image-item\"><img decoding=\"async\" src=\"https:\/\/upload.cdn.baselinker.com\/products\/6014502\/42911dd7ebe5b8af4a977a35e3e2512f.jpg\" \/><\/section>\n<\/p><\/div>\n<div class=\"item item-6\">\n<section class=\"text-item\">\n<h2>\u2733\ufe0fBlokada peda\u0142\u00f3w samochodowych wykonana z wytrzyma\u0142ej stali<\/h2>\n<p>Skutecznie chro\u0144 sw\u00f3j pojazd przed kradzie\u017c\u0105 dzi\u0119ki tej solidnej blokadzie peda\u0142\u00f3w samochodowych. Przymocuj pazur peda\u0142u do dr\u0105\u017cka peda\u0142u sprz\u0119g\u0142a, hamulca lub przyspieszenia i zamocuj go za pomoc\u0105 blokady \u015brubowej na odpowiedniej wysoko\u015bci &#8211; 8 r\u00f3\u017cnych wysoko\u015bci zapewnia maksymaln\u0105 elastyczno\u015b\u0107. Zablokuj blokad\u0119 jednym z trzech kluczy do\u0142\u0105czonych do zestawu, a Tw\u00f3j samoch\u00f3d b\u0119dzie zabezpieczony przed niepo\u017c\u0105danym u\u017cyciem. Blokad\u0119 peda\u0142u wykonan\u0105 z wytrzyma\u0142ej stali w kolorze srebrnym mo\u017cna szybko zamontowa\u0107 i zdemontowa\u0107.<\/p>\n<\/section><\/div>\n<\/section>\n<section class=\"section\">\n<div class=\"item item-6\">\n<section class=\"image-item\"><img decoding=\"async\" src=\"https:\/\/upload.cdn.baselinker.com\/products\/6014502\/52fa0a7935db79f1426bd4094b8bdd74.jpg\" \/><\/section>\n<\/p><\/div>\n<div class=\"item item-6\">\n<section class=\"text-item\">\n<h2>\u2733\ufe0fZabezpieczenie do peda\u0142\u00f3w samochodowych<\/h2>\n<ul>\n<li>\u27a1\ufe0fdodatkowe zabezpieczenie samochodu lub kampera<\/li>\n<li>\u27a1\ufe0fmocowanie do peda\u0142u przyspieszenia, hamulca lub sprz\u0119g\u0142a<\/li>\n<li>\u27a1\ufe0fkompatybilny z r\u00f3\u017cnymi pojazdami 8 ustawie\u0144<\/li>\n<li>\u27a1\ufe0fwytrzyma\u0142a stal zapewnia bezpiecze\u0144stwo i trwa\u0142o\u015b\u0107<\/li>\n<\/ul>\n<\/section><\/div>\n<\/section>\n<section class=\"section\">\n<div class=\"item item-6\">\n<section class=\"image-item\"><img decoding=\"async\" src=\"https:\/\/upload.cdn.baselinker.com\/products\/6014502\/cd959a933f9571f25a54c4e5ac4f2563.jpg\" \/><\/section>\n<\/p><\/div>\n<div class=\"item item-6\">\n<section class=\"text-item\">\n<h2>Szczeg\u00f3\u0142y blokady peda\u0142u<\/h2>\n<ul>\n<li>wymiary (wys. x szer. x g\u0142.): ok. 19,5 x 8 x 6 cm<\/li>\n<li>8 ustawie\u0144: od ok. 3,5 cm do ok. 16 cm<\/li>\n<li>szeroko\u015b\u0107 dr\u0105\u017cka peda\u0142u: do ok. 15 mm<\/li>\n<li>waga: ok. 0,8 kg<\/li>\n<li>materia\u0142: stal<\/li>\n<li>kolor: srebrny<\/li>\n<\/ul>\n<ul>\n<li>1x blokada peda\u0142u<\/li>\n<li>3x klucz<\/li>\n<\/ul>\n<\/section><\/div>\n<\/section>\n<section class=\"section\">\n<div class=\"item item-6\">\n<section class=\"image-item\"><img decoding=\"async\" src=\"https:\/\/upload.cdn.baselinker.com\/products\/6014502\/38a67394855670bc875f652131d1d84e.jpg\" \/><\/section>\n<\/p><\/div>\n<div class=\"item item-6\">\n<section class=\"image-item\"><img decoding=\"async\" src=\"https:\/\/upload.cdn.baselinker.com\/products\/6014502\/0af6e9d27155c1d10266d9f9d11b2a00.jpg\" \/><\/section>\n<\/p><\/div>\n<\/section>\n<section class=\"section\">\n<div class=\"item item-12\">\n<section class=\"text-item\">\n<p>13<\/p>\n<\/section><\/div>\n<\/section>\n<section class=\"section\">\n<div class=\"item item-12\">\n<section class=\"text-item\">\n<p>######################<\/p>\n<\/section><\/div>\n<\/section>","protected":false},"excerpt":{"rendered":"<p>\u2733\ufe0fBlokada peda\u0142u samochodowego Relaxdays \u2733\ufe0fBlokada peda\u0142\u00f3w samochodowych wykonana z wytrzyma\u0142ej stali Skutecznie chro\u0144 sw\u00f3j pojazd przed kradzie\u017c\u0105 dzi\u0119ki tej solidnej<\/p>","protected":false},"featured_media":32452,"template":"","meta":[],"product_brand":[],"product_cat":[285,398,299,397],"product_tag":[],"class_list":{"0":"post-32459","1":"product","2":"type-product","3":"status-publish","4":"has-post-thumbnail","6":"product_cat-motoryzacja","7":"product_cat-pozostale-zabezpieczenia","8":"product_cat-wyposazenie-i-akcesoria-samochodowe","9":"product_cat-zabezpieczenia","11":"first","12":"instock","13":"taxable","14":"shipping-taxable","15":"purchasable","16":"product-type-simple"},"yoast_head":"<!-- This site is optimized with the Yoast SEO plugin v25.7 - https:\/\/yoast.com\/wordpress\/plugins\/seo\/ -->\n<title>Blokada peda\u0142u samochodowego Relaxdays - Rad-Pal<\/title>\n<meta name=\"robots\" content=\"index, follow, max-snippet:-1, max-image-preview:large, max-video-preview:-1\" \/>\n<link rel=\"canonical\" href=\"https:\/\/rad-pal.com.pl\/en\/sklep\/bez-kategorii\/blokada-pedalu-samochodowego-relaxdays\/\" \/>\n<meta property=\"og:locale\" content=\"en_GB\" \/>\n<meta property=\"og:type\" content=\"article\" \/>\n<meta property=\"og:title\" content=\"Blokada peda\u0142u samochodowego Relaxdays - Rad-Pal\" \/>\n<meta property=\"og:description\" content=\"\u2733\ufe0fBlokada peda\u0142u samochodowego Relaxdays \u2733\ufe0fBlokada peda\u0142\u00f3w samochodowych wykonana z wytrzyma\u0142ej stali Skutecznie chro\u0144 sw\u00f3j pojazd przed kradzie\u017c\u0105 dzi\u0119ki tej solidnej\" \/>\n<meta property=\"og:url\" content=\"https:\/\/rad-pal.com.pl\/en\/sklep\/bez-kategorii\/blokada-pedalu-samochodowego-relaxdays\/\" \/>\n<meta property=\"og:site_name\" content=\"Rad-Pal\" \/>\n<meta property=\"article:modified_time\" content=\"2026-02-19T15:33:46+00:00\" \/>\n<meta property=\"og:image\" content=\"https:\/\/upload.cdn.baselinker.com\/products\/6014502\/42911dd7ebe5b8af4a977a35e3e2512f.jpg\" \/>\n<meta name=\"twitter:card\" content=\"summary_large_image\" \/>\n<meta name=\"twitter:label1\" content=\"Estimated reading time\" \/>\n\t<meta name=\"twitter:data1\" content=\"1 minute\" \/>\n<script type=\"application\/ld+json\" class=\"yoast-schema-graph\">{\"@context\":\"https:\/\/schema.org\",\"@graph\":[{\"@type\":\"WebPage\",\"@id\":\"https:\/\/rad-pal.com.pl\/sklep\/bez-kategorii\/blokada-pedalu-samochodowego-relaxdays\/\",\"url\":\"https:\/\/rad-pal.com.pl\/sklep\/bez-kategorii\/blokada-pedalu-samochodowego-relaxdays\/\",\"name\":\"Blokada peda\u0142u samochodowego Relaxdays - Rad-Pal\",\"isPartOf\":{\"@id\":\"https:\/\/rad-pal.com.pl\/#website\"},\"primaryImageOfPage\":{\"@id\":\"https:\/\/rad-pal.com.pl\/sklep\/bez-kategorii\/blokada-pedalu-samochodowego-relaxdays\/#primaryimage\"},\"image\":{\"@id\":\"https:\/\/rad-pal.com.pl\/sklep\/bez-kategorii\/blokada-pedalu-samochodowego-relaxdays\/#primaryimage\"},\"thumbnailUrl\":\"https:\/\/rad-pal.com.pl\/wp-content\/uploads\/2026\/02\/42911dd7ebe5b8af4a977a35e3e2512f.jpg\",\"datePublished\":\"2026-02-19T14:44:02+00:00\",\"dateModified\":\"2026-02-19T15:33:46+00:00\",\"breadcrumb\":{\"@id\":\"https:\/\/rad-pal.com.pl\/sklep\/bez-kategorii\/blokada-pedalu-samochodowego-relaxdays\/#breadcrumb\"},\"inLanguage\":\"en-GB\",\"potentialAction\":[{\"@type\":\"ReadAction\",\"target\":[\"https:\/\/rad-pal.com.pl\/sklep\/bez-kategorii\/blokada-pedalu-samochodowego-relaxdays\/\"]}]},{\"@type\":\"ImageObject\",\"inLanguage\":\"en-GB\",\"@id\":\"https:\/\/rad-pal.com.pl\/sklep\/bez-kategorii\/blokada-pedalu-samochodowego-relaxdays\/#primaryimage\",\"url\":\"https:\/\/rad-pal.com.pl\/wp-content\/uploads\/2026\/02\/42911dd7ebe5b8af4a977a35e3e2512f.jpg\",\"contentUrl\":\"https:\/\/rad-pal.com.pl\/wp-content\/uploads\/2026\/02\/42911dd7ebe5b8af4a977a35e3e2512f.jpg\",\"width\":736,\"height\":841,\"caption\":\"a5e54a5c8d870365c773ca494b3b5501\"},{\"@type\":\"BreadcrumbList\",\"@id\":\"https:\/\/rad-pal.com.pl\/sklep\/bez-kategorii\/blokada-pedalu-samochodowego-relaxdays\/#breadcrumb\",\"itemListElement\":[{\"@type\":\"ListItem\",\"position\":1,\"name\":\"Strona g\u0142\u00f3wna\",\"item\":\"https:\/\/rad-pal.com.pl\/\"},{\"@type\":\"ListItem\",\"position\":2,\"name\":\"Sklep\",\"item\":\"https:\/\/rad-pal.com.pl\/sklep\/\"},{\"@type\":\"ListItem\",\"position\":3,\"name\":\"Blokada peda\u0142u samochodowego Relaxdays\"}]},{\"@type\":\"WebSite\",\"@id\":\"https:\/\/rad-pal.com.pl\/#website\",\"url\":\"https:\/\/rad-pal.com.pl\/\",\"name\":\"Rad-Pal\",\"description\":\"\",\"publisher\":{\"@id\":\"https:\/\/rad-pal.com.pl\/#organization\"},\"potentialAction\":[{\"@type\":\"SearchAction\",\"target\":{\"@type\":\"EntryPoint\",\"urlTemplate\":\"https:\/\/rad-pal.com.pl\/?s={search_term_string}\"},\"query-input\":{\"@type\":\"PropertyValueSpecification\",\"valueRequired\":true,\"valueName\":\"search_term_string\"}}],\"inLanguage\":\"en-GB\"},{\"@type\":\"Organization\",\"@id\":\"https:\/\/rad-pal.com.pl\/#organization\",\"name\":\"Rad-Pal\",\"url\":\"https:\/\/rad-pal.com.pl\/\",\"logo\":{\"@type\":\"ImageObject\",\"inLanguage\":\"en-GB\",\"@id\":\"https:\/\/rad-pal.com.pl\/#\/schema\/logo\/image\/\",\"url\":\"https:\/\/rad-pal.com.pl\/wp-content\/uploads\/2026\/03\/Projekt-bez-nazwy-30.webp\",\"contentUrl\":\"https:\/\/rad-pal.com.pl\/wp-content\/uploads\/2026\/03\/Projekt-bez-nazwy-30.webp\",\"width\":600,\"height\":210,\"caption\":\"Rad-Pal\"},\"image\":{\"@id\":\"https:\/\/rad-pal.com.pl\/#\/schema\/logo\/image\/\"}}]}<\/script>\n<!-- \/ Yoast SEO plugin. -->","yoast_head_json":{"title":"Blokada peda\u0142u samochodowego Relaxdays - Rad-Pal","robots":{"index":"index","follow":"follow","max-snippet":"max-snippet:-1","max-image-preview":"max-image-preview:large","max-video-preview":"max-video-preview:-1"},"canonical":"https:\/\/rad-pal.com.pl\/en\/sklep\/bez-kategorii\/blokada-pedalu-samochodowego-relaxdays\/","og_locale":"en_GB","og_type":"article","og_title":"Blokada peda\u0142u samochodowego Relaxdays - Rad-Pal","og_description":"\u2733\ufe0fBlokada peda\u0142u samochodowego Relaxdays \u2733\ufe0fBlokada peda\u0142\u00f3w samochodowych wykonana z wytrzyma\u0142ej stali Skutecznie chro\u0144 sw\u00f3j pojazd przed kradzie\u017c\u0105 dzi\u0119ki tej solidnej","og_url":"https:\/\/rad-pal.com.pl\/en\/sklep\/bez-kategorii\/blokada-pedalu-samochodowego-relaxdays\/","og_site_name":"Rad-Pal","article_modified_time":"2026-02-19T15:33:46+00:00","og_image":[{"url":"https:\/\/upload.cdn.baselinker.com\/products\/6014502\/42911dd7ebe5b8af4a977a35e3e2512f.jpg","type":"","width":"","height":""}],"twitter_card":"summary_large_image","twitter_misc":{"Estimated reading time":"1 minute"},"schema":{"@context":"https:\/\/schema.org","@graph":[{"@type":"WebPage","@id":"https:\/\/rad-pal.com.pl\/sklep\/bez-kategorii\/blokada-pedalu-samochodowego-relaxdays\/","url":"https:\/\/rad-pal.com.pl\/sklep\/bez-kategorii\/blokada-pedalu-samochodowego-relaxdays\/","name":"Blokada peda\u0142u samochodowego Relaxdays - Rad-Pal","isPartOf":{"@id":"https:\/\/rad-pal.com.pl\/#website"},"primaryImageOfPage":{"@id":"https:\/\/rad-pal.com.pl\/sklep\/bez-kategorii\/blokada-pedalu-samochodowego-relaxdays\/#primaryimage"},"image":{"@id":"https:\/\/rad-pal.com.pl\/sklep\/bez-kategorii\/blokada-pedalu-samochodowego-relaxdays\/#primaryimage"},"thumbnailUrl":"https:\/\/rad-pal.com.pl\/wp-content\/uploads\/2026\/02\/42911dd7ebe5b8af4a977a35e3e2512f.jpg","datePublished":"2026-02-19T14:44:02+00:00","dateModified":"2026-02-19T15:33:46+00:00","breadcrumb":{"@id":"https:\/\/rad-pal.com.pl\/sklep\/bez-kategorii\/blokada-pedalu-samochodowego-relaxdays\/#breadcrumb"},"inLanguage":"en-GB","potentialAction":[{"@type":"ReadAction","target":["https:\/\/rad-pal.com.pl\/sklep\/bez-kategorii\/blokada-pedalu-samochodowego-relaxdays\/"]}]},{"@type":"ImageObject","inLanguage":"en-GB","@id":"https:\/\/rad-pal.com.pl\/sklep\/bez-kategorii\/blokada-pedalu-samochodowego-relaxdays\/#primaryimage","url":"https:\/\/rad-pal.com.pl\/wp-content\/uploads\/2026\/02\/42911dd7ebe5b8af4a977a35e3e2512f.jpg","contentUrl":"https:\/\/rad-pal.com.pl\/wp-content\/uploads\/2026\/02\/42911dd7ebe5b8af4a977a35e3e2512f.jpg","width":736,"height":841,"caption":"a5e54a5c8d870365c773ca494b3b5501"},{"@type":"BreadcrumbList","@id":"https:\/\/rad-pal.com.pl\/sklep\/bez-kategorii\/blokada-pedalu-samochodowego-relaxdays\/#breadcrumb","itemListElement":[{"@type":"ListItem","position":1,"name":"Strona g\u0142\u00f3wna","item":"https:\/\/rad-pal.com.pl\/"},{"@type":"ListItem","position":2,"name":"Sklep","item":"https:\/\/rad-pal.com.pl\/sklep\/"},{"@type":"ListItem","position":3,"name":"Blokada peda\u0142u samochodowego Relaxdays"}]},{"@type":"WebSite","@id":"https:\/\/rad-pal.com.pl\/#website","url":"https:\/\/rad-pal.com.pl\/","name":"Rad-Pal","description":"","publisher":{"@id":"https:\/\/rad-pal.com.pl\/#organization"},"potentialAction":[{"@type":"SearchAction","target":{"@type":"EntryPoint","urlTemplate":"https:\/\/rad-pal.com.pl\/?s={search_term_string}"},"query-input":{"@type":"PropertyValueSpecification","valueRequired":true,"valueName":"search_term_string"}}],"inLanguage":"en-GB"},{"@type":"Organization","@id":"https:\/\/rad-pal.com.pl\/#organization","name":"Rad-Pal","url":"https:\/\/rad-pal.com.pl\/","logo":{"@type":"ImageObject","inLanguage":"en-GB","@id":"https:\/\/rad-pal.com.pl\/#\/schema\/logo\/image\/","url":"https:\/\/rad-pal.com.pl\/wp-content\/uploads\/2026\/03\/Projekt-bez-nazwy-30.webp","contentUrl":"https:\/\/rad-pal.com.pl\/wp-content\/uploads\/2026\/03\/Projekt-bez-nazwy-30.webp","width":600,"height":210,"caption":"Rad-Pal"},"image":{"@id":"https:\/\/rad-pal.com.pl\/#\/schema\/logo\/image\/"}}]}},"_links":{"self":[{"href":"https:\/\/rad-pal.com.pl\/en\/wp-json\/wp\/v2\/product\/32459","targetHints":{"allow":["GET"]}}],"collection":[{"href":"https:\/\/rad-pal.com.pl\/en\/wp-json\/wp\/v2\/product"}],"about":[{"href":"https:\/\/rad-pal.com.pl\/en\/wp-json\/wp\/v2\/types\/product"}],"version-history":[{"count":0,"href":"https:\/\/rad-pal.com.pl\/en\/wp-json\/wp\/v2\/product\/32459\/revisions"}],"wp:featuredmedia":[{"embeddable":true,"href":"https:\/\/rad-pal.com.pl\/en\/wp-json\/wp\/v2\/media\/32452"}],"wp:attachment":[{"href":"https:\/\/rad-pal.com.pl\/en\/wp-json\/wp\/v2\/media?parent=32459"}],"wp:term":[{"taxonomy":"product_brand","embeddable":true,"href":"https:\/\/rad-pal.com.pl\/en\/wp-json\/wp\/v2\/product_brand?post=32459"},{"taxonomy":"product_cat","embeddable":true,"href":"https:\/\/rad-pal.com.pl\/en\/wp-json\/wp\/v2\/product_cat?post=32459"},{"taxonomy":"product_tag","embeddable":true,"href":"https:\/\/rad-pal.com.pl\/en\/wp-json\/wp\/v2\/product_tag?post=32459"}],"curies":[{"name":"wp","href":"https:\/\/api.w.org\/{rel}","templated":true}]}}