{"id":32605,"date":"2026-02-19T15:49:07","date_gmt":"2026-02-19T14:49:07","guid":{"rendered":"https:\/\/rad-pal.com.pl\/sklep\/bez-kategorii\/relaxdays-dozownik-napojow-ze-stojakiem\/"},"modified":"2026-02-19T16:35:10","modified_gmt":"2026-02-19T15:35:10","slug":"relaxdays-dozownik-napojow-ze-stojakiem","status":"publish","type":"product","link":"https:\/\/rad-pal.com.pl\/en\/sklep\/dom-i-ogrod\/wyposazenie\/pojemniki-na-zywnosc\/pojemniki\/relaxdays-dozownik-napojow-ze-stojakiem\/","title":{"rendered":"RELAXDAYS DOZOWNIK NAPOJ\u00d3W ZE STOJAKIEM"},"content":{"rendered":"<section class=\"section\">\n<div class=\"item item-6\">\n<section class=\"image-item\"><img decoding=\"async\" src=\"https:\/\/upload.cdn.baselinker.com\/products\/6014502\/7d8bfdc4d4b50eb36363116b406648e8.jpg\" \/><\/section>\n<\/p><\/div>\n<div class=\"item item-6\">\n<section class=\"text-item\">\n<h2>\u2733\ufe0fS\u0142oik do mro\u017conej herbaty z kranikiem<\/h2>\n<p>Ten dozownik do lemoniady jest idealnym dodatkiem do domowego baru lub nast\u0119pnego przyj\u0119cia w ogrodzie. Szklany s\u0142\u00f3j posiada wyjmowany wk\u0142ad na owoce lub kostki lodu. Domowe soki, lemoniad\u0119, wod\u0119 i drinki mo\u017cna \u0142atwo dozowa\u0107 za pomoc\u0105 kranu. Dzi\u0119ki przykr\u0119canej pokrywce zawarto\u015b\u0107 pojemnika na sok jest chroniona przed owadami i brudem.<\/p>\n<p>Pokrywk\u0119, kranik i wk\u0142ad nale\u017cy czy\u015bci\u0107 r\u0119cznie.<\/p>\n<\/section><\/div>\n<\/section>\n<section class=\"section\">\n<div class=\"item item-6\">\n<section class=\"text-item\">\n<h2>\u2733\ufe0fSzklany pojemnik na lemoniad\u0119<\/h2>\n<ul>\n<li>\u27a1\ufe0fidealny na przyj\u0119cia w ogrodzie, urodziny lub do domowego baru<\/li>\n<li>\u27a1\ufe0fs\u0142oik z kranikiem u\u0142atwiaj\u0105cym dozowanie<\/li>\n<li>\u27a1\ufe0fstojak jako praktyczne podwy\u017cszenie<\/li>\n<li>\u27a1\ufe0fna napoje takie jak lemoniada, sok, mro\u017cona herbata i wiele innych<\/li>\n<li>\u27a1\ufe0fpokrywka chroni zawarto\u015b\u0107 przed owadami i brudem<\/li>\n<\/ul>\n<\/section><\/div>\n<div class=\"item item-6\">\n<section class=\"image-item\"><img decoding=\"async\" src=\"https:\/\/upload.cdn.baselinker.com\/products\/6014502\/6e6a915f0dbb811e12935eb23cadfffb.jpg\" \/><\/section>\n<\/p><\/div>\n<\/section>\n<section class=\"section\">\n<div class=\"item item-6\">\n<section class=\"image-item\"><img decoding=\"async\" src=\"https:\/\/upload.cdn.baselinker.com\/products\/6014502\/102fc7f891cdebd397f8270fefa65bd7.jpg\" \/><\/section>\n<\/p><\/div>\n<div class=\"item item-6\">\n<section class=\"text-item\">\n<h2>\ufffdS\u0142\u00f3j z kranikiem na stojaku w szczeg\u00f3\u0142ach<\/h2>\n<ul>\n<li>?wymiary ca\u0142kowite 3,3 litra (wys. x szer. x d\u0142.): ok. 36 x 17 x 21 cm, ok. 1,5 kg<\/li>\n<li>?wymiary pojemnika (wys. x szer. x d\u0142.): ok. 25 x 15 x 20 cm<\/li>\n<li>?wymiary ca\u0142kowite 6 litr\u00f3w (wys. x szer. x d\u0142.): ok. 43 x 19,5 x 24 cm, ok. 2,2 kg<\/li>\n<li>?wymiary pojemnika (wys. x \u015br.): ok. 30,5 x 18 x 23 cm<\/li>\n<li>?materia\u0142: szk\u0142o, \u017celazo, tworzywo sztuczne<\/li>\n<li>?kolor: przezroczysty, srebrny, czarny<\/li>\n<\/ul>\n<ul>\n<li>\u27a1\ufe0f1x szklany s\u0142\u00f3j<\/li>\n<li>\u27a1\ufe0f1x stojak<\/li>\n<li>\u27a1\ufe0fbez dekoracji<\/li>\n<\/ul>\n<h2>Sk\u0142ad Materia\u0142u<\/h2>\n<ul>\n<li>60% szk\u0142o<\/li>\n<li>30% \u017celazo<\/li>\n<li>10% tworzywo sztuczne<\/li>\n<\/ul>\n<\/section><\/div>\n<\/section>\n<section class=\"section\">\n<div class=\"item item-6\">\n<section class=\"text-item\">\n<p><b>PRODUKT ZE ZWROT\u00d3W &#8211; NOWY BEZ OZNAK U\u017bYTKOWANIA<\/b><\/p>\n<p><b><\/b><b>Niekt\u00f3re produkty mog\u0105 posiada\u0107 delikatne ryski, otarcia, itp., kt\u00f3re s\u0105 uwzgl\u0119dnione w opisie oraz przedstawione na zdj\u0119ciu.<\/b><\/p>\n<\/section><\/div>\n<div class=\"item item-6\">\n<section class=\"image-item\"><img decoding=\"async\" src=\"https:\/\/upload.cdn.baselinker.com\/products\/6014502\/369b69293b778450f02bed0c04999ac2.jpg\" \/><\/section>\n<\/p><\/div>\n<\/section>\n<section class=\"section\">\n<div class=\"item item-12\">\n<section class=\"text-item\">\n<p>7<\/p>\n<\/section><\/div>\n<\/section>\n<section class=\"section\">\n<div class=\"item item-12\">\n<section class=\"text-item\">\n<p>####################<\/p>\n<\/section><\/div>\n<\/section>","protected":false},"excerpt":{"rendered":"<p>\u2733\ufe0fS\u0142oik do mro\u017conej herbaty z kranikiem Ten dozownik do lemoniady jest idealnym dodatkiem do domowego baru lub nast\u0119pnego przyj\u0119cia w<\/p>","protected":false},"featured_media":32596,"template":"","meta":[],"product_brand":[],"product_cat":[86,141,140,87],"product_tag":[],"class_list":{"0":"post-32605","1":"product","2":"type-product","3":"status-publish","4":"has-post-thumbnail","6":"product_cat-dom-i-ogrod","7":"product_cat-pojemniki","8":"product_cat-pojemniki-na-zywnosc","9":"product_cat-wyposazenie","11":"first","12":"instock","13":"taxable","14":"shipping-taxable","15":"purchasable","16":"product-type-simple"},"yoast_head":"<!-- This site is optimized with the Yoast SEO plugin v25.7 - https:\/\/yoast.com\/wordpress\/plugins\/seo\/ -->\n<title>RELAXDAYS DOZOWNIK NAPOJ\u00d3W ZE STOJAKIEM - Rad-Pal<\/title>\n<meta name=\"robots\" content=\"index, follow, max-snippet:-1, max-image-preview:large, max-video-preview:-1\" \/>\n<link rel=\"canonical\" href=\"https:\/\/rad-pal.com.pl\/en\/sklep\/bez-kategorii\/relaxdays-dozownik-napojow-ze-stojakiem\/\" \/>\n<meta property=\"og:locale\" content=\"en_GB\" \/>\n<meta property=\"og:type\" content=\"article\" \/>\n<meta property=\"og:title\" content=\"RELAXDAYS DOZOWNIK NAPOJ\u00d3W ZE STOJAKIEM - Rad-Pal\" \/>\n<meta property=\"og:description\" content=\"\u2733\ufe0fS\u0142oik do mro\u017conej herbaty z kranikiem Ten dozownik do lemoniady jest idealnym dodatkiem do domowego baru lub nast\u0119pnego przyj\u0119cia w\" \/>\n<meta property=\"og:url\" content=\"https:\/\/rad-pal.com.pl\/en\/sklep\/bez-kategorii\/relaxdays-dozownik-napojow-ze-stojakiem\/\" \/>\n<meta property=\"og:site_name\" content=\"Rad-Pal\" \/>\n<meta property=\"article:modified_time\" content=\"2026-02-19T15:35:10+00:00\" \/>\n<meta property=\"og:image\" content=\"https:\/\/upload.cdn.baselinker.com\/products\/6014502\/7d8bfdc4d4b50eb36363116b406648e8.jpg\" \/>\n<meta name=\"twitter:card\" content=\"summary_large_image\" \/>\n<meta name=\"twitter:label1\" content=\"Estimated reading time\" \/>\n\t<meta name=\"twitter:data1\" content=\"1 minute\" \/>\n<script type=\"application\/ld+json\" class=\"yoast-schema-graph\">{\"@context\":\"https:\/\/schema.org\",\"@graph\":[{\"@type\":\"WebPage\",\"@id\":\"https:\/\/rad-pal.com.pl\/sklep\/bez-kategorii\/relaxdays-dozownik-napojow-ze-stojakiem\/\",\"url\":\"https:\/\/rad-pal.com.pl\/sklep\/bez-kategorii\/relaxdays-dozownik-napojow-ze-stojakiem\/\",\"name\":\"RELAXDAYS DOZOWNIK NAPOJ\u00d3W ZE STOJAKIEM - Rad-Pal\",\"isPartOf\":{\"@id\":\"https:\/\/rad-pal.com.pl\/#website\"},\"primaryImageOfPage\":{\"@id\":\"https:\/\/rad-pal.com.pl\/sklep\/bez-kategorii\/relaxdays-dozownik-napojow-ze-stojakiem\/#primaryimage\"},\"image\":{\"@id\":\"https:\/\/rad-pal.com.pl\/sklep\/bez-kategorii\/relaxdays-dozownik-napojow-ze-stojakiem\/#primaryimage\"},\"thumbnailUrl\":\"https:\/\/rad-pal.com.pl\/wp-content\/uploads\/2026\/02\/d95a978ea0ff2a5e02dba5672f64c6b3.jpg\",\"datePublished\":\"2026-02-19T14:49:07+00:00\",\"dateModified\":\"2026-02-19T15:35:10+00:00\",\"breadcrumb\":{\"@id\":\"https:\/\/rad-pal.com.pl\/sklep\/bez-kategorii\/relaxdays-dozownik-napojow-ze-stojakiem\/#breadcrumb\"},\"inLanguage\":\"en-GB\",\"potentialAction\":[{\"@type\":\"ReadAction\",\"target\":[\"https:\/\/rad-pal.com.pl\/sklep\/bez-kategorii\/relaxdays-dozownik-napojow-ze-stojakiem\/\"]}]},{\"@type\":\"ImageObject\",\"inLanguage\":\"en-GB\",\"@id\":\"https:\/\/rad-pal.com.pl\/sklep\/bez-kategorii\/relaxdays-dozownik-napojow-ze-stojakiem\/#primaryimage\",\"url\":\"https:\/\/rad-pal.com.pl\/wp-content\/uploads\/2026\/02\/d95a978ea0ff2a5e02dba5672f64c6b3.jpg\",\"contentUrl\":\"https:\/\/rad-pal.com.pl\/wp-content\/uploads\/2026\/02\/d95a978ea0ff2a5e02dba5672f64c6b3.jpg\",\"width\":681,\"height\":681,\"caption\":\"35dffa2303e31ddd207bed14b9766918\"},{\"@type\":\"BreadcrumbList\",\"@id\":\"https:\/\/rad-pal.com.pl\/sklep\/bez-kategorii\/relaxdays-dozownik-napojow-ze-stojakiem\/#breadcrumb\",\"itemListElement\":[{\"@type\":\"ListItem\",\"position\":1,\"name\":\"Strona g\u0142\u00f3wna\",\"item\":\"https:\/\/rad-pal.com.pl\/\"},{\"@type\":\"ListItem\",\"position\":2,\"name\":\"Sklep\",\"item\":\"https:\/\/rad-pal.com.pl\/sklep\/\"},{\"@type\":\"ListItem\",\"position\":3,\"name\":\"RELAXDAYS DOZOWNIK NAPOJ\u00d3W ZE STOJAKIEM\"}]},{\"@type\":\"WebSite\",\"@id\":\"https:\/\/rad-pal.com.pl\/#website\",\"url\":\"https:\/\/rad-pal.com.pl\/\",\"name\":\"Rad-Pal\",\"description\":\"\",\"publisher\":{\"@id\":\"https:\/\/rad-pal.com.pl\/#organization\"},\"potentialAction\":[{\"@type\":\"SearchAction\",\"target\":{\"@type\":\"EntryPoint\",\"urlTemplate\":\"https:\/\/rad-pal.com.pl\/?s={search_term_string}\"},\"query-input\":{\"@type\":\"PropertyValueSpecification\",\"valueRequired\":true,\"valueName\":\"search_term_string\"}}],\"inLanguage\":\"en-GB\"},{\"@type\":\"Organization\",\"@id\":\"https:\/\/rad-pal.com.pl\/#organization\",\"name\":\"Rad-Pal\",\"url\":\"https:\/\/rad-pal.com.pl\/\",\"logo\":{\"@type\":\"ImageObject\",\"inLanguage\":\"en-GB\",\"@id\":\"https:\/\/rad-pal.com.pl\/#\/schema\/logo\/image\/\",\"url\":\"https:\/\/rad-pal.com.pl\/wp-content\/uploads\/2026\/03\/Projekt-bez-nazwy-30.webp\",\"contentUrl\":\"https:\/\/rad-pal.com.pl\/wp-content\/uploads\/2026\/03\/Projekt-bez-nazwy-30.webp\",\"width\":600,\"height\":210,\"caption\":\"Rad-Pal\"},\"image\":{\"@id\":\"https:\/\/rad-pal.com.pl\/#\/schema\/logo\/image\/\"}}]}<\/script>\n<!-- \/ Yoast SEO plugin. -->","yoast_head_json":{"title":"RELAXDAYS DOZOWNIK NAPOJ\u00d3W ZE STOJAKIEM - Rad-Pal","robots":{"index":"index","follow":"follow","max-snippet":"max-snippet:-1","max-image-preview":"max-image-preview:large","max-video-preview":"max-video-preview:-1"},"canonical":"https:\/\/rad-pal.com.pl\/en\/sklep\/bez-kategorii\/relaxdays-dozownik-napojow-ze-stojakiem\/","og_locale":"en_GB","og_type":"article","og_title":"RELAXDAYS DOZOWNIK NAPOJ\u00d3W ZE STOJAKIEM - Rad-Pal","og_description":"\u2733\ufe0fS\u0142oik do mro\u017conej herbaty z kranikiem Ten dozownik do lemoniady jest idealnym dodatkiem do domowego baru lub nast\u0119pnego przyj\u0119cia w","og_url":"https:\/\/rad-pal.com.pl\/en\/sklep\/bez-kategorii\/relaxdays-dozownik-napojow-ze-stojakiem\/","og_site_name":"Rad-Pal","article_modified_time":"2026-02-19T15:35:10+00:00","og_image":[{"url":"https:\/\/upload.cdn.baselinker.com\/products\/6014502\/7d8bfdc4d4b50eb36363116b406648e8.jpg","type":"","width":"","height":""}],"twitter_card":"summary_large_image","twitter_misc":{"Estimated reading time":"1 minute"},"schema":{"@context":"https:\/\/schema.org","@graph":[{"@type":"WebPage","@id":"https:\/\/rad-pal.com.pl\/sklep\/bez-kategorii\/relaxdays-dozownik-napojow-ze-stojakiem\/","url":"https:\/\/rad-pal.com.pl\/sklep\/bez-kategorii\/relaxdays-dozownik-napojow-ze-stojakiem\/","name":"RELAXDAYS DOZOWNIK NAPOJ\u00d3W ZE STOJAKIEM - Rad-Pal","isPartOf":{"@id":"https:\/\/rad-pal.com.pl\/#website"},"primaryImageOfPage":{"@id":"https:\/\/rad-pal.com.pl\/sklep\/bez-kategorii\/relaxdays-dozownik-napojow-ze-stojakiem\/#primaryimage"},"image":{"@id":"https:\/\/rad-pal.com.pl\/sklep\/bez-kategorii\/relaxdays-dozownik-napojow-ze-stojakiem\/#primaryimage"},"thumbnailUrl":"https:\/\/rad-pal.com.pl\/wp-content\/uploads\/2026\/02\/d95a978ea0ff2a5e02dba5672f64c6b3.jpg","datePublished":"2026-02-19T14:49:07+00:00","dateModified":"2026-02-19T15:35:10+00:00","breadcrumb":{"@id":"https:\/\/rad-pal.com.pl\/sklep\/bez-kategorii\/relaxdays-dozownik-napojow-ze-stojakiem\/#breadcrumb"},"inLanguage":"en-GB","potentialAction":[{"@type":"ReadAction","target":["https:\/\/rad-pal.com.pl\/sklep\/bez-kategorii\/relaxdays-dozownik-napojow-ze-stojakiem\/"]}]},{"@type":"ImageObject","inLanguage":"en-GB","@id":"https:\/\/rad-pal.com.pl\/sklep\/bez-kategorii\/relaxdays-dozownik-napojow-ze-stojakiem\/#primaryimage","url":"https:\/\/rad-pal.com.pl\/wp-content\/uploads\/2026\/02\/d95a978ea0ff2a5e02dba5672f64c6b3.jpg","contentUrl":"https:\/\/rad-pal.com.pl\/wp-content\/uploads\/2026\/02\/d95a978ea0ff2a5e02dba5672f64c6b3.jpg","width":681,"height":681,"caption":"35dffa2303e31ddd207bed14b9766918"},{"@type":"BreadcrumbList","@id":"https:\/\/rad-pal.com.pl\/sklep\/bez-kategorii\/relaxdays-dozownik-napojow-ze-stojakiem\/#breadcrumb","itemListElement":[{"@type":"ListItem","position":1,"name":"Strona g\u0142\u00f3wna","item":"https:\/\/rad-pal.com.pl\/"},{"@type":"ListItem","position":2,"name":"Sklep","item":"https:\/\/rad-pal.com.pl\/sklep\/"},{"@type":"ListItem","position":3,"name":"RELAXDAYS DOZOWNIK NAPOJ\u00d3W ZE STOJAKIEM"}]},{"@type":"WebSite","@id":"https:\/\/rad-pal.com.pl\/#website","url":"https:\/\/rad-pal.com.pl\/","name":"Rad-Pal","description":"","publisher":{"@id":"https:\/\/rad-pal.com.pl\/#organization"},"potentialAction":[{"@type":"SearchAction","target":{"@type":"EntryPoint","urlTemplate":"https:\/\/rad-pal.com.pl\/?s={search_term_string}"},"query-input":{"@type":"PropertyValueSpecification","valueRequired":true,"valueName":"search_term_string"}}],"inLanguage":"en-GB"},{"@type":"Organization","@id":"https:\/\/rad-pal.com.pl\/#organization","name":"Rad-Pal","url":"https:\/\/rad-pal.com.pl\/","logo":{"@type":"ImageObject","inLanguage":"en-GB","@id":"https:\/\/rad-pal.com.pl\/#\/schema\/logo\/image\/","url":"https:\/\/rad-pal.com.pl\/wp-content\/uploads\/2026\/03\/Projekt-bez-nazwy-30.webp","contentUrl":"https:\/\/rad-pal.com.pl\/wp-content\/uploads\/2026\/03\/Projekt-bez-nazwy-30.webp","width":600,"height":210,"caption":"Rad-Pal"},"image":{"@id":"https:\/\/rad-pal.com.pl\/#\/schema\/logo\/image\/"}}]}},"_links":{"self":[{"href":"https:\/\/rad-pal.com.pl\/en\/wp-json\/wp\/v2\/product\/32605","targetHints":{"allow":["GET"]}}],"collection":[{"href":"https:\/\/rad-pal.com.pl\/en\/wp-json\/wp\/v2\/product"}],"about":[{"href":"https:\/\/rad-pal.com.pl\/en\/wp-json\/wp\/v2\/types\/product"}],"version-history":[{"count":0,"href":"https:\/\/rad-pal.com.pl\/en\/wp-json\/wp\/v2\/product\/32605\/revisions"}],"wp:featuredmedia":[{"embeddable":true,"href":"https:\/\/rad-pal.com.pl\/en\/wp-json\/wp\/v2\/media\/32596"}],"wp:attachment":[{"href":"https:\/\/rad-pal.com.pl\/en\/wp-json\/wp\/v2\/media?parent=32605"}],"wp:term":[{"taxonomy":"product_brand","embeddable":true,"href":"https:\/\/rad-pal.com.pl\/en\/wp-json\/wp\/v2\/product_brand?post=32605"},{"taxonomy":"product_cat","embeddable":true,"href":"https:\/\/rad-pal.com.pl\/en\/wp-json\/wp\/v2\/product_cat?post=32605"},{"taxonomy":"product_tag","embeddable":true,"href":"https:\/\/rad-pal.com.pl\/en\/wp-json\/wp\/v2\/product_tag?post=32605"}],"curies":[{"name":"wp","href":"https:\/\/api.w.org\/{rel}","templated":true}]}}