{"id":32612,"date":"2026-02-19T15:49:23","date_gmt":"2026-02-19T14:49:23","guid":{"rendered":"https:\/\/rad-pal.com.pl\/sklep\/bez-kategorii\/skarbonka-globus-obrotowy\/"},"modified":"2026-02-19T16:35:13","modified_gmt":"2026-02-19T15:35:13","slug":"skarbonka-globus-obrotowy","status":"publish","type":"product","link":"https:\/\/rad-pal.com.pl\/en\/sklep\/dziecko\/pokoj-dzieciecy\/wyposazenie-pokoj-dzieciecy\/dekoracje-i-ozdoby\/skarbonki\/skarbonka-globus-obrotowy\/","title":{"rendered":"Skarbonka globus obrotowy"},"content":{"rendered":"<section class=\"section\">\n<div class=\"item item-12\">\n<section class=\"text-item\">\n<p>Dzi\u0119ki tej skarbonce w formie globusa u\u015bwiadomisz sobie, jak ma\u0142y jest \u015bwiat. W mgnieniu oka odnajdziesz na niej dowolne pa\u0144stwo. Ta nietypowa skarbonka to idealny prezent dla ka\u017cdego mi\u0142o\u015bnika podr\u00f3\u017cy. Dzi\u0119ki niej oszcz\u0119dzanie pieni\u0119dzy na kolejn\u0105 wypraw\u0119 b\u0119dzie prawdziw\u0105 przyjemno\u015bci\u0105.<\/p>\n<p>Nasza skarbonka w kszta\u0142cie kuli ziemskiej to r\u00f3wnie\u017c \u015bwietny artyku\u0142 dekoracyjny. Szczeg\u00f3lnie atrakcyjnie prezentuje si\u0119 na biurku lub szafce nocnej. Chcesz podarowa\u0107 dziecku pieni\u0105dze? Wykorzystaj t\u0119 oryginaln\u0105 skarbon\u0119 jako opakowanie na prezent! Poniewa\u017c ten niedu\u017cy globus to miniaturka globusa szkolnego, mo\u017cna go z powodzeniem wykorzysta\u0107 na lekcji geografii. Dzi\u0119ki angielskim opisom przyda si\u0119 r\u00f3wnie\u017c na lekcji j\u0119zyka angielskiego.<\/p>\n<h2>Globus na oszcz\u0119dno\u015bci w szczeg\u00f3\u0142ach<\/h2>\n<p>\u2022 Wymiary kuli ziemskiej: ok. 16,5 x 14 x 14 cm (wys. x szer. x g\u0142\u0119b.)<\/p>\n<p>\u2022 \u015arednica podstawy: ok. 8,8 cm<\/p>\n<p>\u2022 Stabilny uchwyt w formie po\u0142udnika z podzia\u0142k\u0105<\/p>\n<p>\u2022 Zamykany otw\u00f3r do wyci\u0105gania pieni\u0119dzy<\/p>\n<p>\u2022 Kolor: r\u00f3\u017cne kolory<\/p>\n<h2>Skarbonka na monety i banknoty<\/h2>\n<p>\u2022 Idealny prezent dla amator\u00f3w podr\u00f3\u017cy<\/p>\n<p>\u2022 Gad\u017cet do domu i biura<\/p>\n<p>\u2022 Do oszcz\u0119dzania pieni\u0119dzy na wielk\u0105 wypraw\u0119<\/p>\n<p>\u2022 Pude\u0142ko na prezent w postaci pieni\u0119dzy<\/p>\n<h2>Oryginalna skarbonka dla dzieci<\/h2>\n<p>\u2022 Pomoc naukowa na lekcj\u0119 geografii<\/p>\n<p>\u2022 Angielskie opisy przydaj\u0105ce si\u0119 podczas nauki angielskiego<\/p>\n<p>\u2022 Idealne miejsce na kieszonkowe<\/p>\n<p>\u2022 Atrakcyjna ozdoba pokoju dzieci\u0119cego<\/p>\n<h2>W zestawie<\/h2>\n<p>\u2022 1 skarbonka globus<\/p>\n<p>\u2022 Brak artyku\u0142\u00f3w dekoracyjnych widocznych na zdj\u0119ciach<\/p>\n<\/section><\/div>\n<\/section>\n<section class=\"section\">\n<div class=\"item item-6\">\n<section class=\"image-item\"><img decoding=\"async\" src=\"https:\/\/upload.cdn.baselinker.com\/products\/6014502\/c3eb85a9938fc1497150f1b48825b4cf.jpg\" \/><\/section>\n<\/p><\/div>\n<div class=\"item item-6\">\n<section class=\"image-item\"><img decoding=\"async\" src=\"https:\/\/upload.cdn.baselinker.com\/products\/6014502\/7515804775f582e6100440bb131d7b91.jpg\" \/><\/section>\n<\/p><\/div>\n<\/section>\n<section class=\"section\">\n<div class=\"item item-12\">\n<section class=\"text-item\">\n<p>Die Globus-Spardose macht deutlich, wie klein die Welt ist. Alle Staaten der Welt sind in Sekundenschnelle zu finden. Die Sparb\u00fcchse ist das ideale Geschenk f\u00fcr Menschen, die immer mal wieder die Reiselust packt. So macht es Spa\u00df, Urlaubsgeld zu sparen.<\/p>\n<p>Doch der schicke Miniglobus macht auch als Dekoartikel eine gute Figur, zum Beispiel auf dem Nachtschrank oder im B\u00fcro. Nutzen Sie den Spielzeug-Globus, um Ihrem kleinen Schatz Geldgeschenke zu \u00fcberreichen. Da der kleine Erdball genau wie ein gro\u00dfer Globus aufgebaut ist, eignet er sich auch wunderbar als Lernhilfe. Aufgrund der englischen Beschriftung gilt das auch&nbsp;f\u00fcr den Englisch-Unterricht.<\/p>\n<h2>Spardose Globus im Detail<\/h2>\n<p>\u2022 Ma\u00dfe Weltkugel Sparb\u00fcchse H x B x T: ca. 16,5 x 14 x 14 cm<\/p>\n<p>\u2022 Durchmesser Standfu\u00df: ca. 8,8 cm<\/p>\n<p>\u2022 Stabile Halterung mit Winkel-Anzeige<\/p>\n<p>\u2022 Verschluss f\u00fcr mehrmaligen Gebrauch<\/p>\n<p>\u2022 Farbe: Bunt<\/p>\n<h2>Spardose Globus Urlaubskasse<\/h2>\n<p>\u2022 Geschenk f\u00fcr Reiselustige<\/p>\n<p>\u2022 Sammelbox f\u00fcr Zuhause oder das B\u00fcro<\/p>\n<p>\u2022 Sparen f\u00fcr eine gro\u00dfe Reise<\/p>\n<p>\u2022 Pr\u00e4senter f\u00fcr kleine Geldgeschenke<\/p>\n<h2>Spardose Globus f\u00fcr Kinder<\/h2>\n<p>\u2022 Schicke Lernhilfe f\u00fcr den Geographie-Unterricht<\/p>\n<p>\u2022 Schnelles Vokabellernen dank englischer Beschriftung<\/p>\n<p>\u2022 Pr\u00e4sentation von Taschengeld<\/p>\n<p>\u2022 Sch\u00f6ne Deko f\u00fcr das Kinderzimmer<\/p>\n<h2>Lieferumfang<\/h2>\n<p>\u2022 1 Globus Spardose<\/p>\n<p>\u2022 Dekoartikel nicht im Lieferumfang enthalten<\/p>\n<\/section><\/div>\n<\/section>\n<section class=\"section\">\n<div class=\"item item-12\">\n<section class=\"image-item\"><img decoding=\"async\" src=\"https:\/\/upload.cdn.baselinker.com\/products\/6014502\/81c2f9cb3616e2f25ff85ddffd13b76c.jpg\" \/><\/section>\n<\/p><\/div>\n<\/section>\n<section class=\"section\">\n<div class=\"item item-12\">\n<section class=\"text-item\">\n<p>7<\/p>\n<\/section><\/div>\n<\/section>\n<section class=\"section\">\n<div class=\"item item-12\">\n<section class=\"text-item\">\n<p>##\u2116##############<\/p>\n<\/section><\/div>\n<\/section>","protected":false},"excerpt":{"rendered":"<p>Dzi\u0119ki tej skarbonce w formie globusa u\u015bwiadomisz sobie, jak ma\u0142y jest \u015bwiat. W mgnieniu oka odnajdziesz na niej dowolne pa\u0144stwo.<\/p>","protected":false},"featured_media":32606,"template":"","meta":[],"product_brand":[],"product_cat":[186,81,159,187,185],"product_tag":[],"class_list":{"0":"post-32612","1":"product","2":"type-product","3":"status-publish","4":"has-post-thumbnail","6":"product_cat-dekoracje-i-ozdoby","7":"product_cat-dziecko","8":"product_cat-pokoj-dzieciecy","9":"product_cat-skarbonki","10":"product_cat-wyposazenie-pokoj-dzieciecy","12":"first","13":"instock","14":"taxable","15":"shipping-taxable","16":"purchasable","17":"product-type-simple"},"yoast_head":"<!-- This site is optimized with the Yoast SEO plugin v25.7 - https:\/\/yoast.com\/wordpress\/plugins\/seo\/ -->\n<title>Skarbonka globus obrotowy - Rad-Pal<\/title>\n<meta name=\"robots\" content=\"index, follow, max-snippet:-1, max-image-preview:large, max-video-preview:-1\" \/>\n<link rel=\"canonical\" href=\"https:\/\/rad-pal.com.pl\/en\/sklep\/bez-kategorii\/skarbonka-globus-obrotowy\/\" \/>\n<meta property=\"og:locale\" content=\"en_GB\" \/>\n<meta property=\"og:type\" content=\"article\" \/>\n<meta property=\"og:title\" content=\"Skarbonka globus obrotowy - Rad-Pal\" \/>\n<meta property=\"og:description\" content=\"Dzi\u0119ki tej skarbonce w formie globusa u\u015bwiadomisz sobie, jak ma\u0142y jest \u015bwiat. W mgnieniu oka odnajdziesz na niej dowolne pa\u0144stwo.\" \/>\n<meta property=\"og:url\" content=\"https:\/\/rad-pal.com.pl\/en\/sklep\/bez-kategorii\/skarbonka-globus-obrotowy\/\" \/>\n<meta property=\"og:site_name\" content=\"Rad-Pal\" \/>\n<meta property=\"article:modified_time\" content=\"2026-02-19T15:35:13+00:00\" \/>\n<meta property=\"og:image\" content=\"https:\/\/upload.cdn.baselinker.com\/products\/6014502\/c3eb85a9938fc1497150f1b48825b4cf.jpg\" \/>\n<meta name=\"twitter:card\" content=\"summary_large_image\" \/>\n<meta name=\"twitter:label1\" content=\"Estimated reading time\" \/>\n\t<meta name=\"twitter:data1\" content=\"2 minutes\" \/>\n<script type=\"application\/ld+json\" class=\"yoast-schema-graph\">{\"@context\":\"https:\/\/schema.org\",\"@graph\":[{\"@type\":\"WebPage\",\"@id\":\"https:\/\/rad-pal.com.pl\/sklep\/bez-kategorii\/skarbonka-globus-obrotowy\/\",\"url\":\"https:\/\/rad-pal.com.pl\/sklep\/bez-kategorii\/skarbonka-globus-obrotowy\/\",\"name\":\"Skarbonka globus obrotowy - Rad-Pal\",\"isPartOf\":{\"@id\":\"https:\/\/rad-pal.com.pl\/#website\"},\"primaryImageOfPage\":{\"@id\":\"https:\/\/rad-pal.com.pl\/sklep\/bez-kategorii\/skarbonka-globus-obrotowy\/#primaryimage\"},\"image\":{\"@id\":\"https:\/\/rad-pal.com.pl\/sklep\/bez-kategorii\/skarbonka-globus-obrotowy\/#primaryimage\"},\"thumbnailUrl\":\"https:\/\/rad-pal.com.pl\/wp-content\/uploads\/2026\/02\/c3eb85a9938fc1497150f1b48825b4cf.jpg\",\"datePublished\":\"2026-02-19T14:49:23+00:00\",\"dateModified\":\"2026-02-19T15:35:13+00:00\",\"breadcrumb\":{\"@id\":\"https:\/\/rad-pal.com.pl\/sklep\/bez-kategorii\/skarbonka-globus-obrotowy\/#breadcrumb\"},\"inLanguage\":\"en-GB\",\"potentialAction\":[{\"@type\":\"ReadAction\",\"target\":[\"https:\/\/rad-pal.com.pl\/sklep\/bez-kategorii\/skarbonka-globus-obrotowy\/\"]}]},{\"@type\":\"ImageObject\",\"inLanguage\":\"en-GB\",\"@id\":\"https:\/\/rad-pal.com.pl\/sklep\/bez-kategorii\/skarbonka-globus-obrotowy\/#primaryimage\",\"url\":\"https:\/\/rad-pal.com.pl\/wp-content\/uploads\/2026\/02\/c3eb85a9938fc1497150f1b48825b4cf.jpg\",\"contentUrl\":\"https:\/\/rad-pal.com.pl\/wp-content\/uploads\/2026\/02\/c3eb85a9938fc1497150f1b48825b4cf.jpg\",\"width\":2560,\"height\":2560,\"caption\":\"3fe2784c2f92b8d132d96e5a6349b409\"},{\"@type\":\"BreadcrumbList\",\"@id\":\"https:\/\/rad-pal.com.pl\/sklep\/bez-kategorii\/skarbonka-globus-obrotowy\/#breadcrumb\",\"itemListElement\":[{\"@type\":\"ListItem\",\"position\":1,\"name\":\"Strona g\u0142\u00f3wna\",\"item\":\"https:\/\/rad-pal.com.pl\/\"},{\"@type\":\"ListItem\",\"position\":2,\"name\":\"Sklep\",\"item\":\"https:\/\/rad-pal.com.pl\/sklep\/\"},{\"@type\":\"ListItem\",\"position\":3,\"name\":\"Skarbonka globus obrotowy\"}]},{\"@type\":\"WebSite\",\"@id\":\"https:\/\/rad-pal.com.pl\/#website\",\"url\":\"https:\/\/rad-pal.com.pl\/\",\"name\":\"Rad-Pal\",\"description\":\"\",\"publisher\":{\"@id\":\"https:\/\/rad-pal.com.pl\/#organization\"},\"potentialAction\":[{\"@type\":\"SearchAction\",\"target\":{\"@type\":\"EntryPoint\",\"urlTemplate\":\"https:\/\/rad-pal.com.pl\/?s={search_term_string}\"},\"query-input\":{\"@type\":\"PropertyValueSpecification\",\"valueRequired\":true,\"valueName\":\"search_term_string\"}}],\"inLanguage\":\"en-GB\"},{\"@type\":\"Organization\",\"@id\":\"https:\/\/rad-pal.com.pl\/#organization\",\"name\":\"Rad-Pal\",\"url\":\"https:\/\/rad-pal.com.pl\/\",\"logo\":{\"@type\":\"ImageObject\",\"inLanguage\":\"en-GB\",\"@id\":\"https:\/\/rad-pal.com.pl\/#\/schema\/logo\/image\/\",\"url\":\"https:\/\/rad-pal.com.pl\/wp-content\/uploads\/2026\/03\/Projekt-bez-nazwy-30.webp\",\"contentUrl\":\"https:\/\/rad-pal.com.pl\/wp-content\/uploads\/2026\/03\/Projekt-bez-nazwy-30.webp\",\"width\":600,\"height\":210,\"caption\":\"Rad-Pal\"},\"image\":{\"@id\":\"https:\/\/rad-pal.com.pl\/#\/schema\/logo\/image\/\"}}]}<\/script>\n<!-- \/ Yoast SEO plugin. -->","yoast_head_json":{"title":"Skarbonka globus obrotowy - Rad-Pal","robots":{"index":"index","follow":"follow","max-snippet":"max-snippet:-1","max-image-preview":"max-image-preview:large","max-video-preview":"max-video-preview:-1"},"canonical":"https:\/\/rad-pal.com.pl\/en\/sklep\/bez-kategorii\/skarbonka-globus-obrotowy\/","og_locale":"en_GB","og_type":"article","og_title":"Skarbonka globus obrotowy - Rad-Pal","og_description":"Dzi\u0119ki tej skarbonce w formie globusa u\u015bwiadomisz sobie, jak ma\u0142y jest \u015bwiat. W mgnieniu oka odnajdziesz na niej dowolne pa\u0144stwo.","og_url":"https:\/\/rad-pal.com.pl\/en\/sklep\/bez-kategorii\/skarbonka-globus-obrotowy\/","og_site_name":"Rad-Pal","article_modified_time":"2026-02-19T15:35:13+00:00","og_image":[{"url":"https:\/\/upload.cdn.baselinker.com\/products\/6014502\/c3eb85a9938fc1497150f1b48825b4cf.jpg","type":"","width":"","height":""}],"twitter_card":"summary_large_image","twitter_misc":{"Estimated reading time":"2 minutes"},"schema":{"@context":"https:\/\/schema.org","@graph":[{"@type":"WebPage","@id":"https:\/\/rad-pal.com.pl\/sklep\/bez-kategorii\/skarbonka-globus-obrotowy\/","url":"https:\/\/rad-pal.com.pl\/sklep\/bez-kategorii\/skarbonka-globus-obrotowy\/","name":"Skarbonka globus obrotowy - Rad-Pal","isPartOf":{"@id":"https:\/\/rad-pal.com.pl\/#website"},"primaryImageOfPage":{"@id":"https:\/\/rad-pal.com.pl\/sklep\/bez-kategorii\/skarbonka-globus-obrotowy\/#primaryimage"},"image":{"@id":"https:\/\/rad-pal.com.pl\/sklep\/bez-kategorii\/skarbonka-globus-obrotowy\/#primaryimage"},"thumbnailUrl":"https:\/\/rad-pal.com.pl\/wp-content\/uploads\/2026\/02\/c3eb85a9938fc1497150f1b48825b4cf.jpg","datePublished":"2026-02-19T14:49:23+00:00","dateModified":"2026-02-19T15:35:13+00:00","breadcrumb":{"@id":"https:\/\/rad-pal.com.pl\/sklep\/bez-kategorii\/skarbonka-globus-obrotowy\/#breadcrumb"},"inLanguage":"en-GB","potentialAction":[{"@type":"ReadAction","target":["https:\/\/rad-pal.com.pl\/sklep\/bez-kategorii\/skarbonka-globus-obrotowy\/"]}]},{"@type":"ImageObject","inLanguage":"en-GB","@id":"https:\/\/rad-pal.com.pl\/sklep\/bez-kategorii\/skarbonka-globus-obrotowy\/#primaryimage","url":"https:\/\/rad-pal.com.pl\/wp-content\/uploads\/2026\/02\/c3eb85a9938fc1497150f1b48825b4cf.jpg","contentUrl":"https:\/\/rad-pal.com.pl\/wp-content\/uploads\/2026\/02\/c3eb85a9938fc1497150f1b48825b4cf.jpg","width":2560,"height":2560,"caption":"3fe2784c2f92b8d132d96e5a6349b409"},{"@type":"BreadcrumbList","@id":"https:\/\/rad-pal.com.pl\/sklep\/bez-kategorii\/skarbonka-globus-obrotowy\/#breadcrumb","itemListElement":[{"@type":"ListItem","position":1,"name":"Strona g\u0142\u00f3wna","item":"https:\/\/rad-pal.com.pl\/"},{"@type":"ListItem","position":2,"name":"Sklep","item":"https:\/\/rad-pal.com.pl\/sklep\/"},{"@type":"ListItem","position":3,"name":"Skarbonka globus obrotowy"}]},{"@type":"WebSite","@id":"https:\/\/rad-pal.com.pl\/#website","url":"https:\/\/rad-pal.com.pl\/","name":"Rad-Pal","description":"","publisher":{"@id":"https:\/\/rad-pal.com.pl\/#organization"},"potentialAction":[{"@type":"SearchAction","target":{"@type":"EntryPoint","urlTemplate":"https:\/\/rad-pal.com.pl\/?s={search_term_string}"},"query-input":{"@type":"PropertyValueSpecification","valueRequired":true,"valueName":"search_term_string"}}],"inLanguage":"en-GB"},{"@type":"Organization","@id":"https:\/\/rad-pal.com.pl\/#organization","name":"Rad-Pal","url":"https:\/\/rad-pal.com.pl\/","logo":{"@type":"ImageObject","inLanguage":"en-GB","@id":"https:\/\/rad-pal.com.pl\/#\/schema\/logo\/image\/","url":"https:\/\/rad-pal.com.pl\/wp-content\/uploads\/2026\/03\/Projekt-bez-nazwy-30.webp","contentUrl":"https:\/\/rad-pal.com.pl\/wp-content\/uploads\/2026\/03\/Projekt-bez-nazwy-30.webp","width":600,"height":210,"caption":"Rad-Pal"},"image":{"@id":"https:\/\/rad-pal.com.pl\/#\/schema\/logo\/image\/"}}]}},"_links":{"self":[{"href":"https:\/\/rad-pal.com.pl\/en\/wp-json\/wp\/v2\/product\/32612","targetHints":{"allow":["GET"]}}],"collection":[{"href":"https:\/\/rad-pal.com.pl\/en\/wp-json\/wp\/v2\/product"}],"about":[{"href":"https:\/\/rad-pal.com.pl\/en\/wp-json\/wp\/v2\/types\/product"}],"version-history":[{"count":0,"href":"https:\/\/rad-pal.com.pl\/en\/wp-json\/wp\/v2\/product\/32612\/revisions"}],"wp:featuredmedia":[{"embeddable":true,"href":"https:\/\/rad-pal.com.pl\/en\/wp-json\/wp\/v2\/media\/32606"}],"wp:attachment":[{"href":"https:\/\/rad-pal.com.pl\/en\/wp-json\/wp\/v2\/media?parent=32612"}],"wp:term":[{"taxonomy":"product_brand","embeddable":true,"href":"https:\/\/rad-pal.com.pl\/en\/wp-json\/wp\/v2\/product_brand?post=32612"},{"taxonomy":"product_cat","embeddable":true,"href":"https:\/\/rad-pal.com.pl\/en\/wp-json\/wp\/v2\/product_cat?post=32612"},{"taxonomy":"product_tag","embeddable":true,"href":"https:\/\/rad-pal.com.pl\/en\/wp-json\/wp\/v2\/product_tag?post=32612"}],"curies":[{"name":"wp","href":"https:\/\/api.w.org\/{rel}","templated":true}]}}