{"id":32617,"date":"2026-02-19T15:49:52","date_gmt":"2026-02-19T14:49:52","guid":{"rendered":"https:\/\/rad-pal.com.pl\/sklep\/bez-kategorii\/serwetnik-relaxdays-metal-czarny-1-szt\/"},"modified":"2026-02-19T16:35:17","modified_gmt":"2026-02-19T15:35:17","slug":"serwetnik-relaxdays-metal-czarny-1-szt","status":"publish","type":"product","link":"https:\/\/rad-pal.com.pl\/en\/sklep\/dom-i-ogrod\/wyposazenie\/zastawa-stolowa\/serwetniki\/serwetnik-relaxdays-metal-czarny-1-szt\/","title":{"rendered":"Serwetnik Relaxdays metal czarny 1 szt."},"content":{"rendered":"<section class=\"section\">\n<div class=\"item item-6\">\n<section class=\"image-item\"><img decoding=\"async\" src=\"https:\/\/upload.cdn.baselinker.com\/products\/6014502\/91520884095a2c08718f8392213b06fa.jpg\" \/><\/section>\n<\/p><\/div>\n<div class=\"item item-6\">\n<section class=\"text-item\">\n<h1>Serwetnik metalowy retro<\/h1>\n<ul>\n<li>W stylu retro<\/li>\n<li>Prosty design<\/li>\n<li>Jednokolorowa powierzchnia<\/li>\n<li>Gumowe n\u00f3\u017cki<\/li>\n<\/ul>\n<\/section><\/div>\n<\/section>\n<section class=\"section\">\n<div class=\"item item-6\">\n<section class=\"image-item\"><img decoding=\"async\" src=\"https:\/\/upload.cdn.baselinker.com\/products\/6014502\/e26fa378080a04b26cb169cdd723f8eb.jpg\" \/><\/section>\n<\/p><\/div>\n<div class=\"item item-6\">\n<section class=\"text-item\">\n<h2>Podajnik serwetek do domu i lokali gastronomicznych<\/h2>\n<p>Nasz serwetnik w stylu retro nadaje si\u0119 w szczeg\u00f3lno\u015bci do lokali gastronomicznych. Swoim wygl\u0105dem przypomina dyspensery serwetek w ameryka\u0144skich barach lat 50. Chcesz zawsze mie\u0107 serwetki na wyci\u0105gni\u0119cie r\u0119ki, aby szybko co\u015b zetrze\u0107? Ten dozownik do serwetek jest w\u0142a\u015bnie dla Ciebie! Nasz metalowy podajnik nadaje si\u0119 na serwetki o wymiarach 8 x 12 cm. Jego zawarto\u015b\u0107 mo\u017cna wielokrotnie uzupe\u0142nia\u0107. Gumowe n\u00f3\u017cki zapobiegaj\u0105 przesuwaniu si\u0119 tego dyspensera na serwetki po stole. Prosty, jednokolorowy design sprawia, \u017ce ten serwetnik gastronomiczny wpasowuje si\u0119 w wystr\u00f3j ka\u017cdego pomieszczenia.<\/p>\n<\/section><\/div>\n<\/section>\n<section class=\"section\">\n<div class=\"item item-6\">\n<section class=\"image-item\"><img decoding=\"async\" src=\"https:\/\/upload.cdn.baselinker.com\/products\/6014502\/09b1fea74b3591344c24ed09f5ea328e.jpg\" \/><\/section>\n<\/p><\/div>\n<div class=\"item item-6\">\n<section class=\"text-item\">\n<h2>Metalowy serwetnik w stylu ameryka\u0144skim<\/h2>\n<ul>\n<li>Prosty, ponadczasowy design<\/li>\n<li>W stylu retro, przywodz\u0105cy na my\u015bl ameryka\u0144skie bary lat 50.<\/li>\n<li>Jednokolorowy design wpasowuj\u0105cy si\u0119 w wystr\u00f3j ka\u017cdego wn\u0119trza<\/li>\n<li>Serwetki zawsze w zasi\u0119gu r\u0119ki<\/li>\n<li>Gumowe n\u00f3\u017cki zapewniaj\u0105ce stabilno\u015b\u0107<\/li>\n<\/ul>\n<\/section><\/div>\n<\/section>\n<section class=\"section\">\n<div class=\"item item-6\">\n<section class=\"image-item\"><img decoding=\"async\" src=\"https:\/\/upload.cdn.baselinker.com\/products\/6014502\/2edb5b8a4eddf378d29c8dc2f77b9556.jpg\" \/><\/section>\n<\/p><\/div>\n<div class=\"item item-6\">\n<section class=\"text-item\">\n<h2>Dyspenser do serwetek w szczeg\u00f3\u0142ach<\/h2>\n<ul>\n<li>Wymiary ca\u0142kowite: ok. 15 x 9,5 x 11 cm (wys. x szer. x d\u0142.)<\/li>\n<li>Waga ca\u0142kowita: ok. 260 g<\/li>\n<li>Na serwetki o wymiarach ok. 12 x 8 cm (wys. x szer.)<\/li>\n<li>Materia\u0142: stal<\/li>\n<li>Kolor: do wyboru<\/li>\n<\/ul>\n<ul>\n<li>1 x serwetnik w kolorze do wyboru<\/li>\n<li>Bez serwetek<\/li>\n<li>bez dekoracji<\/li>\n<\/ul>\n<h2>Sk\u0142ad Materia\u0142u<\/h2>\n<ul>\n<li>100% stal<\/li>\n<\/ul>\n<\/section><\/div>\n<\/section>\n<section class=\"section\">\n<div class=\"item item-12\">\n<section class=\"text-item\">\n<p>7<\/p>\n<\/section><\/div>\n<\/section>\n<section class=\"section\">\n<div class=\"item item-12\">\n<section class=\"text-item\">\n<p>####################<\/p>\n<\/section><\/div>\n<\/section>","protected":false},"excerpt":{"rendered":"<p>Serwetnik metalowy retro W stylu retro Prosty design Jednokolorowa powierzchnia Gumowe n\u00f3\u017cki Podajnik serwetek do domu i lokali gastronomicznych Nasz<\/p>","protected":false},"featured_media":32613,"template":"","meta":[],"product_brand":[],"product_cat":[86,409,87,130],"product_tag":[],"class_list":{"0":"post-32617","1":"product","2":"type-product","3":"status-publish","4":"has-post-thumbnail","6":"product_cat-dom-i-ogrod","7":"product_cat-serwetniki","8":"product_cat-wyposazenie","9":"product_cat-zastawa-stolowa","11":"first","12":"instock","13":"taxable","14":"shipping-taxable","15":"purchasable","16":"product-type-simple"},"yoast_head":"<!-- This site is optimized with the Yoast SEO plugin v25.7 - https:\/\/yoast.com\/wordpress\/plugins\/seo\/ -->\n<title>Serwetnik Relaxdays metal czarny 1 szt. - Rad-Pal<\/title>\n<meta name=\"robots\" content=\"index, follow, max-snippet:-1, max-image-preview:large, max-video-preview:-1\" \/>\n<link rel=\"canonical\" href=\"https:\/\/rad-pal.com.pl\/en\/sklep\/bez-kategorii\/serwetnik-relaxdays-metal-czarny-1-szt\/\" \/>\n<meta property=\"og:locale\" content=\"en_GB\" \/>\n<meta property=\"og:type\" content=\"article\" \/>\n<meta property=\"og:title\" content=\"Serwetnik Relaxdays metal czarny 1 szt. - Rad-Pal\" \/>\n<meta property=\"og:description\" content=\"Serwetnik metalowy retro W stylu retro Prosty design Jednokolorowa powierzchnia Gumowe n\u00f3\u017cki Podajnik serwetek do domu i lokali gastronomicznych Nasz\" \/>\n<meta property=\"og:url\" content=\"https:\/\/rad-pal.com.pl\/en\/sklep\/bez-kategorii\/serwetnik-relaxdays-metal-czarny-1-szt\/\" \/>\n<meta property=\"og:site_name\" content=\"Rad-Pal\" \/>\n<meta property=\"article:modified_time\" content=\"2026-02-19T15:35:17+00:00\" \/>\n<meta property=\"og:image\" content=\"https:\/\/upload.cdn.baselinker.com\/products\/6014502\/91520884095a2c08718f8392213b06fa.jpg\" \/>\n<meta name=\"twitter:card\" content=\"summary_large_image\" \/>\n<meta name=\"twitter:label1\" content=\"Estimated reading time\" \/>\n\t<meta name=\"twitter:data1\" content=\"1 minute\" \/>\n<script type=\"application\/ld+json\" class=\"yoast-schema-graph\">{\"@context\":\"https:\/\/schema.org\",\"@graph\":[{\"@type\":\"WebPage\",\"@id\":\"https:\/\/rad-pal.com.pl\/sklep\/bez-kategorii\/serwetnik-relaxdays-metal-czarny-1-szt\/\",\"url\":\"https:\/\/rad-pal.com.pl\/sklep\/bez-kategorii\/serwetnik-relaxdays-metal-czarny-1-szt\/\",\"name\":\"Serwetnik Relaxdays metal czarny 1 szt. - Rad-Pal\",\"isPartOf\":{\"@id\":\"https:\/\/rad-pal.com.pl\/#website\"},\"primaryImageOfPage\":{\"@id\":\"https:\/\/rad-pal.com.pl\/sklep\/bez-kategorii\/serwetnik-relaxdays-metal-czarny-1-szt\/#primaryimage\"},\"image\":{\"@id\":\"https:\/\/rad-pal.com.pl\/sklep\/bez-kategorii\/serwetnik-relaxdays-metal-czarny-1-szt\/#primaryimage\"},\"thumbnailUrl\":\"https:\/\/rad-pal.com.pl\/wp-content\/uploads\/2026\/02\/91520884095a2c08718f8392213b06fa.jpg\",\"datePublished\":\"2026-02-19T14:49:52+00:00\",\"dateModified\":\"2026-02-19T15:35:17+00:00\",\"breadcrumb\":{\"@id\":\"https:\/\/rad-pal.com.pl\/sklep\/bez-kategorii\/serwetnik-relaxdays-metal-czarny-1-szt\/#breadcrumb\"},\"inLanguage\":\"en-GB\",\"potentialAction\":[{\"@type\":\"ReadAction\",\"target\":[\"https:\/\/rad-pal.com.pl\/sklep\/bez-kategorii\/serwetnik-relaxdays-metal-czarny-1-szt\/\"]}]},{\"@type\":\"ImageObject\",\"inLanguage\":\"en-GB\",\"@id\":\"https:\/\/rad-pal.com.pl\/sklep\/bez-kategorii\/serwetnik-relaxdays-metal-czarny-1-szt\/#primaryimage\",\"url\":\"https:\/\/rad-pal.com.pl\/wp-content\/uploads\/2026\/02\/91520884095a2c08718f8392213b06fa.jpg\",\"contentUrl\":\"https:\/\/rad-pal.com.pl\/wp-content\/uploads\/2026\/02\/91520884095a2c08718f8392213b06fa.jpg\",\"width\":2048,\"height\":2048,\"caption\":\"feab7cb0f98ef17addef39065eb8e6c7\"},{\"@type\":\"BreadcrumbList\",\"@id\":\"https:\/\/rad-pal.com.pl\/sklep\/bez-kategorii\/serwetnik-relaxdays-metal-czarny-1-szt\/#breadcrumb\",\"itemListElement\":[{\"@type\":\"ListItem\",\"position\":1,\"name\":\"Strona g\u0142\u00f3wna\",\"item\":\"https:\/\/rad-pal.com.pl\/\"},{\"@type\":\"ListItem\",\"position\":2,\"name\":\"Sklep\",\"item\":\"https:\/\/rad-pal.com.pl\/sklep\/\"},{\"@type\":\"ListItem\",\"position\":3,\"name\":\"Serwetnik Relaxdays metal czarny 1 szt.\"}]},{\"@type\":\"WebSite\",\"@id\":\"https:\/\/rad-pal.com.pl\/#website\",\"url\":\"https:\/\/rad-pal.com.pl\/\",\"name\":\"Rad-Pal\",\"description\":\"\",\"publisher\":{\"@id\":\"https:\/\/rad-pal.com.pl\/#organization\"},\"potentialAction\":[{\"@type\":\"SearchAction\",\"target\":{\"@type\":\"EntryPoint\",\"urlTemplate\":\"https:\/\/rad-pal.com.pl\/?s={search_term_string}\"},\"query-input\":{\"@type\":\"PropertyValueSpecification\",\"valueRequired\":true,\"valueName\":\"search_term_string\"}}],\"inLanguage\":\"en-GB\"},{\"@type\":\"Organization\",\"@id\":\"https:\/\/rad-pal.com.pl\/#organization\",\"name\":\"Rad-Pal\",\"url\":\"https:\/\/rad-pal.com.pl\/\",\"logo\":{\"@type\":\"ImageObject\",\"inLanguage\":\"en-GB\",\"@id\":\"https:\/\/rad-pal.com.pl\/#\/schema\/logo\/image\/\",\"url\":\"https:\/\/rad-pal.com.pl\/wp-content\/uploads\/2026\/03\/Projekt-bez-nazwy-30.webp\",\"contentUrl\":\"https:\/\/rad-pal.com.pl\/wp-content\/uploads\/2026\/03\/Projekt-bez-nazwy-30.webp\",\"width\":600,\"height\":210,\"caption\":\"Rad-Pal\"},\"image\":{\"@id\":\"https:\/\/rad-pal.com.pl\/#\/schema\/logo\/image\/\"}}]}<\/script>\n<!-- \/ Yoast SEO plugin. -->","yoast_head_json":{"title":"Serwetnik Relaxdays metal czarny 1 szt. - Rad-Pal","robots":{"index":"index","follow":"follow","max-snippet":"max-snippet:-1","max-image-preview":"max-image-preview:large","max-video-preview":"max-video-preview:-1"},"canonical":"https:\/\/rad-pal.com.pl\/en\/sklep\/bez-kategorii\/serwetnik-relaxdays-metal-czarny-1-szt\/","og_locale":"en_GB","og_type":"article","og_title":"Serwetnik Relaxdays metal czarny 1 szt. - Rad-Pal","og_description":"Serwetnik metalowy retro W stylu retro Prosty design Jednokolorowa powierzchnia Gumowe n\u00f3\u017cki Podajnik serwetek do domu i lokali gastronomicznych Nasz","og_url":"https:\/\/rad-pal.com.pl\/en\/sklep\/bez-kategorii\/serwetnik-relaxdays-metal-czarny-1-szt\/","og_site_name":"Rad-Pal","article_modified_time":"2026-02-19T15:35:17+00:00","og_image":[{"url":"https:\/\/upload.cdn.baselinker.com\/products\/6014502\/91520884095a2c08718f8392213b06fa.jpg","type":"","width":"","height":""}],"twitter_card":"summary_large_image","twitter_misc":{"Estimated reading time":"1 minute"},"schema":{"@context":"https:\/\/schema.org","@graph":[{"@type":"WebPage","@id":"https:\/\/rad-pal.com.pl\/sklep\/bez-kategorii\/serwetnik-relaxdays-metal-czarny-1-szt\/","url":"https:\/\/rad-pal.com.pl\/sklep\/bez-kategorii\/serwetnik-relaxdays-metal-czarny-1-szt\/","name":"Serwetnik Relaxdays metal czarny 1 szt. - Rad-Pal","isPartOf":{"@id":"https:\/\/rad-pal.com.pl\/#website"},"primaryImageOfPage":{"@id":"https:\/\/rad-pal.com.pl\/sklep\/bez-kategorii\/serwetnik-relaxdays-metal-czarny-1-szt\/#primaryimage"},"image":{"@id":"https:\/\/rad-pal.com.pl\/sklep\/bez-kategorii\/serwetnik-relaxdays-metal-czarny-1-szt\/#primaryimage"},"thumbnailUrl":"https:\/\/rad-pal.com.pl\/wp-content\/uploads\/2026\/02\/91520884095a2c08718f8392213b06fa.jpg","datePublished":"2026-02-19T14:49:52+00:00","dateModified":"2026-02-19T15:35:17+00:00","breadcrumb":{"@id":"https:\/\/rad-pal.com.pl\/sklep\/bez-kategorii\/serwetnik-relaxdays-metal-czarny-1-szt\/#breadcrumb"},"inLanguage":"en-GB","potentialAction":[{"@type":"ReadAction","target":["https:\/\/rad-pal.com.pl\/sklep\/bez-kategorii\/serwetnik-relaxdays-metal-czarny-1-szt\/"]}]},{"@type":"ImageObject","inLanguage":"en-GB","@id":"https:\/\/rad-pal.com.pl\/sklep\/bez-kategorii\/serwetnik-relaxdays-metal-czarny-1-szt\/#primaryimage","url":"https:\/\/rad-pal.com.pl\/wp-content\/uploads\/2026\/02\/91520884095a2c08718f8392213b06fa.jpg","contentUrl":"https:\/\/rad-pal.com.pl\/wp-content\/uploads\/2026\/02\/91520884095a2c08718f8392213b06fa.jpg","width":2048,"height":2048,"caption":"feab7cb0f98ef17addef39065eb8e6c7"},{"@type":"BreadcrumbList","@id":"https:\/\/rad-pal.com.pl\/sklep\/bez-kategorii\/serwetnik-relaxdays-metal-czarny-1-szt\/#breadcrumb","itemListElement":[{"@type":"ListItem","position":1,"name":"Strona g\u0142\u00f3wna","item":"https:\/\/rad-pal.com.pl\/"},{"@type":"ListItem","position":2,"name":"Sklep","item":"https:\/\/rad-pal.com.pl\/sklep\/"},{"@type":"ListItem","position":3,"name":"Serwetnik Relaxdays metal czarny 1 szt."}]},{"@type":"WebSite","@id":"https:\/\/rad-pal.com.pl\/#website","url":"https:\/\/rad-pal.com.pl\/","name":"Rad-Pal","description":"","publisher":{"@id":"https:\/\/rad-pal.com.pl\/#organization"},"potentialAction":[{"@type":"SearchAction","target":{"@type":"EntryPoint","urlTemplate":"https:\/\/rad-pal.com.pl\/?s={search_term_string}"},"query-input":{"@type":"PropertyValueSpecification","valueRequired":true,"valueName":"search_term_string"}}],"inLanguage":"en-GB"},{"@type":"Organization","@id":"https:\/\/rad-pal.com.pl\/#organization","name":"Rad-Pal","url":"https:\/\/rad-pal.com.pl\/","logo":{"@type":"ImageObject","inLanguage":"en-GB","@id":"https:\/\/rad-pal.com.pl\/#\/schema\/logo\/image\/","url":"https:\/\/rad-pal.com.pl\/wp-content\/uploads\/2026\/03\/Projekt-bez-nazwy-30.webp","contentUrl":"https:\/\/rad-pal.com.pl\/wp-content\/uploads\/2026\/03\/Projekt-bez-nazwy-30.webp","width":600,"height":210,"caption":"Rad-Pal"},"image":{"@id":"https:\/\/rad-pal.com.pl\/#\/schema\/logo\/image\/"}}]}},"_links":{"self":[{"href":"https:\/\/rad-pal.com.pl\/en\/wp-json\/wp\/v2\/product\/32617","targetHints":{"allow":["GET"]}}],"collection":[{"href":"https:\/\/rad-pal.com.pl\/en\/wp-json\/wp\/v2\/product"}],"about":[{"href":"https:\/\/rad-pal.com.pl\/en\/wp-json\/wp\/v2\/types\/product"}],"version-history":[{"count":0,"href":"https:\/\/rad-pal.com.pl\/en\/wp-json\/wp\/v2\/product\/32617\/revisions"}],"wp:featuredmedia":[{"embeddable":true,"href":"https:\/\/rad-pal.com.pl\/en\/wp-json\/wp\/v2\/media\/32613"}],"wp:attachment":[{"href":"https:\/\/rad-pal.com.pl\/en\/wp-json\/wp\/v2\/media?parent=32617"}],"wp:term":[{"taxonomy":"product_brand","embeddable":true,"href":"https:\/\/rad-pal.com.pl\/en\/wp-json\/wp\/v2\/product_brand?post=32617"},{"taxonomy":"product_cat","embeddable":true,"href":"https:\/\/rad-pal.com.pl\/en\/wp-json\/wp\/v2\/product_cat?post=32617"},{"taxonomy":"product_tag","embeddable":true,"href":"https:\/\/rad-pal.com.pl\/en\/wp-json\/wp\/v2\/product_tag?post=32617"}],"curies":[{"name":"wp","href":"https:\/\/api.w.org\/{rel}","templated":true}]}}