{"id":32828,"date":"2026-02-19T15:57:52","date_gmt":"2026-02-19T14:57:52","guid":{"rendered":"https:\/\/rad-pal.com.pl\/sklep\/bez-kategorii\/podporka-stojak-do-truskawek-8szt\/"},"modified":"2026-02-19T16:36:50","modified_gmt":"2026-02-19T15:36:50","slug":"podporka-stojak-do-truskawek-8szt","status":"publish","type":"product","link":"https:\/\/rad-pal.com.pl\/en\/sklep\/dom-i-ogrod\/ogrod\/rosliny\/akcesoria-rosliny\/podporki\/podporka-stojak-do-truskawek-8szt\/","title":{"rendered":"Podp\u00f3rka, stojak do truskawek 8szt"},"content":{"rendered":"<section class=\"section\">\n<div class=\"item item-12\">\n<section class=\"text-item\">\n<h1>\u2733\ufe0fKrata do truskawek zapewnia lepszy wzrost owoc\u00f3w<\/h1>\n<\/section><\/div>\n<\/section>\n<section class=\"section\">\n<div class=\"item item-6\">\n<section class=\"image-item\"><img decoding=\"async\" src=\"https:\/\/upload.cdn.baselinker.com\/products\/6014502\/b1f2e02d394a8a7c3a9344c56df63ebc.jpg\" \/><\/section>\n<\/p><\/div>\n<div class=\"item item-6\">\n<section class=\"text-item\">\n<p>Odkryj sekret obfitych zbior\u00f3w truskawek! Nasze ramy wspieraj\u0105 proces dojrzewania, zapewniaj\u0105c idealne warunki uprawy. Uchwyty umieszczane wok\u00f3\u0142 ro\u015blin podnosz\u0105 owoce nad ziemi\u0119, poprawiaj\u0105c cyrkulacj\u0119 powietrza i ograniczaj\u0105c uszkodzenia przez choroby i szkodniki. Dzi\u0119ki wspornikom do truskawek Twoje owoce mog\u0105 rosn\u0105\u0107 zdrowo i smakowa\u0107 wy\u015bmienicie. Gotowy na kolejny sezon pe\u0142en smaku i aromatu?<\/p>\n<\/section><\/div>\n<\/section>\n<section class=\"section\">\n<div class=\"item item-6\">\n<section class=\"image-item\"><img decoding=\"async\" src=\"https:\/\/upload.cdn.baselinker.com\/products\/6014502\/d3226577c08bbdf6661ae2e2c8549500.jpg\" \/><\/section>\n<\/p><\/div>\n<div class=\"item item-6\">\n<section class=\"text-item\">\n<h1>\u2733\ufe0fPodpory do ochrony sadzonek truskawek<\/h1>\n<\/section><\/div>\n<\/section>\n<section class=\"section\">\n<div class=\"item item-12\">\n<section class=\"text-item\">\n<p>\u27a1\ufe0fdla lepszego wzrostu owoc\u00f3w i wi\u0119kszych plon\u00f3w<\/p>\n<p>\u27a1\ufe0fzapewniaj\u0105 odpowiedni\u0105 odleg\u0142o\u015b\u0107 od ziemi i lepsz\u0105 cyrkulacj\u0119 powietrza<\/p>\n<p>\u27a1\ufe0fograniczenie brudu, ple\u015bni i gnicia owoc\u00f3w<\/p>\n<p>\u27a1\ufe0fstojaki na truskawki s\u0142u\u017c\u0105 r\u00f3wnie\u017c jako praktyczna ochrona przed \u015blimakami<\/p>\n<p>\u27a1\ufe0fwystarczy umie\u015bci\u0107 poszczeg\u00f3lne cz\u0119\u015bci wok\u00f3\u0142 ro\u015bliny i sklei\u0107 je ze sob\u0105<\/p>\n<p>\u27a1\ufe0fwykonane z wytrzyma\u0142ego i trwa\u0142ego tworzywa sztucznego<\/p>\n<\/section><\/div>\n<\/section>\n<section class=\"section\">\n<div class=\"item item-12\">\n<section class=\"text-item\">\n<p>10<\/p>\n<\/section><\/div>\n<\/section>","protected":false},"excerpt":{"rendered":"<p>\u2733\ufe0fKrata do truskawek zapewnia lepszy wzrost owoc\u00f3w Odkryj sekret obfitych zbior\u00f3w truskawek! Nasze ramy wspieraj\u0105 proces dojrzewania, zapewniaj\u0105c idealne warunki<\/p>","protected":false},"featured_media":32821,"template":"","meta":[],"product_brand":[],"product_cat":[261,86,111,262,260],"product_tag":[],"class_list":{"0":"post-32828","1":"product","2":"type-product","3":"status-publish","4":"has-post-thumbnail","6":"product_cat-akcesoria-rosliny","7":"product_cat-dom-i-ogrod","8":"product_cat-ogrod","9":"product_cat-podporki","10":"product_cat-rosliny","12":"first","13":"instock","14":"taxable","15":"shipping-taxable","16":"purchasable","17":"product-type-simple"},"yoast_head":"<!-- This site is optimized with the Yoast SEO plugin v25.7 - https:\/\/yoast.com\/wordpress\/plugins\/seo\/ -->\n<title>Podp\u00f3rka, stojak do truskawek 8szt - Rad-Pal<\/title>\n<meta name=\"robots\" content=\"index, follow, max-snippet:-1, max-image-preview:large, max-video-preview:-1\" \/>\n<link rel=\"canonical\" href=\"https:\/\/rad-pal.com.pl\/en\/sklep\/bez-kategorii\/podporka-stojak-do-truskawek-8szt\/\" \/>\n<meta property=\"og:locale\" content=\"en_GB\" \/>\n<meta property=\"og:type\" content=\"article\" \/>\n<meta property=\"og:title\" content=\"Podp\u00f3rka, stojak do truskawek 8szt - Rad-Pal\" \/>\n<meta property=\"og:description\" content=\"\u2733\ufe0fKrata do truskawek zapewnia lepszy wzrost owoc\u00f3w Odkryj sekret obfitych zbior\u00f3w truskawek! Nasze ramy wspieraj\u0105 proces dojrzewania, zapewniaj\u0105c idealne warunki\" \/>\n<meta property=\"og:url\" content=\"https:\/\/rad-pal.com.pl\/en\/sklep\/bez-kategorii\/podporka-stojak-do-truskawek-8szt\/\" \/>\n<meta property=\"og:site_name\" content=\"Rad-Pal\" \/>\n<meta property=\"article:modified_time\" content=\"2026-02-19T15:36:50+00:00\" \/>\n<meta property=\"og:image\" content=\"https:\/\/upload.cdn.baselinker.com\/products\/6014502\/b1f2e02d394a8a7c3a9344c56df63ebc.jpg\" \/>\n<meta name=\"twitter:card\" content=\"summary_large_image\" \/>\n<meta name=\"twitter:label1\" content=\"Estimated reading time\" \/>\n\t<meta name=\"twitter:data1\" content=\"1 minute\" \/>\n<script type=\"application\/ld+json\" class=\"yoast-schema-graph\">{\"@context\":\"https:\/\/schema.org\",\"@graph\":[{\"@type\":\"WebPage\",\"@id\":\"https:\/\/rad-pal.com.pl\/sklep\/bez-kategorii\/podporka-stojak-do-truskawek-8szt\/\",\"url\":\"https:\/\/rad-pal.com.pl\/sklep\/bez-kategorii\/podporka-stojak-do-truskawek-8szt\/\",\"name\":\"Podp\u00f3rka, stojak do truskawek 8szt - Rad-Pal\",\"isPartOf\":{\"@id\":\"https:\/\/rad-pal.com.pl\/#website\"},\"primaryImageOfPage\":{\"@id\":\"https:\/\/rad-pal.com.pl\/sklep\/bez-kategorii\/podporka-stojak-do-truskawek-8szt\/#primaryimage\"},\"image\":{\"@id\":\"https:\/\/rad-pal.com.pl\/sklep\/bez-kategorii\/podporka-stojak-do-truskawek-8szt\/#primaryimage\"},\"thumbnailUrl\":\"https:\/\/rad-pal.com.pl\/wp-content\/uploads\/2026\/02\/b1f2e02d394a8a7c3a9344c56df63ebc.jpg\",\"datePublished\":\"2026-02-19T14:57:52+00:00\",\"dateModified\":\"2026-02-19T15:36:50+00:00\",\"breadcrumb\":{\"@id\":\"https:\/\/rad-pal.com.pl\/sklep\/bez-kategorii\/podporka-stojak-do-truskawek-8szt\/#breadcrumb\"},\"inLanguage\":\"en-GB\",\"potentialAction\":[{\"@type\":\"ReadAction\",\"target\":[\"https:\/\/rad-pal.com.pl\/sklep\/bez-kategorii\/podporka-stojak-do-truskawek-8szt\/\"]}]},{\"@type\":\"ImageObject\",\"inLanguage\":\"en-GB\",\"@id\":\"https:\/\/rad-pal.com.pl\/sklep\/bez-kategorii\/podporka-stojak-do-truskawek-8szt\/#primaryimage\",\"url\":\"https:\/\/rad-pal.com.pl\/wp-content\/uploads\/2026\/02\/b1f2e02d394a8a7c3a9344c56df63ebc.jpg\",\"contentUrl\":\"https:\/\/rad-pal.com.pl\/wp-content\/uploads\/2026\/02\/b1f2e02d394a8a7c3a9344c56df63ebc.jpg\",\"width\":681,\"height\":681,\"caption\":\"642054961850e30e92d27c3f7b832e1b\"},{\"@type\":\"BreadcrumbList\",\"@id\":\"https:\/\/rad-pal.com.pl\/sklep\/bez-kategorii\/podporka-stojak-do-truskawek-8szt\/#breadcrumb\",\"itemListElement\":[{\"@type\":\"ListItem\",\"position\":1,\"name\":\"Strona g\u0142\u00f3wna\",\"item\":\"https:\/\/rad-pal.com.pl\/\"},{\"@type\":\"ListItem\",\"position\":2,\"name\":\"Sklep\",\"item\":\"https:\/\/rad-pal.com.pl\/sklep\/\"},{\"@type\":\"ListItem\",\"position\":3,\"name\":\"Podp\u00f3rka, stojak do truskawek 8szt\"}]},{\"@type\":\"WebSite\",\"@id\":\"https:\/\/rad-pal.com.pl\/#website\",\"url\":\"https:\/\/rad-pal.com.pl\/\",\"name\":\"Rad-Pal\",\"description\":\"\",\"publisher\":{\"@id\":\"https:\/\/rad-pal.com.pl\/#organization\"},\"potentialAction\":[{\"@type\":\"SearchAction\",\"target\":{\"@type\":\"EntryPoint\",\"urlTemplate\":\"https:\/\/rad-pal.com.pl\/?s={search_term_string}\"},\"query-input\":{\"@type\":\"PropertyValueSpecification\",\"valueRequired\":true,\"valueName\":\"search_term_string\"}}],\"inLanguage\":\"en-GB\"},{\"@type\":\"Organization\",\"@id\":\"https:\/\/rad-pal.com.pl\/#organization\",\"name\":\"Rad-Pal\",\"url\":\"https:\/\/rad-pal.com.pl\/\",\"logo\":{\"@type\":\"ImageObject\",\"inLanguage\":\"en-GB\",\"@id\":\"https:\/\/rad-pal.com.pl\/#\/schema\/logo\/image\/\",\"url\":\"https:\/\/rad-pal.com.pl\/wp-content\/uploads\/2026\/03\/Projekt-bez-nazwy-30.webp\",\"contentUrl\":\"https:\/\/rad-pal.com.pl\/wp-content\/uploads\/2026\/03\/Projekt-bez-nazwy-30.webp\",\"width\":600,\"height\":210,\"caption\":\"Rad-Pal\"},\"image\":{\"@id\":\"https:\/\/rad-pal.com.pl\/#\/schema\/logo\/image\/\"}}]}<\/script>\n<!-- \/ Yoast SEO plugin. -->","yoast_head_json":{"title":"Podp\u00f3rka, stojak do truskawek 8szt - Rad-Pal","robots":{"index":"index","follow":"follow","max-snippet":"max-snippet:-1","max-image-preview":"max-image-preview:large","max-video-preview":"max-video-preview:-1"},"canonical":"https:\/\/rad-pal.com.pl\/en\/sklep\/bez-kategorii\/podporka-stojak-do-truskawek-8szt\/","og_locale":"en_GB","og_type":"article","og_title":"Podp\u00f3rka, stojak do truskawek 8szt - Rad-Pal","og_description":"\u2733\ufe0fKrata do truskawek zapewnia lepszy wzrost owoc\u00f3w Odkryj sekret obfitych zbior\u00f3w truskawek! Nasze ramy wspieraj\u0105 proces dojrzewania, zapewniaj\u0105c idealne warunki","og_url":"https:\/\/rad-pal.com.pl\/en\/sklep\/bez-kategorii\/podporka-stojak-do-truskawek-8szt\/","og_site_name":"Rad-Pal","article_modified_time":"2026-02-19T15:36:50+00:00","og_image":[{"url":"https:\/\/upload.cdn.baselinker.com\/products\/6014502\/b1f2e02d394a8a7c3a9344c56df63ebc.jpg","type":"","width":"","height":""}],"twitter_card":"summary_large_image","twitter_misc":{"Estimated reading time":"1 minute"},"schema":{"@context":"https:\/\/schema.org","@graph":[{"@type":"WebPage","@id":"https:\/\/rad-pal.com.pl\/sklep\/bez-kategorii\/podporka-stojak-do-truskawek-8szt\/","url":"https:\/\/rad-pal.com.pl\/sklep\/bez-kategorii\/podporka-stojak-do-truskawek-8szt\/","name":"Podp\u00f3rka, stojak do truskawek 8szt - Rad-Pal","isPartOf":{"@id":"https:\/\/rad-pal.com.pl\/#website"},"primaryImageOfPage":{"@id":"https:\/\/rad-pal.com.pl\/sklep\/bez-kategorii\/podporka-stojak-do-truskawek-8szt\/#primaryimage"},"image":{"@id":"https:\/\/rad-pal.com.pl\/sklep\/bez-kategorii\/podporka-stojak-do-truskawek-8szt\/#primaryimage"},"thumbnailUrl":"https:\/\/rad-pal.com.pl\/wp-content\/uploads\/2026\/02\/b1f2e02d394a8a7c3a9344c56df63ebc.jpg","datePublished":"2026-02-19T14:57:52+00:00","dateModified":"2026-02-19T15:36:50+00:00","breadcrumb":{"@id":"https:\/\/rad-pal.com.pl\/sklep\/bez-kategorii\/podporka-stojak-do-truskawek-8szt\/#breadcrumb"},"inLanguage":"en-GB","potentialAction":[{"@type":"ReadAction","target":["https:\/\/rad-pal.com.pl\/sklep\/bez-kategorii\/podporka-stojak-do-truskawek-8szt\/"]}]},{"@type":"ImageObject","inLanguage":"en-GB","@id":"https:\/\/rad-pal.com.pl\/sklep\/bez-kategorii\/podporka-stojak-do-truskawek-8szt\/#primaryimage","url":"https:\/\/rad-pal.com.pl\/wp-content\/uploads\/2026\/02\/b1f2e02d394a8a7c3a9344c56df63ebc.jpg","contentUrl":"https:\/\/rad-pal.com.pl\/wp-content\/uploads\/2026\/02\/b1f2e02d394a8a7c3a9344c56df63ebc.jpg","width":681,"height":681,"caption":"642054961850e30e92d27c3f7b832e1b"},{"@type":"BreadcrumbList","@id":"https:\/\/rad-pal.com.pl\/sklep\/bez-kategorii\/podporka-stojak-do-truskawek-8szt\/#breadcrumb","itemListElement":[{"@type":"ListItem","position":1,"name":"Strona g\u0142\u00f3wna","item":"https:\/\/rad-pal.com.pl\/"},{"@type":"ListItem","position":2,"name":"Sklep","item":"https:\/\/rad-pal.com.pl\/sklep\/"},{"@type":"ListItem","position":3,"name":"Podp\u00f3rka, stojak do truskawek 8szt"}]},{"@type":"WebSite","@id":"https:\/\/rad-pal.com.pl\/#website","url":"https:\/\/rad-pal.com.pl\/","name":"Rad-Pal","description":"","publisher":{"@id":"https:\/\/rad-pal.com.pl\/#organization"},"potentialAction":[{"@type":"SearchAction","target":{"@type":"EntryPoint","urlTemplate":"https:\/\/rad-pal.com.pl\/?s={search_term_string}"},"query-input":{"@type":"PropertyValueSpecification","valueRequired":true,"valueName":"search_term_string"}}],"inLanguage":"en-GB"},{"@type":"Organization","@id":"https:\/\/rad-pal.com.pl\/#organization","name":"Rad-Pal","url":"https:\/\/rad-pal.com.pl\/","logo":{"@type":"ImageObject","inLanguage":"en-GB","@id":"https:\/\/rad-pal.com.pl\/#\/schema\/logo\/image\/","url":"https:\/\/rad-pal.com.pl\/wp-content\/uploads\/2026\/03\/Projekt-bez-nazwy-30.webp","contentUrl":"https:\/\/rad-pal.com.pl\/wp-content\/uploads\/2026\/03\/Projekt-bez-nazwy-30.webp","width":600,"height":210,"caption":"Rad-Pal"},"image":{"@id":"https:\/\/rad-pal.com.pl\/#\/schema\/logo\/image\/"}}]}},"_links":{"self":[{"href":"https:\/\/rad-pal.com.pl\/en\/wp-json\/wp\/v2\/product\/32828","targetHints":{"allow":["GET"]}}],"collection":[{"href":"https:\/\/rad-pal.com.pl\/en\/wp-json\/wp\/v2\/product"}],"about":[{"href":"https:\/\/rad-pal.com.pl\/en\/wp-json\/wp\/v2\/types\/product"}],"version-history":[{"count":0,"href":"https:\/\/rad-pal.com.pl\/en\/wp-json\/wp\/v2\/product\/32828\/revisions"}],"wp:featuredmedia":[{"embeddable":true,"href":"https:\/\/rad-pal.com.pl\/en\/wp-json\/wp\/v2\/media\/32821"}],"wp:attachment":[{"href":"https:\/\/rad-pal.com.pl\/en\/wp-json\/wp\/v2\/media?parent=32828"}],"wp:term":[{"taxonomy":"product_brand","embeddable":true,"href":"https:\/\/rad-pal.com.pl\/en\/wp-json\/wp\/v2\/product_brand?post=32828"},{"taxonomy":"product_cat","embeddable":true,"href":"https:\/\/rad-pal.com.pl\/en\/wp-json\/wp\/v2\/product_cat?post=32828"},{"taxonomy":"product_tag","embeddable":true,"href":"https:\/\/rad-pal.com.pl\/en\/wp-json\/wp\/v2\/product_tag?post=32828"}],"curies":[{"name":"wp","href":"https:\/\/api.w.org\/{rel}","templated":true}]}}