{"id":32960,"date":"2026-02-19T16:05:34","date_gmt":"2026-02-19T15:05:34","guid":{"rendered":"https:\/\/rad-pal.com.pl\/sklep\/bez-kategorii\/zestaw-dwoch-misek-metalowa-springos-zielony-035-l\/"},"modified":"2026-02-19T16:05:34","modified_gmt":"2026-02-19T15:05:34","slug":"zestaw-dwoch-misek-metalowa-springos-zielony-035-l","status":"publish","type":"product","link":"https:\/\/rad-pal.com.pl\/en\/sklep\/supermarket\/artykuly-dla-zwierzat\/dla-psow\/miski\/zestaw-dwoch-misek-metalowa-springos-zielony-035-l\/","title":{"rendered":"Zestaw dw\u00f3ch misek metalowa Springos zielony 0,35 l"},"content":{"rendered":"<section class=\"section\">\n<div class=\"item item-12\">\n<section class=\"text-item\">\n<h1>\u2733\ufe0fAKCESORIA DLA ZWIERZ\u0104T<\/h1>\n<\/section><\/div>\n<\/section>\n<section class=\"section\">\n<div class=\"item item-6\">\n<section class=\"image-item\"><img decoding=\"async\" src=\"https:\/\/upload.cdn.baselinker.com\/products\/6014502\/8ead29acc8a7845fd71abc3a0c88392d.jpg\" \/><\/section>\n<\/p><\/div>\n<div class=\"item item-6\">\n<section class=\"text-item\">\n<h2>\ufffdPODW\u00d3JNA MISKA DLA PS LUB KOTA Z PODSTAWK\u0104<\/h2>\n<ul>\n<li>\u27a1\ufe0fMarka: Springos<\/li>\n<li>\u27a1\ufe0fKolor podstawy: odcie\u0144 zieleni<\/li>\n<li>\u27a1\ufe0fMateria\u0142 podstawy: PP<\/li>\n<li>\u27a1\ufe0fMateria\u0142 misek: stal nierdzewna<\/li>\n<li>\u27a1\ufe0fIlo\u015b\u0107 misek: 2<\/li>\n<\/ul>\n<p><b>Kod produktu:<\/b> PA0218<\/p>\n<\/section><\/div>\n<\/section>\n<section class=\"section\">\n<div class=\"item item-6\">\n<section class=\"text-item\">\n<h2>TWOJ ZWIERZAK B\u0118DZIE ZADOWOLONY!<\/h2>\n<p>Zadbaj o swojego pupila z mark\u0105<b> Springos. Miski<\/b> to przedmiot, kt\u00f3ry musi posiada\u0107<b> ka\u017cdy zwierzak<\/b>.<\/p>\n<\/section><\/div>\n<div class=\"item item-6\">\n<section class=\"image-item\"><img decoding=\"async\" src=\"https:\/\/upload.cdn.baselinker.com\/products\/6014502\/35f2be02ed9558f1f874bdfa46cbb3d9.jpg\" \/><\/section>\n<\/p><\/div>\n<\/section>\n<section class=\"section\">\n<div class=\"item item-6\">\n<section class=\"image-item\"><img decoding=\"async\" src=\"https:\/\/upload.cdn.baselinker.com\/products\/6014502\/52356a5687b1becca1df633b1eedb121.jpg\" \/><\/section>\n<\/p><\/div>\n<div class=\"item item-6\">\n<section class=\"text-item\">\n<h2>SOLIDNE, BEZPIECZNE<\/h2>\n<p><b>Miski <\/b>wykonano <b>ze stali nierdzewnej<\/b>, kt\u00f3ra jest nietoksyczna i charakteryzuje si\u0119 du\u017c\u0105 wytrzyma\u0142o\u015bci\u0105 na uszkodzenia. Miski wykonane z niej, bardzo <b>\u0142atwo utrzyma\u0107 w czysto\u015bci.<\/b> Mog\u0105 z powodzeniem s\u0142u\u017cy\u0107<b> do suchej i mokrej karmy, czy wody<\/b>. Mo\u017cesz je \u0142atwo wyci\u0105ga\u0107, bez potrzeby podnoszenia ca\u0142o\u015bci, jak przy dwukomorowych miskach. Stal nierdzewna<b> wygl\u0105da bardzo estetycznie<\/b> i pasuje do ka\u017cdego wn\u0119trza, podstawa w delikatnym kolorze dodaje ca\u0142o\u015bci uroku.<\/p>\n<\/section><\/div>\n<\/section>\n<section class=\"section\">\n<div class=\"item item-6\">\n<section class=\"text-item\">\n<h2>STABILNA<\/h2>\n<p>Zwierz\u0119 w\u0119druj\u0105ce za misk\u0105, w trakcie jedzenia, to widok, kt\u00f3ry zna ka\u017cdy. P<b>odstawa<\/b> <b>miski <\/b>sprawi, \u017ce pozostanie na swoim miejscu, a Tw\u00f3j zwierzak zje w spokoju. Ponadto <b>uchroni od niechcianych zarysowa\u0144 pod\u0142ogi i mebli <\/b>w pobli\u017cu.<\/p>\n<\/section><\/div>\n<div class=\"item item-6\">\n<section class=\"image-item\"><img decoding=\"async\" src=\"https:\/\/upload.cdn.baselinker.com\/products\/6014502\/a86b2e2547bf8d64838d6cdf27f28d3f.jpg\" \/><\/section>\n<\/p><\/div>\n<\/section>\n<section class=\"section\">\n<div class=\"item item-6\">\n<section class=\"image-item\"><img decoding=\"async\" src=\"https:\/\/upload.cdn.baselinker.com\/products\/6014502\/937e38ab64c7ba3b5a3d11466c512415.jpg\" \/><\/section>\n<\/p><\/div>\n<div class=\"item item-6\">\n<section class=\"text-item\">\n<h2>FUNKCJONALNA<\/h2>\n<p>Lekka, pochy\u0142a i<b> wyprofilowana podstawa<\/b>, nie tylko u\u0142atwi jedzenie. Ma te\u017c niezwykle przydatna funkcjonalno\u015b\u0107 &#8211; <b>rynienk\u0119 na krople wody i rozsypana karm\u0119.<\/b> Idealne rozwi\u0105zanie, je\u015bli cenisz porz\u0105dek i schludno\u015b\u0107, a jednocze\u015bnie kochasz swojego pupila.<\/p>\n<\/section><\/div>\n<\/section>\n<section class=\"section\">\n<div class=\"item item-6\">\n<section class=\"text-item\">\n<h2>ZALETY:<\/h2>\n<ul>\n<li>podw\u00f3jna &#8211; <b>na karm\u0119 i wod\u0119<\/b><\/li>\n<li>elementy nie s\u0105 po\u0142\u0105czone<\/li>\n<li>idealne dla ma\u0142ych zwierz\u0105t<\/li>\n<li>nietoksyczne<\/li>\n<li>wytrzyma\u0142e<\/li>\n<li>pomagaj\u0105 zachowa\u0107 czysto\u015b\u0107 wok\u00f3\u0142<\/li>\n<\/ul>\n<\/section><\/div>\n<div class=\"item item-6\">\n<section class=\"image-item\"><img decoding=\"async\" src=\"https:\/\/upload.cdn.baselinker.com\/products\/6014502\/a4a98f1f6ced9c1ca08cc8004a5f31ad.jpg\" \/><\/section>\n<\/p><\/div>\n<\/section>\n<section class=\"section\">\n<div class=\"item item-12\">\n<section class=\"text-item\">\n<h2>PARAMETRY:<\/h2>\n<ul>\n<li>Marka: Springos<\/li>\n<li>Kolor podstawy: odcie\u0144 zieleni<\/li>\n<li>Materia\u0142 podstawy: PP<\/li>\n<li>Materia\u0142 misek: stal nierdzewna<\/li>\n<li>Ilo\u015b\u0107 misek: 2<\/li>\n<li>\u015arednica miski na g\u00f3rze: 10.5 cm<\/li>\n<li>\u015arednica podstawy misek: ok. 7 cm<\/li>\n<li>Szeroko\u015b\u0107 podstawy: 29 cm<\/li>\n<li>G\u0142\u0119boko\u015b\u0107 podstawy: 19.5 cm<\/li>\n<li>Wysoko\u015b\u0107 maksymalna: 5.5 cm<\/li>\n<li>&#8222;Rynna&#8221; na dole, na resztki karmy i wody<\/li>\n<\/ul>\n<\/section><\/div>\n<\/section>\n<section class=\"section\">\n<div class=\"item item-6\">\n<section class=\"image-item\"><img decoding=\"async\" src=\"https:\/\/upload.cdn.baselinker.com\/products\/6014502\/a2fe45d35c1736ad8f5d7aa23a80bb77.jpg\" \/><\/section>\n<\/p><\/div>\n<div class=\"item item-6\">\n<section class=\"image-item\"><img decoding=\"async\" src=\"https:\/\/upload.cdn.baselinker.com\/products\/6014502\/c62b25455042ddc81bcca44dfc9b9d0e.jpg\" \/><\/section>\n<\/p><\/div>\n<\/section>\n<section class=\"section\">\n<div class=\"item item-12\">\n<section class=\"text-item\">\n<p>3<\/p>\n<\/section><\/div>\n<\/section>","protected":false},"excerpt":{"rendered":"<p>\u2733\ufe0fAKCESORIA DLA ZWIERZ\u0104T \ufffdPODW\u00d3JNA MISKA DLA PS LUB KOTA Z PODSTAWK\u0104 \u27a1\ufe0fMarka: Springos \u27a1\ufe0fKolor podstawy: odcie\u0144 zieleni \u27a1\ufe0fMateria\u0142 podstawy: PP<\/p>","protected":false},"featured_media":32937,"template":"","meta":[],"product_brand":[],"product_cat":[98,309,423,97],"product_tag":[],"class_list":{"0":"post-32960","1":"product","2":"type-product","3":"status-publish","4":"has-post-thumbnail","6":"product_cat-artykuly-dla-zwierzat","7":"product_cat-dla-psow","8":"product_cat-miski","9":"product_cat-supermarket","11":"first","12":"instock","13":"taxable","14":"shipping-taxable","15":"purchasable","16":"product-type-simple"},"yoast_head":"<!-- This site is optimized with the Yoast SEO plugin v25.7 - https:\/\/yoast.com\/wordpress\/plugins\/seo\/ -->\n<title>Zestaw dw\u00f3ch misek metalowa Springos zielony 0,35 l - Rad-Pal<\/title>\n<meta name=\"robots\" content=\"index, follow, max-snippet:-1, max-image-preview:large, max-video-preview:-1\" \/>\n<link rel=\"canonical\" href=\"https:\/\/rad-pal.com.pl\/en\/sklep\/bez-kategorii\/zestaw-dwoch-misek-metalowa-springos-zielony-035-l\/\" \/>\n<meta property=\"og:locale\" content=\"en_GB\" \/>\n<meta property=\"og:type\" content=\"article\" \/>\n<meta property=\"og:title\" content=\"Zestaw dw\u00f3ch misek metalowa Springos zielony 0,35 l - Rad-Pal\" \/>\n<meta property=\"og:description\" content=\"\u2733\ufe0fAKCESORIA DLA ZWIERZ\u0104T \ufffdPODW\u00d3JNA MISKA DLA PS LUB KOTA Z PODSTAWK\u0104 \u27a1\ufe0fMarka: Springos \u27a1\ufe0fKolor podstawy: odcie\u0144 zieleni \u27a1\ufe0fMateria\u0142 podstawy: PP\" \/>\n<meta property=\"og:url\" content=\"https:\/\/rad-pal.com.pl\/en\/sklep\/bez-kategorii\/zestaw-dwoch-misek-metalowa-springos-zielony-035-l\/\" \/>\n<meta property=\"og:site_name\" content=\"Rad-Pal\" \/>\n<meta property=\"og:image\" content=\"https:\/\/upload.cdn.baselinker.com\/products\/6014502\/8ead29acc8a7845fd71abc3a0c88392d.jpg\" \/>\n<meta name=\"twitter:card\" content=\"summary_large_image\" \/>\n<meta name=\"twitter:label1\" content=\"Estimated reading time\" \/>\n\t<meta name=\"twitter:data1\" content=\"1 minute\" \/>\n<script type=\"application\/ld+json\" class=\"yoast-schema-graph\">{\"@context\":\"https:\/\/schema.org\",\"@graph\":[{\"@type\":\"WebPage\",\"@id\":\"https:\/\/rad-pal.com.pl\/sklep\/bez-kategorii\/zestaw-dwoch-misek-metalowa-springos-zielony-035-l\/\",\"url\":\"https:\/\/rad-pal.com.pl\/sklep\/bez-kategorii\/zestaw-dwoch-misek-metalowa-springos-zielony-035-l\/\",\"name\":\"Zestaw dw\u00f3ch misek metalowa Springos zielony 0,35 l - Rad-Pal\",\"isPartOf\":{\"@id\":\"https:\/\/rad-pal.com.pl\/#website\"},\"primaryImageOfPage\":{\"@id\":\"https:\/\/rad-pal.com.pl\/sklep\/bez-kategorii\/zestaw-dwoch-misek-metalowa-springos-zielony-035-l\/#primaryimage\"},\"image\":{\"@id\":\"https:\/\/rad-pal.com.pl\/sklep\/bez-kategorii\/zestaw-dwoch-misek-metalowa-springos-zielony-035-l\/#primaryimage\"},\"thumbnailUrl\":\"https:\/\/rad-pal.com.pl\/wp-content\/uploads\/2026\/02\/8ead29acc8a7845fd71abc3a0c88392d.jpg\",\"datePublished\":\"2026-02-19T15:05:34+00:00\",\"breadcrumb\":{\"@id\":\"https:\/\/rad-pal.com.pl\/sklep\/bez-kategorii\/zestaw-dwoch-misek-metalowa-springos-zielony-035-l\/#breadcrumb\"},\"inLanguage\":\"en-GB\",\"potentialAction\":[{\"@type\":\"ReadAction\",\"target\":[\"https:\/\/rad-pal.com.pl\/sklep\/bez-kategorii\/zestaw-dwoch-misek-metalowa-springos-zielony-035-l\/\"]}]},{\"@type\":\"ImageObject\",\"inLanguage\":\"en-GB\",\"@id\":\"https:\/\/rad-pal.com.pl\/sklep\/bez-kategorii\/zestaw-dwoch-misek-metalowa-springos-zielony-035-l\/#primaryimage\",\"url\":\"https:\/\/rad-pal.com.pl\/wp-content\/uploads\/2026\/02\/8ead29acc8a7845fd71abc3a0c88392d.jpg\",\"contentUrl\":\"https:\/\/rad-pal.com.pl\/wp-content\/uploads\/2026\/02\/8ead29acc8a7845fd71abc3a0c88392d.jpg\",\"width\":2000,\"height\":2000,\"caption\":\"7cfbe4181cbc2196b4cd313ac828a7d5\"},{\"@type\":\"BreadcrumbList\",\"@id\":\"https:\/\/rad-pal.com.pl\/sklep\/bez-kategorii\/zestaw-dwoch-misek-metalowa-springos-zielony-035-l\/#breadcrumb\",\"itemListElement\":[{\"@type\":\"ListItem\",\"position\":1,\"name\":\"Strona g\u0142\u00f3wna\",\"item\":\"https:\/\/rad-pal.com.pl\/\"},{\"@type\":\"ListItem\",\"position\":2,\"name\":\"Sklep\",\"item\":\"https:\/\/rad-pal.com.pl\/sklep\/\"},{\"@type\":\"ListItem\",\"position\":3,\"name\":\"Zestaw dw\u00f3ch misek metalowa Springos zielony 0,35 l\"}]},{\"@type\":\"WebSite\",\"@id\":\"https:\/\/rad-pal.com.pl\/#website\",\"url\":\"https:\/\/rad-pal.com.pl\/\",\"name\":\"Rad-Pal\",\"description\":\"\",\"publisher\":{\"@id\":\"https:\/\/rad-pal.com.pl\/#organization\"},\"potentialAction\":[{\"@type\":\"SearchAction\",\"target\":{\"@type\":\"EntryPoint\",\"urlTemplate\":\"https:\/\/rad-pal.com.pl\/?s={search_term_string}\"},\"query-input\":{\"@type\":\"PropertyValueSpecification\",\"valueRequired\":true,\"valueName\":\"search_term_string\"}}],\"inLanguage\":\"en-GB\"},{\"@type\":\"Organization\",\"@id\":\"https:\/\/rad-pal.com.pl\/#organization\",\"name\":\"Rad-Pal\",\"url\":\"https:\/\/rad-pal.com.pl\/\",\"logo\":{\"@type\":\"ImageObject\",\"inLanguage\":\"en-GB\",\"@id\":\"https:\/\/rad-pal.com.pl\/#\/schema\/logo\/image\/\",\"url\":\"https:\/\/rad-pal.com.pl\/wp-content\/uploads\/2026\/03\/Projekt-bez-nazwy-30.webp\",\"contentUrl\":\"https:\/\/rad-pal.com.pl\/wp-content\/uploads\/2026\/03\/Projekt-bez-nazwy-30.webp\",\"width\":600,\"height\":210,\"caption\":\"Rad-Pal\"},\"image\":{\"@id\":\"https:\/\/rad-pal.com.pl\/#\/schema\/logo\/image\/\"}}]}<\/script>\n<!-- \/ Yoast SEO plugin. -->","yoast_head_json":{"title":"Zestaw dw\u00f3ch misek metalowa Springos zielony 0,35 l - Rad-Pal","robots":{"index":"index","follow":"follow","max-snippet":"max-snippet:-1","max-image-preview":"max-image-preview:large","max-video-preview":"max-video-preview:-1"},"canonical":"https:\/\/rad-pal.com.pl\/en\/sklep\/bez-kategorii\/zestaw-dwoch-misek-metalowa-springos-zielony-035-l\/","og_locale":"en_GB","og_type":"article","og_title":"Zestaw dw\u00f3ch misek metalowa Springos zielony 0,35 l - Rad-Pal","og_description":"\u2733\ufe0fAKCESORIA DLA ZWIERZ\u0104T \ufffdPODW\u00d3JNA MISKA DLA PS LUB KOTA Z PODSTAWK\u0104 \u27a1\ufe0fMarka: Springos \u27a1\ufe0fKolor podstawy: odcie\u0144 zieleni \u27a1\ufe0fMateria\u0142 podstawy: PP","og_url":"https:\/\/rad-pal.com.pl\/en\/sklep\/bez-kategorii\/zestaw-dwoch-misek-metalowa-springos-zielony-035-l\/","og_site_name":"Rad-Pal","og_image":[{"url":"https:\/\/upload.cdn.baselinker.com\/products\/6014502\/8ead29acc8a7845fd71abc3a0c88392d.jpg","type":"","width":"","height":""}],"twitter_card":"summary_large_image","twitter_misc":{"Estimated reading time":"1 minute"},"schema":{"@context":"https:\/\/schema.org","@graph":[{"@type":"WebPage","@id":"https:\/\/rad-pal.com.pl\/sklep\/bez-kategorii\/zestaw-dwoch-misek-metalowa-springos-zielony-035-l\/","url":"https:\/\/rad-pal.com.pl\/sklep\/bez-kategorii\/zestaw-dwoch-misek-metalowa-springos-zielony-035-l\/","name":"Zestaw dw\u00f3ch misek metalowa Springos zielony 0,35 l - Rad-Pal","isPartOf":{"@id":"https:\/\/rad-pal.com.pl\/#website"},"primaryImageOfPage":{"@id":"https:\/\/rad-pal.com.pl\/sklep\/bez-kategorii\/zestaw-dwoch-misek-metalowa-springos-zielony-035-l\/#primaryimage"},"image":{"@id":"https:\/\/rad-pal.com.pl\/sklep\/bez-kategorii\/zestaw-dwoch-misek-metalowa-springos-zielony-035-l\/#primaryimage"},"thumbnailUrl":"https:\/\/rad-pal.com.pl\/wp-content\/uploads\/2026\/02\/8ead29acc8a7845fd71abc3a0c88392d.jpg","datePublished":"2026-02-19T15:05:34+00:00","breadcrumb":{"@id":"https:\/\/rad-pal.com.pl\/sklep\/bez-kategorii\/zestaw-dwoch-misek-metalowa-springos-zielony-035-l\/#breadcrumb"},"inLanguage":"en-GB","potentialAction":[{"@type":"ReadAction","target":["https:\/\/rad-pal.com.pl\/sklep\/bez-kategorii\/zestaw-dwoch-misek-metalowa-springos-zielony-035-l\/"]}]},{"@type":"ImageObject","inLanguage":"en-GB","@id":"https:\/\/rad-pal.com.pl\/sklep\/bez-kategorii\/zestaw-dwoch-misek-metalowa-springos-zielony-035-l\/#primaryimage","url":"https:\/\/rad-pal.com.pl\/wp-content\/uploads\/2026\/02\/8ead29acc8a7845fd71abc3a0c88392d.jpg","contentUrl":"https:\/\/rad-pal.com.pl\/wp-content\/uploads\/2026\/02\/8ead29acc8a7845fd71abc3a0c88392d.jpg","width":2000,"height":2000,"caption":"7cfbe4181cbc2196b4cd313ac828a7d5"},{"@type":"BreadcrumbList","@id":"https:\/\/rad-pal.com.pl\/sklep\/bez-kategorii\/zestaw-dwoch-misek-metalowa-springos-zielony-035-l\/#breadcrumb","itemListElement":[{"@type":"ListItem","position":1,"name":"Strona g\u0142\u00f3wna","item":"https:\/\/rad-pal.com.pl\/"},{"@type":"ListItem","position":2,"name":"Sklep","item":"https:\/\/rad-pal.com.pl\/sklep\/"},{"@type":"ListItem","position":3,"name":"Zestaw dw\u00f3ch misek metalowa Springos zielony 0,35 l"}]},{"@type":"WebSite","@id":"https:\/\/rad-pal.com.pl\/#website","url":"https:\/\/rad-pal.com.pl\/","name":"Rad-Pal","description":"","publisher":{"@id":"https:\/\/rad-pal.com.pl\/#organization"},"potentialAction":[{"@type":"SearchAction","target":{"@type":"EntryPoint","urlTemplate":"https:\/\/rad-pal.com.pl\/?s={search_term_string}"},"query-input":{"@type":"PropertyValueSpecification","valueRequired":true,"valueName":"search_term_string"}}],"inLanguage":"en-GB"},{"@type":"Organization","@id":"https:\/\/rad-pal.com.pl\/#organization","name":"Rad-Pal","url":"https:\/\/rad-pal.com.pl\/","logo":{"@type":"ImageObject","inLanguage":"en-GB","@id":"https:\/\/rad-pal.com.pl\/#\/schema\/logo\/image\/","url":"https:\/\/rad-pal.com.pl\/wp-content\/uploads\/2026\/03\/Projekt-bez-nazwy-30.webp","contentUrl":"https:\/\/rad-pal.com.pl\/wp-content\/uploads\/2026\/03\/Projekt-bez-nazwy-30.webp","width":600,"height":210,"caption":"Rad-Pal"},"image":{"@id":"https:\/\/rad-pal.com.pl\/#\/schema\/logo\/image\/"}}]}},"_links":{"self":[{"href":"https:\/\/rad-pal.com.pl\/en\/wp-json\/wp\/v2\/product\/32960","targetHints":{"allow":["GET"]}}],"collection":[{"href":"https:\/\/rad-pal.com.pl\/en\/wp-json\/wp\/v2\/product"}],"about":[{"href":"https:\/\/rad-pal.com.pl\/en\/wp-json\/wp\/v2\/types\/product"}],"version-history":[{"count":0,"href":"https:\/\/rad-pal.com.pl\/en\/wp-json\/wp\/v2\/product\/32960\/revisions"}],"wp:featuredmedia":[{"embeddable":true,"href":"https:\/\/rad-pal.com.pl\/en\/wp-json\/wp\/v2\/media\/32937"}],"wp:attachment":[{"href":"https:\/\/rad-pal.com.pl\/en\/wp-json\/wp\/v2\/media?parent=32960"}],"wp:term":[{"taxonomy":"product_brand","embeddable":true,"href":"https:\/\/rad-pal.com.pl\/en\/wp-json\/wp\/v2\/product_brand?post=32960"},{"taxonomy":"product_cat","embeddable":true,"href":"https:\/\/rad-pal.com.pl\/en\/wp-json\/wp\/v2\/product_cat?post=32960"},{"taxonomy":"product_tag","embeddable":true,"href":"https:\/\/rad-pal.com.pl\/en\/wp-json\/wp\/v2\/product_tag?post=32960"}],"curies":[{"name":"wp","href":"https:\/\/api.w.org\/{rel}","templated":true}]}}