{"id":32978,"date":"2026-02-19T16:06:08","date_gmt":"2026-02-19T15:06:08","guid":{"rendered":"https:\/\/rad-pal.com.pl\/sklep\/bez-kategorii\/stojak-na-stolowke-i-bilety-na-napoje-rd45491-6-szt-a5\/"},"modified":"2026-02-19T16:37:51","modified_gmt":"2026-02-19T15:37:51","slug":"stojak-na-stolowke-i-bilety-na-napoje-rd45491-6-szt-a5","status":"publish","type":"product","link":"https:\/\/rad-pal.com.pl\/en\/sklep\/dom-i-ogrod\/meble\/pozostale\/stojak-na-stolowke-i-bilety-na-napoje-rd45491-6-szt-a5\/","title":{"rendered":"Stojak na sto\u0142\u00f3wk\u0119 i bilety na napoje RD45491, 6 szt. A5"},"content":{"rendered":"<section class=\"section\">\n<div class=\"item item-12\">\n<section class=\"text-item\">\n<p>Relaxdays 10045491. Ilo\u015b\u0107 na paczk\u0119: 1 szt.<\/p>\n<\/section><\/div>\n<\/section>\n<section class=\"section\">\n<div class=\"item item-12\">\n<section class=\"image-item\"><img decoding=\"async\" src=\"https:\/\/upload.cdn.baselinker.com\/products\/6014502\/6236d0455a3e61e219a4db62b22ea73c.jpg\" \/><\/section>\n<\/p><\/div>\n<\/section>\n<section class=\"section\">\n<div class=\"item item-12\">\n<section class=\"text-item\">\n<h2>\u2733\ufe0fDekoracyjne tabliczki na st\u00f3\u0142 w formacie A5<\/h2>\n<p>Zestaw 6 ramek na zdj\u0119cia do postawienia to praktyczne rozwi\u0105zanie do zastosowa\u0144 prywatnych i komercyjnych. Czy to jako stoj\u0105ca ramka na zdj\u0119cia w domu lub na uroczysto\u015bciach, czy te\u017c do prezentacji kart menu i materia\u0142\u00f3w reklamowych. Stojaki na zdj\u0119cia zachwycaj\u0105 dyskretnym designem wykonanym z przezroczystego akrylu ze srebrn\u0105 kraw\u0119dzi\u0105. Dwustronne ekspozytory oferuj\u0105 miejsce na 2 strony w formacie DIN A5. Aby zmieni\u0107 zawarto\u015b\u0107, wystarczy lekko rozsun\u0105\u0107 ramki ekspozytora.<\/p>\n<\/section><\/div>\n<\/section>\n<section class=\"section\">\n<div class=\"item item-12\">\n<section class=\"text-item\">\n<h2>\u2733\ufe0fWszechstronna ramka na zdj\u0119cia o nowoczesnym wygl\u0105dzie<\/h2>\n<ul>\n<li>\u27a1\ufe0fna zdj\u0119cia, kart\u0119 menu lub materia\u0142y reklamowe<\/li>\n<li>\u27a1\ufe0ftabliczki odpowiednie do u\u017cytku prywatnego i komercyjnego<\/li>\n<li>\u27a1\ufe0fmo\u017cliwo\u015b\u0107 wymiany zawarto\u015bci<\/li>\n<li>\u27a1\ufe0fwykonane z przezroczystego akrylu oraz ozdobione srebrn\u0105 kraw\u0119dzi\u0105<\/li>\n<li>\u27a1\ufe0ffolia ochronna na p\u0142ycie i stojaku zapewnia transport bez zarysowa\u0144<\/li>\n<\/ul>\n<\/section><\/div>\n<\/section>\n<section class=\"section\">\n<div class=\"item item-6\">\n<section class=\"image-item\"><img decoding=\"async\" src=\"https:\/\/upload.cdn.baselinker.com\/products\/6014502\/606565ac715b0e75ba729fa19c5a2360.jpg\" \/><\/section>\n<\/p><\/div>\n<div class=\"item item-6\">\n<section class=\"text-item\">\n<h2>Parametry uchwytu na zdj\u0119cia<\/h2>\n<ul>\n<li>wymiary: ok. 24,5 x 15,5 x 5,5 cm (wys. x szer. x d\u0142.)<\/li>\n<li>odpowiedni format: DIN A5<\/li>\n<li>kraw\u0119d\u017a: ok. 3 mm<\/li>\n<li>waga: ok. 190 g ka\u017cdy<\/li>\n<li>materia\u0142: akryl<\/li>\n<li>kolor: przezroczysty, srebrny<\/li>\n<\/ul>\n<\/section><\/div>\n<\/section>\n<section class=\"section\">\n<div class=\"item item-6\">\n<section class=\"image-item\"><img decoding=\"async\" src=\"https:\/\/upload.cdn.baselinker.com\/products\/6014502\/ca4ef15e3e7852e1f19c1eff86857852.jpg\" \/><\/section>\n<\/p><\/div>\n<div class=\"item item-6\">\n<section class=\"image-item\"><img decoding=\"async\" src=\"https:\/\/upload.cdn.baselinker.com\/products\/6014502\/484304f35d83b20c1d4ee5b8e3777a52.jpg\" \/><\/section>\n<\/p><\/div>\n<\/section>\n<section class=\"section\">\n<div class=\"item item-12\">\n<section class=\"text-item\">\n<p>3<\/p>\n<\/section><\/div>\n<\/section>","protected":false},"excerpt":{"rendered":"<p>Relaxdays 10045491. Ilo\u015b\u0107 na paczk\u0119: 1 szt. \u2733\ufe0fDekoracyjne tabliczki na st\u00f3\u0142 w formacie A5 Zestaw 6 ramek na zdj\u0119cia do<\/p>","protected":false},"featured_media":32973,"template":"","meta":[],"product_brand":[],"product_cat":[86,94,116],"product_tag":[],"class_list":{"0":"post-32978","1":"product","2":"type-product","3":"status-publish","4":"has-post-thumbnail","6":"product_cat-dom-i-ogrod","7":"product_cat-meble","8":"product_cat-pozostale","10":"first","11":"instock","12":"taxable","13":"shipping-taxable","14":"purchasable","15":"product-type-simple"},"yoast_head":"<!-- This site is optimized with the Yoast SEO plugin v25.7 - https:\/\/yoast.com\/wordpress\/plugins\/seo\/ -->\n<title>Stojak na sto\u0142\u00f3wk\u0119 i bilety na napoje RD45491, 6 szt. A5 - Rad-Pal<\/title>\n<meta name=\"robots\" content=\"index, follow, max-snippet:-1, max-image-preview:large, max-video-preview:-1\" \/>\n<link rel=\"canonical\" href=\"https:\/\/rad-pal.com.pl\/en\/sklep\/bez-kategorii\/stojak-na-stolowke-i-bilety-na-napoje-rd45491-6-szt-a5\/\" \/>\n<meta property=\"og:locale\" content=\"en_GB\" \/>\n<meta property=\"og:type\" content=\"article\" \/>\n<meta property=\"og:title\" content=\"Stojak na sto\u0142\u00f3wk\u0119 i bilety na napoje RD45491, 6 szt. A5 - Rad-Pal\" \/>\n<meta property=\"og:description\" content=\"Relaxdays 10045491. Ilo\u015b\u0107 na paczk\u0119: 1 szt. \u2733\ufe0fDekoracyjne tabliczki na st\u00f3\u0142 w formacie A5 Zestaw 6 ramek na zdj\u0119cia do\" \/>\n<meta property=\"og:url\" content=\"https:\/\/rad-pal.com.pl\/en\/sklep\/bez-kategorii\/stojak-na-stolowke-i-bilety-na-napoje-rd45491-6-szt-a5\/\" \/>\n<meta property=\"og:site_name\" content=\"Rad-Pal\" \/>\n<meta property=\"article:modified_time\" content=\"2026-02-19T15:37:51+00:00\" \/>\n<meta property=\"og:image\" content=\"https:\/\/upload.cdn.baselinker.com\/products\/6014502\/6236d0455a3e61e219a4db62b22ea73c.jpg\" \/>\n<meta name=\"twitter:card\" content=\"summary_large_image\" \/>\n<meta name=\"twitter:label1\" content=\"Estimated reading time\" \/>\n\t<meta name=\"twitter:data1\" content=\"1 minute\" \/>\n<script type=\"application\/ld+json\" class=\"yoast-schema-graph\">{\"@context\":\"https:\/\/schema.org\",\"@graph\":[{\"@type\":\"WebPage\",\"@id\":\"https:\/\/rad-pal.com.pl\/sklep\/bez-kategorii\/stojak-na-stolowke-i-bilety-na-napoje-rd45491-6-szt-a5\/\",\"url\":\"https:\/\/rad-pal.com.pl\/sklep\/bez-kategorii\/stojak-na-stolowke-i-bilety-na-napoje-rd45491-6-szt-a5\/\",\"name\":\"Stojak na sto\u0142\u00f3wk\u0119 i bilety na napoje RD45491, 6 szt. A5 - Rad-Pal\",\"isPartOf\":{\"@id\":\"https:\/\/rad-pal.com.pl\/#website\"},\"primaryImageOfPage\":{\"@id\":\"https:\/\/rad-pal.com.pl\/sklep\/bez-kategorii\/stojak-na-stolowke-i-bilety-na-napoje-rd45491-6-szt-a5\/#primaryimage\"},\"image\":{\"@id\":\"https:\/\/rad-pal.com.pl\/sklep\/bez-kategorii\/stojak-na-stolowke-i-bilety-na-napoje-rd45491-6-szt-a5\/#primaryimage\"},\"thumbnailUrl\":\"https:\/\/rad-pal.com.pl\/wp-content\/uploads\/2026\/02\/6236d0455a3e61e219a4db62b22ea73c.jpg\",\"datePublished\":\"2026-02-19T15:06:08+00:00\",\"dateModified\":\"2026-02-19T15:37:51+00:00\",\"breadcrumb\":{\"@id\":\"https:\/\/rad-pal.com.pl\/sklep\/bez-kategorii\/stojak-na-stolowke-i-bilety-na-napoje-rd45491-6-szt-a5\/#breadcrumb\"},\"inLanguage\":\"en-GB\",\"potentialAction\":[{\"@type\":\"ReadAction\",\"target\":[\"https:\/\/rad-pal.com.pl\/sklep\/bez-kategorii\/stojak-na-stolowke-i-bilety-na-napoje-rd45491-6-szt-a5\/\"]}]},{\"@type\":\"ImageObject\",\"inLanguage\":\"en-GB\",\"@id\":\"https:\/\/rad-pal.com.pl\/sklep\/bez-kategorii\/stojak-na-stolowke-i-bilety-na-napoje-rd45491-6-szt-a5\/#primaryimage\",\"url\":\"https:\/\/rad-pal.com.pl\/wp-content\/uploads\/2026\/02\/6236d0455a3e61e219a4db62b22ea73c.jpg\",\"contentUrl\":\"https:\/\/rad-pal.com.pl\/wp-content\/uploads\/2026\/02\/6236d0455a3e61e219a4db62b22ea73c.jpg\",\"width\":2048,\"height\":2048,\"caption\":\"59f10e4ba9ab29ee05efe1097f1fd8e7\"},{\"@type\":\"BreadcrumbList\",\"@id\":\"https:\/\/rad-pal.com.pl\/sklep\/bez-kategorii\/stojak-na-stolowke-i-bilety-na-napoje-rd45491-6-szt-a5\/#breadcrumb\",\"itemListElement\":[{\"@type\":\"ListItem\",\"position\":1,\"name\":\"Strona g\u0142\u00f3wna\",\"item\":\"https:\/\/rad-pal.com.pl\/\"},{\"@type\":\"ListItem\",\"position\":2,\"name\":\"Sklep\",\"item\":\"https:\/\/rad-pal.com.pl\/sklep\/\"},{\"@type\":\"ListItem\",\"position\":3,\"name\":\"Stojak na sto\u0142\u00f3wk\u0119 i bilety na napoje RD45491, 6 szt. A5\"}]},{\"@type\":\"WebSite\",\"@id\":\"https:\/\/rad-pal.com.pl\/#website\",\"url\":\"https:\/\/rad-pal.com.pl\/\",\"name\":\"Rad-Pal\",\"description\":\"\",\"publisher\":{\"@id\":\"https:\/\/rad-pal.com.pl\/#organization\"},\"potentialAction\":[{\"@type\":\"SearchAction\",\"target\":{\"@type\":\"EntryPoint\",\"urlTemplate\":\"https:\/\/rad-pal.com.pl\/?s={search_term_string}\"},\"query-input\":{\"@type\":\"PropertyValueSpecification\",\"valueRequired\":true,\"valueName\":\"search_term_string\"}}],\"inLanguage\":\"en-GB\"},{\"@type\":\"Organization\",\"@id\":\"https:\/\/rad-pal.com.pl\/#organization\",\"name\":\"Rad-Pal\",\"url\":\"https:\/\/rad-pal.com.pl\/\",\"logo\":{\"@type\":\"ImageObject\",\"inLanguage\":\"en-GB\",\"@id\":\"https:\/\/rad-pal.com.pl\/#\/schema\/logo\/image\/\",\"url\":\"https:\/\/rad-pal.com.pl\/wp-content\/uploads\/2026\/03\/Projekt-bez-nazwy-30.webp\",\"contentUrl\":\"https:\/\/rad-pal.com.pl\/wp-content\/uploads\/2026\/03\/Projekt-bez-nazwy-30.webp\",\"width\":600,\"height\":210,\"caption\":\"Rad-Pal\"},\"image\":{\"@id\":\"https:\/\/rad-pal.com.pl\/#\/schema\/logo\/image\/\"}}]}<\/script>\n<!-- \/ Yoast SEO plugin. -->","yoast_head_json":{"title":"Stojak na sto\u0142\u00f3wk\u0119 i bilety na napoje RD45491, 6 szt. A5 - Rad-Pal","robots":{"index":"index","follow":"follow","max-snippet":"max-snippet:-1","max-image-preview":"max-image-preview:large","max-video-preview":"max-video-preview:-1"},"canonical":"https:\/\/rad-pal.com.pl\/en\/sklep\/bez-kategorii\/stojak-na-stolowke-i-bilety-na-napoje-rd45491-6-szt-a5\/","og_locale":"en_GB","og_type":"article","og_title":"Stojak na sto\u0142\u00f3wk\u0119 i bilety na napoje RD45491, 6 szt. A5 - Rad-Pal","og_description":"Relaxdays 10045491. Ilo\u015b\u0107 na paczk\u0119: 1 szt. \u2733\ufe0fDekoracyjne tabliczki na st\u00f3\u0142 w formacie A5 Zestaw 6 ramek na zdj\u0119cia do","og_url":"https:\/\/rad-pal.com.pl\/en\/sklep\/bez-kategorii\/stojak-na-stolowke-i-bilety-na-napoje-rd45491-6-szt-a5\/","og_site_name":"Rad-Pal","article_modified_time":"2026-02-19T15:37:51+00:00","og_image":[{"url":"https:\/\/upload.cdn.baselinker.com\/products\/6014502\/6236d0455a3e61e219a4db62b22ea73c.jpg","type":"","width":"","height":""}],"twitter_card":"summary_large_image","twitter_misc":{"Estimated reading time":"1 minute"},"schema":{"@context":"https:\/\/schema.org","@graph":[{"@type":"WebPage","@id":"https:\/\/rad-pal.com.pl\/sklep\/bez-kategorii\/stojak-na-stolowke-i-bilety-na-napoje-rd45491-6-szt-a5\/","url":"https:\/\/rad-pal.com.pl\/sklep\/bez-kategorii\/stojak-na-stolowke-i-bilety-na-napoje-rd45491-6-szt-a5\/","name":"Stojak na sto\u0142\u00f3wk\u0119 i bilety na napoje RD45491, 6 szt. A5 - Rad-Pal","isPartOf":{"@id":"https:\/\/rad-pal.com.pl\/#website"},"primaryImageOfPage":{"@id":"https:\/\/rad-pal.com.pl\/sklep\/bez-kategorii\/stojak-na-stolowke-i-bilety-na-napoje-rd45491-6-szt-a5\/#primaryimage"},"image":{"@id":"https:\/\/rad-pal.com.pl\/sklep\/bez-kategorii\/stojak-na-stolowke-i-bilety-na-napoje-rd45491-6-szt-a5\/#primaryimage"},"thumbnailUrl":"https:\/\/rad-pal.com.pl\/wp-content\/uploads\/2026\/02\/6236d0455a3e61e219a4db62b22ea73c.jpg","datePublished":"2026-02-19T15:06:08+00:00","dateModified":"2026-02-19T15:37:51+00:00","breadcrumb":{"@id":"https:\/\/rad-pal.com.pl\/sklep\/bez-kategorii\/stojak-na-stolowke-i-bilety-na-napoje-rd45491-6-szt-a5\/#breadcrumb"},"inLanguage":"en-GB","potentialAction":[{"@type":"ReadAction","target":["https:\/\/rad-pal.com.pl\/sklep\/bez-kategorii\/stojak-na-stolowke-i-bilety-na-napoje-rd45491-6-szt-a5\/"]}]},{"@type":"ImageObject","inLanguage":"en-GB","@id":"https:\/\/rad-pal.com.pl\/sklep\/bez-kategorii\/stojak-na-stolowke-i-bilety-na-napoje-rd45491-6-szt-a5\/#primaryimage","url":"https:\/\/rad-pal.com.pl\/wp-content\/uploads\/2026\/02\/6236d0455a3e61e219a4db62b22ea73c.jpg","contentUrl":"https:\/\/rad-pal.com.pl\/wp-content\/uploads\/2026\/02\/6236d0455a3e61e219a4db62b22ea73c.jpg","width":2048,"height":2048,"caption":"59f10e4ba9ab29ee05efe1097f1fd8e7"},{"@type":"BreadcrumbList","@id":"https:\/\/rad-pal.com.pl\/sklep\/bez-kategorii\/stojak-na-stolowke-i-bilety-na-napoje-rd45491-6-szt-a5\/#breadcrumb","itemListElement":[{"@type":"ListItem","position":1,"name":"Strona g\u0142\u00f3wna","item":"https:\/\/rad-pal.com.pl\/"},{"@type":"ListItem","position":2,"name":"Sklep","item":"https:\/\/rad-pal.com.pl\/sklep\/"},{"@type":"ListItem","position":3,"name":"Stojak na sto\u0142\u00f3wk\u0119 i bilety na napoje RD45491, 6 szt. A5"}]},{"@type":"WebSite","@id":"https:\/\/rad-pal.com.pl\/#website","url":"https:\/\/rad-pal.com.pl\/","name":"Rad-Pal","description":"","publisher":{"@id":"https:\/\/rad-pal.com.pl\/#organization"},"potentialAction":[{"@type":"SearchAction","target":{"@type":"EntryPoint","urlTemplate":"https:\/\/rad-pal.com.pl\/?s={search_term_string}"},"query-input":{"@type":"PropertyValueSpecification","valueRequired":true,"valueName":"search_term_string"}}],"inLanguage":"en-GB"},{"@type":"Organization","@id":"https:\/\/rad-pal.com.pl\/#organization","name":"Rad-Pal","url":"https:\/\/rad-pal.com.pl\/","logo":{"@type":"ImageObject","inLanguage":"en-GB","@id":"https:\/\/rad-pal.com.pl\/#\/schema\/logo\/image\/","url":"https:\/\/rad-pal.com.pl\/wp-content\/uploads\/2026\/03\/Projekt-bez-nazwy-30.webp","contentUrl":"https:\/\/rad-pal.com.pl\/wp-content\/uploads\/2026\/03\/Projekt-bez-nazwy-30.webp","width":600,"height":210,"caption":"Rad-Pal"},"image":{"@id":"https:\/\/rad-pal.com.pl\/#\/schema\/logo\/image\/"}}]}},"_links":{"self":[{"href":"https:\/\/rad-pal.com.pl\/en\/wp-json\/wp\/v2\/product\/32978","targetHints":{"allow":["GET"]}}],"collection":[{"href":"https:\/\/rad-pal.com.pl\/en\/wp-json\/wp\/v2\/product"}],"about":[{"href":"https:\/\/rad-pal.com.pl\/en\/wp-json\/wp\/v2\/types\/product"}],"version-history":[{"count":0,"href":"https:\/\/rad-pal.com.pl\/en\/wp-json\/wp\/v2\/product\/32978\/revisions"}],"wp:featuredmedia":[{"embeddable":true,"href":"https:\/\/rad-pal.com.pl\/en\/wp-json\/wp\/v2\/media\/32973"}],"wp:attachment":[{"href":"https:\/\/rad-pal.com.pl\/en\/wp-json\/wp\/v2\/media?parent=32978"}],"wp:term":[{"taxonomy":"product_brand","embeddable":true,"href":"https:\/\/rad-pal.com.pl\/en\/wp-json\/wp\/v2\/product_brand?post=32978"},{"taxonomy":"product_cat","embeddable":true,"href":"https:\/\/rad-pal.com.pl\/en\/wp-json\/wp\/v2\/product_cat?post=32978"},{"taxonomy":"product_tag","embeddable":true,"href":"https:\/\/rad-pal.com.pl\/en\/wp-json\/wp\/v2\/product_tag?post=32978"}],"curies":[{"name":"wp","href":"https:\/\/api.w.org\/{rel}","templated":true}]}}