{"id":33120,"date":"2026-02-19T16:12:38","date_gmt":"2026-02-19T15:12:38","guid":{"rendered":"https:\/\/rad-pal.com.pl\/sklep\/bez-kategorii\/pojemnik-pudelko-opakowanie-na-ciasto-tort-muffiny\/"},"modified":"2026-02-19T16:39:01","modified_gmt":"2026-02-19T15:39:01","slug":"pojemnik-pudelko-opakowanie-na-ciasto-tort-muffiny","status":"publish","type":"product","link":"https:\/\/rad-pal.com.pl\/en\/sklep\/dom-i-ogrod\/wyposazenie\/pojemniki-na-zywnosc\/pojemniki\/pojemnik-pudelko-opakowanie-na-ciasto-tort-muffiny\/","title":{"rendered":"Pojemnik pude\u0142ko opakowanie na ciasto tort muffiny"},"content":{"rendered":"<section class=\"section\">\n<div class=\"item item-12\">\n<section class=\"image-item\"><img decoding=\"async\" src=\"https:\/\/upload.cdn.baselinker.com\/products\/6014502\/8b979a1642d706092f300b2d07106061.jpg\" \/><\/section>\n<\/p><\/div>\n<\/section>\n<section class=\"section\">\n<div class=\"item item-12\">\n<section class=\"text-item\">\n<p>Zastanawiasz si\u0119, jak bezpiecznie przewie\u017a\u0107 Twoje pyszne wypieki? Nasz&nbsp;<b>pojemnik do transportu ciasta<\/b>&nbsp;jest w\u0142a\u015bnie dla Ciebie! Po\u0142\u00f3\u017c ciasto lub muffiny na sp\u00f3d pojemnika, przykryj pokryw\u0105 i zamknij zatrzaski. Dzi\u0119ki temu Twoje ciasto zachowa \u015bwie\u017co\u015b\u0107 oraz nie rozpadnie si\u0119 podczas przenoszenia. Na podstawce narysowane s\u0105 linie, kt\u00f3re pomog\u0105 Ci pokroi\u0107 ciasto na r\u00f3wne cz\u0119\u015bci. Pod\u0142u\u017cna forma pojemnika sprawdzi si\u0119 idealnie do ciast o prostok\u0105tnym kszta\u0142cie jak np. keks czy babka.<\/p>\n<\/section><\/div>\n<\/section>\n<section class=\"section\">\n<div class=\"item item-6\">\n<section class=\"text-item\">\n<p><b>Pojemnik na ciasto z pokrywk\u0105<\/b><\/p>\n<p>\u2705 wymiary ca\u0142kowite: ok. 15 x 37 x 16 cm (wys. x szer. x d\u0142.)<\/p>\n<p>\u2705 maks. wymiary ciasta: 11 x 30 cm (wys. x d\u0142.)<\/p>\n<p>\u2705 waga: ok. 0,3 kg<\/p>\n<p>\u2705 materia\u0142: tworzywo PP wolne od BPA<\/p>\n<p>\u2705 kolor: przezroczysty, r\u00f3\u017cowy<\/p>\n<\/section><\/div>\n<div class=\"item item-6\">\n<section class=\"image-item\"><img decoding=\"async\" src=\"https:\/\/upload.cdn.baselinker.com\/products\/6014502\/d6f4b9ac81b0529e6c177c0d4d2b465b.jpg\" \/><\/section>\n<\/p><\/div>\n<\/section>\n<section class=\"section\">\n<div class=\"item item-12\">\n<section class=\"image-item\"><img decoding=\"async\" src=\"https:\/\/upload.cdn.baselinker.com\/products\/6014502\/9b08a2663d10ca70751c71a7cfe799c4.jpg\" \/><\/section>\n<\/p><\/div>\n<\/section>\n<section class=\"section\">\n<div class=\"item item-6\">\n<section class=\"image-item\"><img decoding=\"async\" src=\"https:\/\/upload.cdn.baselinker.com\/products\/6014502\/4d9832d936a90848e5c85c39023cb610.jpg\" \/><\/section>\n<\/p><\/div>\n<div class=\"item item-6\">\n<section class=\"text-item\">\n<p><b>\u2714\ufe0f Plastikowe opakowanie na r\u00f3\u017cne wypieki<\/b><\/p>\n<ul>\n<li>wygodne przechowywanie i transport ciasta<\/li>\n<li>praktyczny uchwyt &#8211; pojemnik zamykany na zatrzask<\/li>\n<li>na pyszne ciasta o prostok\u0105tnym kszta\u0142cie<\/li>\n<li>nadaj\u0105ce si\u0119 do mycia w zmywarce<\/li>\n<\/ul>\n<\/section><\/div>\n<\/section>\n<section class=\"section\">\n<div class=\"item item-6\">\n<section class=\"text-item\">\n<p><b>W zestawie<\/b><\/p>\n<ul>\n<li>1x pojemnik na ciasto<\/li>\n<li>brak artyku\u0142\u00f3w dekoracyjnych widocznych na zdj\u0119ciach<\/li>\n<\/ul>\n<\/section><\/div>\n<div class=\"item item-6\">\n<section class=\"image-item\"><img decoding=\"async\" src=\"https:\/\/upload.cdn.baselinker.com\/products\/6014502\/1650795f3e65da65576c4ab38a89b8d5.jpg\" \/><\/section>\n<\/p><\/div>\n<\/section>\n<section class=\"section\">\n<div class=\"item item-12\">\n<section class=\"text-item\">\n<p>10<\/p>\n<\/section><\/div>\n<\/section>","protected":false},"excerpt":{"rendered":"<p>Zastanawiasz si\u0119, jak bezpiecznie przewie\u017a\u0107 Twoje pyszne wypieki? Nasz&nbsp;pojemnik do transportu ciasta&nbsp;jest w\u0142a\u015bnie dla Ciebie! Po\u0142\u00f3\u017c ciasto lub muffiny na<\/p>","protected":false},"featured_media":33110,"template":"","meta":[],"product_brand":[],"product_cat":[86,141,140,87],"product_tag":[],"class_list":{"0":"post-33120","1":"product","2":"type-product","3":"status-publish","4":"has-post-thumbnail","6":"product_cat-dom-i-ogrod","7":"product_cat-pojemniki","8":"product_cat-pojemniki-na-zywnosc","9":"product_cat-wyposazenie","11":"first","12":"instock","13":"taxable","14":"shipping-taxable","15":"purchasable","16":"product-type-simple"},"yoast_head":"<!-- This site is optimized with the Yoast SEO plugin v25.7 - https:\/\/yoast.com\/wordpress\/plugins\/seo\/ -->\n<title>Pojemnik pude\u0142ko opakowanie na ciasto tort muffiny - Rad-Pal<\/title>\n<meta name=\"robots\" content=\"index, follow, max-snippet:-1, max-image-preview:large, max-video-preview:-1\" \/>\n<link rel=\"canonical\" href=\"https:\/\/rad-pal.com.pl\/en\/sklep\/bez-kategorii\/pojemnik-pudelko-opakowanie-na-ciasto-tort-muffiny\/\" \/>\n<meta property=\"og:locale\" content=\"en_GB\" \/>\n<meta property=\"og:type\" content=\"article\" \/>\n<meta property=\"og:title\" content=\"Pojemnik pude\u0142ko opakowanie na ciasto tort muffiny - Rad-Pal\" \/>\n<meta property=\"og:description\" content=\"Zastanawiasz si\u0119, jak bezpiecznie przewie\u017a\u0107 Twoje pyszne wypieki? Nasz&nbsp;pojemnik do transportu ciasta&nbsp;jest w\u0142a\u015bnie dla Ciebie! Po\u0142\u00f3\u017c ciasto lub muffiny na\" \/>\n<meta property=\"og:url\" content=\"https:\/\/rad-pal.com.pl\/en\/sklep\/bez-kategorii\/pojemnik-pudelko-opakowanie-na-ciasto-tort-muffiny\/\" \/>\n<meta property=\"og:site_name\" content=\"Rad-Pal\" \/>\n<meta property=\"article:modified_time\" content=\"2026-02-19T15:39:01+00:00\" \/>\n<meta property=\"og:image\" content=\"https:\/\/upload.cdn.baselinker.com\/products\/6014502\/8b979a1642d706092f300b2d07106061.jpg\" \/>\n<meta name=\"twitter:card\" content=\"summary_large_image\" \/>\n<meta name=\"twitter:label1\" content=\"Estimated reading time\" \/>\n\t<meta name=\"twitter:data1\" content=\"1 minute\" \/>\n<script type=\"application\/ld+json\" class=\"yoast-schema-graph\">{\"@context\":\"https:\/\/schema.org\",\"@graph\":[{\"@type\":\"WebPage\",\"@id\":\"https:\/\/rad-pal.com.pl\/sklep\/bez-kategorii\/pojemnik-pudelko-opakowanie-na-ciasto-tort-muffiny\/\",\"url\":\"https:\/\/rad-pal.com.pl\/sklep\/bez-kategorii\/pojemnik-pudelko-opakowanie-na-ciasto-tort-muffiny\/\",\"name\":\"Pojemnik pude\u0142ko opakowanie na ciasto tort muffiny - Rad-Pal\",\"isPartOf\":{\"@id\":\"https:\/\/rad-pal.com.pl\/#website\"},\"primaryImageOfPage\":{\"@id\":\"https:\/\/rad-pal.com.pl\/sklep\/bez-kategorii\/pojemnik-pudelko-opakowanie-na-ciasto-tort-muffiny\/#primaryimage\"},\"image\":{\"@id\":\"https:\/\/rad-pal.com.pl\/sklep\/bez-kategorii\/pojemnik-pudelko-opakowanie-na-ciasto-tort-muffiny\/#primaryimage\"},\"thumbnailUrl\":\"https:\/\/rad-pal.com.pl\/wp-content\/uploads\/2026\/02\/d6f4b9ac81b0529e6c177c0d4d2b465b.jpg\",\"datePublished\":\"2026-02-19T15:12:38+00:00\",\"dateModified\":\"2026-02-19T15:39:01+00:00\",\"breadcrumb\":{\"@id\":\"https:\/\/rad-pal.com.pl\/sklep\/bez-kategorii\/pojemnik-pudelko-opakowanie-na-ciasto-tort-muffiny\/#breadcrumb\"},\"inLanguage\":\"en-GB\",\"potentialAction\":[{\"@type\":\"ReadAction\",\"target\":[\"https:\/\/rad-pal.com.pl\/sklep\/bez-kategorii\/pojemnik-pudelko-opakowanie-na-ciasto-tort-muffiny\/\"]}]},{\"@type\":\"ImageObject\",\"inLanguage\":\"en-GB\",\"@id\":\"https:\/\/rad-pal.com.pl\/sklep\/bez-kategorii\/pojemnik-pudelko-opakowanie-na-ciasto-tort-muffiny\/#primaryimage\",\"url\":\"https:\/\/rad-pal.com.pl\/wp-content\/uploads\/2026\/02\/d6f4b9ac81b0529e6c177c0d4d2b465b.jpg\",\"contentUrl\":\"https:\/\/rad-pal.com.pl\/wp-content\/uploads\/2026\/02\/d6f4b9ac81b0529e6c177c0d4d2b465b.jpg\",\"width\":2560,\"height\":2560,\"caption\":\"848008e6ebe171597a012b98e8541462\"},{\"@type\":\"BreadcrumbList\",\"@id\":\"https:\/\/rad-pal.com.pl\/sklep\/bez-kategorii\/pojemnik-pudelko-opakowanie-na-ciasto-tort-muffiny\/#breadcrumb\",\"itemListElement\":[{\"@type\":\"ListItem\",\"position\":1,\"name\":\"Strona g\u0142\u00f3wna\",\"item\":\"https:\/\/rad-pal.com.pl\/\"},{\"@type\":\"ListItem\",\"position\":2,\"name\":\"Sklep\",\"item\":\"https:\/\/rad-pal.com.pl\/sklep\/\"},{\"@type\":\"ListItem\",\"position\":3,\"name\":\"Pojemnik pude\u0142ko opakowanie na ciasto tort muffiny\"}]},{\"@type\":\"WebSite\",\"@id\":\"https:\/\/rad-pal.com.pl\/#website\",\"url\":\"https:\/\/rad-pal.com.pl\/\",\"name\":\"Rad-Pal\",\"description\":\"\",\"publisher\":{\"@id\":\"https:\/\/rad-pal.com.pl\/#organization\"},\"potentialAction\":[{\"@type\":\"SearchAction\",\"target\":{\"@type\":\"EntryPoint\",\"urlTemplate\":\"https:\/\/rad-pal.com.pl\/?s={search_term_string}\"},\"query-input\":{\"@type\":\"PropertyValueSpecification\",\"valueRequired\":true,\"valueName\":\"search_term_string\"}}],\"inLanguage\":\"en-GB\"},{\"@type\":\"Organization\",\"@id\":\"https:\/\/rad-pal.com.pl\/#organization\",\"name\":\"Rad-Pal\",\"url\":\"https:\/\/rad-pal.com.pl\/\",\"logo\":{\"@type\":\"ImageObject\",\"inLanguage\":\"en-GB\",\"@id\":\"https:\/\/rad-pal.com.pl\/#\/schema\/logo\/image\/\",\"url\":\"https:\/\/rad-pal.com.pl\/wp-content\/uploads\/2026\/03\/Projekt-bez-nazwy-30.webp\",\"contentUrl\":\"https:\/\/rad-pal.com.pl\/wp-content\/uploads\/2026\/03\/Projekt-bez-nazwy-30.webp\",\"width\":600,\"height\":210,\"caption\":\"Rad-Pal\"},\"image\":{\"@id\":\"https:\/\/rad-pal.com.pl\/#\/schema\/logo\/image\/\"}}]}<\/script>\n<!-- \/ Yoast SEO plugin. -->","yoast_head_json":{"title":"Pojemnik pude\u0142ko opakowanie na ciasto tort muffiny - Rad-Pal","robots":{"index":"index","follow":"follow","max-snippet":"max-snippet:-1","max-image-preview":"max-image-preview:large","max-video-preview":"max-video-preview:-1"},"canonical":"https:\/\/rad-pal.com.pl\/en\/sklep\/bez-kategorii\/pojemnik-pudelko-opakowanie-na-ciasto-tort-muffiny\/","og_locale":"en_GB","og_type":"article","og_title":"Pojemnik pude\u0142ko opakowanie na ciasto tort muffiny - Rad-Pal","og_description":"Zastanawiasz si\u0119, jak bezpiecznie przewie\u017a\u0107 Twoje pyszne wypieki? Nasz&nbsp;pojemnik do transportu ciasta&nbsp;jest w\u0142a\u015bnie dla Ciebie! Po\u0142\u00f3\u017c ciasto lub muffiny na","og_url":"https:\/\/rad-pal.com.pl\/en\/sklep\/bez-kategorii\/pojemnik-pudelko-opakowanie-na-ciasto-tort-muffiny\/","og_site_name":"Rad-Pal","article_modified_time":"2026-02-19T15:39:01+00:00","og_image":[{"url":"https:\/\/upload.cdn.baselinker.com\/products\/6014502\/8b979a1642d706092f300b2d07106061.jpg","type":"","width":"","height":""}],"twitter_card":"summary_large_image","twitter_misc":{"Estimated reading time":"1 minute"},"schema":{"@context":"https:\/\/schema.org","@graph":[{"@type":"WebPage","@id":"https:\/\/rad-pal.com.pl\/sklep\/bez-kategorii\/pojemnik-pudelko-opakowanie-na-ciasto-tort-muffiny\/","url":"https:\/\/rad-pal.com.pl\/sklep\/bez-kategorii\/pojemnik-pudelko-opakowanie-na-ciasto-tort-muffiny\/","name":"Pojemnik pude\u0142ko opakowanie na ciasto tort muffiny - Rad-Pal","isPartOf":{"@id":"https:\/\/rad-pal.com.pl\/#website"},"primaryImageOfPage":{"@id":"https:\/\/rad-pal.com.pl\/sklep\/bez-kategorii\/pojemnik-pudelko-opakowanie-na-ciasto-tort-muffiny\/#primaryimage"},"image":{"@id":"https:\/\/rad-pal.com.pl\/sklep\/bez-kategorii\/pojemnik-pudelko-opakowanie-na-ciasto-tort-muffiny\/#primaryimage"},"thumbnailUrl":"https:\/\/rad-pal.com.pl\/wp-content\/uploads\/2026\/02\/d6f4b9ac81b0529e6c177c0d4d2b465b.jpg","datePublished":"2026-02-19T15:12:38+00:00","dateModified":"2026-02-19T15:39:01+00:00","breadcrumb":{"@id":"https:\/\/rad-pal.com.pl\/sklep\/bez-kategorii\/pojemnik-pudelko-opakowanie-na-ciasto-tort-muffiny\/#breadcrumb"},"inLanguage":"en-GB","potentialAction":[{"@type":"ReadAction","target":["https:\/\/rad-pal.com.pl\/sklep\/bez-kategorii\/pojemnik-pudelko-opakowanie-na-ciasto-tort-muffiny\/"]}]},{"@type":"ImageObject","inLanguage":"en-GB","@id":"https:\/\/rad-pal.com.pl\/sklep\/bez-kategorii\/pojemnik-pudelko-opakowanie-na-ciasto-tort-muffiny\/#primaryimage","url":"https:\/\/rad-pal.com.pl\/wp-content\/uploads\/2026\/02\/d6f4b9ac81b0529e6c177c0d4d2b465b.jpg","contentUrl":"https:\/\/rad-pal.com.pl\/wp-content\/uploads\/2026\/02\/d6f4b9ac81b0529e6c177c0d4d2b465b.jpg","width":2560,"height":2560,"caption":"848008e6ebe171597a012b98e8541462"},{"@type":"BreadcrumbList","@id":"https:\/\/rad-pal.com.pl\/sklep\/bez-kategorii\/pojemnik-pudelko-opakowanie-na-ciasto-tort-muffiny\/#breadcrumb","itemListElement":[{"@type":"ListItem","position":1,"name":"Strona g\u0142\u00f3wna","item":"https:\/\/rad-pal.com.pl\/"},{"@type":"ListItem","position":2,"name":"Sklep","item":"https:\/\/rad-pal.com.pl\/sklep\/"},{"@type":"ListItem","position":3,"name":"Pojemnik pude\u0142ko opakowanie na ciasto tort muffiny"}]},{"@type":"WebSite","@id":"https:\/\/rad-pal.com.pl\/#website","url":"https:\/\/rad-pal.com.pl\/","name":"Rad-Pal","description":"","publisher":{"@id":"https:\/\/rad-pal.com.pl\/#organization"},"potentialAction":[{"@type":"SearchAction","target":{"@type":"EntryPoint","urlTemplate":"https:\/\/rad-pal.com.pl\/?s={search_term_string}"},"query-input":{"@type":"PropertyValueSpecification","valueRequired":true,"valueName":"search_term_string"}}],"inLanguage":"en-GB"},{"@type":"Organization","@id":"https:\/\/rad-pal.com.pl\/#organization","name":"Rad-Pal","url":"https:\/\/rad-pal.com.pl\/","logo":{"@type":"ImageObject","inLanguage":"en-GB","@id":"https:\/\/rad-pal.com.pl\/#\/schema\/logo\/image\/","url":"https:\/\/rad-pal.com.pl\/wp-content\/uploads\/2026\/03\/Projekt-bez-nazwy-30.webp","contentUrl":"https:\/\/rad-pal.com.pl\/wp-content\/uploads\/2026\/03\/Projekt-bez-nazwy-30.webp","width":600,"height":210,"caption":"Rad-Pal"},"image":{"@id":"https:\/\/rad-pal.com.pl\/#\/schema\/logo\/image\/"}}]}},"_links":{"self":[{"href":"https:\/\/rad-pal.com.pl\/en\/wp-json\/wp\/v2\/product\/33120","targetHints":{"allow":["GET"]}}],"collection":[{"href":"https:\/\/rad-pal.com.pl\/en\/wp-json\/wp\/v2\/product"}],"about":[{"href":"https:\/\/rad-pal.com.pl\/en\/wp-json\/wp\/v2\/types\/product"}],"version-history":[{"count":0,"href":"https:\/\/rad-pal.com.pl\/en\/wp-json\/wp\/v2\/product\/33120\/revisions"}],"wp:featuredmedia":[{"embeddable":true,"href":"https:\/\/rad-pal.com.pl\/en\/wp-json\/wp\/v2\/media\/33110"}],"wp:attachment":[{"href":"https:\/\/rad-pal.com.pl\/en\/wp-json\/wp\/v2\/media?parent=33120"}],"wp:term":[{"taxonomy":"product_brand","embeddable":true,"href":"https:\/\/rad-pal.com.pl\/en\/wp-json\/wp\/v2\/product_brand?post=33120"},{"taxonomy":"product_cat","embeddable":true,"href":"https:\/\/rad-pal.com.pl\/en\/wp-json\/wp\/v2\/product_cat?post=33120"},{"taxonomy":"product_tag","embeddable":true,"href":"https:\/\/rad-pal.com.pl\/en\/wp-json\/wp\/v2\/product_tag?post=33120"}],"curies":[{"name":"wp","href":"https:\/\/api.w.org\/{rel}","templated":true}]}}