{"id":33154,"date":"2026-02-19T16:14:17","date_gmt":"2026-02-19T15:14:17","guid":{"rendered":"https:\/\/rad-pal.com.pl\/sklep\/bez-kategorii\/brytfanna-naczynie-do-pieczenia-relaxdays-1-l\/"},"modified":"2026-02-19T16:39:17","modified_gmt":"2026-02-19T15:39:17","slug":"brytfanna-naczynie-do-pieczenia-relaxdays-1-l","status":"publish","type":"product","link":"https:\/\/rad-pal.com.pl\/en\/sklep\/dom-i-ogrod\/wyposazenie\/przybory-kuchenne\/garnki-i-patelnie\/brytfanny\/brytfanna-naczynie-do-pieczenia-relaxdays-1-l\/","title":{"rendered":"Brytfanna naczynie do pieczenia Relaxdays 1 l"},"content":{"rendered":"<section class=\"section\">\n<div class=\"item item-6\">\n<section class=\"image-item\"><img decoding=\"async\" src=\"https:\/\/upload.cdn.baselinker.com\/products\/6014502\/a2d4cad1a4e563a79c48a077038e7125.jpg\" \/><\/section>\n<\/p><\/div>\n<div class=\"item item-6\">\n<section class=\"text-item\">\n<h1>\u2733\ufe0fOferowany przedmiot<\/h1>\n<h1>renomowanej firmy<\/h1>\n<h1>Relaxdays<\/h1>\n<\/section><\/div>\n<\/section>\n<section class=\"section\">\n<div class=\"item item-6\">\n<section class=\"text-item\">\n<h2>\u2733\ufe0fPalarnie z rusztem<\/h2>\n<p>\u27a1\ufe0fPalarnia ze stali nierdzewnej jest idealna do przygotowywania i duszenia warzyw, ziemniak\u00f3w, boczku lub kaczki.<\/p>\n<p>\u27a1\ufe0f\u017baroodporne naczynie \u017caroodporne znajduje si\u0119 w dobrych r\u0119kach na grillu lub w piekarniku i mo\u017ce by\u0107 transportowane za pomoc\u0105 bocznych uchwyt\u00f3w zawiasowych po przygotowaniu po\u017c\u0105danego naczynia.<\/p>\n<p>\u27a1\ufe0fJako prawdziwy wszechstronny, szwedzka miska to taca ociekowa, miska na wod\u0119, naczynie \u017caroodporne, uchwyt na \u017ceberka w tym samym czasie i mo\u017ce by\u0107 u\u017cywana w zale\u017cno\u015bci od po\u017c\u0105danego celu.<\/p>\n<p>\u27a1\ufe0fPo u\u017cyciu wystarczy wyczy\u015bci\u0107 palarni\u0119 w zmywarce.<\/p>\n<\/section><\/div>\n<div class=\"item item-6\">\n<section class=\"image-item\"><img decoding=\"async\" src=\"https:\/\/upload.cdn.baselinker.com\/products\/6014502\/8329c038895b1cadbb80323d85c3cdfc.jpg\" \/><\/section>\n<\/p><\/div>\n<\/section>\n<section class=\"section\">\n<div class=\"item item-6\">\n<section class=\"image-item\"><img decoding=\"async\" src=\"https:\/\/upload.cdn.baselinker.com\/products\/6014502\/82fb37443e662223c0951f80fbbe71fa.jpg\" \/><\/section>\n<\/p><\/div>\n<div class=\"item item-6\">\n<section class=\"text-item\">\n<h2>\u2733\ufe0fSolidna szwedzka miska<\/h2>\n<ul>\n<li>\u27a1\ufe0f\u0141atwe czyszczenie i mo\u017cna je my\u0107 w zmywarce<\/li>\n<\/ul>\n<ul>\n<li>\u27a1\ufe0fOdleg\u0142o\u015b\u0107 rowka rdzy: ok. 2 cm<\/li>\n<\/ul>\n<ul>\n<li>\u27a1\ufe0fOdporno\u015b\u0107 na temperatur\u0119 do 200 stopni<\/li>\n<\/ul>\n<ul>\n<li>\u27a1\ufe0fUchwyty z boku do przenoszenia<\/li>\n<\/ul>\n<\/section><\/div>\n<\/section>\n<section class=\"section\">\n<div class=\"item item-12\">\n<section class=\"text-item\">\n<h2>Specyfikacja:<\/h2>\n<ul>\n<li>Model XL wys. x szer. x g\u0142. 7 x 43 x 31 cm; 1 kg<\/li>\n<\/ul>\n<ul>\n<li>Wykonane ze stali nierdzewnej<\/li>\n<\/ul>\n<\/section><\/div>\n<\/section>\n<section class=\"section\">\n<div class=\"item item-12\">\n<section class=\"image-item\"><img decoding=\"async\" src=\"https:\/\/upload.cdn.baselinker.com\/products\/6014502\/1b4f6ff725196f04809b58e0e1c5cd3f.jpg\" \/><\/section>\n<\/p><\/div>\n<\/section>\n<section class=\"section\">\n<div class=\"item item-12\">\n<section class=\"text-item\">\n<p>9<\/p>\n<\/section><\/div>\n<\/section>","protected":false},"excerpt":{"rendered":"<p>\u2733\ufe0fOferowany przedmiot renomowanej firmy Relaxdays \u2733\ufe0fPalarnie z rusztem \u27a1\ufe0fPalarnia ze stali nierdzewnej jest idealna do przygotowywania i duszenia warzyw, ziemniak\u00f3w,<\/p>","protected":false},"featured_media":33145,"template":"","meta":[],"product_brand":[],"product_cat":[431,86,205,88,87],"product_tag":[],"class_list":{"0":"post-33154","1":"product","2":"type-product","3":"status-publish","4":"has-post-thumbnail","6":"product_cat-brytfanny","7":"product_cat-dom-i-ogrod","8":"product_cat-garnki-i-patelnie","9":"product_cat-przybory-kuchenne","10":"product_cat-wyposazenie","12":"first","13":"instock","14":"taxable","15":"shipping-taxable","16":"purchasable","17":"product-type-simple"},"yoast_head":"<!-- This site is optimized with the Yoast SEO plugin v25.7 - https:\/\/yoast.com\/wordpress\/plugins\/seo\/ -->\n<title>Brytfanna naczynie do pieczenia Relaxdays 1 l - Rad-Pal<\/title>\n<meta name=\"robots\" content=\"index, follow, max-snippet:-1, max-image-preview:large, max-video-preview:-1\" \/>\n<link rel=\"canonical\" href=\"https:\/\/rad-pal.com.pl\/en\/sklep\/bez-kategorii\/brytfanna-naczynie-do-pieczenia-relaxdays-1-l\/\" \/>\n<meta property=\"og:locale\" content=\"en_GB\" \/>\n<meta property=\"og:type\" content=\"article\" \/>\n<meta property=\"og:title\" content=\"Brytfanna naczynie do pieczenia Relaxdays 1 l - Rad-Pal\" \/>\n<meta property=\"og:description\" content=\"\u2733\ufe0fOferowany przedmiot renomowanej firmy Relaxdays \u2733\ufe0fPalarnie z rusztem \u27a1\ufe0fPalarnia ze stali nierdzewnej jest idealna do przygotowywania i duszenia warzyw, ziemniak\u00f3w,\" \/>\n<meta property=\"og:url\" content=\"https:\/\/rad-pal.com.pl\/en\/sklep\/bez-kategorii\/brytfanna-naczynie-do-pieczenia-relaxdays-1-l\/\" \/>\n<meta property=\"og:site_name\" content=\"Rad-Pal\" \/>\n<meta property=\"article:modified_time\" content=\"2026-02-19T15:39:17+00:00\" \/>\n<meta property=\"og:image\" content=\"https:\/\/upload.cdn.baselinker.com\/products\/6014502\/a2d4cad1a4e563a79c48a077038e7125.jpg\" \/>\n<meta name=\"twitter:card\" content=\"summary_large_image\" \/>\n<meta name=\"twitter:label1\" content=\"Estimated reading time\" \/>\n\t<meta name=\"twitter:data1\" content=\"1 minute\" \/>\n<script type=\"application\/ld+json\" class=\"yoast-schema-graph\">{\"@context\":\"https:\/\/schema.org\",\"@graph\":[{\"@type\":\"WebPage\",\"@id\":\"https:\/\/rad-pal.com.pl\/sklep\/bez-kategorii\/brytfanna-naczynie-do-pieczenia-relaxdays-1-l\/\",\"url\":\"https:\/\/rad-pal.com.pl\/sklep\/bez-kategorii\/brytfanna-naczynie-do-pieczenia-relaxdays-1-l\/\",\"name\":\"Brytfanna naczynie do pieczenia Relaxdays 1 l - Rad-Pal\",\"isPartOf\":{\"@id\":\"https:\/\/rad-pal.com.pl\/#website\"},\"primaryImageOfPage\":{\"@id\":\"https:\/\/rad-pal.com.pl\/sklep\/bez-kategorii\/brytfanna-naczynie-do-pieczenia-relaxdays-1-l\/#primaryimage\"},\"image\":{\"@id\":\"https:\/\/rad-pal.com.pl\/sklep\/bez-kategorii\/brytfanna-naczynie-do-pieczenia-relaxdays-1-l\/#primaryimage\"},\"thumbnailUrl\":\"https:\/\/rad-pal.com.pl\/wp-content\/uploads\/2026\/02\/a2d4cad1a4e563a79c48a077038e7125.jpg\",\"datePublished\":\"2026-02-19T15:14:17+00:00\",\"dateModified\":\"2026-02-19T15:39:17+00:00\",\"breadcrumb\":{\"@id\":\"https:\/\/rad-pal.com.pl\/sklep\/bez-kategorii\/brytfanna-naczynie-do-pieczenia-relaxdays-1-l\/#breadcrumb\"},\"inLanguage\":\"en-GB\",\"potentialAction\":[{\"@type\":\"ReadAction\",\"target\":[\"https:\/\/rad-pal.com.pl\/sklep\/bez-kategorii\/brytfanna-naczynie-do-pieczenia-relaxdays-1-l\/\"]}]},{\"@type\":\"ImageObject\",\"inLanguage\":\"en-GB\",\"@id\":\"https:\/\/rad-pal.com.pl\/sklep\/bez-kategorii\/brytfanna-naczynie-do-pieczenia-relaxdays-1-l\/#primaryimage\",\"url\":\"https:\/\/rad-pal.com.pl\/wp-content\/uploads\/2026\/02\/a2d4cad1a4e563a79c48a077038e7125.jpg\",\"contentUrl\":\"https:\/\/rad-pal.com.pl\/wp-content\/uploads\/2026\/02\/a2d4cad1a4e563a79c48a077038e7125.jpg\",\"width\":2560,\"height\":2560,\"caption\":\"1630bd19c66a842aeabdd71445fb1411\"},{\"@type\":\"BreadcrumbList\",\"@id\":\"https:\/\/rad-pal.com.pl\/sklep\/bez-kategorii\/brytfanna-naczynie-do-pieczenia-relaxdays-1-l\/#breadcrumb\",\"itemListElement\":[{\"@type\":\"ListItem\",\"position\":1,\"name\":\"Strona g\u0142\u00f3wna\",\"item\":\"https:\/\/rad-pal.com.pl\/\"},{\"@type\":\"ListItem\",\"position\":2,\"name\":\"Sklep\",\"item\":\"https:\/\/rad-pal.com.pl\/sklep\/\"},{\"@type\":\"ListItem\",\"position\":3,\"name\":\"Brytfanna naczynie do pieczenia Relaxdays 1 l\"}]},{\"@type\":\"WebSite\",\"@id\":\"https:\/\/rad-pal.com.pl\/#website\",\"url\":\"https:\/\/rad-pal.com.pl\/\",\"name\":\"Rad-Pal\",\"description\":\"\",\"publisher\":{\"@id\":\"https:\/\/rad-pal.com.pl\/#organization\"},\"potentialAction\":[{\"@type\":\"SearchAction\",\"target\":{\"@type\":\"EntryPoint\",\"urlTemplate\":\"https:\/\/rad-pal.com.pl\/?s={search_term_string}\"},\"query-input\":{\"@type\":\"PropertyValueSpecification\",\"valueRequired\":true,\"valueName\":\"search_term_string\"}}],\"inLanguage\":\"en-GB\"},{\"@type\":\"Organization\",\"@id\":\"https:\/\/rad-pal.com.pl\/#organization\",\"name\":\"Rad-Pal\",\"url\":\"https:\/\/rad-pal.com.pl\/\",\"logo\":{\"@type\":\"ImageObject\",\"inLanguage\":\"en-GB\",\"@id\":\"https:\/\/rad-pal.com.pl\/#\/schema\/logo\/image\/\",\"url\":\"https:\/\/rad-pal.com.pl\/wp-content\/uploads\/2026\/03\/Projekt-bez-nazwy-30.webp\",\"contentUrl\":\"https:\/\/rad-pal.com.pl\/wp-content\/uploads\/2026\/03\/Projekt-bez-nazwy-30.webp\",\"width\":600,\"height\":210,\"caption\":\"Rad-Pal\"},\"image\":{\"@id\":\"https:\/\/rad-pal.com.pl\/#\/schema\/logo\/image\/\"}}]}<\/script>\n<!-- \/ Yoast SEO plugin. -->","yoast_head_json":{"title":"Brytfanna naczynie do pieczenia Relaxdays 1 l - Rad-Pal","robots":{"index":"index","follow":"follow","max-snippet":"max-snippet:-1","max-image-preview":"max-image-preview:large","max-video-preview":"max-video-preview:-1"},"canonical":"https:\/\/rad-pal.com.pl\/en\/sklep\/bez-kategorii\/brytfanna-naczynie-do-pieczenia-relaxdays-1-l\/","og_locale":"en_GB","og_type":"article","og_title":"Brytfanna naczynie do pieczenia Relaxdays 1 l - Rad-Pal","og_description":"\u2733\ufe0fOferowany przedmiot renomowanej firmy Relaxdays \u2733\ufe0fPalarnie z rusztem \u27a1\ufe0fPalarnia ze stali nierdzewnej jest idealna do przygotowywania i duszenia warzyw, ziemniak\u00f3w,","og_url":"https:\/\/rad-pal.com.pl\/en\/sklep\/bez-kategorii\/brytfanna-naczynie-do-pieczenia-relaxdays-1-l\/","og_site_name":"Rad-Pal","article_modified_time":"2026-02-19T15:39:17+00:00","og_image":[{"url":"https:\/\/upload.cdn.baselinker.com\/products\/6014502\/a2d4cad1a4e563a79c48a077038e7125.jpg","type":"","width":"","height":""}],"twitter_card":"summary_large_image","twitter_misc":{"Estimated reading time":"1 minute"},"schema":{"@context":"https:\/\/schema.org","@graph":[{"@type":"WebPage","@id":"https:\/\/rad-pal.com.pl\/sklep\/bez-kategorii\/brytfanna-naczynie-do-pieczenia-relaxdays-1-l\/","url":"https:\/\/rad-pal.com.pl\/sklep\/bez-kategorii\/brytfanna-naczynie-do-pieczenia-relaxdays-1-l\/","name":"Brytfanna naczynie do pieczenia Relaxdays 1 l - Rad-Pal","isPartOf":{"@id":"https:\/\/rad-pal.com.pl\/#website"},"primaryImageOfPage":{"@id":"https:\/\/rad-pal.com.pl\/sklep\/bez-kategorii\/brytfanna-naczynie-do-pieczenia-relaxdays-1-l\/#primaryimage"},"image":{"@id":"https:\/\/rad-pal.com.pl\/sklep\/bez-kategorii\/brytfanna-naczynie-do-pieczenia-relaxdays-1-l\/#primaryimage"},"thumbnailUrl":"https:\/\/rad-pal.com.pl\/wp-content\/uploads\/2026\/02\/a2d4cad1a4e563a79c48a077038e7125.jpg","datePublished":"2026-02-19T15:14:17+00:00","dateModified":"2026-02-19T15:39:17+00:00","breadcrumb":{"@id":"https:\/\/rad-pal.com.pl\/sklep\/bez-kategorii\/brytfanna-naczynie-do-pieczenia-relaxdays-1-l\/#breadcrumb"},"inLanguage":"en-GB","potentialAction":[{"@type":"ReadAction","target":["https:\/\/rad-pal.com.pl\/sklep\/bez-kategorii\/brytfanna-naczynie-do-pieczenia-relaxdays-1-l\/"]}]},{"@type":"ImageObject","inLanguage":"en-GB","@id":"https:\/\/rad-pal.com.pl\/sklep\/bez-kategorii\/brytfanna-naczynie-do-pieczenia-relaxdays-1-l\/#primaryimage","url":"https:\/\/rad-pal.com.pl\/wp-content\/uploads\/2026\/02\/a2d4cad1a4e563a79c48a077038e7125.jpg","contentUrl":"https:\/\/rad-pal.com.pl\/wp-content\/uploads\/2026\/02\/a2d4cad1a4e563a79c48a077038e7125.jpg","width":2560,"height":2560,"caption":"1630bd19c66a842aeabdd71445fb1411"},{"@type":"BreadcrumbList","@id":"https:\/\/rad-pal.com.pl\/sklep\/bez-kategorii\/brytfanna-naczynie-do-pieczenia-relaxdays-1-l\/#breadcrumb","itemListElement":[{"@type":"ListItem","position":1,"name":"Strona g\u0142\u00f3wna","item":"https:\/\/rad-pal.com.pl\/"},{"@type":"ListItem","position":2,"name":"Sklep","item":"https:\/\/rad-pal.com.pl\/sklep\/"},{"@type":"ListItem","position":3,"name":"Brytfanna naczynie do pieczenia Relaxdays 1 l"}]},{"@type":"WebSite","@id":"https:\/\/rad-pal.com.pl\/#website","url":"https:\/\/rad-pal.com.pl\/","name":"Rad-Pal","description":"","publisher":{"@id":"https:\/\/rad-pal.com.pl\/#organization"},"potentialAction":[{"@type":"SearchAction","target":{"@type":"EntryPoint","urlTemplate":"https:\/\/rad-pal.com.pl\/?s={search_term_string}"},"query-input":{"@type":"PropertyValueSpecification","valueRequired":true,"valueName":"search_term_string"}}],"inLanguage":"en-GB"},{"@type":"Organization","@id":"https:\/\/rad-pal.com.pl\/#organization","name":"Rad-Pal","url":"https:\/\/rad-pal.com.pl\/","logo":{"@type":"ImageObject","inLanguage":"en-GB","@id":"https:\/\/rad-pal.com.pl\/#\/schema\/logo\/image\/","url":"https:\/\/rad-pal.com.pl\/wp-content\/uploads\/2026\/03\/Projekt-bez-nazwy-30.webp","contentUrl":"https:\/\/rad-pal.com.pl\/wp-content\/uploads\/2026\/03\/Projekt-bez-nazwy-30.webp","width":600,"height":210,"caption":"Rad-Pal"},"image":{"@id":"https:\/\/rad-pal.com.pl\/#\/schema\/logo\/image\/"}}]}},"_links":{"self":[{"href":"https:\/\/rad-pal.com.pl\/en\/wp-json\/wp\/v2\/product\/33154","targetHints":{"allow":["GET"]}}],"collection":[{"href":"https:\/\/rad-pal.com.pl\/en\/wp-json\/wp\/v2\/product"}],"about":[{"href":"https:\/\/rad-pal.com.pl\/en\/wp-json\/wp\/v2\/types\/product"}],"version-history":[{"count":0,"href":"https:\/\/rad-pal.com.pl\/en\/wp-json\/wp\/v2\/product\/33154\/revisions"}],"wp:featuredmedia":[{"embeddable":true,"href":"https:\/\/rad-pal.com.pl\/en\/wp-json\/wp\/v2\/media\/33145"}],"wp:attachment":[{"href":"https:\/\/rad-pal.com.pl\/en\/wp-json\/wp\/v2\/media?parent=33154"}],"wp:term":[{"taxonomy":"product_brand","embeddable":true,"href":"https:\/\/rad-pal.com.pl\/en\/wp-json\/wp\/v2\/product_brand?post=33154"},{"taxonomy":"product_cat","embeddable":true,"href":"https:\/\/rad-pal.com.pl\/en\/wp-json\/wp\/v2\/product_cat?post=33154"},{"taxonomy":"product_tag","embeddable":true,"href":"https:\/\/rad-pal.com.pl\/en\/wp-json\/wp\/v2\/product_tag?post=33154"}],"curies":[{"name":"wp","href":"https:\/\/api.w.org\/{rel}","templated":true}]}}