{"id":33230,"date":"2026-02-19T16:17:13","date_gmt":"2026-02-19T15:17:13","guid":{"rendered":"https:\/\/rad-pal.com.pl\/sklep\/bez-kategorii\/atrapa-kamery-monitoringowej-relaxdays-00\/"},"modified":"2026-03-23T14:24:32","modified_gmt":"2026-03-23T13:24:32","slug":"atrapa-kamery-monitoringowej-relaxdays-00","status":"publish","type":"product","link":"https:\/\/rad-pal.com.pl\/en\/sklep\/elektronika\/rtv-i-agd\/tv-i-video\/telewizja-przemyslowa\/atrapy\/atrapa-kamery-monitoringowej-relaxdays-00\/","title":{"rendered":"Atrapa kamery monitoringowej Relaxdays 00"},"content":{"rendered":"<section class=\"section\">\n<div class=\"item item-12\">\n<section class=\"text-item\">\n<h2>\u2733\ufe0fAtrapa kamery monitoringowej \u015bcienna D121<\/h2>\n<p>Relaxdays<\/p>\n<p>\ufffdBia\u0142a atrapa kamery monitoruj\u0105cej do zastosowa\u0144 wewn\u0119trznych i zewn\u0119trznych Dzi\u0119ki atrapie kamery monitoruj\u0105cej mo\u017cesz poprawi\u0107 bezpiecze\u0144stwo w swoim domu przy niskich kosztach i niewielkim wysi\u0142ku. Fa\u0142szywa kamera w realistycznym kszta\u0142cie kopu\u0142y posiada migaj\u0105ce \u015bwiat\u0142o LED, kt\u00f3re tworzy iluzj\u0119 prawdziwego monitoringu. Dzi\u0119ki z\u0142udnie rzeczywistej konstrukcji potencjalni z\u0142odzieje i w\u0142amywacze s\u0105 odstraszani. Wykonana z wytrzyma\u0142ego tworzywa sztucznego atrapa kamery mo\u017ce by\u0107 stosowana zar\u00f3wno w pomieszczeniach jak i na zewn\u0105trz.<\/p>\n<\/section><\/div>\n<\/section>\n<section class=\"section\">\n<div class=\"item item-12\">\n<section class=\"image-item\"><img decoding=\"async\" src=\"https:\/\/upload.cdn.baselinker.com\/products\/6014502\/8aec890ce876c6041594a0677d8ab303.jpg\" \/><\/section>\n<\/p><\/div>\n<\/section>\n<section class=\"section\">\n<div class=\"item item-6\">\n<section class=\"text-item\">\n<p>Atrapa monitoringu dla wi\u0119kszego bezpiecze\u0144stwa atrapa kamery wygl\u0105da jak prawdziwa czerwone migaj\u0105ce \u015bwiat\u0142o LED sugeruje funkcj\u0119 nagrywania nadaje si\u0119 do u\u017cytku wewn\u0105trz i na zewn\u0105trz zawiera materia\u0142 monta\u017cowy do mocowania na \u015bcianie do ochrony przed wandalizmem, kradzie\u017c\u0105 i w\u0142amaniem<\/p>\n<p>\u27a1\ufe0fAtrapa kamery w szczeg\u00f3\u0142ach \u27a1\ufe0fwymiary ca\u0142kowite: ok. 23,5 x 12,5 x 14 cm (wys. x szer. x d\u0142.) \u27a1\ufe0fzasilanie na baterie: 2x AA \u27a1\ufe0fwaga: ok. 240 g materia\u0142: \u27a1\ufe0ftworzywo sztuczne kolor: bia\u0142y<\/p>\n<\/section><\/div>\n<div class=\"item item-6\">\n<section class=\"image-item\"><img decoding=\"async\" src=\"https:\/\/upload.cdn.baselinker.com\/products\/6014502\/80f8613a0f327b9c089f48cf78b374ba.jpg\" \/><\/section>\n<\/p><\/div>\n<\/section>\n<section class=\"section\">\n<div class=\"item item-12\">\n<section class=\"image-item\"><img decoding=\"async\" src=\"https:\/\/upload.cdn.baselinker.com\/products\/6014502\/239fd72632fb1e2cdb4bdaa8641f759f.jpg\" \/><\/section>\n<\/p><\/div>\n<\/section>\n<section class=\"section\">\n<div class=\"item item-12\">\n<section class=\"text-item\">\n<p>9<\/p>\n<\/section><\/div>\n<\/section>","protected":false},"excerpt":{"rendered":"<p>\u2733\ufe0fAtrapa kamery monitoringowej \u015bcienna D121 Relaxdays \ufffdBia\u0142a atrapa kamery monitoruj\u0105cej do zastosowa\u0144 wewn\u0119trznych i zewn\u0119trznych Dzi\u0119ki atrapie kamery monitoruj\u0105cej mo\u017cesz<\/p>","protected":false},"featured_media":33227,"template":"","meta":[],"product_brand":[],"product_cat":[439,235,236,438,437],"product_tag":[],"class_list":{"0":"post-33230","1":"product","2":"type-product","3":"status-publish","4":"has-post-thumbnail","6":"product_cat-atrapy","7":"product_cat-elektronika","8":"product_cat-rtv-i-agd","9":"product_cat-telewizja-przemyslowa","10":"product_cat-tv-i-video","12":"first","13":"instock","14":"taxable","15":"shipping-taxable","16":"purchasable","17":"product-type-simple"},"yoast_head":"<!-- This site is optimized with the Yoast SEO plugin v25.7 - https:\/\/yoast.com\/wordpress\/plugins\/seo\/ -->\n<title>Atrapa kamery monitoringowej Relaxdays 00 - Rad-Pal<\/title>\n<meta name=\"robots\" content=\"index, follow, max-snippet:-1, max-image-preview:large, max-video-preview:-1\" \/>\n<link rel=\"canonical\" href=\"https:\/\/rad-pal.com.pl\/en\/sklep\/bez-kategorii\/atrapa-kamery-monitoringowej-relaxdays-00\/\" \/>\n<meta property=\"og:locale\" content=\"en_GB\" \/>\n<meta property=\"og:type\" content=\"article\" \/>\n<meta property=\"og:title\" content=\"Atrapa kamery monitoringowej Relaxdays 00 - Rad-Pal\" \/>\n<meta property=\"og:description\" content=\"\u2733\ufe0fAtrapa kamery monitoringowej \u015bcienna D121 Relaxdays \ufffdBia\u0142a atrapa kamery monitoruj\u0105cej do zastosowa\u0144 wewn\u0119trznych i zewn\u0119trznych Dzi\u0119ki atrapie kamery monitoruj\u0105cej mo\u017cesz\" \/>\n<meta property=\"og:url\" content=\"https:\/\/rad-pal.com.pl\/en\/sklep\/bez-kategorii\/atrapa-kamery-monitoringowej-relaxdays-00\/\" \/>\n<meta property=\"og:site_name\" content=\"Rad-Pal\" \/>\n<meta property=\"article:modified_time\" content=\"2026-03-23T13:24:32+00:00\" \/>\n<meta property=\"og:image\" content=\"https:\/\/upload.cdn.baselinker.com\/products\/6014502\/8aec890ce876c6041594a0677d8ab303.jpg\" \/>\n<meta name=\"twitter:card\" content=\"summary_large_image\" \/>\n<meta name=\"twitter:label1\" content=\"Estimated reading time\" \/>\n\t<meta name=\"twitter:data1\" content=\"1 minute\" \/>\n<script type=\"application\/ld+json\" class=\"yoast-schema-graph\">{\"@context\":\"https:\/\/schema.org\",\"@graph\":[{\"@type\":\"WebPage\",\"@id\":\"https:\/\/rad-pal.com.pl\/sklep\/bez-kategorii\/atrapa-kamery-monitoringowej-relaxdays-00\/\",\"url\":\"https:\/\/rad-pal.com.pl\/sklep\/bez-kategorii\/atrapa-kamery-monitoringowej-relaxdays-00\/\",\"name\":\"Atrapa kamery monitoringowej Relaxdays 00 - Rad-Pal\",\"isPartOf\":{\"@id\":\"https:\/\/rad-pal.com.pl\/#website\"},\"primaryImageOfPage\":{\"@id\":\"https:\/\/rad-pal.com.pl\/sklep\/bez-kategorii\/atrapa-kamery-monitoringowej-relaxdays-00\/#primaryimage\"},\"image\":{\"@id\":\"https:\/\/rad-pal.com.pl\/sklep\/bez-kategorii\/atrapa-kamery-monitoringowej-relaxdays-00\/#primaryimage\"},\"thumbnailUrl\":\"https:\/\/rad-pal.com.pl\/wp-content\/uploads\/2026\/02\/8aec890ce876c6041594a0677d8ab303.jpg\",\"datePublished\":\"2026-02-19T15:17:13+00:00\",\"dateModified\":\"2026-03-23T13:24:32+00:00\",\"breadcrumb\":{\"@id\":\"https:\/\/rad-pal.com.pl\/sklep\/bez-kategorii\/atrapa-kamery-monitoringowej-relaxdays-00\/#breadcrumb\"},\"inLanguage\":\"en-GB\",\"potentialAction\":[{\"@type\":\"ReadAction\",\"target\":[\"https:\/\/rad-pal.com.pl\/sklep\/bez-kategorii\/atrapa-kamery-monitoringowej-relaxdays-00\/\"]}]},{\"@type\":\"ImageObject\",\"inLanguage\":\"en-GB\",\"@id\":\"https:\/\/rad-pal.com.pl\/sklep\/bez-kategorii\/atrapa-kamery-monitoringowej-relaxdays-00\/#primaryimage\",\"url\":\"https:\/\/rad-pal.com.pl\/wp-content\/uploads\/2026\/02\/8aec890ce876c6041594a0677d8ab303.jpg\",\"contentUrl\":\"https:\/\/rad-pal.com.pl\/wp-content\/uploads\/2026\/02\/8aec890ce876c6041594a0677d8ab303.jpg\",\"width\":2560,\"height\":2560,\"caption\":\"1baf9b09d1be61c82db13cc93314209d\"},{\"@type\":\"BreadcrumbList\",\"@id\":\"https:\/\/rad-pal.com.pl\/sklep\/bez-kategorii\/atrapa-kamery-monitoringowej-relaxdays-00\/#breadcrumb\",\"itemListElement\":[{\"@type\":\"ListItem\",\"position\":1,\"name\":\"Strona g\u0142\u00f3wna\",\"item\":\"https:\/\/rad-pal.com.pl\/\"},{\"@type\":\"ListItem\",\"position\":2,\"name\":\"Sklep\",\"item\":\"https:\/\/rad-pal.com.pl\/sklep\/\"},{\"@type\":\"ListItem\",\"position\":3,\"name\":\"Atrapa kamery monitoringowej Relaxdays 00\"}]},{\"@type\":\"WebSite\",\"@id\":\"https:\/\/rad-pal.com.pl\/#website\",\"url\":\"https:\/\/rad-pal.com.pl\/\",\"name\":\"Rad-Pal\",\"description\":\"\",\"publisher\":{\"@id\":\"https:\/\/rad-pal.com.pl\/#organization\"},\"potentialAction\":[{\"@type\":\"SearchAction\",\"target\":{\"@type\":\"EntryPoint\",\"urlTemplate\":\"https:\/\/rad-pal.com.pl\/?s={search_term_string}\"},\"query-input\":{\"@type\":\"PropertyValueSpecification\",\"valueRequired\":true,\"valueName\":\"search_term_string\"}}],\"inLanguage\":\"en-GB\"},{\"@type\":\"Organization\",\"@id\":\"https:\/\/rad-pal.com.pl\/#organization\",\"name\":\"Rad-Pal\",\"url\":\"https:\/\/rad-pal.com.pl\/\",\"logo\":{\"@type\":\"ImageObject\",\"inLanguage\":\"en-GB\",\"@id\":\"https:\/\/rad-pal.com.pl\/#\/schema\/logo\/image\/\",\"url\":\"https:\/\/rad-pal.com.pl\/wp-content\/uploads\/2026\/03\/Projekt-bez-nazwy-30.webp\",\"contentUrl\":\"https:\/\/rad-pal.com.pl\/wp-content\/uploads\/2026\/03\/Projekt-bez-nazwy-30.webp\",\"width\":600,\"height\":210,\"caption\":\"Rad-Pal\"},\"image\":{\"@id\":\"https:\/\/rad-pal.com.pl\/#\/schema\/logo\/image\/\"}}]}<\/script>\n<!-- \/ Yoast SEO plugin. -->","yoast_head_json":{"title":"Atrapa kamery monitoringowej Relaxdays 00 - Rad-Pal","robots":{"index":"index","follow":"follow","max-snippet":"max-snippet:-1","max-image-preview":"max-image-preview:large","max-video-preview":"max-video-preview:-1"},"canonical":"https:\/\/rad-pal.com.pl\/en\/sklep\/bez-kategorii\/atrapa-kamery-monitoringowej-relaxdays-00\/","og_locale":"en_GB","og_type":"article","og_title":"Atrapa kamery monitoringowej Relaxdays 00 - Rad-Pal","og_description":"\u2733\ufe0fAtrapa kamery monitoringowej \u015bcienna D121 Relaxdays \ufffdBia\u0142a atrapa kamery monitoruj\u0105cej do zastosowa\u0144 wewn\u0119trznych i zewn\u0119trznych Dzi\u0119ki atrapie kamery monitoruj\u0105cej mo\u017cesz","og_url":"https:\/\/rad-pal.com.pl\/en\/sklep\/bez-kategorii\/atrapa-kamery-monitoringowej-relaxdays-00\/","og_site_name":"Rad-Pal","article_modified_time":"2026-03-23T13:24:32+00:00","og_image":[{"url":"https:\/\/upload.cdn.baselinker.com\/products\/6014502\/8aec890ce876c6041594a0677d8ab303.jpg","type":"","width":"","height":""}],"twitter_card":"summary_large_image","twitter_misc":{"Estimated reading time":"1 minute"},"schema":{"@context":"https:\/\/schema.org","@graph":[{"@type":"WebPage","@id":"https:\/\/rad-pal.com.pl\/sklep\/bez-kategorii\/atrapa-kamery-monitoringowej-relaxdays-00\/","url":"https:\/\/rad-pal.com.pl\/sklep\/bez-kategorii\/atrapa-kamery-monitoringowej-relaxdays-00\/","name":"Atrapa kamery monitoringowej Relaxdays 00 - Rad-Pal","isPartOf":{"@id":"https:\/\/rad-pal.com.pl\/#website"},"primaryImageOfPage":{"@id":"https:\/\/rad-pal.com.pl\/sklep\/bez-kategorii\/atrapa-kamery-monitoringowej-relaxdays-00\/#primaryimage"},"image":{"@id":"https:\/\/rad-pal.com.pl\/sklep\/bez-kategorii\/atrapa-kamery-monitoringowej-relaxdays-00\/#primaryimage"},"thumbnailUrl":"https:\/\/rad-pal.com.pl\/wp-content\/uploads\/2026\/02\/8aec890ce876c6041594a0677d8ab303.jpg","datePublished":"2026-02-19T15:17:13+00:00","dateModified":"2026-03-23T13:24:32+00:00","breadcrumb":{"@id":"https:\/\/rad-pal.com.pl\/sklep\/bez-kategorii\/atrapa-kamery-monitoringowej-relaxdays-00\/#breadcrumb"},"inLanguage":"en-GB","potentialAction":[{"@type":"ReadAction","target":["https:\/\/rad-pal.com.pl\/sklep\/bez-kategorii\/atrapa-kamery-monitoringowej-relaxdays-00\/"]}]},{"@type":"ImageObject","inLanguage":"en-GB","@id":"https:\/\/rad-pal.com.pl\/sklep\/bez-kategorii\/atrapa-kamery-monitoringowej-relaxdays-00\/#primaryimage","url":"https:\/\/rad-pal.com.pl\/wp-content\/uploads\/2026\/02\/8aec890ce876c6041594a0677d8ab303.jpg","contentUrl":"https:\/\/rad-pal.com.pl\/wp-content\/uploads\/2026\/02\/8aec890ce876c6041594a0677d8ab303.jpg","width":2560,"height":2560,"caption":"1baf9b09d1be61c82db13cc93314209d"},{"@type":"BreadcrumbList","@id":"https:\/\/rad-pal.com.pl\/sklep\/bez-kategorii\/atrapa-kamery-monitoringowej-relaxdays-00\/#breadcrumb","itemListElement":[{"@type":"ListItem","position":1,"name":"Strona g\u0142\u00f3wna","item":"https:\/\/rad-pal.com.pl\/"},{"@type":"ListItem","position":2,"name":"Sklep","item":"https:\/\/rad-pal.com.pl\/sklep\/"},{"@type":"ListItem","position":3,"name":"Atrapa kamery monitoringowej Relaxdays 00"}]},{"@type":"WebSite","@id":"https:\/\/rad-pal.com.pl\/#website","url":"https:\/\/rad-pal.com.pl\/","name":"Rad-Pal","description":"","publisher":{"@id":"https:\/\/rad-pal.com.pl\/#organization"},"potentialAction":[{"@type":"SearchAction","target":{"@type":"EntryPoint","urlTemplate":"https:\/\/rad-pal.com.pl\/?s={search_term_string}"},"query-input":{"@type":"PropertyValueSpecification","valueRequired":true,"valueName":"search_term_string"}}],"inLanguage":"en-GB"},{"@type":"Organization","@id":"https:\/\/rad-pal.com.pl\/#organization","name":"Rad-Pal","url":"https:\/\/rad-pal.com.pl\/","logo":{"@type":"ImageObject","inLanguage":"en-GB","@id":"https:\/\/rad-pal.com.pl\/#\/schema\/logo\/image\/","url":"https:\/\/rad-pal.com.pl\/wp-content\/uploads\/2026\/03\/Projekt-bez-nazwy-30.webp","contentUrl":"https:\/\/rad-pal.com.pl\/wp-content\/uploads\/2026\/03\/Projekt-bez-nazwy-30.webp","width":600,"height":210,"caption":"Rad-Pal"},"image":{"@id":"https:\/\/rad-pal.com.pl\/#\/schema\/logo\/image\/"}}]}},"_links":{"self":[{"href":"https:\/\/rad-pal.com.pl\/en\/wp-json\/wp\/v2\/product\/33230","targetHints":{"allow":["GET"]}}],"collection":[{"href":"https:\/\/rad-pal.com.pl\/en\/wp-json\/wp\/v2\/product"}],"about":[{"href":"https:\/\/rad-pal.com.pl\/en\/wp-json\/wp\/v2\/types\/product"}],"version-history":[{"count":0,"href":"https:\/\/rad-pal.com.pl\/en\/wp-json\/wp\/v2\/product\/33230\/revisions"}],"wp:featuredmedia":[{"embeddable":true,"href":"https:\/\/rad-pal.com.pl\/en\/wp-json\/wp\/v2\/media\/33227"}],"wp:attachment":[{"href":"https:\/\/rad-pal.com.pl\/en\/wp-json\/wp\/v2\/media?parent=33230"}],"wp:term":[{"taxonomy":"product_brand","embeddable":true,"href":"https:\/\/rad-pal.com.pl\/en\/wp-json\/wp\/v2\/product_brand?post=33230"},{"taxonomy":"product_cat","embeddable":true,"href":"https:\/\/rad-pal.com.pl\/en\/wp-json\/wp\/v2\/product_cat?post=33230"},{"taxonomy":"product_tag","embeddable":true,"href":"https:\/\/rad-pal.com.pl\/en\/wp-json\/wp\/v2\/product_tag?post=33230"}],"curies":[{"name":"wp","href":"https:\/\/api.w.org\/{rel}","templated":true}]}}