{"id":33321,"date":"2026-02-19T16:20:36","date_gmt":"2026-02-19T15:20:36","guid":{"rendered":"https:\/\/rad-pal.com.pl\/sklep\/bez-kategorii\/kosz-3-litrowy-relaxdays\/"},"modified":"2026-02-19T16:40:26","modified_gmt":"2026-02-19T15:40:26","slug":"kosz-3-litrowy-relaxdays","status":"publish","type":"product","link":"https:\/\/rad-pal.com.pl\/en\/sklep\/supermarket\/utrzymanie-czystosci\/akcesoria-do-prania-i-sprzatania\/kosze-na-smieci-akcesoria-do-prania-i-sprzatania\/kosz-3-litrowy-relaxdays\/","title":{"rendered":"KOSZ 3 LITROWY-RELAXDAYS"},"content":{"rendered":"<section class=\"section\">\n<div class=\"item item-12\">\n<section class=\"text-item\">\n<h1>\u2733\ufe0fKosz na \u015bmieci z automatycznym opuszczaniem<\/h1>\n<\/section><\/div>\n<\/section>\n<section class=\"section\">\n<div class=\"item item-6\">\n<section class=\"image-item\"><img decoding=\"async\" src=\"https:\/\/upload.cdn.baselinker.com\/products\/6014502\/e432ce44e9a38469d31e17fb0a3eb6d6.jpg\" \/><\/section>\n<\/p><\/div>\n<div class=\"item item-6\">\n<section class=\"text-item\">\n<h1>\u2733\ufe0fNowoczesny kosz na \u015bmieci do \u0142azienki<\/h1>\n<\/section><\/div>\n<\/section>\n<section class=\"section\">\n<div class=\"item item-12\">\n<section class=\"text-item\">\n<p>\u27a1\ufe0fdo odpadk\u00f3w w \u0142azience, przy toaletce lub w kuchni<\/p>\n<p>\u27a1\ufe0fdo monta\u017cu na \u015bcianie &#8211; wygodne wyrzucanie \u015bmieci bez schylania si\u0119<\/p>\n<p>\u27a1\ufe0fpokrywa zamyka si\u0119 wyj\u0105tkowo delikatnie i cicho dzi\u0119ki funkcji cichy domyk<\/p>\n<p>\u27a1\ufe0fwyjmowany wewn\u0119trzny pojemnik z tworzywa sztucznego u\u0142atwia opr\u00f3\u017cnianie<\/p>\n<p>\u27a1\ufe0felegancki design z matowego metalu do nowoczesnych \u0142azienek<\/p>\n<\/section><\/div>\n<\/section>\n<section class=\"section\">\n<div class=\"item item-6\">\n<section class=\"text-item\">\n<p>Ten kosz na \u015bmieci do monta\u017cu na \u015bcianie umo\u017cliwia wygodne wyrzucanie \u015bmieci bez konieczno\u015bci schylania si\u0119. Zamontuj wisz\u0105cy kosz na \u015bmieci na \u017c\u0105danej wysoko\u015bci i otwieraj go wygodnie za pomoc\u0105 uchwytu. Dzi\u0119ki automatycznemu mechanizmowi opuszczania pokrywa zamyka si\u0119 delikatnie i cicho. Gdy nadejdzie pora wyrzucenia \u015bmieci, plastikowy pojemnik wewn\u0119trzny mo\u017cna \u0142atwo wyj\u0105\u0107. Ponadto ten higieniczny kosz zachwyca ponadczasowym wzornictwem z matowego metalu.<\/p>\n<\/section><\/div>\n<div class=\"item item-6\">\n<section class=\"image-item\"><img decoding=\"async\" src=\"https:\/\/upload.cdn.baselinker.com\/products\/6014502\/dd4a14ee4b46894845916f57afe1fe2d.jpg\" \/><\/section>\n<\/p><\/div>\n<\/section>\n<section class=\"section\">\n<div class=\"item item-12\">\n<section class=\"text-item\">\n<p>10<\/p>\n<\/section><\/div>\n<\/section>","protected":false},"excerpt":{"rendered":"<p>\u2733\ufe0fKosz na \u015bmieci z automatycznym opuszczaniem \u2733\ufe0fNowoczesny kosz na \u015bmieci do \u0142azienki \u27a1\ufe0fdo odpadk\u00f3w w \u0142azience, przy toaletce lub w<\/p>","protected":false},"featured_media":33314,"template":"","meta":[],"product_brand":[],"product_cat":[226,445,97,225],"product_tag":[],"class_list":{"0":"post-33321","1":"product","2":"type-product","3":"status-publish","4":"has-post-thumbnail","6":"product_cat-akcesoria-do-prania-i-sprzatania","7":"product_cat-kosze-na-smieci-akcesoria-do-prania-i-sprzatania","8":"product_cat-supermarket","9":"product_cat-utrzymanie-czystosci","11":"first","12":"instock","13":"taxable","14":"shipping-taxable","15":"purchasable","16":"product-type-simple"},"yoast_head":"<!-- This site is optimized with the Yoast SEO plugin v25.7 - https:\/\/yoast.com\/wordpress\/plugins\/seo\/ -->\n<title>KOSZ 3 LITROWY-RELAXDAYS - Rad-Pal<\/title>\n<meta name=\"robots\" content=\"index, follow, max-snippet:-1, max-image-preview:large, max-video-preview:-1\" \/>\n<link rel=\"canonical\" href=\"https:\/\/rad-pal.com.pl\/en\/sklep\/bez-kategorii\/kosz-3-litrowy-relaxdays\/\" \/>\n<meta property=\"og:locale\" content=\"en_GB\" \/>\n<meta property=\"og:type\" content=\"article\" \/>\n<meta property=\"og:title\" content=\"KOSZ 3 LITROWY-RELAXDAYS - Rad-Pal\" \/>\n<meta property=\"og:description\" content=\"\u2733\ufe0fKosz na \u015bmieci z automatycznym opuszczaniem \u2733\ufe0fNowoczesny kosz na \u015bmieci do \u0142azienki \u27a1\ufe0fdo odpadk\u00f3w w \u0142azience, przy toaletce lub w\" \/>\n<meta property=\"og:url\" content=\"https:\/\/rad-pal.com.pl\/en\/sklep\/bez-kategorii\/kosz-3-litrowy-relaxdays\/\" \/>\n<meta property=\"og:site_name\" content=\"Rad-Pal\" \/>\n<meta property=\"article:modified_time\" content=\"2026-02-19T15:40:26+00:00\" \/>\n<meta property=\"og:image\" content=\"https:\/\/upload.cdn.baselinker.com\/products\/6014502\/e432ce44e9a38469d31e17fb0a3eb6d6.jpg\" \/>\n<meta name=\"twitter:card\" content=\"summary_large_image\" \/>\n<meta name=\"twitter:label1\" content=\"Estimated reading time\" \/>\n\t<meta name=\"twitter:data1\" content=\"1 minute\" \/>\n<script type=\"application\/ld+json\" class=\"yoast-schema-graph\">{\"@context\":\"https:\/\/schema.org\",\"@graph\":[{\"@type\":\"WebPage\",\"@id\":\"https:\/\/rad-pal.com.pl\/sklep\/bez-kategorii\/kosz-3-litrowy-relaxdays\/\",\"url\":\"https:\/\/rad-pal.com.pl\/sklep\/bez-kategorii\/kosz-3-litrowy-relaxdays\/\",\"name\":\"KOSZ 3 LITROWY-RELAXDAYS - Rad-Pal\",\"isPartOf\":{\"@id\":\"https:\/\/rad-pal.com.pl\/#website\"},\"primaryImageOfPage\":{\"@id\":\"https:\/\/rad-pal.com.pl\/sklep\/bez-kategorii\/kosz-3-litrowy-relaxdays\/#primaryimage\"},\"image\":{\"@id\":\"https:\/\/rad-pal.com.pl\/sklep\/bez-kategorii\/kosz-3-litrowy-relaxdays\/#primaryimage\"},\"thumbnailUrl\":\"https:\/\/rad-pal.com.pl\/wp-content\/uploads\/2026\/02\/0667cf41d53b5aaaf8d3df1c3554c1f4.jpg\",\"datePublished\":\"2026-02-19T15:20:36+00:00\",\"dateModified\":\"2026-02-19T15:40:26+00:00\",\"breadcrumb\":{\"@id\":\"https:\/\/rad-pal.com.pl\/sklep\/bez-kategorii\/kosz-3-litrowy-relaxdays\/#breadcrumb\"},\"inLanguage\":\"en-GB\",\"potentialAction\":[{\"@type\":\"ReadAction\",\"target\":[\"https:\/\/rad-pal.com.pl\/sklep\/bez-kategorii\/kosz-3-litrowy-relaxdays\/\"]}]},{\"@type\":\"ImageObject\",\"inLanguage\":\"en-GB\",\"@id\":\"https:\/\/rad-pal.com.pl\/sklep\/bez-kategorii\/kosz-3-litrowy-relaxdays\/#primaryimage\",\"url\":\"https:\/\/rad-pal.com.pl\/wp-content\/uploads\/2026\/02\/0667cf41d53b5aaaf8d3df1c3554c1f4.jpg\",\"contentUrl\":\"https:\/\/rad-pal.com.pl\/wp-content\/uploads\/2026\/02\/0667cf41d53b5aaaf8d3df1c3554c1f4.jpg\",\"width\":518,\"height\":527,\"caption\":\"bdf334a5b9ebfda175df4e3c6908362e\"},{\"@type\":\"BreadcrumbList\",\"@id\":\"https:\/\/rad-pal.com.pl\/sklep\/bez-kategorii\/kosz-3-litrowy-relaxdays\/#breadcrumb\",\"itemListElement\":[{\"@type\":\"ListItem\",\"position\":1,\"name\":\"Strona g\u0142\u00f3wna\",\"item\":\"https:\/\/rad-pal.com.pl\/\"},{\"@type\":\"ListItem\",\"position\":2,\"name\":\"Sklep\",\"item\":\"https:\/\/rad-pal.com.pl\/sklep\/\"},{\"@type\":\"ListItem\",\"position\":3,\"name\":\"KOSZ 3 LITROWY-RELAXDAYS\"}]},{\"@type\":\"WebSite\",\"@id\":\"https:\/\/rad-pal.com.pl\/#website\",\"url\":\"https:\/\/rad-pal.com.pl\/\",\"name\":\"Rad-Pal\",\"description\":\"\",\"publisher\":{\"@id\":\"https:\/\/rad-pal.com.pl\/#organization\"},\"potentialAction\":[{\"@type\":\"SearchAction\",\"target\":{\"@type\":\"EntryPoint\",\"urlTemplate\":\"https:\/\/rad-pal.com.pl\/?s={search_term_string}\"},\"query-input\":{\"@type\":\"PropertyValueSpecification\",\"valueRequired\":true,\"valueName\":\"search_term_string\"}}],\"inLanguage\":\"en-GB\"},{\"@type\":\"Organization\",\"@id\":\"https:\/\/rad-pal.com.pl\/#organization\",\"name\":\"Rad-Pal\",\"url\":\"https:\/\/rad-pal.com.pl\/\",\"logo\":{\"@type\":\"ImageObject\",\"inLanguage\":\"en-GB\",\"@id\":\"https:\/\/rad-pal.com.pl\/#\/schema\/logo\/image\/\",\"url\":\"https:\/\/rad-pal.com.pl\/wp-content\/uploads\/2026\/03\/Projekt-bez-nazwy-30.webp\",\"contentUrl\":\"https:\/\/rad-pal.com.pl\/wp-content\/uploads\/2026\/03\/Projekt-bez-nazwy-30.webp\",\"width\":600,\"height\":210,\"caption\":\"Rad-Pal\"},\"image\":{\"@id\":\"https:\/\/rad-pal.com.pl\/#\/schema\/logo\/image\/\"}}]}<\/script>\n<!-- \/ Yoast SEO plugin. -->","yoast_head_json":{"title":"KOSZ 3 LITROWY-RELAXDAYS - Rad-Pal","robots":{"index":"index","follow":"follow","max-snippet":"max-snippet:-1","max-image-preview":"max-image-preview:large","max-video-preview":"max-video-preview:-1"},"canonical":"https:\/\/rad-pal.com.pl\/en\/sklep\/bez-kategorii\/kosz-3-litrowy-relaxdays\/","og_locale":"en_GB","og_type":"article","og_title":"KOSZ 3 LITROWY-RELAXDAYS - Rad-Pal","og_description":"\u2733\ufe0fKosz na \u015bmieci z automatycznym opuszczaniem \u2733\ufe0fNowoczesny kosz na \u015bmieci do \u0142azienki \u27a1\ufe0fdo odpadk\u00f3w w \u0142azience, przy toaletce lub w","og_url":"https:\/\/rad-pal.com.pl\/en\/sklep\/bez-kategorii\/kosz-3-litrowy-relaxdays\/","og_site_name":"Rad-Pal","article_modified_time":"2026-02-19T15:40:26+00:00","og_image":[{"url":"https:\/\/upload.cdn.baselinker.com\/products\/6014502\/e432ce44e9a38469d31e17fb0a3eb6d6.jpg","type":"","width":"","height":""}],"twitter_card":"summary_large_image","twitter_misc":{"Estimated reading time":"1 minute"},"schema":{"@context":"https:\/\/schema.org","@graph":[{"@type":"WebPage","@id":"https:\/\/rad-pal.com.pl\/sklep\/bez-kategorii\/kosz-3-litrowy-relaxdays\/","url":"https:\/\/rad-pal.com.pl\/sklep\/bez-kategorii\/kosz-3-litrowy-relaxdays\/","name":"KOSZ 3 LITROWY-RELAXDAYS - Rad-Pal","isPartOf":{"@id":"https:\/\/rad-pal.com.pl\/#website"},"primaryImageOfPage":{"@id":"https:\/\/rad-pal.com.pl\/sklep\/bez-kategorii\/kosz-3-litrowy-relaxdays\/#primaryimage"},"image":{"@id":"https:\/\/rad-pal.com.pl\/sklep\/bez-kategorii\/kosz-3-litrowy-relaxdays\/#primaryimage"},"thumbnailUrl":"https:\/\/rad-pal.com.pl\/wp-content\/uploads\/2026\/02\/0667cf41d53b5aaaf8d3df1c3554c1f4.jpg","datePublished":"2026-02-19T15:20:36+00:00","dateModified":"2026-02-19T15:40:26+00:00","breadcrumb":{"@id":"https:\/\/rad-pal.com.pl\/sklep\/bez-kategorii\/kosz-3-litrowy-relaxdays\/#breadcrumb"},"inLanguage":"en-GB","potentialAction":[{"@type":"ReadAction","target":["https:\/\/rad-pal.com.pl\/sklep\/bez-kategorii\/kosz-3-litrowy-relaxdays\/"]}]},{"@type":"ImageObject","inLanguage":"en-GB","@id":"https:\/\/rad-pal.com.pl\/sklep\/bez-kategorii\/kosz-3-litrowy-relaxdays\/#primaryimage","url":"https:\/\/rad-pal.com.pl\/wp-content\/uploads\/2026\/02\/0667cf41d53b5aaaf8d3df1c3554c1f4.jpg","contentUrl":"https:\/\/rad-pal.com.pl\/wp-content\/uploads\/2026\/02\/0667cf41d53b5aaaf8d3df1c3554c1f4.jpg","width":518,"height":527,"caption":"bdf334a5b9ebfda175df4e3c6908362e"},{"@type":"BreadcrumbList","@id":"https:\/\/rad-pal.com.pl\/sklep\/bez-kategorii\/kosz-3-litrowy-relaxdays\/#breadcrumb","itemListElement":[{"@type":"ListItem","position":1,"name":"Strona g\u0142\u00f3wna","item":"https:\/\/rad-pal.com.pl\/"},{"@type":"ListItem","position":2,"name":"Sklep","item":"https:\/\/rad-pal.com.pl\/sklep\/"},{"@type":"ListItem","position":3,"name":"KOSZ 3 LITROWY-RELAXDAYS"}]},{"@type":"WebSite","@id":"https:\/\/rad-pal.com.pl\/#website","url":"https:\/\/rad-pal.com.pl\/","name":"Rad-Pal","description":"","publisher":{"@id":"https:\/\/rad-pal.com.pl\/#organization"},"potentialAction":[{"@type":"SearchAction","target":{"@type":"EntryPoint","urlTemplate":"https:\/\/rad-pal.com.pl\/?s={search_term_string}"},"query-input":{"@type":"PropertyValueSpecification","valueRequired":true,"valueName":"search_term_string"}}],"inLanguage":"en-GB"},{"@type":"Organization","@id":"https:\/\/rad-pal.com.pl\/#organization","name":"Rad-Pal","url":"https:\/\/rad-pal.com.pl\/","logo":{"@type":"ImageObject","inLanguage":"en-GB","@id":"https:\/\/rad-pal.com.pl\/#\/schema\/logo\/image\/","url":"https:\/\/rad-pal.com.pl\/wp-content\/uploads\/2026\/03\/Projekt-bez-nazwy-30.webp","contentUrl":"https:\/\/rad-pal.com.pl\/wp-content\/uploads\/2026\/03\/Projekt-bez-nazwy-30.webp","width":600,"height":210,"caption":"Rad-Pal"},"image":{"@id":"https:\/\/rad-pal.com.pl\/#\/schema\/logo\/image\/"}}]}},"_links":{"self":[{"href":"https:\/\/rad-pal.com.pl\/en\/wp-json\/wp\/v2\/product\/33321","targetHints":{"allow":["GET"]}}],"collection":[{"href":"https:\/\/rad-pal.com.pl\/en\/wp-json\/wp\/v2\/product"}],"about":[{"href":"https:\/\/rad-pal.com.pl\/en\/wp-json\/wp\/v2\/types\/product"}],"version-history":[{"count":0,"href":"https:\/\/rad-pal.com.pl\/en\/wp-json\/wp\/v2\/product\/33321\/revisions"}],"wp:featuredmedia":[{"embeddable":true,"href":"https:\/\/rad-pal.com.pl\/en\/wp-json\/wp\/v2\/media\/33314"}],"wp:attachment":[{"href":"https:\/\/rad-pal.com.pl\/en\/wp-json\/wp\/v2\/media?parent=33321"}],"wp:term":[{"taxonomy":"product_brand","embeddable":true,"href":"https:\/\/rad-pal.com.pl\/en\/wp-json\/wp\/v2\/product_brand?post=33321"},{"taxonomy":"product_cat","embeddable":true,"href":"https:\/\/rad-pal.com.pl\/en\/wp-json\/wp\/v2\/product_cat?post=33321"},{"taxonomy":"product_tag","embeddable":true,"href":"https:\/\/rad-pal.com.pl\/en\/wp-json\/wp\/v2\/product_tag?post=33321"}],"curies":[{"name":"wp","href":"https:\/\/api.w.org\/{rel}","templated":true}]}}