{"id":33348,"date":"2026-02-19T16:21:53","date_gmt":"2026-02-19T15:21:53","guid":{"rendered":"https:\/\/rad-pal.com.pl\/sklep\/bez-kategorii\/zestaw-dwoch-misek-metalowa-relaxdays-brazowy-03-l\/"},"modified":"2026-02-19T16:40:40","modified_gmt":"2026-02-19T15:40:40","slug":"zestaw-dwoch-misek-metalowa-relaxdays-brazowy-03-l","status":"publish","type":"product","link":"https:\/\/rad-pal.com.pl\/en\/sklep\/supermarket\/artykuly-dla-zwierzat\/dla-psow\/miski\/zestaw-dwoch-misek-metalowa-relaxdays-brazowy-03-l\/","title":{"rendered":"Zestaw dw\u00f3ch misek metalowa Relaxdays br\u0105zowy 0,3 l"},"content":{"rendered":"<section class=\"section\">\n<div class=\"item item-6\">\n<section class=\"image-item\"><img decoding=\"async\" src=\"https:\/\/upload.cdn.baselinker.com\/products\/6014502\/74af02c3afa0ce8d4ca38737453975aa.jpg\" \/><\/section>\n<\/p><\/div>\n<div class=\"item item-6\">\n<section class=\"text-item\">\n<h1>\u2733\ufe0fOferowany przedmiot<\/h1>\n<h1>renomowanej firmy<\/h1>\n<h1>Relaxdays.<\/h1>\n<\/section><\/div>\n<\/section>\n<section class=\"section\">\n<div class=\"item item-6\">\n<section class=\"text-item\">\n<h2>\u2733\ufe0fBowlable na karm\u0119 dla ps\u00f3w i kot\u00f3w<\/h2>\n<p>\u27a1\ufe0fMiski do karmienia s\u0105 idealne do mokrej karmy, wody, smako\u0142yk\u00f3w lub suchej karmy.<\/p>\n<p>\u27a1\ufe0fNakarm r\u00f3\u017cne pokarmy dla jednego zwierz\u0119cia lub pozw\u00f3l kilku zwierz\u0119tom je\u015b\u0107 w tym samym czasie.<\/p>\n<p>\u27a1\ufe0fDzi\u0119ki antypo\u015blizgowemu uchwytowi zawarto\u015b\u0107 nie mo\u017ce by\u0107 po prostu rozlana przez psy lub koty.<\/p>\n<p>\u27a1\ufe0fW zale\u017cno\u015bci od wielko\u015bci zwierz\u0119cia, tw\u00f3j ma\u0142y, futrzany kochanek mo\u017ce r\u00f3wnie\u017c karmi\u0107 si\u0119 przyjazny dla szyi bez g\u0142\u0119bokiego zginania.<\/p>\n<p>\u27a1\ufe0fHigieniczne miski ze stali nierdzewnej mo\u017cna \u0142atwo wyj\u0105\u0107 z uchwytu w celu czyszczenia.<\/p>\n<\/section><\/div>\n<div class=\"item item-6\">\n<section class=\"image-item\"><img decoding=\"async\" src=\"https:\/\/upload.cdn.baselinker.com\/products\/6014502\/d5d3fcf41408ad289341a6bdd3640c59.jpg\" \/><\/section>\n<\/p><\/div>\n<\/section>\n<section class=\"section\">\n<div class=\"item item-12\">\n<section class=\"text-item\">\n<h2>\u2733\ufe0fStabilny bar dla kot\u00f3w i ps\u00f3w<\/h2>\n<ul>\n<li>\u27a1\ufe0fMiski na wod\u0119, jedzenie i smako\u0142yki<\/li>\n<\/ul>\n<ul>\n<li>\u27a1\ufe0fMiski ze stali nierdzewnej mo\u017cna my\u0107 w zmywarce<\/li>\n<\/ul>\n<ul>\n<li>\u27a1\ufe0fOdpowiedni dla kot\u00f3w i ps\u00f3w<\/li>\n<\/ul>\n<ul>\n<li>\u27a1\ufe0fDo jednoczesnego jedzenia 1 &#8211; 2 zwierz\u0105t<\/li>\n<\/ul>\n<ul>\n<li>\u27a1\ufe0fAntypo\u015blizgowy wspornik wykonany z trwa\u0142ego bambusa<\/li>\n<\/ul>\n<\/section><\/div>\n<\/section>\n<section class=\"section\">\n<div class=\"item item-6\">\n<section class=\"text-item\">\n<h2>Specyfikacja:<\/h2>\n<ul>\n<li>\u0141\u0105czne wymiary wys. x szer. x g\u0142.: ok. 10,5 x 35,5 x 18 cm<\/li>\n<\/ul>\n<ul>\n<li>Wa\u017cy ok. 1,4 kg<\/li>\n<\/ul>\n<ul>\n<li>Wykonane z bambusa, stal nierdzewna<\/li>\n<\/ul>\n<ul>\n<li>W naturze i srebrze<\/li>\n<\/ul>\n<ul>\n<li>Wymiary wys. x szer. x g\u0142. w. 6 x 26.5 x 18 cm<\/li>\n<\/ul>\n<ul>\n<li>Wn\u0119ka na misk\u0119: ok. 12,5 cm<\/li>\n<\/ul>\n<ul>\n<li>Miska wys. x g\u0142\u0119b.: ok. 4,5 x 14 cm<\/li>\n<\/ul>\n<ul>\n<li>\u015arednica wewn\u0105trz: ok. 12 cm<\/li>\n<\/ul>\n<ul>\n<li>\u015arednica zewn\u0119trzna: ok. 7,5 cm<\/li>\n<\/ul>\n<ul>\n<li>Mie\u015bci ok. 300 ml<\/li>\n<\/ul>\n<\/section><\/div>\n<div class=\"item item-6\">\n<section class=\"image-item\"><img decoding=\"async\" src=\"https:\/\/upload.cdn.baselinker.com\/products\/6014502\/09bf9d9242bc3c7911c0acc60bc8bb92.jpg\" \/><\/section>\n<\/p><\/div>\n<\/section>\n<section class=\"section\">\n<div class=\"item item-12\">\n<section class=\"image-item\"><img decoding=\"async\" src=\"https:\/\/upload.cdn.baselinker.com\/products\/6014502\/af30ee550b560fdfc235337506b4ad0d.jpg\" \/><\/section>\n<\/p><\/div>\n<\/section>\n<section class=\"section\">\n<div class=\"item item-12\">\n<section class=\"text-item\">\n<p>10<\/p>\n<\/section><\/div>\n<\/section>","protected":false},"excerpt":{"rendered":"<p>\u2733\ufe0fOferowany przedmiot renomowanej firmy Relaxdays. \u2733\ufe0fBowlable na karm\u0119 dla ps\u00f3w i kot\u00f3w \u27a1\ufe0fMiski do karmienia s\u0105 idealne do mokrej karmy,<\/p>","protected":false},"featured_media":33342,"template":"","meta":[],"product_brand":[],"product_cat":[98,309,423,97],"product_tag":[],"class_list":{"0":"post-33348","1":"product","2":"type-product","3":"status-publish","4":"has-post-thumbnail","6":"product_cat-artykuly-dla-zwierzat","7":"product_cat-dla-psow","8":"product_cat-miski","9":"product_cat-supermarket","11":"first","12":"instock","13":"taxable","14":"shipping-taxable","15":"purchasable","16":"product-type-simple"},"yoast_head":"<!-- This site is optimized with the Yoast SEO plugin v25.7 - https:\/\/yoast.com\/wordpress\/plugins\/seo\/ -->\n<title>Zestaw dw\u00f3ch misek metalowa Relaxdays br\u0105zowy 0,3 l - Rad-Pal<\/title>\n<meta name=\"robots\" content=\"index, follow, max-snippet:-1, max-image-preview:large, max-video-preview:-1\" \/>\n<link rel=\"canonical\" href=\"https:\/\/rad-pal.com.pl\/en\/sklep\/bez-kategorii\/zestaw-dwoch-misek-metalowa-relaxdays-brazowy-03-l\/\" \/>\n<meta property=\"og:locale\" content=\"en_GB\" \/>\n<meta property=\"og:type\" content=\"article\" \/>\n<meta property=\"og:title\" content=\"Zestaw dw\u00f3ch misek metalowa Relaxdays br\u0105zowy 0,3 l - Rad-Pal\" \/>\n<meta property=\"og:description\" content=\"\u2733\ufe0fOferowany przedmiot renomowanej firmy Relaxdays. \u2733\ufe0fBowlable na karm\u0119 dla ps\u00f3w i kot\u00f3w \u27a1\ufe0fMiski do karmienia s\u0105 idealne do mokrej karmy,\" \/>\n<meta property=\"og:url\" content=\"https:\/\/rad-pal.com.pl\/en\/sklep\/bez-kategorii\/zestaw-dwoch-misek-metalowa-relaxdays-brazowy-03-l\/\" \/>\n<meta property=\"og:site_name\" content=\"Rad-Pal\" \/>\n<meta property=\"article:modified_time\" content=\"2026-02-19T15:40:40+00:00\" \/>\n<meta property=\"og:image\" content=\"https:\/\/upload.cdn.baselinker.com\/products\/6014502\/74af02c3afa0ce8d4ca38737453975aa.jpg\" \/>\n<meta name=\"twitter:card\" content=\"summary_large_image\" \/>\n<meta name=\"twitter:label1\" content=\"Estimated reading time\" \/>\n\t<meta name=\"twitter:data1\" content=\"1 minute\" \/>\n<script type=\"application\/ld+json\" class=\"yoast-schema-graph\">{\"@context\":\"https:\/\/schema.org\",\"@graph\":[{\"@type\":\"WebPage\",\"@id\":\"https:\/\/rad-pal.com.pl\/sklep\/bez-kategorii\/zestaw-dwoch-misek-metalowa-relaxdays-brazowy-03-l\/\",\"url\":\"https:\/\/rad-pal.com.pl\/sklep\/bez-kategorii\/zestaw-dwoch-misek-metalowa-relaxdays-brazowy-03-l\/\",\"name\":\"Zestaw dw\u00f3ch misek metalowa Relaxdays br\u0105zowy 0,3 l - Rad-Pal\",\"isPartOf\":{\"@id\":\"https:\/\/rad-pal.com.pl\/#website\"},\"primaryImageOfPage\":{\"@id\":\"https:\/\/rad-pal.com.pl\/sklep\/bez-kategorii\/zestaw-dwoch-misek-metalowa-relaxdays-brazowy-03-l\/#primaryimage\"},\"image\":{\"@id\":\"https:\/\/rad-pal.com.pl\/sklep\/bez-kategorii\/zestaw-dwoch-misek-metalowa-relaxdays-brazowy-03-l\/#primaryimage\"},\"thumbnailUrl\":\"https:\/\/rad-pal.com.pl\/wp-content\/uploads\/2026\/02\/74af02c3afa0ce8d4ca38737453975aa.jpg\",\"datePublished\":\"2026-02-19T15:21:53+00:00\",\"dateModified\":\"2026-02-19T15:40:40+00:00\",\"breadcrumb\":{\"@id\":\"https:\/\/rad-pal.com.pl\/sklep\/bez-kategorii\/zestaw-dwoch-misek-metalowa-relaxdays-brazowy-03-l\/#breadcrumb\"},\"inLanguage\":\"en-GB\",\"potentialAction\":[{\"@type\":\"ReadAction\",\"target\":[\"https:\/\/rad-pal.com.pl\/sklep\/bez-kategorii\/zestaw-dwoch-misek-metalowa-relaxdays-brazowy-03-l\/\"]}]},{\"@type\":\"ImageObject\",\"inLanguage\":\"en-GB\",\"@id\":\"https:\/\/rad-pal.com.pl\/sklep\/bez-kategorii\/zestaw-dwoch-misek-metalowa-relaxdays-brazowy-03-l\/#primaryimage\",\"url\":\"https:\/\/rad-pal.com.pl\/wp-content\/uploads\/2026\/02\/74af02c3afa0ce8d4ca38737453975aa.jpg\",\"contentUrl\":\"https:\/\/rad-pal.com.pl\/wp-content\/uploads\/2026\/02\/74af02c3afa0ce8d4ca38737453975aa.jpg\",\"width\":2048,\"height\":2048,\"caption\":\"2e79f8ef082b05cae3d59abd7506facf\"},{\"@type\":\"BreadcrumbList\",\"@id\":\"https:\/\/rad-pal.com.pl\/sklep\/bez-kategorii\/zestaw-dwoch-misek-metalowa-relaxdays-brazowy-03-l\/#breadcrumb\",\"itemListElement\":[{\"@type\":\"ListItem\",\"position\":1,\"name\":\"Strona g\u0142\u00f3wna\",\"item\":\"https:\/\/rad-pal.com.pl\/\"},{\"@type\":\"ListItem\",\"position\":2,\"name\":\"Sklep\",\"item\":\"https:\/\/rad-pal.com.pl\/sklep\/\"},{\"@type\":\"ListItem\",\"position\":3,\"name\":\"Zestaw dw\u00f3ch misek metalowa Relaxdays br\u0105zowy 0,3 l\"}]},{\"@type\":\"WebSite\",\"@id\":\"https:\/\/rad-pal.com.pl\/#website\",\"url\":\"https:\/\/rad-pal.com.pl\/\",\"name\":\"Rad-Pal\",\"description\":\"\",\"publisher\":{\"@id\":\"https:\/\/rad-pal.com.pl\/#organization\"},\"potentialAction\":[{\"@type\":\"SearchAction\",\"target\":{\"@type\":\"EntryPoint\",\"urlTemplate\":\"https:\/\/rad-pal.com.pl\/?s={search_term_string}\"},\"query-input\":{\"@type\":\"PropertyValueSpecification\",\"valueRequired\":true,\"valueName\":\"search_term_string\"}}],\"inLanguage\":\"en-GB\"},{\"@type\":\"Organization\",\"@id\":\"https:\/\/rad-pal.com.pl\/#organization\",\"name\":\"Rad-Pal\",\"url\":\"https:\/\/rad-pal.com.pl\/\",\"logo\":{\"@type\":\"ImageObject\",\"inLanguage\":\"en-GB\",\"@id\":\"https:\/\/rad-pal.com.pl\/#\/schema\/logo\/image\/\",\"url\":\"https:\/\/rad-pal.com.pl\/wp-content\/uploads\/2026\/03\/Projekt-bez-nazwy-30.webp\",\"contentUrl\":\"https:\/\/rad-pal.com.pl\/wp-content\/uploads\/2026\/03\/Projekt-bez-nazwy-30.webp\",\"width\":600,\"height\":210,\"caption\":\"Rad-Pal\"},\"image\":{\"@id\":\"https:\/\/rad-pal.com.pl\/#\/schema\/logo\/image\/\"}}]}<\/script>\n<!-- \/ Yoast SEO plugin. -->","yoast_head_json":{"title":"Zestaw dw\u00f3ch misek metalowa Relaxdays br\u0105zowy 0,3 l - Rad-Pal","robots":{"index":"index","follow":"follow","max-snippet":"max-snippet:-1","max-image-preview":"max-image-preview:large","max-video-preview":"max-video-preview:-1"},"canonical":"https:\/\/rad-pal.com.pl\/en\/sklep\/bez-kategorii\/zestaw-dwoch-misek-metalowa-relaxdays-brazowy-03-l\/","og_locale":"en_GB","og_type":"article","og_title":"Zestaw dw\u00f3ch misek metalowa Relaxdays br\u0105zowy 0,3 l - Rad-Pal","og_description":"\u2733\ufe0fOferowany przedmiot renomowanej firmy Relaxdays. \u2733\ufe0fBowlable na karm\u0119 dla ps\u00f3w i kot\u00f3w \u27a1\ufe0fMiski do karmienia s\u0105 idealne do mokrej karmy,","og_url":"https:\/\/rad-pal.com.pl\/en\/sklep\/bez-kategorii\/zestaw-dwoch-misek-metalowa-relaxdays-brazowy-03-l\/","og_site_name":"Rad-Pal","article_modified_time":"2026-02-19T15:40:40+00:00","og_image":[{"url":"https:\/\/upload.cdn.baselinker.com\/products\/6014502\/74af02c3afa0ce8d4ca38737453975aa.jpg","type":"","width":"","height":""}],"twitter_card":"summary_large_image","twitter_misc":{"Estimated reading time":"1 minute"},"schema":{"@context":"https:\/\/schema.org","@graph":[{"@type":"WebPage","@id":"https:\/\/rad-pal.com.pl\/sklep\/bez-kategorii\/zestaw-dwoch-misek-metalowa-relaxdays-brazowy-03-l\/","url":"https:\/\/rad-pal.com.pl\/sklep\/bez-kategorii\/zestaw-dwoch-misek-metalowa-relaxdays-brazowy-03-l\/","name":"Zestaw dw\u00f3ch misek metalowa Relaxdays br\u0105zowy 0,3 l - Rad-Pal","isPartOf":{"@id":"https:\/\/rad-pal.com.pl\/#website"},"primaryImageOfPage":{"@id":"https:\/\/rad-pal.com.pl\/sklep\/bez-kategorii\/zestaw-dwoch-misek-metalowa-relaxdays-brazowy-03-l\/#primaryimage"},"image":{"@id":"https:\/\/rad-pal.com.pl\/sklep\/bez-kategorii\/zestaw-dwoch-misek-metalowa-relaxdays-brazowy-03-l\/#primaryimage"},"thumbnailUrl":"https:\/\/rad-pal.com.pl\/wp-content\/uploads\/2026\/02\/74af02c3afa0ce8d4ca38737453975aa.jpg","datePublished":"2026-02-19T15:21:53+00:00","dateModified":"2026-02-19T15:40:40+00:00","breadcrumb":{"@id":"https:\/\/rad-pal.com.pl\/sklep\/bez-kategorii\/zestaw-dwoch-misek-metalowa-relaxdays-brazowy-03-l\/#breadcrumb"},"inLanguage":"en-GB","potentialAction":[{"@type":"ReadAction","target":["https:\/\/rad-pal.com.pl\/sklep\/bez-kategorii\/zestaw-dwoch-misek-metalowa-relaxdays-brazowy-03-l\/"]}]},{"@type":"ImageObject","inLanguage":"en-GB","@id":"https:\/\/rad-pal.com.pl\/sklep\/bez-kategorii\/zestaw-dwoch-misek-metalowa-relaxdays-brazowy-03-l\/#primaryimage","url":"https:\/\/rad-pal.com.pl\/wp-content\/uploads\/2026\/02\/74af02c3afa0ce8d4ca38737453975aa.jpg","contentUrl":"https:\/\/rad-pal.com.pl\/wp-content\/uploads\/2026\/02\/74af02c3afa0ce8d4ca38737453975aa.jpg","width":2048,"height":2048,"caption":"2e79f8ef082b05cae3d59abd7506facf"},{"@type":"BreadcrumbList","@id":"https:\/\/rad-pal.com.pl\/sklep\/bez-kategorii\/zestaw-dwoch-misek-metalowa-relaxdays-brazowy-03-l\/#breadcrumb","itemListElement":[{"@type":"ListItem","position":1,"name":"Strona g\u0142\u00f3wna","item":"https:\/\/rad-pal.com.pl\/"},{"@type":"ListItem","position":2,"name":"Sklep","item":"https:\/\/rad-pal.com.pl\/sklep\/"},{"@type":"ListItem","position":3,"name":"Zestaw dw\u00f3ch misek metalowa Relaxdays br\u0105zowy 0,3 l"}]},{"@type":"WebSite","@id":"https:\/\/rad-pal.com.pl\/#website","url":"https:\/\/rad-pal.com.pl\/","name":"Rad-Pal","description":"","publisher":{"@id":"https:\/\/rad-pal.com.pl\/#organization"},"potentialAction":[{"@type":"SearchAction","target":{"@type":"EntryPoint","urlTemplate":"https:\/\/rad-pal.com.pl\/?s={search_term_string}"},"query-input":{"@type":"PropertyValueSpecification","valueRequired":true,"valueName":"search_term_string"}}],"inLanguage":"en-GB"},{"@type":"Organization","@id":"https:\/\/rad-pal.com.pl\/#organization","name":"Rad-Pal","url":"https:\/\/rad-pal.com.pl\/","logo":{"@type":"ImageObject","inLanguage":"en-GB","@id":"https:\/\/rad-pal.com.pl\/#\/schema\/logo\/image\/","url":"https:\/\/rad-pal.com.pl\/wp-content\/uploads\/2026\/03\/Projekt-bez-nazwy-30.webp","contentUrl":"https:\/\/rad-pal.com.pl\/wp-content\/uploads\/2026\/03\/Projekt-bez-nazwy-30.webp","width":600,"height":210,"caption":"Rad-Pal"},"image":{"@id":"https:\/\/rad-pal.com.pl\/#\/schema\/logo\/image\/"}}]}},"_links":{"self":[{"href":"https:\/\/rad-pal.com.pl\/en\/wp-json\/wp\/v2\/product\/33348","targetHints":{"allow":["GET"]}}],"collection":[{"href":"https:\/\/rad-pal.com.pl\/en\/wp-json\/wp\/v2\/product"}],"about":[{"href":"https:\/\/rad-pal.com.pl\/en\/wp-json\/wp\/v2\/types\/product"}],"version-history":[{"count":0,"href":"https:\/\/rad-pal.com.pl\/en\/wp-json\/wp\/v2\/product\/33348\/revisions"}],"wp:featuredmedia":[{"embeddable":true,"href":"https:\/\/rad-pal.com.pl\/en\/wp-json\/wp\/v2\/media\/33342"}],"wp:attachment":[{"href":"https:\/\/rad-pal.com.pl\/en\/wp-json\/wp\/v2\/media?parent=33348"}],"wp:term":[{"taxonomy":"product_brand","embeddable":true,"href":"https:\/\/rad-pal.com.pl\/en\/wp-json\/wp\/v2\/product_brand?post=33348"},{"taxonomy":"product_cat","embeddable":true,"href":"https:\/\/rad-pal.com.pl\/en\/wp-json\/wp\/v2\/product_cat?post=33348"},{"taxonomy":"product_tag","embeddable":true,"href":"https:\/\/rad-pal.com.pl\/en\/wp-json\/wp\/v2\/product_tag?post=33348"}],"curies":[{"name":"wp","href":"https:\/\/api.w.org\/{rel}","templated":true}]}}