{"id":33456,"date":"2026-02-19T16:28:09","date_gmt":"2026-02-19T15:28:09","guid":{"rendered":"https:\/\/rad-pal.com.pl\/sklep\/bez-kategorii\/podest-lazienkowy-bambusowy-kratka-bambusowa\/"},"modified":"2026-02-19T17:27:00","modified_gmt":"2026-02-19T16:27:00","slug":"podest-lazienkowy-bambusowy-kratka-bambusowa","status":"publish","type":"product","link":"https:\/\/rad-pal.com.pl\/en\/sklep\/dom-i-ogrod\/wyposazenie\/akcesoria-lazienkowe\/dywaniki-lazienkowe\/podest-lazienkowy-bambusowy-kratka-bambusowa\/","title":{"rendered":"PODEST \u0141AZIENKOWY BAMBUSOWY KRATKA BAMBUSOWA"},"content":{"rendered":"<section class=\"section\">\n<div class=\"item item-6\">\n<section class=\"image-item\"><img decoding=\"async\" src=\"https:\/\/upload.cdn.baselinker.com\/products\/6014502\/97226927b3821ff6a166aee6ee41c69b.jpg\" \/><\/section>\n<\/p><\/div>\n<div class=\"item item-6\">\n<section class=\"text-item\">\n<h1>\u2733\ufe0fRelaxdays Drewniany dywanik \u0142azienkowy z bambusa (TBH 36,5 x 56,5 x 3) Dywanik \u0142azienkowy z rdz\u0105 Dywanik \u0142azienkowy Mata \u0142azienkowa<\/h1>\n<h2>Producent: Relaxdays<\/h2>\n<\/section><\/div>\n<\/section>\n<section class=\"section\">\n<div class=\"item item-6\">\n<section class=\"text-item\">\n<ul>\n<li>\u27a1\ufe0fPraktyczny drewniany dywanik z bambusa o wys. x szer. x g\u0142.: ok. 3 cm x 56,5 x 36,5 sprawia, \u017ce Twoje stopy s\u0105 nieco dobre. Naturalny materia\u0142, przyjemny w dotyku i wspomaga kr\u0105\u017cenie krwi<\/li>\n<li>\u27a1\ufe0fDzi\u0119ki odporno\u015bci na wilgo\u0107 bambusa, dywanik \u0142azienkowy nadaje si\u0119 szczeg\u00f3lnie do pomieszcze\u0144 o du\u017cej wilgotno\u015bci \u2013 optymalny do \u0142azienki, pralni itp.<\/li>\n<li>\u27a1\ufe0fR\u00f3wnie\u017c w innych miejscach w mieszkaniu dywanik \u0142azienkowy z bambusa robi dobre wra\u017cenie \u2013 r\u00f3wnie\u017c przed drzwiami balkonowymi lub tarasowymi ten drewniany dywanik b\u0119dzie przydatnym dodatkiem i przyci\u0105ga wzrok<\/li>\n<li>\u27a1\ufe0fDywanik \u0142azienkowy idealnie pasuje do Twojej \u0142azienki \u2013 jako pasuj\u0105cy dodatek do mebli \u0142azienkowych \u2013 wnie\u015b sw\u00f3j dywanik \u0142azienkowy do swoich mebli \u0142azienkowych jako idealne uzupe\u0142nienie Twojego mieszkania<\/li>\n<li>\u27a1\ufe0fPraktyczny, aby zapobiec \u015blizganiu si\u0119 i mokrym k\u0105pieli. Skutecznie zapobiega nag\u0142ym i niebezpiecznym po\u015blizgom \u2013 ciesz si\u0119 bezpieczn\u0105 pozycj\u0105 i przyjemnym uczuciem drewna<\/li>\n<\/ul>\n<\/section><\/div>\n<div class=\"item item-6\">\n<section class=\"image-item\"><img decoding=\"async\" src=\"https:\/\/upload.cdn.baselinker.com\/products\/6014502\/611cf7675f188437d0a84779dbadfbec.jpg\" \/><\/section>\n<\/p><\/div>\n<\/section>\n<section class=\"section\">\n<div class=\"item item-6\">\n<section class=\"image-item\"><img decoding=\"async\" src=\"https:\/\/upload.cdn.baselinker.com\/products\/6014502\/255d1a057b7cec063ad67c5a21ee36cf.jpg\" \/><\/section>\n<\/p><\/div>\n<div class=\"item item-6\">\n<section class=\"text-item\">\n<ul>\n<li><b>\u27a1\ufe0fwaga przedmiotu<\/b>: 1.4 kilograms<\/li>\n<li><b>\u27a1\ufe0fpunkt znaku wypunktowania<\/b>: Praktyczny drewniany dywanik z bambusa o wys. x szer. x g\u0142.: ok. 3 cm x 56,5 x 36,5 sprawia, \u017ce Twoje stopy s\u0105 nieco dobre. Naturalny materia\u0142, przyjemny w dotyku i wspomaga kr\u0105\u017cenie krwi, Dzi\u0119ki odporno\u015bci na wilgo\u0107 bambusa, dywanik \u0142azienkowy nadaje si\u0119 szczeg\u00f3lnie do pomieszcze\u0144 o du\u017cej wilgotno\u015bci \u2013 optymalny do \u0142azienki, pralni itp., R\u00f3wnie\u017c w innych miejscach w mieszkaniu dywanik \u0142azienkowy z bambusa robi dobre wra\u017cenie \u2013 r\u00f3wnie\u017c przed drzwiami balkonowymi lub tarasowymi ten drewniany dywanik b\u0119dzie przydatnym dodatkiem i przyci\u0105ga wzrok, Dywanik \u0142azienkowy idealnie pasuje do Twojej \u0142azienki \u2013 jako pasuj\u0105cy dodatek do mebli \u0142azienkowych \u2013 wnie\u015b sw\u00f3j dywanik \u0142azienkowy do swoich mebli \u0142azienkowych jako idealne uzupe\u0142nienie Twojego mieszkania, Praktyczny, aby zapobiec \u015blizganiu si\u0119 i mokrym k\u0105pieli. Skutecznie zapobiega nag\u0142ym i niebezpiecznym po\u015blizgom \u2013 ciesz si\u0119 bezpieczn\u0105 pozycj\u0105 i przyjemnym uczuciem drewna<\/li>\n<li><b>\u27a1\ufe0filo\u015b\u0107 sztuk w opakowaniu<\/b>: 1<\/li>\n<li><b>\u27a1\ufe0fmarka<\/b>: Relaxdays<\/li>\n<li><b>\u27a1\ufe0fpoziom opakowania<\/b>: unit<\/li>\n<li><b>\u27a1\ufe0frodzaj tkaniny<\/b>: bambus<\/li>\n<li><b>\u27a1\ufe0fLiczba przedmiot\u00f3w<\/b>: 1<\/li>\n<li><b>\u27a1\ufe0frozmiar<\/b>: 3 x 56.5 x 36.5 cm<\/li>\n<li><b>\u27a1\ufe0fnumer cz\u0119\u015bci<\/b>: 10019030<\/li>\n<li><b>\u27a1\ufe0fkolor<\/b>: naturalny<\/li>\n<li><b>\u27a1\ufe0fnazwa typu elementu<\/b>: dywanik drewniany<\/li>\n<li><b>\u27a1\ufe0fwaga opakowania przedmiotu<\/b>: 1.8199814227166 kilograms<\/li>\n<li><b>\u27a1\ufe0fproducent<\/b>: Relaxdays<\/li>\n<li><b>\u27a1\ufe0fzewn\u0119trznie przypisany identyfikator produktu<\/b>: 4052025190309, 04052025190309<\/li>\n<li><b>\u27a1\ufe0fkszta\u0142t przedmiotu<\/b>: Prostok\u0105t<\/li>\n<li><b>\u27a1\ufe0fzalecane w\u0119z\u0142y przegl\u0105dania<\/b>: 20853070031<\/li>\n<li><b>\u27a1\ufe0fnumer modelu<\/b>: 10019030<\/li>\n<li><b>\u27a1\ufe0fnazwa przedmiotu<\/b>: Relaxdays Drewniany dywanik \u0142azienkowy z bambusa (TBH 36,5 x 56,5 x 3) Dywanik \u0142azienkowy z rdz\u0105 Dywanik \u0142azienkowy Mata \u0142azienkowa<\/li>\n<li><b>\u27a1\ufe0fdata uruchomienia strony produktu<\/b>: 2015-09-03T20:07:39.991Z<\/li>\n<li><b>\u27a1\ufe0fmateria\u0142<\/b>: Bambus<\/li>\n<\/ul>\n<\/section><\/div>\n<\/section>\n<section class=\"section\">\n<div class=\"item item-12\">\n<section class=\"image-item\"><img decoding=\"async\" src=\"https:\/\/upload.cdn.baselinker.com\/products\/6014502\/15c42decf3d4c9048bfb68215cf3c0be.jpg\" \/><\/section>\n<\/p><\/div>\n<\/section>\n<section class=\"section\">\n<div class=\"item item-12\">\n<section class=\"text-item\">\n<p>10<\/p>\n<\/section><\/div>\n<\/section>","protected":false},"excerpt":{"rendered":"<p>\u2733\ufe0fRelaxdays Drewniany dywanik \u0142azienkowy z bambusa (TBH 36,5 x 56,5 x 3) Dywanik \u0142azienkowy z rdz\u0105 Dywanik \u0142azienkowy Mata \u0142azienkowa<\/p>","protected":false},"featured_media":33449,"template":"","meta":[],"product_brand":[],"product_cat":[117,86,413,87],"product_tag":[],"class_list":{"0":"post-33456","1":"product","2":"type-product","3":"status-publish","4":"has-post-thumbnail","6":"product_cat-akcesoria-lazienkowe","7":"product_cat-dom-i-ogrod","8":"product_cat-dywaniki-lazienkowe","9":"product_cat-wyposazenie","11":"first","12":"instock","13":"taxable","14":"shipping-taxable","15":"purchasable","16":"product-type-simple"},"yoast_head":"<!-- This site is optimized with the Yoast SEO plugin v25.7 - https:\/\/yoast.com\/wordpress\/plugins\/seo\/ -->\n<title>PODEST \u0141AZIENKOWY BAMBUSOWY KRATKA BAMBUSOWA - Rad-Pal<\/title>\n<meta name=\"robots\" content=\"index, follow, max-snippet:-1, max-image-preview:large, max-video-preview:-1\" \/>\n<link rel=\"canonical\" href=\"https:\/\/rad-pal.com.pl\/en\/sklep\/bez-kategorii\/podest-lazienkowy-bambusowy-kratka-bambusowa\/\" \/>\n<meta property=\"og:locale\" content=\"en_GB\" \/>\n<meta property=\"og:type\" content=\"article\" \/>\n<meta property=\"og:title\" content=\"PODEST \u0141AZIENKOWY BAMBUSOWY KRATKA BAMBUSOWA - Rad-Pal\" \/>\n<meta property=\"og:description\" content=\"\u2733\ufe0fRelaxdays Drewniany dywanik \u0142azienkowy z bambusa (TBH 36,5 x 56,5 x 3) Dywanik \u0142azienkowy z rdz\u0105 Dywanik \u0142azienkowy Mata \u0142azienkowa\" \/>\n<meta property=\"og:url\" content=\"https:\/\/rad-pal.com.pl\/en\/sklep\/bez-kategorii\/podest-lazienkowy-bambusowy-kratka-bambusowa\/\" \/>\n<meta property=\"og:site_name\" content=\"Rad-Pal\" \/>\n<meta property=\"article:modified_time\" content=\"2026-02-19T16:27:00+00:00\" \/>\n<meta property=\"og:image\" content=\"https:\/\/upload.cdn.baselinker.com\/products\/6014502\/97226927b3821ff6a166aee6ee41c69b.jpg\" \/>\n<meta name=\"twitter:card\" content=\"summary_large_image\" \/>\n<meta name=\"twitter:label1\" content=\"Estimated reading time\" \/>\n\t<meta name=\"twitter:data1\" content=\"2 minutes\" \/>\n<script type=\"application\/ld+json\" class=\"yoast-schema-graph\">{\"@context\":\"https:\/\/schema.org\",\"@graph\":[{\"@type\":\"WebPage\",\"@id\":\"https:\/\/rad-pal.com.pl\/sklep\/bez-kategorii\/podest-lazienkowy-bambusowy-kratka-bambusowa\/\",\"url\":\"https:\/\/rad-pal.com.pl\/sklep\/bez-kategorii\/podest-lazienkowy-bambusowy-kratka-bambusowa\/\",\"name\":\"PODEST \u0141AZIENKOWY BAMBUSOWY KRATKA BAMBUSOWA - Rad-Pal\",\"isPartOf\":{\"@id\":\"https:\/\/rad-pal.com.pl\/#website\"},\"primaryImageOfPage\":{\"@id\":\"https:\/\/rad-pal.com.pl\/sklep\/bez-kategorii\/podest-lazienkowy-bambusowy-kratka-bambusowa\/#primaryimage\"},\"image\":{\"@id\":\"https:\/\/rad-pal.com.pl\/sklep\/bez-kategorii\/podest-lazienkowy-bambusowy-kratka-bambusowa\/#primaryimage\"},\"thumbnailUrl\":\"https:\/\/rad-pal.com.pl\/wp-content\/uploads\/2026\/02\/255d1a057b7cec063ad67c5a21ee36cf.jpg\",\"datePublished\":\"2026-02-19T15:28:09+00:00\",\"dateModified\":\"2026-02-19T16:27:00+00:00\",\"breadcrumb\":{\"@id\":\"https:\/\/rad-pal.com.pl\/sklep\/bez-kategorii\/podest-lazienkowy-bambusowy-kratka-bambusowa\/#breadcrumb\"},\"inLanguage\":\"en-GB\",\"potentialAction\":[{\"@type\":\"ReadAction\",\"target\":[\"https:\/\/rad-pal.com.pl\/sklep\/bez-kategorii\/podest-lazienkowy-bambusowy-kratka-bambusowa\/\"]}]},{\"@type\":\"ImageObject\",\"inLanguage\":\"en-GB\",\"@id\":\"https:\/\/rad-pal.com.pl\/sklep\/bez-kategorii\/podest-lazienkowy-bambusowy-kratka-bambusowa\/#primaryimage\",\"url\":\"https:\/\/rad-pal.com.pl\/wp-content\/uploads\/2026\/02\/255d1a057b7cec063ad67c5a21ee36cf.jpg\",\"contentUrl\":\"https:\/\/rad-pal.com.pl\/wp-content\/uploads\/2026\/02\/255d1a057b7cec063ad67c5a21ee36cf.jpg\",\"width\":681,\"height\":681,\"caption\":\"abe4a4b49f690d6103a3738fd6c7140e\"},{\"@type\":\"BreadcrumbList\",\"@id\":\"https:\/\/rad-pal.com.pl\/sklep\/bez-kategorii\/podest-lazienkowy-bambusowy-kratka-bambusowa\/#breadcrumb\",\"itemListElement\":[{\"@type\":\"ListItem\",\"position\":1,\"name\":\"Strona g\u0142\u00f3wna\",\"item\":\"https:\/\/rad-pal.com.pl\/\"},{\"@type\":\"ListItem\",\"position\":2,\"name\":\"Sklep\",\"item\":\"https:\/\/rad-pal.com.pl\/sklep\/\"},{\"@type\":\"ListItem\",\"position\":3,\"name\":\"PODEST \u0141AZIENKOWY BAMBUSOWY KRATKA BAMBUSOWA\"}]},{\"@type\":\"WebSite\",\"@id\":\"https:\/\/rad-pal.com.pl\/#website\",\"url\":\"https:\/\/rad-pal.com.pl\/\",\"name\":\"Rad-Pal\",\"description\":\"\",\"publisher\":{\"@id\":\"https:\/\/rad-pal.com.pl\/#organization\"},\"potentialAction\":[{\"@type\":\"SearchAction\",\"target\":{\"@type\":\"EntryPoint\",\"urlTemplate\":\"https:\/\/rad-pal.com.pl\/?s={search_term_string}\"},\"query-input\":{\"@type\":\"PropertyValueSpecification\",\"valueRequired\":true,\"valueName\":\"search_term_string\"}}],\"inLanguage\":\"en-GB\"},{\"@type\":\"Organization\",\"@id\":\"https:\/\/rad-pal.com.pl\/#organization\",\"name\":\"Rad-Pal\",\"url\":\"https:\/\/rad-pal.com.pl\/\",\"logo\":{\"@type\":\"ImageObject\",\"inLanguage\":\"en-GB\",\"@id\":\"https:\/\/rad-pal.com.pl\/#\/schema\/logo\/image\/\",\"url\":\"https:\/\/rad-pal.com.pl\/wp-content\/uploads\/2026\/03\/Projekt-bez-nazwy-30.webp\",\"contentUrl\":\"https:\/\/rad-pal.com.pl\/wp-content\/uploads\/2026\/03\/Projekt-bez-nazwy-30.webp\",\"width\":600,\"height\":210,\"caption\":\"Rad-Pal\"},\"image\":{\"@id\":\"https:\/\/rad-pal.com.pl\/#\/schema\/logo\/image\/\"}}]}<\/script>\n<!-- \/ Yoast SEO plugin. -->","yoast_head_json":{"title":"PODEST \u0141AZIENKOWY BAMBUSOWY KRATKA BAMBUSOWA - Rad-Pal","robots":{"index":"index","follow":"follow","max-snippet":"max-snippet:-1","max-image-preview":"max-image-preview:large","max-video-preview":"max-video-preview:-1"},"canonical":"https:\/\/rad-pal.com.pl\/en\/sklep\/bez-kategorii\/podest-lazienkowy-bambusowy-kratka-bambusowa\/","og_locale":"en_GB","og_type":"article","og_title":"PODEST \u0141AZIENKOWY BAMBUSOWY KRATKA BAMBUSOWA - Rad-Pal","og_description":"\u2733\ufe0fRelaxdays Drewniany dywanik \u0142azienkowy z bambusa (TBH 36,5 x 56,5 x 3) Dywanik \u0142azienkowy z rdz\u0105 Dywanik \u0142azienkowy Mata \u0142azienkowa","og_url":"https:\/\/rad-pal.com.pl\/en\/sklep\/bez-kategorii\/podest-lazienkowy-bambusowy-kratka-bambusowa\/","og_site_name":"Rad-Pal","article_modified_time":"2026-02-19T16:27:00+00:00","og_image":[{"url":"https:\/\/upload.cdn.baselinker.com\/products\/6014502\/97226927b3821ff6a166aee6ee41c69b.jpg","type":"","width":"","height":""}],"twitter_card":"summary_large_image","twitter_misc":{"Estimated reading time":"2 minutes"},"schema":{"@context":"https:\/\/schema.org","@graph":[{"@type":"WebPage","@id":"https:\/\/rad-pal.com.pl\/sklep\/bez-kategorii\/podest-lazienkowy-bambusowy-kratka-bambusowa\/","url":"https:\/\/rad-pal.com.pl\/sklep\/bez-kategorii\/podest-lazienkowy-bambusowy-kratka-bambusowa\/","name":"PODEST \u0141AZIENKOWY BAMBUSOWY KRATKA BAMBUSOWA - Rad-Pal","isPartOf":{"@id":"https:\/\/rad-pal.com.pl\/#website"},"primaryImageOfPage":{"@id":"https:\/\/rad-pal.com.pl\/sklep\/bez-kategorii\/podest-lazienkowy-bambusowy-kratka-bambusowa\/#primaryimage"},"image":{"@id":"https:\/\/rad-pal.com.pl\/sklep\/bez-kategorii\/podest-lazienkowy-bambusowy-kratka-bambusowa\/#primaryimage"},"thumbnailUrl":"https:\/\/rad-pal.com.pl\/wp-content\/uploads\/2026\/02\/255d1a057b7cec063ad67c5a21ee36cf.jpg","datePublished":"2026-02-19T15:28:09+00:00","dateModified":"2026-02-19T16:27:00+00:00","breadcrumb":{"@id":"https:\/\/rad-pal.com.pl\/sklep\/bez-kategorii\/podest-lazienkowy-bambusowy-kratka-bambusowa\/#breadcrumb"},"inLanguage":"en-GB","potentialAction":[{"@type":"ReadAction","target":["https:\/\/rad-pal.com.pl\/sklep\/bez-kategorii\/podest-lazienkowy-bambusowy-kratka-bambusowa\/"]}]},{"@type":"ImageObject","inLanguage":"en-GB","@id":"https:\/\/rad-pal.com.pl\/sklep\/bez-kategorii\/podest-lazienkowy-bambusowy-kratka-bambusowa\/#primaryimage","url":"https:\/\/rad-pal.com.pl\/wp-content\/uploads\/2026\/02\/255d1a057b7cec063ad67c5a21ee36cf.jpg","contentUrl":"https:\/\/rad-pal.com.pl\/wp-content\/uploads\/2026\/02\/255d1a057b7cec063ad67c5a21ee36cf.jpg","width":681,"height":681,"caption":"abe4a4b49f690d6103a3738fd6c7140e"},{"@type":"BreadcrumbList","@id":"https:\/\/rad-pal.com.pl\/sklep\/bez-kategorii\/podest-lazienkowy-bambusowy-kratka-bambusowa\/#breadcrumb","itemListElement":[{"@type":"ListItem","position":1,"name":"Strona g\u0142\u00f3wna","item":"https:\/\/rad-pal.com.pl\/"},{"@type":"ListItem","position":2,"name":"Sklep","item":"https:\/\/rad-pal.com.pl\/sklep\/"},{"@type":"ListItem","position":3,"name":"PODEST \u0141AZIENKOWY BAMBUSOWY KRATKA BAMBUSOWA"}]},{"@type":"WebSite","@id":"https:\/\/rad-pal.com.pl\/#website","url":"https:\/\/rad-pal.com.pl\/","name":"Rad-Pal","description":"","publisher":{"@id":"https:\/\/rad-pal.com.pl\/#organization"},"potentialAction":[{"@type":"SearchAction","target":{"@type":"EntryPoint","urlTemplate":"https:\/\/rad-pal.com.pl\/?s={search_term_string}"},"query-input":{"@type":"PropertyValueSpecification","valueRequired":true,"valueName":"search_term_string"}}],"inLanguage":"en-GB"},{"@type":"Organization","@id":"https:\/\/rad-pal.com.pl\/#organization","name":"Rad-Pal","url":"https:\/\/rad-pal.com.pl\/","logo":{"@type":"ImageObject","inLanguage":"en-GB","@id":"https:\/\/rad-pal.com.pl\/#\/schema\/logo\/image\/","url":"https:\/\/rad-pal.com.pl\/wp-content\/uploads\/2026\/03\/Projekt-bez-nazwy-30.webp","contentUrl":"https:\/\/rad-pal.com.pl\/wp-content\/uploads\/2026\/03\/Projekt-bez-nazwy-30.webp","width":600,"height":210,"caption":"Rad-Pal"},"image":{"@id":"https:\/\/rad-pal.com.pl\/#\/schema\/logo\/image\/"}}]}},"_links":{"self":[{"href":"https:\/\/rad-pal.com.pl\/en\/wp-json\/wp\/v2\/product\/33456","targetHints":{"allow":["GET"]}}],"collection":[{"href":"https:\/\/rad-pal.com.pl\/en\/wp-json\/wp\/v2\/product"}],"about":[{"href":"https:\/\/rad-pal.com.pl\/en\/wp-json\/wp\/v2\/types\/product"}],"version-history":[{"count":0,"href":"https:\/\/rad-pal.com.pl\/en\/wp-json\/wp\/v2\/product\/33456\/revisions"}],"wp:featuredmedia":[{"embeddable":true,"href":"https:\/\/rad-pal.com.pl\/en\/wp-json\/wp\/v2\/media\/33449"}],"wp:attachment":[{"href":"https:\/\/rad-pal.com.pl\/en\/wp-json\/wp\/v2\/media?parent=33456"}],"wp:term":[{"taxonomy":"product_brand","embeddable":true,"href":"https:\/\/rad-pal.com.pl\/en\/wp-json\/wp\/v2\/product_brand?post=33456"},{"taxonomy":"product_cat","embeddable":true,"href":"https:\/\/rad-pal.com.pl\/en\/wp-json\/wp\/v2\/product_cat?post=33456"},{"taxonomy":"product_tag","embeddable":true,"href":"https:\/\/rad-pal.com.pl\/en\/wp-json\/wp\/v2\/product_tag?post=33456"}],"curies":[{"name":"wp","href":"https:\/\/api.w.org\/{rel}","templated":true}]}}