{"id":33598,"date":"2026-02-19T16:34:13","date_gmt":"2026-02-19T15:34:13","guid":{"rendered":"https:\/\/rad-pal.com.pl\/sklep\/bez-kategorii\/relaxdays-stolek-skladany-antyposlizgowy\/"},"modified":"2026-03-01T19:26:06","modified_gmt":"2026-03-01T18:26:06","slug":"relaxdays-stolek-skladany-antyposlizgowy","status":"publish","type":"product","link":"https:\/\/rad-pal.com.pl\/en\/sklep\/dziecko\/zdrowie-i-higiena\/kapiel-i-higiena\/podesty\/relaxdays-stolek-skladany-antyposlizgowy\/","title":{"rendered":"Relaxdays Sto\u0142ek sk\u0142adany, antypo\u015blizgowy"},"content":{"rendered":"<section class=\"section\">\n<div class=\"item item-12\">\n<section class=\"text-item\">\n<p>\u2733\ufe0fDzi\u0119ki temu sk\u0142adanemu sto\u0142kowi ze schodkiem otrzymasz praktyczny przedmiot do u\u017cytku domowego. Jasnor\u00f3\u017cowy sto\u0142ek ze schodkiem mo\u017cna b\u0142yskawicznie roz\u0142o\u017cy\u0107 i u\u0142atwia dotarcie do wysokich p\u00f3\u0142ek szafek czy rega\u0142\u00f3w. Dodatkowo taboret \u0142azienkowy u\u0142atwia dzieciom dotarcie do umywalki czy siedzenie na sedesie. Warstwa antypo\u015blizgowa sprawia, \u017ce \u200b\u200bmo\u017cna na niej bezpiecznie stan\u0105\u0107. A je\u015bli nie b\u0119dziesz potrzebowa\u0142 sto\u0142ka przez jaki\u015b czas, mo\u017cesz go z\u0142o\u017cy\u0107 i przechowywa\u0107, aby zaoszcz\u0119dzi\u0107 miejsce. Szczeg\u00f3\u0142owo sk\u0142adany stopie\u0144 &#8211; Wymiary ca\u0142kowite wys. x szer. x g\u0142.: ok. 32,5 x 37 x 30 cm &#8211; Wymiary z\u0142o\u017conego wys. x szer. x g\u0142.: ok. 44,5 x 37 x 4 cm &#8211; Wymiary stopnia szer. x g\u0142.: ok. 29 x 22 cm &#8211; Maks. no\u015bno\u015b\u0107: ok. 120 kg &#8211; Waga: ok. 1,5 kg &#8211; Materia\u0142: tworzywo sztuczne (PP)<\/p>\n<p>\u27a1\ufe0f Kolor: jasnor\u00f3\u017cowy, bia\u0142y<\/p>\n<p>\u27a1\ufe0fUniwersalny sto\u0142ek ze schodkiem z uchwytem<\/p>\n<p>\u27a1\ufe0f Uniwersalny sto\u0142ek do gospodarstwa domowego<\/p>\n<p>\u27a1\ufe0fSk\u0142adany i przeno\u015bny zajmuj\u0105cy ma\u0142o miejsca<\/p>\n<p>\u27a1\ufe0fSzczeg\u00f3lnie stabilny sto\u0142ek wykonany z wytrzyma\u0142ego tworzywa sztucznego<\/p>\n<p>\u27a1\ufe0fNadaje si\u0119 do kuchni, \u0142azienki, ogrodu lub na kemping<\/p>\n<p>\u27a1\ufe0fWarstwa antypo\u015blizgowa do wi\u0119cej bezpiecze\u0144stwo<\/p>\n<\/section><\/div>\n<\/section>\n<section class=\"section\">\n<div class=\"item item-12\">\n<section class=\"text-item\">\n<p>8<\/p>\n<\/section><\/div>\n<\/section>","protected":false},"excerpt":{"rendered":"<p>\u2733\ufe0fDzi\u0119ki temu sk\u0142adanemu sto\u0142kowi ze schodkiem otrzymasz praktyczny przedmiot do u\u017cytku domowego. Jasnor\u00f3\u017cowy sto\u0142ek ze schodkiem mo\u017cna b\u0142yskawicznie roz\u0142o\u017cy\u0107 i<\/p>","protected":false},"featured_media":33597,"template":"","meta":[],"product_brand":[],"product_cat":[81,461,462,460],"product_tag":[],"class_list":{"0":"post-33598","1":"product","2":"type-product","3":"status-publish","4":"has-post-thumbnail","6":"product_cat-dziecko","7":"product_cat-kapiel-i-higiena","8":"product_cat-podesty","9":"product_cat-zdrowie-i-higiena","11":"first","12":"instock","13":"taxable","14":"shipping-taxable","15":"purchasable","16":"product-type-simple"},"yoast_head":"<!-- This site is optimized with the Yoast SEO plugin v25.7 - https:\/\/yoast.com\/wordpress\/plugins\/seo\/ -->\n<title>Relaxdays Sto\u0142ek sk\u0142adany, antypo\u015blizgowy - Rad-Pal<\/title>\n<meta name=\"robots\" content=\"index, follow, max-snippet:-1, max-image-preview:large, max-video-preview:-1\" \/>\n<link rel=\"canonical\" href=\"https:\/\/rad-pal.com.pl\/en\/sklep\/bez-kategorii\/relaxdays-stolek-skladany-antyposlizgowy\/\" \/>\n<meta property=\"og:locale\" content=\"en_GB\" \/>\n<meta property=\"og:type\" content=\"article\" \/>\n<meta property=\"og:title\" content=\"Relaxdays Sto\u0142ek sk\u0142adany, antypo\u015blizgowy - Rad-Pal\" \/>\n<meta property=\"og:description\" content=\"\u2733\ufe0fDzi\u0119ki temu sk\u0142adanemu sto\u0142kowi ze schodkiem otrzymasz praktyczny przedmiot do u\u017cytku domowego. Jasnor\u00f3\u017cowy sto\u0142ek ze schodkiem mo\u017cna b\u0142yskawicznie roz\u0142o\u017cy\u0107 i\" \/>\n<meta property=\"og:url\" content=\"https:\/\/rad-pal.com.pl\/en\/sklep\/bez-kategorii\/relaxdays-stolek-skladany-antyposlizgowy\/\" \/>\n<meta property=\"og:site_name\" content=\"Rad-Pal\" \/>\n<meta property=\"article:modified_time\" content=\"2026-03-01T18:26:06+00:00\" \/>\n<meta property=\"og:image\" content=\"https:\/\/rad-pal.com.pl\/wp-content\/uploads\/2026\/03\/Projekt-bez-nazwy-30.webp\" \/>\n\t<meta property=\"og:image:width\" content=\"600\" \/>\n\t<meta property=\"og:image:height\" content=\"210\" \/>\n\t<meta property=\"og:image:type\" content=\"image\/webp\" \/>\n<meta name=\"twitter:card\" content=\"summary_large_image\" \/>\n<meta name=\"twitter:label1\" content=\"Estimated reading time\" \/>\n\t<meta name=\"twitter:data1\" content=\"1 minute\" \/>\n<script type=\"application\/ld+json\" class=\"yoast-schema-graph\">{\"@context\":\"https:\/\/schema.org\",\"@graph\":[{\"@type\":\"WebPage\",\"@id\":\"https:\/\/rad-pal.com.pl\/sklep\/bez-kategorii\/relaxdays-stolek-skladany-antyposlizgowy\/\",\"url\":\"https:\/\/rad-pal.com.pl\/sklep\/bez-kategorii\/relaxdays-stolek-skladany-antyposlizgowy\/\",\"name\":\"Relaxdays Sto\u0142ek sk\u0142adany, antypo\u015blizgowy - Rad-Pal\",\"isPartOf\":{\"@id\":\"https:\/\/rad-pal.com.pl\/#website\"},\"primaryImageOfPage\":{\"@id\":\"https:\/\/rad-pal.com.pl\/sklep\/bez-kategorii\/relaxdays-stolek-skladany-antyposlizgowy\/#primaryimage\"},\"image\":{\"@id\":\"https:\/\/rad-pal.com.pl\/sklep\/bez-kategorii\/relaxdays-stolek-skladany-antyposlizgowy\/#primaryimage\"},\"thumbnailUrl\":\"https:\/\/rad-pal.com.pl\/wp-content\/uploads\/2026\/02\/d7869e84e1d6b43ff5412c4dd766a034.jpg\",\"datePublished\":\"2026-02-19T15:34:13+00:00\",\"dateModified\":\"2026-03-01T18:26:06+00:00\",\"breadcrumb\":{\"@id\":\"https:\/\/rad-pal.com.pl\/sklep\/bez-kategorii\/relaxdays-stolek-skladany-antyposlizgowy\/#breadcrumb\"},\"inLanguage\":\"en-GB\",\"potentialAction\":[{\"@type\":\"ReadAction\",\"target\":[\"https:\/\/rad-pal.com.pl\/sklep\/bez-kategorii\/relaxdays-stolek-skladany-antyposlizgowy\/\"]}]},{\"@type\":\"ImageObject\",\"inLanguage\":\"en-GB\",\"@id\":\"https:\/\/rad-pal.com.pl\/sklep\/bez-kategorii\/relaxdays-stolek-skladany-antyposlizgowy\/#primaryimage\",\"url\":\"https:\/\/rad-pal.com.pl\/wp-content\/uploads\/2026\/02\/d7869e84e1d6b43ff5412c4dd766a034.jpg\",\"contentUrl\":\"https:\/\/rad-pal.com.pl\/wp-content\/uploads\/2026\/02\/d7869e84e1d6b43ff5412c4dd766a034.jpg\",\"width\":522,\"height\":487,\"caption\":\"11d7910ef62bc3edb9748750beaceba8\"},{\"@type\":\"BreadcrumbList\",\"@id\":\"https:\/\/rad-pal.com.pl\/sklep\/bez-kategorii\/relaxdays-stolek-skladany-antyposlizgowy\/#breadcrumb\",\"itemListElement\":[{\"@type\":\"ListItem\",\"position\":1,\"name\":\"Strona g\u0142\u00f3wna\",\"item\":\"https:\/\/rad-pal.com.pl\/\"},{\"@type\":\"ListItem\",\"position\":2,\"name\":\"Sklep\",\"item\":\"https:\/\/rad-pal.com.pl\/sklep\/\"},{\"@type\":\"ListItem\",\"position\":3,\"name\":\"Relaxdays Sto\u0142ek sk\u0142adany, antypo\u015blizgowy\"}]},{\"@type\":\"WebSite\",\"@id\":\"https:\/\/rad-pal.com.pl\/#website\",\"url\":\"https:\/\/rad-pal.com.pl\/\",\"name\":\"Rad-Pal\",\"description\":\"\",\"publisher\":{\"@id\":\"https:\/\/rad-pal.com.pl\/#organization\"},\"potentialAction\":[{\"@type\":\"SearchAction\",\"target\":{\"@type\":\"EntryPoint\",\"urlTemplate\":\"https:\/\/rad-pal.com.pl\/?s={search_term_string}\"},\"query-input\":{\"@type\":\"PropertyValueSpecification\",\"valueRequired\":true,\"valueName\":\"search_term_string\"}}],\"inLanguage\":\"en-GB\"},{\"@type\":\"Organization\",\"@id\":\"https:\/\/rad-pal.com.pl\/#organization\",\"name\":\"Rad-Pal\",\"url\":\"https:\/\/rad-pal.com.pl\/\",\"logo\":{\"@type\":\"ImageObject\",\"inLanguage\":\"en-GB\",\"@id\":\"https:\/\/rad-pal.com.pl\/#\/schema\/logo\/image\/\",\"url\":\"https:\/\/rad-pal.com.pl\/wp-content\/uploads\/2026\/03\/Projekt-bez-nazwy-30.webp\",\"contentUrl\":\"https:\/\/rad-pal.com.pl\/wp-content\/uploads\/2026\/03\/Projekt-bez-nazwy-30.webp\",\"width\":600,\"height\":210,\"caption\":\"Rad-Pal\"},\"image\":{\"@id\":\"https:\/\/rad-pal.com.pl\/#\/schema\/logo\/image\/\"}}]}<\/script>\n<!-- \/ Yoast SEO plugin. -->","yoast_head_json":{"title":"Relaxdays Sto\u0142ek sk\u0142adany, antypo\u015blizgowy - Rad-Pal","robots":{"index":"index","follow":"follow","max-snippet":"max-snippet:-1","max-image-preview":"max-image-preview:large","max-video-preview":"max-video-preview:-1"},"canonical":"https:\/\/rad-pal.com.pl\/en\/sklep\/bez-kategorii\/relaxdays-stolek-skladany-antyposlizgowy\/","og_locale":"en_GB","og_type":"article","og_title":"Relaxdays Sto\u0142ek sk\u0142adany, antypo\u015blizgowy - Rad-Pal","og_description":"\u2733\ufe0fDzi\u0119ki temu sk\u0142adanemu sto\u0142kowi ze schodkiem otrzymasz praktyczny przedmiot do u\u017cytku domowego. Jasnor\u00f3\u017cowy sto\u0142ek ze schodkiem mo\u017cna b\u0142yskawicznie roz\u0142o\u017cy\u0107 i","og_url":"https:\/\/rad-pal.com.pl\/en\/sklep\/bez-kategorii\/relaxdays-stolek-skladany-antyposlizgowy\/","og_site_name":"Rad-Pal","article_modified_time":"2026-03-01T18:26:06+00:00","og_image":[{"width":600,"height":210,"url":"https:\/\/rad-pal.com.pl\/wp-content\/uploads\/2026\/03\/Projekt-bez-nazwy-30.webp","type":"image\/webp"}],"twitter_card":"summary_large_image","twitter_misc":{"Estimated reading time":"1 minute"},"schema":{"@context":"https:\/\/schema.org","@graph":[{"@type":"WebPage","@id":"https:\/\/rad-pal.com.pl\/sklep\/bez-kategorii\/relaxdays-stolek-skladany-antyposlizgowy\/","url":"https:\/\/rad-pal.com.pl\/sklep\/bez-kategorii\/relaxdays-stolek-skladany-antyposlizgowy\/","name":"Relaxdays Sto\u0142ek sk\u0142adany, antypo\u015blizgowy - Rad-Pal","isPartOf":{"@id":"https:\/\/rad-pal.com.pl\/#website"},"primaryImageOfPage":{"@id":"https:\/\/rad-pal.com.pl\/sklep\/bez-kategorii\/relaxdays-stolek-skladany-antyposlizgowy\/#primaryimage"},"image":{"@id":"https:\/\/rad-pal.com.pl\/sklep\/bez-kategorii\/relaxdays-stolek-skladany-antyposlizgowy\/#primaryimage"},"thumbnailUrl":"https:\/\/rad-pal.com.pl\/wp-content\/uploads\/2026\/02\/d7869e84e1d6b43ff5412c4dd766a034.jpg","datePublished":"2026-02-19T15:34:13+00:00","dateModified":"2026-03-01T18:26:06+00:00","breadcrumb":{"@id":"https:\/\/rad-pal.com.pl\/sklep\/bez-kategorii\/relaxdays-stolek-skladany-antyposlizgowy\/#breadcrumb"},"inLanguage":"en-GB","potentialAction":[{"@type":"ReadAction","target":["https:\/\/rad-pal.com.pl\/sklep\/bez-kategorii\/relaxdays-stolek-skladany-antyposlizgowy\/"]}]},{"@type":"ImageObject","inLanguage":"en-GB","@id":"https:\/\/rad-pal.com.pl\/sklep\/bez-kategorii\/relaxdays-stolek-skladany-antyposlizgowy\/#primaryimage","url":"https:\/\/rad-pal.com.pl\/wp-content\/uploads\/2026\/02\/d7869e84e1d6b43ff5412c4dd766a034.jpg","contentUrl":"https:\/\/rad-pal.com.pl\/wp-content\/uploads\/2026\/02\/d7869e84e1d6b43ff5412c4dd766a034.jpg","width":522,"height":487,"caption":"11d7910ef62bc3edb9748750beaceba8"},{"@type":"BreadcrumbList","@id":"https:\/\/rad-pal.com.pl\/sklep\/bez-kategorii\/relaxdays-stolek-skladany-antyposlizgowy\/#breadcrumb","itemListElement":[{"@type":"ListItem","position":1,"name":"Strona g\u0142\u00f3wna","item":"https:\/\/rad-pal.com.pl\/"},{"@type":"ListItem","position":2,"name":"Sklep","item":"https:\/\/rad-pal.com.pl\/sklep\/"},{"@type":"ListItem","position":3,"name":"Relaxdays Sto\u0142ek sk\u0142adany, antypo\u015blizgowy"}]},{"@type":"WebSite","@id":"https:\/\/rad-pal.com.pl\/#website","url":"https:\/\/rad-pal.com.pl\/","name":"Rad-Pal","description":"","publisher":{"@id":"https:\/\/rad-pal.com.pl\/#organization"},"potentialAction":[{"@type":"SearchAction","target":{"@type":"EntryPoint","urlTemplate":"https:\/\/rad-pal.com.pl\/?s={search_term_string}"},"query-input":{"@type":"PropertyValueSpecification","valueRequired":true,"valueName":"search_term_string"}}],"inLanguage":"en-GB"},{"@type":"Organization","@id":"https:\/\/rad-pal.com.pl\/#organization","name":"Rad-Pal","url":"https:\/\/rad-pal.com.pl\/","logo":{"@type":"ImageObject","inLanguage":"en-GB","@id":"https:\/\/rad-pal.com.pl\/#\/schema\/logo\/image\/","url":"https:\/\/rad-pal.com.pl\/wp-content\/uploads\/2026\/03\/Projekt-bez-nazwy-30.webp","contentUrl":"https:\/\/rad-pal.com.pl\/wp-content\/uploads\/2026\/03\/Projekt-bez-nazwy-30.webp","width":600,"height":210,"caption":"Rad-Pal"},"image":{"@id":"https:\/\/rad-pal.com.pl\/#\/schema\/logo\/image\/"}}]}},"_links":{"self":[{"href":"https:\/\/rad-pal.com.pl\/en\/wp-json\/wp\/v2\/product\/33598","targetHints":{"allow":["GET"]}}],"collection":[{"href":"https:\/\/rad-pal.com.pl\/en\/wp-json\/wp\/v2\/product"}],"about":[{"href":"https:\/\/rad-pal.com.pl\/en\/wp-json\/wp\/v2\/types\/product"}],"version-history":[{"count":0,"href":"https:\/\/rad-pal.com.pl\/en\/wp-json\/wp\/v2\/product\/33598\/revisions"}],"wp:featuredmedia":[{"embeddable":true,"href":"https:\/\/rad-pal.com.pl\/en\/wp-json\/wp\/v2\/media\/33597"}],"wp:attachment":[{"href":"https:\/\/rad-pal.com.pl\/en\/wp-json\/wp\/v2\/media?parent=33598"}],"wp:term":[{"taxonomy":"product_brand","embeddable":true,"href":"https:\/\/rad-pal.com.pl\/en\/wp-json\/wp\/v2\/product_brand?post=33598"},{"taxonomy":"product_cat","embeddable":true,"href":"https:\/\/rad-pal.com.pl\/en\/wp-json\/wp\/v2\/product_cat?post=33598"},{"taxonomy":"product_tag","embeddable":true,"href":"https:\/\/rad-pal.com.pl\/en\/wp-json\/wp\/v2\/product_tag?post=33598"}],"curies":[{"name":"wp","href":"https:\/\/api.w.org\/{rel}","templated":true}]}}